{"id":9187,"date":"2021-11-28T00:17:13","date_gmt":"2021-11-28T00:17:13","guid":{"rendered":"https:\/\/maxani.nl\/?post_type=product&#038;p=9187"},"modified":"2026-01-05T08:52:20","modified_gmt":"2026-01-05T08:52:20","slug":"maxani-eye-skin-cream","status":"publish","type":"product","link":"https:\/\/maxani.nl\/pt\/produto\/maxani-eye-skin-cream\/","title":{"rendered":"Maxani Creme para a pele dos olhos"},"content":{"rendered":"<p>O creme coloca uma camada protetora natural sobre a pele vermelha e irritada \u00e0 volta dos olhos e protege a pele da irrita\u00e7\u00e3o provocada pelo excesso de fluido lacrimal, muco e res\u00edduos de medicamentos para os olhos. O creme protege, nutre, hidrata e condiciona intensamente a pele atrav\u00e9s da poderosa combina\u00e7\u00e3o de tr\u00eas subst\u00e2ncias particularmente calmantes. O \u00f3leo de sementes de Helanthus annuus cont\u00e9m ester\u00f3is vegetais e esqualeno e ajuda a melhorar as fun\u00e7\u00f5es de barreira da pele. A Hamamelis acalma e ajuda a aliviar a inflama\u00e7\u00e3o. A alanto\u00edna \u00e9 um bom esfoliante, que acalma a pele e apoia a capacidade natural de repara\u00e7\u00e3o da pele. Al\u00e9m disso, o creme \u00e9 rico em emolientes e hidratantes fortes, como o mel, a manteiga de karit\u00e9, o pantenol, a vitamina E e o \u00f3leo de jojoba. Se o creme entrar acidentalmente em contacto com os olhos, n\u00e3o causa irrita\u00e7\u00e3o. O creme n\u00e3o cont\u00e9m conservantes irritantes, \u00e1lcool e fragr\u00e2ncias.<\/p>\n<p><strong>Utiliza\u00e7\u00e3o<br \/>\n<\/strong>Limpe cuidadosamente a pele irritada e seque-a. Aplicar o creme 2 a 3 vezes por dia na pele irritada. Em caso de contacto com os olhos, o creme n\u00e3o causa irrita\u00e7\u00e3o.<\/p>\n<span class=\"wppb-content-restriction-message\"><p data-opacity=\"0.5\">Para mais informa\u00e7\u00f5es, \u00e9 necess\u00e1rio iniciar sess\u00e3o<\/p>\n<\/span>","protected":false},"excerpt":{"rendered":"<p>O creme coloca uma camada protetora natural sobre a pele vermelha e irritada \u00e0 volta dos olhos e protege a pele da irrita\u00e7\u00e3o causada pelo excesso de fluido lacrimal, muco e res\u00edduos de medicamentos para os olhos. O creme protege, nutre, hidrata e cuida intensamente da pele gra\u00e7as \u00e0 poderosa combina\u00e7\u00e3o de tr\u00eas subst\u00e2ncias particularmente calmantes.<\/p>\n<p>O \u00f3leo de sementes de Helanthus Annuus cont\u00e9m ester\u00f3is vegetais e esqualeno e ajuda a melhorar as fun\u00e7\u00f5es de barreira da pele. A Hamamelis acalma e ajuda a aliviar a inflama\u00e7\u00e3o. A alanto\u00edna \u00e9 um bom esfoliante, suavizando a pele e apoiando a capacidade natural de repara\u00e7\u00e3o da pele. O creme \u00e9 tamb\u00e9m rico em emolientes e hidratantes fortes, como o mel, a manteiga de karit\u00e9, o pantenol, a vitamina E e o \u00f3leo de jojoba.<\/p>\n<p>Se o creme entrar acidentalmente em contacto com os olhos, n\u00e3o os irrita. O creme n\u00e3o cont\u00e9m conservantes irritantes, \u00e1lcool ou fragr\u00e2ncias.<\/p>\n<span class=\"wppb-shortcode-restriction-message\"> <\/span>","protected":false},"featured_media":11894,"template":"","meta":[],"product_brand":[],"product_cat":[15,29,63],"product_tag":[210,213,212,211,214],"class_list":{"0":"post-9187","1":"product","2":"type-product","3":"status-publish","4":"has-post-thumbnail","6":"product_cat-alle-producten","7":"product_cat-maxani","8":"product_cat-oog","9":"product_tag-210","10":"product_tag-bescherming","11":"product_tag-eye-skin","12":"product_tag-ogen","13":"product_tag-urinebrand","15":"first","16":"instock","17":"taxable","18":"shipping-taxable","19":"product-type-simple"},"yoast_head":"<!-- This site is optimized with the Yoast SEO plugin v27.1.1 - https:\/\/yoast.com\/product\/yoast-seo-wordpress\/ -->\n<title>Maxani Eye skin cream - Maxani Animal Healthcare BV<\/title>\n<meta name=\"robots\" content=\"index, follow, max-snippet:-1, max-image-preview:large, max-video-preview:-1\" \/>\n<link rel=\"canonical\" href=\"https:\/\/maxani.nl\/pt\/produto\/maxani-eye-skin-cream\/\" \/>\n<meta property=\"og:locale\" content=\"pt_PT\" \/>\n<meta property=\"og:type\" content=\"article\" \/>\n<meta property=\"og:title\" content=\"Maxani Eye skin cream - Maxani Animal Healthcare BV\" \/>\n<meta property=\"og:description\" content=\"De cr\u00e8me legt een natuurlijke, beschermende laag over de rode en ge\u00efrriteerde huid rondom de ogen en beschermt de huid tegen irritatie van overtollig traanvocht, slijm en restanten van oogmedicatie. De cr\u00e8me beschermt, voedt, hydrateert en verzorgt de huid intensief door de krachtige combinatie van drie bijzonder kalmerende stoffen.  Helanthus Annuus seed oil bevat plantensterolen en sqyaleen en helpt de huidbarri\u00e8refuncties van de huid te verbeteren. Hamamelis verzacht en helpt ontsteking te verlichten. Allanto\u00efne is een goede exfoliant, die de huid verzacht en het natuurlijk herstellend vermogen van de huid ondersteunt. Daarnaast is de cr\u00e8me rijk gevuld met verzachtende en sterk hydraterende stoffen als honing, shea butter, panthenol, vitamine E en jojoba olie.  Mocht de cr\u00e8me per ongeluk in het oog komen irriteert deze niet. De cr\u00e8me bevat geen irriterende conservering, alcohol en geurstoffen.\" \/>\n<meta property=\"og:url\" content=\"https:\/\/maxani.nl\/pt\/produto\/maxani-eye-skin-cream\/\" \/>\n<meta property=\"og:site_name\" content=\"Maxani Animal Healthcare BV\" \/>\n<meta property=\"article:modified_time\" content=\"2026-01-05T08:52:20+00:00\" \/>\n<meta property=\"og:image\" content=\"https:\/\/maxani.nl\/wp-content\/uploads\/2023\/01\/Maxani-Eye-Skin-Cream-15ml.jpg\" \/>\n\t<meta property=\"og:image:width\" content=\"1080\" \/>\n\t<meta property=\"og:image:height\" content=\"1080\" \/>\n\t<meta property=\"og:image:type\" content=\"image\/jpeg\" \/>\n<meta name=\"twitter:card\" content=\"summary_large_image\" \/>\n<meta name=\"twitter:label1\" content=\"Tempo estimado de leitura\" \/>\n\t<meta name=\"twitter:data1\" content=\"3 minutos\" \/>\n<script type=\"application\/ld+json\" class=\"yoast-schema-graph\">{\"@context\":\"https:\/\/schema.org\",\"@graph\":[{\"@type\":\"WebPage\",\"@id\":\"https:\/\/maxani.nl\/product\/maxani-eye-skin-cream\/\",\"url\":\"https:\/\/maxani.nl\/product\/maxani-eye-skin-cream\/\",\"name\":\"Maxani Eye skin cream - Maxani Animal Healthcare BV\",\"isPartOf\":{\"@id\":\"https:\/\/maxani.nl\/#website\"},\"primaryImageOfPage\":{\"@id\":\"https:\/\/maxani.nl\/product\/maxani-eye-skin-cream\/#primaryimage\"},\"image\":{\"@id\":\"https:\/\/maxani.nl\/product\/maxani-eye-skin-cream\/#primaryimage\"},\"thumbnailUrl\":\"https:\/\/maxani.nl\/wp-content\/uploads\/2023\/01\/Maxani-Eye-Skin-Cream-15ml.jpg\",\"datePublished\":\"2021-11-28T00:17:13+00:00\",\"dateModified\":\"2026-01-05T08:52:20+00:00\",\"breadcrumb\":{\"@id\":\"https:\/\/maxani.nl\/product\/maxani-eye-skin-cream\/#breadcrumb\"},\"inLanguage\":\"pt-PT\",\"potentialAction\":[{\"@type\":\"ReadAction\",\"target\":[\"https:\/\/maxani.nl\/product\/maxani-eye-skin-cream\/\"]}]},{\"@type\":\"ImageObject\",\"inLanguage\":\"pt-PT\",\"@id\":\"https:\/\/maxani.nl\/product\/maxani-eye-skin-cream\/#primaryimage\",\"url\":\"https:\/\/maxani.nl\/wp-content\/uploads\/2023\/01\/Maxani-Eye-Skin-Cream-15ml.jpg\",\"contentUrl\":\"https:\/\/maxani.nl\/wp-content\/uploads\/2023\/01\/Maxani-Eye-Skin-Cream-15ml.jpg\",\"width\":1080,\"height\":1080},{\"@type\":\"BreadcrumbList\",\"@id\":\"https:\/\/maxani.nl\/product\/maxani-eye-skin-cream\/#breadcrumb\",\"itemListElement\":[{\"@type\":\"ListItem\",\"position\":1,\"name\":\"Home\",\"item\":\"https:\/\/maxani.nl\/\"},{\"@type\":\"ListItem\",\"position\":2,\"name\":\"Webshop\",\"item\":\"https:\/\/maxani.nl\/webshop\/\"},{\"@type\":\"ListItem\",\"position\":3,\"name\":\"Maxani Eye skin cream\"}]},{\"@type\":\"WebSite\",\"@id\":\"https:\/\/maxani.nl\/#website\",\"url\":\"https:\/\/maxani.nl\/\",\"name\":\"Maxani Animal Healthcare BV\",\"description\":\"Uw partner in veterinaire dermatologie\",\"potentialAction\":[{\"@type\":\"SearchAction\",\"target\":{\"@type\":\"EntryPoint\",\"urlTemplate\":\"https:\/\/maxani.nl\/?s={search_term_string}\"},\"query-input\":{\"@type\":\"PropertyValueSpecification\",\"valueRequired\":true,\"valueName\":\"search_term_string\"}}],\"inLanguage\":\"pt-PT\"}]}<\/script>\n<!-- \/ Yoast SEO plugin. -->","yoast_head_json":{"title":"Maxani Eye skin cream - Maxani Animal Healthcare BV","robots":{"index":"index","follow":"follow","max-snippet":"max-snippet:-1","max-image-preview":"max-image-preview:large","max-video-preview":"max-video-preview:-1"},"canonical":"https:\/\/maxani.nl\/pt\/produto\/maxani-eye-skin-cream\/","og_locale":"pt_PT","og_type":"article","og_title":"Maxani Eye skin cream - Maxani Animal Healthcare BV","og_description":"De cr\u00e8me legt een natuurlijke, beschermende laag over de rode en ge\u00efrriteerde huid rondom de ogen en beschermt de huid tegen irritatie van overtollig traanvocht, slijm en restanten van oogmedicatie. De cr\u00e8me beschermt, voedt, hydrateert en verzorgt de huid intensief door de krachtige combinatie van drie bijzonder kalmerende stoffen.  Helanthus Annuus seed oil bevat plantensterolen en sqyaleen en helpt de huidbarri\u00e8refuncties van de huid te verbeteren. Hamamelis verzacht en helpt ontsteking te verlichten. Allanto\u00efne is een goede exfoliant, die de huid verzacht en het natuurlijk herstellend vermogen van de huid ondersteunt. Daarnaast is de cr\u00e8me rijk gevuld met verzachtende en sterk hydraterende stoffen als honing, shea butter, panthenol, vitamine E en jojoba olie.  Mocht de cr\u00e8me per ongeluk in het oog komen irriteert deze niet. De cr\u00e8me bevat geen irriterende conservering, alcohol en geurstoffen.","og_url":"https:\/\/maxani.nl\/pt\/produto\/maxani-eye-skin-cream\/","og_site_name":"Maxani Animal Healthcare BV","article_modified_time":"2026-01-05T08:52:20+00:00","og_image":[{"width":1080,"height":1080,"url":"https:\/\/maxani.nl\/wp-content\/uploads\/2023\/01\/Maxani-Eye-Skin-Cream-15ml.jpg","type":"image\/jpeg"}],"twitter_card":"summary_large_image","twitter_misc":{"Tempo estimado de leitura":"3 minutos"},"schema":{"@context":"https:\/\/schema.org","@graph":[{"@type":"WebPage","@id":"https:\/\/maxani.nl\/product\/maxani-eye-skin-cream\/","url":"https:\/\/maxani.nl\/product\/maxani-eye-skin-cream\/","name":"Maxani Eye skin cream - Maxani Animal Healthcare BV","isPartOf":{"@id":"https:\/\/maxani.nl\/#website"},"primaryImageOfPage":{"@id":"https:\/\/maxani.nl\/product\/maxani-eye-skin-cream\/#primaryimage"},"image":{"@id":"https:\/\/maxani.nl\/product\/maxani-eye-skin-cream\/#primaryimage"},"thumbnailUrl":"https:\/\/maxani.nl\/wp-content\/uploads\/2023\/01\/Maxani-Eye-Skin-Cream-15ml.jpg","datePublished":"2021-11-28T00:17:13+00:00","dateModified":"2026-01-05T08:52:20+00:00","breadcrumb":{"@id":"https:\/\/maxani.nl\/product\/maxani-eye-skin-cream\/#breadcrumb"},"inLanguage":"pt-PT","potentialAction":[{"@type":"ReadAction","target":["https:\/\/maxani.nl\/product\/maxani-eye-skin-cream\/"]}]},{"@type":"ImageObject","inLanguage":"pt-PT","@id":"https:\/\/maxani.nl\/product\/maxani-eye-skin-cream\/#primaryimage","url":"https:\/\/maxani.nl\/wp-content\/uploads\/2023\/01\/Maxani-Eye-Skin-Cream-15ml.jpg","contentUrl":"https:\/\/maxani.nl\/wp-content\/uploads\/2023\/01\/Maxani-Eye-Skin-Cream-15ml.jpg","width":1080,"height":1080},{"@type":"BreadcrumbList","@id":"https:\/\/maxani.nl\/product\/maxani-eye-skin-cream\/#breadcrumb","itemListElement":[{"@type":"ListItem","position":1,"name":"Home","item":"https:\/\/maxani.nl\/"},{"@type":"ListItem","position":2,"name":"Webshop","item":"https:\/\/maxani.nl\/webshop\/"},{"@type":"ListItem","position":3,"name":"Maxani Eye skin cream"}]},{"@type":"WebSite","@id":"https:\/\/maxani.nl\/#website","url":"https:\/\/maxani.nl\/","name":"Maxani Animal Healthcare BV","description":"O seu parceiro em dermatologia veterin\u00e1ria","potentialAction":[{"@type":"SearchAction","target":{"@type":"EntryPoint","urlTemplate":"https:\/\/maxani.nl\/?s={search_term_string}"},"query-input":{"@type":"PropertyValueSpecification","valueRequired":true,"valueName":"search_term_string"}}],"inLanguage":"pt-PT"}]}},"jetpack_sharing_enabled":true,"_links":{"self":[{"href":"https:\/\/maxani.nl\/pt\/wp-json\/wp\/v2\/product\/9187","targetHints":{"allow":["GET"]}}],"collection":[{"href":"https:\/\/maxani.nl\/pt\/wp-json\/wp\/v2\/product"}],"about":[{"href":"https:\/\/maxani.nl\/pt\/wp-json\/wp\/v2\/types\/product"}],"wp:featuredmedia":[{"embeddable":true,"href":"https:\/\/maxani.nl\/pt\/wp-json\/wp\/v2\/media\/11894"}],"wp:attachment":[{"href":"https:\/\/maxani.nl\/pt\/wp-json\/wp\/v2\/media?parent=9187"}],"wp:term":[{"taxonomy":"product_brand","embeddable":true,"href":"https:\/\/maxani.nl\/pt\/wp-json\/wp\/v2\/product_brand?post=9187"},{"taxonomy":"product_cat","embeddable":true,"href":"https:\/\/maxani.nl\/pt\/wp-json\/wp\/v2\/product_cat?post=9187"},{"taxonomy":"product_tag","embeddable":true,"href":"https:\/\/maxani.nl\/pt\/wp-json\/wp\/v2\/product_tag?post=9187"}],"curies":[{"name":"wp","href":"https:\/\/api.w.org\/{rel}","templated":true}]}}