{"id":189,"date":"2019-08-19T09:09:45","date_gmt":"2019-08-19T09:09:45","guid":{"rendered":"https:\/\/maandvandehuidverzorging.nl\/?post_type=product&#038;p=189"},"modified":"2026-01-05T08:41:46","modified_gmt":"2026-01-05T08:41:46","slug":"voetbruisballetjes-met-kamille-en-calendula","status":"publish","type":"product","link":"https:\/\/maxani.nl\/pt\/produto\/voetbruisballetjes-met-kamille-en-calendula\/","title":{"rendered":"Bombas de pata Maxani"},"content":{"rendered":"<p><strong>Indica\u00e7\u00f5es<\/strong><\/p>\n<p>Utilizar para infec\u00e7\u00f5es ligeiras dos dedos dos p\u00e9s, cut\u00edculas inflamadas, unhas cortadas ou partidas, irrita\u00e7\u00f5es ligeiras das solas e das patas. No caso de inflama\u00e7\u00f5es, por exemplo devido a um pelo de erva, as bolas de espuma podem ajudar, embebendo e limpando a pata, para al\u00e9m de qualquer medica\u00e7\u00e3o. As Paw Bombs s\u00e3o um excelente substituto para os banhos de soda ou Biotex.<\/p>\n<p><strong>Funcionamento<\/strong><\/p>\n<p>O efeito purificador do sal do Mar Morto elimina a irrita\u00e7\u00e3o da pele e as erup\u00e7\u00f5es cut\u00e2neas. Al\u00e9m disso, o sal tamb\u00e9m estimula a circula\u00e7\u00e3o sangu\u00ednea, permitindo que mais nutrientes e oxig\u00e9nio sejam absorvidos pela pele.<br \/>\nO bicarbonato de s\u00f3dio decomp\u00f5e as prote\u00ednas, eliminando as bact\u00e9rias e impedindo que novas bact\u00e9rias se instalem. A vitamina E \u00e9 um antioxidante que refor\u00e7a a barreira cut\u00e2nea e protege contra os danos da pele. O equil\u00edbrio da hidrata\u00e7\u00e3o da pele \u00e9 mantido pelo \u00f3leo de soja adicionado.<\/p>\n<p><b>Utiliza\u00e7\u00e3o<\/b><\/p>\n<p>Dissolver 1 bola em 1 a 2 litros de \u00e1gua morna. Mergulhar a pata no banho durante 5 a 10 minutos, uma ou duas vezes por dia. Em seguida, secar com uma toalha limpa. As Paw Bombs podem ser utilizadas tantas vezes quantas as necess\u00e1rias.<\/p>\n<span class=\"wppb-content-restriction-message\"><p data-opacity=\"0.5\">Para mais informa\u00e7\u00f5es, \u00e9 necess\u00e1rio iniciar sess\u00e3o<\/p>\n<\/span>","protected":false},"excerpt":{"rendered":"<p>Maxani Paw Bombs pode ser utilizado como um banho de p\u00e9s purificante para limpar a pele afetada das patas ou das solas dos p\u00e9s. A combina\u00e7\u00e3o \u00fanica de limpeza, condicionamento e hidrata\u00e7\u00e3o contribui para uma recupera\u00e7\u00e3o pr\u00f3spera. A camomila e a cal\u00eandula t\u00eam efeitos anti-inflamat\u00f3rios, condicionantes e calmantes.<\/p>\n<p><strong>Animal<\/strong>: C\u00e3o<\/p>\n<p><strong>Conte\u00fado<\/strong>: 5 st., 10 st.<\/p>\n<span class=\"wppb-shortcode-restriction-message\"> <\/span>","protected":false},"featured_media":11998,"template":"","meta":[],"product_brand":[],"product_cat":[15,29,41,35],"product_tag":[233,234,236,235],"class_list":{"0":"post-189","1":"product","2":"type-product","3":"status-publish","4":"has-post-thumbnail","6":"product_cat-alle-producten","7":"product_cat-maxani","8":"product_cat-wond-en-huidplooi","9":"product_cat-regular","10":"product_tag-233","11":"product_tag-234","12":"product_tag-paw-bombs","13":"product_tag-voetbruisballetjes","15":"first","16":"instock","17":"taxable","18":"shipping-taxable","19":"product-type-variable"},"yoast_head":"<!-- This site is optimized with the Yoast SEO plugin v27.1.1 - https:\/\/yoast.com\/product\/yoast-seo-wordpress\/ -->\n<title>Maxani Paw Bombs - Maxani Animal Healthcare BV<\/title>\n<meta name=\"robots\" content=\"index, follow, max-snippet:-1, max-image-preview:large, max-video-preview:-1\" \/>\n<link rel=\"canonical\" href=\"https:\/\/maxani.nl\/pt\/produto\/voetbruisballetjes-met-kamille-en-calendula\/\" \/>\n<meta property=\"og:locale\" content=\"pt_PT\" \/>\n<meta property=\"og:type\" content=\"article\" \/>\n<meta property=\"og:title\" content=\"Maxani Paw Bombs - Maxani Animal Healthcare BV\" \/>\n<meta property=\"og:description\" content=\"Maxani Paw Bombs zijn in te zetten als zuiverend voetenbadje om de aangedane huid van de poten of voetzolen te reinigen. De unieke combinatie van reinigen, verzorgen en hydrateren draagt bij aan een voorspoedig herstel. Kamille en calendula hebben een ontstekingsremmende, verzorgende en verzachtende werking.  Dier: Hond  Inhoud: 5 st., 10 st.\" \/>\n<meta property=\"og:url\" content=\"https:\/\/maxani.nl\/pt\/produto\/voetbruisballetjes-met-kamille-en-calendula\/\" \/>\n<meta property=\"og:site_name\" content=\"Maxani Animal Healthcare BV\" \/>\n<meta property=\"article:modified_time\" content=\"2026-01-05T08:41:46+00:00\" \/>\n<meta property=\"og:image\" content=\"https:\/\/maxani.nl\/wp-content\/uploads\/2023\/01\/Maxani-voetbruis-Paw-balls-5-en-10-stuks.jpg\" \/>\n\t<meta property=\"og:image:width\" content=\"1080\" \/>\n\t<meta property=\"og:image:height\" content=\"1080\" \/>\n\t<meta property=\"og:image:type\" content=\"image\/jpeg\" \/>\n<meta name=\"twitter:card\" content=\"summary_large_image\" \/>\n<meta name=\"twitter:label1\" content=\"Tempo estimado de leitura\" \/>\n\t<meta name=\"twitter:data1\" content=\"3 minutos\" \/>\n<script type=\"application\/ld+json\" class=\"yoast-schema-graph\">{\"@context\":\"https:\/\/schema.org\",\"@graph\":[{\"@type\":\"WebPage\",\"@id\":\"https:\/\/maxani.nl\/product\/voetbruisballetjes-met-kamille-en-calendula\/\",\"url\":\"https:\/\/maxani.nl\/product\/voetbruisballetjes-met-kamille-en-calendula\/\",\"name\":\"Maxani Paw Bombs - Maxani Animal Healthcare BV\",\"isPartOf\":{\"@id\":\"https:\/\/maxani.nl\/#website\"},\"primaryImageOfPage\":{\"@id\":\"https:\/\/maxani.nl\/product\/voetbruisballetjes-met-kamille-en-calendula\/#primaryimage\"},\"image\":{\"@id\":\"https:\/\/maxani.nl\/product\/voetbruisballetjes-met-kamille-en-calendula\/#primaryimage\"},\"thumbnailUrl\":\"https:\/\/maxani.nl\/wp-content\/uploads\/2023\/01\/Maxani-voetbruis-Paw-balls-5-en-10-stuks.jpg\",\"datePublished\":\"2019-08-19T09:09:45+00:00\",\"dateModified\":\"2026-01-05T08:41:46+00:00\",\"breadcrumb\":{\"@id\":\"https:\/\/maxani.nl\/product\/voetbruisballetjes-met-kamille-en-calendula\/#breadcrumb\"},\"inLanguage\":\"pt-PT\",\"potentialAction\":[{\"@type\":\"ReadAction\",\"target\":[\"https:\/\/maxani.nl\/product\/voetbruisballetjes-met-kamille-en-calendula\/\"]}]},{\"@type\":\"ImageObject\",\"inLanguage\":\"pt-PT\",\"@id\":\"https:\/\/maxani.nl\/product\/voetbruisballetjes-met-kamille-en-calendula\/#primaryimage\",\"url\":\"https:\/\/maxani.nl\/wp-content\/uploads\/2023\/01\/Maxani-voetbruis-Paw-balls-5-en-10-stuks.jpg\",\"contentUrl\":\"https:\/\/maxani.nl\/wp-content\/uploads\/2023\/01\/Maxani-voetbruis-Paw-balls-5-en-10-stuks.jpg\",\"width\":1080,\"height\":1080},{\"@type\":\"BreadcrumbList\",\"@id\":\"https:\/\/maxani.nl\/product\/voetbruisballetjes-met-kamille-en-calendula\/#breadcrumb\",\"itemListElement\":[{\"@type\":\"ListItem\",\"position\":1,\"name\":\"Home\",\"item\":\"https:\/\/maxani.nl\/\"},{\"@type\":\"ListItem\",\"position\":2,\"name\":\"Webshop\",\"item\":\"https:\/\/maxani.nl\/webshop\/\"},{\"@type\":\"ListItem\",\"position\":3,\"name\":\"Maxani Paw Bombs\"}]},{\"@type\":\"WebSite\",\"@id\":\"https:\/\/maxani.nl\/#website\",\"url\":\"https:\/\/maxani.nl\/\",\"name\":\"Maxani Animal Healthcare BV\",\"description\":\"Uw partner in veterinaire dermatologie\",\"potentialAction\":[{\"@type\":\"SearchAction\",\"target\":{\"@type\":\"EntryPoint\",\"urlTemplate\":\"https:\/\/maxani.nl\/?s={search_term_string}\"},\"query-input\":{\"@type\":\"PropertyValueSpecification\",\"valueRequired\":true,\"valueName\":\"search_term_string\"}}],\"inLanguage\":\"pt-PT\"}]}<\/script>\n<!-- \/ Yoast SEO plugin. -->","yoast_head_json":{"title":"Maxani Paw Bombs - Maxani Animal Healthcare BV","robots":{"index":"index","follow":"follow","max-snippet":"max-snippet:-1","max-image-preview":"max-image-preview:large","max-video-preview":"max-video-preview:-1"},"canonical":"https:\/\/maxani.nl\/pt\/produto\/voetbruisballetjes-met-kamille-en-calendula\/","og_locale":"pt_PT","og_type":"article","og_title":"Maxani Paw Bombs - Maxani Animal Healthcare BV","og_description":"Maxani Paw Bombs zijn in te zetten als zuiverend voetenbadje om de aangedane huid van de poten of voetzolen te reinigen. De unieke combinatie van reinigen, verzorgen en hydrateren draagt bij aan een voorspoedig herstel. Kamille en calendula hebben een ontstekingsremmende, verzorgende en verzachtende werking.  Dier: Hond  Inhoud: 5 st., 10 st.","og_url":"https:\/\/maxani.nl\/pt\/produto\/voetbruisballetjes-met-kamille-en-calendula\/","og_site_name":"Maxani Animal Healthcare BV","article_modified_time":"2026-01-05T08:41:46+00:00","og_image":[{"width":1080,"height":1080,"url":"https:\/\/maxani.nl\/wp-content\/uploads\/2023\/01\/Maxani-voetbruis-Paw-balls-5-en-10-stuks.jpg","type":"image\/jpeg"}],"twitter_card":"summary_large_image","twitter_misc":{"Tempo estimado de leitura":"3 minutos"},"schema":{"@context":"https:\/\/schema.org","@graph":[{"@type":"WebPage","@id":"https:\/\/maxani.nl\/product\/voetbruisballetjes-met-kamille-en-calendula\/","url":"https:\/\/maxani.nl\/product\/voetbruisballetjes-met-kamille-en-calendula\/","name":"Maxani Paw Bombs - Maxani Animal Healthcare BV","isPartOf":{"@id":"https:\/\/maxani.nl\/#website"},"primaryImageOfPage":{"@id":"https:\/\/maxani.nl\/product\/voetbruisballetjes-met-kamille-en-calendula\/#primaryimage"},"image":{"@id":"https:\/\/maxani.nl\/product\/voetbruisballetjes-met-kamille-en-calendula\/#primaryimage"},"thumbnailUrl":"https:\/\/maxani.nl\/wp-content\/uploads\/2023\/01\/Maxani-voetbruis-Paw-balls-5-en-10-stuks.jpg","datePublished":"2019-08-19T09:09:45+00:00","dateModified":"2026-01-05T08:41:46+00:00","breadcrumb":{"@id":"https:\/\/maxani.nl\/product\/voetbruisballetjes-met-kamille-en-calendula\/#breadcrumb"},"inLanguage":"pt-PT","potentialAction":[{"@type":"ReadAction","target":["https:\/\/maxani.nl\/product\/voetbruisballetjes-met-kamille-en-calendula\/"]}]},{"@type":"ImageObject","inLanguage":"pt-PT","@id":"https:\/\/maxani.nl\/product\/voetbruisballetjes-met-kamille-en-calendula\/#primaryimage","url":"https:\/\/maxani.nl\/wp-content\/uploads\/2023\/01\/Maxani-voetbruis-Paw-balls-5-en-10-stuks.jpg","contentUrl":"https:\/\/maxani.nl\/wp-content\/uploads\/2023\/01\/Maxani-voetbruis-Paw-balls-5-en-10-stuks.jpg","width":1080,"height":1080},{"@type":"BreadcrumbList","@id":"https:\/\/maxani.nl\/product\/voetbruisballetjes-met-kamille-en-calendula\/#breadcrumb","itemListElement":[{"@type":"ListItem","position":1,"name":"Home","item":"https:\/\/maxani.nl\/"},{"@type":"ListItem","position":2,"name":"Webshop","item":"https:\/\/maxani.nl\/webshop\/"},{"@type":"ListItem","position":3,"name":"Maxani Paw Bombs"}]},{"@type":"WebSite","@id":"https:\/\/maxani.nl\/#website","url":"https:\/\/maxani.nl\/","name":"Maxani Animal Healthcare BV","description":"O seu parceiro em dermatologia veterin\u00e1ria","potentialAction":[{"@type":"SearchAction","target":{"@type":"EntryPoint","urlTemplate":"https:\/\/maxani.nl\/?s={search_term_string}"},"query-input":{"@type":"PropertyValueSpecification","valueRequired":true,"valueName":"search_term_string"}}],"inLanguage":"pt-PT"}]}},"jetpack_sharing_enabled":true,"_links":{"self":[{"href":"https:\/\/maxani.nl\/pt\/wp-json\/wp\/v2\/product\/189","targetHints":{"allow":["GET"]}}],"collection":[{"href":"https:\/\/maxani.nl\/pt\/wp-json\/wp\/v2\/product"}],"about":[{"href":"https:\/\/maxani.nl\/pt\/wp-json\/wp\/v2\/types\/product"}],"wp:featuredmedia":[{"embeddable":true,"href":"https:\/\/maxani.nl\/pt\/wp-json\/wp\/v2\/media\/11998"}],"wp:attachment":[{"href":"https:\/\/maxani.nl\/pt\/wp-json\/wp\/v2\/media?parent=189"}],"wp:term":[{"taxonomy":"product_brand","embeddable":true,"href":"https:\/\/maxani.nl\/pt\/wp-json\/wp\/v2\/product_brand?post=189"},{"taxonomy":"product_cat","embeddable":true,"href":"https:\/\/maxani.nl\/pt\/wp-json\/wp\/v2\/product_cat?post=189"},{"taxonomy":"product_tag","embeddable":true,"href":"https:\/\/maxani.nl\/pt\/wp-json\/wp\/v2\/product_tag?post=189"}],"curies":[{"name":"wp","href":"https:\/\/api.w.org\/{rel}","templated":true}]}}