{"id":187,"date":"2019-08-13T14:54:58","date_gmt":"2019-08-13T14:54:58","guid":{"rendered":"https:\/\/maandvandehuidverzorging.nl\/?post_type=product&#038;p=187"},"modified":"2025-05-31T01:56:19","modified_gmt":"2025-05-31T01:56:19","slug":"traanstreep-voedingssupplement","status":"publish","type":"product","link":"https:\/\/maxani.nl\/pt\/produto\/traanstreep-voedingssupplement\/","title":{"rendered":"Suplemento alimentar Maxani tear streak"},"content":{"rendered":"<p><strong>Indica\u00e7\u00f5es<\/strong><\/p>\n<p>Animais que sofrem de obstru\u00e7\u00e3o do canal lacrimal, estrias lacrimais ou descolora\u00e7\u00e3o do pelo \u00e0 volta dos olhos. Tamb\u00e9m adequado para animais com focinho curto ou gatos com doen\u00e7a de espirros que sofrem de estrias lacrimais cr\u00f3nicas.<\/p>\n<p><strong>Funcionamento<\/strong><\/p>\n<p>O suplemento alimentar Tear Strep \u00e9 composto por v\u00e1rias ervas e \u00f3leos essenciais que possuem naturalmente um poder de limpeza.<\/p>\n<p><strong>Utiliza\u00e7\u00e3o<\/strong><br \/>\nO l\u00edquido pode ser administrado atrav\u00e9s da dieta ou diretamente na boca. Inclui um copo doseador.<br \/>\nC\u00e3es at\u00e9 10 kg \/ gatos : 5 ml por dia<br \/>\nC\u00e3o 10-25 kg : 10 ml por dia<br \/>\nC\u00e3o &gt;25 kg : 15 ml por dia<\/p>\n<p>Dar diariamente durante os primeiros 14 dias, depois administrar 3x por semana durante 1 m\u00eas, depois administrar 2x por semana durante 1 m\u00eas e finalmente administrar 1x por semana durante o \u00faltimo m\u00eas. A cura dura assim um total de 3,5 meses.<br \/>\nO produto s\u00f3 deve ser utilizado novamente ap\u00f3s um intervalo de 90 dias. O tratamento prescrito pode ent\u00e3o ser administrado novamente.<\/p>\n<p><strong>Este produto n\u00e3o tem garantia de sabor!<\/strong><\/p>\n<span class=\"wppb-content-restriction-message\"><p data-opacity=\"0.5\">Para mais informa\u00e7\u00f5es, \u00e9 necess\u00e1rio iniciar sess\u00e3o<\/p>\n<\/span>","protected":false},"excerpt":{"rendered":"<p>O suplemento alimentar Maxani Tearstreak \u00e9 um produto natural 100% que limpa o canal lacrimal dos c\u00e3es, gatos e coelhos. Foi especialmente desenvolvido para reduzir as estrias lacrimais e a descolora\u00e7\u00e3o do pelo \u00e0 volta dos olhos e ajuda a remediar um canal lacrimal obstru\u00eddo. Por vezes, o canal lacrimal pode estar deformado, provocando a acumula\u00e7\u00e3o de sujidade. O rem\u00e9dio \u00e9, portanto, ideal para animais com focinho curto e gatos com doen\u00e7a de espirros que sofrem de estrias lacrimais cr\u00f3nicas. O suplemento ajuda a apoiar a resist\u00eancia do animal. A forma como a cura funciona \u00e9 indicada no r\u00f3tulo por categoria de peso (ver tamb\u00e9m ''Utiliza\u00e7\u00e3o'' abaixo).<\/p>\n<p><strong>Animal<\/strong>C\u00e3o, gato e coelho<\/p>\n<p><strong>Conte\u00fado<\/strong>: 250 ml<\/p>\n<span class=\"wppb-shortcode-restriction-message\"> <\/span>","protected":false},"featured_media":11994,"template":"","meta":[],"product_brand":[],"product_cat":[15,29,63],"product_tag":[237,238,239],"class_list":{"0":"post-187","1":"product","2":"type-product","3":"status-publish","4":"has-post-thumbnail","6":"product_cat-alle-producten","7":"product_cat-maxani","8":"product_cat-oog","9":"product_tag-237","10":"product_tag-traanstreep","11":"product_tag-voedingssupplement","13":"first","14":"instock","15":"taxable","16":"shipping-taxable","17":"product-type-simple"},"yoast_head":"<!-- This site is optimized with the Yoast SEO plugin v27.1.1 - https:\/\/yoast.com\/product\/yoast-seo-wordpress\/ -->\n<title>Maxani Traanstreep voedingssupplement - Maxani Animal Healthcare BV<\/title>\n<meta name=\"robots\" content=\"index, follow, max-snippet:-1, max-image-preview:large, max-video-preview:-1\" \/>\n<link rel=\"canonical\" href=\"https:\/\/maxani.nl\/pt\/produto\/traanstreep-voedingssupplement\/\" \/>\n<meta property=\"og:locale\" content=\"pt_PT\" \/>\n<meta property=\"og:type\" content=\"article\" \/>\n<meta property=\"og:title\" content=\"Maxani Traanstreep voedingssupplement - Maxani Animal Healthcare BV\" \/>\n<meta property=\"og:description\" content=\"Maxani Traanstreep voedingssupplement is een 100% natuurlijk product dat de traanbuis van honden, katten en konijnen reinigt. Het is speciaal ontwikkeld om traanstrepen en verkleuring van vacht rondom de ogen te verminderen en draagt bij aan het verhelpen van een verstopte traanbuis. Soms kan de traanbuis vervormd zijn, waardoor hier vuil in ophoopt. Het middel is daardoor uitermate geschikt voor dieren met een korte snuit en katten met niesziekte die last hebben van chronische traanstrepen. Het supplement helpt om de weerstand van het huisdier te ondersteunen. Hoe de kuur verloopt staat aangegeven op het etiket per gewichtscategorie (zie ook onderstaand \u2018\u2019Gebruik\u2019\u2019).  Dier: Hond, kat en konijn  Inhoud: 250 ml\" \/>\n<meta property=\"og:url\" content=\"https:\/\/maxani.nl\/pt\/produto\/traanstreep-voedingssupplement\/\" \/>\n<meta property=\"og:site_name\" content=\"Maxani Animal Healthcare BV\" \/>\n<meta property=\"article:modified_time\" content=\"2025-05-31T01:56:19+00:00\" \/>\n<meta property=\"og:image\" content=\"https:\/\/maxani.nl\/wp-content\/uploads\/2023\/01\/Maxani-Traanstreep-250ml.jpg\" \/>\n\t<meta property=\"og:image:width\" content=\"1080\" \/>\n\t<meta property=\"og:image:height\" content=\"1080\" \/>\n\t<meta property=\"og:image:type\" content=\"image\/jpeg\" \/>\n<meta name=\"twitter:card\" content=\"summary_large_image\" \/>\n<meta name=\"twitter:label1\" content=\"Tempo estimado de leitura\" \/>\n\t<meta name=\"twitter:data1\" content=\"2 minutos\" \/>\n<script type=\"application\/ld+json\" class=\"yoast-schema-graph\">{\"@context\":\"https:\/\/schema.org\",\"@graph\":[{\"@type\":\"WebPage\",\"@id\":\"https:\/\/maxani.nl\/product\/traanstreep-voedingssupplement\/\",\"url\":\"https:\/\/maxani.nl\/product\/traanstreep-voedingssupplement\/\",\"name\":\"Maxani Traanstreep voedingssupplement - Maxani Animal Healthcare BV\",\"isPartOf\":{\"@id\":\"https:\/\/maxani.nl\/#website\"},\"primaryImageOfPage\":{\"@id\":\"https:\/\/maxani.nl\/product\/traanstreep-voedingssupplement\/#primaryimage\"},\"image\":{\"@id\":\"https:\/\/maxani.nl\/product\/traanstreep-voedingssupplement\/#primaryimage\"},\"thumbnailUrl\":\"https:\/\/maxani.nl\/wp-content\/uploads\/2023\/01\/Maxani-Traanstreep-250ml.jpg\",\"datePublished\":\"2019-08-13T14:54:58+00:00\",\"dateModified\":\"2025-05-31T01:56:19+00:00\",\"breadcrumb\":{\"@id\":\"https:\/\/maxani.nl\/product\/traanstreep-voedingssupplement\/#breadcrumb\"},\"inLanguage\":\"pt-PT\",\"potentialAction\":[{\"@type\":\"ReadAction\",\"target\":[\"https:\/\/maxani.nl\/product\/traanstreep-voedingssupplement\/\"]}]},{\"@type\":\"ImageObject\",\"inLanguage\":\"pt-PT\",\"@id\":\"https:\/\/maxani.nl\/product\/traanstreep-voedingssupplement\/#primaryimage\",\"url\":\"https:\/\/maxani.nl\/wp-content\/uploads\/2023\/01\/Maxani-Traanstreep-250ml.jpg\",\"contentUrl\":\"https:\/\/maxani.nl\/wp-content\/uploads\/2023\/01\/Maxani-Traanstreep-250ml.jpg\",\"width\":1080,\"height\":1080},{\"@type\":\"BreadcrumbList\",\"@id\":\"https:\/\/maxani.nl\/product\/traanstreep-voedingssupplement\/#breadcrumb\",\"itemListElement\":[{\"@type\":\"ListItem\",\"position\":1,\"name\":\"Home\",\"item\":\"https:\/\/maxani.nl\/\"},{\"@type\":\"ListItem\",\"position\":2,\"name\":\"Webshop\",\"item\":\"https:\/\/maxani.nl\/webshop\/\"},{\"@type\":\"ListItem\",\"position\":3,\"name\":\"Maxani Traanstreep voedingssupplement\"}]},{\"@type\":\"WebSite\",\"@id\":\"https:\/\/maxani.nl\/#website\",\"url\":\"https:\/\/maxani.nl\/\",\"name\":\"Maxani Animal Healthcare BV\",\"description\":\"Uw partner in veterinaire dermatologie\",\"potentialAction\":[{\"@type\":\"SearchAction\",\"target\":{\"@type\":\"EntryPoint\",\"urlTemplate\":\"https:\/\/maxani.nl\/?s={search_term_string}\"},\"query-input\":{\"@type\":\"PropertyValueSpecification\",\"valueRequired\":true,\"valueName\":\"search_term_string\"}}],\"inLanguage\":\"pt-PT\"}]}<\/script>\n<!-- \/ Yoast SEO plugin. -->","yoast_head_json":{"title":"Maxani Traanstreep voedingssupplement - Maxani Animal Healthcare BV","robots":{"index":"index","follow":"follow","max-snippet":"max-snippet:-1","max-image-preview":"max-image-preview:large","max-video-preview":"max-video-preview:-1"},"canonical":"https:\/\/maxani.nl\/pt\/produto\/traanstreep-voedingssupplement\/","og_locale":"pt_PT","og_type":"article","og_title":"Maxani Traanstreep voedingssupplement - Maxani Animal Healthcare BV","og_description":"Maxani Traanstreep voedingssupplement is een 100% natuurlijk product dat de traanbuis van honden, katten en konijnen reinigt. Het is speciaal ontwikkeld om traanstrepen en verkleuring van vacht rondom de ogen te verminderen en draagt bij aan het verhelpen van een verstopte traanbuis. Soms kan de traanbuis vervormd zijn, waardoor hier vuil in ophoopt. Het middel is daardoor uitermate geschikt voor dieren met een korte snuit en katten met niesziekte die last hebben van chronische traanstrepen. Het supplement helpt om de weerstand van het huisdier te ondersteunen. Hoe de kuur verloopt staat aangegeven op het etiket per gewichtscategorie (zie ook onderstaand \u2018\u2019Gebruik\u2019\u2019).  Dier: Hond, kat en konijn  Inhoud: 250 ml","og_url":"https:\/\/maxani.nl\/pt\/produto\/traanstreep-voedingssupplement\/","og_site_name":"Maxani Animal Healthcare BV","article_modified_time":"2025-05-31T01:56:19+00:00","og_image":[{"width":1080,"height":1080,"url":"https:\/\/maxani.nl\/wp-content\/uploads\/2023\/01\/Maxani-Traanstreep-250ml.jpg","type":"image\/jpeg"}],"twitter_card":"summary_large_image","twitter_misc":{"Tempo estimado de leitura":"2 minutos"},"schema":{"@context":"https:\/\/schema.org","@graph":[{"@type":"WebPage","@id":"https:\/\/maxani.nl\/product\/traanstreep-voedingssupplement\/","url":"https:\/\/maxani.nl\/product\/traanstreep-voedingssupplement\/","name":"Maxani Traanstreep voedingssupplement - Maxani Animal Healthcare BV","isPartOf":{"@id":"https:\/\/maxani.nl\/#website"},"primaryImageOfPage":{"@id":"https:\/\/maxani.nl\/product\/traanstreep-voedingssupplement\/#primaryimage"},"image":{"@id":"https:\/\/maxani.nl\/product\/traanstreep-voedingssupplement\/#primaryimage"},"thumbnailUrl":"https:\/\/maxani.nl\/wp-content\/uploads\/2023\/01\/Maxani-Traanstreep-250ml.jpg","datePublished":"2019-08-13T14:54:58+00:00","dateModified":"2025-05-31T01:56:19+00:00","breadcrumb":{"@id":"https:\/\/maxani.nl\/product\/traanstreep-voedingssupplement\/#breadcrumb"},"inLanguage":"pt-PT","potentialAction":[{"@type":"ReadAction","target":["https:\/\/maxani.nl\/product\/traanstreep-voedingssupplement\/"]}]},{"@type":"ImageObject","inLanguage":"pt-PT","@id":"https:\/\/maxani.nl\/product\/traanstreep-voedingssupplement\/#primaryimage","url":"https:\/\/maxani.nl\/wp-content\/uploads\/2023\/01\/Maxani-Traanstreep-250ml.jpg","contentUrl":"https:\/\/maxani.nl\/wp-content\/uploads\/2023\/01\/Maxani-Traanstreep-250ml.jpg","width":1080,"height":1080},{"@type":"BreadcrumbList","@id":"https:\/\/maxani.nl\/product\/traanstreep-voedingssupplement\/#breadcrumb","itemListElement":[{"@type":"ListItem","position":1,"name":"Home","item":"https:\/\/maxani.nl\/"},{"@type":"ListItem","position":2,"name":"Webshop","item":"https:\/\/maxani.nl\/webshop\/"},{"@type":"ListItem","position":3,"name":"Maxani Traanstreep voedingssupplement"}]},{"@type":"WebSite","@id":"https:\/\/maxani.nl\/#website","url":"https:\/\/maxani.nl\/","name":"Maxani Animal Healthcare BV","description":"O seu parceiro em dermatologia veterin\u00e1ria","potentialAction":[{"@type":"SearchAction","target":{"@type":"EntryPoint","urlTemplate":"https:\/\/maxani.nl\/?s={search_term_string}"},"query-input":{"@type":"PropertyValueSpecification","valueRequired":true,"valueName":"search_term_string"}}],"inLanguage":"pt-PT"}]}},"jetpack_sharing_enabled":true,"_links":{"self":[{"href":"https:\/\/maxani.nl\/pt\/wp-json\/wp\/v2\/product\/187","targetHints":{"allow":["GET"]}}],"collection":[{"href":"https:\/\/maxani.nl\/pt\/wp-json\/wp\/v2\/product"}],"about":[{"href":"https:\/\/maxani.nl\/pt\/wp-json\/wp\/v2\/types\/product"}],"wp:featuredmedia":[{"embeddable":true,"href":"https:\/\/maxani.nl\/pt\/wp-json\/wp\/v2\/media\/11994"}],"wp:attachment":[{"href":"https:\/\/maxani.nl\/pt\/wp-json\/wp\/v2\/media?parent=187"}],"wp:term":[{"taxonomy":"product_brand","embeddable":true,"href":"https:\/\/maxani.nl\/pt\/wp-json\/wp\/v2\/product_brand?post=187"},{"taxonomy":"product_cat","embeddable":true,"href":"https:\/\/maxani.nl\/pt\/wp-json\/wp\/v2\/product_cat?post=187"},{"taxonomy":"product_tag","embeddable":true,"href":"https:\/\/maxani.nl\/pt\/wp-json\/wp\/v2\/product_tag?post=187"}],"curies":[{"name":"wp","href":"https:\/\/api.w.org\/{rel}","templated":true}]}}