{"id":18690,"date":"2026-01-26T10:41:38","date_gmt":"2026-01-26T10:41:38","guid":{"rendered":"https:\/\/maxani.nl\/?post_type=product&#038;p=18690"},"modified":"2026-04-23T13:35:25","modified_gmt":"2026-04-23T13:35:25","slug":"bravebites","status":"publish","type":"product","link":"https:\/\/maxani.nl\/pt\/produto\/bravebites\/","title":{"rendered":"BraveBites"},"content":{"rendered":"","protected":false},"excerpt":{"rendered":"<p><strong data-start=\"98\" data-end=\"113\">BraveBites<\/strong> s\u00e3o snacks funcionais semi-mole com suplementos, desenvolvidos para apoiar c\u00e3es com cancro. A sua elevada aceita\u00e7\u00e3o torna-os adequados em casos de redu\u00e7\u00e3o do apetite e podem ajudar a manter a ingest\u00e3o nutricional, a massa muscular e a energia. A composi\u00e7\u00e3o com prote\u00ednas de alta qualidade, \u00e1cidos gordos \u00f3mega 3 (EPA &amp; DHA) e prebi\u00f3ticos torna BraveBites\u00ae pr\u00e1tico para ser utilizado como suplemento juntamente com o tratamento regular.<\/p>\n<span class=\"wppb-content-restriction-message\"><p data-opacity=\"0.5\">Para mais informa\u00e7\u00f5es, \u00e9 necess\u00e1rio iniciar sess\u00e3o<\/p>\n<\/span>","protected":false},"featured_media":18701,"template":"","meta":[],"product_brand":[],"product_cat":[15,29,124],"product_tag":[282,279,242,280,281],"class_list":{"0":"post-18690","1":"product","2":"type-product","3":"status-publish","4":"has-post-thumbnail","6":"product_cat-alle-producten","7":"product_cat-maxani","8":"product_cat-therapietrouw","9":"product_tag-282","10":"product_tag-bravebites","11":"product_tag-masivet","12":"product_tag-oncologie","13":"product_tag-snack","15":"first","16":"instock","17":"taxable","18":"shipping-taxable","19":"product-type-variable"},"yoast_head":"<!-- This site is optimized with the Yoast SEO plugin v27.1.1 - https:\/\/yoast.com\/product\/yoast-seo-wordpress\/ -->\n<title>BraveBites\u00ae - Maxani Animal Healthcare BV<\/title>\n<meta name=\"robots\" content=\"index, follow, max-snippet:-1, max-image-preview:large, max-video-preview:-1\" \/>\n<link rel=\"canonical\" href=\"https:\/\/maxani.nl\/pt\/produto\/bravebites\/\" \/>\n<meta property=\"og:locale\" content=\"pt_PT\" \/>\n<meta property=\"og:type\" content=\"article\" \/>\n<meta property=\"og:title\" content=\"BraveBites\u00ae - Maxani Animal Healthcare BV\" \/>\n<meta property=\"og:description\" content=\"BraveBites\u00ae zijn functionele, halfzachte snacks met supplementen, ontwikkeld ter ondersteuning van honden met kanker. Door de hoge acceptatie zijn ze geschikt bij verminderde eetlust en kunnen ze bijdragen aan behoud van voedingsinname, spiermassa en energie. De samenstelling met hoogwaardig eiwit, omega 3-vetzuren (EPA &amp; DHA) en prebiotica maakt BraveBites\u00ae praktisch inzetbaar als aanvulling naast de reguliere behandeling.\" \/>\n<meta property=\"og:url\" content=\"https:\/\/maxani.nl\/pt\/produto\/bravebites\/\" \/>\n<meta property=\"og:site_name\" content=\"Maxani Animal Healthcare BV\" \/>\n<meta property=\"article:modified_time\" content=\"2026-04-23T13:35:25+00:00\" \/>\n<meta property=\"og:image\" content=\"https:\/\/maxani.nl\/wp-content\/uploads\/2026\/01\/Ontwerp-zonder-titel-18.png\" \/>\n\t<meta property=\"og:image:width\" content=\"1080\" \/>\n\t<meta property=\"og:image:height\" content=\"1350\" \/>\n\t<meta property=\"og:image:type\" content=\"image\/png\" \/>\n<meta name=\"twitter:card\" content=\"summary_large_image\" \/>\n<meta name=\"twitter:label1\" content=\"Tempo estimado de leitura\" \/>\n\t<meta name=\"twitter:data1\" content=\"1 minuto\" \/>\n<script type=\"application\/ld+json\" class=\"yoast-schema-graph\">{\"@context\":\"https:\/\/schema.org\",\"@graph\":[{\"@type\":\"WebPage\",\"@id\":\"https:\/\/maxani.nl\/product\/bravebites\/\",\"url\":\"https:\/\/maxani.nl\/product\/bravebites\/\",\"name\":\"BraveBites\u00ae - Maxani Animal Healthcare BV\",\"isPartOf\":{\"@id\":\"https:\/\/maxani.nl\/#website\"},\"primaryImageOfPage\":{\"@id\":\"https:\/\/maxani.nl\/product\/bravebites\/#primaryimage\"},\"image\":{\"@id\":\"https:\/\/maxani.nl\/product\/bravebites\/#primaryimage\"},\"thumbnailUrl\":\"https:\/\/maxani.nl\/wp-content\/uploads\/2026\/01\/Ontwerp-zonder-titel-18.png\",\"datePublished\":\"2026-01-26T10:41:38+00:00\",\"dateModified\":\"2026-04-23T13:35:25+00:00\",\"breadcrumb\":{\"@id\":\"https:\/\/maxani.nl\/product\/bravebites\/#breadcrumb\"},\"inLanguage\":\"pt-PT\",\"potentialAction\":[{\"@type\":\"ReadAction\",\"target\":[\"https:\/\/maxani.nl\/product\/bravebites\/\"]}]},{\"@type\":\"ImageObject\",\"inLanguage\":\"pt-PT\",\"@id\":\"https:\/\/maxani.nl\/product\/bravebites\/#primaryimage\",\"url\":\"https:\/\/maxani.nl\/wp-content\/uploads\/2026\/01\/Ontwerp-zonder-titel-18.png\",\"contentUrl\":\"https:\/\/maxani.nl\/wp-content\/uploads\/2026\/01\/Ontwerp-zonder-titel-18.png\",\"width\":1080,\"height\":1350},{\"@type\":\"BreadcrumbList\",\"@id\":\"https:\/\/maxani.nl\/product\/bravebites\/#breadcrumb\",\"itemListElement\":[{\"@type\":\"ListItem\",\"position\":1,\"name\":\"Home\",\"item\":\"https:\/\/maxani.nl\/\"},{\"@type\":\"ListItem\",\"position\":2,\"name\":\"Webshop\",\"item\":\"https:\/\/maxani.nl\/webshop\/\"},{\"@type\":\"ListItem\",\"position\":3,\"name\":\"BraveBites\u00ae\"}]},{\"@type\":\"WebSite\",\"@id\":\"https:\/\/maxani.nl\/#website\",\"url\":\"https:\/\/maxani.nl\/\",\"name\":\"Maxani Animal Healthcare BV\",\"description\":\"Uw partner in veterinaire dermatologie\",\"potentialAction\":[{\"@type\":\"SearchAction\",\"target\":{\"@type\":\"EntryPoint\",\"urlTemplate\":\"https:\/\/maxani.nl\/?s={search_term_string}\"},\"query-input\":{\"@type\":\"PropertyValueSpecification\",\"valueRequired\":true,\"valueName\":\"search_term_string\"}}],\"inLanguage\":\"pt-PT\"}]}<\/script>\n<!-- \/ Yoast SEO plugin. -->","yoast_head_json":{"title":"BraveBites\u00ae - Maxani Animal Healthcare BV","robots":{"index":"index","follow":"follow","max-snippet":"max-snippet:-1","max-image-preview":"max-image-preview:large","max-video-preview":"max-video-preview:-1"},"canonical":"https:\/\/maxani.nl\/pt\/produto\/bravebites\/","og_locale":"pt_PT","og_type":"article","og_title":"BraveBites\u00ae - Maxani Animal Healthcare BV","og_description":"BraveBites\u00ae zijn functionele, halfzachte snacks met supplementen, ontwikkeld ter ondersteuning van honden met kanker. Door de hoge acceptatie zijn ze geschikt bij verminderde eetlust en kunnen ze bijdragen aan behoud van voedingsinname, spiermassa en energie. De samenstelling met hoogwaardig eiwit, omega 3-vetzuren (EPA &amp; DHA) en prebiotica maakt BraveBites\u00ae praktisch inzetbaar als aanvulling naast de reguliere behandeling.","og_url":"https:\/\/maxani.nl\/pt\/produto\/bravebites\/","og_site_name":"Maxani Animal Healthcare BV","article_modified_time":"2026-04-23T13:35:25+00:00","og_image":[{"width":1080,"height":1350,"url":"https:\/\/maxani.nl\/wp-content\/uploads\/2026\/01\/Ontwerp-zonder-titel-18.png","type":"image\/png"}],"twitter_card":"summary_large_image","twitter_misc":{"Tempo estimado de leitura":"1 minuto"},"schema":{"@context":"https:\/\/schema.org","@graph":[{"@type":"WebPage","@id":"https:\/\/maxani.nl\/product\/bravebites\/","url":"https:\/\/maxani.nl\/product\/bravebites\/","name":"BraveBites\u00ae - Maxani Animal Healthcare BV","isPartOf":{"@id":"https:\/\/maxani.nl\/#website"},"primaryImageOfPage":{"@id":"https:\/\/maxani.nl\/product\/bravebites\/#primaryimage"},"image":{"@id":"https:\/\/maxani.nl\/product\/bravebites\/#primaryimage"},"thumbnailUrl":"https:\/\/maxani.nl\/wp-content\/uploads\/2026\/01\/Ontwerp-zonder-titel-18.png","datePublished":"2026-01-26T10:41:38+00:00","dateModified":"2026-04-23T13:35:25+00:00","breadcrumb":{"@id":"https:\/\/maxani.nl\/product\/bravebites\/#breadcrumb"},"inLanguage":"pt-PT","potentialAction":[{"@type":"ReadAction","target":["https:\/\/maxani.nl\/product\/bravebites\/"]}]},{"@type":"ImageObject","inLanguage":"pt-PT","@id":"https:\/\/maxani.nl\/product\/bravebites\/#primaryimage","url":"https:\/\/maxani.nl\/wp-content\/uploads\/2026\/01\/Ontwerp-zonder-titel-18.png","contentUrl":"https:\/\/maxani.nl\/wp-content\/uploads\/2026\/01\/Ontwerp-zonder-titel-18.png","width":1080,"height":1350},{"@type":"BreadcrumbList","@id":"https:\/\/maxani.nl\/product\/bravebites\/#breadcrumb","itemListElement":[{"@type":"ListItem","position":1,"name":"Home","item":"https:\/\/maxani.nl\/"},{"@type":"ListItem","position":2,"name":"Webshop","item":"https:\/\/maxani.nl\/webshop\/"},{"@type":"ListItem","position":3,"name":"BraveBites\u00ae"}]},{"@type":"WebSite","@id":"https:\/\/maxani.nl\/#website","url":"https:\/\/maxani.nl\/","name":"Maxani Animal Healthcare BV","description":"O seu parceiro em dermatologia veterin\u00e1ria","potentialAction":[{"@type":"SearchAction","target":{"@type":"EntryPoint","urlTemplate":"https:\/\/maxani.nl\/?s={search_term_string}"},"query-input":{"@type":"PropertyValueSpecification","valueRequired":true,"valueName":"search_term_string"}}],"inLanguage":"pt-PT"}]}},"jetpack_sharing_enabled":true,"_links":{"self":[{"href":"https:\/\/maxani.nl\/pt\/wp-json\/wp\/v2\/product\/18690","targetHints":{"allow":["GET"]}}],"collection":[{"href":"https:\/\/maxani.nl\/pt\/wp-json\/wp\/v2\/product"}],"about":[{"href":"https:\/\/maxani.nl\/pt\/wp-json\/wp\/v2\/types\/product"}],"wp:featuredmedia":[{"embeddable":true,"href":"https:\/\/maxani.nl\/pt\/wp-json\/wp\/v2\/media\/18701"}],"wp:attachment":[{"href":"https:\/\/maxani.nl\/pt\/wp-json\/wp\/v2\/media?parent=18690"}],"wp:term":[{"taxonomy":"product_brand","embeddable":true,"href":"https:\/\/maxani.nl\/pt\/wp-json\/wp\/v2\/product_brand?post=18690"},{"taxonomy":"product_cat","embeddable":true,"href":"https:\/\/maxani.nl\/pt\/wp-json\/wp\/v2\/product_cat?post=18690"},{"taxonomy":"product_tag","embeddable":true,"href":"https:\/\/maxani.nl\/pt\/wp-json\/wp\/v2\/product_tag?post=18690"}],"curies":[{"name":"wp","href":"https:\/\/api.w.org\/{rel}","templated":true}]}}