{"id":18678,"date":"2026-01-26T10:20:37","date_gmt":"2026-01-26T10:20:37","guid":{"rendered":"https:\/\/maxani.nl\/?post_type=product&#038;p=18678"},"modified":"2026-04-02T13:41:18","modified_gmt":"2026-04-02T13:41:18","slug":"aluco-guardian-npwt-system","status":"publish","type":"product","link":"https:\/\/maxani.nl\/pt\/produto\/aluco-guardian-npwt-system\/","title":{"rendered":"Sistema Aluco Guardian\u2122 NPWT"},"content":{"rendered":"<p data-start=\"119\" data-end=\"593\"><strong data-start=\"119\" data-end=\"161\">Terapia de press\u00e3o negativa para feridas (NPWT)<\/strong> com o <strong data-start=\"170\" data-end=\"197\">Sistema Aluco Guardian<\/strong> apoia o tratamento de feridas complexas e de m\u00e1 cicatriza\u00e7\u00e3o atrav\u00e9s da aplica\u00e7\u00e3o controlada de press\u00e3o negativa negativa no leito da ferida. Esta press\u00e3o negativa drena ativamente o exsudado, reduz o edema e a carga bacteriana e melhora a microcircula\u00e7\u00e3o. Isto aumenta a oxigena\u00e7\u00e3o dos tecidos e promove a forma\u00e7\u00e3o de tecido de granula\u00e7\u00e3o saud\u00e1vel.<\/p>\n<p data-start=\"595\" data-end=\"924\">Na pr\u00e1tica, isto leva a que as feridas estabilizem mais rapidamente e sejam adequadas para reconstru\u00e7\u00e3o ou encerramento final da ferida mais cedo. A experi\u00eancia cl\u00ednica e os estudos demonstram que este processo \u00e9 significativamente mais r\u00e1pido em compara\u00e7\u00e3o com o tratamento convencional de feridas, nalguns casos at\u00e9 em cerca de metade do tempo.<\/p>\n<p data-start=\"926\" data-end=\"961\">O sistema pode ser utilizado para:<\/p>\n<ul>\n<li data-start=\"964\" data-end=\"1007\">feridas traum\u00e1ticas abertas e infectadas<\/li>\n<li data-start=\"1010\" data-end=\"1022\">marcas de mordedura<\/li>\n<li data-start=\"1025\" data-end=\"1068\">feridas p\u00f3s-operat\u00f3rias e deisc\u00eancia de feridas<\/li>\n<li data-start=\"1071\" data-end=\"1132\">Feridas piog\u00e9nicas e necrosantes ap\u00f3s desbridamento cir\u00fargico<\/li>\n<li data-start=\"1135\" data-end=\"1236\">feridas oncol\u00f3gicas ap\u00f3s excis\u00e3o marginal completa (sem evid\u00eancia de met\u00e1stases activas)<\/li>\n<li data-start=\"1239\" data-end=\"1277\">feridas com implantes expostos<\/li>\n<li data-start=\"1280\" data-end=\"1338\">suporte de retalhos cut\u00e2neos e enxertos cut\u00e2neos livres<\/li>\n<\/ul>\n<h3 data-start=\"142\" data-end=\"200\">Op\u00e7\u00f5es de venda e aluguer Sistema Aluco Guardian\u2122 NPWT<\/h3>\n<p data-start=\"202\" data-end=\"357\">Oferecemos <strong data-start=\"213\" data-end=\"247\">v\u00e1rias op\u00e7\u00f5es<\/strong> para a utiliza\u00e7\u00e3o do sistema Aluco Guardian\u2122 NPWT, adaptado \u00e0s necessidades da pr\u00e1tica cl\u00ednica e do tipo de ferida.<\/p>\n<h4 data-start=\"359\" data-end=\"371\"><strong>Comprar<\/strong><\/h4>\n<ul>\n<li data-start=\"374\" data-end=\"426\">O sistema NPWT pode ser adquirido na totalidade<\/li>\n<li data-start=\"429\" data-end=\"492\">Os conjuntos de pensos e os recipientes tamb\u00e9m est\u00e3o dispon\u00edveis separadamente<\/li>\n<\/ul>\n<h4 data-start=\"494\" data-end=\"506\"><strong>Aluguer<\/strong><\/h4>\n<p data-start=\"507\" data-end=\"567\">O aluguer do sistema NPWT \u00e9 sempre feito por m\u00fatuo acordo. Para uma utiliza\u00e7\u00e3o tempor\u00e1ria, oferecemos o seguinte <strong data-start=\"552\" data-end=\"566\">op\u00e7\u00f5es de aluguer<\/strong>:<\/p>\n<p data-start=\"569\" data-end=\"593\"><strong data-start=\"569\" data-end=\"593\">Pacote de aluguer - 5 dias<\/strong><\/p>\n<ul>\n<li data-start=\"596\" data-end=\"610\">Sistema NPWT<\/li>\n<li data-start=\"613\" data-end=\"626\">3\u00d7 penso<\/li>\n<li data-start=\"629\" data-end=\"642\">4\u00d7 recipiente<\/li>\n<li data-start=\"645\" data-end=\"666\">6\u00d7 tiras adesivas para estoma<\/li>\n<\/ul>\n<p data-start=\"668\" data-end=\"692\"><strong data-start=\"668\" data-end=\"692\">Pacote de aluguer - 3 dias<\/strong><\/p>\n<ul>\n<li data-start=\"695\" data-end=\"709\">Sistema NPWT<\/li>\n<li data-start=\"712\" data-end=\"725\">1\u00d7 molho<\/li>\n<li data-start=\"728\" data-end=\"742\">2\u00d7 recipientes<\/li>\n<li data-start=\"745\" data-end=\"766\">2\u00d7 tiras adesivas para estoma<\/li>\n<\/ul>\n<p data-start=\"768\" data-end=\"786\"><strong data-start=\"768\" data-end=\"786\">Aluguer do sistema<\/strong><\/p>\n<ul>\n<li data-start=\"789\" data-end=\"838\">Alugar o sistema NPWT apenas por 3 dias<\/li>\n<li data-start=\"841\" data-end=\"913\">Tamb\u00e9m poss\u00edvel: aluguer de apenas o sistema por mais de 3 dias<\/li>\n<\/ul>","protected":false},"excerpt":{"rendered":"<p><strong data-start=\"157\" data-end=\"199\">Terapia de press\u00e3o negativa para feridas (NPWT)<\/strong> com o <strong data-start=\"208\" data-end=\"257\"><span class=\"hover:entity-accent entity-underline inline cursor-pointer align-baseline\"><span class=\"whitespace-normal\">Aluco Guardian<\/span><\/span>-sistema<\/strong> \u00e9 um tratamento de apoio para feridas complexas e de cicatriza\u00e7\u00e3o deficiente. A press\u00e3o negativa controlada drena ativamente o exsudado, reduz o edema e optimiza o leito da ferida. Isto apoia a microcircula\u00e7\u00e3o e promove a forma\u00e7\u00e3o de tecido de granula\u00e7\u00e3o saud\u00e1vel.<\/p>","protected":false},"featured_media":18679,"template":"","meta":[],"product_brand":[],"product_cat":[15,29,41],"product_tag":[275,276,278,277,264,232],"class_list":{"0":"post-18678","1":"product","2":"type-product","3":"status-publish","4":"has-post-thumbnail","6":"product_cat-alle-producten","7":"product_cat-maxani","8":"product_cat-wond-en-huidplooi","9":"product_tag-275","10":"product_tag-aluco","11":"product_tag-npwt","12":"product_tag-techniek","13":"product_tag-wond","14":"product_tag-wondverzorging","16":"first","17":"instock","18":"taxable","19":"shipping-taxable","20":"product-type-variable"},"yoast_head":"<!-- This site is optimized with the Yoast SEO plugin v27.1.1 - https:\/\/yoast.com\/product\/yoast-seo-wordpress\/ -->\n<title>Aluco Guardian\u2122 NPWT system - Maxani Animal Healthcare BV<\/title>\n<meta name=\"robots\" content=\"index, follow, max-snippet:-1, max-image-preview:large, max-video-preview:-1\" \/>\n<link rel=\"canonical\" href=\"https:\/\/maxani.nl\/pt\/produto\/aluco-guardian-npwt-system\/\" \/>\n<meta property=\"og:locale\" content=\"pt_PT\" \/>\n<meta property=\"og:type\" content=\"article\" \/>\n<meta property=\"og:title\" content=\"Aluco Guardian\u2122 NPWT system - Maxani Animal Healthcare BV\" \/>\n<meta property=\"og:description\" content=\"Negative Pressure Wound Therapy (NPWT) met het Aluco Guardian-systeem is een ondersteunende wondbehandeling voor complexe en slecht genezende wonden. Door gecontroleerde negatieve onderdruk wordt exsudaat actief afgevoerd, oedeem verminderd en het wondbed geoptimaliseerd. Dit ondersteunt de microcirculatie en bevordert de vorming van gezond granulatieweefsel.\" \/>\n<meta property=\"og:url\" content=\"https:\/\/maxani.nl\/pt\/produto\/aluco-guardian-npwt-system\/\" \/>\n<meta property=\"og:site_name\" content=\"Maxani Animal Healthcare BV\" \/>\n<meta property=\"article:modified_time\" content=\"2026-04-02T13:41:18+00:00\" \/>\n<meta property=\"og:image\" content=\"https:\/\/maxani.nl\/wp-content\/uploads\/2026\/01\/Ontwerp-zonder-titel-10.png\" \/>\n\t<meta property=\"og:image:width\" content=\"1080\" \/>\n\t<meta property=\"og:image:height\" content=\"1350\" \/>\n\t<meta property=\"og:image:type\" content=\"image\/png\" \/>\n<meta name=\"twitter:card\" content=\"summary_large_image\" \/>\n<meta name=\"twitter:label1\" content=\"Tempo estimado de leitura\" \/>\n\t<meta name=\"twitter:data1\" content=\"2 minutos\" \/>\n<script type=\"application\/ld+json\" class=\"yoast-schema-graph\">{\"@context\":\"https:\/\/schema.org\",\"@graph\":[{\"@type\":\"WebPage\",\"@id\":\"https:\/\/maxani.nl\/product\/aluco-guardian-npwt-system\/\",\"url\":\"https:\/\/maxani.nl\/product\/aluco-guardian-npwt-system\/\",\"name\":\"Aluco Guardian\u2122 NPWT system - Maxani Animal Healthcare BV\",\"isPartOf\":{\"@id\":\"https:\/\/maxani.nl\/#website\"},\"primaryImageOfPage\":{\"@id\":\"https:\/\/maxani.nl\/product\/aluco-guardian-npwt-system\/#primaryimage\"},\"image\":{\"@id\":\"https:\/\/maxani.nl\/product\/aluco-guardian-npwt-system\/#primaryimage\"},\"thumbnailUrl\":\"https:\/\/maxani.nl\/wp-content\/uploads\/2026\/01\/Ontwerp-zonder-titel-10.png\",\"datePublished\":\"2026-01-26T10:20:37+00:00\",\"dateModified\":\"2026-04-02T13:41:18+00:00\",\"breadcrumb\":{\"@id\":\"https:\/\/maxani.nl\/product\/aluco-guardian-npwt-system\/#breadcrumb\"},\"inLanguage\":\"pt-PT\",\"potentialAction\":[{\"@type\":\"ReadAction\",\"target\":[\"https:\/\/maxani.nl\/product\/aluco-guardian-npwt-system\/\"]}]},{\"@type\":\"ImageObject\",\"inLanguage\":\"pt-PT\",\"@id\":\"https:\/\/maxani.nl\/product\/aluco-guardian-npwt-system\/#primaryimage\",\"url\":\"https:\/\/maxani.nl\/wp-content\/uploads\/2026\/01\/Ontwerp-zonder-titel-10.png\",\"contentUrl\":\"https:\/\/maxani.nl\/wp-content\/uploads\/2026\/01\/Ontwerp-zonder-titel-10.png\",\"width\":1080,\"height\":1350},{\"@type\":\"BreadcrumbList\",\"@id\":\"https:\/\/maxani.nl\/product\/aluco-guardian-npwt-system\/#breadcrumb\",\"itemListElement\":[{\"@type\":\"ListItem\",\"position\":1,\"name\":\"Home\",\"item\":\"https:\/\/maxani.nl\/\"},{\"@type\":\"ListItem\",\"position\":2,\"name\":\"Webshop\",\"item\":\"https:\/\/maxani.nl\/webshop\/\"},{\"@type\":\"ListItem\",\"position\":3,\"name\":\"Aluco Guardian\u2122 NPWT system\"}]},{\"@type\":\"WebSite\",\"@id\":\"https:\/\/maxani.nl\/#website\",\"url\":\"https:\/\/maxani.nl\/\",\"name\":\"Maxani Animal Healthcare BV\",\"description\":\"Uw partner in veterinaire dermatologie\",\"potentialAction\":[{\"@type\":\"SearchAction\",\"target\":{\"@type\":\"EntryPoint\",\"urlTemplate\":\"https:\/\/maxani.nl\/?s={search_term_string}\"},\"query-input\":{\"@type\":\"PropertyValueSpecification\",\"valueRequired\":true,\"valueName\":\"search_term_string\"}}],\"inLanguage\":\"pt-PT\"}]}<\/script>\n<!-- \/ Yoast SEO plugin. -->","yoast_head_json":{"title":"Aluco Guardian\u2122 NPWT system - Maxani Animal Healthcare BV","robots":{"index":"index","follow":"follow","max-snippet":"max-snippet:-1","max-image-preview":"max-image-preview:large","max-video-preview":"max-video-preview:-1"},"canonical":"https:\/\/maxani.nl\/pt\/produto\/aluco-guardian-npwt-system\/","og_locale":"pt_PT","og_type":"article","og_title":"Aluco Guardian\u2122 NPWT system - Maxani Animal Healthcare BV","og_description":"Negative Pressure Wound Therapy (NPWT) met het Aluco Guardian-systeem is een ondersteunende wondbehandeling voor complexe en slecht genezende wonden. Door gecontroleerde negatieve onderdruk wordt exsudaat actief afgevoerd, oedeem verminderd en het wondbed geoptimaliseerd. Dit ondersteunt de microcirculatie en bevordert de vorming van gezond granulatieweefsel.","og_url":"https:\/\/maxani.nl\/pt\/produto\/aluco-guardian-npwt-system\/","og_site_name":"Maxani Animal Healthcare BV","article_modified_time":"2026-04-02T13:41:18+00:00","og_image":[{"width":1080,"height":1350,"url":"https:\/\/maxani.nl\/wp-content\/uploads\/2026\/01\/Ontwerp-zonder-titel-10.png","type":"image\/png"}],"twitter_card":"summary_large_image","twitter_misc":{"Tempo estimado de leitura":"2 minutos"},"schema":{"@context":"https:\/\/schema.org","@graph":[{"@type":"WebPage","@id":"https:\/\/maxani.nl\/product\/aluco-guardian-npwt-system\/","url":"https:\/\/maxani.nl\/product\/aluco-guardian-npwt-system\/","name":"Aluco Guardian\u2122 NPWT system - Maxani Animal Healthcare BV","isPartOf":{"@id":"https:\/\/maxani.nl\/#website"},"primaryImageOfPage":{"@id":"https:\/\/maxani.nl\/product\/aluco-guardian-npwt-system\/#primaryimage"},"image":{"@id":"https:\/\/maxani.nl\/product\/aluco-guardian-npwt-system\/#primaryimage"},"thumbnailUrl":"https:\/\/maxani.nl\/wp-content\/uploads\/2026\/01\/Ontwerp-zonder-titel-10.png","datePublished":"2026-01-26T10:20:37+00:00","dateModified":"2026-04-02T13:41:18+00:00","breadcrumb":{"@id":"https:\/\/maxani.nl\/product\/aluco-guardian-npwt-system\/#breadcrumb"},"inLanguage":"pt-PT","potentialAction":[{"@type":"ReadAction","target":["https:\/\/maxani.nl\/product\/aluco-guardian-npwt-system\/"]}]},{"@type":"ImageObject","inLanguage":"pt-PT","@id":"https:\/\/maxani.nl\/product\/aluco-guardian-npwt-system\/#primaryimage","url":"https:\/\/maxani.nl\/wp-content\/uploads\/2026\/01\/Ontwerp-zonder-titel-10.png","contentUrl":"https:\/\/maxani.nl\/wp-content\/uploads\/2026\/01\/Ontwerp-zonder-titel-10.png","width":1080,"height":1350},{"@type":"BreadcrumbList","@id":"https:\/\/maxani.nl\/product\/aluco-guardian-npwt-system\/#breadcrumb","itemListElement":[{"@type":"ListItem","position":1,"name":"Home","item":"https:\/\/maxani.nl\/"},{"@type":"ListItem","position":2,"name":"Webshop","item":"https:\/\/maxani.nl\/webshop\/"},{"@type":"ListItem","position":3,"name":"Aluco Guardian\u2122 NPWT system"}]},{"@type":"WebSite","@id":"https:\/\/maxani.nl\/#website","url":"https:\/\/maxani.nl\/","name":"Maxani Animal Healthcare BV","description":"O seu parceiro em dermatologia veterin\u00e1ria","potentialAction":[{"@type":"SearchAction","target":{"@type":"EntryPoint","urlTemplate":"https:\/\/maxani.nl\/?s={search_term_string}"},"query-input":{"@type":"PropertyValueSpecification","valueRequired":true,"valueName":"search_term_string"}}],"inLanguage":"pt-PT"}]}},"jetpack_sharing_enabled":true,"_links":{"self":[{"href":"https:\/\/maxani.nl\/pt\/wp-json\/wp\/v2\/product\/18678","targetHints":{"allow":["GET"]}}],"collection":[{"href":"https:\/\/maxani.nl\/pt\/wp-json\/wp\/v2\/product"}],"about":[{"href":"https:\/\/maxani.nl\/pt\/wp-json\/wp\/v2\/types\/product"}],"wp:featuredmedia":[{"embeddable":true,"href":"https:\/\/maxani.nl\/pt\/wp-json\/wp\/v2\/media\/18679"}],"wp:attachment":[{"href":"https:\/\/maxani.nl\/pt\/wp-json\/wp\/v2\/media?parent=18678"}],"wp:term":[{"taxonomy":"product_brand","embeddable":true,"href":"https:\/\/maxani.nl\/pt\/wp-json\/wp\/v2\/product_brand?post=18678"},{"taxonomy":"product_cat","embeddable":true,"href":"https:\/\/maxani.nl\/pt\/wp-json\/wp\/v2\/product_cat?post=18678"},{"taxonomy":"product_tag","embeddable":true,"href":"https:\/\/maxani.nl\/pt\/wp-json\/wp\/v2\/product_tag?post=18678"}],"curies":[{"name":"wp","href":"https:\/\/api.w.org\/{rel}","templated":true}]}}