{"id":18166,"date":"2025-10-16T12:03:15","date_gmt":"2025-10-16T12:03:15","guid":{"rendered":"https:\/\/maxani.nl\/?post_type=product&#038;p=18166"},"modified":"2026-03-04T12:22:46","modified_gmt":"2026-03-04T12:22:46","slug":"skin-repair-serum","status":"publish","type":"product","link":"https:\/\/maxani.nl\/pt\/produto\/skin-repair-serum\/","title":{"rendered":"S\u00e9rum reparador da pele"},"content":{"rendered":"<p><strong>Porque \u00e9 que o Skin Repair Serum funciona<\/strong><br \/>\nSkin Repair Serum apoia a repara\u00e7\u00e3o natural da barreira cut\u00e2nea com uma combina\u00e7\u00e3o \u00fanica de esqualano, \u00e1cidos gordos \u00f3mega 3-6-7-9, \u00f3leo de espinheiro mar\u00edtimo, \u00f3leo de \u00e9quio e vitamina E.<\/p>\n<ul>\n<li>Apoia a pele com comich\u00e3o, vermelhid\u00e3o e secura<\/li>\n<li>Hidrata e acalma a pele sens\u00edvel<\/li>\n<li>Favorece a repara\u00e7\u00e3o e o refor\u00e7o da barreira cut\u00e2nea<\/li>\n<li>Contribui para uma pelagem saud\u00e1vel e apoia a pele em caso de queda de cabelo<\/li>\n<\/ul>\n<p>Gra\u00e7as a esta composi\u00e7\u00e3o sin\u00e9rgica, o soro proporciona um cuidado eficaz aos animais com pele sens\u00edvel, seca ou irritada.<\/p>\n<p><strong>Indica\u00e7\u00f5es<\/strong><br \/>\nPara c\u00e3es, gatos, cavalos, coelhos e roedores com pele sens\u00edvel, irritada, seca ou fr\u00e1gil, onde os cuidados estruturais da pele s\u00e3o importantes para manter uma barreira cut\u00e2nea saud\u00e1vel. Skin Repair Serum apoia a pele em casos de alergias, descama\u00e7\u00e3o, comich\u00e3o, secura, vermelhid\u00e3o ou \u00e1reas de pele irritada. Tamb\u00e9m adequado para pelagem ba\u00e7a ou est\u00e1tica e queda excessiva de pelo.<\/p>\n<p><strong>Utiliza\u00e7\u00e3o<\/strong><br \/>\nAplicar na pele seca, de prefer\u00eancia na base do pesco\u00e7o, na base da cauda ou diretamente nas zonas problem\u00e1ticas, como as virilhas, as axilas ou as pernas. Espalhar a camada com os dedos de modo a que a pele fique vis\u00edvel. N\u00e3o \u00e9 necess\u00e1rio massajar; o soro espalha-se sobre a pele por si s\u00f3. Come\u00e7ar com uma administra\u00e7\u00e3o de, pelo menos, tr\u00eas vezes por semana (pode ser diariamente) durante seis semanas. Posteriormente, uma ou duas vezes por semana ou conforme necess\u00e1rio em caso de queixas recorrentes.<\/p>\n<p><strong>Conselhos pr\u00e1ticos<\/strong><br \/>\nAplicar pelo menos 12 horas antes ou 24 horas depois da lavagem. Pode ser combinado com seguran\u00e7a com outros produtos de cuidado da pele ou champ\u00f4s.<\/p>","protected":false},"excerpt":{"rendered":"<p>Um s\u00e9rum intensamente nutritivo que apoia a repara\u00e7\u00e3o natural da barreira cut\u00e2nea.<\/p>\n<p>A f\u00f3rmula sin\u00e9rgica proporciona um cuidado eficaz para os animais com pele sens\u00edvel, seca ou irritada.<\/p>\n<p>Dispon\u00edvel em 15, 30 ou 50 ml.<\/p>\n<span class=\"wppb-content-restriction-message\"><p data-opacity=\"0.5\">Para mais informa\u00e7\u00f5es, \u00e9 necess\u00e1rio iniciar sess\u00e3o<\/p>\n<\/span>","protected":false},"featured_media":18178,"template":"","meta":[],"product_brand":[],"product_cat":[15,29,24],"product_tag":[],"class_list":{"0":"post-18166","1":"product","2":"type-product","3":"status-publish","4":"has-post-thumbnail","6":"product_cat-alle-producten","7":"product_cat-maxani","8":"product_cat-atopie","10":"first","11":"instock","12":"taxable","13":"shipping-taxable","14":"product-type-variable"},"yoast_head":"<!-- This site is optimized with the Yoast SEO plugin v27.1.1 - https:\/\/yoast.com\/product\/yoast-seo-wordpress\/ -->\n<title>Skin Repair Serum - Maxani Animal Healthcare BV<\/title>\n<meta name=\"robots\" content=\"index, follow, max-snippet:-1, max-image-preview:large, max-video-preview:-1\" \/>\n<link rel=\"canonical\" href=\"https:\/\/maxani.nl\/pt\/produto\/skin-repair-serum\/\" \/>\n<meta property=\"og:locale\" content=\"pt_PT\" \/>\n<meta property=\"og:type\" content=\"article\" \/>\n<meta property=\"og:title\" content=\"Skin Repair Serum - Maxani Animal Healthcare BV\" \/>\n<meta property=\"og:description\" content=\"Een intensief voedend serum dat het natuurlijke herstel van de huid barri\u00e8re\u00a0ondersteunt.  De synergetische formule biedt effectieve verzorging voor dieren met een gevoelige, droge of ge\u00efrriteerde huid.  Verkrijgbaar in 15, 30 of 50 ml.\" \/>\n<meta property=\"og:url\" content=\"https:\/\/maxani.nl\/pt\/produto\/skin-repair-serum\/\" \/>\n<meta property=\"og:site_name\" content=\"Maxani Animal Healthcare BV\" \/>\n<meta property=\"article:modified_time\" content=\"2026-03-04T12:22:46+00:00\" \/>\n<meta property=\"og:image\" content=\"https:\/\/maxani.nl\/wp-content\/uploads\/2025\/10\/Maxani-skin-repair-serum-serie.jpg\" \/>\n\t<meta property=\"og:image:width\" content=\"1218\" \/>\n\t<meta property=\"og:image:height\" content=\"1217\" \/>\n\t<meta property=\"og:image:type\" content=\"image\/jpeg\" \/>\n<meta name=\"twitter:card\" content=\"summary_large_image\" \/>\n<meta name=\"twitter:label1\" content=\"Tempo estimado de leitura\" \/>\n\t<meta name=\"twitter:data1\" content=\"2 minutos\" \/>\n<script type=\"application\/ld+json\" class=\"yoast-schema-graph\">{\"@context\":\"https:\/\/schema.org\",\"@graph\":[{\"@type\":\"WebPage\",\"@id\":\"https:\/\/maxani.nl\/product\/skin-repair-serum\/\",\"url\":\"https:\/\/maxani.nl\/product\/skin-repair-serum\/\",\"name\":\"Skin Repair Serum - Maxani Animal Healthcare BV\",\"isPartOf\":{\"@id\":\"https:\/\/maxani.nl\/#website\"},\"primaryImageOfPage\":{\"@id\":\"https:\/\/maxani.nl\/product\/skin-repair-serum\/#primaryimage\"},\"image\":{\"@id\":\"https:\/\/maxani.nl\/product\/skin-repair-serum\/#primaryimage\"},\"thumbnailUrl\":\"https:\/\/maxani.nl\/wp-content\/uploads\/2025\/10\/Maxani-skin-repair-serum-serie.jpg\",\"datePublished\":\"2025-10-16T12:03:15+00:00\",\"dateModified\":\"2026-03-04T12:22:46+00:00\",\"breadcrumb\":{\"@id\":\"https:\/\/maxani.nl\/product\/skin-repair-serum\/#breadcrumb\"},\"inLanguage\":\"pt-PT\",\"potentialAction\":[{\"@type\":\"ReadAction\",\"target\":[\"https:\/\/maxani.nl\/product\/skin-repair-serum\/\"]}]},{\"@type\":\"ImageObject\",\"inLanguage\":\"pt-PT\",\"@id\":\"https:\/\/maxani.nl\/product\/skin-repair-serum\/#primaryimage\",\"url\":\"https:\/\/maxani.nl\/wp-content\/uploads\/2025\/10\/Maxani-skin-repair-serum-serie.jpg\",\"contentUrl\":\"https:\/\/maxani.nl\/wp-content\/uploads\/2025\/10\/Maxani-skin-repair-serum-serie.jpg\",\"width\":1218,\"height\":1217},{\"@type\":\"BreadcrumbList\",\"@id\":\"https:\/\/maxani.nl\/product\/skin-repair-serum\/#breadcrumb\",\"itemListElement\":[{\"@type\":\"ListItem\",\"position\":1,\"name\":\"Home\",\"item\":\"https:\/\/maxani.nl\/\"},{\"@type\":\"ListItem\",\"position\":2,\"name\":\"Webshop\",\"item\":\"https:\/\/maxani.nl\/webshop\/\"},{\"@type\":\"ListItem\",\"position\":3,\"name\":\"Skin Repair Serum\"}]},{\"@type\":\"WebSite\",\"@id\":\"https:\/\/maxani.nl\/#website\",\"url\":\"https:\/\/maxani.nl\/\",\"name\":\"Maxani Animal Healthcare BV\",\"description\":\"Uw partner in veterinaire dermatologie\",\"potentialAction\":[{\"@type\":\"SearchAction\",\"target\":{\"@type\":\"EntryPoint\",\"urlTemplate\":\"https:\/\/maxani.nl\/?s={search_term_string}\"},\"query-input\":{\"@type\":\"PropertyValueSpecification\",\"valueRequired\":true,\"valueName\":\"search_term_string\"}}],\"inLanguage\":\"pt-PT\"}]}<\/script>\n<!-- \/ Yoast SEO plugin. -->","yoast_head_json":{"title":"Skin Repair Serum - Maxani Animal Healthcare BV","robots":{"index":"index","follow":"follow","max-snippet":"max-snippet:-1","max-image-preview":"max-image-preview:large","max-video-preview":"max-video-preview:-1"},"canonical":"https:\/\/maxani.nl\/pt\/produto\/skin-repair-serum\/","og_locale":"pt_PT","og_type":"article","og_title":"Skin Repair Serum - Maxani Animal Healthcare BV","og_description":"Een intensief voedend serum dat het natuurlijke herstel van de huid barri\u00e8re\u00a0ondersteunt.  De synergetische formule biedt effectieve verzorging voor dieren met een gevoelige, droge of ge\u00efrriteerde huid.  Verkrijgbaar in 15, 30 of 50 ml.","og_url":"https:\/\/maxani.nl\/pt\/produto\/skin-repair-serum\/","og_site_name":"Maxani Animal Healthcare BV","article_modified_time":"2026-03-04T12:22:46+00:00","og_image":[{"width":1218,"height":1217,"url":"https:\/\/maxani.nl\/wp-content\/uploads\/2025\/10\/Maxani-skin-repair-serum-serie.jpg","type":"image\/jpeg"}],"twitter_card":"summary_large_image","twitter_misc":{"Tempo estimado de leitura":"2 minutos"},"schema":{"@context":"https:\/\/schema.org","@graph":[{"@type":"WebPage","@id":"https:\/\/maxani.nl\/product\/skin-repair-serum\/","url":"https:\/\/maxani.nl\/product\/skin-repair-serum\/","name":"Skin Repair Serum - Maxani Animal Healthcare BV","isPartOf":{"@id":"https:\/\/maxani.nl\/#website"},"primaryImageOfPage":{"@id":"https:\/\/maxani.nl\/product\/skin-repair-serum\/#primaryimage"},"image":{"@id":"https:\/\/maxani.nl\/product\/skin-repair-serum\/#primaryimage"},"thumbnailUrl":"https:\/\/maxani.nl\/wp-content\/uploads\/2025\/10\/Maxani-skin-repair-serum-serie.jpg","datePublished":"2025-10-16T12:03:15+00:00","dateModified":"2026-03-04T12:22:46+00:00","breadcrumb":{"@id":"https:\/\/maxani.nl\/product\/skin-repair-serum\/#breadcrumb"},"inLanguage":"pt-PT","potentialAction":[{"@type":"ReadAction","target":["https:\/\/maxani.nl\/product\/skin-repair-serum\/"]}]},{"@type":"ImageObject","inLanguage":"pt-PT","@id":"https:\/\/maxani.nl\/product\/skin-repair-serum\/#primaryimage","url":"https:\/\/maxani.nl\/wp-content\/uploads\/2025\/10\/Maxani-skin-repair-serum-serie.jpg","contentUrl":"https:\/\/maxani.nl\/wp-content\/uploads\/2025\/10\/Maxani-skin-repair-serum-serie.jpg","width":1218,"height":1217},{"@type":"BreadcrumbList","@id":"https:\/\/maxani.nl\/product\/skin-repair-serum\/#breadcrumb","itemListElement":[{"@type":"ListItem","position":1,"name":"Home","item":"https:\/\/maxani.nl\/"},{"@type":"ListItem","position":2,"name":"Webshop","item":"https:\/\/maxani.nl\/webshop\/"},{"@type":"ListItem","position":3,"name":"Skin Repair Serum"}]},{"@type":"WebSite","@id":"https:\/\/maxani.nl\/#website","url":"https:\/\/maxani.nl\/","name":"Maxani Animal Healthcare BV","description":"O seu parceiro em dermatologia veterin\u00e1ria","potentialAction":[{"@type":"SearchAction","target":{"@type":"EntryPoint","urlTemplate":"https:\/\/maxani.nl\/?s={search_term_string}"},"query-input":{"@type":"PropertyValueSpecification","valueRequired":true,"valueName":"search_term_string"}}],"inLanguage":"pt-PT"}]}},"jetpack_sharing_enabled":true,"_links":{"self":[{"href":"https:\/\/maxani.nl\/pt\/wp-json\/wp\/v2\/product\/18166","targetHints":{"allow":["GET"]}}],"collection":[{"href":"https:\/\/maxani.nl\/pt\/wp-json\/wp\/v2\/product"}],"about":[{"href":"https:\/\/maxani.nl\/pt\/wp-json\/wp\/v2\/types\/product"}],"wp:featuredmedia":[{"embeddable":true,"href":"https:\/\/maxani.nl\/pt\/wp-json\/wp\/v2\/media\/18178"}],"wp:attachment":[{"href":"https:\/\/maxani.nl\/pt\/wp-json\/wp\/v2\/media?parent=18166"}],"wp:term":[{"taxonomy":"product_brand","embeddable":true,"href":"https:\/\/maxani.nl\/pt\/wp-json\/wp\/v2\/product_brand?post=18166"},{"taxonomy":"product_cat","embeddable":true,"href":"https:\/\/maxani.nl\/pt\/wp-json\/wp\/v2\/product_cat?post=18166"},{"taxonomy":"product_tag","embeddable":true,"href":"https:\/\/maxani.nl\/pt\/wp-json\/wp\/v2\/product_tag?post=18166"}],"curies":[{"name":"wp","href":"https:\/\/api.w.org\/{rel}","templated":true}]}}