{"id":163,"date":"2019-08-13T12:17:52","date_gmt":"2019-08-13T12:17:52","guid":{"rendered":"https:\/\/maandvandehuidverzorging.nl\/?post_type=product&#038;p=163"},"modified":"2026-03-04T12:09:03","modified_gmt":"2026-03-04T12:09:03","slug":"zure-oordruppels","status":"publish","type":"product","link":"https:\/\/maxani.nl\/pt\/produto\/zure-oordruppels\/","title":{"rendered":"Maxani Acetic Ear Drops (Gotas auriculares \u00e1cidas)"},"content":{"rendered":"<p><strong>Indica\u00e7\u00f5es<\/strong><\/p>\n<p>Otite externa aguda e proliferativa ou como produto de manuten\u00e7\u00e3o na otite externa cr\u00f3nica recorrente e em c\u00e3es que nadam muito.<\/p>\n<p><strong>Funcionamento<\/strong><\/p>\n<p>O ingrediente ativo \u00e1cido ac\u00e9tico reduz o pH no canal auditivo externo, criando um ambiente desfavor\u00e1vel para microrganismos indesej\u00e1veis. \u00c9 um produto de manuten\u00e7\u00e3o adequado, ajuda rapidamente e garante ouvidos saud\u00e1veis.<\/p>\n<p><strong>Utiliza\u00e7\u00e3o<\/strong><\/p>\n<p>Antes de utilizar, consultar um veterin\u00e1rio e seguir a prescri\u00e7\u00e3o de utiliza\u00e7\u00e3o. A dose habitual para um ouvido irritado \u00e9 de 1-3 vezes por dia 5-20 gotas, dependendo do tamanho do animal, diretamente no ouvido a ser tratado. Normalmente, para um c\u00e3o pequeno (10 kg) administrar \u00bd pipeta (10-20 gotas) por ouvido. Para a manuten\u00e7\u00e3o, a dose habitual \u00e9 de 1-3 vezes por semana, e para os c\u00e3es que sofrem muito devido \u00e0 nata\u00e7\u00e3o, recomenda-se o tratamento antes ou depois da nata\u00e7\u00e3o.<\/p>\n<p>Certifique-se de que as gotas auriculares est\u00e3o \u00e0 temperatura ambiente antes de as administrar, por exemplo, aquecendo o frasco na sua m\u00e3o. Ap\u00f3s a administra\u00e7\u00e3o, \u00e9 importante manter uma m\u00e3o sobre o ouvido durante cerca de 2 minutos para permitir que as gotas se espalhem uniformemente no canal auditivo. Abanar o copo depois disto n\u00e3o \u00e9 um problema. Evitar massajar o ouvido.<\/p>\n<span class=\"wppb-content-restriction-message\"><p data-opacity=\"0.5\">Para mais informa\u00e7\u00f5es, \u00e9 necess\u00e1rio iniciar sess\u00e3o<\/p>\n<\/span>","protected":false},"excerpt":{"rendered":"<p>As gotas auriculares \u00e1cidas inibem a comich\u00e3o e o incha\u00e7o numa infe\u00e7\u00e3o do ouvido. Tendo em conta a resist\u00eancia aos antibi\u00f3ticos, a utiliza\u00e7\u00e3o de gotas auriculares \u00e1cidas \u00e9 uma boa alternativa. As gotas auriculares \u00e1cidas foram desenvolvidas por farmac\u00eauticos. A diretriz do KNMvD \u2018Otite externa no c\u00e3o e no gato\u2019 (2015) descreve que, especialmente para c\u00e3es com otite externa proliferativa cr\u00f3nica recorrente, este novo m\u00e9todo de tratamento pode ser considerado. As gotas auriculares \u00e1cidas (com e sem corticoster\u00f3ides) s\u00e3o utilizadas h\u00e1 muito tempo, de forma humana, como primeira escolha em pessoas com otite externa e em pessoas que nadam ou mergulham muito, sendo tamb\u00e9m aconselhadas para c\u00e3es.<\/p>\n<p><strong>Animal<\/strong>: C\u00e3o e gato<\/p>\n<p><strong>Conte\u00fado<\/strong>: 10 ml, 20 ml<\/p>\n<span class=\"wppb-content-restriction-message\"><p data-opacity=\"0.5\">Para mais informa\u00e7\u00f5es, \u00e9 necess\u00e1rio iniciar sess\u00e3o<\/p>\n<\/span>\n<p>&nbsp;<\/p>","protected":false},"featured_media":11879,"template":"","meta":[],"product_brand":[],"product_cat":[15,29],"product_tag":[250,251,252,249,248],"class_list":{"0":"post-163","1":"product","2":"type-product","3":"status-publish","4":"has-post-thumbnail","6":"product_cat-alle-producten","7":"product_cat-maxani","8":"product_tag-250","9":"product_tag-251","10":"product_tag-acetic","11":"product_tag-oordruppels","12":"product_tag-zuur","14":"first","15":"instock","16":"taxable","17":"shipping-taxable","18":"product-type-variable"},"yoast_head":"<!-- This site is optimized with the Yoast SEO plugin v27.1.1 - https:\/\/yoast.com\/product\/yoast-seo-wordpress\/ -->\n<title>Maxani Acetic Ear Drops (Zure oordruppels) - Maxani Animal Healthcare BV<\/title>\n<meta name=\"robots\" content=\"index, follow, max-snippet:-1, max-image-preview:large, max-video-preview:-1\" \/>\n<link rel=\"canonical\" href=\"https:\/\/maxani.nl\/pt\/produto\/zure-oordruppels\/\" \/>\n<meta property=\"og:locale\" content=\"pt_PT\" \/>\n<meta property=\"og:type\" content=\"article\" \/>\n<meta property=\"og:title\" content=\"Maxani Acetic Ear Drops (Zure oordruppels) - Maxani Animal Healthcare BV\" \/>\n<meta property=\"og:description\" content=\"Zure oordruppels remmen jeuk en zwelling bij een oorontsteking. Het gebruik van zure oordruppels is met oog op antibioticaresistentie een mooi alternatief. Zure oordruppels zijn ontwikkeld door apothekers. In de richtlijn \u2018Otitis externa bij de hond en kat\u2019 van het KNMvD (2015) staat beschreven dat men met name voor honden met chronische recidiverende proliferatieve otitis externa deze nieuwe manier van behandelen kan overwegen. Zure oordruppels (met en zonder corticostero\u00efden) worden sinds jaar en dag al humaan gebruikt als eerste keus bij mensen met otitis externa en bij mensen die veel zwemmen of duiken en worden zo ook voor honden geadviseerd.  Dier: Hond en kat  Inhoud: 10 ml, 20 ml    &nbsp;\" \/>\n<meta property=\"og:url\" content=\"https:\/\/maxani.nl\/pt\/produto\/zure-oordruppels\/\" \/>\n<meta property=\"og:site_name\" content=\"Maxani Animal Healthcare BV\" \/>\n<meta property=\"article:modified_time\" content=\"2026-03-04T12:09:03+00:00\" \/>\n<meta property=\"og:image\" content=\"https:\/\/maxani.nl\/wp-content\/uploads\/2023\/01\/Maxani-ear-drops-10-en-20ml.jpg\" \/>\n\t<meta property=\"og:image:width\" content=\"1080\" \/>\n\t<meta property=\"og:image:height\" content=\"1080\" \/>\n\t<meta property=\"og:image:type\" content=\"image\/jpeg\" \/>\n<meta name=\"twitter:card\" content=\"summary_large_image\" \/>\n<meta name=\"twitter:label1\" content=\"Tempo estimado de leitura\" \/>\n\t<meta name=\"twitter:data1\" content=\"3 minutos\" \/>\n<script type=\"application\/ld+json\" class=\"yoast-schema-graph\">{\"@context\":\"https:\/\/schema.org\",\"@graph\":[{\"@type\":\"WebPage\",\"@id\":\"https:\/\/maxani.nl\/product\/zure-oordruppels\/\",\"url\":\"https:\/\/maxani.nl\/product\/zure-oordruppels\/\",\"name\":\"Maxani Acetic Ear Drops (Zure oordruppels) - Maxani Animal Healthcare BV\",\"isPartOf\":{\"@id\":\"https:\/\/maxani.nl\/#website\"},\"primaryImageOfPage\":{\"@id\":\"https:\/\/maxani.nl\/product\/zure-oordruppels\/#primaryimage\"},\"image\":{\"@id\":\"https:\/\/maxani.nl\/product\/zure-oordruppels\/#primaryimage\"},\"thumbnailUrl\":\"https:\/\/maxani.nl\/wp-content\/uploads\/2023\/01\/Maxani-ear-drops-10-en-20ml.jpg\",\"datePublished\":\"2019-08-13T12:17:52+00:00\",\"dateModified\":\"2026-03-04T12:09:03+00:00\",\"breadcrumb\":{\"@id\":\"https:\/\/maxani.nl\/product\/zure-oordruppels\/#breadcrumb\"},\"inLanguage\":\"pt-PT\",\"potentialAction\":[{\"@type\":\"ReadAction\",\"target\":[\"https:\/\/maxani.nl\/product\/zure-oordruppels\/\"]}]},{\"@type\":\"ImageObject\",\"inLanguage\":\"pt-PT\",\"@id\":\"https:\/\/maxani.nl\/product\/zure-oordruppels\/#primaryimage\",\"url\":\"https:\/\/maxani.nl\/wp-content\/uploads\/2023\/01\/Maxani-ear-drops-10-en-20ml.jpg\",\"contentUrl\":\"https:\/\/maxani.nl\/wp-content\/uploads\/2023\/01\/Maxani-ear-drops-10-en-20ml.jpg\",\"width\":1080,\"height\":1080},{\"@type\":\"BreadcrumbList\",\"@id\":\"https:\/\/maxani.nl\/product\/zure-oordruppels\/#breadcrumb\",\"itemListElement\":[{\"@type\":\"ListItem\",\"position\":1,\"name\":\"Home\",\"item\":\"https:\/\/maxani.nl\/\"},{\"@type\":\"ListItem\",\"position\":2,\"name\":\"Webshop\",\"item\":\"https:\/\/maxani.nl\/webshop\/\"},{\"@type\":\"ListItem\",\"position\":3,\"name\":\"Maxani Acetic Ear Drops (Zure oordruppels)\"}]},{\"@type\":\"WebSite\",\"@id\":\"https:\/\/maxani.nl\/#website\",\"url\":\"https:\/\/maxani.nl\/\",\"name\":\"Maxani Animal Healthcare BV\",\"description\":\"Uw partner in veterinaire dermatologie\",\"potentialAction\":[{\"@type\":\"SearchAction\",\"target\":{\"@type\":\"EntryPoint\",\"urlTemplate\":\"https:\/\/maxani.nl\/?s={search_term_string}\"},\"query-input\":{\"@type\":\"PropertyValueSpecification\",\"valueRequired\":true,\"valueName\":\"search_term_string\"}}],\"inLanguage\":\"pt-PT\"}]}<\/script>\n<!-- \/ Yoast SEO plugin. -->","yoast_head_json":{"title":"Maxani Acetic Ear Drops (Zure oordruppels) - Maxani Animal Healthcare BV","robots":{"index":"index","follow":"follow","max-snippet":"max-snippet:-1","max-image-preview":"max-image-preview:large","max-video-preview":"max-video-preview:-1"},"canonical":"https:\/\/maxani.nl\/pt\/produto\/zure-oordruppels\/","og_locale":"pt_PT","og_type":"article","og_title":"Maxani Acetic Ear Drops (Zure oordruppels) - Maxani Animal Healthcare BV","og_description":"Zure oordruppels remmen jeuk en zwelling bij een oorontsteking. Het gebruik van zure oordruppels is met oog op antibioticaresistentie een mooi alternatief. Zure oordruppels zijn ontwikkeld door apothekers. In de richtlijn \u2018Otitis externa bij de hond en kat\u2019 van het KNMvD (2015) staat beschreven dat men met name voor honden met chronische recidiverende proliferatieve otitis externa deze nieuwe manier van behandelen kan overwegen. Zure oordruppels (met en zonder corticostero\u00efden) worden sinds jaar en dag al humaan gebruikt als eerste keus bij mensen met otitis externa en bij mensen die veel zwemmen of duiken en worden zo ook voor honden geadviseerd.  Dier: Hond en kat  Inhoud: 10 ml, 20 ml    &nbsp;","og_url":"https:\/\/maxani.nl\/pt\/produto\/zure-oordruppels\/","og_site_name":"Maxani Animal Healthcare BV","article_modified_time":"2026-03-04T12:09:03+00:00","og_image":[{"width":1080,"height":1080,"url":"https:\/\/maxani.nl\/wp-content\/uploads\/2023\/01\/Maxani-ear-drops-10-en-20ml.jpg","type":"image\/jpeg"}],"twitter_card":"summary_large_image","twitter_misc":{"Tempo estimado de leitura":"3 minutos"},"schema":{"@context":"https:\/\/schema.org","@graph":[{"@type":"WebPage","@id":"https:\/\/maxani.nl\/product\/zure-oordruppels\/","url":"https:\/\/maxani.nl\/product\/zure-oordruppels\/","name":"Maxani Acetic Ear Drops (Zure oordruppels) - Maxani Animal Healthcare BV","isPartOf":{"@id":"https:\/\/maxani.nl\/#website"},"primaryImageOfPage":{"@id":"https:\/\/maxani.nl\/product\/zure-oordruppels\/#primaryimage"},"image":{"@id":"https:\/\/maxani.nl\/product\/zure-oordruppels\/#primaryimage"},"thumbnailUrl":"https:\/\/maxani.nl\/wp-content\/uploads\/2023\/01\/Maxani-ear-drops-10-en-20ml.jpg","datePublished":"2019-08-13T12:17:52+00:00","dateModified":"2026-03-04T12:09:03+00:00","breadcrumb":{"@id":"https:\/\/maxani.nl\/product\/zure-oordruppels\/#breadcrumb"},"inLanguage":"pt-PT","potentialAction":[{"@type":"ReadAction","target":["https:\/\/maxani.nl\/product\/zure-oordruppels\/"]}]},{"@type":"ImageObject","inLanguage":"pt-PT","@id":"https:\/\/maxani.nl\/product\/zure-oordruppels\/#primaryimage","url":"https:\/\/maxani.nl\/wp-content\/uploads\/2023\/01\/Maxani-ear-drops-10-en-20ml.jpg","contentUrl":"https:\/\/maxani.nl\/wp-content\/uploads\/2023\/01\/Maxani-ear-drops-10-en-20ml.jpg","width":1080,"height":1080},{"@type":"BreadcrumbList","@id":"https:\/\/maxani.nl\/product\/zure-oordruppels\/#breadcrumb","itemListElement":[{"@type":"ListItem","position":1,"name":"Home","item":"https:\/\/maxani.nl\/"},{"@type":"ListItem","position":2,"name":"Webshop","item":"https:\/\/maxani.nl\/webshop\/"},{"@type":"ListItem","position":3,"name":"Maxani Acetic Ear Drops (Zure oordruppels)"}]},{"@type":"WebSite","@id":"https:\/\/maxani.nl\/#website","url":"https:\/\/maxani.nl\/","name":"Maxani Animal Healthcare BV","description":"O seu parceiro em dermatologia veterin\u00e1ria","potentialAction":[{"@type":"SearchAction","target":{"@type":"EntryPoint","urlTemplate":"https:\/\/maxani.nl\/?s={search_term_string}"},"query-input":{"@type":"PropertyValueSpecification","valueRequired":true,"valueName":"search_term_string"}}],"inLanguage":"pt-PT"}]}},"jetpack_sharing_enabled":true,"_links":{"self":[{"href":"https:\/\/maxani.nl\/pt\/wp-json\/wp\/v2\/product\/163","targetHints":{"allow":["GET"]}}],"collection":[{"href":"https:\/\/maxani.nl\/pt\/wp-json\/wp\/v2\/product"}],"about":[{"href":"https:\/\/maxani.nl\/pt\/wp-json\/wp\/v2\/types\/product"}],"wp:featuredmedia":[{"embeddable":true,"href":"https:\/\/maxani.nl\/pt\/wp-json\/wp\/v2\/media\/11879"}],"wp:attachment":[{"href":"https:\/\/maxani.nl\/pt\/wp-json\/wp\/v2\/media?parent=163"}],"wp:term":[{"taxonomy":"product_brand","embeddable":true,"href":"https:\/\/maxani.nl\/pt\/wp-json\/wp\/v2\/product_brand?post=163"},{"taxonomy":"product_cat","embeddable":true,"href":"https:\/\/maxani.nl\/pt\/wp-json\/wp\/v2\/product_cat?post=163"},{"taxonomy":"product_tag","embeddable":true,"href":"https:\/\/maxani.nl\/pt\/wp-json\/wp\/v2\/product_tag?post=163"}],"curies":[{"name":"wp","href":"https:\/\/api.w.org\/{rel}","templated":true}]}}