{"id":16241,"date":"2025-03-22T22:01:53","date_gmt":"2025-03-22T22:01:53","guid":{"rendered":"https:\/\/maxani.nl\/?post_type=product&#038;p=16241"},"modified":"2025-10-03T14:57:10","modified_gmt":"2025-10-03T14:57:10","slug":"dermcoat","status":"publish","type":"product","link":"https:\/\/maxani.nl\/pt\/produto\/dermcoat\/","title":{"rendered":"Maxani DermCoat"},"content":{"rendered":"<p>Na Maxani, estamos constantemente a trabalhar em solu\u00e7\u00f5es inteligentes para terapias dermatol\u00f3gicas mais eficazes. A nossa \u00faltima inova\u00e7\u00e3o: o DermCoat - um revestimento terap\u00eautico que permite que os tratamentos com champ\u00f4 e \u00f3leo actuem mais eficazmente. Ao contr\u00e1rio de um roup\u00e3o de banho absorvente, o DermCoat mant\u00e9m o produto na pele, para uma cura mais r\u00e1pida e mais conforto tanto para o animal como para o dono.<\/p>\n<p><strong>Porqu\u00ea aconselhar?<\/strong><\/p>\n<ul>\n<li>\n<div><strong>M\u00e1xima efic\u00e1cia:<\/strong> Assegura um contacto prolongado entre a pele e o produto, permitindo que os ingredientes activos actuem melhor.<\/div>\n<\/li>\n<li>\n<div><strong>Essencial na terapia com \u00f3leos:<\/strong> Ideal para a aplica\u00e7\u00e3o de \u00f3leos hidratantes: evita a contamina\u00e7\u00e3o ambiental e favorece a absor\u00e7\u00e3o pela pele.<\/div>\n<\/li>\n<li>\n<div><strong>Melhor cumprimento:<\/strong> Uma aplica\u00e7\u00e3o simples, instru\u00e7\u00f5es claras e menos confus\u00e3o facilitam aos propriet\u00e1rios a conclus\u00e3o correta do tratamento.<\/div>\n<\/li>\n<li>\n<div><strong>Aspeto profissional:<\/strong> D\u00e1 aos propriet\u00e1rios uma confian\u00e7a extra no seu plano de tratamento prescrito.<\/div>\n<\/li>\n<\/ul>\n<p><strong>Benef\u00edcios para o propriet\u00e1rio<\/strong><\/p>\n<ul>\n<li><strong> F\u00e1cil de utilizar:<\/strong> F\u00e1cil de p\u00f4r e tirar, mesmo por uma s\u00f3 pessoa - n\u00e3o h\u00e1 mais toalhas molhadas ou confus\u00e3o.<\/li>\n<li><strong>Um ambiente limpo:<\/strong> O champ\u00f4 ou o \u00f3leo ficam na pele do animal e n\u00e3o nas paredes, nos m\u00f3veis, no ch\u00e3o ou na roupa.<\/li>\n<li><strong>O champ\u00f4 fica na pele<\/strong>N\u00e3o se preocupe mais com o facto de o c\u00e3o sacudir o champ\u00f4.<\/li>\n<\/ul>\n<p><strong>Benef\u00edcios para o c\u00e3o<\/strong><\/p>\n<ul>\n<li><strong> Conforto e liberdade de movimentos<\/strong>N\u00e3o h\u00e1 toalhas frias e molhadas nem roup\u00f5es pegajosos - o c\u00e3o pode mover-se livremente enquanto est\u00e1 de molho.<\/li>\n<li><strong>Menos stress, recupera\u00e7\u00e3o mais r\u00e1pida<\/strong>O ajuste confort\u00e1vel e as condi\u00e7\u00f5es \u00f3ptimas de tratamento contribuem para um processo de recupera\u00e7\u00e3o mais r\u00e1pido e agrad\u00e1vel.<\/li>\n<\/ul>\n<p><strong>Instru\u00e7\u00f5es importantes de utiliza\u00e7\u00e3o <\/strong><\/p>\n<p>N\u00e3o deixar o animal andar com o DermCoat durante longos per\u00edodos de tempo quente. Devido ao efeito de isolamento, existe o risco de sobreaquecimento. Utilizar o DermCoat sempre sob supervis\u00e3o.<\/p>\n<p><strong>Detalhes do produto<\/strong><\/p>\n<ul>\n<li>\n<div>Flex\u00edvel, leve e confort\u00e1vel<\/div>\n<\/li>\n<li>Reutiliz\u00e1vel e lav\u00e1vel a 30\u00b0C (n\u00e3o secar na m\u00e1quina)<\/li>\n<li>O revestimento interior especial mant\u00e9m eficazmente o champ\u00f4 ou o \u00f3leo na pele<\/li>\n<\/ul>\n<span class=\"wppb-content-restriction-message\"><p data-opacity=\"0.5\">Para mais informa\u00e7\u00f5es, \u00e9 necess\u00e1rio iniciar sess\u00e3o<\/p>\n<\/span>","protected":false},"excerpt":{"rendered":"<p>O revestimento inteligente que melhora a ades\u00e3o \u00e0 terapia, bem como os resultados do tratamento. A nossa mais recente inova\u00e7\u00e3o: o DermCoat - um revestimento terap\u00eautico que permite que os tratamentos com champ\u00f4 e \u00f3leo funcionem melhor. Ao contr\u00e1rio de um roup\u00e3o de banho absorvente, o DermCoat mant\u00e9m o produto na pele, para uma cura mais r\u00e1pida e mais conforto para o animal e o dono.<\/p>","protected":false},"featured_media":17223,"template":"","meta":[],"product_brand":[],"product_cat":[15,29,24,36,37,124],"product_tag":[],"class_list":{"0":"post-16241","1":"product","2":"type-product","3":"status-publish","4":"has-post-thumbnail","6":"product_cat-alle-producten","7":"product_cat-maxani","8":"product_cat-atopie","9":"product_cat-pyodermie","10":"product_cat-seborroe","11":"product_cat-therapietrouw","13":"first","14":"instock","15":"taxable","16":"shipping-taxable","17":"product-type-variable"},"yoast_head":"<!-- This site is optimized with the Yoast SEO plugin v27.1.1 - https:\/\/yoast.com\/product\/yoast-seo-wordpress\/ -->\n<title>Maxani DermCoat - Maxani Animal Healthcare BV<\/title>\n<meta name=\"robots\" content=\"index, follow, max-snippet:-1, max-image-preview:large, max-video-preview:-1\" \/>\n<link rel=\"canonical\" href=\"https:\/\/maxani.nl\/pt\/produto\/dermcoat\/\" \/>\n<meta property=\"og:locale\" content=\"pt_PT\" \/>\n<meta property=\"og:type\" content=\"article\" \/>\n<meta property=\"og:title\" content=\"Maxani DermCoat - Maxani Animal Healthcare BV\" \/>\n<meta property=\"og:description\" content=\"De slimme jas die therapietrouw \u00e9n behandelresultaten verbetert. Onze nieuwste innovatie: de DermCoat \u2013 een therapeutische jas die shampoo- en oliebehandelingen beter laat inwerken. In tegenstelling tot een absorberende badjas houdt de DermCoat het product op de huid, voor snellere genezing en meer comfort voor dier \u00e9n eigenaar.\" \/>\n<meta property=\"og:url\" content=\"https:\/\/maxani.nl\/pt\/produto\/dermcoat\/\" \/>\n<meta property=\"og:site_name\" content=\"Maxani Animal Healthcare BV\" \/>\n<meta property=\"article:modified_time\" content=\"2025-10-03T14:57:10+00:00\" \/>\n<meta property=\"og:image\" content=\"https:\/\/maxani.nl\/wp-content\/uploads\/2025\/06\/Maxani_DermCoat.png\" \/>\n\t<meta property=\"og:image:width\" content=\"1080\" \/>\n\t<meta property=\"og:image:height\" content=\"1080\" \/>\n\t<meta property=\"og:image:type\" content=\"image\/png\" \/>\n<meta name=\"twitter:card\" content=\"summary_large_image\" \/>\n<meta name=\"twitter:label1\" content=\"Tempo estimado de leitura\" \/>\n\t<meta name=\"twitter:data1\" content=\"2 minutos\" \/>\n<script type=\"application\/ld+json\" class=\"yoast-schema-graph\">{\"@context\":\"https:\/\/schema.org\",\"@graph\":[{\"@type\":\"WebPage\",\"@id\":\"https:\/\/maxani.nl\/product\/dermcoat\/\",\"url\":\"https:\/\/maxani.nl\/product\/dermcoat\/\",\"name\":\"Maxani DermCoat - Maxani Animal Healthcare BV\",\"isPartOf\":{\"@id\":\"https:\/\/maxani.nl\/#website\"},\"primaryImageOfPage\":{\"@id\":\"https:\/\/maxani.nl\/product\/dermcoat\/#primaryimage\"},\"image\":{\"@id\":\"https:\/\/maxani.nl\/product\/dermcoat\/#primaryimage\"},\"thumbnailUrl\":\"https:\/\/maxani.nl\/wp-content\/uploads\/2025\/06\/Maxani_DermCoat.png\",\"datePublished\":\"2025-03-22T22:01:53+00:00\",\"dateModified\":\"2025-10-03T14:57:10+00:00\",\"breadcrumb\":{\"@id\":\"https:\/\/maxani.nl\/product\/dermcoat\/#breadcrumb\"},\"inLanguage\":\"pt-PT\",\"potentialAction\":[{\"@type\":\"ReadAction\",\"target\":[\"https:\/\/maxani.nl\/product\/dermcoat\/\"]}]},{\"@type\":\"ImageObject\",\"inLanguage\":\"pt-PT\",\"@id\":\"https:\/\/maxani.nl\/product\/dermcoat\/#primaryimage\",\"url\":\"https:\/\/maxani.nl\/wp-content\/uploads\/2025\/06\/Maxani_DermCoat.png\",\"contentUrl\":\"https:\/\/maxani.nl\/wp-content\/uploads\/2025\/06\/Maxani_DermCoat.png\",\"width\":1080,\"height\":1080},{\"@type\":\"BreadcrumbList\",\"@id\":\"https:\/\/maxani.nl\/product\/dermcoat\/#breadcrumb\",\"itemListElement\":[{\"@type\":\"ListItem\",\"position\":1,\"name\":\"Home\",\"item\":\"https:\/\/maxani.nl\/\"},{\"@type\":\"ListItem\",\"position\":2,\"name\":\"Webshop\",\"item\":\"https:\/\/maxani.nl\/webshop\/\"},{\"@type\":\"ListItem\",\"position\":3,\"name\":\"Maxani DermCoat\"}]},{\"@type\":\"WebSite\",\"@id\":\"https:\/\/maxani.nl\/#website\",\"url\":\"https:\/\/maxani.nl\/\",\"name\":\"Maxani Animal Healthcare BV\",\"description\":\"Uw partner in veterinaire dermatologie\",\"potentialAction\":[{\"@type\":\"SearchAction\",\"target\":{\"@type\":\"EntryPoint\",\"urlTemplate\":\"https:\/\/maxani.nl\/?s={search_term_string}\"},\"query-input\":{\"@type\":\"PropertyValueSpecification\",\"valueRequired\":true,\"valueName\":\"search_term_string\"}}],\"inLanguage\":\"pt-PT\"}]}<\/script>\n<!-- \/ Yoast SEO plugin. -->","yoast_head_json":{"title":"Maxani DermCoat - Maxani Animal Healthcare BV","robots":{"index":"index","follow":"follow","max-snippet":"max-snippet:-1","max-image-preview":"max-image-preview:large","max-video-preview":"max-video-preview:-1"},"canonical":"https:\/\/maxani.nl\/pt\/produto\/dermcoat\/","og_locale":"pt_PT","og_type":"article","og_title":"Maxani DermCoat - Maxani Animal Healthcare BV","og_description":"De slimme jas die therapietrouw \u00e9n behandelresultaten verbetert. Onze nieuwste innovatie: de DermCoat \u2013 een therapeutische jas die shampoo- en oliebehandelingen beter laat inwerken. In tegenstelling tot een absorberende badjas houdt de DermCoat het product op de huid, voor snellere genezing en meer comfort voor dier \u00e9n eigenaar.","og_url":"https:\/\/maxani.nl\/pt\/produto\/dermcoat\/","og_site_name":"Maxani Animal Healthcare BV","article_modified_time":"2025-10-03T14:57:10+00:00","og_image":[{"width":1080,"height":1080,"url":"https:\/\/maxani.nl\/wp-content\/uploads\/2025\/06\/Maxani_DermCoat.png","type":"image\/png"}],"twitter_card":"summary_large_image","twitter_misc":{"Tempo estimado de leitura":"2 minutos"},"schema":{"@context":"https:\/\/schema.org","@graph":[{"@type":"WebPage","@id":"https:\/\/maxani.nl\/product\/dermcoat\/","url":"https:\/\/maxani.nl\/product\/dermcoat\/","name":"Maxani DermCoat - Maxani Animal Healthcare BV","isPartOf":{"@id":"https:\/\/maxani.nl\/#website"},"primaryImageOfPage":{"@id":"https:\/\/maxani.nl\/product\/dermcoat\/#primaryimage"},"image":{"@id":"https:\/\/maxani.nl\/product\/dermcoat\/#primaryimage"},"thumbnailUrl":"https:\/\/maxani.nl\/wp-content\/uploads\/2025\/06\/Maxani_DermCoat.png","datePublished":"2025-03-22T22:01:53+00:00","dateModified":"2025-10-03T14:57:10+00:00","breadcrumb":{"@id":"https:\/\/maxani.nl\/product\/dermcoat\/#breadcrumb"},"inLanguage":"pt-PT","potentialAction":[{"@type":"ReadAction","target":["https:\/\/maxani.nl\/product\/dermcoat\/"]}]},{"@type":"ImageObject","inLanguage":"pt-PT","@id":"https:\/\/maxani.nl\/product\/dermcoat\/#primaryimage","url":"https:\/\/maxani.nl\/wp-content\/uploads\/2025\/06\/Maxani_DermCoat.png","contentUrl":"https:\/\/maxani.nl\/wp-content\/uploads\/2025\/06\/Maxani_DermCoat.png","width":1080,"height":1080},{"@type":"BreadcrumbList","@id":"https:\/\/maxani.nl\/product\/dermcoat\/#breadcrumb","itemListElement":[{"@type":"ListItem","position":1,"name":"Home","item":"https:\/\/maxani.nl\/"},{"@type":"ListItem","position":2,"name":"Webshop","item":"https:\/\/maxani.nl\/webshop\/"},{"@type":"ListItem","position":3,"name":"Maxani DermCoat"}]},{"@type":"WebSite","@id":"https:\/\/maxani.nl\/#website","url":"https:\/\/maxani.nl\/","name":"Maxani Animal Healthcare BV","description":"O seu parceiro em dermatologia veterin\u00e1ria","potentialAction":[{"@type":"SearchAction","target":{"@type":"EntryPoint","urlTemplate":"https:\/\/maxani.nl\/?s={search_term_string}"},"query-input":{"@type":"PropertyValueSpecification","valueRequired":true,"valueName":"search_term_string"}}],"inLanguage":"pt-PT"}]}},"jetpack_sharing_enabled":true,"_links":{"self":[{"href":"https:\/\/maxani.nl\/pt\/wp-json\/wp\/v2\/product\/16241","targetHints":{"allow":["GET"]}}],"collection":[{"href":"https:\/\/maxani.nl\/pt\/wp-json\/wp\/v2\/product"}],"about":[{"href":"https:\/\/maxani.nl\/pt\/wp-json\/wp\/v2\/types\/product"}],"wp:featuredmedia":[{"embeddable":true,"href":"https:\/\/maxani.nl\/pt\/wp-json\/wp\/v2\/media\/17223"}],"wp:attachment":[{"href":"https:\/\/maxani.nl\/pt\/wp-json\/wp\/v2\/media?parent=16241"}],"wp:term":[{"taxonomy":"product_brand","embeddable":true,"href":"https:\/\/maxani.nl\/pt\/wp-json\/wp\/v2\/product_brand?post=16241"},{"taxonomy":"product_cat","embeddable":true,"href":"https:\/\/maxani.nl\/pt\/wp-json\/wp\/v2\/product_cat?post=16241"},{"taxonomy":"product_tag","embeddable":true,"href":"https:\/\/maxani.nl\/pt\/wp-json\/wp\/v2\/product_tag?post=16241"}],"curies":[{"name":"wp","href":"https:\/\/api.w.org\/{rel}","templated":true}]}}