{"id":15179,"date":"2024-09-12T10:34:18","date_gmt":"2024-09-12T10:34:18","guid":{"rendered":"https:\/\/maxani.nl\/?post_type=product&#038;p=15179"},"modified":"2026-01-05T08:38:06","modified_gmt":"2026-01-05T08:38:06","slug":"maxani-skin-protect-cream-30-ml","status":"publish","type":"product","link":"https:\/\/maxani.nl\/pt\/produto\/maxani-skin-protect-cream-30-ml\/","title":{"rendered":"Maxani Skin Protect creme 30 ml"},"content":{"rendered":"<p><strong>Creme Protect Skin<\/strong><br \/>\nCreme protetor e de cuidado para a pele irritada e sens\u00edvel, como a do contorno dos olhos e das mucosas.<br \/>\nO creme Protect Skin coloca uma camada protetora fina e flex\u00edvel sobre a pele vermelha, fr\u00e1gil e irritada, ajudando a proteg\u00ea-la<br \/>\ncontra factores externos, especialmente em torno dos olhos e das mucosas.<br \/>\nO creme tamb\u00e9m protege a pele da irrita\u00e7\u00e3o causada pela urina, excesso de fluido lacrimal, muco, fezes e res\u00edduos de medicamentos. Para al\u00e9m da prote\u00e7\u00e3o, este creme tamb\u00e9m fornece nutri\u00e7\u00e3o e hidrata\u00e7\u00e3o essenciais, que s\u00e3o cruciais para a recupera\u00e7\u00e3o da pele.<\/p>\n<p><strong>Indica\u00e7\u00f5es<\/strong><br \/>\nO creme pode ser aplicado em todas as \u00e1reas que necessitem de hidrata\u00e7\u00e3o, prote\u00e7\u00e3o e nutri\u00e7\u00e3o extra. Gra\u00e7as \u00e0 sua f\u00f3rmula muito suave e segura, o creme \u00e9 mesmo adequado para utiliza\u00e7\u00e3o perto das membranas mucosas.<br \/>\n- Irrita\u00e7\u00e3o e vermelhid\u00e3o da pele \u00e0 volta dos olhos em cavalos, coelhos, c\u00e3es e gatos.<br \/>\n- As queimaduras de urina ou as irrita\u00e7\u00f5es da pele causadas pela urina ou pelas fezes, como na barriga dos c\u00e3es machos (incluindo cachorros), a pele vermelha causada por diarreia persistente, o dorso dos coelhos ou em problemas de incontin\u00eancia, podem ser tratadas eficazmente com este creme. No entanto, certifique-se de que n\u00e3o existe uma infe\u00e7\u00e3o cut\u00e2nea, pois esta deve ser tratada primeiro. Durante o tratamento da infe\u00e7\u00e3o secund\u00e1ria da pele, o creme pode ser utilizado como cuidado suplementar e depois para uma maior recupera\u00e7\u00e3o da pele.<br \/>\n- Cuidados posteriores e prote\u00e7\u00e3o adicional da pele fr\u00e1gil depois de ter sido fechada, mas ainda sens\u00edvel, por exemplo, ap\u00f3s feridas, suturas ou outros danos.<br \/>\n- Hidrata\u00e7\u00e3o e repara\u00e7\u00e3o da pele seca e danificada.<br \/>\n- Prote\u00e7\u00e3o contra agentes irritantes, tais como fluido lacrimal, fezes, muco da urina e res\u00edduos de medicamentos.<\/p>\n<p><strong>Funcionamento<\/strong><br \/>\nJuntos, estes ingredientes cuidadosamente formulados formam um creme que protege, hidrata e acalma eficazmente a pele, ajudando tamb\u00e9m a reparar a pele irritada e danificada. A camada protetora que o creme forma na pele prov\u00e9m de uma vers\u00e3o natural do copol\u00edmero capriloil glicerina\/\u00e1cido seb\u00e1cico. Este copol\u00edmero cria uma pel\u00edcula fina e flex\u00edvel que ajuda a proteger contra factores externos como a urina, as fezes e o muco, ao mesmo tempo que ret\u00e9m a humidade na pele. Al\u00e9m disso, este creme de cuidado intensivo combina tr\u00eas ingredientes calmantes especiais para resultados \u00f3ptimos:<\/p>\n<p><strong>GERAL<\/strong><br \/>\n- \u00d3leo de sementes de Helianthus Annuus (\u00f3leo de girassol): Rico em ester\u00f3is vegetais e esqualeno, este \u00f3leo refor\u00e7a a fun\u00e7\u00e3o de barreira da pele e proporciona prote\u00e7\u00e3o contra os danos causados pelos radicais livres.<br \/>\n- Hamamelis (\u00e0 base de \u00e1gua sem \u00e1lcool): Acalma a pele e tem propriedades anti-inflamat\u00f3rias e adstringentes que reduzem a vermelhid\u00e3o e a irrita\u00e7\u00e3o.<br \/>\n- Alanto\u00edna: Apoia a repara\u00e7\u00e3o da pele, promove a esfolia\u00e7\u00e3o e suaviza e acalma a pele irritada. Protege contra a desidrata\u00e7\u00e3o, retendo a humidade e promovendo a hidrata\u00e7\u00e3o, que \u00e9 essencial para uma pele saud\u00e1vel. A sua a\u00e7\u00e3o calmante reduz a irrita\u00e7\u00e3o, a vermelhid\u00e3o e o desconforto. Esta f\u00f3rmula cont\u00e9m tamb\u00e9m mel, manteiga de karit\u00e9, vitamina E e \u00f3leo de jojoba, conhecidos pelas suas propriedades hidratantes, nutritivas e reparadoras, deixando a pele macia e flex\u00edvel:<br \/>\n- Mel: Conhecido pelas suas propriedades antibacterianas e hidratantes, hidrata a pele e promove o processo de cicatriza\u00e7\u00e3o da pele irritada e danificada.<br \/>\n- \u00d3leo de sementes de Simmondsia Chinensis (Jojoba): O \u00f3leo de jojoba tem uma composi\u00e7\u00e3o semelhante \u00e0 dos \u00f3leos naturais da pele e ajuda a hidratar, nutrir e proteger a pele da secura.<br \/>\n- Manteiga de Butyrospermum Parkii (Karit\u00e9): conhecida pelas suas propriedades hidratantes e nutritivas intensivas, a manteiga de karit\u00e9 suaviza a pele, repara e protege contra a secura e a irrita\u00e7\u00e3o.<br \/>\n- Esqualano: Um \u00f3leo natural que hidrata, suaviza, apoia a barreira cut\u00e2nea e protege contra a perda de humidade.<br \/>\n- Acetato de Tocoferilo (Vitamina E): Um poderoso antioxidante que protege a pele dos radicais livres, ao mesmo tempo que promove a cicatriza\u00e7\u00e3o e a hidrata\u00e7\u00e3o.<br \/>\n- Pantenol (Provitamina B5): Acalma, cura, hidrata e suaviza a pele.<\/p>\n<p>Estes ingredientes actuam em sinergia para proteger, reparar e cuidar intensivamente da pele.<\/p>\n<p><strong>Dosagem e aplica\u00e7\u00e3o<\/strong><br \/>\nLimpar cuidadosamente a pele irritada e sec\u00e1-la antes de aplicar o creme. Aplicar o creme 2 a 3 vezes por dia na pele irritada para uma prote\u00e7\u00e3o e cuidados ideais. O creme \u00e9 seguro de utilizar, mesmo em contacto com os olhos, e n\u00e3o causa irrita\u00e7\u00e3o.<\/p>\n<p><strong>Composi\u00e7\u00e3o<\/strong><br \/>\nAqua, triglic\u00e9rido capr\u00edlico\/c\u00e1prico, mel (mel), citrato de estearato de glicerilo, glicerina,<br \/>\n\u00f3leo de semente de simmondsia chinensis (jojoba), succinato de diheptilo, butyrospermum<br \/>\nmanteiga de parkii (karit\u00e9), \u00e1lcool cetear\u00edlico, estearato de glicerilo, hamamelis virginiana<br \/>\n(hamam\u00e9lis) \u00e1gua, esqualano, alanto\u00edna, capriloilglicerina\/seb\u00e1cico<br \/>\ncopol\u00edmero \u00e1cido, acetato de tocoferilo (vitamina E), pantenol, tocoferol, xantana<br \/>\ngoma, \u00f3leo de semente de helianthus annuus (girassol), \u00e1cido c\u00edtrico, pot\u00e1ssio<br \/>\nsorbato, benzoato de s\u00f3dio, \u00e1lcool benz\u00edlico.<\/p>\n<span class=\"wppb-content-restriction-message\"><p data-opacity=\"0.5\">Para mais informa\u00e7\u00f5es, \u00e9 necess\u00e1rio iniciar sess\u00e3o<\/p>\n<\/span>","protected":false},"excerpt":{"rendered":"<p>Creme Protect Skin<br \/>\nCreme protetor e de cuidado para pele irritada e<br \/>\npele sens\u00edvel, como a do contorno dos olhos e das mucosas.<br \/>\nO creme para a pele Protect proporciona uma camada protetora fina e flex\u00edvel<br \/>\nsobre a pele vermelha, fr\u00e1gil e irritada, ajudando a proteg\u00ea-la<br \/>\ncontra factores externos, especialmente em torno dos olhos e das mucosas.<br \/>\nO creme tamb\u00e9m protege a pele da irrita\u00e7\u00e3o causada pela urina,<br \/>\nexcesso de fluido lacrimal, muco, fezes e res\u00edduos de medicamentos. Para al\u00e9m da prote\u00e7\u00e3o<br \/>\neste creme oferece igualmente uma nutri\u00e7\u00e3o e uma hidrata\u00e7\u00e3o essenciais,<br \/>\nque \u00e9 crucial para a repara\u00e7\u00e3o da pele.<\/p>\n<p>Pre\u00e7o de retalho sugerido: 15,75 euros<\/p>","protected":false},"featured_media":15381,"template":"","meta":[],"product_brand":[],"product_cat":[15,29,41,63,35],"product_tag":[],"class_list":{"0":"post-15179","1":"product","2":"type-product","3":"status-publish","4":"has-post-thumbnail","6":"product_cat-alle-producten","7":"product_cat-maxani","8":"product_cat-wond-en-huidplooi","9":"product_cat-oog","10":"product_cat-regular","12":"first","13":"instock","14":"taxable","15":"shipping-taxable","16":"product-type-simple"},"yoast_head":"<!-- This site is optimized with the Yoast SEO plugin v27.1.1 - https:\/\/yoast.com\/product\/yoast-seo-wordpress\/ -->\n<title>Maxani Skin Protect cream 30 ml - Maxani Animal Healthcare BV<\/title>\n<meta name=\"robots\" content=\"index, follow, max-snippet:-1, max-image-preview:large, max-video-preview:-1\" \/>\n<link rel=\"canonical\" href=\"https:\/\/maxani.nl\/pt\/produto\/maxani-skin-protect-cream-30-ml\/\" \/>\n<meta property=\"og:locale\" content=\"pt_PT\" \/>\n<meta property=\"og:type\" content=\"article\" \/>\n<meta property=\"og:title\" content=\"Maxani Skin Protect cream 30 ml - Maxani Animal Healthcare BV\" \/>\n<meta property=\"og:description\" content=\"Protect Skin cream Beschermende en verzorgende cr\u00e8me voor de ge\u00efrriteerde en kwetsbare huid, zoals rond de ogen en op de slijmvliezen. Protect skin cream legt een dunne, flexibele beschermende laag over de rode, kwetsbare en ge\u00efrriteerde huid, en helpt deze te beschermen tegen externe factoren, met name rond de ogen en slijmvliezen. De cr\u00e8me beschermt de huid ook tegen irritatie door urine, overtollig traanvocht, slijm, ontlasting en medicatieresten. Naast bescherming biedt deze cr\u00e8me ook essenti\u00eble voeding en hydratatie, wat cruciaal is voor het herstel van de huid.  Advies verkoopprijs: \u20ac15,75\" \/>\n<meta property=\"og:url\" content=\"https:\/\/maxani.nl\/pt\/produto\/maxani-skin-protect-cream-30-ml\/\" \/>\n<meta property=\"og:site_name\" content=\"Maxani Animal Healthcare BV\" \/>\n<meta property=\"article:modified_time\" content=\"2026-01-05T08:38:06+00:00\" \/>\n<meta property=\"og:image\" content=\"https:\/\/maxani.nl\/wp-content\/uploads\/2024\/09\/Maxani-protect-skin-cream-30-ml.jpg\" \/>\n\t<meta property=\"og:image:width\" content=\"1080\" \/>\n\t<meta property=\"og:image:height\" content=\"1080\" \/>\n\t<meta property=\"og:image:type\" content=\"image\/jpeg\" \/>\n<meta name=\"twitter:card\" content=\"summary_large_image\" \/>\n<meta name=\"twitter:label1\" content=\"Tempo estimado de leitura\" \/>\n\t<meta name=\"twitter:data1\" content=\"5 minutos\" \/>\n<script type=\"application\/ld+json\" class=\"yoast-schema-graph\">{\"@context\":\"https:\/\/schema.org\",\"@graph\":[{\"@type\":\"WebPage\",\"@id\":\"https:\/\/maxani.nl\/product\/maxani-skin-protect-cream-30-ml\/\",\"url\":\"https:\/\/maxani.nl\/product\/maxani-skin-protect-cream-30-ml\/\",\"name\":\"Maxani Skin Protect cream 30 ml - Maxani Animal Healthcare BV\",\"isPartOf\":{\"@id\":\"https:\/\/maxani.nl\/#website\"},\"primaryImageOfPage\":{\"@id\":\"https:\/\/maxani.nl\/product\/maxani-skin-protect-cream-30-ml\/#primaryimage\"},\"image\":{\"@id\":\"https:\/\/maxani.nl\/product\/maxani-skin-protect-cream-30-ml\/#primaryimage\"},\"thumbnailUrl\":\"https:\/\/maxani.nl\/wp-content\/uploads\/2024\/09\/Maxani-protect-skin-cream-30-ml.jpg\",\"datePublished\":\"2024-09-12T10:34:18+00:00\",\"dateModified\":\"2026-01-05T08:38:06+00:00\",\"breadcrumb\":{\"@id\":\"https:\/\/maxani.nl\/product\/maxani-skin-protect-cream-30-ml\/#breadcrumb\"},\"inLanguage\":\"pt-PT\",\"potentialAction\":[{\"@type\":\"ReadAction\",\"target\":[\"https:\/\/maxani.nl\/product\/maxani-skin-protect-cream-30-ml\/\"]}]},{\"@type\":\"ImageObject\",\"inLanguage\":\"pt-PT\",\"@id\":\"https:\/\/maxani.nl\/product\/maxani-skin-protect-cream-30-ml\/#primaryimage\",\"url\":\"https:\/\/maxani.nl\/wp-content\/uploads\/2024\/09\/Maxani-protect-skin-cream-30-ml.jpg\",\"contentUrl\":\"https:\/\/maxani.nl\/wp-content\/uploads\/2024\/09\/Maxani-protect-skin-cream-30-ml.jpg\",\"width\":1080,\"height\":1080},{\"@type\":\"BreadcrumbList\",\"@id\":\"https:\/\/maxani.nl\/product\/maxani-skin-protect-cream-30-ml\/#breadcrumb\",\"itemListElement\":[{\"@type\":\"ListItem\",\"position\":1,\"name\":\"Home\",\"item\":\"https:\/\/maxani.nl\/\"},{\"@type\":\"ListItem\",\"position\":2,\"name\":\"Webshop\",\"item\":\"https:\/\/maxani.nl\/webshop\/\"},{\"@type\":\"ListItem\",\"position\":3,\"name\":\"Maxani Skin Protect cream 30 ml\"}]},{\"@type\":\"WebSite\",\"@id\":\"https:\/\/maxani.nl\/#website\",\"url\":\"https:\/\/maxani.nl\/\",\"name\":\"Maxani Animal Healthcare BV\",\"description\":\"Uw partner in veterinaire dermatologie\",\"potentialAction\":[{\"@type\":\"SearchAction\",\"target\":{\"@type\":\"EntryPoint\",\"urlTemplate\":\"https:\/\/maxani.nl\/?s={search_term_string}\"},\"query-input\":{\"@type\":\"PropertyValueSpecification\",\"valueRequired\":true,\"valueName\":\"search_term_string\"}}],\"inLanguage\":\"pt-PT\"}]}<\/script>\n<!-- \/ Yoast SEO plugin. -->","yoast_head_json":{"title":"Maxani Skin Protect cream 30 ml - Maxani Animal Healthcare BV","robots":{"index":"index","follow":"follow","max-snippet":"max-snippet:-1","max-image-preview":"max-image-preview:large","max-video-preview":"max-video-preview:-1"},"canonical":"https:\/\/maxani.nl\/pt\/produto\/maxani-skin-protect-cream-30-ml\/","og_locale":"pt_PT","og_type":"article","og_title":"Maxani Skin Protect cream 30 ml - Maxani Animal Healthcare BV","og_description":"Protect Skin cream Beschermende en verzorgende cr\u00e8me voor de ge\u00efrriteerde en kwetsbare huid, zoals rond de ogen en op de slijmvliezen. Protect skin cream legt een dunne, flexibele beschermende laag over de rode, kwetsbare en ge\u00efrriteerde huid, en helpt deze te beschermen tegen externe factoren, met name rond de ogen en slijmvliezen. De cr\u00e8me beschermt de huid ook tegen irritatie door urine, overtollig traanvocht, slijm, ontlasting en medicatieresten. Naast bescherming biedt deze cr\u00e8me ook essenti\u00eble voeding en hydratatie, wat cruciaal is voor het herstel van de huid.  Advies verkoopprijs: \u20ac15,75","og_url":"https:\/\/maxani.nl\/pt\/produto\/maxani-skin-protect-cream-30-ml\/","og_site_name":"Maxani Animal Healthcare BV","article_modified_time":"2026-01-05T08:38:06+00:00","og_image":[{"width":1080,"height":1080,"url":"https:\/\/maxani.nl\/wp-content\/uploads\/2024\/09\/Maxani-protect-skin-cream-30-ml.jpg","type":"image\/jpeg"}],"twitter_card":"summary_large_image","twitter_misc":{"Tempo estimado de leitura":"5 minutos"},"schema":{"@context":"https:\/\/schema.org","@graph":[{"@type":"WebPage","@id":"https:\/\/maxani.nl\/product\/maxani-skin-protect-cream-30-ml\/","url":"https:\/\/maxani.nl\/product\/maxani-skin-protect-cream-30-ml\/","name":"Maxani Skin Protect cream 30 ml - Maxani Animal Healthcare BV","isPartOf":{"@id":"https:\/\/maxani.nl\/#website"},"primaryImageOfPage":{"@id":"https:\/\/maxani.nl\/product\/maxani-skin-protect-cream-30-ml\/#primaryimage"},"image":{"@id":"https:\/\/maxani.nl\/product\/maxani-skin-protect-cream-30-ml\/#primaryimage"},"thumbnailUrl":"https:\/\/maxani.nl\/wp-content\/uploads\/2024\/09\/Maxani-protect-skin-cream-30-ml.jpg","datePublished":"2024-09-12T10:34:18+00:00","dateModified":"2026-01-05T08:38:06+00:00","breadcrumb":{"@id":"https:\/\/maxani.nl\/product\/maxani-skin-protect-cream-30-ml\/#breadcrumb"},"inLanguage":"pt-PT","potentialAction":[{"@type":"ReadAction","target":["https:\/\/maxani.nl\/product\/maxani-skin-protect-cream-30-ml\/"]}]},{"@type":"ImageObject","inLanguage":"pt-PT","@id":"https:\/\/maxani.nl\/product\/maxani-skin-protect-cream-30-ml\/#primaryimage","url":"https:\/\/maxani.nl\/wp-content\/uploads\/2024\/09\/Maxani-protect-skin-cream-30-ml.jpg","contentUrl":"https:\/\/maxani.nl\/wp-content\/uploads\/2024\/09\/Maxani-protect-skin-cream-30-ml.jpg","width":1080,"height":1080},{"@type":"BreadcrumbList","@id":"https:\/\/maxani.nl\/product\/maxani-skin-protect-cream-30-ml\/#breadcrumb","itemListElement":[{"@type":"ListItem","position":1,"name":"Home","item":"https:\/\/maxani.nl\/"},{"@type":"ListItem","position":2,"name":"Webshop","item":"https:\/\/maxani.nl\/webshop\/"},{"@type":"ListItem","position":3,"name":"Maxani Skin Protect cream 30 ml"}]},{"@type":"WebSite","@id":"https:\/\/maxani.nl\/#website","url":"https:\/\/maxani.nl\/","name":"Maxani Animal Healthcare BV","description":"O seu parceiro em dermatologia veterin\u00e1ria","potentialAction":[{"@type":"SearchAction","target":{"@type":"EntryPoint","urlTemplate":"https:\/\/maxani.nl\/?s={search_term_string}"},"query-input":{"@type":"PropertyValueSpecification","valueRequired":true,"valueName":"search_term_string"}}],"inLanguage":"pt-PT"}]}},"jetpack_sharing_enabled":true,"_links":{"self":[{"href":"https:\/\/maxani.nl\/pt\/wp-json\/wp\/v2\/product\/15179","targetHints":{"allow":["GET"]}}],"collection":[{"href":"https:\/\/maxani.nl\/pt\/wp-json\/wp\/v2\/product"}],"about":[{"href":"https:\/\/maxani.nl\/pt\/wp-json\/wp\/v2\/types\/product"}],"wp:featuredmedia":[{"embeddable":true,"href":"https:\/\/maxani.nl\/pt\/wp-json\/wp\/v2\/media\/15381"}],"wp:attachment":[{"href":"https:\/\/maxani.nl\/pt\/wp-json\/wp\/v2\/media?parent=15179"}],"wp:term":[{"taxonomy":"product_brand","embeddable":true,"href":"https:\/\/maxani.nl\/pt\/wp-json\/wp\/v2\/product_brand?post=15179"},{"taxonomy":"product_cat","embeddable":true,"href":"https:\/\/maxani.nl\/pt\/wp-json\/wp\/v2\/product_cat?post=15179"},{"taxonomy":"product_tag","embeddable":true,"href":"https:\/\/maxani.nl\/pt\/wp-json\/wp\/v2\/product_tag?post=15179"}],"curies":[{"name":"wp","href":"https:\/\/api.w.org\/{rel}","templated":true}]}}