{"id":14953,"date":"2024-08-08T14:34:05","date_gmt":"2024-08-08T14:34:05","guid":{"rendered":"https:\/\/maxani.nl\/?post_type=product&#038;p=14953"},"modified":"2026-03-04T12:18:57","modified_gmt":"2026-03-04T12:18:57","slug":"hydracoat-coat-conditioner","status":"publish","type":"product","link":"https:\/\/maxani.nl\/pt\/produto\/hydracoat-coat-conditioner\/","title":{"rendered":"HydraCoat Condicionador de peles"},"content":{"rendered":"<p><em>Condicionador sem enxaguamento para todos os tipos de pelo para hidratar e nutrir profundamente o pelo.<\/em><\/p>\n<p>O amaciador para pelo HydraCoat condiciona o pelo e a pele sem enxaguar. Este condicionador sem enxaguamento d\u00e1 ao pelo uma textura rica e proporciona-lhe uma hidrata\u00e7\u00e3o profunda. Torna o pelo macio, menos ba\u00e7o e mais manej\u00e1vel. Tamb\u00e9m \u00e9 ideal para evitar os emaranhados entre as sess\u00f5es de aparar ou pentear.<\/p>\n<p>O amaciador forma uma camada protetora \u00fanica e proporciona uma hidrata\u00e7\u00e3o profunda, deixando o pelo suave, macio e refor\u00e7ado. \u00c9 particularmente adequado para todos os tipos de pelo e funciona excecionalmente bem com pelo de estilo, pelo encaracolado e pelo de l\u00e3. Al\u00e9m disso, o amaciador n\u00e3o cont\u00e9m qualquer fragr\u00e2ncia adicionada, o que o torna extremamente adequado para gatos e outras esp\u00e9cies em que n\u00e3o se pretenda usar perfume.<\/p>\n<p>O spray tem um efeito anti-est\u00e1tico e facilita o pentear do pelo, tornando-o ideal para cuidar de um pelo seco, fino e ba\u00e7o. HydraCoat \u00e9 a solu\u00e7\u00e3o p\u00f3s-aparagem ideal para todos os donos de c\u00e3es e profissionais da pele e do pelo para nutrir a pele e o pelo com \u00f3leo de sementes de br\u00f3colos, panthanol (vitamina B5) e um poderoso condicionador.<\/p>\n<p>Adequado para animais com pele sens\u00edvel, HydraCoat proporciona o m\u00e1ximo cuidado e prote\u00e7\u00e3o para uma pelagem saud\u00e1vel e radiante.<\/p>\n<p><strong><br \/>\nIndica\u00e7\u00f5es<\/strong><\/p>\n<p><strong>Pelo seco e ba\u00e7o<\/strong>HydraCoat proporciona uma hidrata\u00e7\u00e3o e nutri\u00e7\u00e3o profundas, devolvendo ao pelo um aspeto brilhante e saud\u00e1vel.<\/p>\n<p><strong>Emaranhados e n\u00f3s<\/strong>O amaciador torna o pelo suave e mais manej\u00e1vel, o que ajuda a evitar os emaranhados entre aparas ou pentes.<\/p>\n<p><strong>Pele sens\u00edvel<\/strong>Gra\u00e7as \u00e0 sua f\u00f3rmula suave e sem perfume, HydraCoat \u00e9 adequado para animais de estima\u00e7\u00e3o com pele sens\u00edvel ou alergias.<\/p>\n<p><strong>P\u00f3s-banho<\/strong>: Ideal para utilizar ap\u00f3s o corte para nutrir, suavizar e dar um brilho duradouro ao pelo.<\/p>\n<p><strong>A\u00e7\u00e3o antiest\u00e1tica<\/strong>Reduz a eletricidade est\u00e1tica, o que \u00e9 especialmente \u00fatil em climas secos e frios ou depois de secar o casaco com o secador.<\/p>\n<p><strong>Todos os tipos de pelagem<\/strong>Pelo liso, encaracolado e velo: Funciona excecionalmente bem com pelo liso, encaracolado e velo, tornando-o um produto vers\u00e1til para v\u00e1rias ra\u00e7as e tipos de pelo.<\/p>\n<p><strong>Refor\u00e7o da pelagem<\/strong>: Ingredientes como o pantenol e o brassicyl valinate esylate ajudam a fortalecer o pelo, reduzindo a quebra e melhorando a estrutura do pelo.<\/p>\n<p><strong>Hidrata\u00e7\u00e3o e prote\u00e7\u00e3o<\/strong>A camada protetora \u00fanica formada pelo amaciador ajuda a proteger a pele e o pelo dos factores ambientais e da desidrata\u00e7\u00e3o.<\/p>\n<p><strong>Adequado para v\u00e1rias esp\u00e9cies<\/strong>Gra\u00e7as \u00e0 sua f\u00f3rmula sem perfume, o produto \u00e9 adequado n\u00e3o s\u00f3 para c\u00e3es, mas tamb\u00e9m para gatos e outros animais de estima\u00e7\u00e3o onde o perfume n\u00e3o \u00e9 desejado.<\/p>\n<p>HydraCoat Leave-In Coat Conditioner oferece uma solu\u00e7\u00e3o completa para um pelo saud\u00e1vel, brilhante e f\u00e1cil de manejar, adequado para uso di\u00e1rio ou quando \u00e9 necess\u00e1rio um cuidado extra.<\/p>\n<p><strong>Funcionamento<\/strong><\/p>\n<p>Estes ingredientes cuidadosamente escolhidos trabalham em conjunto para fazer do HydraCoat Leave-In Coat Conditioner uma solu\u00e7\u00e3o poderosa, eficaz e f\u00e1cil de utilizar para cuidar do pelo e da pele dos nossos animais de estima\u00e7\u00e3o.<\/p>\n<p>O \u00f3leo de sementes de br\u00f3colos \u00e9 o principal ingrediente do amaciador e \u00e9 rico em antioxidantes e tem propriedades antibacterianas. O \u00f3leo de sementes de br\u00f3colos cont\u00e9m \u00e1lcool de Brassica, um \u00e1lcool gordo natural derivado da colza, que amacia e condiciona o pelo sem deixar um res\u00edduo gorduroso.<\/p>\n<p>O Brassicyl Valinate Esylate \u00e9 um ingrediente inovador que protege e fortalece o pelo, tornando-o mais resistente e menos suscet\u00edvel de se partir. Contribui para a textura e a elasticidade da pelagem.<\/p>\n<p>O Cloreto de Behentrim\u00f3nio e o Cloreto de Cetrim\u00f3nio s\u00e3o poderosos agentes condicionadores que ajudam a desembara\u00e7ar o pelo, tornando-o suave e mais manej\u00e1vel. Reduzem a eletricidade est\u00e1tica e melhoram o brilho.<\/p>\n<p>O Pantenol (Provitamina B5) \u00e9 conhecido pelas suas propriedades hidratantes e emolientes. O Pantenol penetra profundamente na estrutura do pelo para reter a humidade, fortalece a pelagem e melhora a elasticidade.<\/p>\n<p><strong>Dosagem e aplica\u00e7\u00e3o <\/strong><\/p>\n<p>Basta aplicar no pelo h\u00famido ou seco. N\u00e3o enxaguar. Reduz o poder de pentear tanto no pelo h\u00famido como no pelo seco.<\/p>\n<p><strong>Composi\u00e7\u00e3o<\/strong><\/p>\n<p>\u00c1gua, \u00e1lcool de br\u00e1ssicas, cloreto de behentrim\u00f3nio, brassicil<\/p>\n<p>valinato esilato, pantenol, cloreto de cetrim\u00f3nio, dipropileno glicol,<\/p>\n<p>hidr\u00f3xido de s\u00f3dio, metilpropanodiol, caprililglicol, fenilpropanol.<\/p>\n<p>&nbsp;<\/p>\n<p>Pre\u00e7o de retalho recomendado: 16,95 \u20ac (200 ml), 65,90 \u20ac (1L)<\/p>\n<span class=\"wppb-content-restriction-message\"><p data-opacity=\"0.5\">Para mais informa\u00e7\u00f5es, \u00e9 necess\u00e1rio iniciar sess\u00e3o<\/p>\n<\/span>","protected":false},"excerpt":{"rendered":"<p>Coat conditioner Leave-In Coat conditioner foi concebido para todos os tipos de pelagem para hidratar e nutrir profundamente a pelagem. Este amaciador sem enxaguamento condiciona o pelo e a pele sem enxaguar. D\u00e1 ao pelo uma textura rica e proporciona uma hidrata\u00e7\u00e3o profunda, deixando o pelo macio, menos ba\u00e7o e mais manej\u00e1vel. Ideal para evitar os emaranhados entre as sess\u00f5es de aparar ou pentear.<\/p>\n<span class=\"wppb-content-restriction-message\"><p data-opacity=\"0.5\">Para mais informa\u00e7\u00f5es, \u00e9 necess\u00e1rio iniciar sess\u00e3o<\/p>\n<\/span>","protected":false},"featured_media":18942,"template":"","meta":[],"product_brand":[],"product_cat":[15,29,35],"product_tag":[38,270],"class_list":{"0":"post-14953","1":"product","2":"type-product","3":"status-publish","4":"has-post-thumbnail","6":"product_cat-alle-producten","7":"product_cat-maxani","8":"product_cat-regular","9":"product_tag-conditioner","10":"product_tag-hydraterend","12":"first","13":"instock","14":"taxable","15":"shipping-taxable","16":"product-type-variable"},"yoast_head":"<!-- This site is optimized with the Yoast SEO plugin v27.1.1 - https:\/\/yoast.com\/product\/yoast-seo-wordpress\/ -->\n<title>HydraCoat Coat conditioner - Maxani Animal Healthcare BV<\/title>\n<meta name=\"robots\" content=\"index, follow, max-snippet:-1, max-image-preview:large, max-video-preview:-1\" \/>\n<link rel=\"canonical\" href=\"https:\/\/maxani.nl\/pt\/produto\/hydracoat-coat-conditioner\/\" \/>\n<meta property=\"og:locale\" content=\"pt_PT\" \/>\n<meta property=\"og:type\" content=\"article\" \/>\n<meta property=\"og:title\" content=\"HydraCoat Coat conditioner - Maxani Animal Healthcare BV\" \/>\n<meta property=\"og:description\" content=\"Coat conditioner Leave-In Vachtconditioner is ontworpen voor alle vachttypes om de vacht diep te hydrateren en te voeden. Deze leave-in conditioner verzorgt de vacht en huid zonder uitspoelen. Het geeft de haren een rijke textuur en voorziet ze van diepe hydratatie, waardoor de vacht zacht, minder dof en beter beheersbaar wordt. Ideaal om klitten te voorkomen tussen trim- of kambeurten door.\" \/>\n<meta property=\"og:url\" content=\"https:\/\/maxani.nl\/pt\/produto\/hydracoat-coat-conditioner\/\" \/>\n<meta property=\"og:site_name\" content=\"Maxani Animal Healthcare BV\" \/>\n<meta property=\"article:modified_time\" content=\"2026-03-04T12:18:57+00:00\" \/>\n<meta property=\"og:image\" content=\"https:\/\/maxani.nl\/wp-content\/uploads\/2024\/08\/Maxani-Hydracoat-1l-en-200-ml.jpg\" \/>\n\t<meta property=\"og:image:width\" content=\"1080\" \/>\n\t<meta property=\"og:image:height\" content=\"1080\" \/>\n\t<meta property=\"og:image:type\" content=\"image\/jpeg\" \/>\n<meta name=\"twitter:card\" content=\"summary_large_image\" \/>\n<meta name=\"twitter:label1\" content=\"Tempo estimado de leitura\" \/>\n\t<meta name=\"twitter:data1\" content=\"5 minutos\" \/>\n<script type=\"application\/ld+json\" class=\"yoast-schema-graph\">{\"@context\":\"https:\/\/schema.org\",\"@graph\":[{\"@type\":\"WebPage\",\"@id\":\"https:\/\/maxani.nl\/product\/hydracoat-coat-conditioner\/\",\"url\":\"https:\/\/maxani.nl\/product\/hydracoat-coat-conditioner\/\",\"name\":\"HydraCoat Coat conditioner - Maxani Animal Healthcare BV\",\"isPartOf\":{\"@id\":\"https:\/\/maxani.nl\/#website\"},\"primaryImageOfPage\":{\"@id\":\"https:\/\/maxani.nl\/product\/hydracoat-coat-conditioner\/#primaryimage\"},\"image\":{\"@id\":\"https:\/\/maxani.nl\/product\/hydracoat-coat-conditioner\/#primaryimage\"},\"thumbnailUrl\":\"https:\/\/maxani.nl\/wp-content\/uploads\/2024\/08\/Maxani-Hydracoat-1l-en-200-ml.jpg\",\"datePublished\":\"2024-08-08T14:34:05+00:00\",\"dateModified\":\"2026-03-04T12:18:57+00:00\",\"breadcrumb\":{\"@id\":\"https:\/\/maxani.nl\/product\/hydracoat-coat-conditioner\/#breadcrumb\"},\"inLanguage\":\"pt-PT\",\"potentialAction\":[{\"@type\":\"ReadAction\",\"target\":[\"https:\/\/maxani.nl\/product\/hydracoat-coat-conditioner\/\"]}]},{\"@type\":\"ImageObject\",\"inLanguage\":\"pt-PT\",\"@id\":\"https:\/\/maxani.nl\/product\/hydracoat-coat-conditioner\/#primaryimage\",\"url\":\"https:\/\/maxani.nl\/wp-content\/uploads\/2024\/08\/Maxani-Hydracoat-1l-en-200-ml.jpg\",\"contentUrl\":\"https:\/\/maxani.nl\/wp-content\/uploads\/2024\/08\/Maxani-Hydracoat-1l-en-200-ml.jpg\",\"width\":1080,\"height\":1080},{\"@type\":\"BreadcrumbList\",\"@id\":\"https:\/\/maxani.nl\/product\/hydracoat-coat-conditioner\/#breadcrumb\",\"itemListElement\":[{\"@type\":\"ListItem\",\"position\":1,\"name\":\"Home\",\"item\":\"https:\/\/maxani.nl\/\"},{\"@type\":\"ListItem\",\"position\":2,\"name\":\"Webshop\",\"item\":\"https:\/\/maxani.nl\/webshop\/\"},{\"@type\":\"ListItem\",\"position\":3,\"name\":\"HydraCoat Coat conditioner\"}]},{\"@type\":\"WebSite\",\"@id\":\"https:\/\/maxani.nl\/#website\",\"url\":\"https:\/\/maxani.nl\/\",\"name\":\"Maxani Animal Healthcare BV\",\"description\":\"Uw partner in veterinaire dermatologie\",\"potentialAction\":[{\"@type\":\"SearchAction\",\"target\":{\"@type\":\"EntryPoint\",\"urlTemplate\":\"https:\/\/maxani.nl\/?s={search_term_string}\"},\"query-input\":{\"@type\":\"PropertyValueSpecification\",\"valueRequired\":true,\"valueName\":\"search_term_string\"}}],\"inLanguage\":\"pt-PT\"}]}<\/script>\n<!-- \/ Yoast SEO plugin. -->","yoast_head_json":{"title":"HydraCoat Coat conditioner - Maxani Animal Healthcare BV","robots":{"index":"index","follow":"follow","max-snippet":"max-snippet:-1","max-image-preview":"max-image-preview:large","max-video-preview":"max-video-preview:-1"},"canonical":"https:\/\/maxani.nl\/pt\/produto\/hydracoat-coat-conditioner\/","og_locale":"pt_PT","og_type":"article","og_title":"HydraCoat Coat conditioner - Maxani Animal Healthcare BV","og_description":"Coat conditioner Leave-In Vachtconditioner is ontworpen voor alle vachttypes om de vacht diep te hydrateren en te voeden. Deze leave-in conditioner verzorgt de vacht en huid zonder uitspoelen. Het geeft de haren een rijke textuur en voorziet ze van diepe hydratatie, waardoor de vacht zacht, minder dof en beter beheersbaar wordt. Ideaal om klitten te voorkomen tussen trim- of kambeurten door.","og_url":"https:\/\/maxani.nl\/pt\/produto\/hydracoat-coat-conditioner\/","og_site_name":"Maxani Animal Healthcare BV","article_modified_time":"2026-03-04T12:18:57+00:00","og_image":[{"width":1080,"height":1080,"url":"https:\/\/maxani.nl\/wp-content\/uploads\/2024\/08\/Maxani-Hydracoat-1l-en-200-ml.jpg","type":"image\/jpeg"}],"twitter_card":"summary_large_image","twitter_misc":{"Tempo estimado de leitura":"5 minutos"},"schema":{"@context":"https:\/\/schema.org","@graph":[{"@type":"WebPage","@id":"https:\/\/maxani.nl\/product\/hydracoat-coat-conditioner\/","url":"https:\/\/maxani.nl\/product\/hydracoat-coat-conditioner\/","name":"HydraCoat Coat conditioner - Maxani Animal Healthcare BV","isPartOf":{"@id":"https:\/\/maxani.nl\/#website"},"primaryImageOfPage":{"@id":"https:\/\/maxani.nl\/product\/hydracoat-coat-conditioner\/#primaryimage"},"image":{"@id":"https:\/\/maxani.nl\/product\/hydracoat-coat-conditioner\/#primaryimage"},"thumbnailUrl":"https:\/\/maxani.nl\/wp-content\/uploads\/2024\/08\/Maxani-Hydracoat-1l-en-200-ml.jpg","datePublished":"2024-08-08T14:34:05+00:00","dateModified":"2026-03-04T12:18:57+00:00","breadcrumb":{"@id":"https:\/\/maxani.nl\/product\/hydracoat-coat-conditioner\/#breadcrumb"},"inLanguage":"pt-PT","potentialAction":[{"@type":"ReadAction","target":["https:\/\/maxani.nl\/product\/hydracoat-coat-conditioner\/"]}]},{"@type":"ImageObject","inLanguage":"pt-PT","@id":"https:\/\/maxani.nl\/product\/hydracoat-coat-conditioner\/#primaryimage","url":"https:\/\/maxani.nl\/wp-content\/uploads\/2024\/08\/Maxani-Hydracoat-1l-en-200-ml.jpg","contentUrl":"https:\/\/maxani.nl\/wp-content\/uploads\/2024\/08\/Maxani-Hydracoat-1l-en-200-ml.jpg","width":1080,"height":1080},{"@type":"BreadcrumbList","@id":"https:\/\/maxani.nl\/product\/hydracoat-coat-conditioner\/#breadcrumb","itemListElement":[{"@type":"ListItem","position":1,"name":"Home","item":"https:\/\/maxani.nl\/"},{"@type":"ListItem","position":2,"name":"Webshop","item":"https:\/\/maxani.nl\/webshop\/"},{"@type":"ListItem","position":3,"name":"HydraCoat Coat conditioner"}]},{"@type":"WebSite","@id":"https:\/\/maxani.nl\/#website","url":"https:\/\/maxani.nl\/","name":"Maxani Animal Healthcare BV","description":"O seu parceiro em dermatologia veterin\u00e1ria","potentialAction":[{"@type":"SearchAction","target":{"@type":"EntryPoint","urlTemplate":"https:\/\/maxani.nl\/?s={search_term_string}"},"query-input":{"@type":"PropertyValueSpecification","valueRequired":true,"valueName":"search_term_string"}}],"inLanguage":"pt-PT"}]}},"jetpack_sharing_enabled":true,"_links":{"self":[{"href":"https:\/\/maxani.nl\/pt\/wp-json\/wp\/v2\/product\/14953","targetHints":{"allow":["GET"]}}],"collection":[{"href":"https:\/\/maxani.nl\/pt\/wp-json\/wp\/v2\/product"}],"about":[{"href":"https:\/\/maxani.nl\/pt\/wp-json\/wp\/v2\/types\/product"}],"wp:featuredmedia":[{"embeddable":true,"href":"https:\/\/maxani.nl\/pt\/wp-json\/wp\/v2\/media\/18942"}],"wp:attachment":[{"href":"https:\/\/maxani.nl\/pt\/wp-json\/wp\/v2\/media?parent=14953"}],"wp:term":[{"taxonomy":"product_brand","embeddable":true,"href":"https:\/\/maxani.nl\/pt\/wp-json\/wp\/v2\/product_brand?post=14953"},{"taxonomy":"product_cat","embeddable":true,"href":"https:\/\/maxani.nl\/pt\/wp-json\/wp\/v2\/product_cat?post=14953"},{"taxonomy":"product_tag","embeddable":true,"href":"https:\/\/maxani.nl\/pt\/wp-json\/wp\/v2\/product_tag?post=14953"}],"curies":[{"name":"wp","href":"https:\/\/api.w.org\/{rel}","templated":true}]}}