{"id":14710,"date":"2024-08-08T14:33:46","date_gmt":"2024-08-08T14:33:46","guid":{"rendered":"https:\/\/maxani.nl\/?post_type=product&#038;p=14710"},"modified":"2026-01-05T09:12:37","modified_gmt":"2026-01-05T09:12:37","slug":"maxani-cryosurge-spray","status":"publish","type":"product","link":"https:\/\/maxani.nl\/pt\/produto\/maxani-cryosurge-spray\/","title":{"rendered":"Spray Maxani CryoSurge"},"content":{"rendered":"<p>O Maxani CryoSurge \u00e9 um dispositivo criocir\u00fargico que <strong>destinado exclusivamente a uso veterin\u00e1rio<\/strong>. Foi concebido para o tratamento eficaz de les\u00f5es cut\u00e2neas em animais de companhia, tais como verrugas, pequenos tumores e outras anomalias superficiais da pele. O CryoSurge combina a crioterapia tradicional com a moderna tecnologia de aeross\u00f3is, congelando o tecido afetado rapidamente e de forma controlada.<\/p>\n<p>O tratamento \u00e9 praticamente indolor e pode frequentemente ser efectuado sem seda\u00e7\u00e3o, o que o torna particularmente adequado para utiliza\u00e7\u00e3o na pr\u00e1tica di\u00e1ria. Com os discos de prote\u00e7\u00e3o inclu\u00eddos, a pele saud\u00e1vel pode ser facilmente protegida. O CryoSurge est\u00e1 imediatamente pronto a ser utilizado e funciona sem cilindros de g\u00e1s soltos ou instala\u00e7\u00f5es complicadas. Isto torna-a numa ferramenta pr\u00e1tica, segura e que poupa tempo. Adequado para c\u00e3es, gatos e outros animais de estima\u00e7\u00e3o de pequeno porte, e uma adi\u00e7\u00e3o valiosa ao equipamento dermatol\u00f3gico do veterin\u00e1rio.<\/p>\n<p><strong>- Pronto a utilizar imediatamente<\/strong><br \/>\nO CryoSurge n\u00e3o requer armazenamento ou prepara\u00e7\u00e3o especial, tornando-o imediatamente utiliz\u00e1vel em qualquer pr\u00e1tica m\u00e9dica.<\/p>\n<p><strong>- N\u00e3o \u00e9 necess\u00e1ria anestesia<\/strong><br \/>\nA remo\u00e7\u00e3o de verrugas e outras les\u00f5es cut\u00e2neas n\u00e3o requer anestesia nem equipamento de prote\u00e7\u00e3o, o que torna o processo mais simples e seguro tanto para o m\u00e9dico como para o doente.<\/p>\n<p><strong>- Sustent\u00e1vel e com consci\u00eancia ambiental<\/strong><br \/>\nCom uma longa vida \u00fatil e um design que tem em conta o ambiente, o Maxani CryoSurge oferece uma solu\u00e7\u00e3o sustent\u00e1vel para as pr\u00e1ticas m\u00e9dicas.<\/p>\n<p><strong>- Tratamento r\u00e1pido e eficaz<\/strong><br \/>\nMaxani CryoSurge acelera o processo de recupera\u00e7\u00e3o sem tempo de prepara\u00e7\u00e3o e \u00e9 f\u00e1cil de utilizar, minimizando o tempo de tratamento.<\/p>\n<p><strong>- Precis\u00e3o criocir\u00fargica<\/strong><br \/>\nAo arrefecer rapidamente a \u00e1rea afetada, o Maxani CryoSurge cria um ambiente extremamente frio que destr\u00f3i eficazmente o v\u00edrus respons\u00e1vel pelas les\u00f5es cut\u00e2neas.<\/p>\n<p>Quando aplicado na superf\u00edcie da pele, o Maxani CryoSurge gera temperaturas entre -50 \u00b0C e -54 \u00b0C. Isto est\u00e1 muito abaixo das temperaturas que causam a morte celular. A forma\u00e7\u00e3o de cristais de gelo intra e extracelulares destr\u00f3i a camada superior da pele - sem danificar o tecido saud\u00e1vel. O tratamento eficaz \u00e9 conseguido atrav\u00e9s de ciclos repetidos de congelamento e descongelamento. O procedimento \u00e9 muito curto, eficaz e f\u00e1cil para o paciente.<\/p>\n<p>O Maxani CryoSurge possui um sistema patenteado de distribui\u00e7\u00e3o silenciosa no bocal. O bico foi concebido para fornecer sempre uma pulveriza\u00e7\u00e3o consistente e controlada. O Maxani CryoSurge cont\u00e9m<br \/>\no g\u00e1s norflurano (R134a), que tem sido utilizado em inaladores para a asma h\u00e1 muitos anos e \u00e9 comprovadamente seguro. O Maxani CryoSurge foi desenvolvido por uma empresa familiar de equipamentos farmac\u00eauticos e m\u00e9dicos na Dinamarca. Tem sido utilizado com sucesso por v\u00e1rios m\u00e9dicos e especialistas, tanto humanos como veterin\u00e1rios, em toda a Europa desde 2013.<\/p>\n<span class=\"wppb-content-restriction-message\"><p data-opacity=\"0.5\">Para mais informa\u00e7\u00f5es, \u00e9 necess\u00e1rio iniciar sess\u00e3o<\/p>\n<\/span>","protected":false},"excerpt":{"rendered":"<p>O Maxani CryoSurge \u00e9 um dispositivo criocir\u00fargico que <strong>destinado exclusivamente a uso veterin\u00e1rio<\/strong>. Foi concebido para o tratamento eficaz de les\u00f5es cut\u00e2neas em animais de companhia, tais como verrugas, pequenos tumores e outras anomalias superficiais da pele. O CryoSurge combina a crioterapia tradicional com a moderna tecnologia de aeross\u00f3is, congelando o tecido afetado rapidamente e de forma controlada.<\/p>","protected":false},"featured_media":14712,"template":"","meta":[],"product_brand":[],"product_cat":[15,29,79,37],"product_tag":[],"class_list":{"0":"post-14710","1":"product","2":"type-product","3":"status-publish","4":"has-post-thumbnail","6":"product_cat-alle-producten","7":"product_cat-maxani","8":"product_cat-hyperkeratose","9":"product_cat-seborroe","11":"first","12":"instock","13":"taxable","14":"shipping-taxable","15":"product-type-simple"},"yoast_head":"<!-- This site is optimized with the Yoast SEO plugin v27.1.1 - https:\/\/yoast.com\/product\/yoast-seo-wordpress\/ -->\n<title>Maxani CryoSurge spray - Maxani Animal Healthcare BV<\/title>\n<meta name=\"robots\" content=\"index, follow, max-snippet:-1, max-image-preview:large, max-video-preview:-1\" \/>\n<link rel=\"canonical\" href=\"https:\/\/maxani.nl\/pt\/produto\/maxani-cryosurge-spray\/\" \/>\n<meta property=\"og:locale\" content=\"pt_PT\" \/>\n<meta property=\"og:type\" content=\"article\" \/>\n<meta property=\"og:title\" content=\"Maxani CryoSurge spray - Maxani Animal Healthcare BV\" \/>\n<meta property=\"og:description\" content=\"De Maxani CryoSurge is een cryochirurgisch apparaat dat uitsluitend bedoeld is voor gebruik door de dierenarts. Het is ontworpen voor de effectieve behandeling van huidlaesies bij gezelschapsdieren, zoals wratten, kleine tumoren en andere oppervlakkige huidafwijkingen. De CryoSurge combineert traditionele cryotherapie met moderne aerosoltechnologie, waarmee het aangedane weefsel snel en gecontroleerd wordt bevroren.\" \/>\n<meta property=\"og:url\" content=\"https:\/\/maxani.nl\/pt\/produto\/maxani-cryosurge-spray\/\" \/>\n<meta property=\"og:site_name\" content=\"Maxani Animal Healthcare BV\" \/>\n<meta property=\"article:modified_time\" content=\"2026-01-05T09:12:37+00:00\" \/>\n<meta property=\"og:image\" content=\"https:\/\/maxani.nl\/wp-content\/uploads\/2024\/07\/Maxani-Cryosurge.jpg\" \/>\n\t<meta property=\"og:image:width\" content=\"1080\" \/>\n\t<meta property=\"og:image:height\" content=\"1080\" \/>\n\t<meta property=\"og:image:type\" content=\"image\/jpeg\" \/>\n<meta name=\"twitter:card\" content=\"summary_large_image\" \/>\n<meta name=\"twitter:label1\" content=\"Tempo estimado de leitura\" \/>\n\t<meta name=\"twitter:data1\" content=\"4 minutos\" \/>\n<script type=\"application\/ld+json\" class=\"yoast-schema-graph\">{\"@context\":\"https:\/\/schema.org\",\"@graph\":[{\"@type\":\"WebPage\",\"@id\":\"https:\/\/maxani.nl\/product\/maxani-cryosurge-spray\/\",\"url\":\"https:\/\/maxani.nl\/product\/maxani-cryosurge-spray\/\",\"name\":\"Maxani CryoSurge spray - Maxani Animal Healthcare BV\",\"isPartOf\":{\"@id\":\"https:\/\/maxani.nl\/#website\"},\"primaryImageOfPage\":{\"@id\":\"https:\/\/maxani.nl\/product\/maxani-cryosurge-spray\/#primaryimage\"},\"image\":{\"@id\":\"https:\/\/maxani.nl\/product\/maxani-cryosurge-spray\/#primaryimage\"},\"thumbnailUrl\":\"https:\/\/maxani.nl\/wp-content\/uploads\/2024\/07\/Maxani-Cryosurge.jpg\",\"datePublished\":\"2024-08-08T14:33:46+00:00\",\"dateModified\":\"2026-01-05T09:12:37+00:00\",\"breadcrumb\":{\"@id\":\"https:\/\/maxani.nl\/product\/maxani-cryosurge-spray\/#breadcrumb\"},\"inLanguage\":\"pt-PT\",\"potentialAction\":[{\"@type\":\"ReadAction\",\"target\":[\"https:\/\/maxani.nl\/product\/maxani-cryosurge-spray\/\"]}]},{\"@type\":\"ImageObject\",\"inLanguage\":\"pt-PT\",\"@id\":\"https:\/\/maxani.nl\/product\/maxani-cryosurge-spray\/#primaryimage\",\"url\":\"https:\/\/maxani.nl\/wp-content\/uploads\/2024\/07\/Maxani-Cryosurge.jpg\",\"contentUrl\":\"https:\/\/maxani.nl\/wp-content\/uploads\/2024\/07\/Maxani-Cryosurge.jpg\",\"width\":1080,\"height\":1080},{\"@type\":\"BreadcrumbList\",\"@id\":\"https:\/\/maxani.nl\/product\/maxani-cryosurge-spray\/#breadcrumb\",\"itemListElement\":[{\"@type\":\"ListItem\",\"position\":1,\"name\":\"Home\",\"item\":\"https:\/\/maxani.nl\/\"},{\"@type\":\"ListItem\",\"position\":2,\"name\":\"Webshop\",\"item\":\"https:\/\/maxani.nl\/webshop\/\"},{\"@type\":\"ListItem\",\"position\":3,\"name\":\"Maxani CryoSurge spray\"}]},{\"@type\":\"WebSite\",\"@id\":\"https:\/\/maxani.nl\/#website\",\"url\":\"https:\/\/maxani.nl\/\",\"name\":\"Maxani Animal Healthcare BV\",\"description\":\"Uw partner in veterinaire dermatologie\",\"potentialAction\":[{\"@type\":\"SearchAction\",\"target\":{\"@type\":\"EntryPoint\",\"urlTemplate\":\"https:\/\/maxani.nl\/?s={search_term_string}\"},\"query-input\":{\"@type\":\"PropertyValueSpecification\",\"valueRequired\":true,\"valueName\":\"search_term_string\"}}],\"inLanguage\":\"pt-PT\"}]}<\/script>\n<!-- \/ Yoast SEO plugin. -->","yoast_head_json":{"title":"Maxani CryoSurge spray - Maxani Animal Healthcare BV","robots":{"index":"index","follow":"follow","max-snippet":"max-snippet:-1","max-image-preview":"max-image-preview:large","max-video-preview":"max-video-preview:-1"},"canonical":"https:\/\/maxani.nl\/pt\/produto\/maxani-cryosurge-spray\/","og_locale":"pt_PT","og_type":"article","og_title":"Maxani CryoSurge spray - Maxani Animal Healthcare BV","og_description":"De Maxani CryoSurge is een cryochirurgisch apparaat dat uitsluitend bedoeld is voor gebruik door de dierenarts. Het is ontworpen voor de effectieve behandeling van huidlaesies bij gezelschapsdieren, zoals wratten, kleine tumoren en andere oppervlakkige huidafwijkingen. De CryoSurge combineert traditionele cryotherapie met moderne aerosoltechnologie, waarmee het aangedane weefsel snel en gecontroleerd wordt bevroren.","og_url":"https:\/\/maxani.nl\/pt\/produto\/maxani-cryosurge-spray\/","og_site_name":"Maxani Animal Healthcare BV","article_modified_time":"2026-01-05T09:12:37+00:00","og_image":[{"width":1080,"height":1080,"url":"https:\/\/maxani.nl\/wp-content\/uploads\/2024\/07\/Maxani-Cryosurge.jpg","type":"image\/jpeg"}],"twitter_card":"summary_large_image","twitter_misc":{"Tempo estimado de leitura":"4 minutos"},"schema":{"@context":"https:\/\/schema.org","@graph":[{"@type":"WebPage","@id":"https:\/\/maxani.nl\/product\/maxani-cryosurge-spray\/","url":"https:\/\/maxani.nl\/product\/maxani-cryosurge-spray\/","name":"Maxani CryoSurge spray - Maxani Animal Healthcare BV","isPartOf":{"@id":"https:\/\/maxani.nl\/#website"},"primaryImageOfPage":{"@id":"https:\/\/maxani.nl\/product\/maxani-cryosurge-spray\/#primaryimage"},"image":{"@id":"https:\/\/maxani.nl\/product\/maxani-cryosurge-spray\/#primaryimage"},"thumbnailUrl":"https:\/\/maxani.nl\/wp-content\/uploads\/2024\/07\/Maxani-Cryosurge.jpg","datePublished":"2024-08-08T14:33:46+00:00","dateModified":"2026-01-05T09:12:37+00:00","breadcrumb":{"@id":"https:\/\/maxani.nl\/product\/maxani-cryosurge-spray\/#breadcrumb"},"inLanguage":"pt-PT","potentialAction":[{"@type":"ReadAction","target":["https:\/\/maxani.nl\/product\/maxani-cryosurge-spray\/"]}]},{"@type":"ImageObject","inLanguage":"pt-PT","@id":"https:\/\/maxani.nl\/product\/maxani-cryosurge-spray\/#primaryimage","url":"https:\/\/maxani.nl\/wp-content\/uploads\/2024\/07\/Maxani-Cryosurge.jpg","contentUrl":"https:\/\/maxani.nl\/wp-content\/uploads\/2024\/07\/Maxani-Cryosurge.jpg","width":1080,"height":1080},{"@type":"BreadcrumbList","@id":"https:\/\/maxani.nl\/product\/maxani-cryosurge-spray\/#breadcrumb","itemListElement":[{"@type":"ListItem","position":1,"name":"Home","item":"https:\/\/maxani.nl\/"},{"@type":"ListItem","position":2,"name":"Webshop","item":"https:\/\/maxani.nl\/webshop\/"},{"@type":"ListItem","position":3,"name":"Maxani CryoSurge spray"}]},{"@type":"WebSite","@id":"https:\/\/maxani.nl\/#website","url":"https:\/\/maxani.nl\/","name":"Maxani Animal Healthcare BV","description":"O seu parceiro em dermatologia veterin\u00e1ria","potentialAction":[{"@type":"SearchAction","target":{"@type":"EntryPoint","urlTemplate":"https:\/\/maxani.nl\/?s={search_term_string}"},"query-input":{"@type":"PropertyValueSpecification","valueRequired":true,"valueName":"search_term_string"}}],"inLanguage":"pt-PT"}]}},"jetpack_sharing_enabled":true,"_links":{"self":[{"href":"https:\/\/maxani.nl\/pt\/wp-json\/wp\/v2\/product\/14710","targetHints":{"allow":["GET"]}}],"collection":[{"href":"https:\/\/maxani.nl\/pt\/wp-json\/wp\/v2\/product"}],"about":[{"href":"https:\/\/maxani.nl\/pt\/wp-json\/wp\/v2\/types\/product"}],"wp:featuredmedia":[{"embeddable":true,"href":"https:\/\/maxani.nl\/pt\/wp-json\/wp\/v2\/media\/14712"}],"wp:attachment":[{"href":"https:\/\/maxani.nl\/pt\/wp-json\/wp\/v2\/media?parent=14710"}],"wp:term":[{"taxonomy":"product_brand","embeddable":true,"href":"https:\/\/maxani.nl\/pt\/wp-json\/wp\/v2\/product_brand?post=14710"},{"taxonomy":"product_cat","embeddable":true,"href":"https:\/\/maxani.nl\/pt\/wp-json\/wp\/v2\/product_cat?post=14710"},{"taxonomy":"product_tag","embeddable":true,"href":"https:\/\/maxani.nl\/pt\/wp-json\/wp\/v2\/product_tag?post=14710"}],"curies":[{"name":"wp","href":"https:\/\/api.w.org\/{rel}","templated":true}]}}