{"id":147,"date":"2019-08-13T11:44:07","date_gmt":"2019-08-13T11:44:07","guid":{"rendered":"https:\/\/maandvandehuidverzorging.nl\/?post_type=product&#038;p=147"},"modified":"2026-01-05T09:04:39","modified_gmt":"2026-01-05T09:04:39","slug":"honey-o3-gel","status":"publish","type":"product","link":"https:\/\/maxani.nl\/pt\/produto\/honey-o3-gel\/","title":{"rendered":"Maxani Honey-O3 gel"},"content":{"rendered":"<p><strong>Indica\u00e7\u00f5es<\/strong><\/p>\n<p>Feridas contaminadas e infectadas.<\/p>\n<p><strong>Funcionamento\u00a0<\/strong><\/p>\n<p>No Honey O3 Gel, o mel combinado com a glicerina cria um ambiente h\u00famido na ferida. Num ambiente h\u00famido da ferida, o crescimento e a migra\u00e7\u00e3o de novas c\u00e9lulas s\u00e3o estimulados e garante que as prote\u00ednas importantes para o fecho da ferida permane\u00e7am onde precisam de estar para fazer o seu trabalho de repara\u00e7\u00e3o. Al\u00e9m disso, num ambiente h\u00famido, n\u00e3o se formam crostas e a ferida mant\u00e9m-se flex\u00edvel. O Honey O3 Gel pode acelerar consideravelmente a cicatriza\u00e7\u00e3o de feridas, em parte porque solta o tecido morto das feridas de forma particularmente r\u00e1pida, reduzindo assim a resposta inflamat\u00f3ria. No mel puro, o baixo valor de pH e a elevada quantidade de glucose oxidase proporcionam o poderoso efeito antibacteriano. A glucose oxidase \u00e9 convertida em \u00e1cido gluc\u00f3nico e per\u00f3xido de hidrog\u00e9nio (H2O2) ap\u00f3s entrar em contacto com a pele\/ferida. O \u00e1cido gluc\u00f3nico cria um ambiente \u00e1cido de que as bact\u00e9rias e os potenciais agentes patog\u00e9nicos n\u00e3o gostam. A aplica\u00e7\u00e3o regular de mel novo na ferida mant\u00e9m este processo a repetir-se. A a\u00e7\u00e3o desinfetante actua profundamente na ferida. A redu\u00e7\u00e3o do pH garante mais oxig\u00e9nio, o que favorece o crescimento dos tecidos.<\/p>\n<p><strong>Utiliza\u00e7\u00e3o<\/strong><\/p>\n<p>Aplicar o Honey O3 Gel na pele afetada. \u00c9 importante mudar o gel e qualquer penso a cada 24 a 48 horas. <a href=\"https:\/\/maandvandehuidverzorging.nl\/product\/cleanser-spray\/\">Spray de limpeza Maxani<\/a> pode ser utilizado para remover facilmente detritos e res\u00edduos de mel, de modo a que o gel de mel possa ser aplicado numa ferida limpa.<\/p>\n<span class=\"wppb-content-restriction-message\"><p data-opacity=\"0.5\">Para mais informa\u00e7\u00f5es, \u00e9 necess\u00e1rio iniciar sess\u00e3o<\/p>\n<\/span>","protected":false},"excerpt":{"rendered":"<p>Um ingrediente-chave do Honey O3 Gel \u00e9 o mel de montanha ozonizado puro 45%. Tendo em conta o aumento da resist\u00eancia aos antibi\u00f3ticos, a utiliza\u00e7\u00e3o do Honey O3 Gel da Maxani \u00e9 uma boa alternativa. O mel tem propriedades antibacterianas, anti-inflamat\u00f3rias e promotoras da granula\u00e7\u00e3o dos tecidos. O mel actua tamb\u00e9m como antioxidante e elimina os radicais livres. \u00c9 um produto suave e natural.<\/p>\n<p><strong>Animal<\/strong>: Todas as esp\u00e9cies<\/p>\n<p><strong>Conte\u00fado<\/strong>: 20g, 50g, 200g<\/p>\n<span class=\"wppb-shortcode-restriction-message\"> <\/span>","protected":false},"featured_media":11906,"template":"","meta":[],"product_brand":[],"product_cat":[15,29,41],"product_tag":[253,256,254,259,255,257,258,157,260,158,262,261,232],"class_list":{"0":"post-147","1":"product","2":"type-product","3":"status-publish","4":"has-post-thumbnail","6":"product_cat-alle-producten","7":"product_cat-maxani","8":"product_cat-wond-en-huidplooi","9":"product_tag-253","10":"product_tag-256","11":"product_tag-254","12":"product_tag-259","13":"product_tag-255","14":"product_tag-257","15":"product_tag-258","16":"product_tag-honey","17":"product_tag-honey-gel","18":"product_tag-honing","19":"product_tag-honing-zalf","20":"product_tag-honingzalf","21":"product_tag-wondverzorging","23":"first","24":"instock","25":"taxable","26":"shipping-taxable","27":"product-type-variable"},"yoast_head":"<!-- This site is optimized with the Yoast SEO plugin v27.1.1 - https:\/\/yoast.com\/product\/yoast-seo-wordpress\/ -->\n<title>Maxani Honey-O3 gel - Maxani Animal Healthcare BV<\/title>\n<meta name=\"robots\" content=\"index, follow, max-snippet:-1, max-image-preview:large, max-video-preview:-1\" \/>\n<link rel=\"canonical\" href=\"https:\/\/maxani.nl\/pt\/produto\/honey-o3-gel\/\" \/>\n<meta property=\"og:locale\" content=\"pt_PT\" \/>\n<meta property=\"og:type\" content=\"article\" \/>\n<meta property=\"og:title\" content=\"Maxani Honey-O3 gel - Maxani Animal Healthcare BV\" \/>\n<meta property=\"og:description\" content=\"Een belangrijke stof in de Honey O3 Gel is 45% zuivere ge\u00f6zoneerde bergweide honing. Met oog op de toename van antibioticum resistentie is het gebruik van Maxani Honey O3 Gel een goed alternatief. Honing heeft antibacteri\u00eble, anti-inflammatoire en weefselgranulatie bevorderende eigenschappen. Honing werkt ook als antioxidant en haalt de vrije radicalen weg. Het is een mild en natuurlijk product.  Dier: Alle diersoorten  Inhoud: 20 g, 50 g, 200g\" \/>\n<meta property=\"og:url\" content=\"https:\/\/maxani.nl\/pt\/produto\/honey-o3-gel\/\" \/>\n<meta property=\"og:site_name\" content=\"Maxani Animal Healthcare BV\" \/>\n<meta property=\"article:modified_time\" content=\"2026-01-05T09:04:39+00:00\" \/>\n<meta property=\"og:image\" content=\"https:\/\/maxani.nl\/wp-content\/uploads\/2023\/01\/Maxani-honey-O3-combi.jpg\" \/>\n\t<meta property=\"og:image:width\" content=\"1080\" \/>\n\t<meta property=\"og:image:height\" content=\"1080\" \/>\n\t<meta property=\"og:image:type\" content=\"image\/jpeg\" \/>\n<meta name=\"twitter:card\" content=\"summary_large_image\" \/>\n<meta name=\"twitter:label1\" content=\"Tempo estimado de leitura\" \/>\n\t<meta name=\"twitter:data1\" content=\"3 minutos\" \/>\n<script type=\"application\/ld+json\" class=\"yoast-schema-graph\">{\"@context\":\"https:\/\/schema.org\",\"@graph\":[{\"@type\":\"WebPage\",\"@id\":\"https:\/\/maxani.nl\/product\/honey-o3-gel\/\",\"url\":\"https:\/\/maxani.nl\/product\/honey-o3-gel\/\",\"name\":\"Maxani Honey-O3 gel - Maxani Animal Healthcare BV\",\"isPartOf\":{\"@id\":\"https:\/\/maxani.nl\/#website\"},\"primaryImageOfPage\":{\"@id\":\"https:\/\/maxani.nl\/product\/honey-o3-gel\/#primaryimage\"},\"image\":{\"@id\":\"https:\/\/maxani.nl\/product\/honey-o3-gel\/#primaryimage\"},\"thumbnailUrl\":\"https:\/\/maxani.nl\/wp-content\/uploads\/2023\/01\/Maxani-honey-O3-combi.jpg\",\"datePublished\":\"2019-08-13T11:44:07+00:00\",\"dateModified\":\"2026-01-05T09:04:39+00:00\",\"breadcrumb\":{\"@id\":\"https:\/\/maxani.nl\/product\/honey-o3-gel\/#breadcrumb\"},\"inLanguage\":\"pt-PT\",\"potentialAction\":[{\"@type\":\"ReadAction\",\"target\":[\"https:\/\/maxani.nl\/product\/honey-o3-gel\/\"]}]},{\"@type\":\"ImageObject\",\"inLanguage\":\"pt-PT\",\"@id\":\"https:\/\/maxani.nl\/product\/honey-o3-gel\/#primaryimage\",\"url\":\"https:\/\/maxani.nl\/wp-content\/uploads\/2023\/01\/Maxani-honey-O3-combi.jpg\",\"contentUrl\":\"https:\/\/maxani.nl\/wp-content\/uploads\/2023\/01\/Maxani-honey-O3-combi.jpg\",\"width\":1080,\"height\":1080},{\"@type\":\"BreadcrumbList\",\"@id\":\"https:\/\/maxani.nl\/product\/honey-o3-gel\/#breadcrumb\",\"itemListElement\":[{\"@type\":\"ListItem\",\"position\":1,\"name\":\"Home\",\"item\":\"https:\/\/maxani.nl\/\"},{\"@type\":\"ListItem\",\"position\":2,\"name\":\"Webshop\",\"item\":\"https:\/\/maxani.nl\/webshop\/\"},{\"@type\":\"ListItem\",\"position\":3,\"name\":\"Maxani Honey-O3 gel\"}]},{\"@type\":\"WebSite\",\"@id\":\"https:\/\/maxani.nl\/#website\",\"url\":\"https:\/\/maxani.nl\/\",\"name\":\"Maxani Animal Healthcare BV\",\"description\":\"Uw partner in veterinaire dermatologie\",\"potentialAction\":[{\"@type\":\"SearchAction\",\"target\":{\"@type\":\"EntryPoint\",\"urlTemplate\":\"https:\/\/maxani.nl\/?s={search_term_string}\"},\"query-input\":{\"@type\":\"PropertyValueSpecification\",\"valueRequired\":true,\"valueName\":\"search_term_string\"}}],\"inLanguage\":\"pt-PT\"}]}<\/script>\n<!-- \/ Yoast SEO plugin. -->","yoast_head_json":{"title":"Maxani Honey-O3 gel - Maxani Animal Healthcare BV","robots":{"index":"index","follow":"follow","max-snippet":"max-snippet:-1","max-image-preview":"max-image-preview:large","max-video-preview":"max-video-preview:-1"},"canonical":"https:\/\/maxani.nl\/pt\/produto\/honey-o3-gel\/","og_locale":"pt_PT","og_type":"article","og_title":"Maxani Honey-O3 gel - Maxani Animal Healthcare BV","og_description":"Een belangrijke stof in de Honey O3 Gel is 45% zuivere ge\u00f6zoneerde bergweide honing. Met oog op de toename van antibioticum resistentie is het gebruik van Maxani Honey O3 Gel een goed alternatief. Honing heeft antibacteri\u00eble, anti-inflammatoire en weefselgranulatie bevorderende eigenschappen. Honing werkt ook als antioxidant en haalt de vrije radicalen weg. Het is een mild en natuurlijk product.  Dier: Alle diersoorten  Inhoud: 20 g, 50 g, 200g","og_url":"https:\/\/maxani.nl\/pt\/produto\/honey-o3-gel\/","og_site_name":"Maxani Animal Healthcare BV","article_modified_time":"2026-01-05T09:04:39+00:00","og_image":[{"width":1080,"height":1080,"url":"https:\/\/maxani.nl\/wp-content\/uploads\/2023\/01\/Maxani-honey-O3-combi.jpg","type":"image\/jpeg"}],"twitter_card":"summary_large_image","twitter_misc":{"Tempo estimado de leitura":"3 minutos"},"schema":{"@context":"https:\/\/schema.org","@graph":[{"@type":"WebPage","@id":"https:\/\/maxani.nl\/product\/honey-o3-gel\/","url":"https:\/\/maxani.nl\/product\/honey-o3-gel\/","name":"Maxani Honey-O3 gel - Maxani Animal Healthcare BV","isPartOf":{"@id":"https:\/\/maxani.nl\/#website"},"primaryImageOfPage":{"@id":"https:\/\/maxani.nl\/product\/honey-o3-gel\/#primaryimage"},"image":{"@id":"https:\/\/maxani.nl\/product\/honey-o3-gel\/#primaryimage"},"thumbnailUrl":"https:\/\/maxani.nl\/wp-content\/uploads\/2023\/01\/Maxani-honey-O3-combi.jpg","datePublished":"2019-08-13T11:44:07+00:00","dateModified":"2026-01-05T09:04:39+00:00","breadcrumb":{"@id":"https:\/\/maxani.nl\/product\/honey-o3-gel\/#breadcrumb"},"inLanguage":"pt-PT","potentialAction":[{"@type":"ReadAction","target":["https:\/\/maxani.nl\/product\/honey-o3-gel\/"]}]},{"@type":"ImageObject","inLanguage":"pt-PT","@id":"https:\/\/maxani.nl\/product\/honey-o3-gel\/#primaryimage","url":"https:\/\/maxani.nl\/wp-content\/uploads\/2023\/01\/Maxani-honey-O3-combi.jpg","contentUrl":"https:\/\/maxani.nl\/wp-content\/uploads\/2023\/01\/Maxani-honey-O3-combi.jpg","width":1080,"height":1080},{"@type":"BreadcrumbList","@id":"https:\/\/maxani.nl\/product\/honey-o3-gel\/#breadcrumb","itemListElement":[{"@type":"ListItem","position":1,"name":"Home","item":"https:\/\/maxani.nl\/"},{"@type":"ListItem","position":2,"name":"Webshop","item":"https:\/\/maxani.nl\/webshop\/"},{"@type":"ListItem","position":3,"name":"Maxani Honey-O3 gel"}]},{"@type":"WebSite","@id":"https:\/\/maxani.nl\/#website","url":"https:\/\/maxani.nl\/","name":"Maxani Animal Healthcare BV","description":"O seu parceiro em dermatologia veterin\u00e1ria","potentialAction":[{"@type":"SearchAction","target":{"@type":"EntryPoint","urlTemplate":"https:\/\/maxani.nl\/?s={search_term_string}"},"query-input":{"@type":"PropertyValueSpecification","valueRequired":true,"valueName":"search_term_string"}}],"inLanguage":"pt-PT"}]}},"jetpack_sharing_enabled":true,"_links":{"self":[{"href":"https:\/\/maxani.nl\/pt\/wp-json\/wp\/v2\/product\/147","targetHints":{"allow":["GET"]}}],"collection":[{"href":"https:\/\/maxani.nl\/pt\/wp-json\/wp\/v2\/product"}],"about":[{"href":"https:\/\/maxani.nl\/pt\/wp-json\/wp\/v2\/types\/product"}],"wp:featuredmedia":[{"embeddable":true,"href":"https:\/\/maxani.nl\/pt\/wp-json\/wp\/v2\/media\/11906"}],"wp:attachment":[{"href":"https:\/\/maxani.nl\/pt\/wp-json\/wp\/v2\/media?parent=147"}],"wp:term":[{"taxonomy":"product_brand","embeddable":true,"href":"https:\/\/maxani.nl\/pt\/wp-json\/wp\/v2\/product_brand?post=147"},{"taxonomy":"product_cat","embeddable":true,"href":"https:\/\/maxani.nl\/pt\/wp-json\/wp\/v2\/product_cat?post=147"},{"taxonomy":"product_tag","embeddable":true,"href":"https:\/\/maxani.nl\/pt\/wp-json\/wp\/v2\/product_tag?post=147"}],"curies":[{"name":"wp","href":"https:\/\/api.w.org\/{rel}","templated":true}]}}