{"id":14140,"date":"2024-04-03T05:07:59","date_gmt":"2024-04-03T05:07:59","guid":{"rendered":"https:\/\/maxani.nl\/?post_type=product&#038;p=14140"},"modified":"2025-09-01T14:36:24","modified_gmt":"2025-09-01T14:36:24","slug":"max-scope-plus-draadloze-digitale-video-otoscoop-endoscoop-voor-hond-en-kat","status":"publish","type":"product","link":"https:\/\/maxani.nl\/pt\/produto\/max-scope-plus-draadloze-digitale-video-otoscoop-endoscoop-voor-hond-en-kat\/","title":{"rendered":"MAX-Scope PLUS - V\u00eddeo otosc\u00f3pio e endosc\u00f3pio sem fios para c\u00e3es e gatos"},"content":{"rendered":"<p>O MAX-Scope PLUS \u00e9 um instrumento de exame compacto e sem fios especialmente concebido para a pr\u00e1tica veterin\u00e1ria. O dispositivo fornece imagens n\u00edtidas e ao vivo dos ouvidos, nariz, garganta, cavidade oral e pele de c\u00e3es e gatos, diretamente vis\u00edveis no ecr\u00e3 incorporado. As imagens podem ser facilmente armazenadas para registo ou comunica\u00e7\u00e3o com os donos.<\/p>\n<p>O MAX-Scope PLUS vem com v\u00e1rias lentes de c\u00e2mara e dois canais de trabalho externos, permitindo-lhe remover corpos estranhos, tais como p\u00ealos de relva das orelhas ou do nariz, entre outras coisas. Gra\u00e7as \u00e0 liga\u00e7\u00e3o Luer-lock, a lavagem dos ouvidos tamb\u00e9m pode ser efectuada facilmente e de forma controlada, sem ferramentas adicionais.<\/p>\n<p>O seu design sem fios, opera\u00e7\u00e3o intuitiva e ampla aplicabilidade fazem do MAX-Scope PLUS uma adi\u00e7\u00e3o valiosa ao trabalho di\u00e1rio do veterin\u00e1rio. N\u00e3o s\u00f3 apoia o diagn\u00f3stico, como tamb\u00e9m aumenta o conforto tanto para o animal como para o dono.<\/p>\n<p><a href=\"https:\/\/www.youtube.com\/watch?v=hrpf7uqQBXA\" target=\"_blank\" rel=\"noopener\"><span style=\"text-decoration: underline;\">V\u00eddeo de demonstra\u00e7\u00e3o<\/span><\/a><\/p>\n<p>O <strong>Max-Scope plus para c\u00e3es e gatos<\/strong> cont\u00e9m v\u00e1rios acess\u00f3rios:<\/p>\n<p><strong>Para o c\u00e3o: (di\u00e2metro da \u00f3tica 3,4 mm)<\/strong><\/p>\n<ul>\n<li>\u00d3tica r\u00edgida da c\u00e2mara: 2 cm<\/li>\n<li>\u00d3tica r\u00edgida da c\u00e2mara 8 cm<\/li>\n<li>\u00d3tica r\u00edgida da c\u00e2mara16 cm<\/li>\n<li>\u00d3tica flex\u00edvel da c\u00e2mara:17 cm<\/li>\n<li>Adaptador de dermatologia para \u00f3tica de c\u00e2mara de 2 cm<\/li>\n<li>Cobertura para a \u00f3tica da c\u00e2mara de 2 cm<\/li>\n<li>Adaptador de orelha para \u00f3tica de c\u00e2mara de 8 cm<\/li>\n<li>Canal de trabalho (grande), com liga\u00e7\u00e3o luer lock para lavagem do ouvido.<\/li>\n<li>Alicate flex\u00edvel (2 mm de tamanho)<\/li>\n<\/ul>\n<p><strong>Para o gato: (di\u00e2metro da \u00f3tica 1,7 mm)<\/strong><\/p>\n<ul>\n<li>M\u00f3dulo de c\u00e2mara<\/li>\n<li>pequeno canal de trabalho<\/li>\n<li>Alicate flex\u00edvel (pequeno)<\/li>\n<li>Canal de trabalho para ver atrav\u00e9s da garganta at\u00e9 \u00e0 cavidade nasal<\/li>\n<\/ul>\n<p><strong>Para o coelho:<\/strong><\/p>\n<ul>\n<li>Esp\u00e1tula para a l\u00edngua<\/li>\n<\/ul>\n<span class=\"wppb-content-restriction-message\"><p data-opacity=\"0.5\">Para mais informa\u00e7\u00f5es, \u00e9 necess\u00e1rio iniciar sess\u00e3o<\/p>\n<\/span>\n<p>&nbsp;<\/p>","protected":false},"excerpt":{"rendered":"<p>O MAX-Scope PLUS \u00e9 um instrumento de exame compacto e sem fios especialmente concebido para a pr\u00e1tica veterin\u00e1ria. O dispositivo fornece imagens n\u00edtidas e ao vivo dos ouvidos, nariz, garganta, cavidade oral e pele de c\u00e3es e gatos, diretamente vis\u00edveis no ecr\u00e3 incorporado. As imagens podem ser facilmente armazenadas para registo ou comunica\u00e7\u00e3o com os donos.<\/p>\n<span class=\"wppb-content-restriction-message\"><p data-opacity=\"0.5\">Para mais informa\u00e7\u00f5es, \u00e9 necess\u00e1rio iniciar sess\u00e3o<\/p>\n<\/span>","protected":false},"featured_media":14347,"template":"","meta":[],"product_brand":[],"product_cat":[15,29],"product_tag":[169,173,172,171,170],"class_list":{"0":"post-14140","1":"product","2":"type-product","3":"status-publish","4":"has-post-thumbnail","6":"product_cat-alle-producten","7":"product_cat-maxani","8":"product_tag-169","9":"product_tag-digitaal","10":"product_tag-endoscoop","11":"product_tag-otoscoop","12":"product_tag-scoop","14":"first","15":"instock","16":"taxable","17":"shipping-taxable","18":"product-type-simple"},"yoast_head":"<!-- This site is optimized with the Yoast SEO plugin v27.1.1 - https:\/\/yoast.com\/product\/yoast-seo-wordpress\/ -->\n<title>MAX-Scope PLUS \u2013 Draadloze video-otoscoop en endoscoop voor hond en kat - Maxani Animal Healthcare BV<\/title>\n<meta name=\"robots\" content=\"index, follow, max-snippet:-1, max-image-preview:large, max-video-preview:-1\" \/>\n<link rel=\"canonical\" href=\"https:\/\/maxani.nl\/pt\/produto\/max-scope-plus-draadloze-digitale-video-otoscoop-endoscoop-voor-hond-en-kat\/\" \/>\n<meta property=\"og:locale\" content=\"pt_PT\" \/>\n<meta property=\"og:type\" content=\"article\" \/>\n<meta property=\"og:title\" content=\"MAX-Scope PLUS \u2013 Draadloze video-otoscoop en endoscoop voor hond en kat - Maxani Animal Healthcare BV\" \/>\n<meta property=\"og:description\" content=\"De MAX-Scope PLUS is een compact en draadloos onderzoeksinstrument, speciaal ontwikkeld voor de veterinaire praktijk. Het apparaat biedt heldere livebeelden van de oren, neus, keel, mondholte en huid van honden en katten, direct zichtbaar op het ingebouwde scherm. Beelden kunnen eenvoudig worden opgeslagen voor dossieropbouw of communicatie met eigenaren.\" \/>\n<meta property=\"og:url\" content=\"https:\/\/maxani.nl\/pt\/produto\/max-scope-plus-draadloze-digitale-video-otoscoop-endoscoop-voor-hond-en-kat\/\" \/>\n<meta property=\"og:site_name\" content=\"Maxani Animal Healthcare BV\" \/>\n<meta property=\"article:modified_time\" content=\"2025-09-01T14:36:24+00:00\" \/>\n<meta property=\"og:image\" content=\"https:\/\/maxani.nl\/wp-content\/uploads\/2024\/04\/Maxani-MAX-Scope-PLUS-3.jpg\" \/>\n\t<meta property=\"og:image:width\" content=\"1080\" \/>\n\t<meta property=\"og:image:height\" content=\"1080\" \/>\n\t<meta property=\"og:image:type\" content=\"image\/jpeg\" \/>\n<meta name=\"twitter:card\" content=\"summary_large_image\" \/>\n<meta name=\"twitter:label1\" content=\"Tempo estimado de leitura\" \/>\n\t<meta name=\"twitter:data1\" content=\"3 minutos\" \/>\n<script type=\"application\/ld+json\" class=\"yoast-schema-graph\">{\"@context\":\"https:\/\/schema.org\",\"@graph\":[{\"@type\":\"WebPage\",\"@id\":\"https:\/\/maxani.nl\/product\/max-scope-plus-draadloze-digitale-video-otoscoop-endoscoop-voor-hond-en-kat\/\",\"url\":\"https:\/\/maxani.nl\/product\/max-scope-plus-draadloze-digitale-video-otoscoop-endoscoop-voor-hond-en-kat\/\",\"name\":\"MAX-Scope PLUS \u2013 Draadloze video-otoscoop en endoscoop voor hond en kat - Maxani Animal Healthcare BV\",\"isPartOf\":{\"@id\":\"https:\/\/maxani.nl\/#website\"},\"primaryImageOfPage\":{\"@id\":\"https:\/\/maxani.nl\/product\/max-scope-plus-draadloze-digitale-video-otoscoop-endoscoop-voor-hond-en-kat\/#primaryimage\"},\"image\":{\"@id\":\"https:\/\/maxani.nl\/product\/max-scope-plus-draadloze-digitale-video-otoscoop-endoscoop-voor-hond-en-kat\/#primaryimage\"},\"thumbnailUrl\":\"https:\/\/maxani.nl\/wp-content\/uploads\/2024\/04\/Maxani-MAX-Scope-PLUS-3.jpg\",\"datePublished\":\"2024-04-03T05:07:59+00:00\",\"dateModified\":\"2025-09-01T14:36:24+00:00\",\"breadcrumb\":{\"@id\":\"https:\/\/maxani.nl\/product\/max-scope-plus-draadloze-digitale-video-otoscoop-endoscoop-voor-hond-en-kat\/#breadcrumb\"},\"inLanguage\":\"pt-PT\",\"potentialAction\":[{\"@type\":\"ReadAction\",\"target\":[\"https:\/\/maxani.nl\/product\/max-scope-plus-draadloze-digitale-video-otoscoop-endoscoop-voor-hond-en-kat\/\"]}]},{\"@type\":\"ImageObject\",\"inLanguage\":\"pt-PT\",\"@id\":\"https:\/\/maxani.nl\/product\/max-scope-plus-draadloze-digitale-video-otoscoop-endoscoop-voor-hond-en-kat\/#primaryimage\",\"url\":\"https:\/\/maxani.nl\/wp-content\/uploads\/2024\/04\/Maxani-MAX-Scope-PLUS-3.jpg\",\"contentUrl\":\"https:\/\/maxani.nl\/wp-content\/uploads\/2024\/04\/Maxani-MAX-Scope-PLUS-3.jpg\",\"width\":1080,\"height\":1080},{\"@type\":\"BreadcrumbList\",\"@id\":\"https:\/\/maxani.nl\/product\/max-scope-plus-draadloze-digitale-video-otoscoop-endoscoop-voor-hond-en-kat\/#breadcrumb\",\"itemListElement\":[{\"@type\":\"ListItem\",\"position\":1,\"name\":\"Home\",\"item\":\"https:\/\/maxani.nl\/\"},{\"@type\":\"ListItem\",\"position\":2,\"name\":\"Webshop\",\"item\":\"https:\/\/maxani.nl\/webshop\/\"},{\"@type\":\"ListItem\",\"position\":3,\"name\":\"MAX-Scope PLUS \u2013 Draadloze video-otoscoop en endoscoop voor hond en kat\"}]},{\"@type\":\"WebSite\",\"@id\":\"https:\/\/maxani.nl\/#website\",\"url\":\"https:\/\/maxani.nl\/\",\"name\":\"Maxani Animal Healthcare BV\",\"description\":\"Uw partner in veterinaire dermatologie\",\"potentialAction\":[{\"@type\":\"SearchAction\",\"target\":{\"@type\":\"EntryPoint\",\"urlTemplate\":\"https:\/\/maxani.nl\/?s={search_term_string}\"},\"query-input\":{\"@type\":\"PropertyValueSpecification\",\"valueRequired\":true,\"valueName\":\"search_term_string\"}}],\"inLanguage\":\"pt-PT\"}]}<\/script>\n<!-- \/ Yoast SEO plugin. -->","yoast_head_json":{"title":"MAX-Scope PLUS \u2013 Draadloze video-otoscoop en endoscoop voor hond en kat - Maxani Animal Healthcare BV","robots":{"index":"index","follow":"follow","max-snippet":"max-snippet:-1","max-image-preview":"max-image-preview:large","max-video-preview":"max-video-preview:-1"},"canonical":"https:\/\/maxani.nl\/pt\/produto\/max-scope-plus-draadloze-digitale-video-otoscoop-endoscoop-voor-hond-en-kat\/","og_locale":"pt_PT","og_type":"article","og_title":"MAX-Scope PLUS \u2013 Draadloze video-otoscoop en endoscoop voor hond en kat - Maxani Animal Healthcare BV","og_description":"De MAX-Scope PLUS is een compact en draadloos onderzoeksinstrument, speciaal ontwikkeld voor de veterinaire praktijk. Het apparaat biedt heldere livebeelden van de oren, neus, keel, mondholte en huid van honden en katten, direct zichtbaar op het ingebouwde scherm. Beelden kunnen eenvoudig worden opgeslagen voor dossieropbouw of communicatie met eigenaren.","og_url":"https:\/\/maxani.nl\/pt\/produto\/max-scope-plus-draadloze-digitale-video-otoscoop-endoscoop-voor-hond-en-kat\/","og_site_name":"Maxani Animal Healthcare BV","article_modified_time":"2025-09-01T14:36:24+00:00","og_image":[{"width":1080,"height":1080,"url":"https:\/\/maxani.nl\/wp-content\/uploads\/2024\/04\/Maxani-MAX-Scope-PLUS-3.jpg","type":"image\/jpeg"}],"twitter_card":"summary_large_image","twitter_misc":{"Tempo estimado de leitura":"3 minutos"},"schema":{"@context":"https:\/\/schema.org","@graph":[{"@type":"WebPage","@id":"https:\/\/maxani.nl\/product\/max-scope-plus-draadloze-digitale-video-otoscoop-endoscoop-voor-hond-en-kat\/","url":"https:\/\/maxani.nl\/product\/max-scope-plus-draadloze-digitale-video-otoscoop-endoscoop-voor-hond-en-kat\/","name":"MAX-Scope PLUS \u2013 Draadloze video-otoscoop en endoscoop voor hond en kat - Maxani Animal Healthcare BV","isPartOf":{"@id":"https:\/\/maxani.nl\/#website"},"primaryImageOfPage":{"@id":"https:\/\/maxani.nl\/product\/max-scope-plus-draadloze-digitale-video-otoscoop-endoscoop-voor-hond-en-kat\/#primaryimage"},"image":{"@id":"https:\/\/maxani.nl\/product\/max-scope-plus-draadloze-digitale-video-otoscoop-endoscoop-voor-hond-en-kat\/#primaryimage"},"thumbnailUrl":"https:\/\/maxani.nl\/wp-content\/uploads\/2024\/04\/Maxani-MAX-Scope-PLUS-3.jpg","datePublished":"2024-04-03T05:07:59+00:00","dateModified":"2025-09-01T14:36:24+00:00","breadcrumb":{"@id":"https:\/\/maxani.nl\/product\/max-scope-plus-draadloze-digitale-video-otoscoop-endoscoop-voor-hond-en-kat\/#breadcrumb"},"inLanguage":"pt-PT","potentialAction":[{"@type":"ReadAction","target":["https:\/\/maxani.nl\/product\/max-scope-plus-draadloze-digitale-video-otoscoop-endoscoop-voor-hond-en-kat\/"]}]},{"@type":"ImageObject","inLanguage":"pt-PT","@id":"https:\/\/maxani.nl\/product\/max-scope-plus-draadloze-digitale-video-otoscoop-endoscoop-voor-hond-en-kat\/#primaryimage","url":"https:\/\/maxani.nl\/wp-content\/uploads\/2024\/04\/Maxani-MAX-Scope-PLUS-3.jpg","contentUrl":"https:\/\/maxani.nl\/wp-content\/uploads\/2024\/04\/Maxani-MAX-Scope-PLUS-3.jpg","width":1080,"height":1080},{"@type":"BreadcrumbList","@id":"https:\/\/maxani.nl\/product\/max-scope-plus-draadloze-digitale-video-otoscoop-endoscoop-voor-hond-en-kat\/#breadcrumb","itemListElement":[{"@type":"ListItem","position":1,"name":"Home","item":"https:\/\/maxani.nl\/"},{"@type":"ListItem","position":2,"name":"Webshop","item":"https:\/\/maxani.nl\/webshop\/"},{"@type":"ListItem","position":3,"name":"MAX-Scope PLUS \u2013 Draadloze video-otoscoop en endoscoop voor hond en kat"}]},{"@type":"WebSite","@id":"https:\/\/maxani.nl\/#website","url":"https:\/\/maxani.nl\/","name":"Maxani Animal Healthcare BV","description":"O seu parceiro em dermatologia veterin\u00e1ria","potentialAction":[{"@type":"SearchAction","target":{"@type":"EntryPoint","urlTemplate":"https:\/\/maxani.nl\/?s={search_term_string}"},"query-input":{"@type":"PropertyValueSpecification","valueRequired":true,"valueName":"search_term_string"}}],"inLanguage":"pt-PT"}]}},"jetpack_sharing_enabled":true,"_links":{"self":[{"href":"https:\/\/maxani.nl\/pt\/wp-json\/wp\/v2\/product\/14140","targetHints":{"allow":["GET"]}}],"collection":[{"href":"https:\/\/maxani.nl\/pt\/wp-json\/wp\/v2\/product"}],"about":[{"href":"https:\/\/maxani.nl\/pt\/wp-json\/wp\/v2\/types\/product"}],"wp:featuredmedia":[{"embeddable":true,"href":"https:\/\/maxani.nl\/pt\/wp-json\/wp\/v2\/media\/14347"}],"wp:attachment":[{"href":"https:\/\/maxani.nl\/pt\/wp-json\/wp\/v2\/media?parent=14140"}],"wp:term":[{"taxonomy":"product_brand","embeddable":true,"href":"https:\/\/maxani.nl\/pt\/wp-json\/wp\/v2\/product_brand?post=14140"},{"taxonomy":"product_cat","embeddable":true,"href":"https:\/\/maxani.nl\/pt\/wp-json\/wp\/v2\/product_cat?post=14140"},{"taxonomy":"product_tag","embeddable":true,"href":"https:\/\/maxani.nl\/pt\/wp-json\/wp\/v2\/product_tag?post=14140"}],"curies":[{"name":"wp","href":"https:\/\/api.w.org\/{rel}","templated":true}]}}