{"id":140,"date":"2019-08-13T11:37:14","date_gmt":"2019-08-13T11:37:14","guid":{"rendered":"https:\/\/maandvandehuidverzorging.nl\/?post_type=product&#038;p=140"},"modified":"2026-03-09T12:47:20","modified_gmt":"2026-03-09T12:47:20","slug":"cleanser-spray","status":"publish","type":"product","link":"https:\/\/maxani.nl\/pt\/produto\/cleanser-spray\/","title":{"rendered":"Spray de limpeza Maxani"},"content":{"rendered":"<p><strong>Indica\u00e7\u00f5es<\/strong><\/p>\n<p>Limpeza da pele irritada ou inflamada e de feridas, apoio \u00e0 dermatite piotraum\u00e1tica, pontos quentes e intertrigo.<\/p>\n<p><strong>Funcionamento\u00a0<\/strong><\/p>\n<p>O spray Cleanser \u00e9 \u00e0 base de \u00e1gua fisiol\u00f3gica com polissorbato, glicerol e clorhexidina. A clorhexidina proporciona uma a\u00e7\u00e3o anti-s\u00e9ptica suave, prevenindo a contamina\u00e7\u00e3o. Os res\u00edduos, as prote\u00ednas e as gorduras s\u00e3o dissolvidos e a pele circundante \u00e9 cuidada e protegida. Desta forma, a sujidade e os microrganismos s\u00e3o eliminados.<\/p>\n<p><strong>Utiliza\u00e7\u00e3o<\/strong><\/p>\n<p>Cleanser Spray limpa e enxagua a pele afetada, removendo os res\u00edduos e apoiando assim a recupera\u00e7\u00e3o da pele. A combina\u00e7\u00e3o de \u00e1gua fisiol\u00f3gica, glicerina, clorexadina e sab\u00f5es suaves dissolve eficazmente as prote\u00ednas, a sujidade e as gorduras da pele afetada, ou conforme prescrito pelo seu veterin\u00e1rio. O produto deve secar ao ar livre durante pelo menos 5 a 10 minutos, n\u00e3o \u00e9 necess\u00e1rio enxaguar.<\/p>\n<span class=\"wppb-content-restriction-message\"><p data-opacity=\"0.5\">Para mais informa\u00e7\u00f5es, \u00e9 necess\u00e1rio iniciar sess\u00e3o<\/p>\n<\/span>","protected":false},"excerpt":{"rendered":"<p>O spray desmaquilhante limpa e enxagua a pele e\/ou a ferida, apoiando assim a capacidade de cicatriza\u00e7\u00e3o da pele. Tamb\u00e9m adequado para peles sens\u00edveis, secas e vermelhas. O spray Cleanser n\u00e3o pica nem mancha e \u00e9 incolor e inodoro. Os animais n\u00e3o se lamber\u00e3o facilmente quando o spray estiver sobre eles, porque o spray Cleanser tem um sabor muito amargo. Com a utiliza\u00e7\u00e3o do spray Cleanser, a diretriz de utilizar menos antibi\u00f3ticos \u00e9 cumprida.<\/p>\n<p><strong>Animal<\/strong>: Todas as esp\u00e9cies<\/p>\n<p><strong>Conte\u00fado<\/strong>: 150 ml, 250 ml<\/p>\n<p><strong>Temporariamente fora de stock - 150 ml.<\/strong> As encomendas s\u00e3o automaticamente colocadas em espera. Entrega prevista: <strong data-start=\"166\" data-end=\"194\">final de mar\u00e7o\/in\u00edcio de abril<\/strong>.<\/p>\n<span class=\"wppb-shortcode-restriction-message\"> <\/span>","protected":false},"featured_media":11869,"template":"","meta":[],"product_brand":[],"product_cat":[15,29,41],"product_tag":[44,263,266,45,46,47,265,264,232],"class_list":{"0":"post-140","1":"product","2":"type-product","3":"status-publish","4":"has-post-thumbnail","6":"product_cat-alle-producten","7":"product_cat-maxani","8":"product_cat-wond-en-huidplooi","9":"product_tag-44","10":"product_tag-263","11":"product_tag-chloorhexidine","12":"product_tag-cleanser","13":"product_tag-cleanser-spray","14":"product_tag-cleanserspray","15":"product_tag-schoonmaken","16":"product_tag-wond","17":"product_tag-wondverzorging","19":"first","20":"instock","21":"featured","22":"taxable","23":"shipping-taxable","24":"product-type-variable"},"yoast_head":"<!-- This site is optimized with the Yoast SEO plugin v27.1.1 - https:\/\/yoast.com\/product\/yoast-seo-wordpress\/ -->\n<title>Maxani Cleanser spray - Maxani Animal Healthcare BV<\/title>\n<meta name=\"description\" content=\"Cleanser spray\" \/>\n<meta name=\"robots\" content=\"index, follow, max-snippet:-1, max-image-preview:large, max-video-preview:-1\" \/>\n<link rel=\"canonical\" href=\"https:\/\/maxani.nl\/pt\/produto\/cleanser-spray\/\" \/>\n<meta property=\"og:locale\" content=\"pt_PT\" \/>\n<meta property=\"og:type\" content=\"article\" \/>\n<meta property=\"og:title\" content=\"Maxani Cleanser spray - Maxani Animal Healthcare BV\" \/>\n<meta property=\"og:description\" content=\"Cleanser spray\" \/>\n<meta property=\"og:url\" content=\"https:\/\/maxani.nl\/pt\/produto\/cleanser-spray\/\" \/>\n<meta property=\"og:site_name\" content=\"Maxani Animal Healthcare BV\" \/>\n<meta property=\"article:modified_time\" content=\"2026-03-09T12:47:20+00:00\" \/>\n<meta property=\"og:image\" content=\"https:\/\/maxani.nl\/wp-content\/uploads\/2023\/01\/Maxani-cleanser-spray-150ml-en-250ml.jpg\" \/>\n\t<meta property=\"og:image:width\" content=\"1080\" \/>\n\t<meta property=\"og:image:height\" content=\"1080\" \/>\n\t<meta property=\"og:image:type\" content=\"image\/jpeg\" \/>\n<meta name=\"twitter:card\" content=\"summary_large_image\" \/>\n<meta name=\"twitter:label1\" content=\"Tempo estimado de leitura\" \/>\n\t<meta name=\"twitter:data1\" content=\"2 minutos\" \/>\n<script type=\"application\/ld+json\" class=\"yoast-schema-graph\">{\"@context\":\"https:\/\/schema.org\",\"@graph\":[{\"@type\":\"WebPage\",\"@id\":\"https:\/\/maxani.nl\/product\/cleanser-spray\/\",\"url\":\"https:\/\/maxani.nl\/product\/cleanser-spray\/\",\"name\":\"Maxani Cleanser spray - Maxani Animal Healthcare BV\",\"isPartOf\":{\"@id\":\"https:\/\/maxani.nl\/#website\"},\"primaryImageOfPage\":{\"@id\":\"https:\/\/maxani.nl\/product\/cleanser-spray\/#primaryimage\"},\"image\":{\"@id\":\"https:\/\/maxani.nl\/product\/cleanser-spray\/#primaryimage\"},\"thumbnailUrl\":\"https:\/\/maxani.nl\/wp-content\/uploads\/2023\/01\/Maxani-cleanser-spray-150ml-en-250ml.jpg\",\"datePublished\":\"2019-08-13T11:37:14+00:00\",\"dateModified\":\"2026-03-09T12:47:20+00:00\",\"description\":\"Cleanser spray\",\"breadcrumb\":{\"@id\":\"https:\/\/maxani.nl\/product\/cleanser-spray\/#breadcrumb\"},\"inLanguage\":\"pt-PT\",\"potentialAction\":[{\"@type\":\"ReadAction\",\"target\":[\"https:\/\/maxani.nl\/product\/cleanser-spray\/\"]}]},{\"@type\":\"ImageObject\",\"inLanguage\":\"pt-PT\",\"@id\":\"https:\/\/maxani.nl\/product\/cleanser-spray\/#primaryimage\",\"url\":\"https:\/\/maxani.nl\/wp-content\/uploads\/2023\/01\/Maxani-cleanser-spray-150ml-en-250ml.jpg\",\"contentUrl\":\"https:\/\/maxani.nl\/wp-content\/uploads\/2023\/01\/Maxani-cleanser-spray-150ml-en-250ml.jpg\",\"width\":1080,\"height\":1080},{\"@type\":\"BreadcrumbList\",\"@id\":\"https:\/\/maxani.nl\/product\/cleanser-spray\/#breadcrumb\",\"itemListElement\":[{\"@type\":\"ListItem\",\"position\":1,\"name\":\"Home\",\"item\":\"https:\/\/maxani.nl\/\"},{\"@type\":\"ListItem\",\"position\":2,\"name\":\"Webshop\",\"item\":\"https:\/\/maxani.nl\/webshop\/\"},{\"@type\":\"ListItem\",\"position\":3,\"name\":\"Maxani Cleanser spray\"}]},{\"@type\":\"WebSite\",\"@id\":\"https:\/\/maxani.nl\/#website\",\"url\":\"https:\/\/maxani.nl\/\",\"name\":\"Maxani Animal Healthcare BV\",\"description\":\"Uw partner in veterinaire dermatologie\",\"potentialAction\":[{\"@type\":\"SearchAction\",\"target\":{\"@type\":\"EntryPoint\",\"urlTemplate\":\"https:\/\/maxani.nl\/?s={search_term_string}\"},\"query-input\":{\"@type\":\"PropertyValueSpecification\",\"valueRequired\":true,\"valueName\":\"search_term_string\"}}],\"inLanguage\":\"pt-PT\"}]}<\/script>\n<!-- \/ Yoast SEO plugin. -->","yoast_head_json":{"title":"Maxani Cleanser spray - Maxani Animal Healthcare BV","description":"Spray de limpeza","robots":{"index":"index","follow":"follow","max-snippet":"max-snippet:-1","max-image-preview":"max-image-preview:large","max-video-preview":"max-video-preview:-1"},"canonical":"https:\/\/maxani.nl\/pt\/produto\/cleanser-spray\/","og_locale":"pt_PT","og_type":"article","og_title":"Maxani Cleanser spray - Maxani Animal Healthcare BV","og_description":"Cleanser spray","og_url":"https:\/\/maxani.nl\/pt\/produto\/cleanser-spray\/","og_site_name":"Maxani Animal Healthcare BV","article_modified_time":"2026-03-09T12:47:20+00:00","og_image":[{"width":1080,"height":1080,"url":"https:\/\/maxani.nl\/wp-content\/uploads\/2023\/01\/Maxani-cleanser-spray-150ml-en-250ml.jpg","type":"image\/jpeg"}],"twitter_card":"summary_large_image","twitter_misc":{"Tempo estimado de leitura":"2 minutos"},"schema":{"@context":"https:\/\/schema.org","@graph":[{"@type":"WebPage","@id":"https:\/\/maxani.nl\/product\/cleanser-spray\/","url":"https:\/\/maxani.nl\/product\/cleanser-spray\/","name":"Maxani Cleanser spray - Maxani Animal Healthcare BV","isPartOf":{"@id":"https:\/\/maxani.nl\/#website"},"primaryImageOfPage":{"@id":"https:\/\/maxani.nl\/product\/cleanser-spray\/#primaryimage"},"image":{"@id":"https:\/\/maxani.nl\/product\/cleanser-spray\/#primaryimage"},"thumbnailUrl":"https:\/\/maxani.nl\/wp-content\/uploads\/2023\/01\/Maxani-cleanser-spray-150ml-en-250ml.jpg","datePublished":"2019-08-13T11:37:14+00:00","dateModified":"2026-03-09T12:47:20+00:00","description":"Spray de limpeza","breadcrumb":{"@id":"https:\/\/maxani.nl\/product\/cleanser-spray\/#breadcrumb"},"inLanguage":"pt-PT","potentialAction":[{"@type":"ReadAction","target":["https:\/\/maxani.nl\/product\/cleanser-spray\/"]}]},{"@type":"ImageObject","inLanguage":"pt-PT","@id":"https:\/\/maxani.nl\/product\/cleanser-spray\/#primaryimage","url":"https:\/\/maxani.nl\/wp-content\/uploads\/2023\/01\/Maxani-cleanser-spray-150ml-en-250ml.jpg","contentUrl":"https:\/\/maxani.nl\/wp-content\/uploads\/2023\/01\/Maxani-cleanser-spray-150ml-en-250ml.jpg","width":1080,"height":1080},{"@type":"BreadcrumbList","@id":"https:\/\/maxani.nl\/product\/cleanser-spray\/#breadcrumb","itemListElement":[{"@type":"ListItem","position":1,"name":"Home","item":"https:\/\/maxani.nl\/"},{"@type":"ListItem","position":2,"name":"Webshop","item":"https:\/\/maxani.nl\/webshop\/"},{"@type":"ListItem","position":3,"name":"Maxani Cleanser spray"}]},{"@type":"WebSite","@id":"https:\/\/maxani.nl\/#website","url":"https:\/\/maxani.nl\/","name":"Maxani Animal Healthcare BV","description":"O seu parceiro em dermatologia veterin\u00e1ria","potentialAction":[{"@type":"SearchAction","target":{"@type":"EntryPoint","urlTemplate":"https:\/\/maxani.nl\/?s={search_term_string}"},"query-input":{"@type":"PropertyValueSpecification","valueRequired":true,"valueName":"search_term_string"}}],"inLanguage":"pt-PT"}]}},"jetpack_sharing_enabled":true,"_links":{"self":[{"href":"https:\/\/maxani.nl\/pt\/wp-json\/wp\/v2\/product\/140","targetHints":{"allow":["GET"]}}],"collection":[{"href":"https:\/\/maxani.nl\/pt\/wp-json\/wp\/v2\/product"}],"about":[{"href":"https:\/\/maxani.nl\/pt\/wp-json\/wp\/v2\/types\/product"}],"wp:featuredmedia":[{"embeddable":true,"href":"https:\/\/maxani.nl\/pt\/wp-json\/wp\/v2\/media\/11869"}],"wp:attachment":[{"href":"https:\/\/maxani.nl\/pt\/wp-json\/wp\/v2\/media?parent=140"}],"wp:term":[{"taxonomy":"product_brand","embeddable":true,"href":"https:\/\/maxani.nl\/pt\/wp-json\/wp\/v2\/product_brand?post=140"},{"taxonomy":"product_cat","embeddable":true,"href":"https:\/\/maxani.nl\/pt\/wp-json\/wp\/v2\/product_cat?post=140"},{"taxonomy":"product_tag","embeddable":true,"href":"https:\/\/maxani.nl\/pt\/wp-json\/wp\/v2\/product_tag?post=140"}],"curies":[{"name":"wp","href":"https:\/\/api.w.org\/{rel}","templated":true}]}}