{"id":139,"date":"2019-08-13T11:30:44","date_gmt":"2019-08-13T11:30:44","guid":{"rendered":"https:\/\/maandvandehuidverzorging.nl\/?post_type=product&#038;p=139"},"modified":"2026-01-05T08:18:34","modified_gmt":"2026-01-05T08:18:34","slug":"chloorhexidine-wipes-met-vitamine-e-en-aloe-vera","status":"publish","type":"product","link":"https:\/\/maxani.nl\/pt\/produto\/chloorhexidine-wipes-met-vitamine-e-en-aloe-vera\/","title":{"rendered":"Toalhetes de clorexidina Maxani"},"content":{"rendered":"<p><strong>Indica\u00e7\u00f5es<\/strong><\/p>\n<p>Os toalhetes de clorexidina podem ser utilizados para limpar a pele irritada ou ligeiramente infetada. Tamb\u00e9m s\u00e3o utilizados em c\u00e3es al\u00e9rgicos com infec\u00e7\u00f5es cut\u00e2neas secund\u00e1rias e como terapia para pioderma superficial ou pontos quentes. Adequado como produto de manuten\u00e7\u00e3o para c\u00e3es ou gatos com eczema labial recorrente ou cinacne. Para limpeza da \u00e1rea \u00e0 volta dos genitais em c\u00e3es com incontin\u00eancia urin\u00e1ria (preven\u00e7\u00e3o ou tratamento do ardor urin\u00e1rio) e para \u00e1reas de dif\u00edcil acesso, como as dobras cut\u00e2neas (nariz, orelhas, cauda, l\u00e1bio e a pele \u00e0 volta da vulva e do \u00e2nus), limpeza do leito ungueal, da pele da ponta dos p\u00e9s e do pavilh\u00e3o auricular.<\/p>\n<p>Aten\u00e7\u00e3o! N\u00e3o utilizar perto dos olhos ou em feridas abertas. N\u00e3o \u00e9 adequado como desinfetante antes de uma interven\u00e7\u00e3o cir\u00fargica.<\/p>\n<p><strong>Funcionamento<\/strong><\/p>\n<p>O alo\u00e9 vera e a vitamina E acalmam a pele e contribuem para a sua capacidade de regenera\u00e7\u00e3o. A vitamina E \u00e9 uma vitamina lipossol\u00favel e, como antioxidante, protege as c\u00e9lulas, as membranas celulares, a corrente sangu\u00ednea e os tecidos circundantes. Assim, a vitamina E refor\u00e7a e nutre a barreira cut\u00e2nea. A clorexidina actua contra um amplo espetro de microrganismos indesej\u00e1veis, baixando o pH da pele e danificando a parede celular bacteriana. O digluconato de clorexidina tem uma atividade antimicrobiana contra as bact\u00e9rias e os fungos. O \u00e1cido benzoico tem atividade antibacteriana, reduz o sebo e tem propriedades queratol\u00edticas e anti-inflamat\u00f3rias.<\/p>\n<p><strong>Utiliza\u00e7\u00e3o<\/strong><\/p>\n<p>A frequ\u00eancia de utiliza\u00e7\u00e3o dos toalhetes depende da condi\u00e7\u00e3o, da gravidade da queixa e do objetivo do tratamento. Recomendamos a limpeza com os toalhetes pelo menos uma a duas vezes por dia no caso de uma infe\u00e7\u00e3o cut\u00e2nea. Como manuten\u00e7\u00e3o, os toalhetes podem ser utilizados v\u00e1rias vezes por semana.<\/p>\n<p>Os toalhetes Maxani Chlorhexidine s\u00e3o biodegrad\u00e1veis.<\/p>\n<span class=\"wppb-content-restriction-message\"><p data-opacity=\"0.5\">Para mais informa\u00e7\u00f5es, \u00e9 necess\u00e1rio iniciar sess\u00e3o<\/p>\n<\/span>","protected":false},"excerpt":{"rendered":"<p><strong>Com vitamina E e alo\u00e9 vera.<br \/>\n<\/strong>Os toalhetes impregnados de clorexidina, amigos da pele, s\u00e3o f\u00e1ceis de utilizar para limpar e cuidar das dobras cut\u00e2neas, entre outras coisas. Os toalhetes n\u00e3o cont\u00eam \u00e1lcool e a adi\u00e7\u00e3o de vitamina E, alo\u00e9 vera e glicerina hidrata e cuida da pele. Dermatologicamente testados de acordo com a norma ISO 10993-10 e a norma CSN EN 1276 para os microrganismos: pseudomonas aeruginosa, staphylococus aureus, enterococcus hirae, escherichia coli. Os toalhetes s\u00e3o resistentes, permitindo a remo\u00e7\u00e3o f\u00e1cil de sujidade e detritos, mesmo em \u00e1reas de dif\u00edcil acesso. Efic\u00e1cia comprovada contra o MRSA.<\/p>\n<p><strong>Animal<\/strong>: Todas as esp\u00e9cies<\/p>\n<p><strong>Conte\u00fado<\/strong>: 40 st.<\/p>","protected":false},"featured_media":13377,"template":"","meta":[],"product_brand":[],"product_cat":[15,29,41,36],"product_tag":[267,266,269,268,76],"class_list":{"0":"post-139","1":"product","2":"type-product","3":"status-publish","4":"has-post-thumbnail","6":"product_cat-alle-producten","7":"product_cat-maxani","8":"product_cat-wond-en-huidplooi","9":"product_cat-pyodermie","10":"product_tag-267","11":"product_tag-chloorhexidine","12":"product_tag-huidplooi","13":"product_tag-plooien","14":"product_tag-wipes","16":"first","17":"instock","18":"taxable","19":"shipping-taxable","20":"product-type-simple"},"yoast_head":"<!-- This site is optimized with the Yoast SEO plugin v27.1.1 - https:\/\/yoast.com\/product\/yoast-seo-wordpress\/ -->\n<title>Maxani Chloorhexidine wipes - Maxani Animal Healthcare BV<\/title>\n<meta name=\"robots\" content=\"index, follow, max-snippet:-1, max-image-preview:large, max-video-preview:-1\" \/>\n<link rel=\"canonical\" href=\"https:\/\/maxani.nl\/pt\/produto\/chloorhexidine-wipes-met-vitamine-e-en-aloe-vera\/\" \/>\n<meta property=\"og:locale\" content=\"pt_PT\" \/>\n<meta property=\"og:type\" content=\"article\" \/>\n<meta property=\"og:title\" content=\"Maxani Chloorhexidine wipes - Maxani Animal Healthcare BV\" \/>\n<meta property=\"og:description\" content=\"Met vitamine e en alo\u00eb vera. De huidvriendelijke, ge\u00efmpregneerde Chloorhexidine wipes zijn gemakkelijk te gebruiken voor o.a. de reiniging en verzorging van huidplooien. De doekjes zijn alcoholvrij en door de toevoeging van vitamine E, Alo\u00eb vera en glycerine wordt de huid gehydrateerd en verzorgd. Dermatologisch getest volgens ISO 10993-10 en CSN EN 1276 op micro-organismen: pseudomonas aeruginosa, staphylococus aureus, enterococcus hirae, escherichia coli. De doekjes zijn sterk, waardoor vuil en debris gemakkelijk verwijderd worden, zelfs bij de moeilijk bereikbare plekken. Bewezen werkzaamheid tegen MRSA.  Dier: Alle diersoorten  Inhoud: 40 st.\" \/>\n<meta property=\"og:url\" content=\"https:\/\/maxani.nl\/pt\/produto\/chloorhexidine-wipes-met-vitamine-e-en-aloe-vera\/\" \/>\n<meta property=\"og:site_name\" content=\"Maxani Animal Healthcare BV\" \/>\n<meta property=\"article:modified_time\" content=\"2026-01-05T08:18:34+00:00\" \/>\n<meta property=\"og:image\" content=\"https:\/\/maxani.nl\/wp-content\/uploads\/2019\/08\/Maxani-chloorhexidine-wipes.jpg\" \/>\n\t<meta property=\"og:image:width\" content=\"1080\" \/>\n\t<meta property=\"og:image:height\" content=\"1080\" \/>\n\t<meta property=\"og:image:type\" content=\"image\/jpeg\" \/>\n<meta name=\"twitter:card\" content=\"summary_large_image\" \/>\n<meta name=\"twitter:label1\" content=\"Tempo estimado de leitura\" \/>\n\t<meta name=\"twitter:data1\" content=\"3 minutos\" \/>\n<script type=\"application\/ld+json\" class=\"yoast-schema-graph\">{\"@context\":\"https:\/\/schema.org\",\"@graph\":[{\"@type\":\"WebPage\",\"@id\":\"https:\/\/maxani.nl\/product\/chloorhexidine-wipes-met-vitamine-e-en-aloe-vera\/\",\"url\":\"https:\/\/maxani.nl\/product\/chloorhexidine-wipes-met-vitamine-e-en-aloe-vera\/\",\"name\":\"Maxani Chloorhexidine wipes - Maxani Animal Healthcare BV\",\"isPartOf\":{\"@id\":\"https:\/\/maxani.nl\/#website\"},\"primaryImageOfPage\":{\"@id\":\"https:\/\/maxani.nl\/product\/chloorhexidine-wipes-met-vitamine-e-en-aloe-vera\/#primaryimage\"},\"image\":{\"@id\":\"https:\/\/maxani.nl\/product\/chloorhexidine-wipes-met-vitamine-e-en-aloe-vera\/#primaryimage\"},\"thumbnailUrl\":\"https:\/\/maxani.nl\/wp-content\/uploads\/2019\/08\/Maxani-chloorhexidine-wipes.jpg\",\"datePublished\":\"2019-08-13T11:30:44+00:00\",\"dateModified\":\"2026-01-05T08:18:34+00:00\",\"breadcrumb\":{\"@id\":\"https:\/\/maxani.nl\/product\/chloorhexidine-wipes-met-vitamine-e-en-aloe-vera\/#breadcrumb\"},\"inLanguage\":\"pt-PT\",\"potentialAction\":[{\"@type\":\"ReadAction\",\"target\":[\"https:\/\/maxani.nl\/product\/chloorhexidine-wipes-met-vitamine-e-en-aloe-vera\/\"]}]},{\"@type\":\"ImageObject\",\"inLanguage\":\"pt-PT\",\"@id\":\"https:\/\/maxani.nl\/product\/chloorhexidine-wipes-met-vitamine-e-en-aloe-vera\/#primaryimage\",\"url\":\"https:\/\/maxani.nl\/wp-content\/uploads\/2019\/08\/Maxani-chloorhexidine-wipes.jpg\",\"contentUrl\":\"https:\/\/maxani.nl\/wp-content\/uploads\/2019\/08\/Maxani-chloorhexidine-wipes.jpg\",\"width\":1080,\"height\":1080},{\"@type\":\"BreadcrumbList\",\"@id\":\"https:\/\/maxani.nl\/product\/chloorhexidine-wipes-met-vitamine-e-en-aloe-vera\/#breadcrumb\",\"itemListElement\":[{\"@type\":\"ListItem\",\"position\":1,\"name\":\"Home\",\"item\":\"https:\/\/maxani.nl\/\"},{\"@type\":\"ListItem\",\"position\":2,\"name\":\"Webshop\",\"item\":\"https:\/\/maxani.nl\/webshop\/\"},{\"@type\":\"ListItem\",\"position\":3,\"name\":\"Maxani Chloorhexidine wipes\"}]},{\"@type\":\"WebSite\",\"@id\":\"https:\/\/maxani.nl\/#website\",\"url\":\"https:\/\/maxani.nl\/\",\"name\":\"Maxani Animal Healthcare BV\",\"description\":\"Uw partner in veterinaire dermatologie\",\"potentialAction\":[{\"@type\":\"SearchAction\",\"target\":{\"@type\":\"EntryPoint\",\"urlTemplate\":\"https:\/\/maxani.nl\/?s={search_term_string}\"},\"query-input\":{\"@type\":\"PropertyValueSpecification\",\"valueRequired\":true,\"valueName\":\"search_term_string\"}}],\"inLanguage\":\"pt-PT\"}]}<\/script>\n<!-- \/ Yoast SEO plugin. -->","yoast_head_json":{"title":"Maxani Chloorhexidine wipes - Maxani Animal Healthcare BV","robots":{"index":"index","follow":"follow","max-snippet":"max-snippet:-1","max-image-preview":"max-image-preview:large","max-video-preview":"max-video-preview:-1"},"canonical":"https:\/\/maxani.nl\/pt\/produto\/chloorhexidine-wipes-met-vitamine-e-en-aloe-vera\/","og_locale":"pt_PT","og_type":"article","og_title":"Maxani Chloorhexidine wipes - Maxani Animal Healthcare BV","og_description":"Met vitamine e en alo\u00eb vera. De huidvriendelijke, ge\u00efmpregneerde Chloorhexidine wipes zijn gemakkelijk te gebruiken voor o.a. de reiniging en verzorging van huidplooien. De doekjes zijn alcoholvrij en door de toevoeging van vitamine E, Alo\u00eb vera en glycerine wordt de huid gehydrateerd en verzorgd. Dermatologisch getest volgens ISO 10993-10 en CSN EN 1276 op micro-organismen: pseudomonas aeruginosa, staphylococus aureus, enterococcus hirae, escherichia coli. De doekjes zijn sterk, waardoor vuil en debris gemakkelijk verwijderd worden, zelfs bij de moeilijk bereikbare plekken. Bewezen werkzaamheid tegen MRSA.  Dier: Alle diersoorten  Inhoud: 40 st.","og_url":"https:\/\/maxani.nl\/pt\/produto\/chloorhexidine-wipes-met-vitamine-e-en-aloe-vera\/","og_site_name":"Maxani Animal Healthcare BV","article_modified_time":"2026-01-05T08:18:34+00:00","og_image":[{"width":1080,"height":1080,"url":"https:\/\/maxani.nl\/wp-content\/uploads\/2019\/08\/Maxani-chloorhexidine-wipes.jpg","type":"image\/jpeg"}],"twitter_card":"summary_large_image","twitter_misc":{"Tempo estimado de leitura":"3 minutos"},"schema":{"@context":"https:\/\/schema.org","@graph":[{"@type":"WebPage","@id":"https:\/\/maxani.nl\/product\/chloorhexidine-wipes-met-vitamine-e-en-aloe-vera\/","url":"https:\/\/maxani.nl\/product\/chloorhexidine-wipes-met-vitamine-e-en-aloe-vera\/","name":"Maxani Chloorhexidine wipes - Maxani Animal Healthcare BV","isPartOf":{"@id":"https:\/\/maxani.nl\/#website"},"primaryImageOfPage":{"@id":"https:\/\/maxani.nl\/product\/chloorhexidine-wipes-met-vitamine-e-en-aloe-vera\/#primaryimage"},"image":{"@id":"https:\/\/maxani.nl\/product\/chloorhexidine-wipes-met-vitamine-e-en-aloe-vera\/#primaryimage"},"thumbnailUrl":"https:\/\/maxani.nl\/wp-content\/uploads\/2019\/08\/Maxani-chloorhexidine-wipes.jpg","datePublished":"2019-08-13T11:30:44+00:00","dateModified":"2026-01-05T08:18:34+00:00","breadcrumb":{"@id":"https:\/\/maxani.nl\/product\/chloorhexidine-wipes-met-vitamine-e-en-aloe-vera\/#breadcrumb"},"inLanguage":"pt-PT","potentialAction":[{"@type":"ReadAction","target":["https:\/\/maxani.nl\/product\/chloorhexidine-wipes-met-vitamine-e-en-aloe-vera\/"]}]},{"@type":"ImageObject","inLanguage":"pt-PT","@id":"https:\/\/maxani.nl\/product\/chloorhexidine-wipes-met-vitamine-e-en-aloe-vera\/#primaryimage","url":"https:\/\/maxani.nl\/wp-content\/uploads\/2019\/08\/Maxani-chloorhexidine-wipes.jpg","contentUrl":"https:\/\/maxani.nl\/wp-content\/uploads\/2019\/08\/Maxani-chloorhexidine-wipes.jpg","width":1080,"height":1080},{"@type":"BreadcrumbList","@id":"https:\/\/maxani.nl\/product\/chloorhexidine-wipes-met-vitamine-e-en-aloe-vera\/#breadcrumb","itemListElement":[{"@type":"ListItem","position":1,"name":"Home","item":"https:\/\/maxani.nl\/"},{"@type":"ListItem","position":2,"name":"Webshop","item":"https:\/\/maxani.nl\/webshop\/"},{"@type":"ListItem","position":3,"name":"Maxani Chloorhexidine wipes"}]},{"@type":"WebSite","@id":"https:\/\/maxani.nl\/#website","url":"https:\/\/maxani.nl\/","name":"Maxani Animal Healthcare BV","description":"O seu parceiro em dermatologia veterin\u00e1ria","potentialAction":[{"@type":"SearchAction","target":{"@type":"EntryPoint","urlTemplate":"https:\/\/maxani.nl\/?s={search_term_string}"},"query-input":{"@type":"PropertyValueSpecification","valueRequired":true,"valueName":"search_term_string"}}],"inLanguage":"pt-PT"}]}},"jetpack_sharing_enabled":true,"_links":{"self":[{"href":"https:\/\/maxani.nl\/pt\/wp-json\/wp\/v2\/product\/139","targetHints":{"allow":["GET"]}}],"collection":[{"href":"https:\/\/maxani.nl\/pt\/wp-json\/wp\/v2\/product"}],"about":[{"href":"https:\/\/maxani.nl\/pt\/wp-json\/wp\/v2\/types\/product"}],"wp:featuredmedia":[{"embeddable":true,"href":"https:\/\/maxani.nl\/pt\/wp-json\/wp\/v2\/media\/13377"}],"wp:attachment":[{"href":"https:\/\/maxani.nl\/pt\/wp-json\/wp\/v2\/media?parent=139"}],"wp:term":[{"taxonomy":"product_brand","embeddable":true,"href":"https:\/\/maxani.nl\/pt\/wp-json\/wp\/v2\/product_brand?post=139"},{"taxonomy":"product_cat","embeddable":true,"href":"https:\/\/maxani.nl\/pt\/wp-json\/wp\/v2\/product_cat?post=139"},{"taxonomy":"product_tag","embeddable":true,"href":"https:\/\/maxani.nl\/pt\/wp-json\/wp\/v2\/product_tag?post=139"}],"curies":[{"name":"wp","href":"https:\/\/api.w.org\/{rel}","templated":true}]}}