{"id":135,"date":"2019-08-13T10:13:37","date_gmt":"2019-08-13T10:13:37","guid":{"rendered":"https:\/\/maandvandehuidverzorging.nl\/?post_type=product&#038;p=135"},"modified":"2026-02-16T12:10:26","modified_gmt":"2026-02-16T12:10:26","slug":"hydralac-huidconditioner","status":"publish","type":"product","link":"https:\/\/maxani.nl\/pt\/produto\/hydralac-huidconditioner\/","title":{"rendered":"Maxani Hydralac condicionador da pele"},"content":{"rendered":"<p><strong>Indica\u00e7\u00f5es<\/strong><\/p>\n<p>Pele seca, pele at\u00f3pica e pele seborreica. Tamb\u00e9m adequado para doen\u00e7as queratol\u00edticas: seborreia prim\u00e1ria, ictiose, adenite seb\u00e1cea. Ou como amaciador ap\u00f3s a utiliza\u00e7\u00e3o de champ\u00f4s secantes (medicamentosos), o spray Hydralac ir\u00e1 nutrir, suavizar e cuidar da pele.<\/p>\n<p><strong>Funcionamento<\/strong><\/p>\n<p>O \u00e1cido hialur\u00f3nico refor\u00e7a a barreira cut\u00e2nea e ret\u00e9m a humidade, hidratando e reafirmando a pele. Actua tamb\u00e9m como um antioxidante que acalma e protege a pele<br \/>\ncontra os danos causados pelos radicais livres. A ureia penetra profundamente na epiderme e tem um efeito queratol\u00edtico e hidratante, eliminando a descama\u00e7\u00e3o excessiva da pele. O gluconato de zinco inibe e regula a produ\u00e7\u00e3o de sebo, pelo que \u00e9 um ingrediente importante para a pele seborreica. O zinco \u00e9 tamb\u00e9m importante para manter um equil\u00edbrio correto da barreira cut\u00e2nea. \u00c1cido<br \/>\nlacticum previne a hiperqueratose e, juntamente com o cloreto de benzalc\u00f3nio, confere ao spray Hydralac um efeito antiss\u00e9tico suave.<\/p>\n<p><strong>Utiliza\u00e7\u00e3o<\/strong><\/p>\n<p>Agitar antes de utilizar. Hydralac spray pode ser utilizado diariamente na pele seca e h\u00famida.<\/p>\n<p><em><strong>M\u00e9todo de pulveriza\u00e7\u00e3o<\/strong>:<\/em><\/p>\n<p>Com a m\u00e3o ou com um pente, afastar os cabelos e pulverizar abundantemente sobre a pele. Massajar suavemente e depois escovar ou pentear ligeiramente. Deixar o animal secar sem enxaguar nem secar o Hydralac com o secador. Secar suavemente com uma toalha limpa.<\/p>\n<p><em><strong>M\u00e9todo de enxaguamento<\/strong>:<\/em><\/p>\n<p>Utilizar o Hydralac como p\u00f3s-enxaguamento ap\u00f3s a lavagem com um champ\u00f4 medicamentoso. Diluir o Hydralac 1:10 com \u00e1gua morna. Deitar o amaciador dilu\u00eddo sobre o pelo e massajar suavemente. Deixar o animal secar sem enxaguar ou secar o Hydralac com o secador. Basta secar suavemente com uma toalha limpa.<\/p>\n<span class=\"wppb-content-restriction-message\"><p data-opacity=\"0.5\">Para mais informa\u00e7\u00f5es, \u00e9 necess\u00e1rio iniciar sess\u00e3o<\/p>\n<\/span>","protected":false},"excerpt":{"rendered":"<p>Hydralac condicionador da pele \u00e9 um spray sem \u00f3leo que proporciona uma pele flex\u00edvel e hidratada sem deixar uma pel\u00edcula gordurosa. Este condicionador nutritivo da pele penetra profundamente na epiderme. Para al\u00e9m de hidratar e nutrir, a f\u00f3rmula especial foi formulada para eliminar os flocos, regular o sebo e reduzir o crescimento bacteriano. Os ingredientes activos possuem propriedades hidratantes, antibacterianas e antimic\u00f3ticas. Hydralac \u00e9 um complemento \u00fatil do tratamento dermatol\u00f3gico com champ\u00f4 e pode tamb\u00e9m ser utilizado como monoterapia. Hydralac spray n\u00e3o deve ser enxaguado ou pulverizado perto dos olhos.<\/p>\n<p><strong>Animal<\/strong>: Todas as esp\u00e9cies<\/p>\n<p><strong>Conte\u00fado<\/strong>: 200 ml ou 1L<\/p>\n<span class=\"wppb-shortcode-restriction-message\"> <\/span>","protected":false},"featured_media":11909,"template":"","meta":[],"product_brand":[],"product_cat":[15,29],"product_tag":[144,38,39],"class_list":{"0":"post-135","1":"product","2":"type-product","3":"status-publish","4":"has-post-thumbnail","6":"product_cat-alle-producten","7":"product_cat-maxani","8":"product_tag-144","9":"product_tag-conditioner","10":"product_tag-maxani-huidconditioner-hydralac","12":"first","13":"instock","14":"taxable","15":"shipping-taxable","16":"product-type-variable"},"yoast_head":"<!-- This site is optimized with the Yoast SEO plugin v27.1.1 - https:\/\/yoast.com\/product\/yoast-seo-wordpress\/ -->\n<title>Maxani Hydralac skin conditioner - Maxani Animal Healthcare BV<\/title>\n<meta name=\"robots\" content=\"index, follow, max-snippet:-1, max-image-preview:large, max-video-preview:-1\" \/>\n<link rel=\"canonical\" href=\"https:\/\/maxani.nl\/pt\/produto\/hydralac-huidconditioner\/\" \/>\n<meta property=\"og:locale\" content=\"pt_PT\" \/>\n<meta property=\"og:type\" content=\"article\" \/>\n<meta property=\"og:title\" content=\"Maxani Hydralac skin conditioner - Maxani Animal Healthcare BV\" \/>\n<meta property=\"og:description\" content=\"Hydralac skinconditioner is een olievrije spray die zorgt voor een soepele, gehydrateerde huid zonder een vettige laag achter te laten. Deze voedende huidconditioner dringt tot diep in de opperhuid door. Naast het hydrateren en het voeden is de speciale formule samengesteld om schilfers te verwijderen, talg te reguleren en de bacteriegroei te verminderen. De werkzame stoffen bezitten hydraterende, antibacteri\u00eble, antimycotische eigenschappen. Hydralac vormt een zinvolle aanvulling op de behandeling met een dermatologische shampoo en is ook als monotherapie inzetbaar. De Hydralac spray mag niet worden uitgespoeld en niet in de buurt van ogen worden gesprayd.  Dier: Alle diersoorten  Inhoud: 200 ml of 1L\" \/>\n<meta property=\"og:url\" content=\"https:\/\/maxani.nl\/pt\/produto\/hydralac-huidconditioner\/\" \/>\n<meta property=\"og:site_name\" content=\"Maxani Animal Healthcare BV\" \/>\n<meta property=\"article:modified_time\" content=\"2026-02-16T12:10:26+00:00\" \/>\n<meta property=\"og:image\" content=\"https:\/\/maxani.nl\/wp-content\/uploads\/2023\/01\/Maxani-Hydralac-spray-200ml.jpg\" \/>\n\t<meta property=\"og:image:width\" content=\"1080\" \/>\n\t<meta property=\"og:image:height\" content=\"1080\" \/>\n\t<meta property=\"og:image:type\" content=\"image\/jpeg\" \/>\n<meta name=\"twitter:card\" content=\"summary_large_image\" \/>\n<meta name=\"twitter:label1\" content=\"Tempo estimado de leitura\" \/>\n\t<meta name=\"twitter:data1\" content=\"3 minutos\" \/>\n<script type=\"application\/ld+json\" class=\"yoast-schema-graph\">{\"@context\":\"https:\/\/schema.org\",\"@graph\":[{\"@type\":\"WebPage\",\"@id\":\"https:\/\/maxani.nl\/product\/hydralac-huidconditioner\/\",\"url\":\"https:\/\/maxani.nl\/product\/hydralac-huidconditioner\/\",\"name\":\"Maxani Hydralac skin conditioner - Maxani Animal Healthcare BV\",\"isPartOf\":{\"@id\":\"https:\/\/maxani.nl\/#website\"},\"primaryImageOfPage\":{\"@id\":\"https:\/\/maxani.nl\/product\/hydralac-huidconditioner\/#primaryimage\"},\"image\":{\"@id\":\"https:\/\/maxani.nl\/product\/hydralac-huidconditioner\/#primaryimage\"},\"thumbnailUrl\":\"https:\/\/maxani.nl\/wp-content\/uploads\/2023\/01\/Maxani-Hydralac-spray-200ml.jpg\",\"datePublished\":\"2019-08-13T10:13:37+00:00\",\"dateModified\":\"2026-02-16T12:10:26+00:00\",\"breadcrumb\":{\"@id\":\"https:\/\/maxani.nl\/product\/hydralac-huidconditioner\/#breadcrumb\"},\"inLanguage\":\"pt-PT\",\"potentialAction\":[{\"@type\":\"ReadAction\",\"target\":[\"https:\/\/maxani.nl\/product\/hydralac-huidconditioner\/\"]}]},{\"@type\":\"ImageObject\",\"inLanguage\":\"pt-PT\",\"@id\":\"https:\/\/maxani.nl\/product\/hydralac-huidconditioner\/#primaryimage\",\"url\":\"https:\/\/maxani.nl\/wp-content\/uploads\/2023\/01\/Maxani-Hydralac-spray-200ml.jpg\",\"contentUrl\":\"https:\/\/maxani.nl\/wp-content\/uploads\/2023\/01\/Maxani-Hydralac-spray-200ml.jpg\",\"width\":1080,\"height\":1080},{\"@type\":\"BreadcrumbList\",\"@id\":\"https:\/\/maxani.nl\/product\/hydralac-huidconditioner\/#breadcrumb\",\"itemListElement\":[{\"@type\":\"ListItem\",\"position\":1,\"name\":\"Home\",\"item\":\"https:\/\/maxani.nl\/\"},{\"@type\":\"ListItem\",\"position\":2,\"name\":\"Webshop\",\"item\":\"https:\/\/maxani.nl\/webshop\/\"},{\"@type\":\"ListItem\",\"position\":3,\"name\":\"Maxani Hydralac skin conditioner\"}]},{\"@type\":\"WebSite\",\"@id\":\"https:\/\/maxani.nl\/#website\",\"url\":\"https:\/\/maxani.nl\/\",\"name\":\"Maxani Animal Healthcare BV\",\"description\":\"Uw partner in veterinaire dermatologie\",\"potentialAction\":[{\"@type\":\"SearchAction\",\"target\":{\"@type\":\"EntryPoint\",\"urlTemplate\":\"https:\/\/maxani.nl\/?s={search_term_string}\"},\"query-input\":{\"@type\":\"PropertyValueSpecification\",\"valueRequired\":true,\"valueName\":\"search_term_string\"}}],\"inLanguage\":\"pt-PT\"}]}<\/script>\n<!-- \/ Yoast SEO plugin. -->","yoast_head_json":{"title":"Maxani Hydralac skin conditioner - Maxani Animal Healthcare BV","robots":{"index":"index","follow":"follow","max-snippet":"max-snippet:-1","max-image-preview":"max-image-preview:large","max-video-preview":"max-video-preview:-1"},"canonical":"https:\/\/maxani.nl\/pt\/produto\/hydralac-huidconditioner\/","og_locale":"pt_PT","og_type":"article","og_title":"Maxani Hydralac skin conditioner - Maxani Animal Healthcare BV","og_description":"Hydralac skinconditioner is een olievrije spray die zorgt voor een soepele, gehydrateerde huid zonder een vettige laag achter te laten. Deze voedende huidconditioner dringt tot diep in de opperhuid door. Naast het hydrateren en het voeden is de speciale formule samengesteld om schilfers te verwijderen, talg te reguleren en de bacteriegroei te verminderen. De werkzame stoffen bezitten hydraterende, antibacteri\u00eble, antimycotische eigenschappen. Hydralac vormt een zinvolle aanvulling op de behandeling met een dermatologische shampoo en is ook als monotherapie inzetbaar. De Hydralac spray mag niet worden uitgespoeld en niet in de buurt van ogen worden gesprayd.  Dier: Alle diersoorten  Inhoud: 200 ml of 1L","og_url":"https:\/\/maxani.nl\/pt\/produto\/hydralac-huidconditioner\/","og_site_name":"Maxani Animal Healthcare BV","article_modified_time":"2026-02-16T12:10:26+00:00","og_image":[{"width":1080,"height":1080,"url":"https:\/\/maxani.nl\/wp-content\/uploads\/2023\/01\/Maxani-Hydralac-spray-200ml.jpg","type":"image\/jpeg"}],"twitter_card":"summary_large_image","twitter_misc":{"Tempo estimado de leitura":"3 minutos"},"schema":{"@context":"https:\/\/schema.org","@graph":[{"@type":"WebPage","@id":"https:\/\/maxani.nl\/product\/hydralac-huidconditioner\/","url":"https:\/\/maxani.nl\/product\/hydralac-huidconditioner\/","name":"Maxani Hydralac skin conditioner - Maxani Animal Healthcare BV","isPartOf":{"@id":"https:\/\/maxani.nl\/#website"},"primaryImageOfPage":{"@id":"https:\/\/maxani.nl\/product\/hydralac-huidconditioner\/#primaryimage"},"image":{"@id":"https:\/\/maxani.nl\/product\/hydralac-huidconditioner\/#primaryimage"},"thumbnailUrl":"https:\/\/maxani.nl\/wp-content\/uploads\/2023\/01\/Maxani-Hydralac-spray-200ml.jpg","datePublished":"2019-08-13T10:13:37+00:00","dateModified":"2026-02-16T12:10:26+00:00","breadcrumb":{"@id":"https:\/\/maxani.nl\/product\/hydralac-huidconditioner\/#breadcrumb"},"inLanguage":"pt-PT","potentialAction":[{"@type":"ReadAction","target":["https:\/\/maxani.nl\/product\/hydralac-huidconditioner\/"]}]},{"@type":"ImageObject","inLanguage":"pt-PT","@id":"https:\/\/maxani.nl\/product\/hydralac-huidconditioner\/#primaryimage","url":"https:\/\/maxani.nl\/wp-content\/uploads\/2023\/01\/Maxani-Hydralac-spray-200ml.jpg","contentUrl":"https:\/\/maxani.nl\/wp-content\/uploads\/2023\/01\/Maxani-Hydralac-spray-200ml.jpg","width":1080,"height":1080},{"@type":"BreadcrumbList","@id":"https:\/\/maxani.nl\/product\/hydralac-huidconditioner\/#breadcrumb","itemListElement":[{"@type":"ListItem","position":1,"name":"Home","item":"https:\/\/maxani.nl\/"},{"@type":"ListItem","position":2,"name":"Webshop","item":"https:\/\/maxani.nl\/webshop\/"},{"@type":"ListItem","position":3,"name":"Maxani Hydralac skin conditioner"}]},{"@type":"WebSite","@id":"https:\/\/maxani.nl\/#website","url":"https:\/\/maxani.nl\/","name":"Maxani Animal Healthcare BV","description":"O seu parceiro em dermatologia veterin\u00e1ria","potentialAction":[{"@type":"SearchAction","target":{"@type":"EntryPoint","urlTemplate":"https:\/\/maxani.nl\/?s={search_term_string}"},"query-input":{"@type":"PropertyValueSpecification","valueRequired":true,"valueName":"search_term_string"}}],"inLanguage":"pt-PT"}]}},"jetpack_sharing_enabled":true,"_links":{"self":[{"href":"https:\/\/maxani.nl\/pt\/wp-json\/wp\/v2\/product\/135","targetHints":{"allow":["GET"]}}],"collection":[{"href":"https:\/\/maxani.nl\/pt\/wp-json\/wp\/v2\/product"}],"about":[{"href":"https:\/\/maxani.nl\/pt\/wp-json\/wp\/v2\/types\/product"}],"wp:featuredmedia":[{"embeddable":true,"href":"https:\/\/maxani.nl\/pt\/wp-json\/wp\/v2\/media\/11909"}],"wp:attachment":[{"href":"https:\/\/maxani.nl\/pt\/wp-json\/wp\/v2\/media?parent=135"}],"wp:term":[{"taxonomy":"product_brand","embeddable":true,"href":"https:\/\/maxani.nl\/pt\/wp-json\/wp\/v2\/product_brand?post=135"},{"taxonomy":"product_cat","embeddable":true,"href":"https:\/\/maxani.nl\/pt\/wp-json\/wp\/v2\/product_cat?post=135"},{"taxonomy":"product_tag","embeddable":true,"href":"https:\/\/maxani.nl\/pt\/wp-json\/wp\/v2\/product_tag?post=135"}],"curies":[{"name":"wp","href":"https:\/\/api.w.org\/{rel}","templated":true}]}}