{"id":134,"date":"2019-08-13T09:56:21","date_gmt":"2019-08-13T09:56:21","guid":{"rendered":"https:\/\/maandvandehuidverzorging.nl\/?post_type=product&#038;p=134"},"modified":"2025-05-30T18:04:16","modified_gmt":"2025-05-30T18:04:16","slug":"sebosilk-huidshampoo","status":"publish","type":"product","link":"https:\/\/maxani.nl\/pt\/produto\/sebosilk-huidshampoo\/","title":{"rendered":"Champ\u00f4 Maxani SeboSilk para a pele"},"content":{"rendered":"<p><strong>Indica\u00e7\u00f5es<\/strong><\/p>\n<p>Animais com seborreia oleosa, aumento da produ\u00e7\u00e3o de sebo, anomalias no processo de descama\u00e7\u00e3o e\/ou odor desagrad\u00e1vel. Tamb\u00e9m muito adequado para c\u00e3es extremamente sujos e\/ou com pelagem\/pele oleosa.<\/p>\n<p><strong>Funcionamento<\/strong><\/p>\n<p>A s\u00e1lvia, o gluconato de zinco e a vitamina B6 regulam a produ\u00e7\u00e3o de sebo sem secar a pele. O champ\u00f4 promove a forma\u00e7\u00e3o de queratin\u00f3citos saud\u00e1veis e elimina a descama\u00e7\u00e3o da pele. O mel, o \u00e1cido salic\u00edlico e o \u00e1cido l\u00e1tico equilibram a flora microbiana da pele e neutralizam os odores desagrad\u00e1veis. O SK-influx\u00ae, composto por \u00e1cidos gordos, ceramidas, colesterol e fitoesfingosina, restaura a barreira cut\u00e2nea. O \u00e1cido hialur\u00f3nico favorece a elasticidade e a hidrata\u00e7\u00e3o da pele.<\/p>\n<p><strong>Utiliza\u00e7\u00e3o<\/strong><\/p>\n<p>Dependendo da doen\u00e7a, da gravidade da queixa e do objetivo do tratamento, a frequ\u00eancia da lavagem com champ\u00f4 varia. Recomendamos a lavagem com champ\u00f4 pelo menos 2 a 3 vezes por semana at\u00e9 ao desaparecimento dos sintomas cl\u00ednicos. O champ\u00f4 para a pele SeboSilk \u00e9 adequado para utiliza\u00e7\u00e3o 2 a 4 vezes por m\u00eas como produto de manuten\u00e7\u00e3o. Agitar bem antes de utilizar. De prefer\u00eancia, lavar o animal 2 vezes por lavagem com champ\u00f4. A primeira vez para um efeito de limpeza (remo\u00e7\u00e3o de sujidade, flocos, etc.), a segunda vez para tratamento. Na segunda lavagem, deixar o champ\u00f4 atuar durante 5 a 10 minutos para um efeito \u00f3timo. N\u00e3o utilizar se o animal for sens\u00edvel a algum dos ingredientes.<\/p>\n<span class=\"wppb-content-restriction-message\"><p data-opacity=\"0.5\">Para mais informa\u00e7\u00f5es, \u00e9 necess\u00e1rio iniciar sess\u00e3o<\/p>\n<\/span>","protected":false},"excerpt":{"rendered":"<p>O champ\u00f4 para a pele SeboSilk foi especialmente desenvolvido para animais com um aumento da produ\u00e7\u00e3o de sebo e\/ou anomalias no processo de descama\u00e7\u00e3o. Por exemplo, em casos de seborreia oleosa, um bom champ\u00f4<br \/>\nA limpeza \u00e9 importante, obviamente em combina\u00e7\u00e3o com o restabelecimento da barreira cut\u00e2nea e do equil\u00edbrio da hidrata\u00e7\u00e3o. O champ\u00f4 para a pele SeboSilk hidrata e cuida profundamente da pele. Al\u00e9m disso, gra\u00e7as \u00e0 adi\u00e7\u00e3o de um neutralizador de odores, neutraliza os odores desagrad\u00e1veis.<\/p>\n<p>Com o champ\u00f4 para a pele SeboSilk, as cl\u00ednicas veterin\u00e1rias podem encomendar gratuitamente uma ou duas instru\u00e7\u00f5es de lavagem com o log\u00f3tipo da cl\u00ednica por champ\u00f4. Desta forma, o tratamento \u00e9 optimizado e o cliente tem sempre \u00e0 m\u00e3o os conselhos de utiliza\u00e7\u00e3o do champ\u00f4.<\/p>\n<p><strong>Animal<\/strong>: C\u00e3o<\/p>\n<p><strong>Conte\u00fado<\/strong>: 200 ml<\/p>\n<span class=\"wppb-shortcode-restriction-message\"> <\/span>","protected":false},"featured_media":11966,"template":"","meta":[],"product_brand":[],"product_cat":[15,29,37],"product_tag":[145,30,147,146],"class_list":{"0":"post-134","1":"product","2":"type-product","3":"status-publish","4":"has-post-thumbnail","6":"product_cat-alle-producten","7":"product_cat-maxani","8":"product_cat-seborroe","9":"product_tag-145","10":"product_tag-maxani-shampoo","11":"product_tag-seborroe","12":"product_tag-sebosilk","14":"first","15":"instock","16":"taxable","17":"shipping-taxable","18":"product-type-simple"},"yoast_head":"<!-- This site is optimized with the Yoast SEO plugin v27.1.1 - https:\/\/yoast.com\/product\/yoast-seo-wordpress\/ -->\n<title>Maxani SeboSilk skin shampoo - Maxani Animal Healthcare BV<\/title>\n<meta name=\"robots\" content=\"index, follow, max-snippet:-1, max-image-preview:large, max-video-preview:-1\" \/>\n<link rel=\"canonical\" href=\"https:\/\/maxani.nl\/pt\/produto\/sebosilk-huidshampoo\/\" \/>\n<meta property=\"og:locale\" content=\"pt_PT\" \/>\n<meta property=\"og:type\" content=\"article\" \/>\n<meta property=\"og:title\" content=\"Maxani SeboSilk skin shampoo - Maxani Animal Healthcare BV\" \/>\n<meta property=\"og:description\" content=\"De SeboSilk skin shampoo is speciaal ontwikkeld voor dieren met een verhoogde talgproductie en\/of afwijkingen in het verhoorningsproces. Bijvoorbeeld bij vette seborroe is een goede reiniging van belang, uiteraard in combinatie met het herstellen van de huidbarri\u00e8re en vochtbalans. De SeboSilk skin shampoo hydrateert en verzorgt tot diep in de huid. Mede door de toevoeging van een geurneutralisator, neutraliseert het onaangename geuren.  Bij de SeboSilk skin shampoo kan de dierenartsenpraktijk gratis \u00e9\u00e9n of twee wasvoorschriften met het logo van de praktijk bestellen per shampoo. Op deze manier wordt de behandeling geoptimaliseerd en heeft de klant het gebruiksadvies van de shampoo altijd bij de hand.  Dier: Hond  Inhoud: 200 ml\" \/>\n<meta property=\"og:url\" content=\"https:\/\/maxani.nl\/pt\/produto\/sebosilk-huidshampoo\/\" \/>\n<meta property=\"og:site_name\" content=\"Maxani Animal Healthcare BV\" \/>\n<meta property=\"article:modified_time\" content=\"2025-05-30T18:04:16+00:00\" \/>\n<meta property=\"og:image\" content=\"https:\/\/maxani.nl\/wp-content\/uploads\/2023\/01\/Maxani-Sebosilk-shampoo-200ml.jpg\" \/>\n\t<meta property=\"og:image:width\" content=\"1080\" \/>\n\t<meta property=\"og:image:height\" content=\"1080\" \/>\n\t<meta property=\"og:image:type\" content=\"image\/jpeg\" \/>\n<meta name=\"twitter:card\" content=\"summary_large_image\" \/>\n<meta name=\"twitter:label1\" content=\"Tempo estimado de leitura\" \/>\n\t<meta name=\"twitter:data1\" content=\"4 minutos\" \/>\n<script type=\"application\/ld+json\" class=\"yoast-schema-graph\">{\"@context\":\"https:\/\/schema.org\",\"@graph\":[{\"@type\":\"WebPage\",\"@id\":\"https:\/\/maxani.nl\/product\/sebosilk-huidshampoo\/\",\"url\":\"https:\/\/maxani.nl\/product\/sebosilk-huidshampoo\/\",\"name\":\"Maxani SeboSilk skin shampoo - Maxani Animal Healthcare BV\",\"isPartOf\":{\"@id\":\"https:\/\/maxani.nl\/#website\"},\"primaryImageOfPage\":{\"@id\":\"https:\/\/maxani.nl\/product\/sebosilk-huidshampoo\/#primaryimage\"},\"image\":{\"@id\":\"https:\/\/maxani.nl\/product\/sebosilk-huidshampoo\/#primaryimage\"},\"thumbnailUrl\":\"https:\/\/maxani.nl\/wp-content\/uploads\/2023\/01\/Maxani-Sebosilk-shampoo-200ml.jpg\",\"datePublished\":\"2019-08-13T09:56:21+00:00\",\"dateModified\":\"2025-05-30T18:04:16+00:00\",\"breadcrumb\":{\"@id\":\"https:\/\/maxani.nl\/product\/sebosilk-huidshampoo\/#breadcrumb\"},\"inLanguage\":\"pt-PT\",\"potentialAction\":[{\"@type\":\"ReadAction\",\"target\":[\"https:\/\/maxani.nl\/product\/sebosilk-huidshampoo\/\"]}]},{\"@type\":\"ImageObject\",\"inLanguage\":\"pt-PT\",\"@id\":\"https:\/\/maxani.nl\/product\/sebosilk-huidshampoo\/#primaryimage\",\"url\":\"https:\/\/maxani.nl\/wp-content\/uploads\/2023\/01\/Maxani-Sebosilk-shampoo-200ml.jpg\",\"contentUrl\":\"https:\/\/maxani.nl\/wp-content\/uploads\/2023\/01\/Maxani-Sebosilk-shampoo-200ml.jpg\",\"width\":1080,\"height\":1080},{\"@type\":\"BreadcrumbList\",\"@id\":\"https:\/\/maxani.nl\/product\/sebosilk-huidshampoo\/#breadcrumb\",\"itemListElement\":[{\"@type\":\"ListItem\",\"position\":1,\"name\":\"Home\",\"item\":\"https:\/\/maxani.nl\/\"},{\"@type\":\"ListItem\",\"position\":2,\"name\":\"Webshop\",\"item\":\"https:\/\/maxani.nl\/webshop\/\"},{\"@type\":\"ListItem\",\"position\":3,\"name\":\"Maxani SeboSilk skin shampoo\"}]},{\"@type\":\"WebSite\",\"@id\":\"https:\/\/maxani.nl\/#website\",\"url\":\"https:\/\/maxani.nl\/\",\"name\":\"Maxani Animal Healthcare BV\",\"description\":\"Uw partner in veterinaire dermatologie\",\"potentialAction\":[{\"@type\":\"SearchAction\",\"target\":{\"@type\":\"EntryPoint\",\"urlTemplate\":\"https:\/\/maxani.nl\/?s={search_term_string}\"},\"query-input\":{\"@type\":\"PropertyValueSpecification\",\"valueRequired\":true,\"valueName\":\"search_term_string\"}}],\"inLanguage\":\"pt-PT\"}]}<\/script>\n<!-- \/ Yoast SEO plugin. -->","yoast_head_json":{"title":"Maxani SeboSilk skin shampoo - Maxani Animal Healthcare BV","robots":{"index":"index","follow":"follow","max-snippet":"max-snippet:-1","max-image-preview":"max-image-preview:large","max-video-preview":"max-video-preview:-1"},"canonical":"https:\/\/maxani.nl\/pt\/produto\/sebosilk-huidshampoo\/","og_locale":"pt_PT","og_type":"article","og_title":"Maxani SeboSilk skin shampoo - Maxani Animal Healthcare BV","og_description":"De SeboSilk skin shampoo is speciaal ontwikkeld voor dieren met een verhoogde talgproductie en\/of afwijkingen in het verhoorningsproces. Bijvoorbeeld bij vette seborroe is een goede reiniging van belang, uiteraard in combinatie met het herstellen van de huidbarri\u00e8re en vochtbalans. De SeboSilk skin shampoo hydrateert en verzorgt tot diep in de huid. Mede door de toevoeging van een geurneutralisator, neutraliseert het onaangename geuren.  Bij de SeboSilk skin shampoo kan de dierenartsenpraktijk gratis \u00e9\u00e9n of twee wasvoorschriften met het logo van de praktijk bestellen per shampoo. Op deze manier wordt de behandeling geoptimaliseerd en heeft de klant het gebruiksadvies van de shampoo altijd bij de hand.  Dier: Hond  Inhoud: 200 ml","og_url":"https:\/\/maxani.nl\/pt\/produto\/sebosilk-huidshampoo\/","og_site_name":"Maxani Animal Healthcare BV","article_modified_time":"2025-05-30T18:04:16+00:00","og_image":[{"width":1080,"height":1080,"url":"https:\/\/maxani.nl\/wp-content\/uploads\/2023\/01\/Maxani-Sebosilk-shampoo-200ml.jpg","type":"image\/jpeg"}],"twitter_card":"summary_large_image","twitter_misc":{"Tempo estimado de leitura":"4 minutos"},"schema":{"@context":"https:\/\/schema.org","@graph":[{"@type":"WebPage","@id":"https:\/\/maxani.nl\/product\/sebosilk-huidshampoo\/","url":"https:\/\/maxani.nl\/product\/sebosilk-huidshampoo\/","name":"Maxani SeboSilk skin shampoo - Maxani Animal Healthcare BV","isPartOf":{"@id":"https:\/\/maxani.nl\/#website"},"primaryImageOfPage":{"@id":"https:\/\/maxani.nl\/product\/sebosilk-huidshampoo\/#primaryimage"},"image":{"@id":"https:\/\/maxani.nl\/product\/sebosilk-huidshampoo\/#primaryimage"},"thumbnailUrl":"https:\/\/maxani.nl\/wp-content\/uploads\/2023\/01\/Maxani-Sebosilk-shampoo-200ml.jpg","datePublished":"2019-08-13T09:56:21+00:00","dateModified":"2025-05-30T18:04:16+00:00","breadcrumb":{"@id":"https:\/\/maxani.nl\/product\/sebosilk-huidshampoo\/#breadcrumb"},"inLanguage":"pt-PT","potentialAction":[{"@type":"ReadAction","target":["https:\/\/maxani.nl\/product\/sebosilk-huidshampoo\/"]}]},{"@type":"ImageObject","inLanguage":"pt-PT","@id":"https:\/\/maxani.nl\/product\/sebosilk-huidshampoo\/#primaryimage","url":"https:\/\/maxani.nl\/wp-content\/uploads\/2023\/01\/Maxani-Sebosilk-shampoo-200ml.jpg","contentUrl":"https:\/\/maxani.nl\/wp-content\/uploads\/2023\/01\/Maxani-Sebosilk-shampoo-200ml.jpg","width":1080,"height":1080},{"@type":"BreadcrumbList","@id":"https:\/\/maxani.nl\/product\/sebosilk-huidshampoo\/#breadcrumb","itemListElement":[{"@type":"ListItem","position":1,"name":"Home","item":"https:\/\/maxani.nl\/"},{"@type":"ListItem","position":2,"name":"Webshop","item":"https:\/\/maxani.nl\/webshop\/"},{"@type":"ListItem","position":3,"name":"Maxani SeboSilk skin shampoo"}]},{"@type":"WebSite","@id":"https:\/\/maxani.nl\/#website","url":"https:\/\/maxani.nl\/","name":"Maxani Animal Healthcare BV","description":"O seu parceiro em dermatologia veterin\u00e1ria","potentialAction":[{"@type":"SearchAction","target":{"@type":"EntryPoint","urlTemplate":"https:\/\/maxani.nl\/?s={search_term_string}"},"query-input":{"@type":"PropertyValueSpecification","valueRequired":true,"valueName":"search_term_string"}}],"inLanguage":"pt-PT"}]}},"jetpack_sharing_enabled":true,"_links":{"self":[{"href":"https:\/\/maxani.nl\/pt\/wp-json\/wp\/v2\/product\/134","targetHints":{"allow":["GET"]}}],"collection":[{"href":"https:\/\/maxani.nl\/pt\/wp-json\/wp\/v2\/product"}],"about":[{"href":"https:\/\/maxani.nl\/pt\/wp-json\/wp\/v2\/types\/product"}],"wp:featuredmedia":[{"embeddable":true,"href":"https:\/\/maxani.nl\/pt\/wp-json\/wp\/v2\/media\/11966"}],"wp:attachment":[{"href":"https:\/\/maxani.nl\/pt\/wp-json\/wp\/v2\/media?parent=134"}],"wp:term":[{"taxonomy":"product_brand","embeddable":true,"href":"https:\/\/maxani.nl\/pt\/wp-json\/wp\/v2\/product_brand?post=134"},{"taxonomy":"product_cat","embeddable":true,"href":"https:\/\/maxani.nl\/pt\/wp-json\/wp\/v2\/product_cat?post=134"},{"taxonomy":"product_tag","embeddable":true,"href":"https:\/\/maxani.nl\/pt\/wp-json\/wp\/v2\/product_tag?post=134"}],"curies":[{"name":"wp","href":"https:\/\/api.w.org\/{rel}","templated":true}]}}