{"id":130,"date":"2019-08-13T09:54:29","date_gmt":"2019-08-13T09:54:29","guid":{"rendered":"https:\/\/maandvandehuidverzorging.nl\/?post_type=product&#038;p=130"},"modified":"2025-08-20T12:50:21","modified_gmt":"2025-08-20T12:50:21","slug":"rescue-huidshampoo","status":"publish","type":"product","link":"https:\/\/maxani.nl\/pt\/produto\/rescue-huidshampoo\/","title":{"rendered":"Champ\u00f4 para a pele de resgate"},"content":{"rendered":"<p><strong>Indica\u00e7\u00f5es<\/strong><\/p>\n<p>O champ\u00f4 Rescue skin \u00e9 utilizado para pele infetada, dolorosa, espessa, quente e\/ou vermelha causada por bact\u00e9rias, leveduras e\/ou fungos. O champ\u00f4 para a pele foi desenvolvido por dermatologistas veterin\u00e1rios para o tratamento de Malassezia, Pioderma, Intertrigo e outras infec\u00e7\u00f5es cut\u00e2neas, pontos quentes e irrita\u00e7\u00f5es da pele. O champ\u00f4 \u00e9 amplamente aplic\u00e1vel e tamb\u00e9m funciona como apoio em c\u00e3es at\u00f3picos para evitar infec\u00e7\u00f5es cut\u00e2neas recorrentes. Nos cavalos, o champ\u00f4 \u00e9 utilizado para o tratamento de infec\u00e7\u00f5es secund\u00e1rias da pele causadas por bact\u00e9rias, que podem incluir<br \/>\nsurgem de eczema da cauda e da crina e de outras infec\u00e7\u00f5es bacterianas, f\u00fangicas ou de leveduras. O champ\u00f4 Rescue Skin tamb\u00e9m \u00e9 utilizado para prevenir infec\u00e7\u00f5es cut\u00e2neas secund\u00e1rias.<\/p>\n<p><strong>Funcionamento<\/strong><\/p>\n<p>O hipoclorito de s\u00f3dio mata muitos tipos de bact\u00e9rias. As ceramidas do champ\u00f4 ajudam a restabelecer o equil\u00edbrio da hidrata\u00e7\u00e3o e a fun\u00e7\u00e3o de barreira protetora da pele.<br \/>\nO alecrim e a hortel\u00e3 s\u00e3o ingredientes calmantes. O mentol e o alecrim s\u00e3o adicionados para um efeito refrescante. O alecrim tamb\u00e9m reduz a renova\u00e7\u00e3o da epiderme e contribui para a produ\u00e7\u00e3o normal de sebo. SK-influx\u00ae, composto por \u00e1cidos gordos, ceramidas, colesterol e fitoesfingosina, restaura a barreira cut\u00e2nea e hidrata a pele. O \u00e1cido hialur\u00f3nico promove a elasticidade da pele e o equil\u00edbrio da hidrata\u00e7\u00e3o.<\/p>\n<p><strong>Utiliza\u00e7\u00e3o<\/strong><\/p>\n<p>A frequ\u00eancia do tratamento com champ\u00f4 depende da condi\u00e7\u00e3o, da gravidade da queixa e do objetivo do tratamento. Recomendamos o tratamento de uma infe\u00e7\u00e3o cut\u00e2nea pelo menos 2 a 3 vezes<br \/>\npor semana at\u00e9 ao desaparecimento dos sintomas cl\u00ednicos. Se necess\u00e1rio, o champ\u00f4 pode ser utilizado diariamente. Para evitar a recorr\u00eancia de infec\u00e7\u00f5es cr\u00f3nicas da pele, canecas ou pontos quentes, recomenda-se a utiliza\u00e7\u00e3o do champ\u00f4 pelo menos uma vez por semana. De prefer\u00eancia, lavar o animal 2 vezes por champ\u00f4. A primeira vez para o efeito de limpeza (remo\u00e7\u00e3o de sujidade, flocos, etc.), a segunda vez para o tratamento. Deixar atuar o champ\u00f4 na segunda lavagem durante pelo menos 10 minutos para obter um resultado mais r\u00e1pido. N\u00e3o utilizar se o animal for (sobre)sens\u00edvel a algum dos ingredientes.<\/p>\n<span class=\"wppb-content-restriction-message\"><p data-opacity=\"0.5\">Para mais informa\u00e7\u00f5es, \u00e9 necess\u00e1rio iniciar sess\u00e3o<\/p>\n<\/span>","protected":false},"excerpt":{"rendered":"<p>Desenvolvido por dermatologistas veterin\u00e1rios para tratar e prevenir infec\u00e7\u00f5es cut\u00e2neas por bact\u00e9rias, fungos e leveduras em c\u00e3es e cavalos. Um champ\u00f4 de limpeza intensa, mas suave, contra bact\u00e9rias, fungos e leveduras.<\/p>\n<p>Com o champ\u00f4 Rescue skin, as cl\u00ednicas veterin\u00e1rias podem encomendar gratuitamente uma ou duas instru\u00e7\u00f5es de lavagem com o log\u00f3tipo da cl\u00ednica por champ\u00f4. Desta forma, o tratamento \u00e9 optimizado e o cliente tem sempre \u00e0 m\u00e3o os conselhos de utiliza\u00e7\u00e3o do champ\u00f4.<\/p>\n<p><strong>Animal<\/strong>: C\u00e3o e cavalo<\/p>\n<p><strong>Conte\u00fado<\/strong>: 200 ml<\/p>\n<span class=\"wppb-shortcode-restriction-message\"> <\/span>","protected":false},"featured_media":11962,"template":"","meta":[],"product_brand":[],"product_cat":[15,29,36],"product_tag":[148,30,150,149],"class_list":{"0":"post-130","1":"product","2":"type-product","3":"status-publish","4":"has-post-thumbnail","6":"product_cat-alle-producten","7":"product_cat-maxani","8":"product_cat-pyodermie","9":"product_tag-148","10":"product_tag-maxani-shampoo","11":"product_tag-pyodermie","12":"product_tag-rescue","14":"first","15":"instock","16":"taxable","17":"shipping-taxable","18":"product-type-simple"},"yoast_head":"<!-- This site is optimized with the Yoast SEO plugin v27.1.1 - https:\/\/yoast.com\/product\/yoast-seo-wordpress\/ -->\n<title>Rescue skin shampoo - Maxani Animal Healthcare BV<\/title>\n<meta name=\"robots\" content=\"index, follow, max-snippet:-1, max-image-preview:large, max-video-preview:-1\" \/>\n<link rel=\"canonical\" href=\"https:\/\/maxani.nl\/pt\/produto\/rescue-huidshampoo\/\" \/>\n<meta property=\"og:locale\" content=\"pt_PT\" \/>\n<meta property=\"og:type\" content=\"article\" \/>\n<meta property=\"og:title\" content=\"Rescue skin shampoo - Maxani Animal Healthcare BV\" \/>\n<meta property=\"og:description\" content=\"Ontwikkeld door veterinaire dermatologen om huidinfecties met bacteri\u00ebn, schimmels en gisten bij honden en paarden te behandelen en te voorkomen. Een intensief reinigende, maar toch zachte shampoo tegen bacteri\u00ebn, schimmels en gisten.  Bij de Rescue skin shampoo kan de dierenartsenpraktijk gratis \u00e9\u00e9n of twee wasvoorschriften met het logo van de praktijk bestellen per shampoo. Op deze manier wordt de behandeling geoptimaliseerd en heeft de klant het gebruiksadvies van de shampoo altijd bij de hand.  Dier: Hond en paard  Inhoud: 200 ml\" \/>\n<meta property=\"og:url\" content=\"https:\/\/maxani.nl\/pt\/produto\/rescue-huidshampoo\/\" \/>\n<meta property=\"og:site_name\" content=\"Maxani Animal Healthcare BV\" \/>\n<meta property=\"article:modified_time\" content=\"2025-08-20T12:50:21+00:00\" \/>\n<meta property=\"og:image\" content=\"https:\/\/maxani.nl\/wp-content\/uploads\/2023\/01\/Maxani-Rescue-shampoo-200ml.jpg\" \/>\n\t<meta property=\"og:image:width\" content=\"1080\" \/>\n\t<meta property=\"og:image:height\" content=\"1080\" \/>\n\t<meta property=\"og:image:type\" content=\"image\/jpeg\" \/>\n<meta name=\"twitter:card\" content=\"summary_large_image\" \/>\n<meta name=\"twitter:label1\" content=\"Tempo estimado de leitura\" \/>\n\t<meta name=\"twitter:data1\" content=\"3 minutos\" \/>\n<script type=\"application\/ld+json\" class=\"yoast-schema-graph\">{\"@context\":\"https:\/\/schema.org\",\"@graph\":[{\"@type\":\"WebPage\",\"@id\":\"https:\/\/maxani.nl\/product\/rescue-huidshampoo\/\",\"url\":\"https:\/\/maxani.nl\/product\/rescue-huidshampoo\/\",\"name\":\"Rescue skin shampoo - Maxani Animal Healthcare BV\",\"isPartOf\":{\"@id\":\"https:\/\/maxani.nl\/#website\"},\"primaryImageOfPage\":{\"@id\":\"https:\/\/maxani.nl\/product\/rescue-huidshampoo\/#primaryimage\"},\"image\":{\"@id\":\"https:\/\/maxani.nl\/product\/rescue-huidshampoo\/#primaryimage\"},\"thumbnailUrl\":\"https:\/\/maxani.nl\/wp-content\/uploads\/2023\/01\/Maxani-Rescue-shampoo-200ml.jpg\",\"datePublished\":\"2019-08-13T09:54:29+00:00\",\"dateModified\":\"2025-08-20T12:50:21+00:00\",\"breadcrumb\":{\"@id\":\"https:\/\/maxani.nl\/product\/rescue-huidshampoo\/#breadcrumb\"},\"inLanguage\":\"pt-PT\",\"potentialAction\":[{\"@type\":\"ReadAction\",\"target\":[\"https:\/\/maxani.nl\/product\/rescue-huidshampoo\/\"]}]},{\"@type\":\"ImageObject\",\"inLanguage\":\"pt-PT\",\"@id\":\"https:\/\/maxani.nl\/product\/rescue-huidshampoo\/#primaryimage\",\"url\":\"https:\/\/maxani.nl\/wp-content\/uploads\/2023\/01\/Maxani-Rescue-shampoo-200ml.jpg\",\"contentUrl\":\"https:\/\/maxani.nl\/wp-content\/uploads\/2023\/01\/Maxani-Rescue-shampoo-200ml.jpg\",\"width\":1080,\"height\":1080},{\"@type\":\"BreadcrumbList\",\"@id\":\"https:\/\/maxani.nl\/product\/rescue-huidshampoo\/#breadcrumb\",\"itemListElement\":[{\"@type\":\"ListItem\",\"position\":1,\"name\":\"Home\",\"item\":\"https:\/\/maxani.nl\/\"},{\"@type\":\"ListItem\",\"position\":2,\"name\":\"Webshop\",\"item\":\"https:\/\/maxani.nl\/webshop\/\"},{\"@type\":\"ListItem\",\"position\":3,\"name\":\"Rescue skin shampoo\"}]},{\"@type\":\"WebSite\",\"@id\":\"https:\/\/maxani.nl\/#website\",\"url\":\"https:\/\/maxani.nl\/\",\"name\":\"Maxani Animal Healthcare BV\",\"description\":\"Uw partner in veterinaire dermatologie\",\"potentialAction\":[{\"@type\":\"SearchAction\",\"target\":{\"@type\":\"EntryPoint\",\"urlTemplate\":\"https:\/\/maxani.nl\/?s={search_term_string}\"},\"query-input\":{\"@type\":\"PropertyValueSpecification\",\"valueRequired\":true,\"valueName\":\"search_term_string\"}}],\"inLanguage\":\"pt-PT\"}]}<\/script>\n<!-- \/ Yoast SEO plugin. -->","yoast_head_json":{"title":"Rescue skin shampoo - Maxani Animal Healthcare BV","robots":{"index":"index","follow":"follow","max-snippet":"max-snippet:-1","max-image-preview":"max-image-preview:large","max-video-preview":"max-video-preview:-1"},"canonical":"https:\/\/maxani.nl\/pt\/produto\/rescue-huidshampoo\/","og_locale":"pt_PT","og_type":"article","og_title":"Rescue skin shampoo - Maxani Animal Healthcare BV","og_description":"Ontwikkeld door veterinaire dermatologen om huidinfecties met bacteri\u00ebn, schimmels en gisten bij honden en paarden te behandelen en te voorkomen. Een intensief reinigende, maar toch zachte shampoo tegen bacteri\u00ebn, schimmels en gisten.  Bij de Rescue skin shampoo kan de dierenartsenpraktijk gratis \u00e9\u00e9n of twee wasvoorschriften met het logo van de praktijk bestellen per shampoo. Op deze manier wordt de behandeling geoptimaliseerd en heeft de klant het gebruiksadvies van de shampoo altijd bij de hand.  Dier: Hond en paard  Inhoud: 200 ml","og_url":"https:\/\/maxani.nl\/pt\/produto\/rescue-huidshampoo\/","og_site_name":"Maxani Animal Healthcare BV","article_modified_time":"2025-08-20T12:50:21+00:00","og_image":[{"width":1080,"height":1080,"url":"https:\/\/maxani.nl\/wp-content\/uploads\/2023\/01\/Maxani-Rescue-shampoo-200ml.jpg","type":"image\/jpeg"}],"twitter_card":"summary_large_image","twitter_misc":{"Tempo estimado de leitura":"3 minutos"},"schema":{"@context":"https:\/\/schema.org","@graph":[{"@type":"WebPage","@id":"https:\/\/maxani.nl\/product\/rescue-huidshampoo\/","url":"https:\/\/maxani.nl\/product\/rescue-huidshampoo\/","name":"Rescue skin shampoo - Maxani Animal Healthcare BV","isPartOf":{"@id":"https:\/\/maxani.nl\/#website"},"primaryImageOfPage":{"@id":"https:\/\/maxani.nl\/product\/rescue-huidshampoo\/#primaryimage"},"image":{"@id":"https:\/\/maxani.nl\/product\/rescue-huidshampoo\/#primaryimage"},"thumbnailUrl":"https:\/\/maxani.nl\/wp-content\/uploads\/2023\/01\/Maxani-Rescue-shampoo-200ml.jpg","datePublished":"2019-08-13T09:54:29+00:00","dateModified":"2025-08-20T12:50:21+00:00","breadcrumb":{"@id":"https:\/\/maxani.nl\/product\/rescue-huidshampoo\/#breadcrumb"},"inLanguage":"pt-PT","potentialAction":[{"@type":"ReadAction","target":["https:\/\/maxani.nl\/product\/rescue-huidshampoo\/"]}]},{"@type":"ImageObject","inLanguage":"pt-PT","@id":"https:\/\/maxani.nl\/product\/rescue-huidshampoo\/#primaryimage","url":"https:\/\/maxani.nl\/wp-content\/uploads\/2023\/01\/Maxani-Rescue-shampoo-200ml.jpg","contentUrl":"https:\/\/maxani.nl\/wp-content\/uploads\/2023\/01\/Maxani-Rescue-shampoo-200ml.jpg","width":1080,"height":1080},{"@type":"BreadcrumbList","@id":"https:\/\/maxani.nl\/product\/rescue-huidshampoo\/#breadcrumb","itemListElement":[{"@type":"ListItem","position":1,"name":"Home","item":"https:\/\/maxani.nl\/"},{"@type":"ListItem","position":2,"name":"Webshop","item":"https:\/\/maxani.nl\/webshop\/"},{"@type":"ListItem","position":3,"name":"Rescue skin shampoo"}]},{"@type":"WebSite","@id":"https:\/\/maxani.nl\/#website","url":"https:\/\/maxani.nl\/","name":"Maxani Animal Healthcare BV","description":"O seu parceiro em dermatologia veterin\u00e1ria","potentialAction":[{"@type":"SearchAction","target":{"@type":"EntryPoint","urlTemplate":"https:\/\/maxani.nl\/?s={search_term_string}"},"query-input":{"@type":"PropertyValueSpecification","valueRequired":true,"valueName":"search_term_string"}}],"inLanguage":"pt-PT"}]}},"jetpack_sharing_enabled":true,"_links":{"self":[{"href":"https:\/\/maxani.nl\/pt\/wp-json\/wp\/v2\/product\/130","targetHints":{"allow":["GET"]}}],"collection":[{"href":"https:\/\/maxani.nl\/pt\/wp-json\/wp\/v2\/product"}],"about":[{"href":"https:\/\/maxani.nl\/pt\/wp-json\/wp\/v2\/types\/product"}],"wp:featuredmedia":[{"embeddable":true,"href":"https:\/\/maxani.nl\/pt\/wp-json\/wp\/v2\/media\/11962"}],"wp:attachment":[{"href":"https:\/\/maxani.nl\/pt\/wp-json\/wp\/v2\/media?parent=130"}],"wp:term":[{"taxonomy":"product_brand","embeddable":true,"href":"https:\/\/maxani.nl\/pt\/wp-json\/wp\/v2\/product_brand?post=130"},{"taxonomy":"product_cat","embeddable":true,"href":"https:\/\/maxani.nl\/pt\/wp-json\/wp\/v2\/product_cat?post=130"},{"taxonomy":"product_tag","embeddable":true,"href":"https:\/\/maxani.nl\/pt\/wp-json\/wp\/v2\/product_tag?post=130"}],"curies":[{"name":"wp","href":"https:\/\/api.w.org\/{rel}","templated":true}]}}