{"id":129,"date":"2019-08-13T09:51:28","date_gmt":"2019-08-13T09:51:28","guid":{"rendered":"https:\/\/maandvandehuidverzorging.nl\/?post_type=product&#038;p=129"},"modified":"2025-05-30T18:24:39","modified_gmt":"2025-05-30T18:24:39","slug":"regular-huidshampoo-met-conditioner","status":"publish","type":"product","link":"https:\/\/maxani.nl\/pt\/produto\/regular-huidshampoo-met-conditioner\/","title":{"rendered":"Maxani Champ\u00f4 regular para a pele e o pelo"},"content":{"rendered":"<p><strong>Indica\u00e7\u00f5es<\/strong><\/p>\n<p>Lavagem quotidiana para peles normais a secas e\/ou com odores desagrad\u00e1veis. Tamb\u00e9m adequado para cachorros e gatinhos.<\/p>\n<p><strong>Funcionamento<\/strong><\/p>\n<p>Neutraliza os odores desagrad\u00e1veis, sem adi\u00e7\u00e3o de perfume. O amaciador torna o pelo lavado mais f\u00e1cil de pentear. SK-influx\u00ae, composto por \u00e1cidos gordos, ceramidas, colesterol e fitoesfingosina, refor\u00e7a a barreira cut\u00e2nea. O \u00e1cido hialur\u00f3nico promove a elasticidade e o equil\u00edbrio da hidrata\u00e7\u00e3o da pele. A camomila, a cal\u00eandula e o mel cuidam da pele.<\/p>\n<p><strong>Utiliza\u00e7\u00e3o<\/strong><\/p>\n<p>Utilizar conforme necess\u00e1rio para pelagens sujas ou como champ\u00f4 de manuten\u00e7\u00e3o adequado para utiliza\u00e7\u00e3o a longo prazo. Lavar conforme necess\u00e1rio. Para obter melhores resultados, deixar o champ\u00f4 atuar durante 5 minutos e enxaguar bem. O champ\u00f4 funciona melhor sem ser dilu\u00eddo, mas pode ser dilu\u00eddo at\u00e9 1:5 com \u00e1gua morna.<\/p>\n<span class=\"wppb-content-restriction-message\"><p data-opacity=\"0.5\">Para mais informa\u00e7\u00f5es, \u00e9 necess\u00e1rio iniciar sess\u00e3o<\/p>\n<\/span>","protected":false},"excerpt":{"rendered":"<p>Com a sua composi\u00e7\u00e3o natural, suave e purificante, o champ\u00f4 para a pele e o pelo Regular \u00e9 adequado para a lavagem regular da pele normal e seca. O champ\u00f4 Regular condiciona e protege a pele e d\u00e1 ao pelo um brilho saud\u00e1vel. O champ\u00f4 cont\u00e9m ingredientes nutritivos e protectores, como a camomila, a cal\u00eandula e o mel. Neutraliza os odores desagrad\u00e1veis. A adi\u00e7\u00e3o de amaciador torna o pelo mais f\u00e1cil de pentear.<\/p>\n<p>Com o champ\u00f4 para pele e pelo Regular, as cl\u00ednicas veterin\u00e1rias podem encomendar gratuitamente uma ou duas instru\u00e7\u00f5es de lavagem com o log\u00f3tipo da cl\u00ednica por champ\u00f4. Desta forma, o tratamento \u00e9 optimizado e o cliente tem sempre \u00e0 m\u00e3o os conselhos de utiliza\u00e7\u00e3o do champ\u00f4.<\/p>\n<p><strong>Animal<\/strong>: C\u00e3o e gato<\/p>\n<p><strong>Conte\u00fado<\/strong>: 200 ml<\/p>\n<span class=\"wppb-shortcode-restriction-message\"> <\/span>","protected":false},"featured_media":11955,"template":"","meta":[],"product_brand":[],"product_cat":[15,29,35],"product_tag":[151,153,155,30,154,75,152],"class_list":{"0":"post-129","1":"product","2":"type-product","3":"status-publish","4":"has-post-thumbnail","6":"product_cat-alle-producten","7":"product_cat-maxani","8":"product_cat-regular","9":"product_tag-151","10":"product_tag-basis","11":"product_tag-kitten","12":"product_tag-maxani-shampoo","13":"product_tag-puppy","14":"product_tag-regular","15":"product_tag-regulier","17":"first","18":"instock","19":"taxable","20":"shipping-taxable","21":"product-type-simple"},"yoast_head":"<!-- This site is optimized with the Yoast SEO plugin v27.1.1 - https:\/\/yoast.com\/product\/yoast-seo-wordpress\/ -->\n<title>Maxani Regular skin and coat shampoo - Maxani Animal Healthcare BV %<\/title>\n<meta name=\"robots\" content=\"index, follow, max-snippet:-1, max-image-preview:large, max-video-preview:-1\" \/>\n<link rel=\"canonical\" href=\"https:\/\/maxani.nl\/pt\/produto\/regular-huidshampoo-met-conditioner\/\" \/>\n<meta property=\"og:locale\" content=\"pt_PT\" \/>\n<meta property=\"og:type\" content=\"article\" \/>\n<meta property=\"og:title\" content=\"Maxani Regular skin and coat shampoo - Maxani Animal Healthcare BV %\" \/>\n<meta property=\"og:description\" content=\"Door de natuurlijke, milde en reinigende samenstelling is de Regular skin and coat shampoo geschikt voor het regelmatig wassen van de normale en droge huid. De Regular shampoo verzorgt en beschermt de huid en geeft de vacht een gezonde glans. De shampoo bevat voedende en beschermende ingredi\u00ebnten, zoals kamille, calendula en honing. Het neutraliseert onaangename geuren. De toevoeging van conditioner maakt de vacht makkelijker door te kammen.  Bij de Regular skin and coat shampoo kan de dierenartsenpraktijk gratis \u00e9\u00e9n of twee wasvoorschriften met het logo van de praktijk bestellen per shampoo. Op deze manier wordt de behandeling geoptimaliseerd en heeft de klant het gebruiksadvies van de shampoo altijd bij de hand.  Dier: Hond en kat  Inhoud: 200 ml\" \/>\n<meta property=\"og:url\" content=\"https:\/\/maxani.nl\/pt\/produto\/regular-huidshampoo-met-conditioner\/\" \/>\n<meta property=\"og:site_name\" content=\"Maxani Animal Healthcare BV\" \/>\n<meta property=\"article:modified_time\" content=\"2025-05-30T18:24:39+00:00\" \/>\n<meta property=\"og:image\" content=\"https:\/\/maxani.nl\/wp-content\/uploads\/2023\/01\/Maxani-Regular-shampoo-200ml.jpg\" \/>\n\t<meta property=\"og:image:width\" content=\"1080\" \/>\n\t<meta property=\"og:image:height\" content=\"1080\" \/>\n\t<meta property=\"og:image:type\" content=\"image\/jpeg\" \/>\n<meta name=\"twitter:card\" content=\"summary_large_image\" \/>\n<meta name=\"twitter:label1\" content=\"Tempo estimado de leitura\" \/>\n\t<meta name=\"twitter:data1\" content=\"3 minutos\" \/>\n<script type=\"application\/ld+json\" class=\"yoast-schema-graph\">{\"@context\":\"https:\/\/schema.org\",\"@graph\":[{\"@type\":\"WebPage\",\"@id\":\"https:\/\/maxani.nl\/product\/regular-huidshampoo-met-conditioner\/\",\"url\":\"https:\/\/maxani.nl\/product\/regular-huidshampoo-met-conditioner\/\",\"name\":\"Maxani Regular skin and coat shampoo - Maxani Animal Healthcare BV %\",\"isPartOf\":{\"@id\":\"https:\/\/maxani.nl\/#website\"},\"primaryImageOfPage\":{\"@id\":\"https:\/\/maxani.nl\/product\/regular-huidshampoo-met-conditioner\/#primaryimage\"},\"image\":{\"@id\":\"https:\/\/maxani.nl\/product\/regular-huidshampoo-met-conditioner\/#primaryimage\"},\"thumbnailUrl\":\"https:\/\/maxani.nl\/wp-content\/uploads\/2023\/01\/Maxani-Regular-shampoo-200ml.jpg\",\"datePublished\":\"2019-08-13T09:51:28+00:00\",\"dateModified\":\"2025-05-30T18:24:39+00:00\",\"breadcrumb\":{\"@id\":\"https:\/\/maxani.nl\/product\/regular-huidshampoo-met-conditioner\/#breadcrumb\"},\"inLanguage\":\"pt-PT\",\"potentialAction\":[{\"@type\":\"ReadAction\",\"target\":[\"https:\/\/maxani.nl\/product\/regular-huidshampoo-met-conditioner\/\"]}]},{\"@type\":\"ImageObject\",\"inLanguage\":\"pt-PT\",\"@id\":\"https:\/\/maxani.nl\/product\/regular-huidshampoo-met-conditioner\/#primaryimage\",\"url\":\"https:\/\/maxani.nl\/wp-content\/uploads\/2023\/01\/Maxani-Regular-shampoo-200ml.jpg\",\"contentUrl\":\"https:\/\/maxani.nl\/wp-content\/uploads\/2023\/01\/Maxani-Regular-shampoo-200ml.jpg\",\"width\":1080,\"height\":1080},{\"@type\":\"BreadcrumbList\",\"@id\":\"https:\/\/maxani.nl\/product\/regular-huidshampoo-met-conditioner\/#breadcrumb\",\"itemListElement\":[{\"@type\":\"ListItem\",\"position\":1,\"name\":\"Home\",\"item\":\"https:\/\/maxani.nl\/\"},{\"@type\":\"ListItem\",\"position\":2,\"name\":\"Webshop\",\"item\":\"https:\/\/maxani.nl\/webshop\/\"},{\"@type\":\"ListItem\",\"position\":3,\"name\":\"Maxani Regular skin and coat shampoo\"}]},{\"@type\":\"WebSite\",\"@id\":\"https:\/\/maxani.nl\/#website\",\"url\":\"https:\/\/maxani.nl\/\",\"name\":\"Maxani Animal Healthcare BV\",\"description\":\"Uw partner in veterinaire dermatologie\",\"potentialAction\":[{\"@type\":\"SearchAction\",\"target\":{\"@type\":\"EntryPoint\",\"urlTemplate\":\"https:\/\/maxani.nl\/?s={search_term_string}\"},\"query-input\":{\"@type\":\"PropertyValueSpecification\",\"valueRequired\":true,\"valueName\":\"search_term_string\"}}],\"inLanguage\":\"pt-PT\"}]}<\/script>\n<!-- \/ Yoast SEO plugin. -->","yoast_head_json":{"title":"Maxani Regular skin and coat shampoo - Maxani Animal Healthcare BV %","robots":{"index":"index","follow":"follow","max-snippet":"max-snippet:-1","max-image-preview":"max-image-preview:large","max-video-preview":"max-video-preview:-1"},"canonical":"https:\/\/maxani.nl\/pt\/produto\/regular-huidshampoo-met-conditioner\/","og_locale":"pt_PT","og_type":"article","og_title":"Maxani Regular skin and coat shampoo - Maxani Animal Healthcare BV %","og_description":"Door de natuurlijke, milde en reinigende samenstelling is de Regular skin and coat shampoo geschikt voor het regelmatig wassen van de normale en droge huid. De Regular shampoo verzorgt en beschermt de huid en geeft de vacht een gezonde glans. De shampoo bevat voedende en beschermende ingredi\u00ebnten, zoals kamille, calendula en honing. Het neutraliseert onaangename geuren. De toevoeging van conditioner maakt de vacht makkelijker door te kammen.  Bij de Regular skin and coat shampoo kan de dierenartsenpraktijk gratis \u00e9\u00e9n of twee wasvoorschriften met het logo van de praktijk bestellen per shampoo. Op deze manier wordt de behandeling geoptimaliseerd en heeft de klant het gebruiksadvies van de shampoo altijd bij de hand.  Dier: Hond en kat  Inhoud: 200 ml","og_url":"https:\/\/maxani.nl\/pt\/produto\/regular-huidshampoo-met-conditioner\/","og_site_name":"Maxani Animal Healthcare BV","article_modified_time":"2025-05-30T18:24:39+00:00","og_image":[{"width":1080,"height":1080,"url":"https:\/\/maxani.nl\/wp-content\/uploads\/2023\/01\/Maxani-Regular-shampoo-200ml.jpg","type":"image\/jpeg"}],"twitter_card":"summary_large_image","twitter_misc":{"Tempo estimado de leitura":"3 minutos"},"schema":{"@context":"https:\/\/schema.org","@graph":[{"@type":"WebPage","@id":"https:\/\/maxani.nl\/product\/regular-huidshampoo-met-conditioner\/","url":"https:\/\/maxani.nl\/product\/regular-huidshampoo-met-conditioner\/","name":"Maxani Regular skin and coat shampoo - Maxani Animal Healthcare BV %","isPartOf":{"@id":"https:\/\/maxani.nl\/#website"},"primaryImageOfPage":{"@id":"https:\/\/maxani.nl\/product\/regular-huidshampoo-met-conditioner\/#primaryimage"},"image":{"@id":"https:\/\/maxani.nl\/product\/regular-huidshampoo-met-conditioner\/#primaryimage"},"thumbnailUrl":"https:\/\/maxani.nl\/wp-content\/uploads\/2023\/01\/Maxani-Regular-shampoo-200ml.jpg","datePublished":"2019-08-13T09:51:28+00:00","dateModified":"2025-05-30T18:24:39+00:00","breadcrumb":{"@id":"https:\/\/maxani.nl\/product\/regular-huidshampoo-met-conditioner\/#breadcrumb"},"inLanguage":"pt-PT","potentialAction":[{"@type":"ReadAction","target":["https:\/\/maxani.nl\/product\/regular-huidshampoo-met-conditioner\/"]}]},{"@type":"ImageObject","inLanguage":"pt-PT","@id":"https:\/\/maxani.nl\/product\/regular-huidshampoo-met-conditioner\/#primaryimage","url":"https:\/\/maxani.nl\/wp-content\/uploads\/2023\/01\/Maxani-Regular-shampoo-200ml.jpg","contentUrl":"https:\/\/maxani.nl\/wp-content\/uploads\/2023\/01\/Maxani-Regular-shampoo-200ml.jpg","width":1080,"height":1080},{"@type":"BreadcrumbList","@id":"https:\/\/maxani.nl\/product\/regular-huidshampoo-met-conditioner\/#breadcrumb","itemListElement":[{"@type":"ListItem","position":1,"name":"Home","item":"https:\/\/maxani.nl\/"},{"@type":"ListItem","position":2,"name":"Webshop","item":"https:\/\/maxani.nl\/webshop\/"},{"@type":"ListItem","position":3,"name":"Maxani Regular skin and coat shampoo"}]},{"@type":"WebSite","@id":"https:\/\/maxani.nl\/#website","url":"https:\/\/maxani.nl\/","name":"Maxani Animal Healthcare BV","description":"O seu parceiro em dermatologia veterin\u00e1ria","potentialAction":[{"@type":"SearchAction","target":{"@type":"EntryPoint","urlTemplate":"https:\/\/maxani.nl\/?s={search_term_string}"},"query-input":{"@type":"PropertyValueSpecification","valueRequired":true,"valueName":"search_term_string"}}],"inLanguage":"pt-PT"}]}},"jetpack_sharing_enabled":true,"_links":{"self":[{"href":"https:\/\/maxani.nl\/pt\/wp-json\/wp\/v2\/product\/129","targetHints":{"allow":["GET"]}}],"collection":[{"href":"https:\/\/maxani.nl\/pt\/wp-json\/wp\/v2\/product"}],"about":[{"href":"https:\/\/maxani.nl\/pt\/wp-json\/wp\/v2\/types\/product"}],"wp:featuredmedia":[{"embeddable":true,"href":"https:\/\/maxani.nl\/pt\/wp-json\/wp\/v2\/media\/11955"}],"wp:attachment":[{"href":"https:\/\/maxani.nl\/pt\/wp-json\/wp\/v2\/media?parent=129"}],"wp:term":[{"taxonomy":"product_brand","embeddable":true,"href":"https:\/\/maxani.nl\/pt\/wp-json\/wp\/v2\/product_brand?post=129"},{"taxonomy":"product_cat","embeddable":true,"href":"https:\/\/maxani.nl\/pt\/wp-json\/wp\/v2\/product_cat?post=129"},{"taxonomy":"product_tag","embeddable":true,"href":"https:\/\/maxani.nl\/pt\/wp-json\/wp\/v2\/product_tag?post=129"}],"curies":[{"name":"wp","href":"https:\/\/api.w.org\/{rel}","templated":true}]}}