{"id":120,"date":"2019-08-13T09:48:40","date_gmt":"2019-08-13T09:48:40","guid":{"rendered":"https:\/\/maandvandehuidverzorging.nl\/?post_type=product&#038;p=120"},"modified":"2025-05-30T18:00:59","modified_gmt":"2025-05-30T18:00:59","slug":"honey-complex-huidshampoo","status":"publish","type":"product","link":"https:\/\/maxani.nl\/pt\/produto\/honey-complex-huidshampoo\/","title":{"rendered":"Champ\u00f4 para a pele Maxani Honey Complex"},"content":{"rendered":"<p><strong>Indica\u00e7\u00f5es<\/strong><\/p>\n<p>C\u00e3es e cavalos com pele seca a extremamente seca.<\/p>\n<p><strong>Funcionamento<\/strong><\/p>\n<p>O mel e a pr\u00f3polis t\u00eam propriedades antibacterianas e anti-inflamat\u00f3rias. Para al\u00e9m disso, o mel e o pr\u00f3polis promovem o crescimento dos tecidos na barreira cut\u00e2nea. O p\u00f3len de abelha pode reduzir os sintomas al\u00e9rgicos atrav\u00e9s da inibi\u00e7\u00e3o da histamina, estimular o tecido cut\u00e2neo e proteger contra a desidrata\u00e7\u00e3o. O alo\u00e9 vera tem propriedades hidratantes e calmantes. Regenera as c\u00e9lulas epiteliais e torna a epiderme flex\u00edvel. Os compostos \u00e9steres do \u00f3leo de jojoba conseguem penetrar no estrato c\u00f3rneo (camada c\u00f3rnea) da pele. Juntamente com os l\u00edpidos intercelulares, podem reduzir a perda de humidade, conhecida como perda de humidade transepid\u00e9rmica. O \u00f3leo de jojoba tem a a\u00e7\u00e3o de um emoliente que d\u00e1 \u00e0 pele mais flexibilidade e elasticidade. Tamb\u00e9m tem um efeito cicatrizante na pele danificada. A cal\u00eandula tem propriedades antibacterianas e antif\u00fangicas e reduz a inflama\u00e7\u00e3o. Al\u00e9m disso, a cal\u00eandula acalma e nutre a pele, apoiando assim a recupera\u00e7\u00e3o da pele afetada. A terapia de champ\u00f4 com este champ\u00f4 nutre e protege a pele.<\/p>\n<p><strong>Utiliza\u00e7\u00e3o<\/strong><\/p>\n<p>Dependendo da condi\u00e7\u00e3o, da gravidade da queixa e do objetivo do tratamento, a frequ\u00eancia da lavagem com champ\u00f4 varia. Para peles extremamente secas, recomendamos a lavagem com champ\u00f4 pelo menos 2 a 3 vezes<br \/>\nlavar uma vez por semana at\u00e9 ao desaparecimento dos sintomas cl\u00ednicos. O champ\u00f4 complexo de mel para a pele tem propriedades de cuidado e calmantes e \u00e9 ideal para ser utilizado uma vez por semana como<br \/>\nproduto de manuten\u00e7\u00e3o. Agitar bem antes de utilizar. De prefer\u00eancia, lavar o animal 2 vezes por champ\u00f4. A primeira vez para um efeito de limpeza (remo\u00e7\u00e3o de sujidade, flocos, etc.), a segunda vez para tratamento. Na segunda lavagem, deixar o champ\u00f4 atuar durante 5 a 10 minutos para um efeito \u00f3timo. N\u00e3o utilizar se o animal for sens\u00edvel a algum dos ingredientes.<\/p>\n<span class=\"wppb-content-restriction-message\"><p data-opacity=\"0.5\">Para mais informa\u00e7\u00f5es, \u00e9 necess\u00e1rio iniciar sess\u00e3o<\/p>\n<\/span>","protected":false},"excerpt":{"rendered":"<p>Um champ\u00f4 suave e cuidadoso para a pele seca a muito seca. Para utilizar em caso de seborreia seca e ictiose ou em conjunto com um champ\u00f4 medicinal para peles graves.<br \/>\nqueixas da pele. Os ingredientes jojoba e alo\u00e9 vera proporcionam o car\u00e1cter nutritivo e suave do champ\u00f4. Ao mel e ao pr\u00f3polis, um anti-inflamat\u00f3rio<br \/>\na\u00e7\u00e3o atribu\u00edda. Um champ\u00f4 suave e eficaz que desengordura pouco a pele.<\/p>\n<p>Com o champ\u00f4 para pele Honey complex, as cl\u00ednicas veterin\u00e1rias podem encomendar gratuitamente uma ou duas instru\u00e7\u00f5es de lavagem com o log\u00f3tipo da cl\u00ednica por champ\u00f4. Desta forma, o tratamento \u00e9 optimizado e o cliente tem sempre \u00e0 m\u00e3o os conselhos de utiliza\u00e7\u00e3o do champ\u00f4.<\/p>\n<p><strong>Animal<\/strong>: C\u00e3o e cavalo<\/p>\n<p><strong>Conte\u00fado<\/strong>: 200 ml<\/p>\n<span class=\"wppb-shortcode-restriction-message\"> <\/span>","protected":false},"featured_media":11898,"template":"","meta":[],"product_brand":[],"product_cat":[15,29,37],"product_tag":[156,162,159,160,157,158,161,30],"class_list":{"0":"post-120","1":"product","2":"type-product","3":"status-publish","4":"has-post-thumbnail","6":"product_cat-alle-producten","7":"product_cat-maxani","8":"product_cat-seborroe","9":"product_tag-156","10":"product_tag-alopecia","11":"product_tag-complex","12":"product_tag-droog","13":"product_tag-honey","14":"product_tag-honing","15":"product_tag-ichtyosis","16":"product_tag-maxani-shampoo","18":"first","19":"instock","20":"taxable","21":"shipping-taxable","22":"product-type-simple"},"yoast_head":"<!-- This site is optimized with the Yoast SEO plugin v27.1.1 - https:\/\/yoast.com\/product\/yoast-seo-wordpress\/ -->\n<title>Maxani Honey Complex skin shampoo - Maxani Animal Healthcare BV<\/title>\n<meta name=\"robots\" content=\"index, follow, max-snippet:-1, max-image-preview:large, max-video-preview:-1\" \/>\n<link rel=\"canonical\" href=\"https:\/\/maxani.nl\/pt\/produto\/honey-complex-huidshampoo\/\" \/>\n<meta property=\"og:locale\" content=\"pt_PT\" \/>\n<meta property=\"og:type\" content=\"article\" \/>\n<meta property=\"og:title\" content=\"Maxani Honey Complex skin shampoo - Maxani Animal Healthcare BV\" \/>\n<meta property=\"og:description\" content=\"Een zachte en verzorgende huidshampoo voor droge tot zeer droge huid. In te zetten bij droge seborroe en Ichtyosis of samen met een medicinale shampoo bij ernstige huidklachten. De ingredi\u00ebnten jojoba en Alo\u00eb vera zorgen voor het voedende en zachte karakter van de shampoo. Aan de honing en propolis wordt een ontstekingsremmende werking toegeschreven. Een zachte, effectieve huidshampoo die weinig ontvet.  Bij de Honing complex skin shampoo kan de dierenartsenpraktijk gratis \u00e9\u00e9n of twee wasvoorschriften met het logo van de praktijk bestellen per shampoo. Op deze manier wordt de behandeling geoptimaliseerd en heeft de klant het gebruiksadvies van de shampoo altijd bij de hand.  Dier: Hond en paard  Inhoud: 200 ml\" \/>\n<meta property=\"og:url\" content=\"https:\/\/maxani.nl\/pt\/produto\/honey-complex-huidshampoo\/\" \/>\n<meta property=\"og:site_name\" content=\"Maxani Animal Healthcare BV\" \/>\n<meta property=\"article:modified_time\" content=\"2025-05-30T18:00:59+00:00\" \/>\n<meta property=\"og:image\" content=\"https:\/\/maxani.nl\/wp-content\/uploads\/2023\/01\/Maxani-Honey-complex-shampoo-200ml.jpg\" \/>\n\t<meta property=\"og:image:width\" content=\"1080\" \/>\n\t<meta property=\"og:image:height\" content=\"1080\" \/>\n\t<meta property=\"og:image:type\" content=\"image\/jpeg\" \/>\n<meta name=\"twitter:card\" content=\"summary_large_image\" \/>\n<meta name=\"twitter:label1\" content=\"Tempo estimado de leitura\" \/>\n\t<meta name=\"twitter:data1\" content=\"4 minutos\" \/>\n<script type=\"application\/ld+json\" class=\"yoast-schema-graph\">{\"@context\":\"https:\/\/schema.org\",\"@graph\":[{\"@type\":\"WebPage\",\"@id\":\"https:\/\/maxani.nl\/product\/honey-complex-huidshampoo\/\",\"url\":\"https:\/\/maxani.nl\/product\/honey-complex-huidshampoo\/\",\"name\":\"Maxani Honey Complex skin shampoo - Maxani Animal Healthcare BV\",\"isPartOf\":{\"@id\":\"https:\/\/maxani.nl\/#website\"},\"primaryImageOfPage\":{\"@id\":\"https:\/\/maxani.nl\/product\/honey-complex-huidshampoo\/#primaryimage\"},\"image\":{\"@id\":\"https:\/\/maxani.nl\/product\/honey-complex-huidshampoo\/#primaryimage\"},\"thumbnailUrl\":\"https:\/\/maxani.nl\/wp-content\/uploads\/2023\/01\/Maxani-Honey-complex-shampoo-200ml.jpg\",\"datePublished\":\"2019-08-13T09:48:40+00:00\",\"dateModified\":\"2025-05-30T18:00:59+00:00\",\"breadcrumb\":{\"@id\":\"https:\/\/maxani.nl\/product\/honey-complex-huidshampoo\/#breadcrumb\"},\"inLanguage\":\"pt-PT\",\"potentialAction\":[{\"@type\":\"ReadAction\",\"target\":[\"https:\/\/maxani.nl\/product\/honey-complex-huidshampoo\/\"]}]},{\"@type\":\"ImageObject\",\"inLanguage\":\"pt-PT\",\"@id\":\"https:\/\/maxani.nl\/product\/honey-complex-huidshampoo\/#primaryimage\",\"url\":\"https:\/\/maxani.nl\/wp-content\/uploads\/2023\/01\/Maxani-Honey-complex-shampoo-200ml.jpg\",\"contentUrl\":\"https:\/\/maxani.nl\/wp-content\/uploads\/2023\/01\/Maxani-Honey-complex-shampoo-200ml.jpg\",\"width\":1080,\"height\":1080},{\"@type\":\"BreadcrumbList\",\"@id\":\"https:\/\/maxani.nl\/product\/honey-complex-huidshampoo\/#breadcrumb\",\"itemListElement\":[{\"@type\":\"ListItem\",\"position\":1,\"name\":\"Home\",\"item\":\"https:\/\/maxani.nl\/\"},{\"@type\":\"ListItem\",\"position\":2,\"name\":\"Webshop\",\"item\":\"https:\/\/maxani.nl\/webshop\/\"},{\"@type\":\"ListItem\",\"position\":3,\"name\":\"Maxani Honey Complex skin shampoo\"}]},{\"@type\":\"WebSite\",\"@id\":\"https:\/\/maxani.nl\/#website\",\"url\":\"https:\/\/maxani.nl\/\",\"name\":\"Maxani Animal Healthcare BV\",\"description\":\"Uw partner in veterinaire dermatologie\",\"potentialAction\":[{\"@type\":\"SearchAction\",\"target\":{\"@type\":\"EntryPoint\",\"urlTemplate\":\"https:\/\/maxani.nl\/?s={search_term_string}\"},\"query-input\":{\"@type\":\"PropertyValueSpecification\",\"valueRequired\":true,\"valueName\":\"search_term_string\"}}],\"inLanguage\":\"pt-PT\"}]}<\/script>\n<!-- \/ Yoast SEO plugin. -->","yoast_head_json":{"title":"Maxani Honey Complex skin shampoo - Maxani Animal Healthcare BV","robots":{"index":"index","follow":"follow","max-snippet":"max-snippet:-1","max-image-preview":"max-image-preview:large","max-video-preview":"max-video-preview:-1"},"canonical":"https:\/\/maxani.nl\/pt\/produto\/honey-complex-huidshampoo\/","og_locale":"pt_PT","og_type":"article","og_title":"Maxani Honey Complex skin shampoo - Maxani Animal Healthcare BV","og_description":"Een zachte en verzorgende huidshampoo voor droge tot zeer droge huid. In te zetten bij droge seborroe en Ichtyosis of samen met een medicinale shampoo bij ernstige huidklachten. De ingredi\u00ebnten jojoba en Alo\u00eb vera zorgen voor het voedende en zachte karakter van de shampoo. Aan de honing en propolis wordt een ontstekingsremmende werking toegeschreven. Een zachte, effectieve huidshampoo die weinig ontvet.  Bij de Honing complex skin shampoo kan de dierenartsenpraktijk gratis \u00e9\u00e9n of twee wasvoorschriften met het logo van de praktijk bestellen per shampoo. Op deze manier wordt de behandeling geoptimaliseerd en heeft de klant het gebruiksadvies van de shampoo altijd bij de hand.  Dier: Hond en paard  Inhoud: 200 ml","og_url":"https:\/\/maxani.nl\/pt\/produto\/honey-complex-huidshampoo\/","og_site_name":"Maxani Animal Healthcare BV","article_modified_time":"2025-05-30T18:00:59+00:00","og_image":[{"width":1080,"height":1080,"url":"https:\/\/maxani.nl\/wp-content\/uploads\/2023\/01\/Maxani-Honey-complex-shampoo-200ml.jpg","type":"image\/jpeg"}],"twitter_card":"summary_large_image","twitter_misc":{"Tempo estimado de leitura":"4 minutos"},"schema":{"@context":"https:\/\/schema.org","@graph":[{"@type":"WebPage","@id":"https:\/\/maxani.nl\/product\/honey-complex-huidshampoo\/","url":"https:\/\/maxani.nl\/product\/honey-complex-huidshampoo\/","name":"Maxani Honey Complex skin shampoo - Maxani Animal Healthcare BV","isPartOf":{"@id":"https:\/\/maxani.nl\/#website"},"primaryImageOfPage":{"@id":"https:\/\/maxani.nl\/product\/honey-complex-huidshampoo\/#primaryimage"},"image":{"@id":"https:\/\/maxani.nl\/product\/honey-complex-huidshampoo\/#primaryimage"},"thumbnailUrl":"https:\/\/maxani.nl\/wp-content\/uploads\/2023\/01\/Maxani-Honey-complex-shampoo-200ml.jpg","datePublished":"2019-08-13T09:48:40+00:00","dateModified":"2025-05-30T18:00:59+00:00","breadcrumb":{"@id":"https:\/\/maxani.nl\/product\/honey-complex-huidshampoo\/#breadcrumb"},"inLanguage":"pt-PT","potentialAction":[{"@type":"ReadAction","target":["https:\/\/maxani.nl\/product\/honey-complex-huidshampoo\/"]}]},{"@type":"ImageObject","inLanguage":"pt-PT","@id":"https:\/\/maxani.nl\/product\/honey-complex-huidshampoo\/#primaryimage","url":"https:\/\/maxani.nl\/wp-content\/uploads\/2023\/01\/Maxani-Honey-complex-shampoo-200ml.jpg","contentUrl":"https:\/\/maxani.nl\/wp-content\/uploads\/2023\/01\/Maxani-Honey-complex-shampoo-200ml.jpg","width":1080,"height":1080},{"@type":"BreadcrumbList","@id":"https:\/\/maxani.nl\/product\/honey-complex-huidshampoo\/#breadcrumb","itemListElement":[{"@type":"ListItem","position":1,"name":"Home","item":"https:\/\/maxani.nl\/"},{"@type":"ListItem","position":2,"name":"Webshop","item":"https:\/\/maxani.nl\/webshop\/"},{"@type":"ListItem","position":3,"name":"Maxani Honey Complex skin shampoo"}]},{"@type":"WebSite","@id":"https:\/\/maxani.nl\/#website","url":"https:\/\/maxani.nl\/","name":"Maxani Animal Healthcare BV","description":"O seu parceiro em dermatologia veterin\u00e1ria","potentialAction":[{"@type":"SearchAction","target":{"@type":"EntryPoint","urlTemplate":"https:\/\/maxani.nl\/?s={search_term_string}"},"query-input":{"@type":"PropertyValueSpecification","valueRequired":true,"valueName":"search_term_string"}}],"inLanguage":"pt-PT"}]}},"jetpack_sharing_enabled":true,"_links":{"self":[{"href":"https:\/\/maxani.nl\/pt\/wp-json\/wp\/v2\/product\/120","targetHints":{"allow":["GET"]}}],"collection":[{"href":"https:\/\/maxani.nl\/pt\/wp-json\/wp\/v2\/product"}],"about":[{"href":"https:\/\/maxani.nl\/pt\/wp-json\/wp\/v2\/types\/product"}],"wp:featuredmedia":[{"embeddable":true,"href":"https:\/\/maxani.nl\/pt\/wp-json\/wp\/v2\/media\/11898"}],"wp:attachment":[{"href":"https:\/\/maxani.nl\/pt\/wp-json\/wp\/v2\/media?parent=120"}],"wp:term":[{"taxonomy":"product_brand","embeddable":true,"href":"https:\/\/maxani.nl\/pt\/wp-json\/wp\/v2\/product_brand?post=120"},{"taxonomy":"product_cat","embeddable":true,"href":"https:\/\/maxani.nl\/pt\/wp-json\/wp\/v2\/product_cat?post=120"},{"taxonomy":"product_tag","embeddable":true,"href":"https:\/\/maxani.nl\/pt\/wp-json\/wp\/v2\/product_tag?post=120"}],"curies":[{"name":"wp","href":"https:\/\/api.w.org\/{rel}","templated":true}]}}