{"id":116,"date":"2019-08-13T09:17:51","date_gmt":"2019-08-13T09:17:51","guid":{"rendered":"https:\/\/maandvandehuidverzorging.nl\/?post_type=product&#038;p=116"},"modified":"2025-05-30T17:50:32","modified_gmt":"2025-05-30T17:50:32","slug":"atopoat-huidshampoo","status":"publish","type":"product","link":"https:\/\/maxani.nl\/pt\/produto\/atopoat-huidshampoo\/","title":{"rendered":"Champ\u00f4 para a pele AtopOat"},"content":{"rendered":"<p><strong>Indica\u00e7\u00f5es<\/strong><\/p>\n<p>Pele vermelha, escamosa e irritada. Dermatite at\u00f3pica e outros problemas de pele relacionados com alergias sem infec\u00e7\u00f5es secund\u00e1rias. Tamb\u00e9m adequado para peles secas a muito secas.<\/p>\n<p><strong>Funcionamento<\/strong><\/p>\n<p>A aveia, a alanto\u00edna, a cal\u00eandula, a camomila e o mel acalmam a pele com comich\u00e3o. O piritionato de zinco assegura uma boa flora cut\u00e2nea. O SK-influx\u00ae, composto por \u00e1cidos gordos, ceramidas, colesterol e fitoesfingosina, restaura a barreira cut\u00e2nea. O \u00e1cido hialur\u00f3nico promove a elasticidade e a hidrata\u00e7\u00e3o da pele. N\u00e3o cont\u00e9m perfume.<\/p>\n<p><strong>Utiliza\u00e7\u00e3o<\/strong><\/p>\n<p>A utiliza\u00e7\u00e3o depende da condi\u00e7\u00e3o, da gravidade da queixa e do objetivo do tratamento. Lavar 2-3 vezes por semana durante pelo menos 2 semanas. Se necess\u00e1rio, diariamente. Como manuten\u00e7\u00e3o, lavar 2 a 4 vezes por m\u00eas. Deixar o champ\u00f4 atuar durante 5-10 minutos para obter melhores resultados. Lavar 2 vezes por lavagem. Diluir 1:10 na primeira vez para um efeito de limpeza e diluir pouco at\u00e9 um m\u00e1ximo de 1:5 na segunda vez ou utilizar sem diluir.<\/p>\n<span class=\"wppb-content-restriction-message\"><p data-opacity=\"0.5\">Para mais informa\u00e7\u00f5es, \u00e9 necess\u00e1rio iniciar sess\u00e3o<\/p>\n<\/span>","protected":false},"excerpt":{"rendered":"<p>O champ\u00f4 para a pele AtopOat hidrata e cuida em profundidade da pele. \u00c9 muito adequado para animais com pele seca, irritada e\/ou al\u00e9rgica devido ao enriquecimento de aveia, alanto\u00edna, cal\u00eandula, camomila e mel... Gra\u00e7as \u00e0 sua composi\u00e7\u00e3o \u00fanica, o champ\u00f4 alivia a comich\u00e3o, apoia o equil\u00edbrio microbiano da flora cut\u00e2nea e restaura a barreira cut\u00e2nea e o equil\u00edbrio da humidade. Por isso, \u00e9 ideal como champ\u00f4 de manuten\u00e7\u00e3o para c\u00e3es com dermatite at\u00f3pica.<\/p>\n<p>Com o champ\u00f4 para a pele AtopOat, as cl\u00ednicas veterin\u00e1rias podem encomendar gratuitamente uma ou duas instru\u00e7\u00f5es de lavagem com o log\u00f3tipo da cl\u00ednica por champ\u00f4. Desta forma, o tratamento \u00e9 optimizado e o cliente tem sempre \u00e0 m\u00e3o os conselhos de utiliza\u00e7\u00e3o do champ\u00f4.<\/p>\n<p><strong>Animal<\/strong>C\u00e3o, gato, coelho e roedor<\/p>\n<p><strong>Conte\u00fado<\/strong>: 200 ml e 500 ml<\/p>\n<span class=\"wppb-shortcode-restriction-message\"> <\/span>","protected":false},"featured_media":11862,"template":"","meta":[],"product_brand":[],"product_cat":[15,29,24],"product_tag":[163,164,167,165,166,168,30],"class_list":{"0":"post-116","1":"product","2":"type-product","3":"status-publish","4":"has-post-thumbnail","6":"product_cat-alle-producten","7":"product_cat-maxani","8":"product_cat-atopie","9":"product_tag-163","10":"product_tag-164","11":"product_tag-allergie","12":"product_tag-atopoat","13":"product_tag-haver","14":"product_tag-kalmerend","15":"product_tag-maxani-shampoo","17":"first","18":"instock","19":"taxable","20":"shipping-taxable","21":"product-type-variable"},"yoast_head":"<!-- This site is optimized with the Yoast SEO plugin v27.1.1 - https:\/\/yoast.com\/product\/yoast-seo-wordpress\/ -->\n<title>AtopOat skin shampoo - Maxani Animal Healthcare BV<\/title>\n<meta name=\"robots\" content=\"index, follow, max-snippet:-1, max-image-preview:large, max-video-preview:-1\" \/>\n<link rel=\"canonical\" href=\"https:\/\/maxani.nl\/pt\/produto\/atopoat-huidshampoo\/\" \/>\n<meta property=\"og:locale\" content=\"pt_PT\" \/>\n<meta property=\"og:type\" content=\"article\" \/>\n<meta property=\"og:title\" content=\"AtopOat skin shampoo - Maxani Animal Healthcare BV\" \/>\n<meta property=\"og:description\" content=\"De AtopOat skin shampoo hydrateert en verzorgt tot diep in de huid. Het is zeer geschikt voor dieren met een droge, ge\u00efrriteerde en\/of allergische huid door de verrijking van havermout, allanto\u00efne, calendula, kamille en honing.. Dankzij de unieke samenstelling is de shampoo jeukstillend, ondersteunt het de microbi\u00eble balans van de huidflora en herstelt het de huidbarri\u00e8re en vochtbalans. Hierdoor is het uitermate geschikt als onderhoudsshampoo voor honden met atopische dermatitis.  Bij de AtopOat skin shampoo kan de dierenartsenpraktijk gratis \u00e9\u00e9n of twee wasvoorschriften met het logo van de praktijk bestellen per shampoo. Op deze manier wordt de behandeling geoptimaliseerd en heeft de klant het gebruiksadvies van de shampoo altijd bij de hand.  Dier: Hond, kat, konijn en knaagdier  Inhoud: 200 ml &amp; 500 ml\" \/>\n<meta property=\"og:url\" content=\"https:\/\/maxani.nl\/pt\/produto\/atopoat-huidshampoo\/\" \/>\n<meta property=\"og:site_name\" content=\"Maxani Animal Healthcare BV\" \/>\n<meta property=\"article:modified_time\" content=\"2025-05-30T17:50:32+00:00\" \/>\n<meta property=\"og:image\" content=\"https:\/\/maxani.nl\/wp-content\/uploads\/2023\/01\/Maxani-AtopOat-shampoo-combi-200ml-en-500ml.jpg\" \/>\n\t<meta property=\"og:image:width\" content=\"1080\" \/>\n\t<meta property=\"og:image:height\" content=\"1080\" \/>\n\t<meta property=\"og:image:type\" content=\"image\/jpeg\" \/>\n<meta name=\"twitter:card\" content=\"summary_large_image\" \/>\n<meta name=\"twitter:label1\" content=\"Tempo estimado de leitura\" \/>\n\t<meta name=\"twitter:data1\" content=\"3 minutos\" \/>\n<script type=\"application\/ld+json\" class=\"yoast-schema-graph\">{\"@context\":\"https:\/\/schema.org\",\"@graph\":[{\"@type\":\"WebPage\",\"@id\":\"https:\/\/maxani.nl\/product\/atopoat-huidshampoo\/\",\"url\":\"https:\/\/maxani.nl\/product\/atopoat-huidshampoo\/\",\"name\":\"AtopOat skin shampoo - Maxani Animal Healthcare BV\",\"isPartOf\":{\"@id\":\"https:\/\/maxani.nl\/#website\"},\"primaryImageOfPage\":{\"@id\":\"https:\/\/maxani.nl\/product\/atopoat-huidshampoo\/#primaryimage\"},\"image\":{\"@id\":\"https:\/\/maxani.nl\/product\/atopoat-huidshampoo\/#primaryimage\"},\"thumbnailUrl\":\"https:\/\/maxani.nl\/wp-content\/uploads\/2023\/01\/Maxani-AtopOat-shampoo-combi-200ml-en-500ml.jpg\",\"datePublished\":\"2019-08-13T09:17:51+00:00\",\"dateModified\":\"2025-05-30T17:50:32+00:00\",\"breadcrumb\":{\"@id\":\"https:\/\/maxani.nl\/product\/atopoat-huidshampoo\/#breadcrumb\"},\"inLanguage\":\"pt-PT\",\"potentialAction\":[{\"@type\":\"ReadAction\",\"target\":[\"https:\/\/maxani.nl\/product\/atopoat-huidshampoo\/\"]}]},{\"@type\":\"ImageObject\",\"inLanguage\":\"pt-PT\",\"@id\":\"https:\/\/maxani.nl\/product\/atopoat-huidshampoo\/#primaryimage\",\"url\":\"https:\/\/maxani.nl\/wp-content\/uploads\/2023\/01\/Maxani-AtopOat-shampoo-combi-200ml-en-500ml.jpg\",\"contentUrl\":\"https:\/\/maxani.nl\/wp-content\/uploads\/2023\/01\/Maxani-AtopOat-shampoo-combi-200ml-en-500ml.jpg\",\"width\":1080,\"height\":1080},{\"@type\":\"BreadcrumbList\",\"@id\":\"https:\/\/maxani.nl\/product\/atopoat-huidshampoo\/#breadcrumb\",\"itemListElement\":[{\"@type\":\"ListItem\",\"position\":1,\"name\":\"Home\",\"item\":\"https:\/\/maxani.nl\/\"},{\"@type\":\"ListItem\",\"position\":2,\"name\":\"Webshop\",\"item\":\"https:\/\/maxani.nl\/webshop\/\"},{\"@type\":\"ListItem\",\"position\":3,\"name\":\"AtopOat skin shampoo\"}]},{\"@type\":\"WebSite\",\"@id\":\"https:\/\/maxani.nl\/#website\",\"url\":\"https:\/\/maxani.nl\/\",\"name\":\"Maxani Animal Healthcare BV\",\"description\":\"Uw partner in veterinaire dermatologie\",\"potentialAction\":[{\"@type\":\"SearchAction\",\"target\":{\"@type\":\"EntryPoint\",\"urlTemplate\":\"https:\/\/maxani.nl\/?s={search_term_string}\"},\"query-input\":{\"@type\":\"PropertyValueSpecification\",\"valueRequired\":true,\"valueName\":\"search_term_string\"}}],\"inLanguage\":\"pt-PT\"}]}<\/script>\n<!-- \/ Yoast SEO plugin. -->","yoast_head_json":{"title":"AtopOat skin shampoo - Maxani Animal Healthcare BV","robots":{"index":"index","follow":"follow","max-snippet":"max-snippet:-1","max-image-preview":"max-image-preview:large","max-video-preview":"max-video-preview:-1"},"canonical":"https:\/\/maxani.nl\/pt\/produto\/atopoat-huidshampoo\/","og_locale":"pt_PT","og_type":"article","og_title":"AtopOat skin shampoo - Maxani Animal Healthcare BV","og_description":"De AtopOat skin shampoo hydrateert en verzorgt tot diep in de huid. Het is zeer geschikt voor dieren met een droge, ge\u00efrriteerde en\/of allergische huid door de verrijking van havermout, allanto\u00efne, calendula, kamille en honing.. Dankzij de unieke samenstelling is de shampoo jeukstillend, ondersteunt het de microbi\u00eble balans van de huidflora en herstelt het de huidbarri\u00e8re en vochtbalans. Hierdoor is het uitermate geschikt als onderhoudsshampoo voor honden met atopische dermatitis.  Bij de AtopOat skin shampoo kan de dierenartsenpraktijk gratis \u00e9\u00e9n of twee wasvoorschriften met het logo van de praktijk bestellen per shampoo. Op deze manier wordt de behandeling geoptimaliseerd en heeft de klant het gebruiksadvies van de shampoo altijd bij de hand.  Dier: Hond, kat, konijn en knaagdier  Inhoud: 200 ml &amp; 500 ml","og_url":"https:\/\/maxani.nl\/pt\/produto\/atopoat-huidshampoo\/","og_site_name":"Maxani Animal Healthcare BV","article_modified_time":"2025-05-30T17:50:32+00:00","og_image":[{"width":1080,"height":1080,"url":"https:\/\/maxani.nl\/wp-content\/uploads\/2023\/01\/Maxani-AtopOat-shampoo-combi-200ml-en-500ml.jpg","type":"image\/jpeg"}],"twitter_card":"summary_large_image","twitter_misc":{"Tempo estimado de leitura":"3 minutos"},"schema":{"@context":"https:\/\/schema.org","@graph":[{"@type":"WebPage","@id":"https:\/\/maxani.nl\/product\/atopoat-huidshampoo\/","url":"https:\/\/maxani.nl\/product\/atopoat-huidshampoo\/","name":"AtopOat skin shampoo - Maxani Animal Healthcare BV","isPartOf":{"@id":"https:\/\/maxani.nl\/#website"},"primaryImageOfPage":{"@id":"https:\/\/maxani.nl\/product\/atopoat-huidshampoo\/#primaryimage"},"image":{"@id":"https:\/\/maxani.nl\/product\/atopoat-huidshampoo\/#primaryimage"},"thumbnailUrl":"https:\/\/maxani.nl\/wp-content\/uploads\/2023\/01\/Maxani-AtopOat-shampoo-combi-200ml-en-500ml.jpg","datePublished":"2019-08-13T09:17:51+00:00","dateModified":"2025-05-30T17:50:32+00:00","breadcrumb":{"@id":"https:\/\/maxani.nl\/product\/atopoat-huidshampoo\/#breadcrumb"},"inLanguage":"pt-PT","potentialAction":[{"@type":"ReadAction","target":["https:\/\/maxani.nl\/product\/atopoat-huidshampoo\/"]}]},{"@type":"ImageObject","inLanguage":"pt-PT","@id":"https:\/\/maxani.nl\/product\/atopoat-huidshampoo\/#primaryimage","url":"https:\/\/maxani.nl\/wp-content\/uploads\/2023\/01\/Maxani-AtopOat-shampoo-combi-200ml-en-500ml.jpg","contentUrl":"https:\/\/maxani.nl\/wp-content\/uploads\/2023\/01\/Maxani-AtopOat-shampoo-combi-200ml-en-500ml.jpg","width":1080,"height":1080},{"@type":"BreadcrumbList","@id":"https:\/\/maxani.nl\/product\/atopoat-huidshampoo\/#breadcrumb","itemListElement":[{"@type":"ListItem","position":1,"name":"Home","item":"https:\/\/maxani.nl\/"},{"@type":"ListItem","position":2,"name":"Webshop","item":"https:\/\/maxani.nl\/webshop\/"},{"@type":"ListItem","position":3,"name":"AtopOat skin shampoo"}]},{"@type":"WebSite","@id":"https:\/\/maxani.nl\/#website","url":"https:\/\/maxani.nl\/","name":"Maxani Animal Healthcare BV","description":"O seu parceiro em dermatologia veterin\u00e1ria","potentialAction":[{"@type":"SearchAction","target":{"@type":"EntryPoint","urlTemplate":"https:\/\/maxani.nl\/?s={search_term_string}"},"query-input":{"@type":"PropertyValueSpecification","valueRequired":true,"valueName":"search_term_string"}}],"inLanguage":"pt-PT"}]}},"jetpack_sharing_enabled":true,"_links":{"self":[{"href":"https:\/\/maxani.nl\/pt\/wp-json\/wp\/v2\/product\/116","targetHints":{"allow":["GET"]}}],"collection":[{"href":"https:\/\/maxani.nl\/pt\/wp-json\/wp\/v2\/product"}],"about":[{"href":"https:\/\/maxani.nl\/pt\/wp-json\/wp\/v2\/types\/product"}],"wp:featuredmedia":[{"embeddable":true,"href":"https:\/\/maxani.nl\/pt\/wp-json\/wp\/v2\/media\/11862"}],"wp:attachment":[{"href":"https:\/\/maxani.nl\/pt\/wp-json\/wp\/v2\/media?parent=116"}],"wp:term":[{"taxonomy":"product_brand","embeddable":true,"href":"https:\/\/maxani.nl\/pt\/wp-json\/wp\/v2\/product_brand?post=116"},{"taxonomy":"product_cat","embeddable":true,"href":"https:\/\/maxani.nl\/pt\/wp-json\/wp\/v2\/product_cat?post=116"},{"taxonomy":"product_tag","embeddable":true,"href":"https:\/\/maxani.nl\/pt\/wp-json\/wp\/v2\/product_tag?post=116"}],"curies":[{"name":"wp","href":"https:\/\/api.w.org\/{rel}","templated":true}]}}