{"id":11004,"date":"2022-11-25T12:07:52","date_gmt":"2022-11-25T12:07:52","guid":{"rendered":"https:\/\/maxani.nl\/?post_type=product&#038;p=11004"},"modified":"2026-01-05T08:36:39","modified_gmt":"2026-01-05T08:36:39","slug":"maxani-regular-mousse-zonder-geur","status":"publish","type":"product","link":"https:\/\/maxani.nl\/pt\/produto\/maxani-regular-mousse-zonder-geur\/","title":{"rendered":"Maxani Mousse regular sem perfume"},"content":{"rendered":"<p>A mousse regular limpa eficazmente os p\u00ealos sujos e malcheirosos sem \u00e1gua. Sinodor\u00ae n\u00e3o disfar\u00e7a os maus cheiros, mas elimina-os poderosamente. A mousse \u00e9 adequada como cuidado di\u00e1rio para peles escamosas, oleosas e\/ou secas. Regula a produ\u00e7\u00e3o de sebo e a produ\u00e7\u00e3o de novas c\u00e9lulas cut\u00e2neas. Hidrata e protege a pele gra\u00e7as ao \u00e1cido hialur\u00f3nico, \u00e0 pr\u00f3-vitamina B5 e \u00e0s ceramidas. Muito adequado para animais dif\u00edceis de lavar.<\/p>\n<p>Utiliza\u00e7\u00e3o: Colocar a mousse na palma da m\u00e3o e esfregar no pelo. Encharcar o pelo com a espuma de modo a que esta atinja a pele. N\u00e3o enxaguar, mas secar com uma toalha ou deixar secar ao ar livre.<\/p>\n<span class=\"wppb-content-restriction-message\"><p data-opacity=\"0.5\">Para mais informa\u00e7\u00f5es, \u00e9 necess\u00e1rio iniciar sess\u00e3o<\/p>\n<\/span>","protected":false},"excerpt":{"rendered":"<p>A mousse regular limpa eficazmente os p\u00ealos sujos e malcheirosos sem \u00e1gua. Sinodor\u00ae n\u00e3o disfar\u00e7a os maus cheiros, mas elimina-os poderosamente. A mousse \u00e9 adequada como cuidado di\u00e1rio para peles escamosas, oleosas e\/ou secas. Regula a produ\u00e7\u00e3o de sebo e a produ\u00e7\u00e3o de novas c\u00e9lulas cut\u00e2neas. Hidrata e protege a pele gra\u00e7as ao \u00e1cido hialur\u00f3nico, \u00e0 pr\u00f3-vitamina B5 e \u00e0s ceramidas. Muito adequado para animais dif\u00edceis de lavar.<\/p>\n<span class=\"wppb-shortcode-restriction-message\"> <\/span>","protected":false},"featured_media":11953,"template":"","meta":[],"product_brand":[],"product_cat":[15,29,35],"product_tag":[174,175,155,80,154,75],"class_list":{"0":"post-11004","1":"product","2":"type-product","3":"status-publish","4":"has-post-thumbnail","6":"product_cat-alle-producten","7":"product_cat-maxani","8":"product_cat-regular","9":"product_tag-174","10":"product_tag-droogshampoo","11":"product_tag-kitten","12":"product_tag-mousse","13":"product_tag-puppy","14":"product_tag-regular","16":"first","17":"instock","18":"taxable","19":"shipping-taxable","20":"product-type-simple"},"yoast_head":"<!-- This site is optimized with the Yoast SEO plugin v27.1.1 - https:\/\/yoast.com\/product\/yoast-seo-wordpress\/ -->\n<title>Maxani Regular mousse no fragrance - Maxani Animal Healthcare BV<\/title>\n<meta name=\"robots\" content=\"index, follow, max-snippet:-1, max-image-preview:large, max-video-preview:-1\" \/>\n<link rel=\"canonical\" href=\"https:\/\/maxani.nl\/pt\/produto\/maxani-regular-mousse-zonder-geur\/\" \/>\n<meta property=\"og:locale\" content=\"pt_PT\" \/>\n<meta property=\"og:type\" content=\"article\" \/>\n<meta property=\"og:title\" content=\"Maxani Regular mousse no fragrance - Maxani Animal Healthcare BV\" \/>\n<meta property=\"og:description\" content=\"Regular mousse reinigt effectief de vieze en stinkende vacht zonder water. Sinodor\u00ae maskeert vieze geuren niet, maar verwijdert deze krachtig. De mousse is geschikt als dagelijkse verzorging van schilferige, vette en\/of droge huid. Reguleert de talgproductie en de aanmaak van nieuwe huidcellen. Hydrateert en beschermt de huid met behulp van hyaluronzuur, pro-vitamine B5 en ceramiden. Zeer geschikt voor dieren die moeilijk te wassen zijn.\" \/>\n<meta property=\"og:url\" content=\"https:\/\/maxani.nl\/pt\/produto\/maxani-regular-mousse-zonder-geur\/\" \/>\n<meta property=\"og:site_name\" content=\"Maxani Animal Healthcare BV\" \/>\n<meta property=\"article:modified_time\" content=\"2026-01-05T08:36:39+00:00\" \/>\n<meta property=\"og:image\" content=\"https:\/\/maxani.nl\/wp-content\/uploads\/2023\/01\/Maxani-Regular-mousse-no-fragrance-150ml.jpg\" \/>\n\t<meta property=\"og:image:width\" content=\"1080\" \/>\n\t<meta property=\"og:image:height\" content=\"1080\" \/>\n\t<meta property=\"og:image:type\" content=\"image\/jpeg\" \/>\n<meta name=\"twitter:card\" content=\"summary_large_image\" \/>\n<meta name=\"twitter:label1\" content=\"Tempo estimado de leitura\" \/>\n\t<meta name=\"twitter:data1\" content=\"2 minutos\" \/>\n<script type=\"application\/ld+json\" class=\"yoast-schema-graph\">{\"@context\":\"https:\/\/schema.org\",\"@graph\":[{\"@type\":\"WebPage\",\"@id\":\"https:\/\/maxani.nl\/product\/maxani-regular-mousse-zonder-geur\/\",\"url\":\"https:\/\/maxani.nl\/product\/maxani-regular-mousse-zonder-geur\/\",\"name\":\"Maxani Regular mousse no fragrance - Maxani Animal Healthcare BV\",\"isPartOf\":{\"@id\":\"https:\/\/maxani.nl\/#website\"},\"primaryImageOfPage\":{\"@id\":\"https:\/\/maxani.nl\/product\/maxani-regular-mousse-zonder-geur\/#primaryimage\"},\"image\":{\"@id\":\"https:\/\/maxani.nl\/product\/maxani-regular-mousse-zonder-geur\/#primaryimage\"},\"thumbnailUrl\":\"https:\/\/maxani.nl\/wp-content\/uploads\/2023\/01\/Maxani-Regular-mousse-no-fragrance-150ml.jpg\",\"datePublished\":\"2022-11-25T12:07:52+00:00\",\"dateModified\":\"2026-01-05T08:36:39+00:00\",\"breadcrumb\":{\"@id\":\"https:\/\/maxani.nl\/product\/maxani-regular-mousse-zonder-geur\/#breadcrumb\"},\"inLanguage\":\"pt-PT\",\"potentialAction\":[{\"@type\":\"ReadAction\",\"target\":[\"https:\/\/maxani.nl\/product\/maxani-regular-mousse-zonder-geur\/\"]}]},{\"@type\":\"ImageObject\",\"inLanguage\":\"pt-PT\",\"@id\":\"https:\/\/maxani.nl\/product\/maxani-regular-mousse-zonder-geur\/#primaryimage\",\"url\":\"https:\/\/maxani.nl\/wp-content\/uploads\/2023\/01\/Maxani-Regular-mousse-no-fragrance-150ml.jpg\",\"contentUrl\":\"https:\/\/maxani.nl\/wp-content\/uploads\/2023\/01\/Maxani-Regular-mousse-no-fragrance-150ml.jpg\",\"width\":1080,\"height\":1080},{\"@type\":\"BreadcrumbList\",\"@id\":\"https:\/\/maxani.nl\/product\/maxani-regular-mousse-zonder-geur\/#breadcrumb\",\"itemListElement\":[{\"@type\":\"ListItem\",\"position\":1,\"name\":\"Home\",\"item\":\"https:\/\/maxani.nl\/\"},{\"@type\":\"ListItem\",\"position\":2,\"name\":\"Webshop\",\"item\":\"https:\/\/maxani.nl\/webshop\/\"},{\"@type\":\"ListItem\",\"position\":3,\"name\":\"Maxani Regular mousse no fragrance\"}]},{\"@type\":\"WebSite\",\"@id\":\"https:\/\/maxani.nl\/#website\",\"url\":\"https:\/\/maxani.nl\/\",\"name\":\"Maxani Animal Healthcare BV\",\"description\":\"Uw partner in veterinaire dermatologie\",\"potentialAction\":[{\"@type\":\"SearchAction\",\"target\":{\"@type\":\"EntryPoint\",\"urlTemplate\":\"https:\/\/maxani.nl\/?s={search_term_string}\"},\"query-input\":{\"@type\":\"PropertyValueSpecification\",\"valueRequired\":true,\"valueName\":\"search_term_string\"}}],\"inLanguage\":\"pt-PT\"}]}<\/script>\n<!-- \/ Yoast SEO plugin. -->","yoast_head_json":{"title":"Maxani Regular mousse no fragrance - Maxani Animal Healthcare BV","robots":{"index":"index","follow":"follow","max-snippet":"max-snippet:-1","max-image-preview":"max-image-preview:large","max-video-preview":"max-video-preview:-1"},"canonical":"https:\/\/maxani.nl\/pt\/produto\/maxani-regular-mousse-zonder-geur\/","og_locale":"pt_PT","og_type":"article","og_title":"Maxani Regular mousse no fragrance - Maxani Animal Healthcare BV","og_description":"Regular mousse reinigt effectief de vieze en stinkende vacht zonder water. Sinodor\u00ae maskeert vieze geuren niet, maar verwijdert deze krachtig. De mousse is geschikt als dagelijkse verzorging van schilferige, vette en\/of droge huid. Reguleert de talgproductie en de aanmaak van nieuwe huidcellen. Hydrateert en beschermt de huid met behulp van hyaluronzuur, pro-vitamine B5 en ceramiden. Zeer geschikt voor dieren die moeilijk te wassen zijn.","og_url":"https:\/\/maxani.nl\/pt\/produto\/maxani-regular-mousse-zonder-geur\/","og_site_name":"Maxani Animal Healthcare BV","article_modified_time":"2026-01-05T08:36:39+00:00","og_image":[{"width":1080,"height":1080,"url":"https:\/\/maxani.nl\/wp-content\/uploads\/2023\/01\/Maxani-Regular-mousse-no-fragrance-150ml.jpg","type":"image\/jpeg"}],"twitter_card":"summary_large_image","twitter_misc":{"Tempo estimado de leitura":"2 minutos"},"schema":{"@context":"https:\/\/schema.org","@graph":[{"@type":"WebPage","@id":"https:\/\/maxani.nl\/product\/maxani-regular-mousse-zonder-geur\/","url":"https:\/\/maxani.nl\/product\/maxani-regular-mousse-zonder-geur\/","name":"Maxani Regular mousse no fragrance - Maxani Animal Healthcare BV","isPartOf":{"@id":"https:\/\/maxani.nl\/#website"},"primaryImageOfPage":{"@id":"https:\/\/maxani.nl\/product\/maxani-regular-mousse-zonder-geur\/#primaryimage"},"image":{"@id":"https:\/\/maxani.nl\/product\/maxani-regular-mousse-zonder-geur\/#primaryimage"},"thumbnailUrl":"https:\/\/maxani.nl\/wp-content\/uploads\/2023\/01\/Maxani-Regular-mousse-no-fragrance-150ml.jpg","datePublished":"2022-11-25T12:07:52+00:00","dateModified":"2026-01-05T08:36:39+00:00","breadcrumb":{"@id":"https:\/\/maxani.nl\/product\/maxani-regular-mousse-zonder-geur\/#breadcrumb"},"inLanguage":"pt-PT","potentialAction":[{"@type":"ReadAction","target":["https:\/\/maxani.nl\/product\/maxani-regular-mousse-zonder-geur\/"]}]},{"@type":"ImageObject","inLanguage":"pt-PT","@id":"https:\/\/maxani.nl\/product\/maxani-regular-mousse-zonder-geur\/#primaryimage","url":"https:\/\/maxani.nl\/wp-content\/uploads\/2023\/01\/Maxani-Regular-mousse-no-fragrance-150ml.jpg","contentUrl":"https:\/\/maxani.nl\/wp-content\/uploads\/2023\/01\/Maxani-Regular-mousse-no-fragrance-150ml.jpg","width":1080,"height":1080},{"@type":"BreadcrumbList","@id":"https:\/\/maxani.nl\/product\/maxani-regular-mousse-zonder-geur\/#breadcrumb","itemListElement":[{"@type":"ListItem","position":1,"name":"Home","item":"https:\/\/maxani.nl\/"},{"@type":"ListItem","position":2,"name":"Webshop","item":"https:\/\/maxani.nl\/webshop\/"},{"@type":"ListItem","position":3,"name":"Maxani Regular mousse no fragrance"}]},{"@type":"WebSite","@id":"https:\/\/maxani.nl\/#website","url":"https:\/\/maxani.nl\/","name":"Maxani Animal Healthcare BV","description":"O seu parceiro em dermatologia veterin\u00e1ria","potentialAction":[{"@type":"SearchAction","target":{"@type":"EntryPoint","urlTemplate":"https:\/\/maxani.nl\/?s={search_term_string}"},"query-input":{"@type":"PropertyValueSpecification","valueRequired":true,"valueName":"search_term_string"}}],"inLanguage":"pt-PT"}]}},"jetpack_sharing_enabled":true,"_links":{"self":[{"href":"https:\/\/maxani.nl\/pt\/wp-json\/wp\/v2\/product\/11004","targetHints":{"allow":["GET"]}}],"collection":[{"href":"https:\/\/maxani.nl\/pt\/wp-json\/wp\/v2\/product"}],"about":[{"href":"https:\/\/maxani.nl\/pt\/wp-json\/wp\/v2\/types\/product"}],"wp:featuredmedia":[{"embeddable":true,"href":"https:\/\/maxani.nl\/pt\/wp-json\/wp\/v2\/media\/11953"}],"wp:attachment":[{"href":"https:\/\/maxani.nl\/pt\/wp-json\/wp\/v2\/media?parent=11004"}],"wp:term":[{"taxonomy":"product_brand","embeddable":true,"href":"https:\/\/maxani.nl\/pt\/wp-json\/wp\/v2\/product_brand?post=11004"},{"taxonomy":"product_cat","embeddable":true,"href":"https:\/\/maxani.nl\/pt\/wp-json\/wp\/v2\/product_cat?post=11004"},{"taxonomy":"product_tag","embeddable":true,"href":"https:\/\/maxani.nl\/pt\/wp-json\/wp\/v2\/product_tag?post=11004"}],"curies":[{"name":"wp","href":"https:\/\/api.w.org\/{rel}","templated":true}]}}