{"id":10386,"date":"2022-07-13T08:19:28","date_gmt":"2022-07-13T08:19:28","guid":{"rendered":"https:\/\/maxani.nl\/?post_type=product&#038;p=10386"},"modified":"2026-01-05T08:34:19","modified_gmt":"2026-01-05T08:34:19","slug":"maxani-kerasooth-voor-hyperkeratose","status":"publish","type":"product","link":"https:\/\/maxani.nl\/pt\/produto\/maxani-kerasooth-voor-hyperkeratose\/","title":{"rendered":"Maxani KeraSooth"},"content":{"rendered":"<p>Creme de cuidado, nutritivo e cicatrizante, para a hiperqueratose.<\/p>\n<p>30 ml e 100 ml<\/p>\n<p>KeraSooth \u00e9 rapidamente absorvido pela pele e \u00e9 um excelente tratamento para as solas dos p\u00e9s, nariz e cotovelos secos, \u00e1speros, espessos e \"apertados\". Proporciona um cuidado profundo, devido \u00e0 adi\u00e7\u00e3o de Ureia e \u00c1cido Hialur\u00f3nico e tamb\u00e9m restaura a camada de ceramida na pele.<\/p>\n<p>Aplicar nas zonas afectadas uma ou duas vezes por dia.<\/p>\n<p>Cont\u00e9m:<\/p>\n<p>10% Ureia, \u00f3leo de am\u00eandoas, \u00f3leo de grainhas de uva, glicerina, ceramidas, fitoesfingosina, \u00e1cido hialur\u00f3nico, vitamina E e azeite.<\/p>\n<span class=\"wppb-content-restriction-message\"><p data-opacity=\"0.5\">Para mais informa\u00e7\u00f5es, \u00e9 necess\u00e1rio iniciar sess\u00e3o<\/p>\n<\/span>","protected":false},"excerpt":{"rendered":"<p>Creme de cuidado, nutritivo e cicatrizante, para a hiperqueratose.<\/p>\n<p>30 ml e 100 ml<\/p>\n<p>KeraSooth \u00e9 rapidamente absorvido pela pele e \u00e9 um excelente tratamento para as solas dos p\u00e9s, nariz e cotovelos secos, \u00e1speros, espessos e \"apertados\". Proporciona um cuidado profundo, devido \u00e0 adi\u00e7\u00e3o de Ureia e \u00c1cido Hialur\u00f3nico e tamb\u00e9m restaura a camada de ceramida na pele.<\/p>\n<p>Aplicar nas zonas afectadas uma ou duas vezes por dia.<\/p>\n<span class=\"wppb-shortcode-restriction-message\"> <\/span>","protected":false},"featured_media":11913,"template":"","meta":[],"product_brand":[],"product_cat":[15,29,79,37],"product_tag":[179,180,181,185,182,183,184],"class_list":{"0":"post-10386","1":"product","2":"type-product","3":"status-publish","4":"has-post-thumbnail","6":"product_cat-alle-producten","7":"product_cat-maxani","8":"product_cat-hyperkeratose","9":"product_cat-seborroe","10":"product_tag-179","11":"product_tag-180","12":"product_tag-hyperkeratose","13":"product_tag-neus","14":"product_tag-ureum","15":"product_tag-voetzool","16":"product_tag-voetzooltje","18":"first","19":"instock","20":"taxable","21":"shipping-taxable","22":"product-type-variable"},"yoast_head":"<!-- This site is optimized with the Yoast SEO plugin v27.1.1 - https:\/\/yoast.com\/product\/yoast-seo-wordpress\/ -->\n<title>Maxani KeraSooth - Maxani Animal Healthcare BV<\/title>\n<meta name=\"robots\" content=\"index, follow, max-snippet:-1, max-image-preview:large, max-video-preview:-1\" \/>\n<link rel=\"canonical\" href=\"https:\/\/maxani.nl\/pt\/produto\/maxani-kerasooth-voor-hyperkeratose\/\" \/>\n<meta property=\"og:locale\" content=\"pt_PT\" \/>\n<meta property=\"og:type\" content=\"article\" \/>\n<meta property=\"og:title\" content=\"Maxani KeraSooth - Maxani Animal Healthcare BV\" \/>\n<meta property=\"og:description\" content=\"Verzorgende, voedende en helende cr\u00e8me, voor hyperkeratose.  30 ml en 100 ml  De KeraSooth trekt snel in de huid en is een uitstekende behandeling voor droge, ruwe, verdikte en &quot;trekkerige&quot; voetzolen, neus en ellebogen. Het geeft een diepe verzorging, door de toevoeging van Ureum en Hyaluronzuur en herstelt tevens de ceramide laag in de huid.  1 tot 2 maal daags aanbrengen op de aangedane plekken.\" \/>\n<meta property=\"og:url\" content=\"https:\/\/maxani.nl\/pt\/produto\/maxani-kerasooth-voor-hyperkeratose\/\" \/>\n<meta property=\"og:site_name\" content=\"Maxani Animal Healthcare BV\" \/>\n<meta property=\"article:modified_time\" content=\"2026-01-05T08:34:19+00:00\" \/>\n<meta property=\"og:image\" content=\"https:\/\/maxani.nl\/wp-content\/uploads\/2023\/01\/Maxani-Kerasooth-30-en-100ml.jpg\" \/>\n\t<meta property=\"og:image:width\" content=\"1080\" \/>\n\t<meta property=\"og:image:height\" content=\"1080\" \/>\n\t<meta property=\"og:image:type\" content=\"image\/jpeg\" \/>\n<meta name=\"twitter:card\" content=\"summary_large_image\" \/>\n<meta name=\"twitter:label1\" content=\"Tempo estimado de leitura\" \/>\n\t<meta name=\"twitter:data1\" content=\"2 minutos\" \/>\n<script type=\"application\/ld+json\" class=\"yoast-schema-graph\">{\"@context\":\"https:\/\/schema.org\",\"@graph\":[{\"@type\":\"WebPage\",\"@id\":\"https:\/\/maxani.nl\/product\/maxani-kerasooth-voor-hyperkeratose\/\",\"url\":\"https:\/\/maxani.nl\/product\/maxani-kerasooth-voor-hyperkeratose\/\",\"name\":\"Maxani KeraSooth - Maxani Animal Healthcare BV\",\"isPartOf\":{\"@id\":\"https:\/\/maxani.nl\/#website\"},\"primaryImageOfPage\":{\"@id\":\"https:\/\/maxani.nl\/product\/maxani-kerasooth-voor-hyperkeratose\/#primaryimage\"},\"image\":{\"@id\":\"https:\/\/maxani.nl\/product\/maxani-kerasooth-voor-hyperkeratose\/#primaryimage\"},\"thumbnailUrl\":\"https:\/\/maxani.nl\/wp-content\/uploads\/2023\/01\/Maxani-Kerasooth-30-en-100ml.jpg\",\"datePublished\":\"2022-07-13T08:19:28+00:00\",\"dateModified\":\"2026-01-05T08:34:19+00:00\",\"breadcrumb\":{\"@id\":\"https:\/\/maxani.nl\/product\/maxani-kerasooth-voor-hyperkeratose\/#breadcrumb\"},\"inLanguage\":\"pt-PT\",\"potentialAction\":[{\"@type\":\"ReadAction\",\"target\":[\"https:\/\/maxani.nl\/product\/maxani-kerasooth-voor-hyperkeratose\/\"]}]},{\"@type\":\"ImageObject\",\"inLanguage\":\"pt-PT\",\"@id\":\"https:\/\/maxani.nl\/product\/maxani-kerasooth-voor-hyperkeratose\/#primaryimage\",\"url\":\"https:\/\/maxani.nl\/wp-content\/uploads\/2023\/01\/Maxani-Kerasooth-30-en-100ml.jpg\",\"contentUrl\":\"https:\/\/maxani.nl\/wp-content\/uploads\/2023\/01\/Maxani-Kerasooth-30-en-100ml.jpg\",\"width\":1080,\"height\":1080},{\"@type\":\"BreadcrumbList\",\"@id\":\"https:\/\/maxani.nl\/product\/maxani-kerasooth-voor-hyperkeratose\/#breadcrumb\",\"itemListElement\":[{\"@type\":\"ListItem\",\"position\":1,\"name\":\"Home\",\"item\":\"https:\/\/maxani.nl\/\"},{\"@type\":\"ListItem\",\"position\":2,\"name\":\"Webshop\",\"item\":\"https:\/\/maxani.nl\/webshop\/\"},{\"@type\":\"ListItem\",\"position\":3,\"name\":\"Maxani KeraSooth\"}]},{\"@type\":\"WebSite\",\"@id\":\"https:\/\/maxani.nl\/#website\",\"url\":\"https:\/\/maxani.nl\/\",\"name\":\"Maxani Animal Healthcare BV\",\"description\":\"Uw partner in veterinaire dermatologie\",\"potentialAction\":[{\"@type\":\"SearchAction\",\"target\":{\"@type\":\"EntryPoint\",\"urlTemplate\":\"https:\/\/maxani.nl\/?s={search_term_string}\"},\"query-input\":{\"@type\":\"PropertyValueSpecification\",\"valueRequired\":true,\"valueName\":\"search_term_string\"}}],\"inLanguage\":\"pt-PT\"}]}<\/script>\n<!-- \/ Yoast SEO plugin. -->","yoast_head_json":{"title":"Maxani KeraSooth - Maxani Animal Healthcare BV","robots":{"index":"index","follow":"follow","max-snippet":"max-snippet:-1","max-image-preview":"max-image-preview:large","max-video-preview":"max-video-preview:-1"},"canonical":"https:\/\/maxani.nl\/pt\/produto\/maxani-kerasooth-voor-hyperkeratose\/","og_locale":"pt_PT","og_type":"article","og_title":"Maxani KeraSooth - Maxani Animal Healthcare BV","og_description":"Verzorgende, voedende en helende cr\u00e8me, voor hyperkeratose.  30 ml en 100 ml  De KeraSooth trekt snel in de huid en is een uitstekende behandeling voor droge, ruwe, verdikte en \"trekkerige\" voetzolen, neus en ellebogen. Het geeft een diepe verzorging, door de toevoeging van Ureum en Hyaluronzuur en herstelt tevens de ceramide laag in de huid.  1 tot 2 maal daags aanbrengen op de aangedane plekken.","og_url":"https:\/\/maxani.nl\/pt\/produto\/maxani-kerasooth-voor-hyperkeratose\/","og_site_name":"Maxani Animal Healthcare BV","article_modified_time":"2026-01-05T08:34:19+00:00","og_image":[{"width":1080,"height":1080,"url":"https:\/\/maxani.nl\/wp-content\/uploads\/2023\/01\/Maxani-Kerasooth-30-en-100ml.jpg","type":"image\/jpeg"}],"twitter_card":"summary_large_image","twitter_misc":{"Tempo estimado de leitura":"2 minutos"},"schema":{"@context":"https:\/\/schema.org","@graph":[{"@type":"WebPage","@id":"https:\/\/maxani.nl\/product\/maxani-kerasooth-voor-hyperkeratose\/","url":"https:\/\/maxani.nl\/product\/maxani-kerasooth-voor-hyperkeratose\/","name":"Maxani KeraSooth - Maxani Animal Healthcare BV","isPartOf":{"@id":"https:\/\/maxani.nl\/#website"},"primaryImageOfPage":{"@id":"https:\/\/maxani.nl\/product\/maxani-kerasooth-voor-hyperkeratose\/#primaryimage"},"image":{"@id":"https:\/\/maxani.nl\/product\/maxani-kerasooth-voor-hyperkeratose\/#primaryimage"},"thumbnailUrl":"https:\/\/maxani.nl\/wp-content\/uploads\/2023\/01\/Maxani-Kerasooth-30-en-100ml.jpg","datePublished":"2022-07-13T08:19:28+00:00","dateModified":"2026-01-05T08:34:19+00:00","breadcrumb":{"@id":"https:\/\/maxani.nl\/product\/maxani-kerasooth-voor-hyperkeratose\/#breadcrumb"},"inLanguage":"pt-PT","potentialAction":[{"@type":"ReadAction","target":["https:\/\/maxani.nl\/product\/maxani-kerasooth-voor-hyperkeratose\/"]}]},{"@type":"ImageObject","inLanguage":"pt-PT","@id":"https:\/\/maxani.nl\/product\/maxani-kerasooth-voor-hyperkeratose\/#primaryimage","url":"https:\/\/maxani.nl\/wp-content\/uploads\/2023\/01\/Maxani-Kerasooth-30-en-100ml.jpg","contentUrl":"https:\/\/maxani.nl\/wp-content\/uploads\/2023\/01\/Maxani-Kerasooth-30-en-100ml.jpg","width":1080,"height":1080},{"@type":"BreadcrumbList","@id":"https:\/\/maxani.nl\/product\/maxani-kerasooth-voor-hyperkeratose\/#breadcrumb","itemListElement":[{"@type":"ListItem","position":1,"name":"Home","item":"https:\/\/maxani.nl\/"},{"@type":"ListItem","position":2,"name":"Webshop","item":"https:\/\/maxani.nl\/webshop\/"},{"@type":"ListItem","position":3,"name":"Maxani KeraSooth"}]},{"@type":"WebSite","@id":"https:\/\/maxani.nl\/#website","url":"https:\/\/maxani.nl\/","name":"Maxani Animal Healthcare BV","description":"O seu parceiro em dermatologia veterin\u00e1ria","potentialAction":[{"@type":"SearchAction","target":{"@type":"EntryPoint","urlTemplate":"https:\/\/maxani.nl\/?s={search_term_string}"},"query-input":{"@type":"PropertyValueSpecification","valueRequired":true,"valueName":"search_term_string"}}],"inLanguage":"pt-PT"}]}},"jetpack_sharing_enabled":true,"_links":{"self":[{"href":"https:\/\/maxani.nl\/pt\/wp-json\/wp\/v2\/product\/10386","targetHints":{"allow":["GET"]}}],"collection":[{"href":"https:\/\/maxani.nl\/pt\/wp-json\/wp\/v2\/product"}],"about":[{"href":"https:\/\/maxani.nl\/pt\/wp-json\/wp\/v2\/types\/product"}],"wp:featuredmedia":[{"embeddable":true,"href":"https:\/\/maxani.nl\/pt\/wp-json\/wp\/v2\/media\/11913"}],"wp:attachment":[{"href":"https:\/\/maxani.nl\/pt\/wp-json\/wp\/v2\/media?parent=10386"}],"wp:term":[{"taxonomy":"product_brand","embeddable":true,"href":"https:\/\/maxani.nl\/pt\/wp-json\/wp\/v2\/product_brand?post=10386"},{"taxonomy":"product_cat","embeddable":true,"href":"https:\/\/maxani.nl\/pt\/wp-json\/wp\/v2\/product_cat?post=10386"},{"taxonomy":"product_tag","embeddable":true,"href":"https:\/\/maxani.nl\/pt\/wp-json\/wp\/v2\/product_tag?post=10386"}],"curies":[{"name":"wp","href":"https:\/\/api.w.org\/{rel}","templated":true}]}}