{"id":15849,"date":"2025-01-05T11:36:52","date_gmt":"2025-01-05T11:36:52","guid":{"rendered":"https:\/\/maxani.nl\/?page_id=15849"},"modified":"2025-05-29T11:11:42","modified_gmt":"2025-05-29T11:11:42","slug":"cookies-gebruik","status":"publish","type":"page","link":"https:\/\/maxani.nl\/pt\/cookies-gebruik\/","title":{"rendered":"Utiliza\u00e7\u00e3o de cookies"},"content":{"rendered":"<section class=\"section\" id=\"section_1846779679\">\n\t\t<div class=\"section-bg fill\" >\n\t\t\t\t\t\t\t\t\t\n\t\t\t\n\t<div class=\"is-border\"\n\t\tstyle=\"border-color:rgb(235, 235, 235);border-width:1px 0px 0px 0px;\">\n\t<\/div>\n\n\t\t<\/div>\n\n\t\t\n\n\t\t<div class=\"section-content relative\">\n\t\t\t\n\n<div class=\"row\"  id=\"row-62747269\">\n\n\n\t<div id=\"col-145157636\" class=\"col medium-8 small-12 large-8\"  >\n\t\t\t\t<div class=\"col-inner\"  >\n\t\t\t\n\t\t\t\n\n\t<div id=\"text-2859383353\" class=\"text\">\n\t\t\n\n<h2>Pol\u00edtica de cookies<\/h2>\n\t\t\n<style>\n#text-2859383353 {\n  font-size: 1.4rem;\n}\n<\/style>\n\t<\/div>\n\t\n<h1><strong style=\"font-size: 14.4px;\">O que \u00e9 uma bolacha?<\/strong><\/h1>\n<div class=\"ck-text\">\n<p>Utilizamos cookies neste s\u00edtio Web. Um cookie \u00e9 um pequeno ficheiro simples enviado com as p\u00e1ginas deste s\u00edtio Web e armazenado pelo seu navegador no disco r\u00edgido do seu computador. As informa\u00e7\u00f5es a\u00ed armazenadas podem ser reenviadas para os nossos servidores aquando da sua pr\u00f3xima visita.<\/p>\n<h4><strong>Utiliza\u00e7\u00e3o de cookies de sess\u00e3o<\/strong><\/h4>\n<p>Um cookie de sess\u00e3o permite-nos ver quais as partes do s\u00edtio Web que o utilizador visualizou com esta visita. Isto permite-nos adaptar o nosso servi\u00e7o, tanto quanto poss\u00edvel, ao comportamento de navega\u00e7\u00e3o dos nossos visitantes. Estes cookies s\u00e3o automaticamente eliminados assim que o utilizador fecha o seu navegador Web.<\/p>\n<h4><strong>Google Analytics<\/strong><\/h4>\n<p>Atrav\u00e9s do nosso s\u00edtio Web, \u00e9 colocado um cookie pela empresa americana Google, como parte do servi\u00e7o \"Analytics\". Utilizamos este servi\u00e7o para seguir e receber relat\u00f3rios sobre a forma como os visitantes utilizam o s\u00edtio Web. A Google pode fornecer estas informa\u00e7\u00f5es a terceiros se for legalmente obrigada a faz\u00ea-lo, ou na medida em que terceiros processem as informa\u00e7\u00f5es em nome da Google. N\u00e3o temos qualquer influ\u00eancia sobre este facto. N\u00e3o autoriz\u00e1mos a Google a utilizar as informa\u00e7\u00f5es anal\u00edticas obtidas para outros servi\u00e7os da Google.<\/p>\n<p>As informa\u00e7\u00f5es recolhidas pela Google s\u00e3o, tanto quanto poss\u00edvel, anonimizadas. O seu endere\u00e7o IP n\u00e3o \u00e9 expressamente inclu\u00eddo. As informa\u00e7\u00f5es s\u00e3o transferidas para e armazenadas pela Google em servidores nos Estados Unidos. A Google declara que adere aos princ\u00edpios do Escudo de Prote\u00e7\u00e3o da Privacidade e est\u00e1 filiada no programa do Escudo de Prote\u00e7\u00e3o da Privacidade do Departamento de Com\u00e9rcio dos EUA. Isto implica um n\u00edvel de prote\u00e7\u00e3o adequado para o processamento de quaisquer dados pessoais.<\/p>\n<p>O nosso s\u00edtio Web inclui bot\u00f5es para promover (\"gosto\") ou partilhar (\"tweet\") p\u00e1ginas Web em redes sociais como o Facebook e o Twitter. Estes bot\u00f5es funcionam atrav\u00e9s de peda\u00e7os de c\u00f3digo que t\u00eam origem no Facebook e no Twitter, respetivamente. Os cookies s\u00e3o colocados atrav\u00e9s deste c\u00f3digo. N\u00e3o temos qualquer influ\u00eancia sobre este facto. Leia a declara\u00e7\u00e3o de privacidade do Facebook e do Twitter, respetivamente (que pode mudar regularmente), para saber o que fazem com os seus dados (pessoais) que processam atrav\u00e9s destes cookies.<\/p>\n<p>As informa\u00e7\u00f5es recolhidas s\u00e3o, tanto quanto poss\u00edvel, anonimizadas. As informa\u00e7\u00f5es s\u00e3o transferidas para e armazenadas pelo Twitter, Facebook, Google + e LinkedIn em servidores nos Estados Unidos. O LinkedIn, o Twitter, o Facebook e o Google + afirmam aderir aos princ\u00edpios do Escudo de Prote\u00e7\u00e3o da Privacidade e s\u00e3o membros do programa do Escudo de Prote\u00e7\u00e3o da Privacidade do Departamento de Com\u00e9rcio dos EUA. Isto implica um n\u00edvel de prote\u00e7\u00e3o adequado para o tratamento de quaisquer dados pessoais.<\/p>\n<h4><strong>Direito de acesso e corre\u00e7\u00e3o ou elimina\u00e7\u00e3o dos seus dados<\/strong><\/h4>\n<p>O utilizador tem o direito de solicitar o acesso aos seus dados e a sua corre\u00e7\u00e3o ou elimina\u00e7\u00e3o. Para tal, consulte a nossa p\u00e1gina de contactos. Para evitar utiliza\u00e7\u00f5es abusivas, podemos pedir-lhe que forne\u00e7a uma identifica\u00e7\u00e3o adequada. Quando se trata de aceder a dados pessoais associados a um cookie, \u00e9 necess\u00e1rio enviar uma c\u00f3pia do cookie em quest\u00e3o. Pode encontrar esta informa\u00e7\u00e3o nas defini\u00e7\u00f5es do seu navegador.<\/p>\n<h4><strong>Ativar, desativar e apagar cookies<\/strong><\/h4>\n<p>Para mais informa\u00e7\u00f5es sobre como ativar, desativar e apagar cookies, consulte as instru\u00e7\u00f5es e\/ou utilize a fun\u00e7\u00e3o de Ajuda do seu browser.<\/p>\n<h4><strong>Remo\u00e7\u00e3o de cookies de rastreio colocados por terceiros<\/strong><\/h4>\n<p>Alguns cookies de rastreio s\u00e3o definidos por terceiros que lhe apresentam publicidade atrav\u00e9s do nosso s\u00edtio Web, entre outras coisas. Pode apagar estes cookies de forma centralizada atrav\u00e9s das suas escolhas online para que n\u00e3o sejam novamente colocados num s\u00edtio Web de terceiros.<\/p>\n<h4><strong>Mais informa\u00e7\u00f5es sobre cookies?<\/strong><\/h4>\n<p>Pode encontrar mais informa\u00e7\u00f5es sobre cookies nos seguintes s\u00edtios Web:<\/p>\n<p>Os cookies e o utilizador:\u00a0<a href=\"https:\/\/www.cookiesandyou.com\/\">https:\/\/www.cookiesandyou.com<\/a><br \/>As suas escolhas em linha:\u00a0<a href=\"http:\/\/www.youronlinechoices.eu\/\">http:\/\/www.youronlinechoices.eu<\/a><\/p>\n<\/div>\n\n\t\t<\/div>\n\t\t\t\t\t<\/div>\n\n\t\n\n<\/div>\n\n\t\t<\/div>\n\n\t\t\n<style>\n#section_1846779679 {\n  padding-top: 60px;\n  padding-bottom: 60px;\n  min-height: 300px;\n}\n<\/style>\n\t<\/section>","protected":false},"excerpt":{"rendered":"","protected":false},"author":1,"featured_media":0,"parent":0,"menu_order":0,"comment_status":"closed","ping_status":"closed","template":"page-blank.php","meta":{"footnotes":""},"class_list":["post-15849","page","type-page","status-publish","hentry"],"yoast_head":"<!-- This site is optimized with the Yoast SEO plugin v27.1.1 - https:\/\/yoast.com\/product\/yoast-seo-wordpress\/ -->\n<title>Cookies gebruik - Maxani Animal Healthcare BV<\/title>\n<meta name=\"robots\" content=\"index, follow, max-snippet:-1, max-image-preview:large, max-video-preview:-1\" \/>\n<link rel=\"canonical\" href=\"https:\/\/maxani.nl\/pt\/cookies-gebruik\/\" \/>\n<meta property=\"og:locale\" content=\"pt_PT\" \/>\n<meta property=\"og:type\" content=\"article\" \/>\n<meta property=\"og:title\" content=\"Cookies gebruik - Maxani Animal Healthcare BV\" \/>\n<meta property=\"og:url\" content=\"https:\/\/maxani.nl\/pt\/cookies-gebruik\/\" \/>\n<meta property=\"og:site_name\" content=\"Maxani Animal Healthcare BV\" \/>\n<meta property=\"article:modified_time\" content=\"2025-05-29T11:11:42+00:00\" \/>\n<meta name=\"twitter:card\" content=\"summary_large_image\" \/>\n<script type=\"application\/ld+json\" class=\"yoast-schema-graph\">{\"@context\":\"https:\/\/schema.org\",\"@graph\":[{\"@type\":\"WebPage\",\"@id\":\"https:\/\/maxani.nl\/cookies-gebruik\/\",\"url\":\"https:\/\/maxani.nl\/cookies-gebruik\/\",\"name\":\"Cookies gebruik - Maxani Animal Healthcare BV\",\"isPartOf\":{\"@id\":\"https:\/\/maxani.nl\/#website\"},\"datePublished\":\"2025-01-05T11:36:52+00:00\",\"dateModified\":\"2025-05-29T11:11:42+00:00\",\"breadcrumb\":{\"@id\":\"https:\/\/maxani.nl\/cookies-gebruik\/#breadcrumb\"},\"inLanguage\":\"pt-PT\",\"potentialAction\":[{\"@type\":\"ReadAction\",\"target\":[\"https:\/\/maxani.nl\/cookies-gebruik\/\"]}]},{\"@type\":\"BreadcrumbList\",\"@id\":\"https:\/\/maxani.nl\/cookies-gebruik\/#breadcrumb\",\"itemListElement\":[{\"@type\":\"ListItem\",\"position\":1,\"name\":\"Home\",\"item\":\"https:\/\/maxani.nl\/\"},{\"@type\":\"ListItem\",\"position\":2,\"name\":\"Cookies gebruik\"}]},{\"@type\":\"WebSite\",\"@id\":\"https:\/\/maxani.nl\/#website\",\"url\":\"https:\/\/maxani.nl\/\",\"name\":\"Maxani Animal Healthcare BV\",\"description\":\"Uw partner in veterinaire dermatologie\",\"potentialAction\":[{\"@type\":\"SearchAction\",\"target\":{\"@type\":\"EntryPoint\",\"urlTemplate\":\"https:\/\/maxani.nl\/?s={search_term_string}\"},\"query-input\":{\"@type\":\"PropertyValueSpecification\",\"valueRequired\":true,\"valueName\":\"search_term_string\"}}],\"inLanguage\":\"pt-PT\"}]}<\/script>\n<!-- \/ Yoast SEO plugin. -->","yoast_head_json":{"title":"Cookies gebruik - Maxani Animal Healthcare BV","robots":{"index":"index","follow":"follow","max-snippet":"max-snippet:-1","max-image-preview":"max-image-preview:large","max-video-preview":"max-video-preview:-1"},"canonical":"https:\/\/maxani.nl\/pt\/cookies-gebruik\/","og_locale":"pt_PT","og_type":"article","og_title":"Cookies gebruik - Maxani Animal Healthcare BV","og_url":"https:\/\/maxani.nl\/pt\/cookies-gebruik\/","og_site_name":"Maxani Animal Healthcare BV","article_modified_time":"2025-05-29T11:11:42+00:00","twitter_card":"summary_large_image","schema":{"@context":"https:\/\/schema.org","@graph":[{"@type":"WebPage","@id":"https:\/\/maxani.nl\/cookies-gebruik\/","url":"https:\/\/maxani.nl\/cookies-gebruik\/","name":"Cookies gebruik - Maxani Animal Healthcare BV","isPartOf":{"@id":"https:\/\/maxani.nl\/#website"},"datePublished":"2025-01-05T11:36:52+00:00","dateModified":"2025-05-29T11:11:42+00:00","breadcrumb":{"@id":"https:\/\/maxani.nl\/cookies-gebruik\/#breadcrumb"},"inLanguage":"pt-PT","potentialAction":[{"@type":"ReadAction","target":["https:\/\/maxani.nl\/cookies-gebruik\/"]}]},{"@type":"BreadcrumbList","@id":"https:\/\/maxani.nl\/cookies-gebruik\/#breadcrumb","itemListElement":[{"@type":"ListItem","position":1,"name":"Home","item":"https:\/\/maxani.nl\/"},{"@type":"ListItem","position":2,"name":"Cookies gebruik"}]},{"@type":"WebSite","@id":"https:\/\/maxani.nl\/#website","url":"https:\/\/maxani.nl\/","name":"Maxani Animal Healthcare BV","description":"O seu parceiro em dermatologia veterin\u00e1ria","potentialAction":[{"@type":"SearchAction","target":{"@type":"EntryPoint","urlTemplate":"https:\/\/maxani.nl\/?s={search_term_string}"},"query-input":{"@type":"PropertyValueSpecification","valueRequired":true,"valueName":"search_term_string"}}],"inLanguage":"pt-PT"}]}},"jetpack_sharing_enabled":true,"_links":{"self":[{"href":"https:\/\/maxani.nl\/pt\/wp-json\/wp\/v2\/pages\/15849","targetHints":{"allow":["GET"]}}],"collection":[{"href":"https:\/\/maxani.nl\/pt\/wp-json\/wp\/v2\/pages"}],"about":[{"href":"https:\/\/maxani.nl\/pt\/wp-json\/wp\/v2\/types\/page"}],"author":[{"embeddable":true,"href":"https:\/\/maxani.nl\/pt\/wp-json\/wp\/v2\/users\/1"}],"replies":[{"embeddable":true,"href":"https:\/\/maxani.nl\/pt\/wp-json\/wp\/v2\/comments?post=15849"}],"version-history":[{"count":3,"href":"https:\/\/maxani.nl\/pt\/wp-json\/wp\/v2\/pages\/15849\/revisions"}],"predecessor-version":[{"id":17189,"href":"https:\/\/maxani.nl\/pt\/wp-json\/wp\/v2\/pages\/15849\/revisions\/17189"}],"wp:attachment":[{"href":"https:\/\/maxani.nl\/pt\/wp-json\/wp\/v2\/media?parent=15849"}],"curies":[{"name":"wp","href":"https:\/\/api.w.org\/{rel}","templated":true}]}}