{"id":13455,"date":"2023-11-22T19:10:51","date_gmt":"2023-11-22T19:10:51","guid":{"rendered":"https:\/\/maxani.nl\/?page_id=13455"},"modified":"2024-03-04T17:08:05","modified_gmt":"2024-03-04T17:08:05","slug":"cleanserspray","status":"publish","type":"page","link":"https:\/\/maxani.nl\/pt\/cleanserspray\/","title":{"rendered":"Cleanser Spray bijsluiter"},"content":{"rendered":"<section class=\"section\" id=\"section_503863477\">\n\t\t<div class=\"section-bg fill\" >\n\t\t\t<img loading=\"lazy\" decoding=\"async\" width=\"1718\" height=\"2560\" src=\"https:\/\/maxani.nl\/wp-content\/uploads\/2023\/07\/Achtergrond-voor-website-Maxani2-scaled.jpg\" class=\"bg attachment-original size-original\" alt=\"\" \/>\t\t\t\t\t\t\n\t\t\t\n\t<div class=\"is-border\"\n\t\tstyle=\"border-color:rgb(235, 235, 235);border-width:1px 0px 0px 0px;\">\n\t<\/div>\n\n\t\t<\/div>\n\n\t\t\n\n\t\t<div class=\"section-content relative\">\n\t\t\t\n\n<div class=\"row\"  id=\"row-1615754807\">\n\n\n\t<div id=\"col-2001815999\" class=\"col medium-8 small-12 large-8\"  >\n\t\t\t\t<div class=\"col-inner\"  >\n\t\t\t\n\t\t\t\n\n<h1>Spray de limpeza 250 ml<\/h1>\n<h3>RESUMO<\/h3>\n<p>Cont\u00e9m uma combina\u00e7\u00e3o cuidadosamente formulada de ingredientes, incluindo \u00e1gua fisiol\u00f3gica, glicerina, clorexadina e sab\u00f5es suaves.<\/p>\n<h3>CANDIDATURA<\/h3>\n<p>Cleanser Spray limpa e enxagua a pele afetada, removendo os res\u00edduos e apoiando assim a recupera\u00e7\u00e3o da pele. A combina\u00e7\u00e3o de \u00e1gua fisiol\u00f3gica, glicerina, clorexadina e sab\u00f5es suaves dissolve eficazmente as prote\u00ednas, a sujidade e as gorduras da pele afetada, ou conforme prescrito pelo seu veterin\u00e1rio. O produto deve secar ao ar livre durante pelo menos 5 a 10 minutos, n\u00e3o \u00e9 necess\u00e1rio enxaguar.<\/p>\n<h3>CONTRIBUI\u00c7\u00d5ES<\/h3>\n<p>Nenhum conhecido.<\/p>\n<h3>CONTRA-INDICA\u00c7\u00d5ES<\/h3>\n<p>N\u00e3o utilizar o Cleanser Spray se tiver hipersensibilidade conhecida a qualquer um dos ingredientes. A hipersensibilidade pode causar irrita\u00e7\u00e3o cut\u00e2nea. Evitar o contacto com os olhos e os ouvidos.<\/p>\n<h3><span style=\"font-size: 20.16px; color: #333333;\">VIA E MODO DE ADMINISTRA\u00c7\u00c3O<\/span><\/h3>\n<p>Cleanser Spray limpa e enxagua a pele afetada, removendo os res\u00edduos e apoiando assim a recupera\u00e7\u00e3o da pele. A combina\u00e7\u00e3o de \u00e1gua fisiol\u00f3gica, glicerina, clorexadina e sab\u00f5es suaves dissolve eficazmente as prote\u00ednas, a sujidade e as gorduras da pele afetada, ou conforme prescrito pelo seu veterin\u00e1rio. O produto deve secar ao ar livre durante pelo menos 5 a 10 minutos, n\u00e3o \u00e9 necess\u00e1rio enxaguar.<\/p>\n<h3>ARMAZENAMENTO E PRAZO DE VALIDADE<\/h3>\n<p>Conservar \u00e0 temperatura ambiente (15-25 \u00baC) durante um per\u00edodo de conserva\u00e7\u00e3o de 5 anos a partir da data de produ\u00e7\u00e3o.<\/p>\n<p>Pode ser conservado durante 12 meses ap\u00f3s a abertura.<\/p>\n<p>Manter fora da vista e do alcance das crian\u00e7as.<\/p>\n<h3>EMBALAGEM<\/h3>\n<p>Frasco de 250 ml<\/p>\n<h3>DISTRIBUIDOR<\/h3>\n<p>Maxani Animal Healthcare B.V.<br \/>Lark Avenue 14-b<br \/>3704 GR Zeist<br \/>Pa\u00edses Baixos<\/p>\n<p>\u00a0<\/p>\n<p>\u00a0<\/p>\n<h3>COMPOSI\u00c7\u00c3O<\/h3>\n<p>Cont\u00e9m uma combina\u00e7\u00e3o cuidadosamente formulada de ingredientes, incluindo \u00e1gua fisiol\u00f3gica, glicerina, clorhexidina e sab\u00f5es suaves.<\/p>\n<h3>CANDIDATURA<\/h3>\n<p>O Cleanser Spray limpa e enxagua a pele afetada, remove os res\u00edduos e apoia a recupera\u00e7\u00e3o da pele. A combina\u00e7\u00e3o de \u00e1gua fisiol\u00f3gica, glicerina, clorexidina e sab\u00f5es suaves dissolve eficazmente as prote\u00ednas, a sujidade e as gorduras da pele afetada, ou conforme prescrito pelo seu veterin\u00e1rio. O produto deve ser deixado a secar ao ar livre durante um m\u00ednimo de 5 a 10 minutos, n\u00e3o sendo necess\u00e1rio enxaguar.<\/p>\n<h3>REAC\u00c7\u00d5ES ADVERSAS<\/h3>\n<p>Nenhum conhecido.<\/p>\n<h3>CONTRA-INDICA\u00c7\u00d5ES<\/h3>\n<p>N\u00e3o utilizar o Cleanser Spray se houver hipersensibilidade conhecida a qualquer um dos componentes. A hipersensibilidade pode causar irrita\u00e7\u00e3o cut\u00e2nea. Evitar o contacto com os olhos e os ouvidos.<\/p>\n<h3>M\u00c9TODO E VIA DE ADMINISTRA\u00c7\u00c3O<\/h3>\n<p>O Cleanser Spray limpa e enxagua a pele afetada, remove os res\u00edduos e apoia a recupera\u00e7\u00e3o da pele. A combina\u00e7\u00e3o de \u00e1gua fisiol\u00f3gica, glicerina, clorexidina e sab\u00f5es suaves dissolve eficazmente as prote\u00ednas, a sujidade e as gorduras da pele afetada, ou conforme prescrito pelo seu veterin\u00e1rio. O produto deve ser deixado a secar ao ar livre durante um m\u00ednimo de 5 a 10 minutos, n\u00e3o sendo necess\u00e1rio enxaguar.<\/p>\n<h3>PRAZO DE VALIDADE E CONDI\u00c7\u00d5ES DE ARMAZENAMENTO<\/h3>\n<p>Conservar \u00e0 temperatura ambiente (15-25\u00b0C) durante um per\u00edodo de conserva\u00e7\u00e3o de 5 anos a partir da data de fabrico.<\/p>\n<p>Armazenar a uma temperatura inferior a 25 \u00baC para um prazo de validade de 12 meses a partir da data de fabrico.<\/p>\n<p>Manter fora da vista e do alcance das crian\u00e7as.<\/p>\n<h3>PACOTE<\/h3>\n<p>Frasco de 250 ml<\/p>\n<h3>DISTRIBUIDOR<\/h3>\n<p>Maxani Animal Healthcare B.V.<br \/>Lark Avenue 14-b<br \/>3704 GR Zeist<br \/>Pa\u00edses Baixos<\/p>\n<p>\u00a0<\/p>\n\n\t\t<\/div>\n\t\t\t\t\t<\/div>\n\n\t\n\n\t<div id=\"col-818723874\" class=\"col medium-4 small-12 large-4\"  >\n\t\t\t\t<div class=\"col-inner\"  >\n\t\t\t\n\t\t\t\n\n\t<div class=\"img has-hover x md-x lg-x y md-y lg-y\" id=\"image_2065357878\">\n\t\t\t\t\t\t\t\t<div class=\"img-inner dark\" >\n\t\t\t<img loading=\"lazy\" decoding=\"async\" width=\"800\" height=\"800\" src=\"https:\/\/maxani.nl\/wp-content\/uploads\/2023\/07\/Maxani-cleanser-spray-250-ml-800x800.png\" class=\"attachment-large size-large\" alt=\"\" srcset=\"https:\/\/maxani.nl\/wp-content\/uploads\/2023\/07\/Maxani-cleanser-spray-250-ml-800x800.png 800w, https:\/\/maxani.nl\/wp-content\/uploads\/2023\/07\/Maxani-cleanser-spray-250-ml-400x400.png 400w, https:\/\/maxani.nl\/wp-content\/uploads\/2023\/07\/Maxani-cleanser-spray-250-ml-280x280.png 280w, https:\/\/maxani.nl\/wp-content\/uploads\/2023\/07\/Maxani-cleanser-spray-250-ml-768x768.png 768w, https:\/\/maxani.nl\/wp-content\/uploads\/2023\/07\/Maxani-cleanser-spray-250-ml-247x247.png 247w, https:\/\/maxani.nl\/wp-content\/uploads\/2023\/07\/Maxani-cleanser-spray-250-ml-510x510.png 510w, https:\/\/maxani.nl\/wp-content\/uploads\/2023\/07\/Maxani-cleanser-spray-250-ml-100x100.png 100w, https:\/\/maxani.nl\/wp-content\/uploads\/2023\/07\/Maxani-cleanser-spray-250-ml.png 1080w\" sizes=\"auto, (max-width: 800px) 100vw, 800px\" \/>\t\t\t\t\t\t\n\t\t\t\t\t<\/div>\n\t\t\t\t\t\t\t\t\n<style>\n#image_2065357878 {\n  width: 100%;\n}\n<\/style>\n\t<\/div>\n\t\n\n\n\t\t<\/div>\n\t\t\t\t\t<\/div>\n\n\t\n\n<\/div>\n\n\t\t<\/div>\n\n\t\t\n<style>\n#section_503863477 {\n  padding-top: 60px;\n  padding-bottom: 60px;\n  min-height: 300px;\n}\n<\/style>\n\t<\/section>","protected":false},"excerpt":{"rendered":"","protected":false},"author":1,"featured_media":0,"parent":0,"menu_order":0,"comment_status":"closed","ping_status":"closed","template":"page-blank.php","meta":{"footnotes":""},"class_list":["post-13455","page","type-page","status-publish","hentry"],"yoast_head":"<!-- This site is optimized with the Yoast SEO plugin v27.1.1 - https:\/\/yoast.com\/product\/yoast-seo-wordpress\/ -->\n<title>Bijsluiter Zure oordruppels - Maxani Animal Healthcare BV<\/title>\n<meta name=\"description\" content=\"Zure oordruppels worden gebruikt bij honden en katten. Azijnzuur maakt het milieu in de externe gehoorgang zuurder.\" \/>\n<meta name=\"robots\" content=\"index, follow, max-snippet:-1, max-image-preview:large, max-video-preview:-1\" \/>\n<link rel=\"canonical\" href=\"https:\/\/maxani.nl\/pt\/cleanserspray\/\" \/>\n<meta property=\"og:locale\" content=\"pt_PT\" \/>\n<meta property=\"og:type\" content=\"article\" \/>\n<meta property=\"og:title\" content=\"Bijsluiter Zure oordruppels - Maxani Animal Healthcare BV\" \/>\n<meta property=\"og:description\" content=\"Zure oordruppels worden gebruikt bij honden en katten. Azijnzuur maakt het milieu in de externe gehoorgang zuurder.\" \/>\n<meta property=\"og:url\" content=\"https:\/\/maxani.nl\/pt\/cleanserspray\/\" \/>\n<meta property=\"og:site_name\" content=\"Maxani Animal Healthcare BV\" \/>\n<meta property=\"article:modified_time\" content=\"2024-03-04T17:08:05+00:00\" \/>\n<meta name=\"twitter:card\" content=\"summary_large_image\" \/>\n<meta name=\"twitter:label1\" content=\"Tempo estimado de leitura\" \/>\n\t<meta name=\"twitter:data1\" content=\"3 minutos\" \/>\n<script type=\"application\/ld+json\" class=\"yoast-schema-graph\">{\"@context\":\"https:\/\/schema.org\",\"@graph\":[{\"@type\":\"WebPage\",\"@id\":\"https:\/\/maxani.nl\/cleanserspray\/\",\"url\":\"https:\/\/maxani.nl\/cleanserspray\/\",\"name\":\"Bijsluiter Zure oordruppels - Maxani Animal Healthcare BV\",\"isPartOf\":{\"@id\":\"https:\/\/maxani.nl\/#website\"},\"datePublished\":\"2023-11-22T19:10:51+00:00\",\"dateModified\":\"2024-03-04T17:08:05+00:00\",\"description\":\"Zure oordruppels worden gebruikt bij honden en katten. Azijnzuur maakt het milieu in de externe gehoorgang zuurder.\",\"breadcrumb\":{\"@id\":\"https:\/\/maxani.nl\/cleanserspray\/#breadcrumb\"},\"inLanguage\":\"pt-PT\",\"potentialAction\":[{\"@type\":\"ReadAction\",\"target\":[\"https:\/\/maxani.nl\/cleanserspray\/\"]}]},{\"@type\":\"BreadcrumbList\",\"@id\":\"https:\/\/maxani.nl\/cleanserspray\/#breadcrumb\",\"itemListElement\":[{\"@type\":\"ListItem\",\"position\":1,\"name\":\"Home\",\"item\":\"https:\/\/maxani.nl\/\"},{\"@type\":\"ListItem\",\"position\":2,\"name\":\"Cleanser Spray bijsluiter\"}]},{\"@type\":\"WebSite\",\"@id\":\"https:\/\/maxani.nl\/#website\",\"url\":\"https:\/\/maxani.nl\/\",\"name\":\"Maxani Animal Healthcare BV\",\"description\":\"Uw partner in veterinaire dermatologie\",\"potentialAction\":[{\"@type\":\"SearchAction\",\"target\":{\"@type\":\"EntryPoint\",\"urlTemplate\":\"https:\/\/maxani.nl\/?s={search_term_string}\"},\"query-input\":{\"@type\":\"PropertyValueSpecification\",\"valueRequired\":true,\"valueName\":\"search_term_string\"}}],\"inLanguage\":\"pt-PT\"}]}<\/script>\n<!-- \/ Yoast SEO plugin. -->","yoast_head_json":{"title":"Bijsluiter Zure oordruppels - Maxani Animal Healthcare BV","description":"Zure oordruppels worden gebruikt bij honden en katten. Azijnzuur maakt het milieu in de externe gehoorgang zuurder.","robots":{"index":"index","follow":"follow","max-snippet":"max-snippet:-1","max-image-preview":"max-image-preview:large","max-video-preview":"max-video-preview:-1"},"canonical":"https:\/\/maxani.nl\/pt\/cleanserspray\/","og_locale":"pt_PT","og_type":"article","og_title":"Bijsluiter Zure oordruppels - Maxani Animal Healthcare BV","og_description":"Zure oordruppels worden gebruikt bij honden en katten. Azijnzuur maakt het milieu in de externe gehoorgang zuurder.","og_url":"https:\/\/maxani.nl\/pt\/cleanserspray\/","og_site_name":"Maxani Animal Healthcare BV","article_modified_time":"2024-03-04T17:08:05+00:00","twitter_card":"summary_large_image","twitter_misc":{"Tempo estimado de leitura":"3 minutos"},"schema":{"@context":"https:\/\/schema.org","@graph":[{"@type":"WebPage","@id":"https:\/\/maxani.nl\/cleanserspray\/","url":"https:\/\/maxani.nl\/cleanserspray\/","name":"Bijsluiter Zure oordruppels - Maxani Animal Healthcare BV","isPartOf":{"@id":"https:\/\/maxani.nl\/#website"},"datePublished":"2023-11-22T19:10:51+00:00","dateModified":"2024-03-04T17:08:05+00:00","description":"Zure oordruppels worden gebruikt bij honden en katten. Azijnzuur maakt het milieu in de externe gehoorgang zuurder.","breadcrumb":{"@id":"https:\/\/maxani.nl\/cleanserspray\/#breadcrumb"},"inLanguage":"pt-PT","potentialAction":[{"@type":"ReadAction","target":["https:\/\/maxani.nl\/cleanserspray\/"]}]},{"@type":"BreadcrumbList","@id":"https:\/\/maxani.nl\/cleanserspray\/#breadcrumb","itemListElement":[{"@type":"ListItem","position":1,"name":"Home","item":"https:\/\/maxani.nl\/"},{"@type":"ListItem","position":2,"name":"Cleanser Spray bijsluiter"}]},{"@type":"WebSite","@id":"https:\/\/maxani.nl\/#website","url":"https:\/\/maxani.nl\/","name":"Maxani Animal Healthcare BV","description":"O seu parceiro em dermatologia veterin\u00e1ria","potentialAction":[{"@type":"SearchAction","target":{"@type":"EntryPoint","urlTemplate":"https:\/\/maxani.nl\/?s={search_term_string}"},"query-input":{"@type":"PropertyValueSpecification","valueRequired":true,"valueName":"search_term_string"}}],"inLanguage":"pt-PT"}]}},"jetpack_sharing_enabled":true,"_links":{"self":[{"href":"https:\/\/maxani.nl\/pt\/wp-json\/wp\/v2\/pages\/13455","targetHints":{"allow":["GET"]}}],"collection":[{"href":"https:\/\/maxani.nl\/pt\/wp-json\/wp\/v2\/pages"}],"about":[{"href":"https:\/\/maxani.nl\/pt\/wp-json\/wp\/v2\/types\/page"}],"author":[{"embeddable":true,"href":"https:\/\/maxani.nl\/pt\/wp-json\/wp\/v2\/users\/1"}],"replies":[{"embeddable":true,"href":"https:\/\/maxani.nl\/pt\/wp-json\/wp\/v2\/comments?post=13455"}],"version-history":[{"count":3,"href":"https:\/\/maxani.nl\/pt\/wp-json\/wp\/v2\/pages\/13455\/revisions"}],"predecessor-version":[{"id":13980,"href":"https:\/\/maxani.nl\/pt\/wp-json\/wp\/v2\/pages\/13455\/revisions\/13980"}],"wp:attachment":[{"href":"https:\/\/maxani.nl\/pt\/wp-json\/wp\/v2\/media?parent=13455"}],"curies":[{"name":"wp","href":"https:\/\/api.w.org\/{rel}","templated":true}]}}