{"id":13196,"date":"2023-10-16T13:29:11","date_gmt":"2023-10-16T13:29:11","guid":{"rendered":"https:\/\/maxani.nl\/?page_id=13196"},"modified":"2023-10-17T12:51:39","modified_gmt":"2023-10-17T12:51:39","slug":"jeuk-bij-katten","status":"publish","type":"page","link":"https:\/\/maxani.nl\/pt\/jeuk-bij-katten\/","title":{"rendered":"Jeuk bij katten"},"content":{"rendered":"<section class=\"section\" id=\"section_2108979891\">\n\t\t<div class=\"section-bg fill\" >\n\t\t\t<img loading=\"lazy\" decoding=\"async\" width=\"1718\" height=\"2560\" src=\"https:\/\/maxani.nl\/wp-content\/uploads\/2023\/07\/Achtergrond-voor-website-Maxani2-scaled.jpg\" class=\"bg attachment-original size-original\" alt=\"\" \/>\t\t\t\t\t\t\n\t\t\t\n\t<div class=\"is-border\"\n\t\tstyle=\"border-color:rgb(235, 235, 235);border-width:1px 0px 0px 0px;\">\n\t<\/div>\n\n\t\t<\/div>\n\n\t\t\n\n\t\t<div class=\"section-content relative\">\n\t\t\t\n\n<div class=\"row\"  id=\"row-115200530\">\n\n\n\t<div id=\"col-1609245881\" class=\"col medium-8 small-12 large-8\"  >\n\t\t\t\t<div class=\"col-inner\"  >\n\t\t\t\n\t\t\t\n\n\t<div id=\"gap-472986183\" class=\"gap-element clearfix\" style=\"display:block; height:auto;\">\n\t\t\n<style>\n#gap-472986183 {\n  padding-top: 15px;\n}\n<\/style>\n\t<\/div>\n\t\n\n\t<div id=\"text-3194094882\" class=\"text\">\n\t\t\n\n<h1>O meu gato tem comich\u00e3o: o que fazer?<\/h1>\n\t\t\n<style>\n#text-3194094882 {\n  font-size: 1.3rem;\n}\n<\/style>\n\t<\/div>\n\t\n<p>A comich\u00e3o \u00e9 um problema comum nos gatos, mas pode ter v\u00e1rias causas. Quando o seu gato co\u00e7a constantemente a pele, pode causar mais danos \u00e0 pele. \u00c9 importante tratar esta comich\u00e3o e abordar a causa subjacente para evitar que o seu gato danifique ainda mais a pele ao co\u00e7ar-se.<\/p>\n<h2>Causas de comich\u00e3o<\/h2>\n<p>As causas da comich\u00e3o no gato podem ser v\u00e1rias. Estas podem incluir alergias, parasitas ou um problema de pele. Por vezes \u00e9 dif\u00edcil determinar a causa exacta da comich\u00e3o. Tem d\u00favidas sobre a causa? Se for o caso, consulte um veterin\u00e1rio.<\/p>\n<h3>Alergias<\/h3>\n<p><strong><u>Alergias ambientais (atopia)<br \/><\/u><\/strong>A atopia (dermatite at\u00f3pica) \u00e9 causada por uma rea\u00e7\u00e3o de hipersensibilidade a alerg\u00e9nios como o p\u00f3len de plantas com flores e\/ou \u00e1caros do p\u00f3 da casa. A atopia \u00e9 uma forma comum de alergia nos gatos e pode ser heredit\u00e1ria e espec\u00edfica da ra\u00e7a. Isto significa que certas ra\u00e7as s\u00e3o mais propensas a desenvolver atopia do que outras.<\/p>\n<p><strong>Sintomas:<\/strong><\/p>\n<ul>\n<li>Comich\u00e3o em: patas, cabe\u00e7a, axilas e virilhas<\/li>\n<li>Pele vermelha e irritada<\/li>\n<\/ul>\n<p><strong>O que fazer com a atopia?<\/strong><\/p>\n<ul>\n<li>Apoiar a barreira cut\u00e2nea<\/li>\n<li>Evitar os alerg\u00e9nios<\/li>\n<li>Lavar com um champ\u00f4 especial para animais al\u00e9rgicos (<a href=\"https:\/\/maxani.nl\/pt\/productinformatie\/#AtopOat192125\"><span style=\"text-decoration: underline;\">Champ\u00f4 AtopOat Skin<\/span><\/a> e\/ou <span style=\"text-decoration: underline;\"><a href=\"https:\/\/maxani.nl\/pt\/productinformatie\/#atopoatmousse\">Mousse<\/a><\/span>)<\/li>\n<\/ul>\n<p>\u00a0<\/p>\n<p><strong><u>O meu gato tem alergia \u00e0s pulgas?<br \/><\/u><\/strong>Uma alergia \u00e0s pulgas envolve uma rea\u00e7\u00e3o al\u00e9rgica \u00e0 saliva das pulgas. Quando as pulgas picam e se alimentam do sangue do seu gato, deixam saliva na pele. Nos gatos com esta alergia, mesmo uma \u00fanica picada de pulga pode causar comich\u00e3o e irrita\u00e7\u00e3o da pele.<\/p>\n<p><strong>Sintomas:<\/strong><\/p>\n<ul>\n<li>Co\u00e7ar e morder excessivamente, especialmente \u00e0 volta da base da cauda, do dorso e das patas traseiras.<\/li>\n<li>Erup\u00e7\u00e3o cut\u00e2nea e incha\u00e7os vermelhos.<\/li>\n<li>Perda de cabelo e irrita\u00e7\u00e3o da pele.<\/li>\n<li>Pontos quentes (inflama\u00e7\u00e3o s\u00fabita e dolorosa da pele).<\/li>\n<\/ul>\n<p>\u00a0<\/p>\n<p><strong><u>O meu gato tem uma alergia alimentar?<br \/><\/u><\/strong>A alergia alimentar em gatos ocorre quando o corpo do seu gato reage a determinados nutrientes dos alimentos que ingere. Isto inclui a rea\u00e7\u00e3o da maioria dos gatos a certas prote\u00ednas, como o frango e a carne de vaca. Isto pode levar a uma s\u00e9rie de sintomas al\u00e9rgicos, que v\u00e3o desde comich\u00e3o e problemas de pele a v\u00f3mitos e diarreia.<\/p>\n<p><strong>Sintomas:<\/strong><\/p>\n<ul>\n<li>Comich\u00e3o: co\u00e7ar, morder e lamber a pele, especialmente \u00e0 volta do rosto, orelhas, pernas e barriga.<\/li>\n<li>Irrita\u00e7\u00e3o cut\u00e2nea: Pele vermelha e irritada, erup\u00e7\u00e3o cut\u00e2nea e queda de cabelo.<\/li>\n<li>Problemas gastrointestinais: V\u00f3mitos, diarreia, flatul\u00eancia e dores abdominais.<\/li>\n<\/ul>\n<p><strong>O que fazer em caso de poss\u00edvel alergia alimentar?<\/strong><\/p>\n<ul>\n<li>Dieta composta (dieta de elimina\u00e7\u00e3o): Consultar um veterin\u00e1rio ou especialista<\/li>\n<li>Alimentos em que a fonte de prote\u00edna foi parcialmente decomposta<\/li>\n<li>Alimentos com fontes de prote\u00edna \u00fanicas ou em que o nutriente n\u00e3o est\u00e1 presente na dieta<\/li>\n<\/ul>\n\n\t\t<\/div>\n\t\t\t\t\t<\/div>\n\n\t\n\n\t<div id=\"col-1208309805\" class=\"col medium-4 small-12 large-4\"  >\n\t\t\t\t<div class=\"col-inner\"  >\n\t\t\t\n\t\t\t\n\n\t<div class=\"img has-hover x md-x lg-x y md-y lg-y\" id=\"image_1263515168\">\n\t\t\t\t\t\t\t\t<div class=\"img-inner dark\" >\n\t\t\t<img loading=\"lazy\" decoding=\"async\" width=\"600\" height=\"599\" src=\"https:\/\/maxani.nl\/wp-content\/uploads\/2023\/10\/kat-met-jeuk.png\" class=\"attachment-large size-large\" alt=\"jeuk bij katten\" srcset=\"https:\/\/maxani.nl\/wp-content\/uploads\/2023\/10\/kat-met-jeuk.png 600w, https:\/\/maxani.nl\/wp-content\/uploads\/2023\/10\/kat-met-jeuk-401x400.png 401w, https:\/\/maxani.nl\/wp-content\/uploads\/2023\/10\/kat-met-jeuk-280x280.png 280w, https:\/\/maxani.nl\/wp-content\/uploads\/2023\/10\/kat-met-jeuk-247x247.png 247w, https:\/\/maxani.nl\/wp-content\/uploads\/2023\/10\/kat-met-jeuk-510x509.png 510w, https:\/\/maxani.nl\/wp-content\/uploads\/2023\/10\/kat-met-jeuk-100x100.png 100w\" sizes=\"auto, (max-width: 600px) 100vw, 600px\" \/>\t\t\t\t\t\t\n\t\t\t\t\t<\/div>\n\t\t\t\t\t\t\t\t\n<style>\n#image_1263515168 {\n  width: 100%;\n}\n<\/style>\n\t<\/div>\n\t\n\n\t<div class=\"img has-hover x md-x lg-x y md-y lg-y\" id=\"image_1793245682\">\n\t\t\t\t\t\t\t\t<div class=\"img-inner dark\" >\n\t\t\t<img loading=\"lazy\" decoding=\"async\" width=\"800\" height=\"800\" src=\"https:\/\/maxani.nl\/wp-content\/uploads\/2023\/07\/Maxani-AtopOat-shampoo-200-ml-800x800.png\" class=\"attachment-large size-large\" alt=\"\" srcset=\"https:\/\/maxani.nl\/wp-content\/uploads\/2023\/07\/Maxani-AtopOat-shampoo-200-ml-800x800.png 800w, https:\/\/maxani.nl\/wp-content\/uploads\/2023\/07\/Maxani-AtopOat-shampoo-200-ml-400x400.png 400w, https:\/\/maxani.nl\/wp-content\/uploads\/2023\/07\/Maxani-AtopOat-shampoo-200-ml-280x280.png 280w, https:\/\/maxani.nl\/wp-content\/uploads\/2023\/07\/Maxani-AtopOat-shampoo-200-ml-768x768.png 768w, https:\/\/maxani.nl\/wp-content\/uploads\/2023\/07\/Maxani-AtopOat-shampoo-200-ml-247x247.png 247w, https:\/\/maxani.nl\/wp-content\/uploads\/2023\/07\/Maxani-AtopOat-shampoo-200-ml-510x510.png 510w, https:\/\/maxani.nl\/wp-content\/uploads\/2023\/07\/Maxani-AtopOat-shampoo-200-ml-100x100.png 100w, https:\/\/maxani.nl\/wp-content\/uploads\/2023\/07\/Maxani-AtopOat-shampoo-200-ml.png 1080w\" sizes=\"auto, (max-width: 800px) 100vw, 800px\" \/>\t\t\t\t\t\t\n\t\t\t\t\t<\/div>\n\t\t\t\t\t\t\t\t\n<style>\n#image_1793245682 {\n  width: 100%;\n}\n<\/style>\n\t<\/div>\n\t\n\n\t<div class=\"img has-hover x md-x lg-x y md-y lg-y\" id=\"image_1454552167\">\n\t\t\t\t\t\t\t\t<div class=\"img-inner dark\" >\n\t\t\t<img loading=\"lazy\" decoding=\"async\" width=\"800\" height=\"800\" src=\"https:\/\/maxani.nl\/wp-content\/uploads\/2023\/07\/Maxani-AtopOat-mousse-800x800.png\" class=\"attachment-large size-large\" alt=\"\" srcset=\"https:\/\/maxani.nl\/wp-content\/uploads\/2023\/07\/Maxani-AtopOat-mousse-800x800.png 800w, https:\/\/maxani.nl\/wp-content\/uploads\/2023\/07\/Maxani-AtopOat-mousse-400x400.png 400w, https:\/\/maxani.nl\/wp-content\/uploads\/2023\/07\/Maxani-AtopOat-mousse-280x280.png 280w, https:\/\/maxani.nl\/wp-content\/uploads\/2023\/07\/Maxani-AtopOat-mousse-768x768.png 768w, https:\/\/maxani.nl\/wp-content\/uploads\/2023\/07\/Maxani-AtopOat-mousse-247x247.png 247w, https:\/\/maxani.nl\/wp-content\/uploads\/2023\/07\/Maxani-AtopOat-mousse-510x510.png 510w, https:\/\/maxani.nl\/wp-content\/uploads\/2023\/07\/Maxani-AtopOat-mousse-100x100.png 100w, https:\/\/maxani.nl\/wp-content\/uploads\/2023\/07\/Maxani-AtopOat-mousse.png 1080w\" sizes=\"auto, (max-width: 800px) 100vw, 800px\" \/>\t\t\t\t\t\t\n\t\t\t\t\t<\/div>\n\t\t\t\t\t\t\t\t\n<style>\n#image_1454552167 {\n  width: 100%;\n}\n<\/style>\n\t<\/div>\n\t\n\n\n\t\t<\/div>\n\t\t\t\t\t<\/div>\n\n\t\n\n<\/div>\n<div class=\"row\"  id=\"row-107847954\">\n\n\n\t<div id=\"col-670005041\" class=\"col medium-8 small-12 large-8\"  >\n\t\t\t\t<div class=\"col-inner\"  >\n\t\t\t\n\t\t\t\n\n<h3>Parasitas<\/h3>\n<p>Os parasitas que podem causar comich\u00e3o nos gatos s\u00e3o:<\/p>\n<p><strong><u>Pulgas<br \/><\/u><\/strong>Estes pequenos parasitas alimentam-se do sangue do seu gato e deixam uma saliva irritante.<\/p>\n<p><strong>O que fazer em caso de pulgas? <br \/><\/strong>A dete\u00e7\u00e3o de pulgas no seu gato pode ser feita facilmente com um pente para pulgas. Concentre-se especialmente nas \u00e1reas \u00e0 volta da base da cauda e do pesco\u00e7o, onde as pulgas se escondem frequentemente. Procure pequenos pontos pretos que se agarram ao pente ou ao pelo do seu gato, que podem ser excrementos de pulgas. Uma vez detectadas as pulgas, \u00e9 aconselh\u00e1vel tratar o seu gato com um medicamento anti-pulgas para controlar eficazmente os parasitas.<\/p>\n<p><strong><u>Carra\u00e7a<br \/><\/u><\/strong>As carra\u00e7as sugam o sangue e podem transmitir doen\u00e7as graves. O local onde a carra\u00e7a pica pode dar comich\u00e3o devido \u00e0 irrita\u00e7\u00e3o.<\/p>\n<p><strong>O que fazer em caso de carra\u00e7as? <br \/><\/strong>Tratar a picada da carra\u00e7a, removendo-a cuidadosamente. Em seguida, limpe o local da picada com um desinfetante suave e trate as feridas com um <span style=\"text-decoration: underline;\"><a href=\"https:\/\/maxani.nl\/pt\/productinformatie\/#Honinggel823000\">Gel de mel-O3<\/a><\/span> para evitar irrita\u00e7\u00f5es.<\/p>\n<p><span style=\"text-decoration: underline;\"><strong>\u00c1caros<br \/><\/strong><\/span>Os \u00e1caros rastejam pelo corpo e alimentam-se de tecidos, fluidos ou p\u00ealos.<\/p>\n<p><strong><em>Diferentes tipos de \u00e1caros:<\/em><\/strong><\/p>\n<ul>\n<li><strong>Demodex Canis<\/strong>\u00c1caros: Estes \u00e1caros podem causar irrita\u00e7\u00e3o da pele, mas tamb\u00e9m podem ocorrer sem comich\u00e3o.<\/li>\n<li><strong>\u00c1caro da sarna (Sarcoptions scabiei):<\/strong> este \u00e1caro causa comich\u00e3o intensa e \u00e9 altamente contagioso tamb\u00e9m para os seres humanos<\/li>\n<li><strong>\u00c1caros da pelagem (Cheyletiella spp.):<\/strong> Este \u00e1caro est\u00e1 localizado na pelagem e pode causar vermelhid\u00e3o, comich\u00e3o e queda de pelo.<\/li>\n<li><strong>\u00c1caro do outono (Neotrombicula<\/strong> <strong>Autumnalis):<\/strong> Estes \u00e1caros preferem estar perto do \u00e2nus, entre os dedos dos p\u00e9s, nas orelhas ou debaixo do abd\u00f3men.<\/li>\n<li><strong>\u00c1caros da orelha (Otodectes)<\/strong>\u00e1caros que se alojam no canal auditivo do gato e a\u00ed provocam irrita\u00e7\u00e3o e comich\u00e3o.<\/li>\n<\/ul>\n<p><strong>O que fazer com os \u00e1caros?<br \/><\/strong>Suspeita que o seu gato tem \u00e1caros? Contacte o seu veterin\u00e1rio para um diagn\u00f3stico preciso e um tratamento espec\u00edfico.<\/p>\n<h4>&nbsp;<\/h4>\n<h4>Outras causas de comich\u00e3o:<\/h4>\n<p><strong><u>Leveduras (Malassezia)<br \/><\/u><\/strong>A Malassezia est\u00e1 sempre presente na pele. Quando a flora cut\u00e2nea \u00e9 perturbada, a Malassezia pode colonizar a pele, o que \u00e9 acompanhado por muita comich\u00e3o e irrita\u00e7\u00e3o.<\/p>\n<p><strong>O que fazer em rela\u00e7\u00e3o \u00e0 Malassezia?<br \/><\/strong>O importante \u00e9 eliminar a causa. E lavar o gato com um champ\u00f4 especial (Pyomax Skin Shampoo)<\/p>\n<p><strong><u>Infec\u00e7\u00f5es bacterianas<br \/><\/u><\/strong>As infec\u00e7\u00f5es bacterianas podem ser observadas atrav\u00e9s de vermelhid\u00e3o, incha\u00e7o, comich\u00e3o e, por vezes, forma\u00e7\u00e3o de pus. O veterin\u00e1rio pode diagnosticar a infe\u00e7\u00e3o e prescrever o tratamento, que consiste frequentemente em cuidados com a pele, como toalhetes de clorexidina, PyoMax Skin Shampoo e\/ou Mousse e\/ou Brush by Maxani.<\/p>\n<p><strong><u>Ponto de acesso<br \/><\/u><\/strong>Uma mancha criada pelo facto de se co\u00e7ar muito. \u00c9 uma mancha vermelha, h\u00famida e irritada que o seu gato co\u00e7a muito. O co\u00e7ar torna a mancha cada vez pior. Uma mancha pode ter muitas causas, como alergia alimentar, \u00e1caros ou um emaranhado de pelo.<\/p>\n<p><strong>O que fazer num Hotspot:<br \/><\/strong>Para prevenir os pontos quentes, \u00e9 essencial tratar as causas subjacentes, como as causas de comich\u00e3o acima referidas. Se o seu gato desenvolver um Hotspot, consulte o seu veterin\u00e1rio imediatamente para tratamento, mantenha a \u00e1rea limpa e evite co\u00e7ar e lamber para evitar mais irrita\u00e7\u00e3o.<\/p>\n\n\t\t<\/div>\n\t\t\t\t\t<\/div>\n\n\t\n\n\t<div id=\"col-108320753\" class=\"col medium-4 small-12 large-4\"  >\n\t\t\t\t<div class=\"col-inner\"  >\n\t\t\t\n\t\t\t\n\n\t<div class=\"img has-hover x md-x lg-x y md-y lg-y\" id=\"image_890465091\">\n\t\t\t\t\t\t\t\t<div class=\"img-inner dark\" >\n\t\t\t<img loading=\"lazy\" decoding=\"async\" width=\"800\" height=\"800\" src=\"https:\/\/maxani.nl\/wp-content\/uploads\/2023\/07\/Maxani-Honey-O3-gel-50-ml-1-800x800.png\" class=\"attachment-large size-large\" alt=\"\" srcset=\"https:\/\/maxani.nl\/wp-content\/uploads\/2023\/07\/Maxani-Honey-O3-gel-50-ml-1-800x800.png 800w, https:\/\/maxani.nl\/wp-content\/uploads\/2023\/07\/Maxani-Honey-O3-gel-50-ml-1-400x400.png 400w, https:\/\/maxani.nl\/wp-content\/uploads\/2023\/07\/Maxani-Honey-O3-gel-50-ml-1-280x280.png 280w, https:\/\/maxani.nl\/wp-content\/uploads\/2023\/07\/Maxani-Honey-O3-gel-50-ml-1-768x768.png 768w, https:\/\/maxani.nl\/wp-content\/uploads\/2023\/07\/Maxani-Honey-O3-gel-50-ml-1-247x247.png 247w, https:\/\/maxani.nl\/wp-content\/uploads\/2023\/07\/Maxani-Honey-O3-gel-50-ml-1-510x510.png 510w, https:\/\/maxani.nl\/wp-content\/uploads\/2023\/07\/Maxani-Honey-O3-gel-50-ml-1-100x100.png 100w, https:\/\/maxani.nl\/wp-content\/uploads\/2023\/07\/Maxani-Honey-O3-gel-50-ml-1.png 1080w\" sizes=\"auto, (max-width: 800px) 100vw, 800px\" \/>\t\t\t\t\t\t\n\t\t\t\t\t<\/div>\n\t\t\t\t\t\t\t\t\n<style>\n#image_890465091 {\n  width: 100%;\n}\n<\/style>\n\t<\/div>\n\t\n\n\n\t\t<\/div>\n\t\t\t\t\t<\/div>\n\n\t\n\n<\/div>\n\n\t\t<\/div>\n\n\t\t\n<style>\n#section_2108979891 {\n  padding-top: 60px;\n  padding-bottom: 60px;\n  min-height: 300px;\n}\n<\/style>\n\t<\/section>","protected":false},"excerpt":{"rendered":"","protected":false},"author":1,"featured_media":13198,"parent":0,"menu_order":0,"comment_status":"closed","ping_status":"closed","template":"page-blank.php","meta":{"footnotes":""},"class_list":["post-13196","page","type-page","status-publish","has-post-thumbnail","hentry"],"yoast_head":"<!-- This site is optimized with the Yoast SEO plugin v27.1.1 - https:\/\/yoast.com\/product\/yoast-seo-wordpress\/ -->\n<title>Jeuk bij katten - Maxani Animal Healthcare BV<\/title>\n<meta name=\"description\" content=\"Jeuk is een veelvoorkomend probleem bij katten, maar het kan verschillende oorzaken hebben. Zie hier de mogelijke oorzaken\" \/>\n<meta name=\"robots\" content=\"index, follow, max-snippet:-1, max-image-preview:large, max-video-preview:-1\" \/>\n<link rel=\"canonical\" href=\"https:\/\/maxani.nl\/pt\/jeuk-bij-katten\/\" \/>\n<meta property=\"og:locale\" content=\"pt_PT\" \/>\n<meta property=\"og:type\" content=\"article\" \/>\n<meta property=\"og:title\" content=\"Jeuk bij katten - Maxani Animal Healthcare BV\" \/>\n<meta property=\"og:description\" content=\"Jeuk is een veelvoorkomend probleem bij katten, maar het kan verschillende oorzaken hebben. Zie hier de mogelijke oorzaken\" \/>\n<meta property=\"og:url\" content=\"https:\/\/maxani.nl\/pt\/jeuk-bij-katten\/\" \/>\n<meta property=\"og:site_name\" content=\"Maxani Animal Healthcare BV\" \/>\n<meta property=\"article:modified_time\" content=\"2023-10-17T12:51:39+00:00\" \/>\n<meta property=\"og:image\" content=\"https:\/\/maxani.nl\/wp-content\/uploads\/2023\/10\/kat-met-jeuk.png\" \/>\n\t<meta property=\"og:image:width\" content=\"600\" \/>\n\t<meta property=\"og:image:height\" content=\"599\" \/>\n\t<meta property=\"og:image:type\" content=\"image\/png\" \/>\n<meta name=\"twitter:card\" content=\"summary_large_image\" \/>\n<meta name=\"twitter:label1\" content=\"Tempo estimado de leitura\" \/>\n\t<meta name=\"twitter:data1\" content=\"5 minutos\" \/>\n<script type=\"application\/ld+json\" class=\"yoast-schema-graph\">{\"@context\":\"https:\/\/schema.org\",\"@graph\":[{\"@type\":\"WebPage\",\"@id\":\"https:\/\/maxani.nl\/jeuk-bij-katten\/\",\"url\":\"https:\/\/maxani.nl\/jeuk-bij-katten\/\",\"name\":\"Jeuk bij katten - Maxani Animal Healthcare BV\",\"isPartOf\":{\"@id\":\"https:\/\/maxani.nl\/#website\"},\"primaryImageOfPage\":{\"@id\":\"https:\/\/maxani.nl\/jeuk-bij-katten\/#primaryimage\"},\"image\":{\"@id\":\"https:\/\/maxani.nl\/jeuk-bij-katten\/#primaryimage\"},\"thumbnailUrl\":\"https:\/\/maxani.nl\/wp-content\/uploads\/2023\/10\/kat-met-jeuk.png\",\"datePublished\":\"2023-10-16T13:29:11+00:00\",\"dateModified\":\"2023-10-17T12:51:39+00:00\",\"description\":\"Jeuk is een veelvoorkomend probleem bij katten, maar het kan verschillende oorzaken hebben. Zie hier de mogelijke oorzaken\",\"breadcrumb\":{\"@id\":\"https:\/\/maxani.nl\/jeuk-bij-katten\/#breadcrumb\"},\"inLanguage\":\"pt-PT\",\"potentialAction\":[{\"@type\":\"ReadAction\",\"target\":[\"https:\/\/maxani.nl\/jeuk-bij-katten\/\"]}]},{\"@type\":\"ImageObject\",\"inLanguage\":\"pt-PT\",\"@id\":\"https:\/\/maxani.nl\/jeuk-bij-katten\/#primaryimage\",\"url\":\"https:\/\/maxani.nl\/wp-content\/uploads\/2023\/10\/kat-met-jeuk.png\",\"contentUrl\":\"https:\/\/maxani.nl\/wp-content\/uploads\/2023\/10\/kat-met-jeuk.png\",\"width\":600,\"height\":599,\"caption\":\"jeuk bij katten\"},{\"@type\":\"BreadcrumbList\",\"@id\":\"https:\/\/maxani.nl\/jeuk-bij-katten\/#breadcrumb\",\"itemListElement\":[{\"@type\":\"ListItem\",\"position\":1,\"name\":\"Home\",\"item\":\"https:\/\/maxani.nl\/\"},{\"@type\":\"ListItem\",\"position\":2,\"name\":\"Jeuk bij katten\"}]},{\"@type\":\"WebSite\",\"@id\":\"https:\/\/maxani.nl\/#website\",\"url\":\"https:\/\/maxani.nl\/\",\"name\":\"Maxani Animal Healthcare BV\",\"description\":\"Uw partner in veterinaire dermatologie\",\"potentialAction\":[{\"@type\":\"SearchAction\",\"target\":{\"@type\":\"EntryPoint\",\"urlTemplate\":\"https:\/\/maxani.nl\/?s={search_term_string}\"},\"query-input\":{\"@type\":\"PropertyValueSpecification\",\"valueRequired\":true,\"valueName\":\"search_term_string\"}}],\"inLanguage\":\"pt-PT\"}]}<\/script>\n<!-- \/ Yoast SEO plugin. -->","yoast_head_json":{"title":"Jeuk bij katten - Maxani Animal Healthcare BV","description":"Jeuk is een veelvoorkomend probleem bij katten, maar het kan verschillende oorzaken hebben. Zie hier de mogelijke oorzaken","robots":{"index":"index","follow":"follow","max-snippet":"max-snippet:-1","max-image-preview":"max-image-preview:large","max-video-preview":"max-video-preview:-1"},"canonical":"https:\/\/maxani.nl\/pt\/jeuk-bij-katten\/","og_locale":"pt_PT","og_type":"article","og_title":"Jeuk bij katten - Maxani Animal Healthcare BV","og_description":"Jeuk is een veelvoorkomend probleem bij katten, maar het kan verschillende oorzaken hebben. Zie hier de mogelijke oorzaken","og_url":"https:\/\/maxani.nl\/pt\/jeuk-bij-katten\/","og_site_name":"Maxani Animal Healthcare BV","article_modified_time":"2023-10-17T12:51:39+00:00","og_image":[{"width":600,"height":599,"url":"https:\/\/maxani.nl\/wp-content\/uploads\/2023\/10\/kat-met-jeuk.png","type":"image\/png"}],"twitter_card":"summary_large_image","twitter_misc":{"Tempo estimado de leitura":"5 minutos"},"schema":{"@context":"https:\/\/schema.org","@graph":[{"@type":"WebPage","@id":"https:\/\/maxani.nl\/jeuk-bij-katten\/","url":"https:\/\/maxani.nl\/jeuk-bij-katten\/","name":"Jeuk bij katten - Maxani Animal Healthcare BV","isPartOf":{"@id":"https:\/\/maxani.nl\/#website"},"primaryImageOfPage":{"@id":"https:\/\/maxani.nl\/jeuk-bij-katten\/#primaryimage"},"image":{"@id":"https:\/\/maxani.nl\/jeuk-bij-katten\/#primaryimage"},"thumbnailUrl":"https:\/\/maxani.nl\/wp-content\/uploads\/2023\/10\/kat-met-jeuk.png","datePublished":"2023-10-16T13:29:11+00:00","dateModified":"2023-10-17T12:51:39+00:00","description":"Jeuk is een veelvoorkomend probleem bij katten, maar het kan verschillende oorzaken hebben. Zie hier de mogelijke oorzaken","breadcrumb":{"@id":"https:\/\/maxani.nl\/jeuk-bij-katten\/#breadcrumb"},"inLanguage":"pt-PT","potentialAction":[{"@type":"ReadAction","target":["https:\/\/maxani.nl\/jeuk-bij-katten\/"]}]},{"@type":"ImageObject","inLanguage":"pt-PT","@id":"https:\/\/maxani.nl\/jeuk-bij-katten\/#primaryimage","url":"https:\/\/maxani.nl\/wp-content\/uploads\/2023\/10\/kat-met-jeuk.png","contentUrl":"https:\/\/maxani.nl\/wp-content\/uploads\/2023\/10\/kat-met-jeuk.png","width":600,"height":599,"caption":"jeuk bij katten"},{"@type":"BreadcrumbList","@id":"https:\/\/maxani.nl\/jeuk-bij-katten\/#breadcrumb","itemListElement":[{"@type":"ListItem","position":1,"name":"Home","item":"https:\/\/maxani.nl\/"},{"@type":"ListItem","position":2,"name":"Jeuk bij katten"}]},{"@type":"WebSite","@id":"https:\/\/maxani.nl\/#website","url":"https:\/\/maxani.nl\/","name":"Maxani Animal Healthcare BV","description":"O seu parceiro em dermatologia veterin\u00e1ria","potentialAction":[{"@type":"SearchAction","target":{"@type":"EntryPoint","urlTemplate":"https:\/\/maxani.nl\/?s={search_term_string}"},"query-input":{"@type":"PropertyValueSpecification","valueRequired":true,"valueName":"search_term_string"}}],"inLanguage":"pt-PT"}]}},"jetpack_sharing_enabled":true,"_links":{"self":[{"href":"https:\/\/maxani.nl\/pt\/wp-json\/wp\/v2\/pages\/13196","targetHints":{"allow":["GET"]}}],"collection":[{"href":"https:\/\/maxani.nl\/pt\/wp-json\/wp\/v2\/pages"}],"about":[{"href":"https:\/\/maxani.nl\/pt\/wp-json\/wp\/v2\/types\/page"}],"author":[{"embeddable":true,"href":"https:\/\/maxani.nl\/pt\/wp-json\/wp\/v2\/users\/1"}],"replies":[{"embeddable":true,"href":"https:\/\/maxani.nl\/pt\/wp-json\/wp\/v2\/comments?post=13196"}],"version-history":[{"count":6,"href":"https:\/\/maxani.nl\/pt\/wp-json\/wp\/v2\/pages\/13196\/revisions"}],"predecessor-version":[{"id":13217,"href":"https:\/\/maxani.nl\/pt\/wp-json\/wp\/v2\/pages\/13196\/revisions\/13217"}],"wp:featuredmedia":[{"embeddable":true,"href":"https:\/\/maxani.nl\/pt\/wp-json\/wp\/v2\/media\/13198"}],"wp:attachment":[{"href":"https:\/\/maxani.nl\/pt\/wp-json\/wp\/v2\/media?parent=13196"}],"curies":[{"name":"wp","href":"https:\/\/api.w.org\/{rel}","templated":true}]}}