{"id":12564,"date":"2023-07-16T12:32:25","date_gmt":"2023-07-16T12:32:25","guid":{"rendered":"https:\/\/maxani.nl\/?page_id=12564"},"modified":"2023-07-16T13:19:07","modified_gmt":"2023-07-16T13:19:07","slug":"pootjes","status":"publish","type":"page","link":"https:\/\/maxani.nl\/pt\/pootjes\/","title":{"rendered":"Pootjes"},"content":{"rendered":"<section class=\"section\" id=\"section_510482592\">\n\t\t<div class=\"section-bg fill\" >\n\t\t\t<img loading=\"lazy\" decoding=\"async\" width=\"1718\" height=\"2560\" src=\"https:\/\/maxani.nl\/wp-content\/uploads\/2023\/07\/Achtergrond-voor-website-Maxani2-scaled.jpg\" class=\"bg attachment-original size-original\" alt=\"\" \/>\t\t\t\t\t\t\n\t\t\t\n\t<div class=\"is-border\"\n\t\tstyle=\"border-color:rgb(235, 235, 235);border-width:1px 0px 0px 0px;\">\n\t<\/div>\n\n\t\t<\/div>\n\n\t\t\n\n\t\t<div class=\"section-content relative\">\n\t\t\t\n\n<div class=\"row\"  id=\"row-587606858\">\n\n\n\t<div id=\"col-1188056634\" class=\"col medium-6 small-12 large-6\"  >\n\t\t\t\t<div class=\"col-inner\"  >\n\t\t\t\n\t\t\t\n\n<div class=\"pp-heading  pp-center\">\n<div class=\"pp-heading  pp-center\">\n<h1 class=\"heading-title\"><span class=\"title-text pp-primary-title\">Bolas Footbruiser<\/span><\/h1>\n<\/div>\n<div class=\"pp-sub-heading\">\n<p>As bolas de spray para p\u00e9s podem ser utilizadas como um banho de p\u00e9s purificante para limpar a pele afetada das patas ou solas. Por exemplo, em infec\u00e7\u00f5es ligeiras entre os dedos dos p\u00e9s, cut\u00edculas inflamadas, unhas rasgadas ou partidas e irrita\u00e7\u00f5es ligeiras das solas e patas. No caso de inflama\u00e7\u00f5es, como por exemplo devido a um pelo de erva, as bolas efervescentes podem ajudar, embebendo e limpando a pata, para al\u00e9m de qualquer medica\u00e7\u00e3o. As bolas Foot Bruis s\u00e3o um excelente substituto para os banhos de soda ou Biotex. A combina\u00e7\u00e3o \u00fanica de limpeza, condicionamento e hidrata\u00e7\u00e3o contribui para uma recupera\u00e7\u00e3o pr\u00f3spera.<\/p>\n<div class=\"pp-heading  pp-left\">\n<p class=\"heading-title\"><span class=\"title-text pp-primary-title\"><strong>Funcionamento:<\/strong> <\/span>A camomila e a cal\u00eandula t\u00eam efeitos anti-inflamat\u00f3rios, nutritivos e calmantes. O efeito purificador do sal do Mar Morto alivia a irrita\u00e7\u00e3o da pele e as erup\u00e7\u00f5es cut\u00e2neas. O sal tamb\u00e9m estimula a circula\u00e7\u00e3o sangu\u00ednea, permitindo que mais nutrientes e oxig\u00e9nio sejam absorvidos pela pele. O bicarbonato de s\u00f3dio decomp\u00f5e as prote\u00ednas, eliminando as bact\u00e9rias e impedindo que novas bact\u00e9rias tenham hip\u00f3tese de se fixar. A vitamina E \u00e9 um antioxidante que refor\u00e7a a barreira cut\u00e2nea e protege contra os danos da pele. O equil\u00edbrio da hidrata\u00e7\u00e3o da pele \u00e9 mantido pela adi\u00e7\u00e3o de \u00f3leo de soja.<\/p>\n<\/div>\n<div class=\"pp-sub-heading\">\n<div class=\"fl-col fl-node-5daece82de943 fl-col-small\" data-node=\"5daece82de943\">\n<div class=\"fl-col-content fl-node-content\">\n<div class=\"fl-module fl-module-pp-heading fl-node-5daecc507c1b2\" data-node=\"5daecc507c1b2\">\n<div class=\"fl-module-content fl-node-content\">\n<div class=\"pp-heading-content\">\n<div class=\"pp-heading  pp-left\">\n<p class=\"heading-title\"><span class=\"title-text pp-primary-title\"><strong>Utiliza\u00e7\u00e3o:<\/strong> <\/span>Dissolver 1 bola em 1 a 2 litros de \u00e1gua morna. Mergulhar a pata no banho durante 5 a 10 minutos, uma ou duas vezes por dia. Em seguida, secar a pata com uma toalha limpa. As Foot Bruising Balls podem ser utilizadas tantas vezes e durante tanto tempo quanto necess\u00e1rio.\u00a0<\/p>\n<\/div>\n<\/div>\n<\/div>\n<\/div>\n<\/div>\n<\/div>\n<div class=\"fl-col fl-node-5daeceb36fb02\" data-node=\"5daeceb36fb02\">\n<div class=\"fl-col-content fl-node-content\">\n<div class=\"fl-module fl-module-pp-heading fl-node-5daeceb36fa6b\" data-node=\"5daeceb36fa6b\">\n<div class=\"fl-module-content fl-node-content\">\n<div class=\"pp-heading-content\">\n<div class=\"pp-heading  pp-left\">\n<h3 class=\"heading-title\"><span class=\"title-text pp-primary-title\">Vitamina E<\/span><\/h3>\n<\/div>\n<div class=\"pp-sub-heading\">\n<p>A vitamina E est\u00e1 presente em v\u00e1rios produtos Maxani porque desempenha um papel importante na prote\u00e7\u00e3o da pele contra as influ\u00eancias externas. A vitamina E n\u00e3o pode ser produzida pelo pr\u00f3prio corpo e \u00e9, por isso, uma adi\u00e7\u00e3o essencial aos produtos. A vitamina E \u00e9 um antioxidante e, tal como a vitamina C e a vitamina B2, protege o seu corpo dos radicais livres. Os radicais livres s\u00e3o subst\u00e2ncias agressivas que podem danificar os tecidos e as c\u00e9lulas. Podem ser criados por influ\u00eancias externas nocivas. Um excesso de radicais livres no corpo pode causar a interrup\u00e7\u00e3o de todos os tipos de processos corporais. A vitamina E contribui para uma forte barreira cut\u00e2nea, pelo que as patas ficam menos vulner\u00e1veis ap\u00f3s o tratamento com as Foot Bruising Balls.\u00a0<\/p>\n<\/div>\n<\/div>\n<\/div>\n<\/div>\n<\/div>\n<\/div>\n<\/div>\n<\/div>\n<\/div>\n\n\t\t<\/div>\n\t\t\t\t\t<\/div>\n\n\t\n\n\t<div id=\"col-164410998\" class=\"col medium-1 small-12 large-1\"  >\n\t\t\t\t<div class=\"col-inner\"  >\n\t\t\t\n\t\t\t\n\n\n\t\t<\/div>\n\t\t\t\t\t<\/div>\n\n\t\n\n\t<div id=\"col-1732259235\" class=\"col medium-5 small-12 large-5\"  >\n\t\t\t\t<div class=\"col-inner\"  >\n\t\t\t\n\t\t\t\n\n\t<div class=\"img has-hover x md-x lg-x y md-y lg-y\" id=\"image_1911018441\">\n\t\t\t\t\t\t\t\t<div class=\"img-inner dark\" >\n\t\t\t<img loading=\"lazy\" decoding=\"async\" width=\"800\" height=\"800\" src=\"https:\/\/maxani.nl\/wp-content\/uploads\/2023\/07\/Maxani-voetbruisballetjes-800x800.png\" class=\"attachment-large size-large\" alt=\"\" srcset=\"https:\/\/maxani.nl\/wp-content\/uploads\/2023\/07\/Maxani-voetbruisballetjes-800x800.png 800w, https:\/\/maxani.nl\/wp-content\/uploads\/2023\/07\/Maxani-voetbruisballetjes-400x400.png 400w, https:\/\/maxani.nl\/wp-content\/uploads\/2023\/07\/Maxani-voetbruisballetjes-280x280.png 280w, https:\/\/maxani.nl\/wp-content\/uploads\/2023\/07\/Maxani-voetbruisballetjes-768x768.png 768w, https:\/\/maxani.nl\/wp-content\/uploads\/2023\/07\/Maxani-voetbruisballetjes-247x247.png 247w, https:\/\/maxani.nl\/wp-content\/uploads\/2023\/07\/Maxani-voetbruisballetjes-510x510.png 510w, https:\/\/maxani.nl\/wp-content\/uploads\/2023\/07\/Maxani-voetbruisballetjes-100x100.png 100w, https:\/\/maxani.nl\/wp-content\/uploads\/2023\/07\/Maxani-voetbruisballetjes.png 1080w\" sizes=\"auto, (max-width: 800px) 100vw, 800px\" \/>\t\t\t\t\t\t\n\t\t\t\t\t<\/div>\n\t\t\t\t\t\t\t\t\n<style>\n#image_1911018441 {\n  width: 100%;\n}\n<\/style>\n\t<\/div>\n\t\n\n\n\t\t<\/div>\n\t\t\t\t\t<\/div>\n\n\t\n\n<\/div>\n\n\t\t<\/div>\n\n\t\t\n<style>\n#section_510482592 {\n  padding-top: 60px;\n  padding-bottom: 60px;\n  min-height: 300px;\n}\n<\/style>\n\t<\/section>","protected":false},"excerpt":{"rendered":"","protected":false},"author":1,"featured_media":0,"parent":0,"menu_order":0,"comment_status":"closed","ping_status":"closed","template":"page-blank.php","meta":{"footnotes":""},"class_list":["post-12564","page","type-page","status-publish","hentry"],"yoast_head":"<!-- This site is optimized with the Yoast SEO plugin v27.1.1 - https:\/\/yoast.com\/product\/yoast-seo-wordpress\/ -->\n<title>Pootjes - Maxani Animal Healthcare BV<\/title>\n<meta name=\"robots\" content=\"index, follow, max-snippet:-1, max-image-preview:large, max-video-preview:-1\" \/>\n<link rel=\"canonical\" href=\"https:\/\/maxani.nl\/pt\/pootjes\/\" \/>\n<meta property=\"og:locale\" content=\"pt_PT\" \/>\n<meta property=\"og:type\" content=\"article\" \/>\n<meta property=\"og:title\" content=\"Pootjes - Maxani Animal Healthcare BV\" \/>\n<meta property=\"og:url\" content=\"https:\/\/maxani.nl\/pt\/pootjes\/\" \/>\n<meta property=\"og:site_name\" content=\"Maxani Animal Healthcare BV\" \/>\n<meta property=\"article:modified_time\" content=\"2023-07-16T13:19:07+00:00\" \/>\n<meta name=\"twitter:card\" content=\"summary_large_image\" \/>\n<script type=\"application\/ld+json\" class=\"yoast-schema-graph\">{\"@context\":\"https:\/\/schema.org\",\"@graph\":[{\"@type\":\"WebPage\",\"@id\":\"https:\/\/maxani.nl\/pootjes\/\",\"url\":\"https:\/\/maxani.nl\/pootjes\/\",\"name\":\"Pootjes - Maxani Animal Healthcare BV\",\"isPartOf\":{\"@id\":\"https:\/\/maxani.nl\/#website\"},\"datePublished\":\"2023-07-16T12:32:25+00:00\",\"dateModified\":\"2023-07-16T13:19:07+00:00\",\"breadcrumb\":{\"@id\":\"https:\/\/maxani.nl\/pootjes\/#breadcrumb\"},\"inLanguage\":\"pt-PT\",\"potentialAction\":[{\"@type\":\"ReadAction\",\"target\":[\"https:\/\/maxani.nl\/pootjes\/\"]}]},{\"@type\":\"BreadcrumbList\",\"@id\":\"https:\/\/maxani.nl\/pootjes\/#breadcrumb\",\"itemListElement\":[{\"@type\":\"ListItem\",\"position\":1,\"name\":\"Home\",\"item\":\"https:\/\/maxani.nl\/\"},{\"@type\":\"ListItem\",\"position\":2,\"name\":\"Pootjes\"}]},{\"@type\":\"WebSite\",\"@id\":\"https:\/\/maxani.nl\/#website\",\"url\":\"https:\/\/maxani.nl\/\",\"name\":\"Maxani Animal Healthcare BV\",\"description\":\"Uw partner in veterinaire dermatologie\",\"potentialAction\":[{\"@type\":\"SearchAction\",\"target\":{\"@type\":\"EntryPoint\",\"urlTemplate\":\"https:\/\/maxani.nl\/?s={search_term_string}\"},\"query-input\":{\"@type\":\"PropertyValueSpecification\",\"valueRequired\":true,\"valueName\":\"search_term_string\"}}],\"inLanguage\":\"pt-PT\"}]}<\/script>\n<!-- \/ Yoast SEO plugin. -->","yoast_head_json":{"title":"Pootjes - Maxani Animal Healthcare BV","robots":{"index":"index","follow":"follow","max-snippet":"max-snippet:-1","max-image-preview":"max-image-preview:large","max-video-preview":"max-video-preview:-1"},"canonical":"https:\/\/maxani.nl\/pt\/pootjes\/","og_locale":"pt_PT","og_type":"article","og_title":"Pootjes - Maxani Animal Healthcare BV","og_url":"https:\/\/maxani.nl\/pt\/pootjes\/","og_site_name":"Maxani Animal Healthcare BV","article_modified_time":"2023-07-16T13:19:07+00:00","twitter_card":"summary_large_image","schema":{"@context":"https:\/\/schema.org","@graph":[{"@type":"WebPage","@id":"https:\/\/maxani.nl\/pootjes\/","url":"https:\/\/maxani.nl\/pootjes\/","name":"Pootjes - Maxani Animal Healthcare BV","isPartOf":{"@id":"https:\/\/maxani.nl\/#website"},"datePublished":"2023-07-16T12:32:25+00:00","dateModified":"2023-07-16T13:19:07+00:00","breadcrumb":{"@id":"https:\/\/maxani.nl\/pootjes\/#breadcrumb"},"inLanguage":"pt-PT","potentialAction":[{"@type":"ReadAction","target":["https:\/\/maxani.nl\/pootjes\/"]}]},{"@type":"BreadcrumbList","@id":"https:\/\/maxani.nl\/pootjes\/#breadcrumb","itemListElement":[{"@type":"ListItem","position":1,"name":"Home","item":"https:\/\/maxani.nl\/"},{"@type":"ListItem","position":2,"name":"Pootjes"}]},{"@type":"WebSite","@id":"https:\/\/maxani.nl\/#website","url":"https:\/\/maxani.nl\/","name":"Maxani Animal Healthcare BV","description":"O seu parceiro em dermatologia veterin\u00e1ria","potentialAction":[{"@type":"SearchAction","target":{"@type":"EntryPoint","urlTemplate":"https:\/\/maxani.nl\/?s={search_term_string}"},"query-input":{"@type":"PropertyValueSpecification","valueRequired":true,"valueName":"search_term_string"}}],"inLanguage":"pt-PT"}]}},"jetpack_sharing_enabled":true,"_links":{"self":[{"href":"https:\/\/maxani.nl\/pt\/wp-json\/wp\/v2\/pages\/12564","targetHints":{"allow":["GET"]}}],"collection":[{"href":"https:\/\/maxani.nl\/pt\/wp-json\/wp\/v2\/pages"}],"about":[{"href":"https:\/\/maxani.nl\/pt\/wp-json\/wp\/v2\/types\/page"}],"author":[{"embeddable":true,"href":"https:\/\/maxani.nl\/pt\/wp-json\/wp\/v2\/users\/1"}],"replies":[{"embeddable":true,"href":"https:\/\/maxani.nl\/pt\/wp-json\/wp\/v2\/comments?post=12564"}],"version-history":[{"count":2,"href":"https:\/\/maxani.nl\/pt\/wp-json\/wp\/v2\/pages\/12564\/revisions"}],"predecessor-version":[{"id":12594,"href":"https:\/\/maxani.nl\/pt\/wp-json\/wp\/v2\/pages\/12564\/revisions\/12594"}],"wp:attachment":[{"href":"https:\/\/maxani.nl\/pt\/wp-json\/wp\/v2\/media?parent=12564"}],"curies":[{"name":"wp","href":"https:\/\/api.w.org\/{rel}","templated":true}]}}