{"id":12558,"date":"2023-07-16T12:30:29","date_gmt":"2023-07-16T12:30:29","guid":{"rendered":"https:\/\/maxani.nl\/?page_id=12558"},"modified":"2023-07-16T13:10:52","modified_gmt":"2023-07-16T13:10:52","slug":"wond-en-huidplooi","status":"publish","type":"page","link":"https:\/\/maxani.nl\/pt\/wond-en-huidplooi\/","title":{"rendered":"Ferida e prega cut\u00e2nea"},"content":{"rendered":"<section class=\"section\" id=\"section_1218869715\">\n\t\t<div class=\"section-bg fill\" >\n\t\t\t<img loading=\"lazy\" decoding=\"async\" width=\"1718\" height=\"2560\" src=\"https:\/\/maxani.nl\/wp-content\/uploads\/2023\/07\/Achtergrond-voor-website-Maxani2-scaled.jpg\" class=\"bg attachment-original size-original\" alt=\"\" \/>\t\t\t\t\t\t\n\t\t\t\n\t<div class=\"is-border\"\n\t\tstyle=\"border-color:rgb(235, 235, 235);border-width:1px 0px 0px 0px;\">\n\t<\/div>\n\n\t\t<\/div>\n\n\t\t\n\n\t\t<div class=\"section-content relative\">\n\t\t\t\n\n<div class=\"row\"  id=\"row-1408311617\">\n\n\n\t<div id=\"col-909507816\" class=\"col medium-6 small-12 large-6\"  >\n\t\t\t\t<div class=\"col-inner\"  >\n\t\t\t\n\t\t\t\n\n<div class=\"pp-heading  pp-center\">\n<h1 class=\"heading-title\"><span class=\"title-text pp-primary-title\">Ferida e prega cut\u00e2nea<\/span><\/h1>\n<\/div>\n<div class=\"pp-sub-heading\">\n<p>A gama de cuidados para feridas e dobras cut\u00e2neas da Maxani consiste em produtos de limpeza, antibacterianos e calmantes. Todos os produtos s\u00e3o enriquecidos com glicerina; uma subst\u00e2ncia que proporciona hidrata\u00e7\u00e3o e um ambiente h\u00famido \u00e0 ferida, levando a uma cicatriza\u00e7\u00e3o mais r\u00e1pida. A cicatriza\u00e7\u00e3o num ambiente h\u00famido estimula a prolifera\u00e7\u00e3o de fibroblastos, que comp\u00f5em os elementos da nova matriz extracelular da pele (colag\u00e9nio e fibras) para permitir a cicatriza\u00e7\u00e3o da ferida.\u00a0<\/p>\n<\/div>\n\n\t\t<\/div>\n\t\t\t\t\t<\/div>\n\n\t\n\n\t<div id=\"col-1959831347\" class=\"col medium-6 small-12 large-6\"  >\n\t\t\t\t<div class=\"col-inner\"  >\n\t\t\t\n\t\t\t\n\n\n\t\t<\/div>\n\t\t\t\t\t<\/div>\n\n\t\n\n<\/div>\n<div class=\"text-center\"><div class=\"is-divider divider clearfix\" style=\"max-width:1100px;height:2px;\"><\/div><\/div>\n\n\t<div id=\"gap-70443338\" class=\"gap-element clearfix\" style=\"display:block; height:auto;\">\n\t\t\n<style>\n#gap-70443338 {\n  padding-top: 20px;\n}\n<\/style>\n\t<\/div>\n\t\n\n<div class=\"row\"  id=\"row-1856618904\">\n\n\n\t<div id=\"col-1282458338\" class=\"col medium-6 small-12 large-6\"  >\n\t\t\t\t<div class=\"col-inner\"  >\n\t\t\t\n\t\t\t\n\n<div class=\"pp-heading  pp-center\">\n<div class=\"pp-heading  pp-left\">\n<h2 class=\"heading-title\"><span class=\"title-text pp-primary-title\">Toalhetes de clorexidina<\/span><\/h2>\n<\/div>\n<div class=\"pp-sub-heading\">\n<p>Os toalhetes de clorexidina foram concebidos para limpar e cuidar de \u00e1reas dif\u00edceis de alcan\u00e7ar, como as dobras cut\u00e2neas. Os toalhetes n\u00e3o cont\u00eam \u00e1lcool e a adi\u00e7\u00e3o de vitamina E, alo\u00e9 vera e glicerina hidrata e cuida da pele.<\/p>\n<p><strong>Utiliza\u00e7\u00e3o<\/strong>Utiliza\u00e7\u00e3o: A utiliza\u00e7\u00e3o depende da doen\u00e7a, da gravidade da queixa e do objetivo do tratamento. Recomendamos a limpeza com os toalhetes pelo menos uma ou duas vezes por dia em caso de infe\u00e7\u00e3o cut\u00e2nea. Como manuten\u00e7\u00e3o, os toalhetes podem ser utilizados v\u00e1rias vezes por semana. Esfregar cuidadosamente os toalhetes nas dobras da pele. N\u00e3o \u00e9 necess\u00e1rio enxaguar e a pele seca sozinha.\u00a0<\/p>\n<p><strong>Carater\u00edsticas<\/strong>: O Alo\u00e9 vera e a vitamina E acalmam a pele e contribuem para a sua capacidade de repara\u00e7\u00e3o. A clorexidina actua contra um amplo espetro de microorganismos indesej\u00e1veis. O \u00e1cido benzoico tem atividade antibacteriana, reduz o sebo e tem propriedades queratol\u00edticas e anti-inflamat\u00f3rias.<\/p>\n<\/div>\n<\/div>\n\n\t\t<\/div>\n\t\t\t\t\t<\/div>\n\n\t\n\n\t<div id=\"col-1360174253\" class=\"col medium-1 small-12 large-1\"  >\n\t\t\t\t<div class=\"col-inner\"  >\n\t\t\t\n\t\t\t\n\n\n\t\t<\/div>\n\t\t\t\t\t<\/div>\n\n\t\n\n\t<div id=\"col-163935657\" class=\"col medium-5 small-12 large-5\"  >\n\t\t\t\t<div class=\"col-inner\"  >\n\t\t\t\n\t\t\t\n\n\t<div class=\"img has-hover x md-x lg-x y md-y lg-y\" id=\"image_1452686995\">\n\t\t\t\t\t\t\t\t<div class=\"img-inner dark\" >\n\t\t\t<img loading=\"lazy\" decoding=\"async\" width=\"800\" height=\"800\" src=\"https:\/\/maxani.nl\/wp-content\/uploads\/2023\/07\/Maxani-chloorhexidine-wipes-800x800.png\" class=\"attachment-large size-large\" alt=\"\" srcset=\"https:\/\/maxani.nl\/wp-content\/uploads\/2023\/07\/Maxani-chloorhexidine-wipes-800x800.png 800w, https:\/\/maxani.nl\/wp-content\/uploads\/2023\/07\/Maxani-chloorhexidine-wipes-400x400.png 400w, https:\/\/maxani.nl\/wp-content\/uploads\/2023\/07\/Maxani-chloorhexidine-wipes-280x280.png 280w, https:\/\/maxani.nl\/wp-content\/uploads\/2023\/07\/Maxani-chloorhexidine-wipes-768x768.png 768w, https:\/\/maxani.nl\/wp-content\/uploads\/2023\/07\/Maxani-chloorhexidine-wipes-247x247.png 247w, https:\/\/maxani.nl\/wp-content\/uploads\/2023\/07\/Maxani-chloorhexidine-wipes-510x510.png 510w, https:\/\/maxani.nl\/wp-content\/uploads\/2023\/07\/Maxani-chloorhexidine-wipes-100x100.png 100w, https:\/\/maxani.nl\/wp-content\/uploads\/2023\/07\/Maxani-chloorhexidine-wipes.png 1080w\" sizes=\"auto, (max-width: 800px) 100vw, 800px\" \/>\t\t\t\t\t\t\n\t\t\t\t\t<\/div>\n\t\t\t\t\t\t\t\t\n<style>\n#image_1452686995 {\n  width: 100%;\n}\n<\/style>\n\t<\/div>\n\t\n\n\n\t\t<\/div>\n\t\t\t\t\t<\/div>\n\n\t\n\n<\/div>\n<div class=\"text-center\"><div class=\"is-divider divider clearfix\" style=\"max-width:1100px;height:2px;\"><\/div><\/div>\n\n\t<div id=\"gap-1277368779\" class=\"gap-element clearfix\" style=\"display:block; height:auto;\">\n\t\t\n<style>\n#gap-1277368779 {\n  padding-top: 20px;\n}\n<\/style>\n\t<\/div>\n\t\n\n<div class=\"row\"  id=\"row-849584609\">\n\n\n\t<div id=\"col-1091482443\" class=\"col medium-6 small-12 large-6\"  >\n\t\t\t\t<div class=\"col-inner\"  >\n\t\t\t\n\t\t\t\n\n<div class=\"pp-heading  pp-center\">\n<div class=\"pp-heading  pp-left\">\n<div class=\"pp-heading  pp-left\">\n<h2 class=\"heading-title\"><span class=\"title-text pp-primary-title\">Spray de limpeza<\/span><\/h2>\n<\/div>\n<div class=\"pp-sub-heading\">\n<p>O spray Cleanser limpa e enxagua a pele e\/ou a ferida, apoiando assim a capacidade de cicatriza\u00e7\u00e3o da pele. Os res\u00edduos, as prote\u00ednas e as gorduras s\u00e3o dissolvidos e a pele circundante \u00e9 cuidada e protegida. Desta forma, a sujidade e os microrganismos s\u00e3o eliminados.<\/p>\n<p><strong>Utiliza\u00e7\u00e3o<\/strong>Pulverizar o spray Cleanser 2 a 3 vezes por dia na \u00e1rea a ser limpa, depois esperar 5 minutos e, se necess\u00e1rio, aplicar o gel de mel Maxani contra a pele sens\u00edvel e\/ou irritada ou para uma melhor cicatriza\u00e7\u00e3o da ferida em caso de comich\u00e3o ligeira. Apenas para uso externo.<\/p>\n<p><strong>Carater\u00edsticas<\/strong>: A clorexidina \u00e9 uma bisbiguanida com atividade antimicrobiana contra certos tipos de bact\u00e9rias e fungos. Diminui a acidez e danifica a parede celular destes microrganismos. A clorexidina tamb\u00e9m proporciona uma a\u00e7\u00e3o anti-s\u00e9ptica suave, prevenindo a contamina\u00e7\u00e3o. O spray dissolve os res\u00edduos, as prote\u00ednas e as gorduras e condiciona a pele circundante.\u00a0<\/p>\n<\/div>\n<\/div>\n<\/div>\n\n\t\t<\/div>\n\t\t\t\t\t<\/div>\n\n\t\n\n\t<div id=\"col-542047604\" class=\"col medium-1 small-12 large-1\"  >\n\t\t\t\t<div class=\"col-inner\"  >\n\t\t\t\n\t\t\t\n\n\n\t\t<\/div>\n\t\t\t\t\t<\/div>\n\n\t\n\n\t<div id=\"col-1705611064\" class=\"col medium-5 small-12 large-5\"  >\n\t\t\t\t<div class=\"col-inner\"  >\n\t\t\t\n\t\t\t\n\n\t<div class=\"img has-hover x md-x lg-x y md-y lg-y\" id=\"image_1635909596\">\n\t\t\t\t\t\t\t\t<div class=\"img-inner dark\" >\n\t\t\t<img loading=\"lazy\" decoding=\"async\" width=\"800\" height=\"800\" src=\"https:\/\/maxani.nl\/wp-content\/uploads\/2023\/07\/Maxani-cleanser-spray-250-ml-800x800.png\" class=\"attachment-large size-large\" alt=\"\" srcset=\"https:\/\/maxani.nl\/wp-content\/uploads\/2023\/07\/Maxani-cleanser-spray-250-ml-800x800.png 800w, https:\/\/maxani.nl\/wp-content\/uploads\/2023\/07\/Maxani-cleanser-spray-250-ml-400x400.png 400w, https:\/\/maxani.nl\/wp-content\/uploads\/2023\/07\/Maxani-cleanser-spray-250-ml-280x280.png 280w, https:\/\/maxani.nl\/wp-content\/uploads\/2023\/07\/Maxani-cleanser-spray-250-ml-768x768.png 768w, https:\/\/maxani.nl\/wp-content\/uploads\/2023\/07\/Maxani-cleanser-spray-250-ml-247x247.png 247w, https:\/\/maxani.nl\/wp-content\/uploads\/2023\/07\/Maxani-cleanser-spray-250-ml-510x510.png 510w, https:\/\/maxani.nl\/wp-content\/uploads\/2023\/07\/Maxani-cleanser-spray-250-ml-100x100.png 100w, https:\/\/maxani.nl\/wp-content\/uploads\/2023\/07\/Maxani-cleanser-spray-250-ml.png 1080w\" sizes=\"auto, (max-width: 800px) 100vw, 800px\" \/>\t\t\t\t\t\t\n\t\t\t\t\t<\/div>\n\t\t\t\t\t\t\t\t\n<style>\n#image_1635909596 {\n  width: 100%;\n}\n<\/style>\n\t<\/div>\n\t\n\n\n\t\t<\/div>\n\t\t\t\t\t<\/div>\n\n\t\n\n<\/div>\n<div class=\"text-center\"><div class=\"is-divider divider clearfix\" style=\"max-width:1100px;height:2px;\"><\/div><\/div>\n\n\t<div id=\"gap-1916295030\" class=\"gap-element clearfix\" style=\"display:block; height:auto;\">\n\t\t\n<style>\n#gap-1916295030 {\n  padding-top: 20px;\n}\n<\/style>\n\t<\/div>\n\t\n\n<div class=\"row\"  id=\"row-1254170154\">\n\n\n\t<div id=\"col-160487765\" class=\"col medium-6 small-12 large-6\"  >\n\t\t\t\t<div class=\"col-inner\"  >\n\t\t\t\n\t\t\t\n\n<div class=\"pp-heading  pp-center\">\n<div class=\"pp-heading  pp-left\">\n<div class=\"pp-heading  pp-left\">\n<div class=\"pp-heading  pp-left\">\n<h2 class=\"heading-title\"><span class=\"title-text pp-primary-title\">Gel de mel<\/span><\/h2>\n<\/div>\n<div class=\"pp-sub-heading\">\n<p>O Honey Gel cont\u00e9m 45% de mel puro e tem propriedades antibacterianas e calmantes. \u00c9 utilizado para tratar a pele danificada ou \u00e1spera. O gel de mel \u00e9 um produto natural e apoia a capacidade de cicatriza\u00e7\u00e3o da pele.<\/p>\n<p><strong>Utiliza\u00e7\u00e3o<\/strong>: Aplicar uma camada fina sobre a pele afetada uma ou duas vezes por dia e cobrir com uma ligadura, se necess\u00e1rio. O gel adere bem tanto \u00e0s feridas secas como \u00e0s h\u00famidas. Se for utilizado um penso, o gel de mel e o penso devem ser mudados cada 24 a 48 horas. O spray Cleanser \u00e9 adequado para remover os res\u00edduos do Honey Gel.<\/p>\n<p><strong>Carater\u00edsticas<\/strong>O mel puro ozonizado dos prados da montanha 45% possui propriedades antibacterianas, anti-inflamat\u00f3rias e promotoras da granula\u00e7\u00e3o dos tecidos. O mel cont\u00e9m a enzima glucose oxidase. Quando entra em contacto com a humidade, converte a glicose em per\u00f3xido de hidrog\u00e9nio e \u00e1cido gluc\u00f3nico. O per\u00f3xido de hidrog\u00e9nio \u00e9 letal para as bact\u00e9rias. O \u00e1cido gluc\u00f3nico cria um ambiente \u00e1cido de que as bact\u00e9rias e os potenciais agentes patog\u00e9nicos n\u00e3o gostam. O mel tamb\u00e9m actua como um antioxidante e elimina os radicais livres. O mel combinado com a glicerina cria um ambiente h\u00famido na ferida, estimulando o crescimento e a migra\u00e7\u00e3o de novas c\u00e9lulas. Um ambiente h\u00famido na ferida tamb\u00e9m evita a forma\u00e7\u00e3o de crostas e mant\u00e9m a ferida flex\u00edvel.\u00a0<\/p>\n<\/div>\n<\/div>\n<\/div>\n<\/div>\n\n\t\t<\/div>\n\t\t\t\t\t<\/div>\n\n\t\n\n\t<div id=\"col-1548071245\" class=\"col medium-1 small-12 large-1\"  >\n\t\t\t\t<div class=\"col-inner\"  >\n\t\t\t\n\t\t\t\n\n\n\t\t<\/div>\n\t\t\t\t\t<\/div>\n\n\t\n\n\t<div id=\"col-397856767\" class=\"col medium-5 small-12 large-5\"  >\n\t\t\t\t<div class=\"col-inner\"  >\n\t\t\t\n\t\t\t\n\n\t<div class=\"img has-hover x md-x lg-x y md-y lg-y\" id=\"image_1831639296\">\n\t\t\t\t\t\t\t\t<div class=\"img-inner dark\" >\n\t\t\t<img loading=\"lazy\" decoding=\"async\" width=\"800\" height=\"800\" src=\"https:\/\/maxani.nl\/wp-content\/uploads\/2023\/07\/Maxani-Honey-O3-gel-50-ml-1-800x800.png\" class=\"attachment-large size-large\" alt=\"\" srcset=\"https:\/\/maxani.nl\/wp-content\/uploads\/2023\/07\/Maxani-Honey-O3-gel-50-ml-1-800x800.png 800w, https:\/\/maxani.nl\/wp-content\/uploads\/2023\/07\/Maxani-Honey-O3-gel-50-ml-1-400x400.png 400w, https:\/\/maxani.nl\/wp-content\/uploads\/2023\/07\/Maxani-Honey-O3-gel-50-ml-1-280x280.png 280w, https:\/\/maxani.nl\/wp-content\/uploads\/2023\/07\/Maxani-Honey-O3-gel-50-ml-1-768x768.png 768w, https:\/\/maxani.nl\/wp-content\/uploads\/2023\/07\/Maxani-Honey-O3-gel-50-ml-1-247x247.png 247w, https:\/\/maxani.nl\/wp-content\/uploads\/2023\/07\/Maxani-Honey-O3-gel-50-ml-1-510x510.png 510w, https:\/\/maxani.nl\/wp-content\/uploads\/2023\/07\/Maxani-Honey-O3-gel-50-ml-1-100x100.png 100w, https:\/\/maxani.nl\/wp-content\/uploads\/2023\/07\/Maxani-Honey-O3-gel-50-ml-1.png 1080w\" sizes=\"auto, (max-width: 800px) 100vw, 800px\" \/>\t\t\t\t\t\t\n\t\t\t\t\t<\/div>\n\t\t\t\t\t\t\t\t\n<style>\n#image_1831639296 {\n  width: 100%;\n}\n<\/style>\n\t<\/div>\n\t\n\n\n\t\t<\/div>\n\t\t\t\t\t<\/div>\n\n\t\n\n<\/div>\n\n\t\t<\/div>\n\n\t\t\n<style>\n#section_1218869715 {\n  padding-top: 60px;\n  padding-bottom: 60px;\n  min-height: 300px;\n}\n<\/style>\n\t<\/section>","protected":false},"excerpt":{"rendered":"","protected":false},"author":1,"featured_media":0,"parent":0,"menu_order":0,"comment_status":"closed","ping_status":"closed","template":"page-blank.php","meta":{"footnotes":""},"class_list":["post-12558","page","type-page","status-publish","hentry"],"yoast_head":"<!-- This site is optimized with the Yoast SEO plugin v27.1.1 - https:\/\/yoast.com\/product\/yoast-seo-wordpress\/ -->\n<title>Wond en huidplooi - Maxani Animal Healthcare BV<\/title>\n<meta name=\"robots\" content=\"index, follow, max-snippet:-1, max-image-preview:large, max-video-preview:-1\" \/>\n<link rel=\"canonical\" href=\"https:\/\/maxani.nl\/pt\/wond-en-huidplooi\/\" \/>\n<meta property=\"og:locale\" content=\"pt_PT\" \/>\n<meta property=\"og:type\" content=\"article\" \/>\n<meta property=\"og:title\" content=\"Wond en huidplooi - Maxani Animal Healthcare BV\" \/>\n<meta property=\"og:url\" content=\"https:\/\/maxani.nl\/pt\/wond-en-huidplooi\/\" \/>\n<meta property=\"og:site_name\" content=\"Maxani Animal Healthcare BV\" \/>\n<meta property=\"article:modified_time\" content=\"2023-07-16T13:10:52+00:00\" \/>\n<meta name=\"twitter:card\" content=\"summary_large_image\" \/>\n<script type=\"application\/ld+json\" class=\"yoast-schema-graph\">{\"@context\":\"https:\/\/schema.org\",\"@graph\":[{\"@type\":\"WebPage\",\"@id\":\"https:\/\/maxani.nl\/wond-en-huidplooi\/\",\"url\":\"https:\/\/maxani.nl\/wond-en-huidplooi\/\",\"name\":\"Wond en huidplooi - Maxani Animal Healthcare BV\",\"isPartOf\":{\"@id\":\"https:\/\/maxani.nl\/#website\"},\"datePublished\":\"2023-07-16T12:30:29+00:00\",\"dateModified\":\"2023-07-16T13:10:52+00:00\",\"breadcrumb\":{\"@id\":\"https:\/\/maxani.nl\/wond-en-huidplooi\/#breadcrumb\"},\"inLanguage\":\"pt-PT\",\"potentialAction\":[{\"@type\":\"ReadAction\",\"target\":[\"https:\/\/maxani.nl\/wond-en-huidplooi\/\"]}]},{\"@type\":\"BreadcrumbList\",\"@id\":\"https:\/\/maxani.nl\/wond-en-huidplooi\/#breadcrumb\",\"itemListElement\":[{\"@type\":\"ListItem\",\"position\":1,\"name\":\"Home\",\"item\":\"https:\/\/maxani.nl\/\"},{\"@type\":\"ListItem\",\"position\":2,\"name\":\"Wond en huidplooi\"}]},{\"@type\":\"WebSite\",\"@id\":\"https:\/\/maxani.nl\/#website\",\"url\":\"https:\/\/maxani.nl\/\",\"name\":\"Maxani Animal Healthcare BV\",\"description\":\"Uw partner in veterinaire dermatologie\",\"potentialAction\":[{\"@type\":\"SearchAction\",\"target\":{\"@type\":\"EntryPoint\",\"urlTemplate\":\"https:\/\/maxani.nl\/?s={search_term_string}\"},\"query-input\":{\"@type\":\"PropertyValueSpecification\",\"valueRequired\":true,\"valueName\":\"search_term_string\"}}],\"inLanguage\":\"pt-PT\"}]}<\/script>\n<!-- \/ Yoast SEO plugin. -->","yoast_head_json":{"title":"Wond en huidplooi - Maxani Animal Healthcare BV","robots":{"index":"index","follow":"follow","max-snippet":"max-snippet:-1","max-image-preview":"max-image-preview:large","max-video-preview":"max-video-preview:-1"},"canonical":"https:\/\/maxani.nl\/pt\/wond-en-huidplooi\/","og_locale":"pt_PT","og_type":"article","og_title":"Wond en huidplooi - Maxani Animal Healthcare BV","og_url":"https:\/\/maxani.nl\/pt\/wond-en-huidplooi\/","og_site_name":"Maxani Animal Healthcare BV","article_modified_time":"2023-07-16T13:10:52+00:00","twitter_card":"summary_large_image","schema":{"@context":"https:\/\/schema.org","@graph":[{"@type":"WebPage","@id":"https:\/\/maxani.nl\/wond-en-huidplooi\/","url":"https:\/\/maxani.nl\/wond-en-huidplooi\/","name":"Wond en huidplooi - Maxani Animal Healthcare BV","isPartOf":{"@id":"https:\/\/maxani.nl\/#website"},"datePublished":"2023-07-16T12:30:29+00:00","dateModified":"2023-07-16T13:10:52+00:00","breadcrumb":{"@id":"https:\/\/maxani.nl\/wond-en-huidplooi\/#breadcrumb"},"inLanguage":"pt-PT","potentialAction":[{"@type":"ReadAction","target":["https:\/\/maxani.nl\/wond-en-huidplooi\/"]}]},{"@type":"BreadcrumbList","@id":"https:\/\/maxani.nl\/wond-en-huidplooi\/#breadcrumb","itemListElement":[{"@type":"ListItem","position":1,"name":"Home","item":"https:\/\/maxani.nl\/"},{"@type":"ListItem","position":2,"name":"Wond en huidplooi"}]},{"@type":"WebSite","@id":"https:\/\/maxani.nl\/#website","url":"https:\/\/maxani.nl\/","name":"Maxani Animal Healthcare BV","description":"O seu parceiro em dermatologia veterin\u00e1ria","potentialAction":[{"@type":"SearchAction","target":{"@type":"EntryPoint","urlTemplate":"https:\/\/maxani.nl\/?s={search_term_string}"},"query-input":{"@type":"PropertyValueSpecification","valueRequired":true,"valueName":"search_term_string"}}],"inLanguage":"pt-PT"}]}},"jetpack_sharing_enabled":true,"_links":{"self":[{"href":"https:\/\/maxani.nl\/pt\/wp-json\/wp\/v2\/pages\/12558","targetHints":{"allow":["GET"]}}],"collection":[{"href":"https:\/\/maxani.nl\/pt\/wp-json\/wp\/v2\/pages"}],"about":[{"href":"https:\/\/maxani.nl\/pt\/wp-json\/wp\/v2\/types\/page"}],"author":[{"embeddable":true,"href":"https:\/\/maxani.nl\/pt\/wp-json\/wp\/v2\/users\/1"}],"replies":[{"embeddable":true,"href":"https:\/\/maxani.nl\/pt\/wp-json\/wp\/v2\/comments?post=12558"}],"version-history":[{"count":3,"href":"https:\/\/maxani.nl\/pt\/wp-json\/wp\/v2\/pages\/12558\/revisions"}],"predecessor-version":[{"id":12589,"href":"https:\/\/maxani.nl\/pt\/wp-json\/wp\/v2\/pages\/12558\/revisions\/12589"}],"wp:attachment":[{"href":"https:\/\/maxani.nl\/pt\/wp-json\/wp\/v2\/media?parent=12558"}],"curies":[{"name":"wp","href":"https:\/\/api.w.org\/{rel}","templated":true}]}}