{"id":12272,"date":"2023-07-13T14:12:16","date_gmt":"2023-07-13T14:12:16","guid":{"rendered":"https:\/\/maxani.nl\/?page_id=12272"},"modified":"2025-05-30T13:25:05","modified_gmt":"2025-05-30T13:25:05","slug":"informatie-uitgelogde-gebruiker","status":"publish","type":"page","link":"https:\/\/maxani.nl\/pt\/informatie-uitgelogde-gebruiker\/","title":{"rendered":"Informatie uitgelogde gebruiker"},"content":{"rendered":"<section class=\"section\" id=\"section_1863677710\">\n\t\t<div class=\"section-bg fill\" >\n\t\t\t\t\t\t\t\t\t\n\t\t\t\n\t<div class=\"is-border\"\n\t\tstyle=\"border-color:rgb(235, 235, 235);border-width:1px 0px 0px 0px;\">\n\t<\/div>\n\n\t\t<\/div>\n\n\t\t\n\n\t\t<div class=\"section-content relative\">\n\t\t\t\n\n<div class=\"row\"  id=\"row-293172238\">\n\n\n\t<div id=\"col-496495665\" class=\"col medium-9 small-12 large-9\"  >\n\t\t\t\t<div class=\"col-inner\"  >\n\t\t\t\n\t\t\t\n\n\t<div id=\"text-2310159883\" class=\"text\">\n\t\t\n\n<h1 class=\"pp-heading  pp-left\"><span class=\"title-text pp-primary-title\">Melhor utilizador,<\/span><\/h1>\n<p>Tem de ter sess\u00e3o iniciada para ver este conte\u00fado.<\/p>\n\t\t\n<style>\n#text-2310159883 {\n  font-size: 1.4rem;\n}\n<\/style>\n\t<\/div>\n\t\n<a href=\"https:\/\/maxani.nl\/pt\/mijn-account\/\" class=\"button primary knoprood\" >\n\t\t<span>Iniciar sess\u00e3o<\/span>\n\t<\/a>\n\n\n\t<div id=\"gap-818276193\" class=\"gap-element clearfix\" style=\"display:block; height:auto;\">\n\t\t\n<style>\n#gap-818276193 {\n  padding-top: 30px;\n}\n<\/style>\n\t<\/div>\n\t\n\n\t<div id=\"text-1375604289\" class=\"text\">\n\t\t\n\n<p>Apenas fornecemos cl\u00ednicas veterin\u00e1rias e especialistas veterin\u00e1rios, pelo que, infelizmente, n\u00e3o podemos aprovar os donos dos animais.<\/p>\n\t\t\n<style>\n#text-1375604289 {\n  font-size: 1.15rem;\n}\n<\/style>\n\t<\/div>\n\t\n\t<div id=\"text-2460234635\" class=\"text\">\n\t\t\n\n<p>Como propriet\u00e1rio de um animal de estima\u00e7\u00e3o, pode encontrar muitas informa\u00e7\u00f5es sobre os nossos produtos no nosso s\u00edtio Web.<\/p>\n<p>Tem alguma pergunta ou coment\u00e1rio? N\u00e3o hesite em contactar\u00a0<a href=\"https:\/\/maxani.nl\/pt\/contact\/\">contacto<\/a>\u00a0connosco!<\/p>\n<p>Com os melhores cumprimentos,<br \/>Equipa Maxani<\/p>\n\t\t\n<style>\n#text-2460234635 {\n  font-size: 1.15rem;\n}\n<\/style>\n\t<\/div>\n\t\n\n\t\t<\/div>\n\t\t\t\t\t<\/div>\n\n\t\n\n<\/div>\n\n\t\t<\/div>\n\n\t\t\n<style>\n#section_1863677710 {\n  padding-top: 60px;\n  padding-bottom: 60px;\n  min-height: 300px;\n}\n<\/style>\n\t<\/section>","protected":false},"excerpt":{"rendered":"","protected":false},"author":1,"featured_media":0,"parent":0,"menu_order":0,"comment_status":"closed","ping_status":"closed","template":"page-blank.php","meta":{"footnotes":""},"class_list":["post-12272","page","type-page","status-publish","hentry"],"yoast_head":"<!-- This site is optimized with the Yoast SEO plugin v27.1.1 - https:\/\/yoast.com\/product\/yoast-seo-wordpress\/ -->\n<title>Informatie uitgelogde gebruiker - Maxani Animal Healthcare BV<\/title>\n<meta name=\"robots\" content=\"index, follow, max-snippet:-1, max-image-preview:large, max-video-preview:-1\" \/>\n<link rel=\"canonical\" href=\"https:\/\/maxani.nl\/pt\/informatie-uitgelogde-gebruiker\/\" \/>\n<meta property=\"og:locale\" content=\"pt_PT\" \/>\n<meta property=\"og:type\" content=\"article\" \/>\n<meta property=\"og:title\" content=\"Informatie uitgelogde gebruiker - Maxani Animal Healthcare BV\" \/>\n<meta property=\"og:url\" content=\"https:\/\/maxani.nl\/pt\/informatie-uitgelogde-gebruiker\/\" \/>\n<meta property=\"og:site_name\" content=\"Maxani Animal Healthcare BV\" \/>\n<meta property=\"article:modified_time\" content=\"2025-05-30T13:25:05+00:00\" \/>\n<meta name=\"twitter:card\" content=\"summary_large_image\" \/>\n<script type=\"application\/ld+json\" class=\"yoast-schema-graph\">{\"@context\":\"https:\/\/schema.org\",\"@graph\":[{\"@type\":\"WebPage\",\"@id\":\"https:\/\/maxani.nl\/informatie-uitgelogde-gebruiker\/\",\"url\":\"https:\/\/maxani.nl\/informatie-uitgelogde-gebruiker\/\",\"name\":\"Informatie uitgelogde gebruiker - Maxani Animal Healthcare BV\",\"isPartOf\":{\"@id\":\"https:\/\/maxani.nl\/#website\"},\"datePublished\":\"2023-07-13T14:12:16+00:00\",\"dateModified\":\"2025-05-30T13:25:05+00:00\",\"breadcrumb\":{\"@id\":\"https:\/\/maxani.nl\/informatie-uitgelogde-gebruiker\/#breadcrumb\"},\"inLanguage\":\"pt-PT\",\"potentialAction\":[{\"@type\":\"ReadAction\",\"target\":[\"https:\/\/maxani.nl\/informatie-uitgelogde-gebruiker\/\"]}]},{\"@type\":\"BreadcrumbList\",\"@id\":\"https:\/\/maxani.nl\/informatie-uitgelogde-gebruiker\/#breadcrumb\",\"itemListElement\":[{\"@type\":\"ListItem\",\"position\":1,\"name\":\"Home\",\"item\":\"https:\/\/maxani.nl\/\"},{\"@type\":\"ListItem\",\"position\":2,\"name\":\"Informatie uitgelogde gebruiker\"}]},{\"@type\":\"WebSite\",\"@id\":\"https:\/\/maxani.nl\/#website\",\"url\":\"https:\/\/maxani.nl\/\",\"name\":\"Maxani Animal Healthcare BV\",\"description\":\"Uw partner in veterinaire dermatologie\",\"potentialAction\":[{\"@type\":\"SearchAction\",\"target\":{\"@type\":\"EntryPoint\",\"urlTemplate\":\"https:\/\/maxani.nl\/?s={search_term_string}\"},\"query-input\":{\"@type\":\"PropertyValueSpecification\",\"valueRequired\":true,\"valueName\":\"search_term_string\"}}],\"inLanguage\":\"pt-PT\"}]}<\/script>\n<!-- \/ Yoast SEO plugin. -->","yoast_head_json":{"title":"Informatie uitgelogde gebruiker - Maxani Animal Healthcare BV","robots":{"index":"index","follow":"follow","max-snippet":"max-snippet:-1","max-image-preview":"max-image-preview:large","max-video-preview":"max-video-preview:-1"},"canonical":"https:\/\/maxani.nl\/pt\/informatie-uitgelogde-gebruiker\/","og_locale":"pt_PT","og_type":"article","og_title":"Informatie uitgelogde gebruiker - Maxani Animal Healthcare BV","og_url":"https:\/\/maxani.nl\/pt\/informatie-uitgelogde-gebruiker\/","og_site_name":"Maxani Animal Healthcare BV","article_modified_time":"2025-05-30T13:25:05+00:00","twitter_card":"summary_large_image","schema":{"@context":"https:\/\/schema.org","@graph":[{"@type":"WebPage","@id":"https:\/\/maxani.nl\/informatie-uitgelogde-gebruiker\/","url":"https:\/\/maxani.nl\/informatie-uitgelogde-gebruiker\/","name":"Informatie uitgelogde gebruiker - Maxani Animal Healthcare BV","isPartOf":{"@id":"https:\/\/maxani.nl\/#website"},"datePublished":"2023-07-13T14:12:16+00:00","dateModified":"2025-05-30T13:25:05+00:00","breadcrumb":{"@id":"https:\/\/maxani.nl\/informatie-uitgelogde-gebruiker\/#breadcrumb"},"inLanguage":"pt-PT","potentialAction":[{"@type":"ReadAction","target":["https:\/\/maxani.nl\/informatie-uitgelogde-gebruiker\/"]}]},{"@type":"BreadcrumbList","@id":"https:\/\/maxani.nl\/informatie-uitgelogde-gebruiker\/#breadcrumb","itemListElement":[{"@type":"ListItem","position":1,"name":"Home","item":"https:\/\/maxani.nl\/"},{"@type":"ListItem","position":2,"name":"Informatie uitgelogde gebruiker"}]},{"@type":"WebSite","@id":"https:\/\/maxani.nl\/#website","url":"https:\/\/maxani.nl\/","name":"Maxani Animal Healthcare BV","description":"O seu parceiro em dermatologia veterin\u00e1ria","potentialAction":[{"@type":"SearchAction","target":{"@type":"EntryPoint","urlTemplate":"https:\/\/maxani.nl\/?s={search_term_string}"},"query-input":{"@type":"PropertyValueSpecification","valueRequired":true,"valueName":"search_term_string"}}],"inLanguage":"pt-PT"}]}},"jetpack_sharing_enabled":true,"_links":{"self":[{"href":"https:\/\/maxani.nl\/pt\/wp-json\/wp\/v2\/pages\/12272","targetHints":{"allow":["GET"]}}],"collection":[{"href":"https:\/\/maxani.nl\/pt\/wp-json\/wp\/v2\/pages"}],"about":[{"href":"https:\/\/maxani.nl\/pt\/wp-json\/wp\/v2\/types\/page"}],"author":[{"embeddable":true,"href":"https:\/\/maxani.nl\/pt\/wp-json\/wp\/v2\/users\/1"}],"replies":[{"embeddable":true,"href":"https:\/\/maxani.nl\/pt\/wp-json\/wp\/v2\/comments?post=12272"}],"version-history":[{"count":6,"href":"https:\/\/maxani.nl\/pt\/wp-json\/wp\/v2\/pages\/12272\/revisions"}],"predecessor-version":[{"id":17194,"href":"https:\/\/maxani.nl\/pt\/wp-json\/wp\/v2\/pages\/12272\/revisions\/17194"}],"wp:attachment":[{"href":"https:\/\/maxani.nl\/pt\/wp-json\/wp\/v2\/media?parent=12272"}],"curies":[{"name":"wp","href":"https:\/\/api.w.org\/{rel}","templated":true}]}}