{"id":11811,"date":"2023-07-07T17:32:57","date_gmt":"2023-07-07T17:32:57","guid":{"rendered":"https:\/\/maxani.nl\/?page_id=11811"},"modified":"2023-07-13T18:18:32","modified_gmt":"2023-07-13T18:18:32","slug":"wasinstructie","status":"publish","type":"page","link":"https:\/\/maxani.nl\/pt\/wasinstructie\/","title":{"rendered":"Instru\u00e7\u00f5es de lavagem"},"content":{"rendered":"<section class=\"section\" id=\"section_302560184\">\n\t\t<div class=\"section-bg fill\" >\n\t\t\t<img loading=\"lazy\" decoding=\"async\" width=\"1718\" height=\"2560\" src=\"https:\/\/maxani.nl\/wp-content\/uploads\/2023\/07\/Achtergrond-voor-website-Maxani2-scaled.jpg\" class=\"bg attachment-original size-original\" alt=\"\" \/>\t\t\t\t\t\t\n\t\t\t\n\t<div class=\"is-border\"\n\t\tstyle=\"border-color:rgb(235, 235, 235);border-width:1px 0px 0px 0px;\">\n\t<\/div>\n\n\t\t<\/div>\n\n\t\t\n\n\t\t<div class=\"section-content relative\">\n\t\t\t\n\n<div class=\"row\"  id=\"row-358055101\">\n\n\n\t<div id=\"col-177823097\" class=\"col medium-8 small-12 large-8\"  >\n\t\t\t\t<div class=\"col-inner\"  >\n\t\t\t\n\t\t\t\n\n<div class=\"fl-col-group fl-node-5ee8dd3b1aa43\" data-node=\"5ee8dd3b1aa43\">\n<div class=\"fl-col fl-node-5ee8dd3b1aa97\" data-node=\"5ee8dd3b1aa97\">\n<div class=\"fl-col-content fl-node-content\">\n<div class=\"fl-module fl-module-heading fl-node-5ee8dd3b1aa10\" data-node=\"5ee8dd3b1aa10\">\n<div class=\"fl-module-content fl-node-content\">\n<h1 class=\"fl-heading\"><span class=\"fl-heading-text\">Instru\u00e7\u00f5es de lavagem<\/span><\/h1>\n<\/div>\n<\/div>\n<\/div>\n<\/div>\n<\/div>\n<div class=\"fl-col-group fl-node-5ee8d35d753f2\" data-node=\"5ee8d35d753f2\">\n<div class=\"fl-col fl-node-5ee8d35d7544c\" data-node=\"5ee8d35d7544c\">\n<div class=\"fl-col-content fl-node-content\">\n<div class=\"fl-module fl-module-heading fl-node-5ee8d35d7473c\" data-node=\"5ee8d35d7473c\">\n<div class=\"fl-module-content fl-node-content\">\n<h3 class=\"fl-heading\"><span class=\"fl-heading-text\">Como \u00e9 que se lava da forma correta?<\/span><\/h3>\n<\/div>\n<\/div>\n<div class=\"fl-module fl-module-rich-text fl-node-5ee8d3ee5c685\" data-node=\"5ee8d3ee5c685\">\n<div class=\"fl-module-content fl-node-content\">\n<div class=\"fl-rich-text\">\n<p>O champ\u00f4 para a pele tem propriedades de limpeza e terap\u00eauticas. O champ\u00f4 para a pele deve ser utilizado duas vezes para obter os melhores resultados. A primeira vez para o efeito de limpeza no in\u00edcio de um tratamento ou se o animal estiver muito sujo. A segunda vez imediatamente a seguir, com um tempo de imers\u00e3o de 10 minutos, para restaurar a barreira cut\u00e2nea, hidratar a pele, remediar infec\u00e7\u00f5es cut\u00e2neas e\/ou suprimir o prurido. Para uma lavagem normal, sem que o seu animal tenha problemas de pele, uma lavagem \u00e9 suficiente, exceto se o c\u00e3o estiver muito sujo.<\/p>\n<\/div>\n<\/div>\n<\/div>\n<div class=\"fl-module fl-module-heading fl-node-5ee8d4d654f2e\" data-node=\"5ee8d4d654f2e\">\n<div class=\"fl-module-content fl-node-content\">\n<h3 class=\"fl-heading\"><span class=\"fl-heading-text\">Conselhos para uma experi\u00eancia de lavagem agrad\u00e1vel:<\/span><\/h3>\n<\/div>\n<\/div>\n<div class=\"fl-module fl-module-rich-text fl-node-5ee8d4f0992b0\" data-node=\"5ee8d4f0992b0\">\n<div class=\"fl-module-content fl-node-content\">\n<div class=\"fl-rich-text\">\n<ul>\n<li>Come\u00e7ar desde tenra idade com uma aclimata\u00e7\u00e3o positiva \u00e0 lavagem.<\/li>\n<li>Certifique-se de que est\u00e1 relaxado.<\/li>\n<li>Escovar o pelo antes de cada lavagem.<\/li>\n<li>O seu c\u00e3o nunca foi lavado antes? Comece por habituar o seu c\u00e3o \u00e0 zona de lavagem sem o lavar com \u00e1gua e recompense-o com afeto, brincando ou dando-lhe algumas guloseimas.<\/li>\n<li>Primeiro, deixe o seu c\u00e3o habituar-se \u00e0 \u00e1gua, utilizando uma flanela ou uma esponja. S\u00f3 depois \u00e9 que o c\u00e3o se deve habituar ao som do chuveiro. Se o c\u00e3o achar o jato de \u00e1gua assustador, utilize uma esponja e enxag\u00fae-o deitando \u00e1gua sobre o animal (com um balde ou com o\u00a0<span style=\"text-decoration: underline;\"><a href=\"https:\/\/maxani.nl\/pt\/mengfles\/\">frasco misturador de champ\u00f4 da Maxani).<\/a><\/span><\/li>\n<li>Se o seu c\u00e3o mostrar medo ou uma rea\u00e7\u00e3o de susto, n\u00e3o lhe d\u00ea carinho ou conforto! Isto porque isso d\u00e1 ao c\u00e3o a confirma\u00e7\u00e3o de que a lavagem \u00e9 de facto um acontecimento assustador. Tente n\u00e3o reagir e mantenha-se calmo. Em vez disso, distraia o c\u00e3o brincando ou dando-lhe algo agrad\u00e1vel. \u00a0<\/li>\n<li>D\u00ea ao seu c\u00e3o um petisco saboroso com, por exemplo, o Lickimat<sup>TM<\/sup>\u00a0Salpicar ou utilizar um Kong com salsicha congelada.<\/li>\n<li>Certifique-se de que o animal n\u00e3o escorrega e utilize um tapete de borracha ou uma toalha, se necess\u00e1rio.<\/li>\n<\/ul>\n<\/div>\n<\/div>\n<\/div>\n<div class=\"fl-module fl-module-heading fl-node-5ee8d5ab9d640\" data-node=\"5ee8d5ab9d640\">\n<div class=\"fl-module-content fl-node-content\">\n<h3 class=\"fl-heading\"><span class=\"fl-heading-text\">A lavagem \u00e9 poss\u00edvel em diferentes locais e formas<\/span><\/h3>\n<\/div>\n<\/div>\n<div class=\"fl-module fl-module-rich-text fl-node-5ee8d5dc19c95\" data-node=\"5ee8d5dc19c95\">\n<div class=\"fl-module-content fl-node-content\">\n<div class=\"fl-rich-text\">\n<p>No tempo quente, \u00e9 f\u00e1cil lavar o c\u00e3o no exterior. No tempo frio, \u00e9 melhor lav\u00e1-lo na banheira ou no duche. Se n\u00e3o for poss\u00edvel lavar o c\u00e3o em casa, existem lojas de animais especiais com um lavat\u00f3rio para c\u00e3es, onde pode lavar o seu c\u00e3o. Se n\u00e3o conseguir lavar o seu c\u00e3o, por exemplo, porque o c\u00e3o est\u00e1 extremamente assustado, pode mandar lav\u00e1-lo a um tratador de c\u00e3es profissional.<\/p>\n<\/div>\n<\/div>\n<\/div>\n<div class=\"fl-module fl-module-heading fl-node-5ee8d60c3e516\" data-node=\"5ee8d60c3e516\">\n<div class=\"fl-module-content fl-node-content\">\n<h3 class=\"fl-heading\"><span class=\"fl-heading-text\">Com que frequ\u00eancia lavar?<\/span><\/h3>\n<\/div>\n<\/div>\n<div class=\"fl-module fl-module-rich-text fl-node-5ee8d631cf60b\" data-node=\"5ee8d631cf60b\">\n<div class=\"fl-module-content fl-node-content\">\n<div class=\"fl-rich-text\">\n<p>Os c\u00e3es com pele saud\u00e1vel s\u00f3 precisam de ser lavados se estiverem sujos e\/ou malcheirosos. Tamb\u00e9m \u00e9 aconselh\u00e1vel habituar os cachorros a lavarem-se desde cedo. Os c\u00e3es com problemas de pele devem ser lavados com mais frequ\u00eancia e regularmente com o champ\u00f4 adequado. A frequ\u00eancia depende da doen\u00e7a, da gravidade da queixa e do objetivo do tratamento. Para problemas de pele graves, os champ\u00f4s para a pele podem ser usados todos os dias. Ralph Mueller (dermatologista) salienta que \u00e9 do conhecimento geral que o efeito de um champ\u00f4 para a pele dura, no m\u00e1ximo, 2 a 3 dias. Siga sempre os conselhos do seu pr\u00f3prio veterin\u00e1rio. Para os animais com problemas de pele, no in\u00edcio do tratamento, o champ\u00f4 especial para a pele \u00e9 geralmente aconselhado pelo menos tr\u00eas vezes por semana durante 2 a 3 semanas. Em seguida, em consulta com o seu veterin\u00e1rio, discuta como e quando reduzir gradualmente a terapia com champ\u00f4 para uma frequ\u00eancia de manuten\u00e7\u00e3o de, normalmente, uma vez por semana. \u00a0<\/p>\n<\/div>\n<\/div>\n<\/div>\n<\/div>\n<\/div>\n<\/div>\n\n\t\t<\/div>\n\t\t\t\t\t<\/div>\n\n\t\n\n\t<div id=\"col-1483099391\" class=\"col medium-4 small-12 large-4\"  >\n\t\t\t\t<div class=\"col-inner\"  >\n\t\t\t\n\t\t\t\n\n\n\t\t<\/div>\n\t\t\t\t\t<\/div>\n\n\t\n\n<\/div>\n<div class=\"row\"  id=\"row-1748466224\">\n\n\n\t<div id=\"col-1471602147\" class=\"col small-12 large-12\"  >\n\t\t\t\t<div class=\"col-inner\"  >\n\t\t\t\n\t\t\t\n\n<div class=\"text-center\"><div class=\"is-divider divider clearfix\" style=\"max-width:1080px;height:2px;\"><\/div><\/div>\n\n\n\t\t<\/div>\n\t\t\t\t\t<\/div>\n\n\t\n\n<\/div>\n<div class=\"row\"  id=\"row-1558649891\">\n\n\n\t<div id=\"col-1326016517\" class=\"col medium-8 small-12 large-8\"  >\n\t\t\t\t<div class=\"col-inner\"  >\n\t\t\t\n\t\t\t\n\n<div class=\"fl-col-group fl-node-5ee8dd3b1aa43\" data-node=\"5ee8dd3b1aa43\">\n<div class=\"fl-col fl-node-5ee8dd3b1aa97\" data-node=\"5ee8dd3b1aa97\">\n<div class=\"fl-col-content fl-node-content\">\n<div class=\"fl-module fl-module-heading fl-node-5ee8dd3b1aa10\" data-node=\"5ee8dd3b1aa10\">\n<div class=\"fl-module-content fl-node-content\">\n<div class=\"pp-heading  pp-center\">\n<h1 class=\"heading-title\"><span class=\"title-text pp-primary-title\">Lavagem<\/span><\/h1>\n<\/div>\n<div class=\"pp-sub-heading\">\n<p>Para muitos donos de animais e especialistas veterin\u00e1rios, lavar os animais \u00e9 um desafio. Para o benef\u00edcio do animal e da terapia com champ\u00f4, a Maxani tem o prazer de fornecer mais informa\u00e7\u00f5es sobre a melhor forma de lavar os animais e como funciona a terapia com champ\u00f4. No v\u00eddeo abaixo, mostramos como se processa uma lavagem. Tem alguma quest\u00e3o sobre a lavagem ou os champ\u00f4s Maxani para a pele?<\/p>\n<\/div>\n<\/div>\n<\/div>\n<\/div>\n<\/div>\n<\/div>\n<a href=\"https:\/\/maxani.nl\/pt\/wassen\/\" class=\"button primary\" >\n\t\t<span>Ver o v\u00eddeo de instru\u00e7\u00f5es de lavagem<\/span>\n\t<\/a>\n\n\n<a href=\"https:\/\/maxani.nl\/pt\/contact\/\" class=\"button primary is-outline\" >\n\t\t<span>Contactar-nos<\/span>\n\t<\/a>\n\n\n\n\t\t<\/div>\n\t\t\t\t\t<\/div>\n\n\t\n\n\t<div id=\"col-82269148\" class=\"col medium-4 small-12 large-4\"  >\n\t\t\t\t<div class=\"col-inner\"  >\n\t\t\t\n\t\t\t\n\n\n\t\t<\/div>\n\t\t\t\t\t<\/div>\n\n\t\n\n<\/div>\n<div class=\"row\"  id=\"row-1850467638\">\n\n\n\t<div id=\"col-727470933\" class=\"col medium-8 small-12 large-8\"  >\n\t\t\t\t<div class=\"col-inner\"  >\n\t\t\t\n\t\t\t\n\n<div class=\"fl-col-group fl-node-5ee8dd3b1aa43\" data-node=\"5ee8dd3b1aa43\">\n<div class=\"fl-col fl-node-5ee8dd3b1aa97\" data-node=\"5ee8dd3b1aa97\">\n<div class=\"fl-col-content fl-node-content\">\n<div class=\"fl-module fl-module-heading fl-node-5ee8dd3b1aa10\" data-node=\"5ee8dd3b1aa10\">\n<div class=\"fl-module-content fl-node-content\">\n<div class=\"pp-heading  pp-center\">\n<div class=\"fl-module fl-module-heading fl-node-5ee8dd8911344\" data-node=\"5ee8dd8911344\">\n<div class=\"fl-module-content fl-node-content\">\n<h2 class=\"fl-heading\"><span class=\"fl-heading-text\">Instru\u00e7\u00f5es de lavagem<\/span><\/h2>\n<\/div>\n<\/div>\n<div class=\"fl-module fl-module-heading fl-node-5ee9d4fb90f7c\" data-node=\"5ee9d4fb90f7c\">\n<div class=\"fl-module-content fl-node-content\">\n<p class=\"fl-heading\"><span class=\"fl-heading-text\">(salvo indica\u00e7\u00e3o em contr\u00e1rio do seu veterin\u00e1rio)<\/span><\/p>\n<\/div>\n<\/div>\n<div class=\"fl-module fl-module-rich-text fl-node-5ee8de969ef98\" data-node=\"5ee8de969ef98\">\n<div class=\"fl-module-content fl-node-content\">\n<div class=\"fl-rich-text\">\n<p>Se estiver a lavar o seu animal de estima\u00e7\u00e3o pela primeira vez no in\u00edcio do tratamento, ou se o seu animal estiver muito sujo, \u00e9 importante aplicar o champ\u00f4 duas vezes. Na primeira vez, pode enxaguar o champ\u00f4 imediatamente e na segunda vez, deixe-o de molho durante 10 minutos.<\/p>\n<p>\u00a0<\/p>\n<ol>\n<li>Molhe bem o pelo e a pele do seu animal de estima\u00e7\u00e3o com \u00e1gua morna.<br \/><hr \/><\/li>\n<li>Diluir o champ\u00f4 para a pele com \u00e1gua morna numa propor\u00e7\u00e3o de 1:5 na\u00a0<a href=\"https:\/\/maxani.nl\/pt\/mengfles\/\"><strong>frasco misturador de champ\u00f4 da Maxani<\/strong><\/a>. Deitar o champ\u00f4 para a pele no pelo, desde o pesco\u00e7o at\u00e9 \u00e0 base da cauda. Massajar o champ\u00f4 na pele. Para obter melhores resultados, aplique o champ\u00f4 para a pele n\u00e3o dilu\u00eddo tamb\u00e9m nas zonas afectadas. Lave bem a cauda e as dobras cut\u00e2neas e tamb\u00e9m entre os dedos dos p\u00e9s. Pode utilizar uma esponja macia e limpa como auxiliar para estas \u00e1reas vulner\u00e1veis e de dif\u00edcil acesso.<br \/><hr \/><\/li>\n<li>Avan\u00e7ar diretamente para o passo 4 se o c\u00e3o tiver sido lavado mais vezes na \u00faltima semana, ou enxaguar<br \/>enxaguar o champ\u00f4 com \u00e1gua morna at\u00e9 a \u00e1gua ficar limpa e repetir o passo 2.\u00a0<hr \/><\/li>\n<li>Deixar o champ\u00f4 atuar durante 10 minutos. Isto \u00e9 muito importante para que os ingredientes activos fa\u00e7am efeito. Os 10 minutos come\u00e7am ap\u00f3s a massagem. Se necess\u00e1rio, utilize um temporizador para determinar o tempo.<br \/><hr \/><\/li>\n<li>Enxaguar novamente o champ\u00f4 at\u00e9 que a \u00e1gua saia limpa.<br \/><hr \/><\/li>\n<li>Deixar o animal sacudir-se e sec\u00e1-lo com uma palmadinha. Em seguida, seque-o suavemente com uma toalha macia. N\u00e3o se recomenda a utiliza\u00e7\u00e3o de um secador de cabelo (quente) porque seca a pele. Se o pelo for espesso ou se secar com dificuldade, recomenda-se a utiliza\u00e7\u00e3o de um secador de cabelo especial para c\u00e3es para evitar asfixia.<br \/><hr \/><\/li>\n<\/ol>\n<h4>Dicas:<\/h4>\n<ul>\n<li>Manter sempre a cabe\u00e7a de pulveriza\u00e7\u00e3o perto da pele.<\/li>\n<li>Se necess\u00e1rio, lave a cabe\u00e7a do seu animal com uma esponja ou flanela.<\/li>\n<li>Evitar o contacto do champ\u00f4 com os olhos e o nariz do animal. Se tal acontecer, lavar imediatamente os olhos e o nariz com \u00e1gua limpa em abund\u00e2ncia.<\/li>\n<li>Se lavar o seu animal de estima\u00e7\u00e3o numa banheira ou no lava-loi\u00e7a, \u00e9 importante que a rolha n\u00e3o esteja l\u00e1 dentro. Quando a \u00e1gua entra na banheira, dilui o champ\u00f4 e reduz a sua efic\u00e1cia.<\/li>\n<li>Certifique-se de que est\u00e1 relaxado e d\u00ea ao seu animal uma recompensa atrav\u00e9s de algo saboroso, alguma brincadeira ou alguma aten\u00e7\u00e3o extra.<\/li>\n<\/ul>\n<\/div>\n<\/div>\n<\/div>\n<\/div>\n<\/div>\n<\/div>\n<\/div>\n<\/div>\n<\/div>\n<a href=\"https:\/\/maxani.nl\/pt\/wassen\/\" class=\"button primary\" >\n\t\t<span>Ver o v\u00eddeo de instru\u00e7\u00f5es de lavagem<\/span>\n\t<\/a>\n\n\n\n\t\t<\/div>\n\t\t\t\t\t<\/div>\n\n\t\n\n\t<div id=\"col-812618293\" class=\"col medium-4 small-12 large-4\"  >\n\t\t\t\t<div class=\"col-inner\"  >\n\t\t\t\n\t\t\t\n\n\n\t\t<\/div>\n\t\t\t\t\t<\/div>\n\n\t\n\n<\/div>\n\n\t\t<\/div>\n\n\t\t\n<style>\n#section_302560184 {\n  padding-top: 60px;\n  padding-bottom: 60px;\n  min-height: 300px;\n}\n<\/style>\n\t<\/section>","protected":false},"excerpt":{"rendered":"","protected":false},"author":1,"featured_media":0,"parent":0,"menu_order":0,"comment_status":"closed","ping_status":"closed","template":"page-blank.php","meta":{"footnotes":""},"class_list":["post-11811","page","type-page","status-publish","hentry"],"yoast_head":"<!-- This site is optimized with the Yoast SEO plugin v27.1.1 - https:\/\/yoast.com\/product\/yoast-seo-wordpress\/ -->\n<title>Wasinstructie - Maxani Animal Healthcare BV<\/title>\n<meta name=\"robots\" content=\"index, follow, max-snippet:-1, max-image-preview:large, max-video-preview:-1\" \/>\n<link rel=\"canonical\" href=\"https:\/\/maxani.nl\/pt\/wasinstructie\/\" \/>\n<meta property=\"og:locale\" content=\"pt_PT\" \/>\n<meta property=\"og:type\" content=\"article\" \/>\n<meta property=\"og:title\" content=\"Wasinstructie - Maxani Animal Healthcare BV\" \/>\n<meta property=\"og:url\" content=\"https:\/\/maxani.nl\/pt\/wasinstructie\/\" \/>\n<meta property=\"og:site_name\" content=\"Maxani Animal Healthcare BV\" \/>\n<meta property=\"article:modified_time\" content=\"2023-07-13T18:18:32+00:00\" \/>\n<meta name=\"twitter:card\" content=\"summary_large_image\" \/>\n<script type=\"application\/ld+json\" class=\"yoast-schema-graph\">{\"@context\":\"https:\/\/schema.org\",\"@graph\":[{\"@type\":\"WebPage\",\"@id\":\"https:\/\/maxani.nl\/wasinstructie\/\",\"url\":\"https:\/\/maxani.nl\/wasinstructie\/\",\"name\":\"Wasinstructie - Maxani Animal Healthcare BV\",\"isPartOf\":{\"@id\":\"https:\/\/maxani.nl\/#website\"},\"datePublished\":\"2023-07-07T17:32:57+00:00\",\"dateModified\":\"2023-07-13T18:18:32+00:00\",\"breadcrumb\":{\"@id\":\"https:\/\/maxani.nl\/wasinstructie\/#breadcrumb\"},\"inLanguage\":\"pt-PT\",\"potentialAction\":[{\"@type\":\"ReadAction\",\"target\":[\"https:\/\/maxani.nl\/wasinstructie\/\"]}]},{\"@type\":\"BreadcrumbList\",\"@id\":\"https:\/\/maxani.nl\/wasinstructie\/#breadcrumb\",\"itemListElement\":[{\"@type\":\"ListItem\",\"position\":1,\"name\":\"Home\",\"item\":\"https:\/\/maxani.nl\/\"},{\"@type\":\"ListItem\",\"position\":2,\"name\":\"Wasinstructie\"}]},{\"@type\":\"WebSite\",\"@id\":\"https:\/\/maxani.nl\/#website\",\"url\":\"https:\/\/maxani.nl\/\",\"name\":\"Maxani Animal Healthcare BV\",\"description\":\"Uw partner in veterinaire dermatologie\",\"potentialAction\":[{\"@type\":\"SearchAction\",\"target\":{\"@type\":\"EntryPoint\",\"urlTemplate\":\"https:\/\/maxani.nl\/?s={search_term_string}\"},\"query-input\":{\"@type\":\"PropertyValueSpecification\",\"valueRequired\":true,\"valueName\":\"search_term_string\"}}],\"inLanguage\":\"pt-PT\"}]}<\/script>\n<!-- \/ Yoast SEO plugin. -->","yoast_head_json":{"title":"Wasinstructie - Maxani Animal Healthcare BV","robots":{"index":"index","follow":"follow","max-snippet":"max-snippet:-1","max-image-preview":"max-image-preview:large","max-video-preview":"max-video-preview:-1"},"canonical":"https:\/\/maxani.nl\/pt\/wasinstructie\/","og_locale":"pt_PT","og_type":"article","og_title":"Wasinstructie - Maxani Animal Healthcare BV","og_url":"https:\/\/maxani.nl\/pt\/wasinstructie\/","og_site_name":"Maxani Animal Healthcare BV","article_modified_time":"2023-07-13T18:18:32+00:00","twitter_card":"summary_large_image","schema":{"@context":"https:\/\/schema.org","@graph":[{"@type":"WebPage","@id":"https:\/\/maxani.nl\/wasinstructie\/","url":"https:\/\/maxani.nl\/wasinstructie\/","name":"Wasinstructie - Maxani Animal Healthcare BV","isPartOf":{"@id":"https:\/\/maxani.nl\/#website"},"datePublished":"2023-07-07T17:32:57+00:00","dateModified":"2023-07-13T18:18:32+00:00","breadcrumb":{"@id":"https:\/\/maxani.nl\/wasinstructie\/#breadcrumb"},"inLanguage":"pt-PT","potentialAction":[{"@type":"ReadAction","target":["https:\/\/maxani.nl\/wasinstructie\/"]}]},{"@type":"BreadcrumbList","@id":"https:\/\/maxani.nl\/wasinstructie\/#breadcrumb","itemListElement":[{"@type":"ListItem","position":1,"name":"Home","item":"https:\/\/maxani.nl\/"},{"@type":"ListItem","position":2,"name":"Wasinstructie"}]},{"@type":"WebSite","@id":"https:\/\/maxani.nl\/#website","url":"https:\/\/maxani.nl\/","name":"Maxani Animal Healthcare BV","description":"O seu parceiro em dermatologia veterin\u00e1ria","potentialAction":[{"@type":"SearchAction","target":{"@type":"EntryPoint","urlTemplate":"https:\/\/maxani.nl\/?s={search_term_string}"},"query-input":{"@type":"PropertyValueSpecification","valueRequired":true,"valueName":"search_term_string"}}],"inLanguage":"pt-PT"}]}},"jetpack_sharing_enabled":true,"_links":{"self":[{"href":"https:\/\/maxani.nl\/pt\/wp-json\/wp\/v2\/pages\/11811","targetHints":{"allow":["GET"]}}],"collection":[{"href":"https:\/\/maxani.nl\/pt\/wp-json\/wp\/v2\/pages"}],"about":[{"href":"https:\/\/maxani.nl\/pt\/wp-json\/wp\/v2\/types\/page"}],"author":[{"embeddable":true,"href":"https:\/\/maxani.nl\/pt\/wp-json\/wp\/v2\/users\/1"}],"replies":[{"embeddable":true,"href":"https:\/\/maxani.nl\/pt\/wp-json\/wp\/v2\/comments?post=11811"}],"version-history":[{"count":4,"href":"https:\/\/maxani.nl\/pt\/wp-json\/wp\/v2\/pages\/11811\/revisions"}],"predecessor-version":[{"id":12453,"href":"https:\/\/maxani.nl\/pt\/wp-json\/wp\/v2\/pages\/11811\/revisions\/12453"}],"wp:attachment":[{"href":"https:\/\/maxani.nl\/pt\/wp-json\/wp\/v2\/media?parent=11811"}],"curies":[{"name":"wp","href":"https:\/\/api.w.org\/{rel}","templated":true}]}}