{"id":11807,"date":"2023-07-07T17:30:57","date_gmt":"2023-07-07T17:30:57","guid":{"rendered":"https:\/\/maxani.nl\/?page_id=11807"},"modified":"2025-05-30T14:03:25","modified_gmt":"2025-05-30T14:03:25","slug":"unieke-formule","status":"publish","type":"page","link":"https:\/\/maxani.nl\/pt\/unieke-formule\/","title":{"rendered":"F\u00f3rmula \u00fanica"},"content":{"rendered":"<section class=\"section\" id=\"section_1507722445\">\n\t\t<div class=\"section-bg fill\" >\n\t\t\t\t\t\t\t\t\t\n\t\t\t\n\t<div class=\"is-border\"\n\t\tstyle=\"border-color:rgb(235, 235, 235);border-width:1px 0px 0px 0px;\">\n\t<\/div>\n\n\t\t<\/div>\n\n\t\t\n\n\t\t<div class=\"section-content relative\">\n\t\t\t\n\n<div class=\"row\"  id=\"row-455840126\">\n\n\n\t<div id=\"col-308308169\" class=\"col medium-8 small-12 large-8\"  >\n\t\t\t\t<div class=\"col-inner\"  >\n\t\t\t\n\t\t\t\n\n\t<div id=\"text-2546343246\" class=\"text\">\n\t\t\n\n<h2 class=\"fl-heading\"><span class=\"fl-heading-text\">F\u00f3rmula \u00fanica<\/span><\/h2>\n\t\t\n<style>\n#text-2546343246 {\n  font-size: 1.4rem;\n}\n<\/style>\n\t<\/div>\n\t\n<div class=\"fl-col-group fl-node-5ee9e4992940a\" data-node=\"5ee9e4992940a\">\n<div class=\"fl-col fl-node-5ee9e49929456\" data-node=\"5ee9e49929456\">\n<div class=\"fl-col-content fl-node-content\">\n<div class=\"fl-module fl-module-heading fl-node-5ee9e499293d0\" data-node=\"5ee9e499293d0\">\n<div class=\"fl-module-content fl-node-content\">\n<h1 class=\"fl-heading\"><span style=\"color: #555555; font-size: 14.4px;\">Cada champ\u00f4 para a pele Maxani \u00e9 \u00fanico e adaptado \u00e0s necessidades espec\u00edficas do animal de estima\u00e7\u00e3o com problemas de pele. Chamamos-lhe um champ\u00f4 para a pele porque estes champ\u00f4s cont\u00eam uma combina\u00e7\u00e3o \u00fanica de ingredientes que limpam e nutrem a pele e o pelo, como uma lo\u00e7\u00e3o corporal. Os nossos champ\u00f4s para a pele est\u00e3o repletos de ingredientes activos e exclusivos. Todos os ingredientes s\u00e3o seguros e utilizamos o m\u00ednimo poss\u00edvel de perfume, \u00e1lcool e outros qu\u00edmicos e fragr\u00e2ncias irritantes. Por exemplo, usamos Sinodor\u00ae, um ingrediente poderoso e amigo dos animais que remove os odores em vez de os mascarar. Isto torna o perfume ou outras fragr\u00e2ncias irritantes desnecess\u00e1rias, o que \u00e9 muito agrad\u00e1vel para o animal. Os nossos champ\u00f4s para a pele t\u00eam de cumprir elevados padr\u00f5es de qualidade e, para garantir isso, todos os champ\u00f4s para a pele Maxani s\u00e3o desenvolvidos e produzidos nos Pa\u00edses Baixos.\u00a0<\/span><\/h1>\n<\/div>\n<\/div>\n<\/div>\n<\/div>\n<\/div>\n\n\t\t<\/div>\n\t\t\t\t\t<\/div>\n\n\t\n\n\t<div id=\"col-1684788772\" class=\"col medium-4 small-12 large-4\"  >\n\t\t\t\t<div class=\"col-inner\"  >\n\t\t\t\n\t\t\t\n\n\n\t\t<\/div>\n\t\t\t\t\t<\/div>\n\n\t\n\n<\/div>\n<div class=\"row\"  id=\"row-983964688\">\n\n\n\t<div id=\"col-1181414239\" class=\"col medium-6 small-12 large-6\"  >\n\t\t\t\t<div class=\"col-inner\"  >\n\t\t\t\n\t\t\t\n\n\t<div class=\"img has-hover x md-x lg-x y md-y lg-y\" id=\"image_1220459477\">\n\t\t\t\t\t\t\t\t<div class=\"img-inner dark\" >\n\t\t\t<img loading=\"lazy\" decoding=\"async\" width=\"749\" height=\"800\" src=\"https:\/\/maxani.nl\/wp-content\/uploads\/2023\/07\/illustraties-huid-met-watermerk-links-749x800.png\" class=\"attachment-large size-large\" alt=\"\" srcset=\"https:\/\/maxani.nl\/wp-content\/uploads\/2023\/07\/illustraties-huid-met-watermerk-links-749x800.png 749w, https:\/\/maxani.nl\/wp-content\/uploads\/2023\/07\/illustraties-huid-met-watermerk-links-375x400.png 375w, https:\/\/maxani.nl\/wp-content\/uploads\/2023\/07\/illustraties-huid-met-watermerk-links-768x820.png 768w, https:\/\/maxani.nl\/wp-content\/uploads\/2023\/07\/illustraties-huid-met-watermerk-links-1439x1536.png 1439w, https:\/\/maxani.nl\/wp-content\/uploads\/2023\/07\/illustraties-huid-met-watermerk-links-510x545.png 510w, https:\/\/maxani.nl\/wp-content\/uploads\/2023\/07\/illustraties-huid-met-watermerk-links.png 1698w\" sizes=\"auto, (max-width: 749px) 100vw, 749px\" \/>\t\t\t\t\t\t\n\t\t\t\t\t<\/div>\n\t\t\t\t\t\t\t\t\n<style>\n#image_1220459477 {\n  width: 100%;\n}\n<\/style>\n\t<\/div>\n\t\n\n\n\t\t<\/div>\n\t\t\t\t\t<\/div>\n\n\t\n\n\t<div id=\"col-1318633422\" class=\"col medium-6 small-12 large-6\"  >\n\t\t\t\t<div class=\"col-inner\"  >\n\t\t\t\n\t\t\t\n\n\t<div class=\"img has-hover x md-x lg-x y md-y lg-y\" id=\"image_1726710602\">\n\t\t\t\t\t\t\t\t<div class=\"img-inner dark\" >\n\t\t\t<img loading=\"lazy\" decoding=\"async\" width=\"566\" height=\"800\" src=\"https:\/\/maxani.nl\/wp-content\/uploads\/2023\/07\/illustraties-huid-met-watermerk-rechts-566x800.png\" class=\"attachment-large size-large\" alt=\"\" srcset=\"https:\/\/maxani.nl\/wp-content\/uploads\/2023\/07\/illustraties-huid-met-watermerk-rechts-566x800.png 566w, https:\/\/maxani.nl\/wp-content\/uploads\/2023\/07\/illustraties-huid-met-watermerk-rechts-283x400.png 283w, https:\/\/maxani.nl\/wp-content\/uploads\/2023\/07\/illustraties-huid-met-watermerk-rechts-768x1085.png 768w, https:\/\/maxani.nl\/wp-content\/uploads\/2023\/07\/illustraties-huid-met-watermerk-rechts-1087x1536.png 1087w, https:\/\/maxani.nl\/wp-content\/uploads\/2023\/07\/illustraties-huid-met-watermerk-rechts-510x721.png 510w, https:\/\/maxani.nl\/wp-content\/uploads\/2023\/07\/illustraties-huid-met-watermerk-rechts.png 1283w\" sizes=\"auto, (max-width: 566px) 100vw, 566px\" \/>\t\t\t\t\t\t\n\t\t\t\t\t<\/div>\n\t\t\t\t\t\t\t\t\n<style>\n#image_1726710602 {\n  width: 76%;\n}\n<\/style>\n\t<\/div>\n\t\n\n\n\t\t<\/div>\n\t\t\t\t\t<\/div>\n\n\t\n\n<\/div>\n<div class=\"row\"  id=\"row-1496861521\">\n\n\n\t<div id=\"col-1468003408\" class=\"col medium-8 small-12 large-8\"  >\n\t\t\t\t<div class=\"col-inner\"  >\n\t\t\t\n\t\t\t\n\n<div class=\"fl-col-group fl-node-5ee9e4992940a\" data-node=\"5ee9e4992940a\">\n<div class=\"fl-col fl-node-5ee9e49929456\" data-node=\"5ee9e49929456\">\n<div class=\"fl-col-content fl-node-content\">\n<div class=\"fl-module fl-module-heading fl-node-5ee9e499293d0\" data-node=\"5ee9e499293d0\">\n<div class=\"fl-module-content fl-node-content\">\n<p class=\"fl-heading\">Os champ\u00f4s Maxani para a pele abordam aspectos importantes para restaurar a barreira cut\u00e2nea defeituosa. Quando a barreira cut\u00e2nea \u00e9 rompida, os c\u00e3es podem desenvolver sintomas mais rapidamente. Isto causa uma maior exposi\u00e7\u00e3o a alerg\u00e9nios, agentes patog\u00e9nicos e toxinas. Os micr\u00f3bios fixam-se mais facilmente na pele e h\u00e1 um aumento da perda de \u00e1gua epid\u00e9rmica (TEWL). Nos animais com problemas de pele, principalmente na dermatite at\u00f3pica, quase todos os aspectos da pele s\u00e3o afectados. A descama\u00e7\u00e3o pode ser acelerada ou retardada (descama\u00e7\u00e3o ou n\u00e3o), o sistema imunit\u00e1rio n\u00e3o est\u00e1 a funcionar corretamente, a flora cut\u00e2nea est\u00e1 desequilibrada e a acidez da pele \u00e9 mais elevada, pelo que as infec\u00e7\u00f5es cut\u00e2neas secund\u00e1rias est\u00e3o \u00e0 espreita. \u00c9 importante reparar estes aspectos afectados e isto pode ser feito principalmente a n\u00edvel externo com champ\u00f4s Maxani para a pele.<\/p>\n<\/div>\n<\/div>\n<\/div>\n<\/div>\n<\/div>\n\n\t\t<\/div>\n\t\t\t\t\t<\/div>\n\n\t\n\n\t<div id=\"col-137205069\" class=\"col medium-4 small-12 large-4\"  >\n\t\t\t\t<div class=\"col-inner\"  >\n\t\t\t\n\t\t\t\n\n\n\t\t<\/div>\n\t\t\t\t\t<\/div>\n\n\t\n\n<\/div>\n<div class=\"row\"  id=\"row-1674083906\">\n\n\n\t<div id=\"col-2049284385\" class=\"col medium-6 small-12 large-6\"  >\n\t\t\t\t<div class=\"col-inner\"  >\n\t\t\t\n\t\t\t\n\n<p>Os champ\u00f4s Maxani para a pele s\u00e3o eficazes na limpeza do pelo e da pele sem secar muito a pele. Os champ\u00f4s Maxani para a pele cont\u00eam combina\u00e7\u00f5es importantes de\u00a0<em>emolientes<\/em>\u00a0(por exemplo, \u00f3leos ou l\u00edpidos) e humectantes (hidratantes). Isto refor\u00e7a, hidrata e protege a barreira cut\u00e2nea do animal com problemas de pele. Os champ\u00f4s para a pele Maxani s\u00e3o assim enriquecidos com l\u00edpidos protectores e restauradores da barreira cut\u00e2nea derivados do SK-in\ufb02ux\u00ae V. Este complexo \u00fanico de l\u00edpidos, constitu\u00eddo por ceramidas, colesterol e \u00e1cidos gordos livres, tamb\u00e9m ocorre naturalmente na pele de c\u00e3es e gatos. A propor\u00e7\u00e3o correta de l\u00edpidos \u00e9 essencial para a absor\u00e7\u00e3o adequada dos l\u00edpidos na pele. Uma barreira cut\u00e2nea danificada, por exemplo devido a dermatite at\u00f3pica ou seborreia, recupera mais rapidamente atrav\u00e9s da aplica\u00e7\u00e3o direta de ceramidas ou \u00e1cidos gordos por via t\u00f3pica. A fitoesfingosina encontra-se naturalmente no estrato c\u00f3rneo. A adi\u00e7\u00e3o de fitoespingosina protege a barreira cut\u00e2nea e tem efeitos anti-inflamat\u00f3rios e antibacterianos. A fitoesfingosina \u00e9 necess\u00e1ria para v\u00e1rios processos celulares, incluindo a diferencia\u00e7\u00e3o celular.<\/p>\n\n\t\t<\/div>\n\t\t\t\t\t<\/div>\n\n\t\n\n\t<div id=\"col-24549392\" class=\"col medium-6 small-12 large-6\"  >\n\t\t\t\t<div class=\"col-inner\"  >\n\t\t\t\n\t\t\t\n\n\t<div class=\"img has-hover x md-x lg-x y md-y lg-y\" id=\"image_83917470\">\n\t\t\t\t\t\t\t\t<div class=\"img-inner dark\" >\n\t\t\t<img loading=\"lazy\" decoding=\"async\" width=\"996\" height=\"800\" src=\"https:\/\/maxani.nl\/wp-content\/uploads\/2023\/07\/illustraties-huid-Humectant-Emollient-met-watermerk-2048x1645-1-996x800.png\" class=\"attachment-large size-large\" alt=\"\" srcset=\"https:\/\/maxani.nl\/wp-content\/uploads\/2023\/07\/illustraties-huid-Humectant-Emollient-met-watermerk-2048x1645-1-996x800.png 996w, https:\/\/maxani.nl\/wp-content\/uploads\/2023\/07\/illustraties-huid-Humectant-Emollient-met-watermerk-2048x1645-1-498x400.png 498w, https:\/\/maxani.nl\/wp-content\/uploads\/2023\/07\/illustraties-huid-Humectant-Emollient-met-watermerk-2048x1645-1-768x617.png 768w, https:\/\/maxani.nl\/wp-content\/uploads\/2023\/07\/illustraties-huid-Humectant-Emollient-met-watermerk-2048x1645-1-1536x1234.png 1536w, https:\/\/maxani.nl\/wp-content\/uploads\/2023\/07\/illustraties-huid-Humectant-Emollient-met-watermerk-2048x1645-1-510x410.png 510w, https:\/\/maxani.nl\/wp-content\/uploads\/2023\/07\/illustraties-huid-Humectant-Emollient-met-watermerk-2048x1645-1.png 2048w\" sizes=\"auto, (max-width: 996px) 100vw, 996px\" \/>\t\t\t\t\t\t\n\t\t\t\t\t<\/div>\n\t\t\t\t\t\t\t\t\n<style>\n#image_83917470 {\n  width: 100%;\n}\n<\/style>\n\t<\/div>\n\t\n\n\n\t\t<\/div>\n\t\t\t\t\t<\/div>\n\n\t\n\n<\/div>\n<div class=\"row\"  id=\"row-1084161081\">\n\n\n\t<div id=\"col-149086997\" class=\"col medium-8 small-12 large-8\"  >\n\t\t\t\t<div class=\"col-inner\"  >\n\t\t\t\n\t\t\t\n\n<div class=\"fl-col-group fl-node-5ee9e4992940a\" data-node=\"5ee9e4992940a\">\n<div class=\"fl-col fl-node-5ee9e49929456\" data-node=\"5ee9e49929456\">\n<div class=\"fl-col-content fl-node-content\">\n<div class=\"fl-module fl-module-heading fl-node-5ee9e499293d0\" data-node=\"5ee9e499293d0\">\n<div class=\"fl-module-content fl-node-content\">\n<p class=\"fl-heading\">Com uma barreira cut\u00e2nea enfraquecida, a pele perde muita humidade, causando secura e comich\u00e3o. Todos os champ\u00f4s Maxani para a pele cont\u00eam humectantes como o \u00e1cido hialur\u00f3nico para restaurar a humidade e a elasticidade da pele. O \u00e1cido hialur\u00f3nico e o mel, juntamente com o pantenol, tamb\u00e9m cuidam da pelagem seca e ba\u00e7a. O mel contribui para uma boa microflora e ajuda a reduzir a comich\u00e3o e a descama\u00e7\u00e3o, devido \u00e0s vitaminas e minerais que cont\u00e9m. Al\u00e9m disso, cada champ\u00f4 para a pele Maxani cont\u00e9m ingredientes \u00fanicos adaptados \u00e0s necessidades espec\u00edficas do animal de estima\u00e7\u00e3o com um problema de pele.<\/p>\n<\/div>\n<\/div>\n<\/div>\n<\/div>\n<\/div>\n\n\t\t<\/div>\n\t\t\t\t\t<\/div>\n\n\t\n\n\t<div id=\"col-1049839458\" class=\"col medium-4 small-12 large-4\"  >\n\t\t\t\t<div class=\"col-inner\"  >\n\t\t\t\n\t\t\t\n\n\n\t\t<\/div>\n\t\t\t\t\t<\/div>\n\n\t\n\n<\/div>\n\n\t\t<\/div>\n\n\t\t\n<style>\n#section_1507722445 {\n  padding-top: 60px;\n  padding-bottom: 60px;\n  min-height: 300px;\n}\n<\/style>\n\t<\/section>","protected":false},"excerpt":{"rendered":"","protected":false},"author":1,"featured_media":0,"parent":0,"menu_order":0,"comment_status":"closed","ping_status":"closed","template":"page-blank.php","meta":{"footnotes":""},"class_list":["post-11807","page","type-page","status-publish","hentry"],"yoast_head":"<!-- This site is optimized with the Yoast SEO plugin v27.1.1 - https:\/\/yoast.com\/product\/yoast-seo-wordpress\/ -->\n<title>Unieke formule - Maxani Animal Healthcare BV<\/title>\n<meta name=\"robots\" content=\"index, follow, max-snippet:-1, max-image-preview:large, max-video-preview:-1\" \/>\n<link rel=\"canonical\" href=\"https:\/\/maxani.nl\/pt\/unieke-formule\/\" \/>\n<meta property=\"og:locale\" content=\"pt_PT\" \/>\n<meta property=\"og:type\" content=\"article\" \/>\n<meta property=\"og:title\" content=\"Unieke formule - Maxani Animal Healthcare BV\" \/>\n<meta property=\"og:url\" content=\"https:\/\/maxani.nl\/pt\/unieke-formule\/\" \/>\n<meta property=\"og:site_name\" content=\"Maxani Animal Healthcare BV\" \/>\n<meta property=\"article:modified_time\" content=\"2025-05-30T14:03:25+00:00\" \/>\n<meta name=\"twitter:card\" content=\"summary_large_image\" \/>\n<script type=\"application\/ld+json\" class=\"yoast-schema-graph\">{\"@context\":\"https:\/\/schema.org\",\"@graph\":[{\"@type\":\"WebPage\",\"@id\":\"https:\/\/maxani.nl\/unieke-formule\/\",\"url\":\"https:\/\/maxani.nl\/unieke-formule\/\",\"name\":\"Unieke formule - Maxani Animal Healthcare BV\",\"isPartOf\":{\"@id\":\"https:\/\/maxani.nl\/#website\"},\"datePublished\":\"2023-07-07T17:30:57+00:00\",\"dateModified\":\"2025-05-30T14:03:25+00:00\",\"breadcrumb\":{\"@id\":\"https:\/\/maxani.nl\/unieke-formule\/#breadcrumb\"},\"inLanguage\":\"pt-PT\",\"potentialAction\":[{\"@type\":\"ReadAction\",\"target\":[\"https:\/\/maxani.nl\/unieke-formule\/\"]}]},{\"@type\":\"BreadcrumbList\",\"@id\":\"https:\/\/maxani.nl\/unieke-formule\/#breadcrumb\",\"itemListElement\":[{\"@type\":\"ListItem\",\"position\":1,\"name\":\"Home\",\"item\":\"https:\/\/maxani.nl\/\"},{\"@type\":\"ListItem\",\"position\":2,\"name\":\"Unieke formule\"}]},{\"@type\":\"WebSite\",\"@id\":\"https:\/\/maxani.nl\/#website\",\"url\":\"https:\/\/maxani.nl\/\",\"name\":\"Maxani Animal Healthcare BV\",\"description\":\"Uw partner in veterinaire dermatologie\",\"potentialAction\":[{\"@type\":\"SearchAction\",\"target\":{\"@type\":\"EntryPoint\",\"urlTemplate\":\"https:\/\/maxani.nl\/?s={search_term_string}\"},\"query-input\":{\"@type\":\"PropertyValueSpecification\",\"valueRequired\":true,\"valueName\":\"search_term_string\"}}],\"inLanguage\":\"pt-PT\"}]}<\/script>\n<!-- \/ Yoast SEO plugin. -->","yoast_head_json":{"title":"Unieke formule - Maxani Animal Healthcare BV","robots":{"index":"index","follow":"follow","max-snippet":"max-snippet:-1","max-image-preview":"max-image-preview:large","max-video-preview":"max-video-preview:-1"},"canonical":"https:\/\/maxani.nl\/pt\/unieke-formule\/","og_locale":"pt_PT","og_type":"article","og_title":"Unieke formule - Maxani Animal Healthcare BV","og_url":"https:\/\/maxani.nl\/pt\/unieke-formule\/","og_site_name":"Maxani Animal Healthcare BV","article_modified_time":"2025-05-30T14:03:25+00:00","twitter_card":"summary_large_image","schema":{"@context":"https:\/\/schema.org","@graph":[{"@type":"WebPage","@id":"https:\/\/maxani.nl\/unieke-formule\/","url":"https:\/\/maxani.nl\/unieke-formule\/","name":"Unieke formule - Maxani Animal Healthcare BV","isPartOf":{"@id":"https:\/\/maxani.nl\/#website"},"datePublished":"2023-07-07T17:30:57+00:00","dateModified":"2025-05-30T14:03:25+00:00","breadcrumb":{"@id":"https:\/\/maxani.nl\/unieke-formule\/#breadcrumb"},"inLanguage":"pt-PT","potentialAction":[{"@type":"ReadAction","target":["https:\/\/maxani.nl\/unieke-formule\/"]}]},{"@type":"BreadcrumbList","@id":"https:\/\/maxani.nl\/unieke-formule\/#breadcrumb","itemListElement":[{"@type":"ListItem","position":1,"name":"Home","item":"https:\/\/maxani.nl\/"},{"@type":"ListItem","position":2,"name":"Unieke formule"}]},{"@type":"WebSite","@id":"https:\/\/maxani.nl\/#website","url":"https:\/\/maxani.nl\/","name":"Maxani Animal Healthcare BV","description":"O seu parceiro em dermatologia veterin\u00e1ria","potentialAction":[{"@type":"SearchAction","target":{"@type":"EntryPoint","urlTemplate":"https:\/\/maxani.nl\/?s={search_term_string}"},"query-input":{"@type":"PropertyValueSpecification","valueRequired":true,"valueName":"search_term_string"}}],"inLanguage":"pt-PT"}]}},"jetpack_sharing_enabled":true,"_links":{"self":[{"href":"https:\/\/maxani.nl\/pt\/wp-json\/wp\/v2\/pages\/11807","targetHints":{"allow":["GET"]}}],"collection":[{"href":"https:\/\/maxani.nl\/pt\/wp-json\/wp\/v2\/pages"}],"about":[{"href":"https:\/\/maxani.nl\/pt\/wp-json\/wp\/v2\/types\/page"}],"author":[{"embeddable":true,"href":"https:\/\/maxani.nl\/pt\/wp-json\/wp\/v2\/users\/1"}],"replies":[{"embeddable":true,"href":"https:\/\/maxani.nl\/pt\/wp-json\/wp\/v2\/comments?post=11807"}],"version-history":[{"count":6,"href":"https:\/\/maxani.nl\/pt\/wp-json\/wp\/v2\/pages\/11807\/revisions"}],"predecessor-version":[{"id":17195,"href":"https:\/\/maxani.nl\/pt\/wp-json\/wp\/v2\/pages\/11807\/revisions\/17195"}],"wp:attachment":[{"href":"https:\/\/maxani.nl\/pt\/wp-json\/wp\/v2\/media?parent=11807"}],"curies":[{"name":"wp","href":"https:\/\/api.w.org\/{rel}","templated":true}]}}