{"id":11797,"date":"2023-07-07T17:23:32","date_gmt":"2023-07-07T17:23:32","guid":{"rendered":"https:\/\/maxani.nl\/?page_id=11797"},"modified":"2025-05-29T11:15:25","modified_gmt":"2025-05-29T11:15:25","slug":"privacy-beleid","status":"publish","type":"page","link":"https:\/\/maxani.nl\/pt\/privacy-beleid\/","title":{"rendered":"Pol\u00edtica de privacidade"},"content":{"rendered":"<section class=\"section\" id=\"section_1997205169\">\n\t\t<div class=\"section-bg fill\" >\n\t\t\t\t\t\t\t\t\t\n\t\t\t\n\t<div class=\"is-border\"\n\t\tstyle=\"border-color:rgb(235, 235, 235);border-width:1px 0px 0px 0px;\">\n\t<\/div>\n\n\t\t<\/div>\n\n\t\t\n\n\t\t<div class=\"section-content relative\">\n\t\t\t\n\n<div class=\"row\"  id=\"row-939129626\">\n\n\n\t<div id=\"col-727995647\" class=\"col medium-8 small-12 large-8\"  >\n\t\t\t\t<div class=\"col-inner\"  >\n\t\t\t\n\t\t\t\n\n\t<div id=\"text-3249287461\" class=\"text\">\n\t\t\n\n<h1>Pol\u00edtica de privacidade<\/h1>\n\t\t\n<style>\n#text-3249287461 {\n  font-size: 1.4rem;\n}\n<\/style>\n\t<\/div>\n\t\n<p><em>Esta p\u00e1gina foi modificada pela \u00faltima vez em 25 de julho de 2019.<\/em><\/p>\n<p>Estamos conscientes de que deposita a sua confian\u00e7a em n\u00f3s. Por isso, consideramos ser nossa responsabilidade proteger a sua privacidade. Nesta p\u00e1gina, damos-lhe a conhecer os dados que recolhemos quando utiliza o nosso s\u00edtio Web, por que raz\u00e3o recolhemos esses dados e como os utilizamos para melhorar a sua experi\u00eancia de utilizador. Desta forma, compreender\u00e1 exatamente como trabalhamos.<\/p>\n<p>Esta pol\u00edtica de privacidade aplica-se aos servi\u00e7os da Maxani Animal Healthcare BV. Deve estar ciente de que a Maxani Animal Healthcare BV n\u00e3o \u00e9 respons\u00e1vel pelas pol\u00edticas de privacidade de outros s\u00edtios e fontes. Ao utilizar este s\u00edtio Web, o utilizador indica a sua aceita\u00e7\u00e3o da pol\u00edtica de privacidade.<\/p>\n<p>A Maxani Animal Healthcare BV respeita a privacidade de todos os utilizadores do seu s\u00edtio e garante que as informa\u00e7\u00f5es pessoais que nos fornece s\u00e3o tratadas confidencialmente.<\/p>\n<p>\u00a0<\/p>\n<h4><strong>Utiliza\u00e7\u00e3o dos nossos servi\u00e7os<\/strong><\/h4>\n<p>Quando se regista no nosso s\u00edtio Web, pedimos-lhe que forne\u00e7a dados pessoais. Estes dados s\u00e3o utilizados para efetuar o servi\u00e7o. Os dados ser\u00e3o armazenados nos servidores seguros da Maxani Animal Healthcare BV ou de terceiros. N\u00e3o combinaremos estes dados com outros dados pessoais na nossa posse.<\/p>\n<p>\u00a0<\/p>\n<h4><strong>Comunica\u00e7\u00f5es<\/strong><\/h4>\n<p>Quando nos envia uma mensagem de correio eletr\u00f3nico ou outras mensagens, podemos conservar essas mensagens. Por vezes, pedimos-lhe os seus dados pessoais relevantes para a situa\u00e7\u00e3o em causa. Isto permite-nos processar as suas quest\u00f5es e responder aos seus pedidos. Os dados s\u00e3o armazenados nos servidores seguros da Maxani Animal Healthcare BV ou de terceiros. N\u00e3o combinaremos estes dados com outros dados pessoais na nossa posse.<\/p>\n<p>\u00a0<\/p>\n<h4><strong>Biscoitos<\/strong><\/h4>\n<p>Recolhemos dados para fins de investiga\u00e7\u00e3o, a fim de compreendermos melhor os nossos clientes e podermos adaptar os nossos servi\u00e7os em conformidade.<\/p>\n<p>Este s\u00edtio Web utiliza \"cookies\" (ficheiros de texto colocados no seu computador) para ajudar o s\u00edtio Web a analisar a forma como os utilizadores utilizam o s\u00edtio. As informa\u00e7\u00f5es geradas pelo cookie sobre a sua utiliza\u00e7\u00e3o do s\u00edtio Web podem ser transferidas para os servidores seguros da Maxani Animal Healthcare BV ou de terceiros. Utilizamos esta informa\u00e7\u00e3o para acompanhar a forma como utiliza o site, para compilar relat\u00f3rios sobre a atividade do site e para oferecer outros servi\u00e7os relacionados com a atividade do site e a utiliza\u00e7\u00e3o da Internet.<\/p>\n<p>\u00a0<\/p>\n<h4><strong>Objectivos<\/strong><\/h4>\n<p>N\u00e3o recolhemos nem utilizamos informa\u00e7\u00f5es para outros fins que n\u00e3o os descritos na presente pol\u00edtica de privacidade, exceto se tivermos obtido o seu consentimento pr\u00e9vio.<\/p>\n<p>\u00a0<\/p>\n<h4><strong>Terceiros<\/strong><\/h4>\n<p>As informa\u00e7\u00f5es n\u00e3o s\u00e3o partilhadas com terceiros. Em alguns casos, as informa\u00e7\u00f5es podem ser partilhadas internamente. Os nossos funcion\u00e1rios s\u00e3o obrigados a respeitar a confidencialidade dos seus dados.<\/p>\n<p>\u00a0<\/p>\n<h4><strong>Altera\u00e7\u00f5es<\/strong><\/h4>\n<p>Esta declara\u00e7\u00e3o de privacidade \u00e9 adaptada \u00e0 utiliza\u00e7\u00e3o e \u00e0s carater\u00edsticas deste s\u00edtio. Quaisquer ajustes e\/ou altera\u00e7\u00f5es ao s\u00edtio Web podem resultar em altera\u00e7\u00f5es \u00e0 presente declara\u00e7\u00e3o de privacidade. Por conseguinte, \u00e9 aconselh\u00e1vel consultar regularmente esta declara\u00e7\u00e3o de privacidade.<\/p>\n<p>\u00a0<\/p>\n<h4><strong>Op\u00e7\u00f5es para dados pessoais<\/strong><\/h4>\n<p>Oferecemos a todos os visitantes a oportunidade de ver, alterar ou eliminar qualquer informa\u00e7\u00e3o pessoal que nos tenha sido fornecida.<\/p>\n<p>\u00a0<\/p>\n<h4><strong>Personalizar\/anular a subscri\u00e7\u00e3o do servi\u00e7o de boletim informativo<\/strong><\/h4>\n<p>Na parte inferior de cada mensagem, encontrar\u00e1 a op\u00e7\u00e3o de editar os seus dados ou anular a subscri\u00e7\u00e3o da newsletter.<\/p>\n<p>\u00a0<\/p>\n<h4><strong>Ajustar\/anular a subscri\u00e7\u00e3o de comunica\u00e7\u00f5es<\/strong><\/h4>\n<p>Se pretender alterar os seus dados ou ser removido dos nossos ficheiros, contacte-nos. Ver detalhes de contacto abaixo.<\/p>\n<p>\u00a0<\/p>\n<h4><strong>Desativar cookies<\/strong><\/h4>\n<p>A maioria dos browsers est\u00e1 configurada para aceitar cookies por defeito, mas o utilizador pode redefinir o seu browser para recusar todos os cookies ou para indicar quando um cookie \u00e9 enviado. No entanto, algumas funcionalidades e servi\u00e7os, no nosso e noutros s\u00edtios Web, podem n\u00e3o funcionar corretamente se os cookies estiverem desactivados no seu browser.<\/p>\n<p>\u00a0<\/p>\n<h4><strong>Perguntas e coment\u00e1rios<\/strong><\/h4>\n<p>Verificamos regularmente a nossa conformidade com esta pol\u00edtica de privacidade. Se tiver alguma d\u00favida sobre esta pol\u00edtica de privacidade, contacte-nos:<\/p>\n<p>Maxani Animal Healthcare BV<br \/>Lark Avenue 14b<br \/>+31 (0)30 751 7067<br \/>info@maxani.nl<\/p>\n<p>\u00a0<\/p>\n\n\t\t<\/div>\n\t\t\t\t\t<\/div>\n\n\t\n\n<\/div>\n\n\t\t<\/div>\n\n\t\t\n<style>\n#section_1997205169 {\n  padding-top: 60px;\n  padding-bottom: 60px;\n  min-height: 300px;\n}\n<\/style>\n\t<\/section>","protected":false},"excerpt":{"rendered":"","protected":false},"author":1,"featured_media":0,"parent":0,"menu_order":0,"comment_status":"closed","ping_status":"closed","template":"page-blank.php","meta":{"footnotes":""},"class_list":["post-11797","page","type-page","status-publish","hentry"],"yoast_head":"<!-- This site is optimized with the Yoast SEO plugin v27.1.1 - https:\/\/yoast.com\/product\/yoast-seo-wordpress\/ -->\n<title>Privacy beleid - Maxani Animal Healthcare BV<\/title>\n<meta name=\"robots\" content=\"index, follow, max-snippet:-1, max-image-preview:large, max-video-preview:-1\" \/>\n<link rel=\"canonical\" href=\"https:\/\/maxani.nl\/pt\/privacy-beleid\/\" \/>\n<meta property=\"og:locale\" content=\"pt_PT\" \/>\n<meta property=\"og:type\" content=\"article\" \/>\n<meta property=\"og:title\" content=\"Privacy beleid - Maxani Animal Healthcare BV\" \/>\n<meta property=\"og:url\" content=\"https:\/\/maxani.nl\/pt\/privacy-beleid\/\" \/>\n<meta property=\"og:site_name\" content=\"Maxani Animal Healthcare BV\" \/>\n<meta property=\"article:modified_time\" content=\"2025-05-29T11:15:25+00:00\" \/>\n<meta name=\"twitter:card\" content=\"summary_large_image\" \/>\n<script type=\"application\/ld+json\" class=\"yoast-schema-graph\">{\"@context\":\"https:\/\/schema.org\",\"@graph\":[{\"@type\":\"WebPage\",\"@id\":\"https:\/\/maxani.nl\/privacy-beleid\/\",\"url\":\"https:\/\/maxani.nl\/privacy-beleid\/\",\"name\":\"Privacy beleid - Maxani Animal Healthcare BV\",\"isPartOf\":{\"@id\":\"https:\/\/maxani.nl\/#website\"},\"datePublished\":\"2023-07-07T17:23:32+00:00\",\"dateModified\":\"2025-05-29T11:15:25+00:00\",\"breadcrumb\":{\"@id\":\"https:\/\/maxani.nl\/privacy-beleid\/#breadcrumb\"},\"inLanguage\":\"pt-PT\",\"potentialAction\":[{\"@type\":\"ReadAction\",\"target\":[\"https:\/\/maxani.nl\/privacy-beleid\/\"]}]},{\"@type\":\"BreadcrumbList\",\"@id\":\"https:\/\/maxani.nl\/privacy-beleid\/#breadcrumb\",\"itemListElement\":[{\"@type\":\"ListItem\",\"position\":1,\"name\":\"Home\",\"item\":\"https:\/\/maxani.nl\/\"},{\"@type\":\"ListItem\",\"position\":2,\"name\":\"Privacy beleid\"}]},{\"@type\":\"WebSite\",\"@id\":\"https:\/\/maxani.nl\/#website\",\"url\":\"https:\/\/maxani.nl\/\",\"name\":\"Maxani Animal Healthcare BV\",\"description\":\"Uw partner in veterinaire dermatologie\",\"potentialAction\":[{\"@type\":\"SearchAction\",\"target\":{\"@type\":\"EntryPoint\",\"urlTemplate\":\"https:\/\/maxani.nl\/?s={search_term_string}\"},\"query-input\":{\"@type\":\"PropertyValueSpecification\",\"valueRequired\":true,\"valueName\":\"search_term_string\"}}],\"inLanguage\":\"pt-PT\"}]}<\/script>\n<!-- \/ Yoast SEO plugin. -->","yoast_head_json":{"title":"Privacy beleid - Maxani Animal Healthcare BV","robots":{"index":"index","follow":"follow","max-snippet":"max-snippet:-1","max-image-preview":"max-image-preview:large","max-video-preview":"max-video-preview:-1"},"canonical":"https:\/\/maxani.nl\/pt\/privacy-beleid\/","og_locale":"pt_PT","og_type":"article","og_title":"Privacy beleid - Maxani Animal Healthcare BV","og_url":"https:\/\/maxani.nl\/pt\/privacy-beleid\/","og_site_name":"Maxani Animal Healthcare BV","article_modified_time":"2025-05-29T11:15:25+00:00","twitter_card":"summary_large_image","schema":{"@context":"https:\/\/schema.org","@graph":[{"@type":"WebPage","@id":"https:\/\/maxani.nl\/privacy-beleid\/","url":"https:\/\/maxani.nl\/privacy-beleid\/","name":"Privacy beleid - Maxani Animal Healthcare BV","isPartOf":{"@id":"https:\/\/maxani.nl\/#website"},"datePublished":"2023-07-07T17:23:32+00:00","dateModified":"2025-05-29T11:15:25+00:00","breadcrumb":{"@id":"https:\/\/maxani.nl\/privacy-beleid\/#breadcrumb"},"inLanguage":"pt-PT","potentialAction":[{"@type":"ReadAction","target":["https:\/\/maxani.nl\/privacy-beleid\/"]}]},{"@type":"BreadcrumbList","@id":"https:\/\/maxani.nl\/privacy-beleid\/#breadcrumb","itemListElement":[{"@type":"ListItem","position":1,"name":"Home","item":"https:\/\/maxani.nl\/"},{"@type":"ListItem","position":2,"name":"Privacy beleid"}]},{"@type":"WebSite","@id":"https:\/\/maxani.nl\/#website","url":"https:\/\/maxani.nl\/","name":"Maxani Animal Healthcare BV","description":"O seu parceiro em dermatologia veterin\u00e1ria","potentialAction":[{"@type":"SearchAction","target":{"@type":"EntryPoint","urlTemplate":"https:\/\/maxani.nl\/?s={search_term_string}"},"query-input":{"@type":"PropertyValueSpecification","valueRequired":true,"valueName":"search_term_string"}}],"inLanguage":"pt-PT"}]}},"jetpack_sharing_enabled":true,"_links":{"self":[{"href":"https:\/\/maxani.nl\/pt\/wp-json\/wp\/v2\/pages\/11797","targetHints":{"allow":["GET"]}}],"collection":[{"href":"https:\/\/maxani.nl\/pt\/wp-json\/wp\/v2\/pages"}],"about":[{"href":"https:\/\/maxani.nl\/pt\/wp-json\/wp\/v2\/types\/page"}],"author":[{"embeddable":true,"href":"https:\/\/maxani.nl\/pt\/wp-json\/wp\/v2\/users\/1"}],"replies":[{"embeddable":true,"href":"https:\/\/maxani.nl\/pt\/wp-json\/wp\/v2\/comments?post=11797"}],"version-history":[{"count":3,"href":"https:\/\/maxani.nl\/pt\/wp-json\/wp\/v2\/pages\/11797\/revisions"}],"predecessor-version":[{"id":17192,"href":"https:\/\/maxani.nl\/pt\/wp-json\/wp\/v2\/pages\/11797\/revisions\/17192"}],"wp:attachment":[{"href":"https:\/\/maxani.nl\/pt\/wp-json\/wp\/v2\/media?parent=11797"}],"curies":[{"name":"wp","href":"https:\/\/api.w.org\/{rel}","templated":true}]}}