{"id":11789,"date":"2023-07-07T17:16:14","date_gmt":"2023-07-07T17:16:14","guid":{"rendered":"https:\/\/maxani.nl\/?page_id=11789"},"modified":"2023-07-14T14:09:36","modified_gmt":"2023-07-14T14:09:36","slug":"maxani","status":"publish","type":"page","link":"https:\/\/maxani.nl\/pt\/maxani\/","title":{"rendered":"Maxani productinformatie"},"content":{"rendered":"<section class=\"section\" id=\"section_28936642\">\n\t\t<div class=\"section-bg fill\" >\n\t\t\t<img loading=\"lazy\" decoding=\"async\" width=\"1718\" height=\"2560\" src=\"https:\/\/maxani.nl\/wp-content\/uploads\/2023\/07\/Achtergrond-voor-website-Maxani2-scaled.jpg\" class=\"bg attachment-original size-original\" alt=\"\" \/>\t\t\t\t\t\t\n\t\t\t\n\t<div class=\"is-border\"\n\t\tstyle=\"border-color:rgb(235, 235, 235);border-width:1px 0px 0px 0px;\">\n\t<\/div>\n\n\t\t<\/div>\n\n\t\t\n\n\t\t<div class=\"section-content relative\">\n\t\t\t\n\n<div class=\"row\"  id=\"row-1810328126\">\n\n\n\t<div id=\"col-1839898378\" class=\"col medium-8 small-12 large-8\"  >\n\t\t\t\t<div class=\"col-inner\"  >\n\t\t\t\n\t\t\t\n\n<div class=\"pp-heading  pp-center\">\n<h1 class=\"heading-title\"><span class=\"title-text pp-primary-title\">Informa\u00e7\u00e3o e aprofundamento do produto<\/span><\/h1>\n<\/div>\n<div class=\"pp-sub-heading\">\n<p>A gama Maxani inclui uma vasta gama de produtos dermatol\u00f3gicos de\u00a0<a href=\"https:\/\/maxani.nl\/pt\/maxani-2\/\">Maxani<\/a>. Os produtos s\u00e3o compostos por ingredientes de alta qualidade, sendo os mais importantes destacados nesta p\u00e1gina.\u00a0<\/p>\n<\/div>\n<a href=\"https:\/\/maxani.nl\/pt\/maxani-2\/\" class=\"button primary is-small\" >\n\t\t<span>Mais informa\u00e7\u00f5es sobre os produtos<\/span>\n\t<\/a>\n\n\n\n\t\t<\/div>\n\t\t\t\t\t<\/div>\n\n\t\n\n\t<div id=\"col-399553627\" class=\"col medium-4 small-12 large-4\"  >\n\t\t\t\t<div class=\"col-inner\"  >\n\t\t\t\n\t\t\t\n\n\t<div class=\"img has-hover x md-x lg-x y md-y lg-y\" id=\"image_133135317\">\n\t\t\t\t\t\t\t\t<div class=\"img-inner dark\" >\n\t\t\t<img loading=\"lazy\" decoding=\"async\" width=\"1024\" height=\"277\" src=\"https:\/\/maxani.nl\/wp-content\/uploads\/2023\/06\/Maxani-logo-klein.png\" class=\"attachment-original size-original\" alt=\"\" srcset=\"https:\/\/maxani.nl\/wp-content\/uploads\/2023\/06\/Maxani-logo-klein.png 1024w, https:\/\/maxani.nl\/wp-content\/uploads\/2023\/06\/Maxani-logo-klein-510x138.png 510w, https:\/\/maxani.nl\/wp-content\/uploads\/2023\/06\/Maxani-logo-klein-300x81.png 300w, https:\/\/maxani.nl\/wp-content\/uploads\/2023\/06\/Maxani-logo-klein-768x208.png 768w\" sizes=\"auto, (max-width: 1024px) 100vw, 1024px\" \/>\t\t\t\t\t\t\n\t\t\t\t\t<\/div>\n\t\t\t\t\t\t\t\t\n<style>\n#image_133135317 {\n  width: 100%;\n}\n<\/style>\n\t<\/div>\n\t\n\n\n\t\t<\/div>\n\t\t\t\t\t<\/div>\n\n\t\n\n<\/div>\n<div class=\"row\"  id=\"row-1585018769\">\n\n\n\t<div id=\"col-1251632991\" class=\"col medium-6 small-12 large-6\"  >\n\t\t\t\t<div class=\"col-inner\"  >\n\t\t\t\n\t\t\t\n\n<div class=\"fl-module fl-module-heading fl-node-5f1fe9dd0492a\" data-node=\"5f1fe9dd0492a\">\n<div class=\"fl-module-content fl-node-content\">\n<h2 class=\"fl-heading\"><span class=\"fl-heading-text\">\u00c1cido hialur\u00f3nico<\/span><\/h2>\n<\/div>\n<\/div>\n<div class=\"fl-module fl-module-rich-text fl-node-5f1fe9afcb412\" data-node=\"5f1fe9afcb412\">\n<div class=\"fl-module-content fl-node-content\">\n<div class=\"fl-rich-text\">\n<p>Muitos dos nossos produtos cont\u00eam \u00e1cido hialur\u00f3nico: um ingrediente poderoso e natural que d\u00e1 um impulso \u00e0 pele. O \u00e1cido hialur\u00f3nico \u00e9 cada vez mais conhecido no mundo dos cuidados da pele. E com boas raz\u00f5es! Este ingrediente \u00e9 \u00f3timo n\u00e3o s\u00f3 para os humanos, mas tamb\u00e9m para os animais. O \u00e1cido hialur\u00f3nico ocorre naturalmente na pele humana e animal. Um enke<span class=\"text_exposed_show\">A mol\u00e9cula de \u00e1cido hialur\u00f3nico pode conter at\u00e9 1000 vezes o seu pr\u00f3prio peso em \u00e1gua, o que lhe permite hidratar adequadamente a pele. O \u00e1cido hialur\u00f3nico regula naturalmente a absor\u00e7\u00e3o da humidade e proporciona \u00e0 pele uma prote\u00e7\u00e3o a longo prazo. Al\u00e9m disso, o \u00e1cido hialur\u00f3nico refor\u00e7a a elasticidade da pele, o que resulta numa pele e num pelo saud\u00e1veis e resistentes.<\/span><\/p>\n<\/div>\n<\/div>\n<\/div>\n\n\t\t<\/div>\n\t\t\t\t\t<\/div>\n\n\t\n\n\t<div id=\"col-229932545\" class=\"col medium-6 small-12 large-6\"  >\n\t\t\t\t<div class=\"col-inner\"  >\n\t\t\t\n\t\t\t\n\n<div class=\"fl-module fl-module-heading fl-node-5f1fe9ee2204a\" data-node=\"5f1fe9ee2204a\">\n<div class=\"fl-module-content fl-node-content\">\n<h2 class=\"fl-heading\"><span class=\"fl-heading-text\">L\u00edpidos da pele<\/span><\/h2>\n<\/div>\n<\/div>\n<div class=\"fl-module fl-module-rich-text fl-node-5f1fe9c07287f\" data-node=\"5f1fe9c07287f\">\n<div class=\"fl-module-content fl-node-content\">\n<div class=\"fl-rich-text\">\n<p>A pele \u00e9 constitu\u00edda por v\u00e1rias camadas. A camada superior \u00e9 a epiderme (a epiderme), uma camada que protege as camadas subjacentes. A epiderme pode ser considerada como uma parede de blocos de constru\u00e7\u00e3o e cimento. Quando os blocos de constru\u00e7\u00e3o se encontram ordenadamente lado a lado e o cimento mant\u00e9m tudo bem unido, a barreira cut\u00e2nea est\u00e1 protegida das influ\u00eancias externas. Os l\u00edpidos da pele, constitu\u00eddos por ceramidas, colesterol e \u00e1cidos gordos, proporcionam uma prote\u00e7\u00e3o adicional aos blocos de constru\u00e7\u00e3o. Por isso, \u00e9 importante repor estas subst\u00e2ncias quando a pele \u00e9 danificada, para que a barreira cut\u00e2nea se torne novamente mais forte. Os champ\u00f4s Maxani para a pele cont\u00eam estas importantes subst\u00e2ncias e oferecem, assim, um poderoso contributo para a repara\u00e7\u00e3o da pele.<\/p>\n<\/div>\n<\/div>\n<\/div>\n\n\t\t<\/div>\n\t\t\t\t\t<\/div>\n\n\t\n\n<\/div>\n\n\t\t<\/div>\n\n\t\t\n<style>\n#section_28936642 {\n  padding-top: 60px;\n  padding-bottom: 60px;\n  min-height: 300px;\n}\n<\/style>\n\t<\/section>","protected":false},"excerpt":{"rendered":"","protected":false},"author":1,"featured_media":0,"parent":0,"menu_order":0,"comment_status":"closed","ping_status":"closed","template":"page-blank.php","meta":{"footnotes":""},"class_list":["post-11789","page","type-page","status-publish","hentry"],"yoast_head":"<!-- This site is optimized with the Yoast SEO plugin v27.5 - https:\/\/yoast.com\/product\/yoast-seo-wordpress\/ -->\n<title>Maxani productinformatie - Maxani Animal Healthcare BV<\/title>\n<meta name=\"robots\" content=\"index, follow, max-snippet:-1, max-image-preview:large, max-video-preview:-1\" \/>\n<link rel=\"canonical\" href=\"https:\/\/maxani.nl\/pt\/maxani\/\" \/>\n<meta property=\"og:locale\" content=\"pt_PT\" \/>\n<meta property=\"og:type\" content=\"article\" \/>\n<meta property=\"og:title\" content=\"Maxani productinformatie - Maxani Animal Healthcare BV\" \/>\n<meta property=\"og:url\" content=\"https:\/\/maxani.nl\/pt\/maxani\/\" \/>\n<meta property=\"og:site_name\" content=\"Maxani Animal Healthcare BV\" \/>\n<meta property=\"article:modified_time\" content=\"2023-07-14T14:09:36+00:00\" \/>\n<meta name=\"twitter:card\" content=\"summary_large_image\" \/>\n<script type=\"application\/ld+json\" class=\"yoast-schema-graph\">{\"@context\":\"https:\\\/\\\/schema.org\",\"@graph\":[{\"@type\":\"WebPage\",\"@id\":\"https:\\\/\\\/maxani.nl\\\/maxani\\\/\",\"url\":\"https:\\\/\\\/maxani.nl\\\/maxani\\\/\",\"name\":\"Maxani productinformatie - Maxani Animal Healthcare BV\",\"isPartOf\":{\"@id\":\"https:\\\/\\\/maxani.nl\\\/#website\"},\"datePublished\":\"2023-07-07T17:16:14+00:00\",\"dateModified\":\"2023-07-14T14:09:36+00:00\",\"breadcrumb\":{\"@id\":\"https:\\\/\\\/maxani.nl\\\/maxani\\\/#breadcrumb\"},\"inLanguage\":\"pt-PT\",\"potentialAction\":[{\"@type\":\"ReadAction\",\"target\":[\"https:\\\/\\\/maxani.nl\\\/maxani\\\/\"]}]},{\"@type\":\"BreadcrumbList\",\"@id\":\"https:\\\/\\\/maxani.nl\\\/maxani\\\/#breadcrumb\",\"itemListElement\":[{\"@type\":\"ListItem\",\"position\":1,\"name\":\"Home\",\"item\":\"https:\\\/\\\/maxani.nl\\\/\"},{\"@type\":\"ListItem\",\"position\":2,\"name\":\"Maxani productinformatie\"}]},{\"@type\":\"WebSite\",\"@id\":\"https:\\\/\\\/maxani.nl\\\/#website\",\"url\":\"https:\\\/\\\/maxani.nl\\\/\",\"name\":\"Maxani Animal Healthcare BV\",\"description\":\"Uw partner in veterinaire dermatologie\",\"potentialAction\":[{\"@type\":\"SearchAction\",\"target\":{\"@type\":\"EntryPoint\",\"urlTemplate\":\"https:\\\/\\\/maxani.nl\\\/?s={search_term_string}\"},\"query-input\":{\"@type\":\"PropertyValueSpecification\",\"valueRequired\":true,\"valueName\":\"search_term_string\"}}],\"inLanguage\":\"pt-PT\"}]}<\/script>\n<!-- \/ Yoast SEO plugin. -->","yoast_head_json":{"title":"Maxani productinformatie - Maxani Animal Healthcare BV","robots":{"index":"index","follow":"follow","max-snippet":"max-snippet:-1","max-image-preview":"max-image-preview:large","max-video-preview":"max-video-preview:-1"},"canonical":"https:\/\/maxani.nl\/pt\/maxani\/","og_locale":"pt_PT","og_type":"article","og_title":"Maxani productinformatie - Maxani Animal Healthcare BV","og_url":"https:\/\/maxani.nl\/pt\/maxani\/","og_site_name":"Maxani Animal Healthcare BV","article_modified_time":"2023-07-14T14:09:36+00:00","twitter_card":"summary_large_image","schema":{"@context":"https:\/\/schema.org","@graph":[{"@type":"WebPage","@id":"https:\/\/maxani.nl\/maxani\/","url":"https:\/\/maxani.nl\/maxani\/","name":"Maxani productinformatie - Maxani Animal Healthcare BV","isPartOf":{"@id":"https:\/\/maxani.nl\/#website"},"datePublished":"2023-07-07T17:16:14+00:00","dateModified":"2023-07-14T14:09:36+00:00","breadcrumb":{"@id":"https:\/\/maxani.nl\/maxani\/#breadcrumb"},"inLanguage":"pt-PT","potentialAction":[{"@type":"ReadAction","target":["https:\/\/maxani.nl\/maxani\/"]}]},{"@type":"BreadcrumbList","@id":"https:\/\/maxani.nl\/maxani\/#breadcrumb","itemListElement":[{"@type":"ListItem","position":1,"name":"Home","item":"https:\/\/maxani.nl\/"},{"@type":"ListItem","position":2,"name":"Maxani productinformatie"}]},{"@type":"WebSite","@id":"https:\/\/maxani.nl\/#website","url":"https:\/\/maxani.nl\/","name":"Maxani Animal Healthcare BV","description":"O seu parceiro em dermatologia veterin\u00e1ria","potentialAction":[{"@type":"SearchAction","target":{"@type":"EntryPoint","urlTemplate":"https:\/\/maxani.nl\/?s={search_term_string}"},"query-input":{"@type":"PropertyValueSpecification","valueRequired":true,"valueName":"search_term_string"}}],"inLanguage":"pt-PT"}]}},"jetpack_sharing_enabled":true,"_links":{"self":[{"href":"https:\/\/maxani.nl\/pt\/wp-json\/wp\/v2\/pages\/11789","targetHints":{"allow":["GET"]}}],"collection":[{"href":"https:\/\/maxani.nl\/pt\/wp-json\/wp\/v2\/pages"}],"about":[{"href":"https:\/\/maxani.nl\/pt\/wp-json\/wp\/v2\/types\/page"}],"author":[{"embeddable":true,"href":"https:\/\/maxani.nl\/pt\/wp-json\/wp\/v2\/users\/1"}],"replies":[{"embeddable":true,"href":"https:\/\/maxani.nl\/pt\/wp-json\/wp\/v2\/comments?post=11789"}],"version-history":[{"count":3,"href":"https:\/\/maxani.nl\/pt\/wp-json\/wp\/v2\/pages\/11789\/revisions"}],"predecessor-version":[{"id":12520,"href":"https:\/\/maxani.nl\/pt\/wp-json\/wp\/v2\/pages\/11789\/revisions\/12520"}],"wp:attachment":[{"href":"https:\/\/maxani.nl\/pt\/wp-json\/wp\/v2\/media?parent=11789"}],"curies":[{"name":"wp","href":"https:\/\/api.w.org\/{rel}","templated":true}]}}