{"id":11785,"date":"2023-07-07T17:14:46","date_gmt":"2023-07-07T17:14:46","guid":{"rendered":"https:\/\/maxani.nl\/?page_id=11785"},"modified":"2025-05-19T16:00:51","modified_gmt":"2025-05-19T16:00:51","slug":"masivet","status":"publish","type":"page","link":"https:\/\/maxani.nl\/pt\/masivet\/","title":{"rendered":"Masivet"},"content":{"rendered":"<section class=\"section\" id=\"section_1461912420\">\n\t\t<div class=\"section-bg fill\" >\n\t\t\t\t\t\t\t\t\t\n\t\t\t\n\t<div class=\"is-border\"\n\t\tstyle=\"border-color:rgb(235, 235, 235);border-width:1px 0px 0px 0px;\">\n\t<\/div>\n\n\t\t<\/div>\n\n\t\t\n\n\t\t<div class=\"section-content relative\">\n\t\t\t\n\n<div class=\"row\"  id=\"row-189547516\">\n\n\n\t<div id=\"col-1480857149\" class=\"col medium-8 small-12 large-8\"  >\n\t\t\t\t<div class=\"col-inner\"  >\n\t\t\t\n\t\t\t\n\n<div class=\"pp-heading  pp-center\">\n<div class=\"pp-heading  pp-center\">\n<h1 class=\"heading-title\"><span class=\"title-text pp-primary-title\">Informa\u00e7\u00f5es sobre Masivet\u00ae para donos de animais<\/span><\/h1>\n<\/div>\n<div class=\"pp-sub-heading\">\n<h3>O meu animal de estima\u00e7\u00e3o tem um tumor de mast\u00f3citos ou mastocitoma: E agora?<\/h3>\n<h4>\u00a0<\/h4>\n<h4>O que \u00e9 um tumor de mast\u00f3citos?<\/h4>\n<p>Os tumores de mast\u00f3citos s\u00e3o os tumores de pele mais comuns em c\u00e3es e os segundos tumores de pele mais comuns em gatos. Os mast\u00f3citos ajudam normalmente contra as infec\u00e7\u00f5es e desempenham um papel importante nas reac\u00e7\u00f5es al\u00e9rgicas. Quando a divis\u00e3o destes mast\u00f3citos se desregula, fala-se de um<br \/>tumor de mast\u00f3citos.<\/p>\n<h4>O que \u00e9 Masivet\u00ae?<\/h4>\n<p>Masivet\u00ae ajuda a estabilizar ou curar o tumor no seu c\u00e3o. O ingrediente ativo \u00e9 o Masitinib, que \u00e9 um inibidor da prote\u00edna tirosina quinase (PTK) que actua no c-Kit. N\u00e3o \u00e9 um quimioter\u00e1pico e, portanto, causa danos m\u00ednimos aos tecidos saud\u00e1veis. O Masivet\u00ae \u00e9 administrado sob a forma de comprimidos. A dose \u00e9 administrada uma vez por dia imediatamente antes das refei\u00e7\u00f5es ou durante as refei\u00e7\u00f5es com alguns alimentos. Tal como acontece com outras terapias para tumores, \u00e9 dif\u00edcil dizer se o tratamento com Masivet\u00ae funcionar\u00e1 no seu c\u00e3o e quanto tempo durar\u00e1 o efeito de Masivet\u00ae. Por conseguinte, \u00e9 importante consultar regularmente o<br \/>o seu veterin\u00e1rio para um check-up. \u00c9 tamb\u00e9m importante que o veterin\u00e1rio verifique os n\u00edveis sangu\u00edneos e determine se a dose de Masivet\u00ae precisa de ser ajustada.<\/p>\n<h4>Precau\u00e7\u00f5es na utiliza\u00e7\u00e3o de Masivet<\/h4>\n<p>O ingrediente ativo do Masivet\u00ae pertence \u00e0s subst\u00e2ncias de risco para animais e humanos. Por isso, aconselhamos a observar algumas precau\u00e7\u00f5es ao administrar o medicamento, ao manusear o animal e as suas fezes, v\u00f3mito e saliva:<\/p>\n<ul>\n<li>Evitar o contacto direto dos comprimidos com a pele. Usar luvas descart\u00e1veis aquando da administra\u00e7\u00e3o.<br \/>dos comprimidos e limpar as fezes ou o v\u00f3mito;<\/li>\n<li>Limpe as fezes do seu animal de estima\u00e7\u00e3o;<\/li>\n<li>Lave bem as m\u00e3os depois de acariciar o c\u00e3o\/gato e quando o c\u00e3o\/gato o lamber.<\/li>\n<\/ul>\n<h4>Recomendamos que se considere cuidadosamente a utiliza\u00e7\u00e3o de Masivet\u00ae no caso de:<\/h4>\n<ul>\n<li>Agregados familiares com mulheres gr\u00e1vidas ou lactantes;<\/li>\n<li>Agregados familiares com pessoas com problemas de sa\u00fade;<\/li>\n<li>C\u00e3es que tendem a lamber muito as pessoas\/crian\u00e7as da casa.<\/li>\n<\/ul>\n<p>Guardar os comprimidos fora do alcance das crian\u00e7as e dos animais dom\u00e9sticos. Devolver os restos do medicamento que j\u00e1 n\u00e3o s\u00e3o utilizados ao seu veterin\u00e1rio ou farm\u00e1cia para destrui\u00e7\u00e3o. Ler atentamente o folheto informativo antes da utiliza\u00e7\u00e3o!\u00a0<\/p>\n<h4>Que efeitos secund\u00e1rios podem ocorrer?<\/h4>\n<p>Os v\u00f3mitos e\/ou a diarreia s\u00e3o um efeito secund\u00e1rio frequente. Se o comprimido for vomitado nos 10 minutos seguintes \u00e0 administra\u00e7\u00e3o, o tratamento deve ser interrompido<br \/>repetido. Se o comprimido for vomitado mais de 10 minutos ap\u00f3s a administra\u00e7\u00e3o, o tratamento n\u00e3o deve ser repetido. O veterin\u00e1rio pode prescrever um agente anti-v\u00f3mitos e\/ou um protetor g\u00e1strico, se necess\u00e1rio.<\/p>\n<h4>Como devo dar Masivet\u00ae ao meu c\u00e3o?<\/h4>\n<p>Usar sempre luvas (descart\u00e1veis) aquando da administra\u00e7\u00e3o dos comprimidos. Os comprimidos devem ser administrados uma vez por dia antes ou durante as refei\u00e7\u00f5es e devem ser administrados inteiros. Os comprimidos n\u00e3o devem ser divididos, partidos ou esmagados. Os comprimidos partidos cuspidos pelo c\u00e3o ap\u00f3s a mastiga\u00e7\u00e3o devem ser deitados fora (leve os restos ao seu veterin\u00e1rio ou farm\u00e1cia para serem destru\u00eddos). Utilizar luvas para o efeito.<\/p>\n<p>Se se esquecer de uma dose, administre a dose seguinte como prescrito. N\u00e3o deve aumentar ou duplicar a dose. Se tiver administrado mais do que o n\u00famero de comprimidos prescrito, deve contactar o seu veterin\u00e1rio.<\/p>\n<h4>Durante quanto tempo deve o meu c\u00e3o receber Masivet\u00ae?<\/h4>\n<p>A dura\u00e7\u00e3o do tratamento depende da forma como o seu c\u00e3o responde ao tratamento. O tratamento deve ser mantido em caso de doen\u00e7a est\u00e1vel, ou seja, em caso de resposta est\u00e1tica, parcial ou completa do tumor, desde que o produto seja suficientemente bem tolerado. Neste caso, o tratamento \u00e9 administrado durante 6 a 12 meses. O tratamento deve ser avaliado ap\u00f3s 4 semanas para avaliar a resposta inicial. Se o tumor ainda estiver a crescer ap\u00f3s 4 semanas, \u00e9 pouco prov\u00e1vel que o tratamento seja bem sucedido e deve ser revisto.<\/p>\n<h4>Como \u00e9 que o meu c\u00e3o ser\u00e1 acompanhado?<\/h4>\n<p>Durante as primeiras 8 semanas de tratamento, o seu c\u00e3o ter\u00e1 de ser examinado pelo seu veterin\u00e1rio de 2 em 2 semanas. Nestes controlos, o estado geral do seu animal ser\u00e1 revisto e ser\u00e3o efectuadas an\u00e1lises ao sangue e\/ou \u00e0 urina. O seu veterin\u00e1rio pode, portanto, pedir-lhe que traga urina do seu c\u00e3o.<\/p>\n<p><em>Dica<\/em>: usar luvas descart\u00e1veis para a recolha de urina.<\/p>\n<p>Ap\u00f3s estas 8 semanas, visitar\u00e1 o seu veterin\u00e1rio em intervalos cada vez mais longos (pelo menos mensalmente), dependendo do estado do seu animal.<br \/>O tratamento a longo prazo s\u00f3 deve ser efectuado sob controlo rigoroso (pelo menos mensalmente) do seu veterin\u00e1rio.<\/p>\n<p>Tem mais perguntas? Contacte o seu veterin\u00e1rio respons\u00e1vel!<\/p>\n<\/div>\n<\/div>\n\n\t\t<\/div>\n\t\t\t\t\t<\/div>\n\n\t\n\n\t<div id=\"col-43611186\" class=\"col medium-4 small-12 large-4\"  >\n\t\t\t\t<div class=\"col-inner\"  >\n\t\t\t\n\t\t\t\n\n\n\t\t<\/div>\n\t\t\t\t\t<\/div>\n\n\t\n\n<\/div>\n\n\t\t<\/div>\n\n\t\t\n<style>\n#section_1461912420 {\n  padding-top: 60px;\n  padding-bottom: 60px;\n  min-height: 300px;\n}\n<\/style>\n\t<\/section>","protected":false},"excerpt":{"rendered":"","protected":false},"author":1,"featured_media":0,"parent":0,"menu_order":0,"comment_status":"closed","ping_status":"closed","template":"page-blank.php","meta":{"footnotes":""},"class_list":["post-11785","page","type-page","status-publish","hentry"],"yoast_head":"<!-- This site is optimized with the Yoast SEO plugin v27.1.1 - https:\/\/yoast.com\/product\/yoast-seo-wordpress\/ -->\n<title>Masivet - Maxani Animal Healthcare BV<\/title>\n<meta name=\"robots\" content=\"index, follow, max-snippet:-1, max-image-preview:large, max-video-preview:-1\" \/>\n<link rel=\"canonical\" href=\"https:\/\/maxani.nl\/pt\/masivet\/\" \/>\n<meta property=\"og:locale\" content=\"pt_PT\" \/>\n<meta property=\"og:type\" content=\"article\" \/>\n<meta property=\"og:title\" content=\"Masivet - Maxani Animal Healthcare BV\" \/>\n<meta property=\"og:url\" content=\"https:\/\/maxani.nl\/pt\/masivet\/\" \/>\n<meta property=\"og:site_name\" content=\"Maxani Animal Healthcare BV\" \/>\n<meta property=\"article:modified_time\" content=\"2025-05-19T16:00:51+00:00\" \/>\n<meta name=\"twitter:card\" content=\"summary_large_image\" \/>\n<script type=\"application\/ld+json\" class=\"yoast-schema-graph\">{\"@context\":\"https:\/\/schema.org\",\"@graph\":[{\"@type\":\"WebPage\",\"@id\":\"https:\/\/maxani.nl\/masivet\/\",\"url\":\"https:\/\/maxani.nl\/masivet\/\",\"name\":\"Masivet - Maxani Animal Healthcare BV\",\"isPartOf\":{\"@id\":\"https:\/\/maxani.nl\/#website\"},\"datePublished\":\"2023-07-07T17:14:46+00:00\",\"dateModified\":\"2025-05-19T16:00:51+00:00\",\"breadcrumb\":{\"@id\":\"https:\/\/maxani.nl\/masivet\/#breadcrumb\"},\"inLanguage\":\"pt-PT\",\"potentialAction\":[{\"@type\":\"ReadAction\",\"target\":[\"https:\/\/maxani.nl\/masivet\/\"]}]},{\"@type\":\"BreadcrumbList\",\"@id\":\"https:\/\/maxani.nl\/masivet\/#breadcrumb\",\"itemListElement\":[{\"@type\":\"ListItem\",\"position\":1,\"name\":\"Home\",\"item\":\"https:\/\/maxani.nl\/\"},{\"@type\":\"ListItem\",\"position\":2,\"name\":\"Masivet\"}]},{\"@type\":\"WebSite\",\"@id\":\"https:\/\/maxani.nl\/#website\",\"url\":\"https:\/\/maxani.nl\/\",\"name\":\"Maxani Animal Healthcare BV\",\"description\":\"Uw partner in veterinaire dermatologie\",\"potentialAction\":[{\"@type\":\"SearchAction\",\"target\":{\"@type\":\"EntryPoint\",\"urlTemplate\":\"https:\/\/maxani.nl\/?s={search_term_string}\"},\"query-input\":{\"@type\":\"PropertyValueSpecification\",\"valueRequired\":true,\"valueName\":\"search_term_string\"}}],\"inLanguage\":\"pt-PT\"}]}<\/script>\n<!-- \/ Yoast SEO plugin. -->","yoast_head_json":{"title":"Masivet - Maxani Animal Healthcare BV","robots":{"index":"index","follow":"follow","max-snippet":"max-snippet:-1","max-image-preview":"max-image-preview:large","max-video-preview":"max-video-preview:-1"},"canonical":"https:\/\/maxani.nl\/pt\/masivet\/","og_locale":"pt_PT","og_type":"article","og_title":"Masivet - Maxani Animal Healthcare BV","og_url":"https:\/\/maxani.nl\/pt\/masivet\/","og_site_name":"Maxani Animal Healthcare BV","article_modified_time":"2025-05-19T16:00:51+00:00","twitter_card":"summary_large_image","schema":{"@context":"https:\/\/schema.org","@graph":[{"@type":"WebPage","@id":"https:\/\/maxani.nl\/masivet\/","url":"https:\/\/maxani.nl\/masivet\/","name":"Masivet - Maxani Animal Healthcare BV","isPartOf":{"@id":"https:\/\/maxani.nl\/#website"},"datePublished":"2023-07-07T17:14:46+00:00","dateModified":"2025-05-19T16:00:51+00:00","breadcrumb":{"@id":"https:\/\/maxani.nl\/masivet\/#breadcrumb"},"inLanguage":"pt-PT","potentialAction":[{"@type":"ReadAction","target":["https:\/\/maxani.nl\/masivet\/"]}]},{"@type":"BreadcrumbList","@id":"https:\/\/maxani.nl\/masivet\/#breadcrumb","itemListElement":[{"@type":"ListItem","position":1,"name":"Home","item":"https:\/\/maxani.nl\/"},{"@type":"ListItem","position":2,"name":"Masivet"}]},{"@type":"WebSite","@id":"https:\/\/maxani.nl\/#website","url":"https:\/\/maxani.nl\/","name":"Maxani Animal Healthcare BV","description":"O seu parceiro em dermatologia veterin\u00e1ria","potentialAction":[{"@type":"SearchAction","target":{"@type":"EntryPoint","urlTemplate":"https:\/\/maxani.nl\/?s={search_term_string}"},"query-input":{"@type":"PropertyValueSpecification","valueRequired":true,"valueName":"search_term_string"}}],"inLanguage":"pt-PT"}]}},"jetpack_sharing_enabled":true,"_links":{"self":[{"href":"https:\/\/maxani.nl\/pt\/wp-json\/wp\/v2\/pages\/11785","targetHints":{"allow":["GET"]}}],"collection":[{"href":"https:\/\/maxani.nl\/pt\/wp-json\/wp\/v2\/pages"}],"about":[{"href":"https:\/\/maxani.nl\/pt\/wp-json\/wp\/v2\/types\/page"}],"author":[{"embeddable":true,"href":"https:\/\/maxani.nl\/pt\/wp-json\/wp\/v2\/users\/1"}],"replies":[{"embeddable":true,"href":"https:\/\/maxani.nl\/pt\/wp-json\/wp\/v2\/comments?post=11785"}],"version-history":[{"count":4,"href":"https:\/\/maxani.nl\/pt\/wp-json\/wp\/v2\/pages\/11785\/revisions"}],"predecessor-version":[{"id":16950,"href":"https:\/\/maxani.nl\/pt\/wp-json\/wp\/v2\/pages\/11785\/revisions\/16950"}],"wp:attachment":[{"href":"https:\/\/maxani.nl\/pt\/wp-json\/wp\/v2\/media?parent=11785"}],"curies":[{"name":"wp","href":"https:\/\/api.w.org\/{rel}","templated":true}]}}