{"id":18678,"date":"2026-01-26T10:20:37","date_gmt":"2026-01-26T10:20:37","guid":{"rendered":"https:\/\/maxani.nl\/?post_type=product&#038;p=18678"},"modified":"2026-04-02T13:41:18","modified_gmt":"2026-04-02T13:41:18","slug":"aluco-guardian-npwt-system","status":"publish","type":"product","link":"https:\/\/maxani.nl\/it\/prodotto\/aluco-guardian-npwt-system\/","title":{"rendered":"Sistema NPWT Aluco Guardian\u2122"},"content":{"rendered":"<p data-start=\"119\" data-end=\"593\"><strong data-start=\"119\" data-end=\"161\">Terapia a pressione negativa per lesioni (NPWT)<\/strong> con la <strong data-start=\"170\" data-end=\"197\">Sistema Aluco Guardian\u2122<\/strong> supporta il trattamento di ferite complesse e a lenta guarigione attraverso l'applicazione controllata di pressione negativa sul letto della ferita. Questa pressione negativa assicura un drenaggio attivo dell'essudato, riduce l'edema e il carico batterico e migliora la microcircolazione. Ci\u00f2 aumenta l'apporto di ossigeno al tessuto e promuove la formazione di tessuto di granulazione sano.<\/p>\n<p data-start=\"595\" data-end=\"924\">In pratica, ci\u00f2 porta a una rapida stabilizzazione delle ferite e a una loro migliore predisposizione per ricostruzioni o chiusure definitive. L'esperienza clinica e gli studi dimostrano che questo processo \u00e8 significativamente pi\u00f9 veloce rispetto al trattamento convenzionale delle ferite, in alcuni casi anche in circa la met\u00e0 del tempo.<\/p>\n<p data-start=\"926\" data-end=\"961\">Il sistema pu\u00f2 essere impiegato per:<\/p>\n<ul>\n<li data-start=\"964\" data-end=\"1007\">ferite traumatiche aperte e infette<\/li>\n<li data-start=\"1010\" data-end=\"1022\">morsi<\/li>\n<li data-start=\"1025\" data-end=\"1068\">ferite postoperatorie e deiscenze della ferita<\/li>\n<li data-start=\"1071\" data-end=\"1132\">ferite piogeniche e necrotiche dopo debridement chirurgico<\/li>\n<li data-start=\"1135\" data-end=\"1236\">ferite oncologiche dopo escissione marginale completa (senza segni di metastasi attive)<\/li>\n<li data-start=\"1239\" data-end=\"1277\">ferite con impianti esposti<\/li>\n<li data-start=\"1280\" data-end=\"1338\">supporto per lembi cutanei e innesti cutanei liberi<\/li>\n<\/ul>\n<h3 data-start=\"142\" data-end=\"200\">Opzioni di vendita e noleggio del sistema NPWT Aluco Guardian\u2122<\/h3>\n<p data-start=\"202\" data-end=\"357\">Offriamo <strong data-start=\"213\" data-end=\"247\">diverse opzioni<\/strong> per l'utilizzo del sistema Aluco Guardian\u2122 NPWT, adattato alle esigenze della pratica e al tipo di ferita.<\/p>\n<h4 data-start=\"359\" data-end=\"371\"><strong>Acquisto<\/strong><\/h4>\n<ul>\n<li data-start=\"374\" data-end=\"426\">Il sistema NPWT pu\u00f2 essere acquistato in toto<\/li>\n<li data-start=\"429\" data-end=\"492\">I set di medicazione e i contenitori sono disponibili anche separatamente<\/li>\n<\/ul>\n<h4 data-start=\"494\" data-end=\"506\"><strong>Affitto<\/strong><\/h4>\n<p data-start=\"507\" data-end=\"567\">Il noleggio del sistema NPWT avviene sempre previo accordo. Per un utilizzo temporaneo, offriamo il seguente <strong data-start=\"552\" data-end=\"566\">opzioni di affitto<\/strong>:<\/p>\n<p data-start=\"569\" data-end=\"593\"><strong data-start=\"569\" data-end=\"593\">Pacchetto noleggio - 5 giorni<\/strong><\/p>\n<ul>\n<li data-start=\"596\" data-end=\"610\">Sistema NPWT<\/li>\n<li data-start=\"613\" data-end=\"626\">3 condimenti<\/li>\n<li data-start=\"629\" data-end=\"642\">4\u00d7 taniche<\/li>\n<li data-start=\"645\" data-end=\"666\">6\u00d7 cerotti stomali<\/li>\n<\/ul>\n<p data-start=\"668\" data-end=\"692\"><strong data-start=\"668\" data-end=\"692\">Pacchetto noleggio - 3 giorni<\/strong><\/p>\n<ul>\n<li data-start=\"695\" data-end=\"709\">Sistema NPWT<\/li>\n<li data-start=\"712\" data-end=\"725\">1 condimento<\/li>\n<li data-start=\"728\" data-end=\"742\">2 fusti<\/li>\n<li data-start=\"745\" data-end=\"766\">2 x nastri adesivi per stomia<\/li>\n<\/ul>\n<p data-start=\"768\" data-end=\"786\"><strong data-start=\"768\" data-end=\"786\">Noleggio sistemi<\/strong><\/p>\n<ul>\n<li data-start=\"789\" data-end=\"838\">Noleggio solo del sistema NPWT per 3 giorni<\/li>\n<li data-start=\"841\" data-end=\"913\">Ook mogelijk: verhuur van alleen het systeem voor langer dan 3 dagen<\/li>\n<\/ul>","protected":false},"excerpt":{"rendered":"<p><strong data-start=\"157\" data-end=\"199\">Terapia a pressione negativa per lesioni (NPWT)<\/strong> con la <strong data-start=\"208\" data-end=\"257\"><span class=\"hover:entity-accent entity-underline inline cursor-pointer align-baseline\"><span class=\"whitespace-normal\">Guardiano Aluco<\/span><\/span>sistema<\/strong> \u00e8 una terapia di supporto per la guarigione delle ferite per ferite complesse e a lenta guarigione. Attraverso una pressione negativa controllata, l'essudato viene drenato attivamente, l'edema viene ridotto e il letto della ferita viene ottimizzato. Ci\u00f2 supporta la microcircolazione e promuove la formazione di tessuto di granulazione sano.<\/p>","protected":false},"featured_media":18679,"template":"","meta":[],"product_brand":[],"product_cat":[15,29,41],"product_tag":[275,276,278,277,264,232],"class_list":{"0":"post-18678","1":"product","2":"type-product","3":"status-publish","4":"has-post-thumbnail","6":"product_cat-alle-producten","7":"product_cat-maxani","8":"product_cat-wond-en-huidplooi","9":"product_tag-275","10":"product_tag-aluco","11":"product_tag-npwt","12":"product_tag-techniek","13":"product_tag-wond","14":"product_tag-wondverzorging","16":"first","17":"instock","18":"taxable","19":"shipping-taxable","20":"product-type-variable"},"yoast_head":"<!-- This site is optimized with the Yoast SEO plugin v27.1.1 - https:\/\/yoast.com\/product\/yoast-seo-wordpress\/ -->\n<title>Aluco Guardian\u2122 NPWT system - Maxani Animal Healthcare BV<\/title>\n<meta name=\"robots\" content=\"index, follow, max-snippet:-1, max-image-preview:large, max-video-preview:-1\" \/>\n<link rel=\"canonical\" href=\"https:\/\/maxani.nl\/it\/prodotto\/aluco-guardian-npwt-system\/\" \/>\n<meta property=\"og:locale\" content=\"it_IT\" \/>\n<meta property=\"og:type\" content=\"article\" \/>\n<meta property=\"og:title\" content=\"Aluco Guardian\u2122 NPWT system - Maxani Animal Healthcare BV\" \/>\n<meta property=\"og:description\" content=\"Negative Pressure Wound Therapy (NPWT) met het Aluco Guardian-systeem is een ondersteunende wondbehandeling voor complexe en slecht genezende wonden. Door gecontroleerde negatieve onderdruk wordt exsudaat actief afgevoerd, oedeem verminderd en het wondbed geoptimaliseerd. Dit ondersteunt de microcirculatie en bevordert de vorming van gezond granulatieweefsel.\" \/>\n<meta property=\"og:url\" content=\"https:\/\/maxani.nl\/it\/prodotto\/aluco-guardian-npwt-system\/\" \/>\n<meta property=\"og:site_name\" content=\"Maxani Animal Healthcare BV\" \/>\n<meta property=\"article:modified_time\" content=\"2026-04-02T13:41:18+00:00\" \/>\n<meta property=\"og:image\" content=\"https:\/\/maxani.nl\/wp-content\/uploads\/2026\/01\/Ontwerp-zonder-titel-10.png\" \/>\n\t<meta property=\"og:image:width\" content=\"1080\" \/>\n\t<meta property=\"og:image:height\" content=\"1350\" \/>\n\t<meta property=\"og:image:type\" content=\"image\/png\" \/>\n<meta name=\"twitter:card\" content=\"summary_large_image\" \/>\n<meta name=\"twitter:label1\" content=\"Tempo di lettura stimato\" \/>\n\t<meta name=\"twitter:data1\" content=\"2 minuti\" \/>\n<script type=\"application\/ld+json\" class=\"yoast-schema-graph\">{\"@context\":\"https:\/\/schema.org\",\"@graph\":[{\"@type\":\"WebPage\",\"@id\":\"https:\/\/maxani.nl\/product\/aluco-guardian-npwt-system\/\",\"url\":\"https:\/\/maxani.nl\/product\/aluco-guardian-npwt-system\/\",\"name\":\"Aluco Guardian\u2122 NPWT system - Maxani Animal Healthcare BV\",\"isPartOf\":{\"@id\":\"https:\/\/maxani.nl\/#website\"},\"primaryImageOfPage\":{\"@id\":\"https:\/\/maxani.nl\/product\/aluco-guardian-npwt-system\/#primaryimage\"},\"image\":{\"@id\":\"https:\/\/maxani.nl\/product\/aluco-guardian-npwt-system\/#primaryimage\"},\"thumbnailUrl\":\"https:\/\/maxani.nl\/wp-content\/uploads\/2026\/01\/Ontwerp-zonder-titel-10.png\",\"datePublished\":\"2026-01-26T10:20:37+00:00\",\"dateModified\":\"2026-04-02T13:41:18+00:00\",\"breadcrumb\":{\"@id\":\"https:\/\/maxani.nl\/product\/aluco-guardian-npwt-system\/#breadcrumb\"},\"inLanguage\":\"it-IT\",\"potentialAction\":[{\"@type\":\"ReadAction\",\"target\":[\"https:\/\/maxani.nl\/product\/aluco-guardian-npwt-system\/\"]}]},{\"@type\":\"ImageObject\",\"inLanguage\":\"it-IT\",\"@id\":\"https:\/\/maxani.nl\/product\/aluco-guardian-npwt-system\/#primaryimage\",\"url\":\"https:\/\/maxani.nl\/wp-content\/uploads\/2026\/01\/Ontwerp-zonder-titel-10.png\",\"contentUrl\":\"https:\/\/maxani.nl\/wp-content\/uploads\/2026\/01\/Ontwerp-zonder-titel-10.png\",\"width\":1080,\"height\":1350},{\"@type\":\"BreadcrumbList\",\"@id\":\"https:\/\/maxani.nl\/product\/aluco-guardian-npwt-system\/#breadcrumb\",\"itemListElement\":[{\"@type\":\"ListItem\",\"position\":1,\"name\":\"Home\",\"item\":\"https:\/\/maxani.nl\/\"},{\"@type\":\"ListItem\",\"position\":2,\"name\":\"Webshop\",\"item\":\"https:\/\/maxani.nl\/webshop\/\"},{\"@type\":\"ListItem\",\"position\":3,\"name\":\"Aluco Guardian\u2122 NPWT system\"}]},{\"@type\":\"WebSite\",\"@id\":\"https:\/\/maxani.nl\/#website\",\"url\":\"https:\/\/maxani.nl\/\",\"name\":\"Maxani Animal Healthcare BV\",\"description\":\"Uw partner in veterinaire dermatologie\",\"potentialAction\":[{\"@type\":\"SearchAction\",\"target\":{\"@type\":\"EntryPoint\",\"urlTemplate\":\"https:\/\/maxani.nl\/?s={search_term_string}\"},\"query-input\":{\"@type\":\"PropertyValueSpecification\",\"valueRequired\":true,\"valueName\":\"search_term_string\"}}],\"inLanguage\":\"it-IT\"}]}<\/script>\n<!-- \/ Yoast SEO plugin. -->","yoast_head_json":{"title":"Aluco Guardian\u2122 NPWT system - Maxani Animal Healthcare BV","robots":{"index":"index","follow":"follow","max-snippet":"max-snippet:-1","max-image-preview":"max-image-preview:large","max-video-preview":"max-video-preview:-1"},"canonical":"https:\/\/maxani.nl\/it\/prodotto\/aluco-guardian-npwt-system\/","og_locale":"it_IT","og_type":"article","og_title":"Aluco Guardian\u2122 NPWT system - Maxani Animal Healthcare BV","og_description":"Negative Pressure Wound Therapy (NPWT) met het Aluco Guardian-systeem is een ondersteunende wondbehandeling voor complexe en slecht genezende wonden. Door gecontroleerde negatieve onderdruk wordt exsudaat actief afgevoerd, oedeem verminderd en het wondbed geoptimaliseerd. Dit ondersteunt de microcirculatie en bevordert de vorming van gezond granulatieweefsel.","og_url":"https:\/\/maxani.nl\/it\/prodotto\/aluco-guardian-npwt-system\/","og_site_name":"Maxani Animal Healthcare BV","article_modified_time":"2026-04-02T13:41:18+00:00","og_image":[{"width":1080,"height":1350,"url":"https:\/\/maxani.nl\/wp-content\/uploads\/2026\/01\/Ontwerp-zonder-titel-10.png","type":"image\/png"}],"twitter_card":"summary_large_image","twitter_misc":{"Tempo di lettura stimato":"2 minuti"},"schema":{"@context":"https:\/\/schema.org","@graph":[{"@type":"WebPage","@id":"https:\/\/maxani.nl\/product\/aluco-guardian-npwt-system\/","url":"https:\/\/maxani.nl\/product\/aluco-guardian-npwt-system\/","name":"Aluco Guardian\u2122 NPWT system - Maxani Animal Healthcare BV","isPartOf":{"@id":"https:\/\/maxani.nl\/#website"},"primaryImageOfPage":{"@id":"https:\/\/maxani.nl\/product\/aluco-guardian-npwt-system\/#primaryimage"},"image":{"@id":"https:\/\/maxani.nl\/product\/aluco-guardian-npwt-system\/#primaryimage"},"thumbnailUrl":"https:\/\/maxani.nl\/wp-content\/uploads\/2026\/01\/Ontwerp-zonder-titel-10.png","datePublished":"2026-01-26T10:20:37+00:00","dateModified":"2026-04-02T13:41:18+00:00","breadcrumb":{"@id":"https:\/\/maxani.nl\/product\/aluco-guardian-npwt-system\/#breadcrumb"},"inLanguage":"it-IT","potentialAction":[{"@type":"ReadAction","target":["https:\/\/maxani.nl\/product\/aluco-guardian-npwt-system\/"]}]},{"@type":"ImageObject","inLanguage":"it-IT","@id":"https:\/\/maxani.nl\/product\/aluco-guardian-npwt-system\/#primaryimage","url":"https:\/\/maxani.nl\/wp-content\/uploads\/2026\/01\/Ontwerp-zonder-titel-10.png","contentUrl":"https:\/\/maxani.nl\/wp-content\/uploads\/2026\/01\/Ontwerp-zonder-titel-10.png","width":1080,"height":1350},{"@type":"BreadcrumbList","@id":"https:\/\/maxani.nl\/product\/aluco-guardian-npwt-system\/#breadcrumb","itemListElement":[{"@type":"ListItem","position":1,"name":"Home","item":"https:\/\/maxani.nl\/"},{"@type":"ListItem","position":2,"name":"Webshop","item":"https:\/\/maxani.nl\/webshop\/"},{"@type":"ListItem","position":3,"name":"Aluco Guardian\u2122 NPWT system"}]},{"@type":"WebSite","@id":"https:\/\/maxani.nl\/#website","url":"https:\/\/maxani.nl\/","name":"Maxani Animal Healthcare BV","description":"Il vostro partner in dermatologia veterinaria","potentialAction":[{"@type":"SearchAction","target":{"@type":"EntryPoint","urlTemplate":"https:\/\/maxani.nl\/?s={search_term_string}"},"query-input":{"@type":"PropertyValueSpecification","valueRequired":true,"valueName":"search_term_string"}}],"inLanguage":"it-IT"}]}},"jetpack_sharing_enabled":true,"_links":{"self":[{"href":"https:\/\/maxani.nl\/it\/wp-json\/wp\/v2\/product\/18678","targetHints":{"allow":["GET"]}}],"collection":[{"href":"https:\/\/maxani.nl\/it\/wp-json\/wp\/v2\/product"}],"about":[{"href":"https:\/\/maxani.nl\/it\/wp-json\/wp\/v2\/types\/product"}],"wp:featuredmedia":[{"embeddable":true,"href":"https:\/\/maxani.nl\/it\/wp-json\/wp\/v2\/media\/18679"}],"wp:attachment":[{"href":"https:\/\/maxani.nl\/it\/wp-json\/wp\/v2\/media?parent=18678"}],"wp:term":[{"taxonomy":"product_brand","embeddable":true,"href":"https:\/\/maxani.nl\/it\/wp-json\/wp\/v2\/product_brand?post=18678"},{"taxonomy":"product_cat","embeddable":true,"href":"https:\/\/maxani.nl\/it\/wp-json\/wp\/v2\/product_cat?post=18678"},{"taxonomy":"product_tag","embeddable":true,"href":"https:\/\/maxani.nl\/it\/wp-json\/wp\/v2\/product_tag?post=18678"}],"curies":[{"name":"wp","href":"https:\/\/api.w.org\/{rel}","templated":true}]}}