{"id":15179,"date":"2024-09-12T10:34:18","date_gmt":"2024-09-12T10:34:18","guid":{"rendered":"https:\/\/maxani.nl\/?post_type=product&#038;p=15179"},"modified":"2026-01-05T08:38:06","modified_gmt":"2026-01-05T08:38:06","slug":"maxani-skin-protect-cream-30-ml","status":"publish","type":"product","link":"https:\/\/maxani.nl\/it\/prodotto\/maxani-skin-protect-cream-30-ml\/","title":{"rendered":"Maxani Skin Protect crema 30 ml"},"content":{"rendered":"<p><strong>Crema protettiva per la pelle<\/strong><br \/>\nCrema protettiva e curativa per pelli irritate e sensibili, come quelle del contorno occhi e delle mucose.<br \/>\nLa crema Protect stende uno strato protettivo sottile e flessibile sulla pelle arrossata, fragile e irritata, contribuendo a proteggerla.<br \/>\ncontro i fattori esterni, soprattutto intorno agli occhi e alle mucose.<br \/>\nLa crema protegge inoltre la pelle dalle irritazioni causate da urina, liquido lacrimale in eccesso, muco, feci e residui di farmaci. Oltre alla protezione, questa crema fornisce anche nutrimento e idratazione essenziali, fondamentali per il recupero della pelle.<\/p>\n<p><strong>Indicazioni<\/strong><br \/>\nLa crema pu\u00f2 essere applicata su tutte le aree che necessitano di maggiore idratazione, protezione e nutrimento. Grazie alla sua formula molto delicata e sicura, la crema \u00e8 adatta anche all'uso in prossimit\u00e0 delle mucose.<br \/>\n- Irritazione e arrossamento della pelle intorno agli occhi nel cavallo, nel coniglio, nel cane e nel gatto.<br \/>\n- I bruciori urinari o le irritazioni cutanee causate dall'urina o dalle feci, come ad esempio sulla pancia dei cani maschi (compresi i cuccioli), sulla pelle arrossata a causa di diarrea persistente, sul sedere dei conigli o nei problemi di incontinenza, possono essere efficacemente curati con questa crema. Tuttavia, \u00e8 necessario assicurarsi che non vi sia un'infezione cutanea, che deve essere trattata per prima. Durante il trattamento dell'infezione cutanea secondaria, la crema pu\u00f2 essere utilizzata come cura supplementare e dopo per un ulteriore recupero della pelle.<br \/>\n- Cura e protezione supplementare della pelle fragile dopo che \u00e8 stata chiusa ma \u00e8 ancora sensibile, ad esempio dopo ferite, suture o altri danni.<br \/>\n- Idratazione e riparazione della pelle secca e danneggiata.<br \/>\n- Protezione da sostanze irritanti come il liquido lacrimale, le feci, il muco dell'urina e i residui di farmaci.<\/p>\n<p><strong>Operazione<\/strong><br \/>\nInsieme, questi ingredienti accuratamente formulati formano una crema che protegge, idrata e lenisce efficacemente la pelle, aiutando anche a riparare la pelle irritata e danneggiata. Lo strato protettivo che la crema forma sulla pelle deriva da una versione naturale del copolimero glicerina caprilica\/acido sebacico. Questo copolimero crea una pellicola sottile e flessibile che aiuta a proteggere da fattori esterni come urina, feci e muco, trattenendo l'umidit\u00e0 della pelle. Inoltre, questa crema dalla cura intensiva combina tre speciali ingredienti lenitivi per ottenere risultati ottimali:<\/p>\n<p><strong>GENERALE<\/strong><br \/>\n- Olio di semi di Helianthus Annuus (olio di girasole): Ricco di steroli vegetali e squalene, questo olio rafforza la funzione di barriera della pelle e fornisce protezione contro i danni dei radicali liberi.<br \/>\n- Hamamelis (a base d'acqua senza alcool): Lenisce la pelle e ha propriet\u00e0 antinfiammatorie e astringenti che riducono arrossamenti e irritazioni.<br \/>\n- Allantoina: favorisce la riparazione della pelle, promuove l'esfoliazione e lenisce e calma la pelle irritata. Protegge dalla disidratazione trattenendo l'umidit\u00e0 e promuove l'idratazione, essenziale per una pelle sana. La sua azione lenitiva riduce le irritazioni, gli arrossamenti e i fastidi. Questa formula contiene anche miele, burro di karit\u00e9, vitamina E e olio di jojoba, noti per le loro propriet\u00e0 idratanti, nutrienti e riparatrici, che lasciano la pelle morbida ed elastica:<br \/>\n- Miele: noto per le sue propriet\u00e0 antibatteriche e idratanti, idrata la pelle e favorisce il processo di guarigione della pelle irritata e danneggiata.<br \/>\n- Olio di semi di Simmondsia Chinensis (Jojoba): l'olio di Jojoba ha una composizione simile agli oli naturali della pelle e aiuta a idratare, nutrire e proteggere la pelle dalla secchezza.<br \/>\n- Burro di Butyrospermum Parkii (Karit\u00e9): noto per le sue propriet\u00e0 idratanti e nutrienti intensive, il burro di Karit\u00e9 ammorbidisce la pelle, la ripara e la protegge da secchezza e irritazione.<br \/>\n- Squalane: un olio naturale che idrata, ammorbidisce, sostiene la barriera cutanea e protegge dalla perdita di umidit\u00e0.<br \/>\n- Acetato di tocoferile (vitamina E): Un potente antiossidante che protegge la pelle dai radicali liberi, favorendo al contempo la guarigione e l'idratazione.<br \/>\n- Pantenolo (Provitamina B5): Lenisce, guarisce, idrata e ammorbidisce la pelle.<\/p>\n<p>Questi ingredienti lavorano in sinergia per proteggere, riparare e curare intensamente la pelle.<\/p>\n<p><strong>Dosaggio e applicazione<\/strong><br \/>\nPulire accuratamente la pelle irritata e asciugarla prima di applicare la crema. Applicare la crema 2-3 volte al giorno sulla pelle irritata per una protezione e una cura ottimali. La crema \u00e8 sicura da usare, anche a contatto con gli occhi, e non provoca irritazioni.<\/p>\n<p><strong>Composizione<\/strong><br \/>\nAcqua, trigliceride caprilico\/caprico, mel (miele), gliceril stearato citrato, glicerina,<br \/>\nolio di semi di simmondsia chinensis (jojoba), diheptyl succinate, butyrospermum<br \/>\nburro di parkii (karit\u00e9), alcool cetearilico, gliceril stearato, hamamelis virginiana<br \/>\n(amamelide) acqua, squalano, allantoina, glicerina caprilica\/sebacica, acqua di semi di amamelide.<br \/>\ncopolimero dell'acido, acetato di tocoferile (vitamina E), pantenolo, tocoferolo, xantano, ecc.<br \/>\ngomma, olio di semi di helianthus annuus (girasole), acido citrico, potassio<br \/>\nsorbato, benzoato di sodio, alcol benzilico.<\/p>\n<span class=\"wppb-content-restriction-message\"><p data-opacity=\"0.5\">Per maggiori informazioni \u00e8 necessario aver effettuato il login<\/p>\n<\/span>","protected":false},"excerpt":{"rendered":"<p>Crema protettiva per la pelle<br \/>\nCrema protettiva e curativa per le zone irritate e<br \/>\npelle sensibile, come quella del contorno occhi e delle mucose.<br \/>\nLa crema protettiva per la pelle stende uno strato protettivo sottile e flessibile<br \/>\nsulla pelle arrossata, fragile e irritata, contribuendo a proteggerla<br \/>\ncontro i fattori esterni, soprattutto intorno agli occhi e alle mucose.<br \/>\nLa crema protegge inoltre la pelle dalle irritazioni causate dall'urina,<br \/>\nliquido lacrimale in eccesso, muco, feci e residui di farmaci. Oltre alla protezione<br \/>\nquesta crema offre anche nutrimento e idratazione essenziali,<br \/>\nche \u00e8 fondamentale per la riparazione della pelle.<\/p>\n<p>Prezzo al dettaglio consigliato: 15,75 euro<\/p>","protected":false},"featured_media":15381,"template":"","meta":[],"product_brand":[],"product_cat":[15,29,41,63,35],"product_tag":[],"class_list":{"0":"post-15179","1":"product","2":"type-product","3":"status-publish","4":"has-post-thumbnail","6":"product_cat-alle-producten","7":"product_cat-maxani","8":"product_cat-wond-en-huidplooi","9":"product_cat-oog","10":"product_cat-regular","12":"first","13":"instock","14":"taxable","15":"shipping-taxable","16":"product-type-simple"},"yoast_head":"<!-- This site is optimized with the Yoast SEO plugin v27.1.1 - https:\/\/yoast.com\/product\/yoast-seo-wordpress\/ -->\n<title>Maxani Skin Protect cream 30 ml - Maxani Animal Healthcare BV<\/title>\n<meta name=\"robots\" content=\"index, follow, max-snippet:-1, max-image-preview:large, max-video-preview:-1\" \/>\n<link rel=\"canonical\" href=\"https:\/\/maxani.nl\/it\/prodotto\/maxani-skin-protect-cream-30-ml\/\" \/>\n<meta property=\"og:locale\" content=\"it_IT\" \/>\n<meta property=\"og:type\" content=\"article\" \/>\n<meta property=\"og:title\" content=\"Maxani Skin Protect cream 30 ml - Maxani Animal Healthcare BV\" \/>\n<meta property=\"og:description\" content=\"Protect Skin cream Beschermende en verzorgende cr\u00e8me voor de ge\u00efrriteerde en kwetsbare huid, zoals rond de ogen en op de slijmvliezen. Protect skin cream legt een dunne, flexibele beschermende laag over de rode, kwetsbare en ge\u00efrriteerde huid, en helpt deze te beschermen tegen externe factoren, met name rond de ogen en slijmvliezen. De cr\u00e8me beschermt de huid ook tegen irritatie door urine, overtollig traanvocht, slijm, ontlasting en medicatieresten. Naast bescherming biedt deze cr\u00e8me ook essenti\u00eble voeding en hydratatie, wat cruciaal is voor het herstel van de huid.  Advies verkoopprijs: \u20ac15,75\" \/>\n<meta property=\"og:url\" content=\"https:\/\/maxani.nl\/it\/prodotto\/maxani-skin-protect-cream-30-ml\/\" \/>\n<meta property=\"og:site_name\" content=\"Maxani Animal Healthcare BV\" \/>\n<meta property=\"article:modified_time\" content=\"2026-01-05T08:38:06+00:00\" \/>\n<meta property=\"og:image\" content=\"https:\/\/maxani.nl\/wp-content\/uploads\/2024\/09\/Maxani-protect-skin-cream-30-ml.jpg\" \/>\n\t<meta property=\"og:image:width\" content=\"1080\" \/>\n\t<meta property=\"og:image:height\" content=\"1080\" \/>\n\t<meta property=\"og:image:type\" content=\"image\/jpeg\" \/>\n<meta name=\"twitter:card\" content=\"summary_large_image\" \/>\n<meta name=\"twitter:label1\" content=\"Tempo di lettura stimato\" \/>\n\t<meta name=\"twitter:data1\" content=\"5 minuti\" \/>\n<script type=\"application\/ld+json\" class=\"yoast-schema-graph\">{\"@context\":\"https:\/\/schema.org\",\"@graph\":[{\"@type\":\"WebPage\",\"@id\":\"https:\/\/maxani.nl\/product\/maxani-skin-protect-cream-30-ml\/\",\"url\":\"https:\/\/maxani.nl\/product\/maxani-skin-protect-cream-30-ml\/\",\"name\":\"Maxani Skin Protect cream 30 ml - Maxani Animal Healthcare BV\",\"isPartOf\":{\"@id\":\"https:\/\/maxani.nl\/#website\"},\"primaryImageOfPage\":{\"@id\":\"https:\/\/maxani.nl\/product\/maxani-skin-protect-cream-30-ml\/#primaryimage\"},\"image\":{\"@id\":\"https:\/\/maxani.nl\/product\/maxani-skin-protect-cream-30-ml\/#primaryimage\"},\"thumbnailUrl\":\"https:\/\/maxani.nl\/wp-content\/uploads\/2024\/09\/Maxani-protect-skin-cream-30-ml.jpg\",\"datePublished\":\"2024-09-12T10:34:18+00:00\",\"dateModified\":\"2026-01-05T08:38:06+00:00\",\"breadcrumb\":{\"@id\":\"https:\/\/maxani.nl\/product\/maxani-skin-protect-cream-30-ml\/#breadcrumb\"},\"inLanguage\":\"it-IT\",\"potentialAction\":[{\"@type\":\"ReadAction\",\"target\":[\"https:\/\/maxani.nl\/product\/maxani-skin-protect-cream-30-ml\/\"]}]},{\"@type\":\"ImageObject\",\"inLanguage\":\"it-IT\",\"@id\":\"https:\/\/maxani.nl\/product\/maxani-skin-protect-cream-30-ml\/#primaryimage\",\"url\":\"https:\/\/maxani.nl\/wp-content\/uploads\/2024\/09\/Maxani-protect-skin-cream-30-ml.jpg\",\"contentUrl\":\"https:\/\/maxani.nl\/wp-content\/uploads\/2024\/09\/Maxani-protect-skin-cream-30-ml.jpg\",\"width\":1080,\"height\":1080},{\"@type\":\"BreadcrumbList\",\"@id\":\"https:\/\/maxani.nl\/product\/maxani-skin-protect-cream-30-ml\/#breadcrumb\",\"itemListElement\":[{\"@type\":\"ListItem\",\"position\":1,\"name\":\"Home\",\"item\":\"https:\/\/maxani.nl\/\"},{\"@type\":\"ListItem\",\"position\":2,\"name\":\"Webshop\",\"item\":\"https:\/\/maxani.nl\/webshop\/\"},{\"@type\":\"ListItem\",\"position\":3,\"name\":\"Maxani Skin Protect cream 30 ml\"}]},{\"@type\":\"WebSite\",\"@id\":\"https:\/\/maxani.nl\/#website\",\"url\":\"https:\/\/maxani.nl\/\",\"name\":\"Maxani Animal Healthcare BV\",\"description\":\"Uw partner in veterinaire dermatologie\",\"potentialAction\":[{\"@type\":\"SearchAction\",\"target\":{\"@type\":\"EntryPoint\",\"urlTemplate\":\"https:\/\/maxani.nl\/?s={search_term_string}\"},\"query-input\":{\"@type\":\"PropertyValueSpecification\",\"valueRequired\":true,\"valueName\":\"search_term_string\"}}],\"inLanguage\":\"it-IT\"}]}<\/script>\n<!-- \/ Yoast SEO plugin. -->","yoast_head_json":{"title":"Maxani Skin Protect cream 30 ml - Maxani Animal Healthcare BV","robots":{"index":"index","follow":"follow","max-snippet":"max-snippet:-1","max-image-preview":"max-image-preview:large","max-video-preview":"max-video-preview:-1"},"canonical":"https:\/\/maxani.nl\/it\/prodotto\/maxani-skin-protect-cream-30-ml\/","og_locale":"it_IT","og_type":"article","og_title":"Maxani Skin Protect cream 30 ml - Maxani Animal Healthcare BV","og_description":"Protect Skin cream Beschermende en verzorgende cr\u00e8me voor de ge\u00efrriteerde en kwetsbare huid, zoals rond de ogen en op de slijmvliezen. Protect skin cream legt een dunne, flexibele beschermende laag over de rode, kwetsbare en ge\u00efrriteerde huid, en helpt deze te beschermen tegen externe factoren, met name rond de ogen en slijmvliezen. De cr\u00e8me beschermt de huid ook tegen irritatie door urine, overtollig traanvocht, slijm, ontlasting en medicatieresten. Naast bescherming biedt deze cr\u00e8me ook essenti\u00eble voeding en hydratatie, wat cruciaal is voor het herstel van de huid.  Advies verkoopprijs: \u20ac15,75","og_url":"https:\/\/maxani.nl\/it\/prodotto\/maxani-skin-protect-cream-30-ml\/","og_site_name":"Maxani Animal Healthcare BV","article_modified_time":"2026-01-05T08:38:06+00:00","og_image":[{"width":1080,"height":1080,"url":"https:\/\/maxani.nl\/wp-content\/uploads\/2024\/09\/Maxani-protect-skin-cream-30-ml.jpg","type":"image\/jpeg"}],"twitter_card":"summary_large_image","twitter_misc":{"Tempo di lettura stimato":"5 minuti"},"schema":{"@context":"https:\/\/schema.org","@graph":[{"@type":"WebPage","@id":"https:\/\/maxani.nl\/product\/maxani-skin-protect-cream-30-ml\/","url":"https:\/\/maxani.nl\/product\/maxani-skin-protect-cream-30-ml\/","name":"Maxani Skin Protect cream 30 ml - Maxani Animal Healthcare BV","isPartOf":{"@id":"https:\/\/maxani.nl\/#website"},"primaryImageOfPage":{"@id":"https:\/\/maxani.nl\/product\/maxani-skin-protect-cream-30-ml\/#primaryimage"},"image":{"@id":"https:\/\/maxani.nl\/product\/maxani-skin-protect-cream-30-ml\/#primaryimage"},"thumbnailUrl":"https:\/\/maxani.nl\/wp-content\/uploads\/2024\/09\/Maxani-protect-skin-cream-30-ml.jpg","datePublished":"2024-09-12T10:34:18+00:00","dateModified":"2026-01-05T08:38:06+00:00","breadcrumb":{"@id":"https:\/\/maxani.nl\/product\/maxani-skin-protect-cream-30-ml\/#breadcrumb"},"inLanguage":"it-IT","potentialAction":[{"@type":"ReadAction","target":["https:\/\/maxani.nl\/product\/maxani-skin-protect-cream-30-ml\/"]}]},{"@type":"ImageObject","inLanguage":"it-IT","@id":"https:\/\/maxani.nl\/product\/maxani-skin-protect-cream-30-ml\/#primaryimage","url":"https:\/\/maxani.nl\/wp-content\/uploads\/2024\/09\/Maxani-protect-skin-cream-30-ml.jpg","contentUrl":"https:\/\/maxani.nl\/wp-content\/uploads\/2024\/09\/Maxani-protect-skin-cream-30-ml.jpg","width":1080,"height":1080},{"@type":"BreadcrumbList","@id":"https:\/\/maxani.nl\/product\/maxani-skin-protect-cream-30-ml\/#breadcrumb","itemListElement":[{"@type":"ListItem","position":1,"name":"Home","item":"https:\/\/maxani.nl\/"},{"@type":"ListItem","position":2,"name":"Webshop","item":"https:\/\/maxani.nl\/webshop\/"},{"@type":"ListItem","position":3,"name":"Maxani Skin Protect cream 30 ml"}]},{"@type":"WebSite","@id":"https:\/\/maxani.nl\/#website","url":"https:\/\/maxani.nl\/","name":"Maxani Animal Healthcare BV","description":"Il vostro partner in dermatologia veterinaria","potentialAction":[{"@type":"SearchAction","target":{"@type":"EntryPoint","urlTemplate":"https:\/\/maxani.nl\/?s={search_term_string}"},"query-input":{"@type":"PropertyValueSpecification","valueRequired":true,"valueName":"search_term_string"}}],"inLanguage":"it-IT"}]}},"jetpack_sharing_enabled":true,"_links":{"self":[{"href":"https:\/\/maxani.nl\/it\/wp-json\/wp\/v2\/product\/15179","targetHints":{"allow":["GET"]}}],"collection":[{"href":"https:\/\/maxani.nl\/it\/wp-json\/wp\/v2\/product"}],"about":[{"href":"https:\/\/maxani.nl\/it\/wp-json\/wp\/v2\/types\/product"}],"wp:featuredmedia":[{"embeddable":true,"href":"https:\/\/maxani.nl\/it\/wp-json\/wp\/v2\/media\/15381"}],"wp:attachment":[{"href":"https:\/\/maxani.nl\/it\/wp-json\/wp\/v2\/media?parent=15179"}],"wp:term":[{"taxonomy":"product_brand","embeddable":true,"href":"https:\/\/maxani.nl\/it\/wp-json\/wp\/v2\/product_brand?post=15179"},{"taxonomy":"product_cat","embeddable":true,"href":"https:\/\/maxani.nl\/it\/wp-json\/wp\/v2\/product_cat?post=15179"},{"taxonomy":"product_tag","embeddable":true,"href":"https:\/\/maxani.nl\/it\/wp-json\/wp\/v2\/product_tag?post=15179"}],"curies":[{"name":"wp","href":"https:\/\/api.w.org\/{rel}","templated":true}]}}