{"id":14953,"date":"2024-08-08T14:34:05","date_gmt":"2024-08-08T14:34:05","guid":{"rendered":"https:\/\/maxani.nl\/?post_type=product&#038;p=14953"},"modified":"2026-03-04T12:18:57","modified_gmt":"2026-03-04T12:18:57","slug":"hydracoat-coat-conditioner","status":"publish","type":"product","link":"https:\/\/maxani.nl\/it\/prodotto\/hydracoat-coat-conditioner\/","title":{"rendered":"HydraCoat Balsamo per cappotti"},"content":{"rendered":"<p><em>Balsamo leave-in per tutti i tipi di manto per idratare e nutrire in profondit\u00e0 il manto.<\/em><\/p>\n<p>Il balsamo per il pelo HydraCoat condiziona il pelo e la pelle senza risciacquare. Questo balsamo leave-in dona al pelo una consistenza ricca e lo idrata in profondit\u00e0. Rende il pelo morbido, meno opaco e pi\u00f9 gestibile. Ideale anche per prevenire i grovigli tra una sessione di taglio o di pettinatura e l'altra.<\/p>\n<p>Il balsamo forma uno strato protettivo unico e fornisce un'idratazione profonda, lasciando il pelo liscio, morbido e rinforzato. \u00c8 particolarmente adatto a tutti i tipi di manto e funziona in modo eccezionale per il manto a pelo corto, il manto riccio e il manto in pile. Inoltre, il balsamo non contiene fragranze aggiunte, il che lo rende estremamente adatto ai gatti e ad altre specie che non desiderano profumi.<\/p>\n<p>Lo spray ha un effetto antistatico e facilita la pettinatura del pelo, rendendolo ideale per la cura di un pelo secco, sottile e opaco. HydraCoat \u00e8 la soluzione ideale per ogni proprietario di cani e per ogni professionista della pelle e del pelo per nutrire la pelle e il pelo con olio di semi di broccoli, pantanolo (vitamina B5) e un potente balsamo.<\/p>\n<p>Adatto agli animali con pelle sensibile, HydraCoat fornisce la massima cura e protezione per un pelo sano e luminoso.<\/p>\n<p><strong><br \/>\nIndicazioni<\/strong><\/p>\n<p><strong>Cappotto secco e opaco<\/strong>HydraCoat fornisce un'idratazione e un nutrimento profondi, ripristinando un pelo lucido e dall'aspetto sano.<\/p>\n<p><strong>Grovigli e nodi<\/strong>Il balsamo rende il pelo liscio e pi\u00f9 maneggevole, aiutando a prevenire i grovigli tra una rifinitura e l'altra.<\/p>\n<p><strong>Pelle sensibile<\/strong>Grazie alla sua formula senza profumo e delicata, HydraCoat \u00e8 adatto agli animali domestici con pelle sensibile o allergie.<\/p>\n<p><strong>Post-Grooming<\/strong>: Ideale da usare dopo la rasatura per nutrire, ammorbidire e dare al manto una lucentezza di lunga durata.<\/p>\n<p><strong>Azione antistatica<\/strong>Riduce l'elettricit\u00e0 statica, particolarmente utile nei climi secchi e freddi o dopo aver asciugato il cappotto.<\/p>\n<p><strong>Tutti i tipi di cappotto<\/strong>Funziona in modo eccezionale per il pelo dritto, il pelo riccio e il pelo di vello, rendendolo un prodotto versatile per varie razze e tipi di pelo.<\/p>\n<p><strong>Rafforzamento del manto<\/strong>: Ingredienti come il pantenolo e il brassicil valinato esilato aiutano a rafforzare il pelo, riducendo la rottura e migliorando la struttura del pelo.<\/p>\n<p><strong>Idratazione e protezione<\/strong>L'esclusivo strato protettivo formato dal balsamo aiuta a proteggere la pelle e il mantello dai fattori ambientali e dalla disidratazione.<\/p>\n<p><strong>Adatto a pi\u00f9 specie<\/strong>Grazie alla sua formulazione priva di profumo, il prodotto \u00e8 adatto non solo ai cani, ma anche ai gatti e ad altri animali domestici per i quali non si desidera il profumo.<\/p>\n<p>HydraCoat Leave-In Coat Conditioner offre una soluzione completa per la toelettatura, per un pelo sano, lucido e facilmente gestibile, adatto all'uso quotidiano o quando \u00e8 necessaria una cura extra.<\/p>\n<p><strong>Operazione<\/strong><\/p>\n<p>Questi ingredienti accuratamente selezionati lavorano insieme per rendere HydraCoat Leave-In Coat Conditioner una soluzione potente, efficace e facile da usare per la cura del pelo e della pelle dei nostri animali domestici.<\/p>\n<p>L'olio di semi di broccoli \u00e8 l'ingrediente principale del balsamo ed \u00e8 ricco di antiossidanti e ha un'attivit\u00e0 antibatterica. L'olio di semi di broccoli contiene il Brassica Alcohol, un alcol grasso naturale derivato dalla colza, che ammorbidisce e condiziona il pelo senza lasciare residui grassi.<\/p>\n<p>Il Brassicyl Valinate Esylate \u00e8 un ingrediente innovativo che protegge e rafforza il pelo, rendendolo pi\u00f9 resistente e meno soggetto a rotture. Contribuisce alla consistenza e all'elasticit\u00e0 del pelo.<\/p>\n<p>Il cloruro di behentrimonio e il cloruro di cetrimonio sono potenti agenti condizionanti che aiutano a districare, lisciare e rendere pi\u00f9 gestibile il pelo. Riducono l'elettricit\u00e0 statica e migliorano la lucentezza.<\/p>\n<p>Il pantenolo (Provitamina B5) \u00e8 noto per le sue propriet\u00e0 idratanti ed emollienti. Il pantenolo penetra in profondit\u00e0 nella struttura del pelo per trattenere l'umidit\u00e0, rafforza il pelo e migliora l'elasticit\u00e0.<\/p>\n<p><strong>Dosaggio e applicazione <\/strong><\/p>\n<p>Applicare semplicemente sul manto bagnato o asciutto. Non risciacquare. Riduce la pettinabilit\u00e0 sia sul pelo bagnato che su quello asciutto.<\/p>\n<p><strong>Composizione<\/strong><\/p>\n<p>Acqua, alcool brassico, cloruro di behentrimonium, brassicyl<\/p>\n<p>valinato esilato, pantenolo, cloruro di cetrimonio, glicole dipropilenico,<\/p>\n<p>idrossido di sodio, metilpropanediolo, glicole caprilico, fenilpropanolo.<\/p>\n<p>&nbsp;<\/p>\n<p>Prezzo al pubblico consigliato: 16,95 \u20ac (200 ml), 65,90 \u20ac (1 litro)<\/p>\n<span class=\"wppb-content-restriction-message\"><p data-opacity=\"0.5\">Per maggiori informazioni \u00e8 necessario aver effettuato il login<\/p>\n<\/span>","protected":false},"excerpt":{"rendered":"<p>Il balsamo per il mantello Leave-In \u00e8 studiato per tutti i tipi di mantello per idratare e nutrire in profondit\u00e0 il manto. Questo balsamo leave-in condiziona il manto e la cute senza risciacquare. Dona al pelo una consistenza ricca e fornisce un'idratazione profonda, lasciando il manto morbido, meno opaco e pi\u00f9 gestibile. Ideale per prevenire i grovigli tra le sessioni di taglio o di pettinatura.<\/p>\n<span class=\"wppb-content-restriction-message\"><p data-opacity=\"0.5\">Per maggiori informazioni \u00e8 necessario aver effettuato il login<\/p>\n<\/span>","protected":false},"featured_media":18942,"template":"","meta":[],"product_brand":[],"product_cat":[15,29,35],"product_tag":[38,270],"class_list":{"0":"post-14953","1":"product","2":"type-product","3":"status-publish","4":"has-post-thumbnail","6":"product_cat-alle-producten","7":"product_cat-maxani","8":"product_cat-regular","9":"product_tag-conditioner","10":"product_tag-hydraterend","12":"first","13":"instock","14":"taxable","15":"shipping-taxable","16":"product-type-variable"},"yoast_head":"<!-- This site is optimized with the Yoast SEO plugin v27.1.1 - https:\/\/yoast.com\/product\/yoast-seo-wordpress\/ -->\n<title>HydraCoat Coat conditioner - Maxani Animal Healthcare BV<\/title>\n<meta name=\"robots\" content=\"index, follow, max-snippet:-1, max-image-preview:large, max-video-preview:-1\" \/>\n<link rel=\"canonical\" href=\"https:\/\/maxani.nl\/it\/prodotto\/hydracoat-coat-conditioner\/\" \/>\n<meta property=\"og:locale\" content=\"it_IT\" \/>\n<meta property=\"og:type\" content=\"article\" \/>\n<meta property=\"og:title\" content=\"HydraCoat Coat conditioner - Maxani Animal Healthcare BV\" \/>\n<meta property=\"og:description\" content=\"Coat conditioner Leave-In Vachtconditioner is ontworpen voor alle vachttypes om de vacht diep te hydrateren en te voeden. Deze leave-in conditioner verzorgt de vacht en huid zonder uitspoelen. Het geeft de haren een rijke textuur en voorziet ze van diepe hydratatie, waardoor de vacht zacht, minder dof en beter beheersbaar wordt. Ideaal om klitten te voorkomen tussen trim- of kambeurten door.\" \/>\n<meta property=\"og:url\" content=\"https:\/\/maxani.nl\/it\/prodotto\/hydracoat-coat-conditioner\/\" \/>\n<meta property=\"og:site_name\" content=\"Maxani Animal Healthcare BV\" \/>\n<meta property=\"article:modified_time\" content=\"2026-03-04T12:18:57+00:00\" \/>\n<meta property=\"og:image\" content=\"https:\/\/maxani.nl\/wp-content\/uploads\/2024\/08\/Maxani-Hydracoat-1l-en-200-ml.jpg\" \/>\n\t<meta property=\"og:image:width\" content=\"1080\" \/>\n\t<meta property=\"og:image:height\" content=\"1080\" \/>\n\t<meta property=\"og:image:type\" content=\"image\/jpeg\" \/>\n<meta name=\"twitter:card\" content=\"summary_large_image\" \/>\n<meta name=\"twitter:label1\" content=\"Tempo di lettura stimato\" \/>\n\t<meta name=\"twitter:data1\" content=\"5 minuti\" \/>\n<script type=\"application\/ld+json\" class=\"yoast-schema-graph\">{\"@context\":\"https:\/\/schema.org\",\"@graph\":[{\"@type\":\"WebPage\",\"@id\":\"https:\/\/maxani.nl\/product\/hydracoat-coat-conditioner\/\",\"url\":\"https:\/\/maxani.nl\/product\/hydracoat-coat-conditioner\/\",\"name\":\"HydraCoat Coat conditioner - Maxani Animal Healthcare BV\",\"isPartOf\":{\"@id\":\"https:\/\/maxani.nl\/#website\"},\"primaryImageOfPage\":{\"@id\":\"https:\/\/maxani.nl\/product\/hydracoat-coat-conditioner\/#primaryimage\"},\"image\":{\"@id\":\"https:\/\/maxani.nl\/product\/hydracoat-coat-conditioner\/#primaryimage\"},\"thumbnailUrl\":\"https:\/\/maxani.nl\/wp-content\/uploads\/2024\/08\/Maxani-Hydracoat-1l-en-200-ml.jpg\",\"datePublished\":\"2024-08-08T14:34:05+00:00\",\"dateModified\":\"2026-03-04T12:18:57+00:00\",\"breadcrumb\":{\"@id\":\"https:\/\/maxani.nl\/product\/hydracoat-coat-conditioner\/#breadcrumb\"},\"inLanguage\":\"it-IT\",\"potentialAction\":[{\"@type\":\"ReadAction\",\"target\":[\"https:\/\/maxani.nl\/product\/hydracoat-coat-conditioner\/\"]}]},{\"@type\":\"ImageObject\",\"inLanguage\":\"it-IT\",\"@id\":\"https:\/\/maxani.nl\/product\/hydracoat-coat-conditioner\/#primaryimage\",\"url\":\"https:\/\/maxani.nl\/wp-content\/uploads\/2024\/08\/Maxani-Hydracoat-1l-en-200-ml.jpg\",\"contentUrl\":\"https:\/\/maxani.nl\/wp-content\/uploads\/2024\/08\/Maxani-Hydracoat-1l-en-200-ml.jpg\",\"width\":1080,\"height\":1080},{\"@type\":\"BreadcrumbList\",\"@id\":\"https:\/\/maxani.nl\/product\/hydracoat-coat-conditioner\/#breadcrumb\",\"itemListElement\":[{\"@type\":\"ListItem\",\"position\":1,\"name\":\"Home\",\"item\":\"https:\/\/maxani.nl\/\"},{\"@type\":\"ListItem\",\"position\":2,\"name\":\"Webshop\",\"item\":\"https:\/\/maxani.nl\/webshop\/\"},{\"@type\":\"ListItem\",\"position\":3,\"name\":\"HydraCoat Coat conditioner\"}]},{\"@type\":\"WebSite\",\"@id\":\"https:\/\/maxani.nl\/#website\",\"url\":\"https:\/\/maxani.nl\/\",\"name\":\"Maxani Animal Healthcare BV\",\"description\":\"Uw partner in veterinaire dermatologie\",\"potentialAction\":[{\"@type\":\"SearchAction\",\"target\":{\"@type\":\"EntryPoint\",\"urlTemplate\":\"https:\/\/maxani.nl\/?s={search_term_string}\"},\"query-input\":{\"@type\":\"PropertyValueSpecification\",\"valueRequired\":true,\"valueName\":\"search_term_string\"}}],\"inLanguage\":\"it-IT\"}]}<\/script>\n<!-- \/ Yoast SEO plugin. -->","yoast_head_json":{"title":"HydraCoat Coat conditioner - Maxani Animal Healthcare BV","robots":{"index":"index","follow":"follow","max-snippet":"max-snippet:-1","max-image-preview":"max-image-preview:large","max-video-preview":"max-video-preview:-1"},"canonical":"https:\/\/maxani.nl\/it\/prodotto\/hydracoat-coat-conditioner\/","og_locale":"it_IT","og_type":"article","og_title":"HydraCoat Coat conditioner - Maxani Animal Healthcare BV","og_description":"Coat conditioner Leave-In Vachtconditioner is ontworpen voor alle vachttypes om de vacht diep te hydrateren en te voeden. Deze leave-in conditioner verzorgt de vacht en huid zonder uitspoelen. Het geeft de haren een rijke textuur en voorziet ze van diepe hydratatie, waardoor de vacht zacht, minder dof en beter beheersbaar wordt. Ideaal om klitten te voorkomen tussen trim- of kambeurten door.","og_url":"https:\/\/maxani.nl\/it\/prodotto\/hydracoat-coat-conditioner\/","og_site_name":"Maxani Animal Healthcare BV","article_modified_time":"2026-03-04T12:18:57+00:00","og_image":[{"width":1080,"height":1080,"url":"https:\/\/maxani.nl\/wp-content\/uploads\/2024\/08\/Maxani-Hydracoat-1l-en-200-ml.jpg","type":"image\/jpeg"}],"twitter_card":"summary_large_image","twitter_misc":{"Tempo di lettura stimato":"5 minuti"},"schema":{"@context":"https:\/\/schema.org","@graph":[{"@type":"WebPage","@id":"https:\/\/maxani.nl\/product\/hydracoat-coat-conditioner\/","url":"https:\/\/maxani.nl\/product\/hydracoat-coat-conditioner\/","name":"HydraCoat Coat conditioner - Maxani Animal Healthcare BV","isPartOf":{"@id":"https:\/\/maxani.nl\/#website"},"primaryImageOfPage":{"@id":"https:\/\/maxani.nl\/product\/hydracoat-coat-conditioner\/#primaryimage"},"image":{"@id":"https:\/\/maxani.nl\/product\/hydracoat-coat-conditioner\/#primaryimage"},"thumbnailUrl":"https:\/\/maxani.nl\/wp-content\/uploads\/2024\/08\/Maxani-Hydracoat-1l-en-200-ml.jpg","datePublished":"2024-08-08T14:34:05+00:00","dateModified":"2026-03-04T12:18:57+00:00","breadcrumb":{"@id":"https:\/\/maxani.nl\/product\/hydracoat-coat-conditioner\/#breadcrumb"},"inLanguage":"it-IT","potentialAction":[{"@type":"ReadAction","target":["https:\/\/maxani.nl\/product\/hydracoat-coat-conditioner\/"]}]},{"@type":"ImageObject","inLanguage":"it-IT","@id":"https:\/\/maxani.nl\/product\/hydracoat-coat-conditioner\/#primaryimage","url":"https:\/\/maxani.nl\/wp-content\/uploads\/2024\/08\/Maxani-Hydracoat-1l-en-200-ml.jpg","contentUrl":"https:\/\/maxani.nl\/wp-content\/uploads\/2024\/08\/Maxani-Hydracoat-1l-en-200-ml.jpg","width":1080,"height":1080},{"@type":"BreadcrumbList","@id":"https:\/\/maxani.nl\/product\/hydracoat-coat-conditioner\/#breadcrumb","itemListElement":[{"@type":"ListItem","position":1,"name":"Home","item":"https:\/\/maxani.nl\/"},{"@type":"ListItem","position":2,"name":"Webshop","item":"https:\/\/maxani.nl\/webshop\/"},{"@type":"ListItem","position":3,"name":"HydraCoat Coat conditioner"}]},{"@type":"WebSite","@id":"https:\/\/maxani.nl\/#website","url":"https:\/\/maxani.nl\/","name":"Maxani Animal Healthcare BV","description":"Il vostro partner in dermatologia veterinaria","potentialAction":[{"@type":"SearchAction","target":{"@type":"EntryPoint","urlTemplate":"https:\/\/maxani.nl\/?s={search_term_string}"},"query-input":{"@type":"PropertyValueSpecification","valueRequired":true,"valueName":"search_term_string"}}],"inLanguage":"it-IT"}]}},"jetpack_sharing_enabled":true,"_links":{"self":[{"href":"https:\/\/maxani.nl\/it\/wp-json\/wp\/v2\/product\/14953","targetHints":{"allow":["GET"]}}],"collection":[{"href":"https:\/\/maxani.nl\/it\/wp-json\/wp\/v2\/product"}],"about":[{"href":"https:\/\/maxani.nl\/it\/wp-json\/wp\/v2\/types\/product"}],"wp:featuredmedia":[{"embeddable":true,"href":"https:\/\/maxani.nl\/it\/wp-json\/wp\/v2\/media\/18942"}],"wp:attachment":[{"href":"https:\/\/maxani.nl\/it\/wp-json\/wp\/v2\/media?parent=14953"}],"wp:term":[{"taxonomy":"product_brand","embeddable":true,"href":"https:\/\/maxani.nl\/it\/wp-json\/wp\/v2\/product_brand?post=14953"},{"taxonomy":"product_cat","embeddable":true,"href":"https:\/\/maxani.nl\/it\/wp-json\/wp\/v2\/product_cat?post=14953"},{"taxonomy":"product_tag","embeddable":true,"href":"https:\/\/maxani.nl\/it\/wp-json\/wp\/v2\/product_tag?post=14953"}],"curies":[{"name":"wp","href":"https:\/\/api.w.org\/{rel}","templated":true}]}}