{"id":147,"date":"2019-08-13T11:44:07","date_gmt":"2019-08-13T11:44:07","guid":{"rendered":"https:\/\/maandvandehuidverzorging.nl\/?post_type=product&#038;p=147"},"modified":"2026-01-05T09:04:39","modified_gmt":"2026-01-05T09:04:39","slug":"honey-o3-gel","status":"publish","type":"product","link":"https:\/\/maxani.nl\/it\/prodotto\/honey-o3-gel\/","title":{"rendered":"Gel Maxani Honey-O3"},"content":{"rendered":"<p><strong>Indicazioni<\/strong><\/p>\n<p>Ferite contaminate e infette.<\/p>\n<p><strong>Operazione\u00a0<\/strong><\/p>\n<p>In Honey O3 Gel, il miele combinato con la glicerina crea un ambiente umido nella ferita. Un ambiente umido stimola la crescita e la migrazione di nuove cellule e garantisce che le proteine importanti per la chiusura della ferita rimangano al loro posto per svolgere il loro lavoro di riparazione. Inoltre, in un ambiente umido, non si formano croste e la ferita si mantiene elastica. Il Miele O3 Gel \u00e8 in grado di favorire notevolmente la guarigione delle ferite, in parte perch\u00e9 scioglie il tessuto morto dalle ferite in modo particolarmente rapido, riducendo cos\u00ec la risposta infiammatoria. Nel miele puro, il basso valore di pH e l'elevata quantit\u00e0 di glucosio ossidasi garantiscono il potente effetto antibatterico. Il glucosio ossidasi viene convertito in acido gluconico e perossido di idrogeno (H2O2) dopo il contatto con la pelle\/la ferita. L'acido gluconico crea un ambiente acido che i batteri e i potenziali agenti patogeni non gradiscono. Applicando regolarmente nuovo miele sulla ferita, questo processo si ripete. L'azione disinfettante agisce in profondit\u00e0 nella ferita. L'abbassamento del pH garantisce una maggiore quantit\u00e0 di ossigeno, che favorisce la crescita dei tessuti.<\/p>\n<p><strong>Utilizzo<\/strong><\/p>\n<p>Applicare il gel Honey O3 sulla pelle interessata. \u00c8 importante cambiare il gel e l'eventuale medicazione ogni 24-48 ore. <a href=\"https:\/\/maandvandehuidverzorging.nl\/product\/cleanser-spray\/\">Spray detergente Maxani<\/a> pu\u00f2 essere utilizzato per rimuovere facilmente i detriti e i residui di miele, in modo da poter applicare il gel di miele su una ferita pulita.<\/p>\n<span class=\"wppb-content-restriction-message\"><p data-opacity=\"0.5\">Per maggiori informazioni \u00e8 necessario aver effettuato il login<\/p>\n<\/span>","protected":false},"excerpt":{"rendered":"<p>Un ingrediente chiave di Honey O3 Gel \u00e8 il 45%, puro miele ozonizzato di pascolo di montagna. In considerazione dell'aumento della resistenza agli antibiotici, l'uso del Miele O3 Gel di Maxani \u00e8 una buona alternativa. Il miele ha propriet\u00e0 antibatteriche, antinfiammatorie e favorisce la granulazione dei tessuti. Il miele agisce anche come antiossidante e rimuove i radicali liberi. \u00c8 un prodotto delicato e naturale.<\/p>\n<p><strong>Animale<\/strong>: Tutte le specie<\/p>\n<p><strong>Contenuto<\/strong>: 20g, 50g, 200g<\/p>\n<span class=\"wppb-shortcode-restriction-message\"> <\/span>","protected":false},"featured_media":11906,"template":"","meta":[],"product_brand":[],"product_cat":[15,29,41],"product_tag":[253,256,254,259,255,257,258,157,260,158,262,261,232],"class_list":{"0":"post-147","1":"product","2":"type-product","3":"status-publish","4":"has-post-thumbnail","6":"product_cat-alle-producten","7":"product_cat-maxani","8":"product_cat-wond-en-huidplooi","9":"product_tag-253","10":"product_tag-256","11":"product_tag-254","12":"product_tag-259","13":"product_tag-255","14":"product_tag-257","15":"product_tag-258","16":"product_tag-honey","17":"product_tag-honey-gel","18":"product_tag-honing","19":"product_tag-honing-zalf","20":"product_tag-honingzalf","21":"product_tag-wondverzorging","23":"first","24":"instock","25":"taxable","26":"shipping-taxable","27":"product-type-variable"},"yoast_head":"<!-- This site is optimized with the Yoast SEO plugin v27.1.1 - https:\/\/yoast.com\/product\/yoast-seo-wordpress\/ -->\n<title>Maxani Honey-O3 gel - Maxani Animal Healthcare BV<\/title>\n<meta name=\"robots\" content=\"index, follow, max-snippet:-1, max-image-preview:large, max-video-preview:-1\" \/>\n<link rel=\"canonical\" href=\"https:\/\/maxani.nl\/it\/prodotto\/honey-o3-gel\/\" \/>\n<meta property=\"og:locale\" content=\"it_IT\" \/>\n<meta property=\"og:type\" content=\"article\" \/>\n<meta property=\"og:title\" content=\"Maxani Honey-O3 gel - Maxani Animal Healthcare BV\" \/>\n<meta property=\"og:description\" content=\"Een belangrijke stof in de Honey O3 Gel is 45% zuivere ge\u00f6zoneerde bergweide honing. Met oog op de toename van antibioticum resistentie is het gebruik van Maxani Honey O3 Gel een goed alternatief. Honing heeft antibacteri\u00eble, anti-inflammatoire en weefselgranulatie bevorderende eigenschappen. Honing werkt ook als antioxidant en haalt de vrije radicalen weg. Het is een mild en natuurlijk product.  Dier: Alle diersoorten  Inhoud: 20 g, 50 g, 200g\" \/>\n<meta property=\"og:url\" content=\"https:\/\/maxani.nl\/it\/prodotto\/honey-o3-gel\/\" \/>\n<meta property=\"og:site_name\" content=\"Maxani Animal Healthcare BV\" \/>\n<meta property=\"article:modified_time\" content=\"2026-01-05T09:04:39+00:00\" \/>\n<meta property=\"og:image\" content=\"https:\/\/maxani.nl\/wp-content\/uploads\/2023\/01\/Maxani-honey-O3-combi.jpg\" \/>\n\t<meta property=\"og:image:width\" content=\"1080\" \/>\n\t<meta property=\"og:image:height\" content=\"1080\" \/>\n\t<meta property=\"og:image:type\" content=\"image\/jpeg\" \/>\n<meta name=\"twitter:card\" content=\"summary_large_image\" \/>\n<meta name=\"twitter:label1\" content=\"Tempo di lettura stimato\" \/>\n\t<meta name=\"twitter:data1\" content=\"3 minuti\" \/>\n<script type=\"application\/ld+json\" class=\"yoast-schema-graph\">{\"@context\":\"https:\/\/schema.org\",\"@graph\":[{\"@type\":\"WebPage\",\"@id\":\"https:\/\/maxani.nl\/product\/honey-o3-gel\/\",\"url\":\"https:\/\/maxani.nl\/product\/honey-o3-gel\/\",\"name\":\"Maxani Honey-O3 gel - Maxani Animal Healthcare BV\",\"isPartOf\":{\"@id\":\"https:\/\/maxani.nl\/#website\"},\"primaryImageOfPage\":{\"@id\":\"https:\/\/maxani.nl\/product\/honey-o3-gel\/#primaryimage\"},\"image\":{\"@id\":\"https:\/\/maxani.nl\/product\/honey-o3-gel\/#primaryimage\"},\"thumbnailUrl\":\"https:\/\/maxani.nl\/wp-content\/uploads\/2023\/01\/Maxani-honey-O3-combi.jpg\",\"datePublished\":\"2019-08-13T11:44:07+00:00\",\"dateModified\":\"2026-01-05T09:04:39+00:00\",\"breadcrumb\":{\"@id\":\"https:\/\/maxani.nl\/product\/honey-o3-gel\/#breadcrumb\"},\"inLanguage\":\"it-IT\",\"potentialAction\":[{\"@type\":\"ReadAction\",\"target\":[\"https:\/\/maxani.nl\/product\/honey-o3-gel\/\"]}]},{\"@type\":\"ImageObject\",\"inLanguage\":\"it-IT\",\"@id\":\"https:\/\/maxani.nl\/product\/honey-o3-gel\/#primaryimage\",\"url\":\"https:\/\/maxani.nl\/wp-content\/uploads\/2023\/01\/Maxani-honey-O3-combi.jpg\",\"contentUrl\":\"https:\/\/maxani.nl\/wp-content\/uploads\/2023\/01\/Maxani-honey-O3-combi.jpg\",\"width\":1080,\"height\":1080},{\"@type\":\"BreadcrumbList\",\"@id\":\"https:\/\/maxani.nl\/product\/honey-o3-gel\/#breadcrumb\",\"itemListElement\":[{\"@type\":\"ListItem\",\"position\":1,\"name\":\"Home\",\"item\":\"https:\/\/maxani.nl\/\"},{\"@type\":\"ListItem\",\"position\":2,\"name\":\"Webshop\",\"item\":\"https:\/\/maxani.nl\/webshop\/\"},{\"@type\":\"ListItem\",\"position\":3,\"name\":\"Maxani Honey-O3 gel\"}]},{\"@type\":\"WebSite\",\"@id\":\"https:\/\/maxani.nl\/#website\",\"url\":\"https:\/\/maxani.nl\/\",\"name\":\"Maxani Animal Healthcare BV\",\"description\":\"Uw partner in veterinaire dermatologie\",\"potentialAction\":[{\"@type\":\"SearchAction\",\"target\":{\"@type\":\"EntryPoint\",\"urlTemplate\":\"https:\/\/maxani.nl\/?s={search_term_string}\"},\"query-input\":{\"@type\":\"PropertyValueSpecification\",\"valueRequired\":true,\"valueName\":\"search_term_string\"}}],\"inLanguage\":\"it-IT\"}]}<\/script>\n<!-- \/ Yoast SEO plugin. -->","yoast_head_json":{"title":"Maxani Honey-O3 gel - Maxani Animal Healthcare BV","robots":{"index":"index","follow":"follow","max-snippet":"max-snippet:-1","max-image-preview":"max-image-preview:large","max-video-preview":"max-video-preview:-1"},"canonical":"https:\/\/maxani.nl\/it\/prodotto\/honey-o3-gel\/","og_locale":"it_IT","og_type":"article","og_title":"Maxani Honey-O3 gel - Maxani Animal Healthcare BV","og_description":"Een belangrijke stof in de Honey O3 Gel is 45% zuivere ge\u00f6zoneerde bergweide honing. Met oog op de toename van antibioticum resistentie is het gebruik van Maxani Honey O3 Gel een goed alternatief. Honing heeft antibacteri\u00eble, anti-inflammatoire en weefselgranulatie bevorderende eigenschappen. Honing werkt ook als antioxidant en haalt de vrije radicalen weg. Het is een mild en natuurlijk product.  Dier: Alle diersoorten  Inhoud: 20 g, 50 g, 200g","og_url":"https:\/\/maxani.nl\/it\/prodotto\/honey-o3-gel\/","og_site_name":"Maxani Animal Healthcare BV","article_modified_time":"2026-01-05T09:04:39+00:00","og_image":[{"width":1080,"height":1080,"url":"https:\/\/maxani.nl\/wp-content\/uploads\/2023\/01\/Maxani-honey-O3-combi.jpg","type":"image\/jpeg"}],"twitter_card":"summary_large_image","twitter_misc":{"Tempo di lettura stimato":"3 minuti"},"schema":{"@context":"https:\/\/schema.org","@graph":[{"@type":"WebPage","@id":"https:\/\/maxani.nl\/product\/honey-o3-gel\/","url":"https:\/\/maxani.nl\/product\/honey-o3-gel\/","name":"Maxani Honey-O3 gel - Maxani Animal Healthcare BV","isPartOf":{"@id":"https:\/\/maxani.nl\/#website"},"primaryImageOfPage":{"@id":"https:\/\/maxani.nl\/product\/honey-o3-gel\/#primaryimage"},"image":{"@id":"https:\/\/maxani.nl\/product\/honey-o3-gel\/#primaryimage"},"thumbnailUrl":"https:\/\/maxani.nl\/wp-content\/uploads\/2023\/01\/Maxani-honey-O3-combi.jpg","datePublished":"2019-08-13T11:44:07+00:00","dateModified":"2026-01-05T09:04:39+00:00","breadcrumb":{"@id":"https:\/\/maxani.nl\/product\/honey-o3-gel\/#breadcrumb"},"inLanguage":"it-IT","potentialAction":[{"@type":"ReadAction","target":["https:\/\/maxani.nl\/product\/honey-o3-gel\/"]}]},{"@type":"ImageObject","inLanguage":"it-IT","@id":"https:\/\/maxani.nl\/product\/honey-o3-gel\/#primaryimage","url":"https:\/\/maxani.nl\/wp-content\/uploads\/2023\/01\/Maxani-honey-O3-combi.jpg","contentUrl":"https:\/\/maxani.nl\/wp-content\/uploads\/2023\/01\/Maxani-honey-O3-combi.jpg","width":1080,"height":1080},{"@type":"BreadcrumbList","@id":"https:\/\/maxani.nl\/product\/honey-o3-gel\/#breadcrumb","itemListElement":[{"@type":"ListItem","position":1,"name":"Home","item":"https:\/\/maxani.nl\/"},{"@type":"ListItem","position":2,"name":"Webshop","item":"https:\/\/maxani.nl\/webshop\/"},{"@type":"ListItem","position":3,"name":"Maxani Honey-O3 gel"}]},{"@type":"WebSite","@id":"https:\/\/maxani.nl\/#website","url":"https:\/\/maxani.nl\/","name":"Maxani Animal Healthcare BV","description":"Il vostro partner in dermatologia veterinaria","potentialAction":[{"@type":"SearchAction","target":{"@type":"EntryPoint","urlTemplate":"https:\/\/maxani.nl\/?s={search_term_string}"},"query-input":{"@type":"PropertyValueSpecification","valueRequired":true,"valueName":"search_term_string"}}],"inLanguage":"it-IT"}]}},"jetpack_sharing_enabled":true,"_links":{"self":[{"href":"https:\/\/maxani.nl\/it\/wp-json\/wp\/v2\/product\/147","targetHints":{"allow":["GET"]}}],"collection":[{"href":"https:\/\/maxani.nl\/it\/wp-json\/wp\/v2\/product"}],"about":[{"href":"https:\/\/maxani.nl\/it\/wp-json\/wp\/v2\/types\/product"}],"wp:featuredmedia":[{"embeddable":true,"href":"https:\/\/maxani.nl\/it\/wp-json\/wp\/v2\/media\/11906"}],"wp:attachment":[{"href":"https:\/\/maxani.nl\/it\/wp-json\/wp\/v2\/media?parent=147"}],"wp:term":[{"taxonomy":"product_brand","embeddable":true,"href":"https:\/\/maxani.nl\/it\/wp-json\/wp\/v2\/product_brand?post=147"},{"taxonomy":"product_cat","embeddable":true,"href":"https:\/\/maxani.nl\/it\/wp-json\/wp\/v2\/product_cat?post=147"},{"taxonomy":"product_tag","embeddable":true,"href":"https:\/\/maxani.nl\/it\/wp-json\/wp\/v2\/product_tag?post=147"}],"curies":[{"name":"wp","href":"https:\/\/api.w.org\/{rel}","templated":true}]}}