{"id":140,"date":"2019-08-13T11:37:14","date_gmt":"2019-08-13T11:37:14","guid":{"rendered":"https:\/\/maandvandehuidverzorging.nl\/?post_type=product&#038;p=140"},"modified":"2026-03-09T12:47:20","modified_gmt":"2026-03-09T12:47:20","slug":"cleanser-spray","status":"publish","type":"product","link":"https:\/\/maxani.nl\/it\/prodotto\/cleanser-spray\/","title":{"rendered":"Spray detergente Maxani"},"content":{"rendered":"<p><strong>Indicazioni<\/strong><\/p>\n<p>Pulizia della pelle irritata o infiammata e delle ferite, supporto per la dermatite piotraumatica, i punti caldi e l'intertrigine.<\/p>\n<p><strong>Operazione\u00a0<\/strong><\/p>\n<p>Il detergente spray \u00e8 a base di acqua fisiologica con polisorbato, glicerolo e clorexidina. La clorexidina svolge una leggera azione antisettica, impedendo la contaminazione. Detriti, proteine e grassi vengono sciolti e la pelle circostante viene curata e protetta. Lo sporco e i microrganismi vengono cos\u00ec lavati via.<\/p>\n<p><strong>Utilizzo<\/strong><\/p>\n<p>Lo spray detergente deterge e risciacqua la pelle colpita, rimuovendo i detriti e favorendo cos\u00ec la guarigione della pelle. La combinazione di acqua fisiologica, glicerina, clorexadina e saponi delicati scioglie efficacemente le proteine, lo sporco e i grassi presenti sulla pelle colpita, o come prescritto dal veterinario. Il prodotto deve essere lasciato asciugare all'aria per almeno 5-10 minuti; il risciacquo non \u00e8 necessario.<\/p>\n<span class=\"wppb-content-restriction-message\"><p data-opacity=\"0.5\">Per maggiori informazioni \u00e8 necessario aver effettuato il login<\/p>\n<\/span>","protected":false},"excerpt":{"rendered":"<p>Lo spray detergente deterge e risciacqua la pelle e\/o la ferita, favorendo la capacit\u00e0 di guarigione della pelle. Adatto anche per pelli sensibili, secche e arrossate. Lo spray detergente non punge e non macchia, \u00e8 incolore e inodore. Gli animali non si leccheranno facilmente quando lo spray \u00e8 su di loro perch\u00e9 il Cleanser ha un sapore molto amaro. Con l'uso del detergente spray, si rispetta la linea guida di ridurre l'uso di antibiotici.<\/p>\n<p><strong>Animale<\/strong>: Tutte le specie<\/p>\n<p><strong>Contenuto<\/strong>: 150 ml, 250 ml<\/p>\n<p><strong>Temporaneamente esaurito - 150 ml.<\/strong> Gli ordini vengono automaticamente messi in backorder. Consegna prevista: <strong data-start=\"166\" data-end=\"194\">fine marzo\/inizio aprile<\/strong>.<\/p>\n<span class=\"wppb-shortcode-restriction-message\"> <\/span>","protected":false},"featured_media":11869,"template":"","meta":[],"product_brand":[],"product_cat":[15,29,41],"product_tag":[44,263,266,45,46,47,265,264,232],"class_list":{"0":"post-140","1":"product","2":"type-product","3":"status-publish","4":"has-post-thumbnail","6":"product_cat-alle-producten","7":"product_cat-maxani","8":"product_cat-wond-en-huidplooi","9":"product_tag-44","10":"product_tag-263","11":"product_tag-chloorhexidine","12":"product_tag-cleanser","13":"product_tag-cleanser-spray","14":"product_tag-cleanserspray","15":"product_tag-schoonmaken","16":"product_tag-wond","17":"product_tag-wondverzorging","19":"first","20":"instock","21":"featured","22":"taxable","23":"shipping-taxable","24":"product-type-variable"},"yoast_head":"<!-- This site is optimized with the Yoast SEO plugin v27.1.1 - https:\/\/yoast.com\/product\/yoast-seo-wordpress\/ -->\n<title>Maxani Cleanser spray - Maxani Animal Healthcare BV<\/title>\n<meta name=\"description\" content=\"Cleanser spray\" \/>\n<meta name=\"robots\" content=\"index, follow, max-snippet:-1, max-image-preview:large, max-video-preview:-1\" \/>\n<link rel=\"canonical\" href=\"https:\/\/maxani.nl\/it\/prodotto\/cleanser-spray\/\" \/>\n<meta property=\"og:locale\" content=\"it_IT\" \/>\n<meta property=\"og:type\" content=\"article\" \/>\n<meta property=\"og:title\" content=\"Maxani Cleanser spray - Maxani Animal Healthcare BV\" \/>\n<meta property=\"og:description\" content=\"Cleanser spray\" \/>\n<meta property=\"og:url\" content=\"https:\/\/maxani.nl\/it\/prodotto\/cleanser-spray\/\" \/>\n<meta property=\"og:site_name\" content=\"Maxani Animal Healthcare BV\" \/>\n<meta property=\"article:modified_time\" content=\"2026-03-09T12:47:20+00:00\" \/>\n<meta property=\"og:image\" content=\"https:\/\/maxani.nl\/wp-content\/uploads\/2023\/01\/Maxani-cleanser-spray-150ml-en-250ml.jpg\" \/>\n\t<meta property=\"og:image:width\" content=\"1080\" \/>\n\t<meta property=\"og:image:height\" content=\"1080\" \/>\n\t<meta property=\"og:image:type\" content=\"image\/jpeg\" \/>\n<meta name=\"twitter:card\" content=\"summary_large_image\" \/>\n<meta name=\"twitter:label1\" content=\"Tempo di lettura stimato\" \/>\n\t<meta name=\"twitter:data1\" content=\"2 minuti\" \/>\n<script type=\"application\/ld+json\" class=\"yoast-schema-graph\">{\"@context\":\"https:\/\/schema.org\",\"@graph\":[{\"@type\":\"WebPage\",\"@id\":\"https:\/\/maxani.nl\/product\/cleanser-spray\/\",\"url\":\"https:\/\/maxani.nl\/product\/cleanser-spray\/\",\"name\":\"Maxani Cleanser spray - Maxani Animal Healthcare BV\",\"isPartOf\":{\"@id\":\"https:\/\/maxani.nl\/#website\"},\"primaryImageOfPage\":{\"@id\":\"https:\/\/maxani.nl\/product\/cleanser-spray\/#primaryimage\"},\"image\":{\"@id\":\"https:\/\/maxani.nl\/product\/cleanser-spray\/#primaryimage\"},\"thumbnailUrl\":\"https:\/\/maxani.nl\/wp-content\/uploads\/2023\/01\/Maxani-cleanser-spray-150ml-en-250ml.jpg\",\"datePublished\":\"2019-08-13T11:37:14+00:00\",\"dateModified\":\"2026-03-09T12:47:20+00:00\",\"description\":\"Cleanser spray\",\"breadcrumb\":{\"@id\":\"https:\/\/maxani.nl\/product\/cleanser-spray\/#breadcrumb\"},\"inLanguage\":\"it-IT\",\"potentialAction\":[{\"@type\":\"ReadAction\",\"target\":[\"https:\/\/maxani.nl\/product\/cleanser-spray\/\"]}]},{\"@type\":\"ImageObject\",\"inLanguage\":\"it-IT\",\"@id\":\"https:\/\/maxani.nl\/product\/cleanser-spray\/#primaryimage\",\"url\":\"https:\/\/maxani.nl\/wp-content\/uploads\/2023\/01\/Maxani-cleanser-spray-150ml-en-250ml.jpg\",\"contentUrl\":\"https:\/\/maxani.nl\/wp-content\/uploads\/2023\/01\/Maxani-cleanser-spray-150ml-en-250ml.jpg\",\"width\":1080,\"height\":1080},{\"@type\":\"BreadcrumbList\",\"@id\":\"https:\/\/maxani.nl\/product\/cleanser-spray\/#breadcrumb\",\"itemListElement\":[{\"@type\":\"ListItem\",\"position\":1,\"name\":\"Home\",\"item\":\"https:\/\/maxani.nl\/\"},{\"@type\":\"ListItem\",\"position\":2,\"name\":\"Webshop\",\"item\":\"https:\/\/maxani.nl\/webshop\/\"},{\"@type\":\"ListItem\",\"position\":3,\"name\":\"Maxani Cleanser spray\"}]},{\"@type\":\"WebSite\",\"@id\":\"https:\/\/maxani.nl\/#website\",\"url\":\"https:\/\/maxani.nl\/\",\"name\":\"Maxani Animal Healthcare BV\",\"description\":\"Uw partner in veterinaire dermatologie\",\"potentialAction\":[{\"@type\":\"SearchAction\",\"target\":{\"@type\":\"EntryPoint\",\"urlTemplate\":\"https:\/\/maxani.nl\/?s={search_term_string}\"},\"query-input\":{\"@type\":\"PropertyValueSpecification\",\"valueRequired\":true,\"valueName\":\"search_term_string\"}}],\"inLanguage\":\"it-IT\"}]}<\/script>\n<!-- \/ Yoast SEO plugin. -->","yoast_head_json":{"title":"Maxani Cleanser spray - Maxani Animal Healthcare BV","description":"Spray detergente","robots":{"index":"index","follow":"follow","max-snippet":"max-snippet:-1","max-image-preview":"max-image-preview:large","max-video-preview":"max-video-preview:-1"},"canonical":"https:\/\/maxani.nl\/it\/prodotto\/cleanser-spray\/","og_locale":"it_IT","og_type":"article","og_title":"Maxani Cleanser spray - Maxani Animal Healthcare BV","og_description":"Cleanser spray","og_url":"https:\/\/maxani.nl\/it\/prodotto\/cleanser-spray\/","og_site_name":"Maxani Animal Healthcare BV","article_modified_time":"2026-03-09T12:47:20+00:00","og_image":[{"width":1080,"height":1080,"url":"https:\/\/maxani.nl\/wp-content\/uploads\/2023\/01\/Maxani-cleanser-spray-150ml-en-250ml.jpg","type":"image\/jpeg"}],"twitter_card":"summary_large_image","twitter_misc":{"Tempo di lettura stimato":"2 minuti"},"schema":{"@context":"https:\/\/schema.org","@graph":[{"@type":"WebPage","@id":"https:\/\/maxani.nl\/product\/cleanser-spray\/","url":"https:\/\/maxani.nl\/product\/cleanser-spray\/","name":"Maxani Cleanser spray - Maxani Animal Healthcare BV","isPartOf":{"@id":"https:\/\/maxani.nl\/#website"},"primaryImageOfPage":{"@id":"https:\/\/maxani.nl\/product\/cleanser-spray\/#primaryimage"},"image":{"@id":"https:\/\/maxani.nl\/product\/cleanser-spray\/#primaryimage"},"thumbnailUrl":"https:\/\/maxani.nl\/wp-content\/uploads\/2023\/01\/Maxani-cleanser-spray-150ml-en-250ml.jpg","datePublished":"2019-08-13T11:37:14+00:00","dateModified":"2026-03-09T12:47:20+00:00","description":"Spray detergente","breadcrumb":{"@id":"https:\/\/maxani.nl\/product\/cleanser-spray\/#breadcrumb"},"inLanguage":"it-IT","potentialAction":[{"@type":"ReadAction","target":["https:\/\/maxani.nl\/product\/cleanser-spray\/"]}]},{"@type":"ImageObject","inLanguage":"it-IT","@id":"https:\/\/maxani.nl\/product\/cleanser-spray\/#primaryimage","url":"https:\/\/maxani.nl\/wp-content\/uploads\/2023\/01\/Maxani-cleanser-spray-150ml-en-250ml.jpg","contentUrl":"https:\/\/maxani.nl\/wp-content\/uploads\/2023\/01\/Maxani-cleanser-spray-150ml-en-250ml.jpg","width":1080,"height":1080},{"@type":"BreadcrumbList","@id":"https:\/\/maxani.nl\/product\/cleanser-spray\/#breadcrumb","itemListElement":[{"@type":"ListItem","position":1,"name":"Home","item":"https:\/\/maxani.nl\/"},{"@type":"ListItem","position":2,"name":"Webshop","item":"https:\/\/maxani.nl\/webshop\/"},{"@type":"ListItem","position":3,"name":"Maxani Cleanser spray"}]},{"@type":"WebSite","@id":"https:\/\/maxani.nl\/#website","url":"https:\/\/maxani.nl\/","name":"Maxani Animal Healthcare BV","description":"Il vostro partner in dermatologia veterinaria","potentialAction":[{"@type":"SearchAction","target":{"@type":"EntryPoint","urlTemplate":"https:\/\/maxani.nl\/?s={search_term_string}"},"query-input":{"@type":"PropertyValueSpecification","valueRequired":true,"valueName":"search_term_string"}}],"inLanguage":"it-IT"}]}},"jetpack_sharing_enabled":true,"_links":{"self":[{"href":"https:\/\/maxani.nl\/it\/wp-json\/wp\/v2\/product\/140","targetHints":{"allow":["GET"]}}],"collection":[{"href":"https:\/\/maxani.nl\/it\/wp-json\/wp\/v2\/product"}],"about":[{"href":"https:\/\/maxani.nl\/it\/wp-json\/wp\/v2\/types\/product"}],"wp:featuredmedia":[{"embeddable":true,"href":"https:\/\/maxani.nl\/it\/wp-json\/wp\/v2\/media\/11869"}],"wp:attachment":[{"href":"https:\/\/maxani.nl\/it\/wp-json\/wp\/v2\/media?parent=140"}],"wp:term":[{"taxonomy":"product_brand","embeddable":true,"href":"https:\/\/maxani.nl\/it\/wp-json\/wp\/v2\/product_brand?post=140"},{"taxonomy":"product_cat","embeddable":true,"href":"https:\/\/maxani.nl\/it\/wp-json\/wp\/v2\/product_cat?post=140"},{"taxonomy":"product_tag","embeddable":true,"href":"https:\/\/maxani.nl\/it\/wp-json\/wp\/v2\/product_tag?post=140"}],"curies":[{"name":"wp","href":"https:\/\/api.w.org\/{rel}","templated":true}]}}