{"id":139,"date":"2019-08-13T11:30:44","date_gmt":"2019-08-13T11:30:44","guid":{"rendered":"https:\/\/maandvandehuidverzorging.nl\/?post_type=product&#038;p=139"},"modified":"2026-01-05T08:18:34","modified_gmt":"2026-01-05T08:18:34","slug":"chloorhexidine-wipes-met-vitamine-e-en-aloe-vera","status":"publish","type":"product","link":"https:\/\/maxani.nl\/it\/prodotto\/chloorhexidine-wipes-met-vitamine-e-en-aloe-vera\/","title":{"rendered":"Salviette alla clorexidina Maxani"},"content":{"rendered":"<p><strong>Indicazioni<\/strong><\/p>\n<p>Le salviette alla clorexidina possono essere utilizzate per pulire la pelle irritata o leggermente infetta. Sono utilizzate anche nei cani allergici con infezioni cutanee secondarie e come terapia per piodermiti superficiali o hot spot. Sono adatte come prodotto di mantenimento per cani o gatti con eczema ricorrente delle labbra o kinacne. Per la pulizia dell'area intorno ai genitali nei cani con incontinenza urinaria (prevenendo o trattando il bruciore urinario) e per le aree difficili da raggiungere, come le pieghe della pelle (naso, orecchie, coda, labbro e la pelle intorno alla vulva e all'ano), la pulizia del letto ungueale, della pelle della punta dei piedi e del padiglione auricolare.<\/p>\n<p>Attenzione! Non utilizzare vicino agli occhi o su ferite aperte. Non \u00e8 adatto come disinfettante prima di un intervento chirurgico.<\/p>\n<p><strong>Operazione<\/strong><\/p>\n<p>L'aloe vera e la vitamina E leniscono la pelle e contribuiscono alla sua capacit\u00e0 rigenerativa. La vitamina E \u00e8 una vitamina liposolubile e, in quanto antiossidante, protegge le cellule, le membrane cellulari, il flusso sanguigno e i tessuti circostanti. La vitamina E rafforza e nutre la barriera cutanea. La clorexidina agisce contro un ampio spettro di microrganismi indesiderati, abbassando il pH della pelle e danneggiando la parete cellulare dei batteri. La clorexidina digluconato ha un'attivit\u00e0 antimicrobica contro batteri e funghi. L'acido benzoico ha attivit\u00e0 antibatterica, riduce il sebo e ha propriet\u00e0 cheratolitiche e antinfiammatorie.<\/p>\n<p><strong>Utilizzo<\/strong><\/p>\n<p>La frequenza di utilizzo delle salviette dipende dalla condizione, dalla gravit\u00e0 del disturbo e dallo scopo del trattamento. Si consiglia di pulire con le salviette almeno una o due volte al giorno in caso di infezione cutanea. Come mantenimento, le salviette possono essere utilizzate pi\u00f9 volte alla settimana.<\/p>\n<p>Le salviette Maxani alla clorexidina sono biodegradabili.<\/p>\n<span class=\"wppb-content-restriction-message\"><p data-opacity=\"0.5\">Per maggiori informazioni \u00e8 necessario aver effettuato il login<\/p>\n<\/span>","protected":false},"excerpt":{"rendered":"<p><strong>Con vitamina E e aloe vera.<br \/>\n<\/strong>Le salviette impregnate di clorexidina sono facili da usare per la pulizia e la cura delle pieghe cutanee. Le salviette sono prive di alcol e l'aggiunta di vitamina E, aloe vera e glicerina idrata e cura la pelle. Dermatologicamente testate secondo le norme ISO 10993-10 e CSN EN 1276 per i microrganismi: pseudomonas aeruginosa, staphylocus aureus, enterococcus hirae, escherichia coli. Le salviette sono resistenti e consentono di rimuovere facilmente lo sporco e i detriti anche nelle aree difficili da raggiungere. Efficacia comprovata contro l'MRSA.<\/p>\n<p><strong>Animale<\/strong>: Tutte le specie<\/p>\n<p><strong>Contenuto<\/strong>: 40 st.<\/p>","protected":false},"featured_media":13377,"template":"","meta":[],"product_brand":[],"product_cat":[15,29,41,36],"product_tag":[267,266,269,268,76],"class_list":{"0":"post-139","1":"product","2":"type-product","3":"status-publish","4":"has-post-thumbnail","6":"product_cat-alle-producten","7":"product_cat-maxani","8":"product_cat-wond-en-huidplooi","9":"product_cat-pyodermie","10":"product_tag-267","11":"product_tag-chloorhexidine","12":"product_tag-huidplooi","13":"product_tag-plooien","14":"product_tag-wipes","16":"first","17":"instock","18":"taxable","19":"shipping-taxable","20":"product-type-simple"},"yoast_head":"<!-- This site is optimized with the Yoast SEO plugin v27.1.1 - https:\/\/yoast.com\/product\/yoast-seo-wordpress\/ -->\n<title>Maxani Chloorhexidine wipes - Maxani Animal Healthcare BV<\/title>\n<meta name=\"robots\" content=\"index, follow, max-snippet:-1, max-image-preview:large, max-video-preview:-1\" \/>\n<link rel=\"canonical\" href=\"https:\/\/maxani.nl\/it\/prodotto\/chloorhexidine-wipes-met-vitamine-e-en-aloe-vera\/\" \/>\n<meta property=\"og:locale\" content=\"it_IT\" \/>\n<meta property=\"og:type\" content=\"article\" \/>\n<meta property=\"og:title\" content=\"Maxani Chloorhexidine wipes - Maxani Animal Healthcare BV\" \/>\n<meta property=\"og:description\" content=\"Met vitamine e en alo\u00eb vera. De huidvriendelijke, ge\u00efmpregneerde Chloorhexidine wipes zijn gemakkelijk te gebruiken voor o.a. de reiniging en verzorging van huidplooien. De doekjes zijn alcoholvrij en door de toevoeging van vitamine E, Alo\u00eb vera en glycerine wordt de huid gehydrateerd en verzorgd. Dermatologisch getest volgens ISO 10993-10 en CSN EN 1276 op micro-organismen: pseudomonas aeruginosa, staphylococus aureus, enterococcus hirae, escherichia coli. De doekjes zijn sterk, waardoor vuil en debris gemakkelijk verwijderd worden, zelfs bij de moeilijk bereikbare plekken. Bewezen werkzaamheid tegen MRSA.  Dier: Alle diersoorten  Inhoud: 40 st.\" \/>\n<meta property=\"og:url\" content=\"https:\/\/maxani.nl\/it\/prodotto\/chloorhexidine-wipes-met-vitamine-e-en-aloe-vera\/\" \/>\n<meta property=\"og:site_name\" content=\"Maxani Animal Healthcare BV\" \/>\n<meta property=\"article:modified_time\" content=\"2026-01-05T08:18:34+00:00\" \/>\n<meta property=\"og:image\" content=\"https:\/\/maxani.nl\/wp-content\/uploads\/2019\/08\/Maxani-chloorhexidine-wipes.jpg\" \/>\n\t<meta property=\"og:image:width\" content=\"1080\" \/>\n\t<meta property=\"og:image:height\" content=\"1080\" \/>\n\t<meta property=\"og:image:type\" content=\"image\/jpeg\" \/>\n<meta name=\"twitter:card\" content=\"summary_large_image\" \/>\n<meta name=\"twitter:label1\" content=\"Tempo di lettura stimato\" \/>\n\t<meta name=\"twitter:data1\" content=\"3 minuti\" \/>\n<script type=\"application\/ld+json\" class=\"yoast-schema-graph\">{\"@context\":\"https:\/\/schema.org\",\"@graph\":[{\"@type\":\"WebPage\",\"@id\":\"https:\/\/maxani.nl\/product\/chloorhexidine-wipes-met-vitamine-e-en-aloe-vera\/\",\"url\":\"https:\/\/maxani.nl\/product\/chloorhexidine-wipes-met-vitamine-e-en-aloe-vera\/\",\"name\":\"Maxani Chloorhexidine wipes - Maxani Animal Healthcare BV\",\"isPartOf\":{\"@id\":\"https:\/\/maxani.nl\/#website\"},\"primaryImageOfPage\":{\"@id\":\"https:\/\/maxani.nl\/product\/chloorhexidine-wipes-met-vitamine-e-en-aloe-vera\/#primaryimage\"},\"image\":{\"@id\":\"https:\/\/maxani.nl\/product\/chloorhexidine-wipes-met-vitamine-e-en-aloe-vera\/#primaryimage\"},\"thumbnailUrl\":\"https:\/\/maxani.nl\/wp-content\/uploads\/2019\/08\/Maxani-chloorhexidine-wipes.jpg\",\"datePublished\":\"2019-08-13T11:30:44+00:00\",\"dateModified\":\"2026-01-05T08:18:34+00:00\",\"breadcrumb\":{\"@id\":\"https:\/\/maxani.nl\/product\/chloorhexidine-wipes-met-vitamine-e-en-aloe-vera\/#breadcrumb\"},\"inLanguage\":\"it-IT\",\"potentialAction\":[{\"@type\":\"ReadAction\",\"target\":[\"https:\/\/maxani.nl\/product\/chloorhexidine-wipes-met-vitamine-e-en-aloe-vera\/\"]}]},{\"@type\":\"ImageObject\",\"inLanguage\":\"it-IT\",\"@id\":\"https:\/\/maxani.nl\/product\/chloorhexidine-wipes-met-vitamine-e-en-aloe-vera\/#primaryimage\",\"url\":\"https:\/\/maxani.nl\/wp-content\/uploads\/2019\/08\/Maxani-chloorhexidine-wipes.jpg\",\"contentUrl\":\"https:\/\/maxani.nl\/wp-content\/uploads\/2019\/08\/Maxani-chloorhexidine-wipes.jpg\",\"width\":1080,\"height\":1080},{\"@type\":\"BreadcrumbList\",\"@id\":\"https:\/\/maxani.nl\/product\/chloorhexidine-wipes-met-vitamine-e-en-aloe-vera\/#breadcrumb\",\"itemListElement\":[{\"@type\":\"ListItem\",\"position\":1,\"name\":\"Home\",\"item\":\"https:\/\/maxani.nl\/\"},{\"@type\":\"ListItem\",\"position\":2,\"name\":\"Webshop\",\"item\":\"https:\/\/maxani.nl\/webshop\/\"},{\"@type\":\"ListItem\",\"position\":3,\"name\":\"Maxani Chloorhexidine wipes\"}]},{\"@type\":\"WebSite\",\"@id\":\"https:\/\/maxani.nl\/#website\",\"url\":\"https:\/\/maxani.nl\/\",\"name\":\"Maxani Animal Healthcare BV\",\"description\":\"Uw partner in veterinaire dermatologie\",\"potentialAction\":[{\"@type\":\"SearchAction\",\"target\":{\"@type\":\"EntryPoint\",\"urlTemplate\":\"https:\/\/maxani.nl\/?s={search_term_string}\"},\"query-input\":{\"@type\":\"PropertyValueSpecification\",\"valueRequired\":true,\"valueName\":\"search_term_string\"}}],\"inLanguage\":\"it-IT\"}]}<\/script>\n<!-- \/ Yoast SEO plugin. -->","yoast_head_json":{"title":"Maxani Chloorhexidine wipes - Maxani Animal Healthcare BV","robots":{"index":"index","follow":"follow","max-snippet":"max-snippet:-1","max-image-preview":"max-image-preview:large","max-video-preview":"max-video-preview:-1"},"canonical":"https:\/\/maxani.nl\/it\/prodotto\/chloorhexidine-wipes-met-vitamine-e-en-aloe-vera\/","og_locale":"it_IT","og_type":"article","og_title":"Maxani Chloorhexidine wipes - Maxani Animal Healthcare BV","og_description":"Met vitamine e en alo\u00eb vera. De huidvriendelijke, ge\u00efmpregneerde Chloorhexidine wipes zijn gemakkelijk te gebruiken voor o.a. de reiniging en verzorging van huidplooien. De doekjes zijn alcoholvrij en door de toevoeging van vitamine E, Alo\u00eb vera en glycerine wordt de huid gehydrateerd en verzorgd. Dermatologisch getest volgens ISO 10993-10 en CSN EN 1276 op micro-organismen: pseudomonas aeruginosa, staphylococus aureus, enterococcus hirae, escherichia coli. De doekjes zijn sterk, waardoor vuil en debris gemakkelijk verwijderd worden, zelfs bij de moeilijk bereikbare plekken. Bewezen werkzaamheid tegen MRSA.  Dier: Alle diersoorten  Inhoud: 40 st.","og_url":"https:\/\/maxani.nl\/it\/prodotto\/chloorhexidine-wipes-met-vitamine-e-en-aloe-vera\/","og_site_name":"Maxani Animal Healthcare BV","article_modified_time":"2026-01-05T08:18:34+00:00","og_image":[{"width":1080,"height":1080,"url":"https:\/\/maxani.nl\/wp-content\/uploads\/2019\/08\/Maxani-chloorhexidine-wipes.jpg","type":"image\/jpeg"}],"twitter_card":"summary_large_image","twitter_misc":{"Tempo di lettura stimato":"3 minuti"},"schema":{"@context":"https:\/\/schema.org","@graph":[{"@type":"WebPage","@id":"https:\/\/maxani.nl\/product\/chloorhexidine-wipes-met-vitamine-e-en-aloe-vera\/","url":"https:\/\/maxani.nl\/product\/chloorhexidine-wipes-met-vitamine-e-en-aloe-vera\/","name":"Maxani Chloorhexidine wipes - Maxani Animal Healthcare BV","isPartOf":{"@id":"https:\/\/maxani.nl\/#website"},"primaryImageOfPage":{"@id":"https:\/\/maxani.nl\/product\/chloorhexidine-wipes-met-vitamine-e-en-aloe-vera\/#primaryimage"},"image":{"@id":"https:\/\/maxani.nl\/product\/chloorhexidine-wipes-met-vitamine-e-en-aloe-vera\/#primaryimage"},"thumbnailUrl":"https:\/\/maxani.nl\/wp-content\/uploads\/2019\/08\/Maxani-chloorhexidine-wipes.jpg","datePublished":"2019-08-13T11:30:44+00:00","dateModified":"2026-01-05T08:18:34+00:00","breadcrumb":{"@id":"https:\/\/maxani.nl\/product\/chloorhexidine-wipes-met-vitamine-e-en-aloe-vera\/#breadcrumb"},"inLanguage":"it-IT","potentialAction":[{"@type":"ReadAction","target":["https:\/\/maxani.nl\/product\/chloorhexidine-wipes-met-vitamine-e-en-aloe-vera\/"]}]},{"@type":"ImageObject","inLanguage":"it-IT","@id":"https:\/\/maxani.nl\/product\/chloorhexidine-wipes-met-vitamine-e-en-aloe-vera\/#primaryimage","url":"https:\/\/maxani.nl\/wp-content\/uploads\/2019\/08\/Maxani-chloorhexidine-wipes.jpg","contentUrl":"https:\/\/maxani.nl\/wp-content\/uploads\/2019\/08\/Maxani-chloorhexidine-wipes.jpg","width":1080,"height":1080},{"@type":"BreadcrumbList","@id":"https:\/\/maxani.nl\/product\/chloorhexidine-wipes-met-vitamine-e-en-aloe-vera\/#breadcrumb","itemListElement":[{"@type":"ListItem","position":1,"name":"Home","item":"https:\/\/maxani.nl\/"},{"@type":"ListItem","position":2,"name":"Webshop","item":"https:\/\/maxani.nl\/webshop\/"},{"@type":"ListItem","position":3,"name":"Maxani Chloorhexidine wipes"}]},{"@type":"WebSite","@id":"https:\/\/maxani.nl\/#website","url":"https:\/\/maxani.nl\/","name":"Maxani Animal Healthcare BV","description":"Il vostro partner in dermatologia veterinaria","potentialAction":[{"@type":"SearchAction","target":{"@type":"EntryPoint","urlTemplate":"https:\/\/maxani.nl\/?s={search_term_string}"},"query-input":{"@type":"PropertyValueSpecification","valueRequired":true,"valueName":"search_term_string"}}],"inLanguage":"it-IT"}]}},"jetpack_sharing_enabled":true,"_links":{"self":[{"href":"https:\/\/maxani.nl\/it\/wp-json\/wp\/v2\/product\/139","targetHints":{"allow":["GET"]}}],"collection":[{"href":"https:\/\/maxani.nl\/it\/wp-json\/wp\/v2\/product"}],"about":[{"href":"https:\/\/maxani.nl\/it\/wp-json\/wp\/v2\/types\/product"}],"wp:featuredmedia":[{"embeddable":true,"href":"https:\/\/maxani.nl\/it\/wp-json\/wp\/v2\/media\/13377"}],"wp:attachment":[{"href":"https:\/\/maxani.nl\/it\/wp-json\/wp\/v2\/media?parent=139"}],"wp:term":[{"taxonomy":"product_brand","embeddable":true,"href":"https:\/\/maxani.nl\/it\/wp-json\/wp\/v2\/product_brand?post=139"},{"taxonomy":"product_cat","embeddable":true,"href":"https:\/\/maxani.nl\/it\/wp-json\/wp\/v2\/product_cat?post=139"},{"taxonomy":"product_tag","embeddable":true,"href":"https:\/\/maxani.nl\/it\/wp-json\/wp\/v2\/product_tag?post=139"}],"curies":[{"name":"wp","href":"https:\/\/api.w.org\/{rel}","templated":true}]}}