{"id":135,"date":"2019-08-13T10:13:37","date_gmt":"2019-08-13T10:13:37","guid":{"rendered":"https:\/\/maandvandehuidverzorging.nl\/?post_type=product&#038;p=135"},"modified":"2026-02-16T12:10:26","modified_gmt":"2026-02-16T12:10:26","slug":"hydralac-huidconditioner","status":"publish","type":"product","link":"https:\/\/maxani.nl\/it\/prodotto\/hydralac-huidconditioner\/","title":{"rendered":"Balsamo per la pelle Maxani Hydralac"},"content":{"rendered":"<p><strong>Indicazioni<\/strong><\/p>\n<p>Pelle secca, pelle atopica e pelle seborroica. Adatto anche per i disturbi cheratolitici: seborrea primaria, ittiosi, adenite sebacea. O come balsamo dopo l'uso di shampoo essiccanti (medicati), lo spray Hydralac nutre, lenisce e cura la pelle.<\/p>\n<p><strong>Operazione<\/strong><\/p>\n<p>L'acido ialuronico rafforza la barriera cutanea e trattiene l'umidit\u00e0, idratando e rassodando la pelle. Agisce anche come antiossidante, calmando e proteggendo la pelle.<br \/>\ncontro i danni dei radicali liberi. L'urea penetra in profondit\u00e0 nell'epidermide e svolge un'azione cheratolitica e idratante, eliminando l'eccessiva desquamazione della pelle. Lo zinco gluconato inibisce e regola la produzione di sebo ed \u00e8 quindi un ingrediente importante per la pelle seborroica. Lo zinco \u00e8 inoltre importante per mantenere un corretto equilibrio della barriera cutanea. Acidum<br \/>\nlacticum previene l'ipercheratosi e, insieme al cloruro di benzalconio, conferisce allo spray Hydralac un leggero effetto antisettico.<\/p>\n<p><strong>Utilizzo<\/strong><\/p>\n<p>Agitare prima dell'uso. Hydralac spray pu\u00f2 essere utilizzato quotidianamente sulla pelle asciutta e umida.<\/p>\n<p><em><strong>Metodo a spruzzo<\/strong>:<\/em><\/p>\n<p>Con la mano o con un pettine, allontanare i capelli e spruzzare abbondantemente sulla pelle. Massaggiare delicatamente e poi spazzolare o pettinare leggermente. Lasciare asciugare l'animale senza risciacquare o asciugare l'Hydralac. Asciugare delicatamente con un asciugamano pulito.<\/p>\n<p><em><strong>Metodo di risciacquo<\/strong>:<\/em><\/p>\n<p>Utilizzare Hydralac come dopobarba dopo il lavaggio con uno shampoo medicato. Diluire Hydralac 1:10 con acqua tiepida. Versare il balsamo diluito sul pelo e massaggiare delicatamente. Lasciare asciugare l'animale senza risciacquare o asciugare l'Hydralac. \u00c8 sufficiente asciugare delicatamente con un asciugamano pulito.<\/p>\n<span class=\"wppb-content-restriction-message\"><p data-opacity=\"0.5\">Per maggiori informazioni \u00e8 necessario aver effettuato il login<\/p>\n<\/span>","protected":false},"excerpt":{"rendered":"<p>Il balsamo per la pelle Hydralac \u00e8 uno spray privo di oli che fornisce una pelle morbida e idratata senza lasciare una pellicola grassa. Questo balsamo nutriente penetra in profondit\u00e0 nell'epidermide. Oltre a idratare e nutrire, la speciale formula \u00e8 formulata per rimuovere le scaglie, regolare il sebo e ridurre la crescita batterica. I principi attivi possiedono propriet\u00e0 idratanti, antibatteriche e antimicotiche. Hydralac \u00e8 un utile complemento al trattamento dermatologico con shampoo e pu\u00f2 essere utilizzato anche come monoterapia. Hydralac spray non deve essere risciacquato o spruzzato vicino agli occhi.<\/p>\n<p><strong>Animale<\/strong>: Tutte le specie<\/p>\n<p><strong>Contenuto<\/strong>200 ml o 1 litro<\/p>\n<span class=\"wppb-shortcode-restriction-message\"> <\/span>","protected":false},"featured_media":11909,"template":"","meta":[],"product_brand":[],"product_cat":[15,29],"product_tag":[144,38,39],"class_list":{"0":"post-135","1":"product","2":"type-product","3":"status-publish","4":"has-post-thumbnail","6":"product_cat-alle-producten","7":"product_cat-maxani","8":"product_tag-144","9":"product_tag-conditioner","10":"product_tag-maxani-huidconditioner-hydralac","12":"first","13":"instock","14":"taxable","15":"shipping-taxable","16":"product-type-variable"},"yoast_head":"<!-- This site is optimized with the Yoast SEO plugin v27.1.1 - https:\/\/yoast.com\/product\/yoast-seo-wordpress\/ -->\n<title>Maxani Hydralac skin conditioner - Maxani Animal Healthcare BV<\/title>\n<meta name=\"robots\" content=\"index, follow, max-snippet:-1, max-image-preview:large, max-video-preview:-1\" \/>\n<link rel=\"canonical\" href=\"https:\/\/maxani.nl\/it\/prodotto\/hydralac-huidconditioner\/\" \/>\n<meta property=\"og:locale\" content=\"it_IT\" \/>\n<meta property=\"og:type\" content=\"article\" \/>\n<meta property=\"og:title\" content=\"Maxani Hydralac skin conditioner - Maxani Animal Healthcare BV\" \/>\n<meta property=\"og:description\" content=\"Hydralac skinconditioner is een olievrije spray die zorgt voor een soepele, gehydrateerde huid zonder een vettige laag achter te laten. Deze voedende huidconditioner dringt tot diep in de opperhuid door. Naast het hydrateren en het voeden is de speciale formule samengesteld om schilfers te verwijderen, talg te reguleren en de bacteriegroei te verminderen. De werkzame stoffen bezitten hydraterende, antibacteri\u00eble, antimycotische eigenschappen. Hydralac vormt een zinvolle aanvulling op de behandeling met een dermatologische shampoo en is ook als monotherapie inzetbaar. De Hydralac spray mag niet worden uitgespoeld en niet in de buurt van ogen worden gesprayd.  Dier: Alle diersoorten  Inhoud: 200 ml of 1L\" \/>\n<meta property=\"og:url\" content=\"https:\/\/maxani.nl\/it\/prodotto\/hydralac-huidconditioner\/\" \/>\n<meta property=\"og:site_name\" content=\"Maxani Animal Healthcare BV\" \/>\n<meta property=\"article:modified_time\" content=\"2026-02-16T12:10:26+00:00\" \/>\n<meta property=\"og:image\" content=\"https:\/\/maxani.nl\/wp-content\/uploads\/2023\/01\/Maxani-Hydralac-spray-200ml.jpg\" \/>\n\t<meta property=\"og:image:width\" content=\"1080\" \/>\n\t<meta property=\"og:image:height\" content=\"1080\" \/>\n\t<meta property=\"og:image:type\" content=\"image\/jpeg\" \/>\n<meta name=\"twitter:card\" content=\"summary_large_image\" \/>\n<meta name=\"twitter:label1\" content=\"Tempo di lettura stimato\" \/>\n\t<meta name=\"twitter:data1\" content=\"3 minuti\" \/>\n<script type=\"application\/ld+json\" class=\"yoast-schema-graph\">{\"@context\":\"https:\/\/schema.org\",\"@graph\":[{\"@type\":\"WebPage\",\"@id\":\"https:\/\/maxani.nl\/product\/hydralac-huidconditioner\/\",\"url\":\"https:\/\/maxani.nl\/product\/hydralac-huidconditioner\/\",\"name\":\"Maxani Hydralac skin conditioner - Maxani Animal Healthcare BV\",\"isPartOf\":{\"@id\":\"https:\/\/maxani.nl\/#website\"},\"primaryImageOfPage\":{\"@id\":\"https:\/\/maxani.nl\/product\/hydralac-huidconditioner\/#primaryimage\"},\"image\":{\"@id\":\"https:\/\/maxani.nl\/product\/hydralac-huidconditioner\/#primaryimage\"},\"thumbnailUrl\":\"https:\/\/maxani.nl\/wp-content\/uploads\/2023\/01\/Maxani-Hydralac-spray-200ml.jpg\",\"datePublished\":\"2019-08-13T10:13:37+00:00\",\"dateModified\":\"2026-02-16T12:10:26+00:00\",\"breadcrumb\":{\"@id\":\"https:\/\/maxani.nl\/product\/hydralac-huidconditioner\/#breadcrumb\"},\"inLanguage\":\"it-IT\",\"potentialAction\":[{\"@type\":\"ReadAction\",\"target\":[\"https:\/\/maxani.nl\/product\/hydralac-huidconditioner\/\"]}]},{\"@type\":\"ImageObject\",\"inLanguage\":\"it-IT\",\"@id\":\"https:\/\/maxani.nl\/product\/hydralac-huidconditioner\/#primaryimage\",\"url\":\"https:\/\/maxani.nl\/wp-content\/uploads\/2023\/01\/Maxani-Hydralac-spray-200ml.jpg\",\"contentUrl\":\"https:\/\/maxani.nl\/wp-content\/uploads\/2023\/01\/Maxani-Hydralac-spray-200ml.jpg\",\"width\":1080,\"height\":1080},{\"@type\":\"BreadcrumbList\",\"@id\":\"https:\/\/maxani.nl\/product\/hydralac-huidconditioner\/#breadcrumb\",\"itemListElement\":[{\"@type\":\"ListItem\",\"position\":1,\"name\":\"Home\",\"item\":\"https:\/\/maxani.nl\/\"},{\"@type\":\"ListItem\",\"position\":2,\"name\":\"Webshop\",\"item\":\"https:\/\/maxani.nl\/webshop\/\"},{\"@type\":\"ListItem\",\"position\":3,\"name\":\"Maxani Hydralac skin conditioner\"}]},{\"@type\":\"WebSite\",\"@id\":\"https:\/\/maxani.nl\/#website\",\"url\":\"https:\/\/maxani.nl\/\",\"name\":\"Maxani Animal Healthcare BV\",\"description\":\"Uw partner in veterinaire dermatologie\",\"potentialAction\":[{\"@type\":\"SearchAction\",\"target\":{\"@type\":\"EntryPoint\",\"urlTemplate\":\"https:\/\/maxani.nl\/?s={search_term_string}\"},\"query-input\":{\"@type\":\"PropertyValueSpecification\",\"valueRequired\":true,\"valueName\":\"search_term_string\"}}],\"inLanguage\":\"it-IT\"}]}<\/script>\n<!-- \/ Yoast SEO plugin. -->","yoast_head_json":{"title":"Maxani Hydralac skin conditioner - Maxani Animal Healthcare BV","robots":{"index":"index","follow":"follow","max-snippet":"max-snippet:-1","max-image-preview":"max-image-preview:large","max-video-preview":"max-video-preview:-1"},"canonical":"https:\/\/maxani.nl\/it\/prodotto\/hydralac-huidconditioner\/","og_locale":"it_IT","og_type":"article","og_title":"Maxani Hydralac skin conditioner - Maxani Animal Healthcare BV","og_description":"Hydralac skinconditioner is een olievrije spray die zorgt voor een soepele, gehydrateerde huid zonder een vettige laag achter te laten. Deze voedende huidconditioner dringt tot diep in de opperhuid door. Naast het hydrateren en het voeden is de speciale formule samengesteld om schilfers te verwijderen, talg te reguleren en de bacteriegroei te verminderen. De werkzame stoffen bezitten hydraterende, antibacteri\u00eble, antimycotische eigenschappen. Hydralac vormt een zinvolle aanvulling op de behandeling met een dermatologische shampoo en is ook als monotherapie inzetbaar. De Hydralac spray mag niet worden uitgespoeld en niet in de buurt van ogen worden gesprayd.  Dier: Alle diersoorten  Inhoud: 200 ml of 1L","og_url":"https:\/\/maxani.nl\/it\/prodotto\/hydralac-huidconditioner\/","og_site_name":"Maxani Animal Healthcare BV","article_modified_time":"2026-02-16T12:10:26+00:00","og_image":[{"width":1080,"height":1080,"url":"https:\/\/maxani.nl\/wp-content\/uploads\/2023\/01\/Maxani-Hydralac-spray-200ml.jpg","type":"image\/jpeg"}],"twitter_card":"summary_large_image","twitter_misc":{"Tempo di lettura stimato":"3 minuti"},"schema":{"@context":"https:\/\/schema.org","@graph":[{"@type":"WebPage","@id":"https:\/\/maxani.nl\/product\/hydralac-huidconditioner\/","url":"https:\/\/maxani.nl\/product\/hydralac-huidconditioner\/","name":"Maxani Hydralac skin conditioner - Maxani Animal Healthcare BV","isPartOf":{"@id":"https:\/\/maxani.nl\/#website"},"primaryImageOfPage":{"@id":"https:\/\/maxani.nl\/product\/hydralac-huidconditioner\/#primaryimage"},"image":{"@id":"https:\/\/maxani.nl\/product\/hydralac-huidconditioner\/#primaryimage"},"thumbnailUrl":"https:\/\/maxani.nl\/wp-content\/uploads\/2023\/01\/Maxani-Hydralac-spray-200ml.jpg","datePublished":"2019-08-13T10:13:37+00:00","dateModified":"2026-02-16T12:10:26+00:00","breadcrumb":{"@id":"https:\/\/maxani.nl\/product\/hydralac-huidconditioner\/#breadcrumb"},"inLanguage":"it-IT","potentialAction":[{"@type":"ReadAction","target":["https:\/\/maxani.nl\/product\/hydralac-huidconditioner\/"]}]},{"@type":"ImageObject","inLanguage":"it-IT","@id":"https:\/\/maxani.nl\/product\/hydralac-huidconditioner\/#primaryimage","url":"https:\/\/maxani.nl\/wp-content\/uploads\/2023\/01\/Maxani-Hydralac-spray-200ml.jpg","contentUrl":"https:\/\/maxani.nl\/wp-content\/uploads\/2023\/01\/Maxani-Hydralac-spray-200ml.jpg","width":1080,"height":1080},{"@type":"BreadcrumbList","@id":"https:\/\/maxani.nl\/product\/hydralac-huidconditioner\/#breadcrumb","itemListElement":[{"@type":"ListItem","position":1,"name":"Home","item":"https:\/\/maxani.nl\/"},{"@type":"ListItem","position":2,"name":"Webshop","item":"https:\/\/maxani.nl\/webshop\/"},{"@type":"ListItem","position":3,"name":"Maxani Hydralac skin conditioner"}]},{"@type":"WebSite","@id":"https:\/\/maxani.nl\/#website","url":"https:\/\/maxani.nl\/","name":"Maxani Animal Healthcare BV","description":"Il vostro partner in dermatologia veterinaria","potentialAction":[{"@type":"SearchAction","target":{"@type":"EntryPoint","urlTemplate":"https:\/\/maxani.nl\/?s={search_term_string}"},"query-input":{"@type":"PropertyValueSpecification","valueRequired":true,"valueName":"search_term_string"}}],"inLanguage":"it-IT"}]}},"jetpack_sharing_enabled":true,"_links":{"self":[{"href":"https:\/\/maxani.nl\/it\/wp-json\/wp\/v2\/product\/135","targetHints":{"allow":["GET"]}}],"collection":[{"href":"https:\/\/maxani.nl\/it\/wp-json\/wp\/v2\/product"}],"about":[{"href":"https:\/\/maxani.nl\/it\/wp-json\/wp\/v2\/types\/product"}],"wp:featuredmedia":[{"embeddable":true,"href":"https:\/\/maxani.nl\/it\/wp-json\/wp\/v2\/media\/11909"}],"wp:attachment":[{"href":"https:\/\/maxani.nl\/it\/wp-json\/wp\/v2\/media?parent=135"}],"wp:term":[{"taxonomy":"product_brand","embeddable":true,"href":"https:\/\/maxani.nl\/it\/wp-json\/wp\/v2\/product_brand?post=135"},{"taxonomy":"product_cat","embeddable":true,"href":"https:\/\/maxani.nl\/it\/wp-json\/wp\/v2\/product_cat?post=135"},{"taxonomy":"product_tag","embeddable":true,"href":"https:\/\/maxani.nl\/it\/wp-json\/wp\/v2\/product_tag?post=135"}],"curies":[{"name":"wp","href":"https:\/\/api.w.org\/{rel}","templated":true}]}}