{"id":120,"date":"2019-08-13T09:48:40","date_gmt":"2019-08-13T09:48:40","guid":{"rendered":"https:\/\/maandvandehuidverzorging.nl\/?post_type=product&#038;p=120"},"modified":"2025-05-30T18:00:59","modified_gmt":"2025-05-30T18:00:59","slug":"honey-complex-huidshampoo","status":"publish","type":"product","link":"https:\/\/maxani.nl\/it\/prodotto\/honey-complex-huidshampoo\/","title":{"rendered":"Shampoo per la pelle Maxani Honey Complex"},"content":{"rendered":"<p><strong>Indicazioni<\/strong><\/p>\n<p>Cani e cavalli con pelle da secca a estremamente secca.<\/p>\n<p><strong>Operazione<\/strong><\/p>\n<p>Il miele e la propoli hanno propriet\u00e0 antibatteriche e antinfiammatorie. Inoltre, il miele e la propoli promuovono la crescita dei tessuti nella barriera cutanea. Il polline d'api pu\u00f2 ridurre i sintomi allergici inibendo l'istamina, stimolare il tessuto cutaneo e proteggere dalla disidratazione. L'aloe vera ha propriet\u00e0 idratanti e lenitive. Rigenera le cellule epiteliali e rende l'epidermide elastica. I composti esteri dell'olio di jojoba possono penetrare nello strato corneo della pelle. Insieme ai lipidi intercellulari, possono ridurre la perdita di umidit\u00e0, nota come perdita di umidit\u00e0 transepidermica. L'olio di jojoba svolge un'azione emolliente che conferisce alla pelle maggiore morbidezza ed elasticit\u00e0. Ha anche un effetto curativo sulla pelle danneggiata. La calendula ha propriet\u00e0 antibatteriche e antimicotiche e riduce l'infiammazione. Inoltre, la calendula lenisce e nutre la pelle, favorendo cos\u00ec il recupero della cute colpita. La terapia con questo shampoo nutre e protegge la pelle.<\/p>\n<p><strong>Utilizzo<\/strong><\/p>\n<p>A seconda della condizione, della gravit\u00e0 del disturbo e dello scopo del trattamento, la frequenza dello shampoo varia. Per la cute estremamente secca, si consiglia di effettuare lo shampoo almeno 2 o 3 volte.<br \/>\nlavare una volta alla settimana fino alla scomparsa dei sintomi clinici. Lo shampoo cutaneo al complesso di miele ha propriet\u00e0 curative e lenitive ed \u00e8 ideale per essere utilizzato una volta alla settimana come<br \/>\nprodotto di manutenzione. Agitare bene prima dell'uso. Lavare l'animale preferibilmente 2 volte per ogni shampoo. La prima volta per un effetto detergente (rimozione di sporco, scaglie, ecc.), la seconda per il trattamento. Al secondo lavaggio, lasciare agire lo shampoo per 5-10 minuti per un effetto ottimale. Non utilizzare se l'animale \u00e8 sensibile a uno qualsiasi degli ingredienti.<\/p>\n<span class=\"wppb-content-restriction-message\"><p data-opacity=\"0.5\">Per maggiori informazioni \u00e8 necessario aver effettuato il login<\/p>\n<\/span>","protected":false},"excerpt":{"rendered":"<p>Uno shampoo delicato e curativo per la pelle da secca a molto secca. Da utilizzare per la seborrea secca e l'ittiosi o in combinazione con uno shampoo medicinale per i casi pi\u00f9 gravi.<br \/>\ndisturbi della pelle. Gli ingredienti jojoba e aloe vera forniscono la natura nutriente e delicata dello shampoo. Al miele e alla propoli, un antinfiammatorio<br \/>\nazione attribuita. Uno shampoo delicato ed efficace che sgrassa poco la pelle.<\/p>\n<p>Con lo shampoo Honey complex skin, gli ambulatori veterinari possono ordinare gratuitamente una o due istruzioni di lavaggio con il logo dell'ambulatorio per ogni shampoo. In questo modo si ottimizza il trattamento e il cliente ha sempre a portata di mano i consigli d'uso dello shampoo.<\/p>\n<p><strong>Animale<\/strong>Cane e cavallo<\/p>\n<p><strong>Contenuto<\/strong>: 200 ml<\/p>\n<span class=\"wppb-shortcode-restriction-message\"> <\/span>","protected":false},"featured_media":11898,"template":"","meta":[],"product_brand":[],"product_cat":[15,29,37],"product_tag":[156,162,159,160,157,158,161,30],"class_list":{"0":"post-120","1":"product","2":"type-product","3":"status-publish","4":"has-post-thumbnail","6":"product_cat-alle-producten","7":"product_cat-maxani","8":"product_cat-seborroe","9":"product_tag-156","10":"product_tag-alopecia","11":"product_tag-complex","12":"product_tag-droog","13":"product_tag-honey","14":"product_tag-honing","15":"product_tag-ichtyosis","16":"product_tag-maxani-shampoo","18":"first","19":"instock","20":"taxable","21":"shipping-taxable","22":"product-type-simple"},"yoast_head":"<!-- This site is optimized with the Yoast SEO plugin v27.1.1 - https:\/\/yoast.com\/product\/yoast-seo-wordpress\/ -->\n<title>Maxani Honey Complex skin shampoo - Maxani Animal Healthcare BV<\/title>\n<meta name=\"robots\" content=\"index, follow, max-snippet:-1, max-image-preview:large, max-video-preview:-1\" \/>\n<link rel=\"canonical\" href=\"https:\/\/maxani.nl\/it\/prodotto\/honey-complex-huidshampoo\/\" \/>\n<meta property=\"og:locale\" content=\"it_IT\" \/>\n<meta property=\"og:type\" content=\"article\" \/>\n<meta property=\"og:title\" content=\"Maxani Honey Complex skin shampoo - Maxani Animal Healthcare BV\" \/>\n<meta property=\"og:description\" content=\"Een zachte en verzorgende huidshampoo voor droge tot zeer droge huid. In te zetten bij droge seborroe en Ichtyosis of samen met een medicinale shampoo bij ernstige huidklachten. De ingredi\u00ebnten jojoba en Alo\u00eb vera zorgen voor het voedende en zachte karakter van de shampoo. Aan de honing en propolis wordt een ontstekingsremmende werking toegeschreven. Een zachte, effectieve huidshampoo die weinig ontvet.  Bij de Honing complex skin shampoo kan de dierenartsenpraktijk gratis \u00e9\u00e9n of twee wasvoorschriften met het logo van de praktijk bestellen per shampoo. Op deze manier wordt de behandeling geoptimaliseerd en heeft de klant het gebruiksadvies van de shampoo altijd bij de hand.  Dier: Hond en paard  Inhoud: 200 ml\" \/>\n<meta property=\"og:url\" content=\"https:\/\/maxani.nl\/it\/prodotto\/honey-complex-huidshampoo\/\" \/>\n<meta property=\"og:site_name\" content=\"Maxani Animal Healthcare BV\" \/>\n<meta property=\"article:modified_time\" content=\"2025-05-30T18:00:59+00:00\" \/>\n<meta property=\"og:image\" content=\"https:\/\/maxani.nl\/wp-content\/uploads\/2023\/01\/Maxani-Honey-complex-shampoo-200ml.jpg\" \/>\n\t<meta property=\"og:image:width\" content=\"1080\" \/>\n\t<meta property=\"og:image:height\" content=\"1080\" \/>\n\t<meta property=\"og:image:type\" content=\"image\/jpeg\" \/>\n<meta name=\"twitter:card\" content=\"summary_large_image\" \/>\n<meta name=\"twitter:label1\" content=\"Tempo di lettura stimato\" \/>\n\t<meta name=\"twitter:data1\" content=\"4 minuti\" \/>\n<script type=\"application\/ld+json\" class=\"yoast-schema-graph\">{\"@context\":\"https:\/\/schema.org\",\"@graph\":[{\"@type\":\"WebPage\",\"@id\":\"https:\/\/maxani.nl\/product\/honey-complex-huidshampoo\/\",\"url\":\"https:\/\/maxani.nl\/product\/honey-complex-huidshampoo\/\",\"name\":\"Maxani Honey Complex skin shampoo - Maxani Animal Healthcare BV\",\"isPartOf\":{\"@id\":\"https:\/\/maxani.nl\/#website\"},\"primaryImageOfPage\":{\"@id\":\"https:\/\/maxani.nl\/product\/honey-complex-huidshampoo\/#primaryimage\"},\"image\":{\"@id\":\"https:\/\/maxani.nl\/product\/honey-complex-huidshampoo\/#primaryimage\"},\"thumbnailUrl\":\"https:\/\/maxani.nl\/wp-content\/uploads\/2023\/01\/Maxani-Honey-complex-shampoo-200ml.jpg\",\"datePublished\":\"2019-08-13T09:48:40+00:00\",\"dateModified\":\"2025-05-30T18:00:59+00:00\",\"breadcrumb\":{\"@id\":\"https:\/\/maxani.nl\/product\/honey-complex-huidshampoo\/#breadcrumb\"},\"inLanguage\":\"it-IT\",\"potentialAction\":[{\"@type\":\"ReadAction\",\"target\":[\"https:\/\/maxani.nl\/product\/honey-complex-huidshampoo\/\"]}]},{\"@type\":\"ImageObject\",\"inLanguage\":\"it-IT\",\"@id\":\"https:\/\/maxani.nl\/product\/honey-complex-huidshampoo\/#primaryimage\",\"url\":\"https:\/\/maxani.nl\/wp-content\/uploads\/2023\/01\/Maxani-Honey-complex-shampoo-200ml.jpg\",\"contentUrl\":\"https:\/\/maxani.nl\/wp-content\/uploads\/2023\/01\/Maxani-Honey-complex-shampoo-200ml.jpg\",\"width\":1080,\"height\":1080},{\"@type\":\"BreadcrumbList\",\"@id\":\"https:\/\/maxani.nl\/product\/honey-complex-huidshampoo\/#breadcrumb\",\"itemListElement\":[{\"@type\":\"ListItem\",\"position\":1,\"name\":\"Home\",\"item\":\"https:\/\/maxani.nl\/\"},{\"@type\":\"ListItem\",\"position\":2,\"name\":\"Webshop\",\"item\":\"https:\/\/maxani.nl\/webshop\/\"},{\"@type\":\"ListItem\",\"position\":3,\"name\":\"Maxani Honey Complex skin shampoo\"}]},{\"@type\":\"WebSite\",\"@id\":\"https:\/\/maxani.nl\/#website\",\"url\":\"https:\/\/maxani.nl\/\",\"name\":\"Maxani Animal Healthcare BV\",\"description\":\"Uw partner in veterinaire dermatologie\",\"potentialAction\":[{\"@type\":\"SearchAction\",\"target\":{\"@type\":\"EntryPoint\",\"urlTemplate\":\"https:\/\/maxani.nl\/?s={search_term_string}\"},\"query-input\":{\"@type\":\"PropertyValueSpecification\",\"valueRequired\":true,\"valueName\":\"search_term_string\"}}],\"inLanguage\":\"it-IT\"}]}<\/script>\n<!-- \/ Yoast SEO plugin. -->","yoast_head_json":{"title":"Maxani Honey Complex skin shampoo - Maxani Animal Healthcare BV","robots":{"index":"index","follow":"follow","max-snippet":"max-snippet:-1","max-image-preview":"max-image-preview:large","max-video-preview":"max-video-preview:-1"},"canonical":"https:\/\/maxani.nl\/it\/prodotto\/honey-complex-huidshampoo\/","og_locale":"it_IT","og_type":"article","og_title":"Maxani Honey Complex skin shampoo - Maxani Animal Healthcare BV","og_description":"Een zachte en verzorgende huidshampoo voor droge tot zeer droge huid. In te zetten bij droge seborroe en Ichtyosis of samen met een medicinale shampoo bij ernstige huidklachten. De ingredi\u00ebnten jojoba en Alo\u00eb vera zorgen voor het voedende en zachte karakter van de shampoo. Aan de honing en propolis wordt een ontstekingsremmende werking toegeschreven. Een zachte, effectieve huidshampoo die weinig ontvet.  Bij de Honing complex skin shampoo kan de dierenartsenpraktijk gratis \u00e9\u00e9n of twee wasvoorschriften met het logo van de praktijk bestellen per shampoo. Op deze manier wordt de behandeling geoptimaliseerd en heeft de klant het gebruiksadvies van de shampoo altijd bij de hand.  Dier: Hond en paard  Inhoud: 200 ml","og_url":"https:\/\/maxani.nl\/it\/prodotto\/honey-complex-huidshampoo\/","og_site_name":"Maxani Animal Healthcare BV","article_modified_time":"2025-05-30T18:00:59+00:00","og_image":[{"width":1080,"height":1080,"url":"https:\/\/maxani.nl\/wp-content\/uploads\/2023\/01\/Maxani-Honey-complex-shampoo-200ml.jpg","type":"image\/jpeg"}],"twitter_card":"summary_large_image","twitter_misc":{"Tempo di lettura stimato":"4 minuti"},"schema":{"@context":"https:\/\/schema.org","@graph":[{"@type":"WebPage","@id":"https:\/\/maxani.nl\/product\/honey-complex-huidshampoo\/","url":"https:\/\/maxani.nl\/product\/honey-complex-huidshampoo\/","name":"Maxani Honey Complex skin shampoo - Maxani Animal Healthcare BV","isPartOf":{"@id":"https:\/\/maxani.nl\/#website"},"primaryImageOfPage":{"@id":"https:\/\/maxani.nl\/product\/honey-complex-huidshampoo\/#primaryimage"},"image":{"@id":"https:\/\/maxani.nl\/product\/honey-complex-huidshampoo\/#primaryimage"},"thumbnailUrl":"https:\/\/maxani.nl\/wp-content\/uploads\/2023\/01\/Maxani-Honey-complex-shampoo-200ml.jpg","datePublished":"2019-08-13T09:48:40+00:00","dateModified":"2025-05-30T18:00:59+00:00","breadcrumb":{"@id":"https:\/\/maxani.nl\/product\/honey-complex-huidshampoo\/#breadcrumb"},"inLanguage":"it-IT","potentialAction":[{"@type":"ReadAction","target":["https:\/\/maxani.nl\/product\/honey-complex-huidshampoo\/"]}]},{"@type":"ImageObject","inLanguage":"it-IT","@id":"https:\/\/maxani.nl\/product\/honey-complex-huidshampoo\/#primaryimage","url":"https:\/\/maxani.nl\/wp-content\/uploads\/2023\/01\/Maxani-Honey-complex-shampoo-200ml.jpg","contentUrl":"https:\/\/maxani.nl\/wp-content\/uploads\/2023\/01\/Maxani-Honey-complex-shampoo-200ml.jpg","width":1080,"height":1080},{"@type":"BreadcrumbList","@id":"https:\/\/maxani.nl\/product\/honey-complex-huidshampoo\/#breadcrumb","itemListElement":[{"@type":"ListItem","position":1,"name":"Home","item":"https:\/\/maxani.nl\/"},{"@type":"ListItem","position":2,"name":"Webshop","item":"https:\/\/maxani.nl\/webshop\/"},{"@type":"ListItem","position":3,"name":"Maxani Honey Complex skin shampoo"}]},{"@type":"WebSite","@id":"https:\/\/maxani.nl\/#website","url":"https:\/\/maxani.nl\/","name":"Maxani Animal Healthcare BV","description":"Il vostro partner in dermatologia veterinaria","potentialAction":[{"@type":"SearchAction","target":{"@type":"EntryPoint","urlTemplate":"https:\/\/maxani.nl\/?s={search_term_string}"},"query-input":{"@type":"PropertyValueSpecification","valueRequired":true,"valueName":"search_term_string"}}],"inLanguage":"it-IT"}]}},"jetpack_sharing_enabled":true,"_links":{"self":[{"href":"https:\/\/maxani.nl\/it\/wp-json\/wp\/v2\/product\/120","targetHints":{"allow":["GET"]}}],"collection":[{"href":"https:\/\/maxani.nl\/it\/wp-json\/wp\/v2\/product"}],"about":[{"href":"https:\/\/maxani.nl\/it\/wp-json\/wp\/v2\/types\/product"}],"wp:featuredmedia":[{"embeddable":true,"href":"https:\/\/maxani.nl\/it\/wp-json\/wp\/v2\/media\/11898"}],"wp:attachment":[{"href":"https:\/\/maxani.nl\/it\/wp-json\/wp\/v2\/media?parent=120"}],"wp:term":[{"taxonomy":"product_brand","embeddable":true,"href":"https:\/\/maxani.nl\/it\/wp-json\/wp\/v2\/product_brand?post=120"},{"taxonomy":"product_cat","embeddable":true,"href":"https:\/\/maxani.nl\/it\/wp-json\/wp\/v2\/product_cat?post=120"},{"taxonomy":"product_tag","embeddable":true,"href":"https:\/\/maxani.nl\/it\/wp-json\/wp\/v2\/product_tag?post=120"}],"curies":[{"name":"wp","href":"https:\/\/api.w.org\/{rel}","templated":true}]}}