{"id":13455,"date":"2023-11-22T19:10:51","date_gmt":"2023-11-22T19:10:51","guid":{"rendered":"https:\/\/maxani.nl\/?page_id=13455"},"modified":"2024-03-04T17:08:05","modified_gmt":"2024-03-04T17:08:05","slug":"cleanserspray","status":"publish","type":"page","link":"https:\/\/maxani.nl\/it\/cleanserspray\/","title":{"rendered":"Cleanser Spray bijsluiter"},"content":{"rendered":"<section class=\"section\" id=\"section_472291554\">\n\t\t<div class=\"section-bg fill\" >\n\t\t\t<img loading=\"lazy\" decoding=\"async\" width=\"1718\" height=\"2560\" src=\"https:\/\/maxani.nl\/wp-content\/uploads\/2023\/07\/Achtergrond-voor-website-Maxani2-scaled.jpg\" class=\"bg attachment-original size-original\" alt=\"\" \/>\t\t\t\t\t\t\n\t\t\t\n\t<div class=\"is-border\"\n\t\tstyle=\"border-color:rgb(235, 235, 235);border-width:1px 0px 0px 0px;\">\n\t<\/div>\n\n\t\t<\/div>\n\n\t\t\n\n\t\t<div class=\"section-content relative\">\n\t\t\t\n\n<div class=\"row\"  id=\"row-2057701206\">\n\n\n\t<div id=\"col-840463713\" class=\"col medium-8 small-12 large-8\"  >\n\t\t\t\t<div class=\"col-inner\"  >\n\t\t\t\n\t\t\t\n\n<h1>Spray detergente 250 ml<\/h1>\n<h3>SOMMARIO<\/h3>\n<p>Contiene una combinazione accuratamente formulata di ingredienti, tra cui acqua fisiologica, glicerina, clorexadina e saponi delicati.<\/p>\n<h3>APPLICAZIONE<\/h3>\n<p>Lo spray detergente deterge e risciacqua la pelle colpita, rimuovendo i detriti e favorendo cos\u00ec la guarigione della pelle. La combinazione di acqua fisiologica, glicerina, clorexadina e saponi delicati scioglie efficacemente le proteine, lo sporco e i grassi presenti sulla pelle colpita, o come prescritto dal veterinario. Il prodotto deve essere lasciato asciugare all'aria per almeno 5-10 minuti; il risciacquo non \u00e8 necessario.<\/p>\n<h3>CONTRIBUTI<\/h3>\n<p>Nessuno conosciuto.<\/p>\n<h3>CONTROINDICAZIONI<\/h3>\n<p>Non utilizzare lo Spray detergente in caso di ipersensibilit\u00e0 nota a uno qualsiasi degli ingredienti. L'ipersensibilit\u00e0 pu\u00f2 causare irritazione cutanea. Evitare il contatto con gli occhi e le orecchie.<\/p>\n<h3><span style=\"font-size: 20.16px; color: #333333;\">VIA E METODO DI SOMMINISTRAZIONE<\/span><\/h3>\n<p>Lo spray detergente deterge e risciacqua la pelle colpita, rimuovendo i detriti e favorendo cos\u00ec la guarigione della pelle. La combinazione di acqua fisiologica, glicerina, clorexadina e saponi delicati scioglie efficacemente le proteine, lo sporco e i grassi presenti sulla pelle colpita, o come prescritto dal veterinario. Il prodotto deve essere lasciato asciugare all'aria per almeno 5-10 minuti; il risciacquo non \u00e8 necessario.<\/p>\n<h3>CONSERVAZIONE E DURATA DI CONSERVAZIONE<\/h3>\n<p>Conservare a temperatura ambiente (15-25 \u00baC) per una durata di conservazione di 5 anni dalla data di produzione.<\/p>\n<p>Si conserva per 12 mesi dopo l'apertura.<\/p>\n<p>Tenere fuori dalla vista e dalla portata dei bambini.<\/p>\n<h3>IMBALLAGGIO<\/h3>\n<p>Flacone da 250 ml<\/p>\n<h3>DISTRIBUTORE<\/h3>\n<p>Maxani Animal Healthcare B.V.<br \/>Viale delle Allodole 14-b<br \/>3704 GR Zeist<br \/>Paesi Bassi<\/p>\n<p>\u00a0<\/p>\n<p>\u00a0<\/p>\n<h3>COMPOSIZIONE<\/h3>\n<p>Contiene una combinazione accuratamente formulata di ingredienti, tra cui acqua fisiologica, glicerina, clorexidina e saponi delicati.<\/p>\n<h3>APPLICAZIONE<\/h3>\n<p>Lo spray detergente pulisce e risciacqua la cute colpita, rimuove i detriti e favorisce il recupero della pelle. La combinazione di acqua fisiologica, glicerina, clorexidina e saponi delicati scioglie efficacemente le proteine, lo sporco e i grassi presenti sulla pelle colpita, o come prescritto dal veterinario. Il prodotto deve essere lasciato asciugare all'aria per almeno 5-10 minuti e non \u00e8 necessario risciacquarlo.<\/p>\n<h3>REAZIONI AVVERSE<\/h3>\n<p>Nessuno conosciuto.<\/p>\n<h3>CONTROINDICAZIONI<\/h3>\n<p>Non utilizzare il detergente spray in caso di ipersensibilit\u00e0 nota a uno dei componenti. L'ipersensibilit\u00e0 pu\u00f2 causare irritazione cutanea. Evitare il contatto con gli occhi e le orecchie.<\/p>\n<h3>METODO E VIA DI SOMMINISTRAZIONE<\/h3>\n<p>Lo spray detergente pulisce e risciacqua la cute colpita, rimuove i detriti e favorisce il recupero della pelle. La combinazione di acqua fisiologica, glicerina, clorexidina e saponi delicati scioglie efficacemente le proteine, lo sporco e i grassi presenti sulla pelle colpita, o come prescritto dal veterinario. Il prodotto deve essere lasciato asciugare all'aria per almeno 5-10 minuti e non \u00e8 necessario risciacquarlo.<\/p>\n<h3>DURATA E CONDIZIONI DI CONSERVAZIONE<\/h3>\n<p>Conservare a temperatura ambiente (15-25\u00b0C) per una durata di conservazione di 5 anni dalla data di produzione.<\/p>\n<p>Conservare a meno di 25 \u00baC per una durata di 12 mesi dalla data di produzione.<\/p>\n<p>Tenere fuori dalla vista e dalla portata dei bambini.<\/p>\n<h3>PACCHETTO<\/h3>\n<p>Fiala da 250 ml<\/p>\n<h3>DISTRIBUTORE<\/h3>\n<p>Maxani Animal Healthcare B.V.<br \/>Viale delle Allodole 14-b<br \/>3704 GR Zeist<br \/>Paesi Bassi<\/p>\n<p>\u00a0<\/p>\n\n\t\t<\/div>\n\t\t\t\t\t<\/div>\n\n\t\n\n\t<div id=\"col-1548805249\" class=\"col medium-4 small-12 large-4\"  >\n\t\t\t\t<div class=\"col-inner\"  >\n\t\t\t\n\t\t\t\n\n\t<div class=\"img has-hover x md-x lg-x y md-y lg-y\" id=\"image_1976656793\">\n\t\t\t\t\t\t\t\t<div class=\"img-inner dark\" >\n\t\t\t<img loading=\"lazy\" decoding=\"async\" width=\"800\" height=\"800\" src=\"https:\/\/maxani.nl\/wp-content\/uploads\/2023\/07\/Maxani-cleanser-spray-250-ml-800x800.png\" class=\"attachment-large size-large\" alt=\"\" srcset=\"https:\/\/maxani.nl\/wp-content\/uploads\/2023\/07\/Maxani-cleanser-spray-250-ml-800x800.png 800w, https:\/\/maxani.nl\/wp-content\/uploads\/2023\/07\/Maxani-cleanser-spray-250-ml-400x400.png 400w, https:\/\/maxani.nl\/wp-content\/uploads\/2023\/07\/Maxani-cleanser-spray-250-ml-280x280.png 280w, https:\/\/maxani.nl\/wp-content\/uploads\/2023\/07\/Maxani-cleanser-spray-250-ml-768x768.png 768w, https:\/\/maxani.nl\/wp-content\/uploads\/2023\/07\/Maxani-cleanser-spray-250-ml-247x247.png 247w, https:\/\/maxani.nl\/wp-content\/uploads\/2023\/07\/Maxani-cleanser-spray-250-ml-510x510.png 510w, https:\/\/maxani.nl\/wp-content\/uploads\/2023\/07\/Maxani-cleanser-spray-250-ml-100x100.png 100w, https:\/\/maxani.nl\/wp-content\/uploads\/2023\/07\/Maxani-cleanser-spray-250-ml.png 1080w\" sizes=\"auto, (max-width: 800px) 100vw, 800px\" \/>\t\t\t\t\t\t\n\t\t\t\t\t<\/div>\n\t\t\t\t\t\t\t\t\n<style>\n#image_1976656793 {\n  width: 100%;\n}\n<\/style>\n\t<\/div>\n\t\n\n\n\t\t<\/div>\n\t\t\t\t\t<\/div>\n\n\t\n\n<\/div>\n\n\t\t<\/div>\n\n\t\t\n<style>\n#section_472291554 {\n  padding-top: 60px;\n  padding-bottom: 60px;\n  min-height: 300px;\n}\n<\/style>\n\t<\/section>","protected":false},"excerpt":{"rendered":"","protected":false},"author":1,"featured_media":0,"parent":0,"menu_order":0,"comment_status":"closed","ping_status":"closed","template":"page-blank.php","meta":{"footnotes":""},"class_list":["post-13455","page","type-page","status-publish","hentry"],"yoast_head":"<!-- This site is optimized with the Yoast SEO plugin v27.1.1 - https:\/\/yoast.com\/product\/yoast-seo-wordpress\/ -->\n<title>Bijsluiter Zure oordruppels - Maxani Animal Healthcare BV<\/title>\n<meta name=\"description\" content=\"Zure oordruppels worden gebruikt bij honden en katten. Azijnzuur maakt het milieu in de externe gehoorgang zuurder.\" \/>\n<meta name=\"robots\" content=\"index, follow, max-snippet:-1, max-image-preview:large, max-video-preview:-1\" \/>\n<link rel=\"canonical\" href=\"https:\/\/maxani.nl\/it\/cleanserspray\/\" \/>\n<meta property=\"og:locale\" content=\"it_IT\" \/>\n<meta property=\"og:type\" content=\"article\" \/>\n<meta property=\"og:title\" content=\"Bijsluiter Zure oordruppels - Maxani Animal Healthcare BV\" \/>\n<meta property=\"og:description\" content=\"Zure oordruppels worden gebruikt bij honden en katten. Azijnzuur maakt het milieu in de externe gehoorgang zuurder.\" \/>\n<meta property=\"og:url\" content=\"https:\/\/maxani.nl\/it\/cleanserspray\/\" \/>\n<meta property=\"og:site_name\" content=\"Maxani Animal Healthcare BV\" \/>\n<meta property=\"article:modified_time\" content=\"2024-03-04T17:08:05+00:00\" \/>\n<meta name=\"twitter:card\" content=\"summary_large_image\" \/>\n<meta name=\"twitter:label1\" content=\"Tempo di lettura stimato\" \/>\n\t<meta name=\"twitter:data1\" content=\"3 minuti\" \/>\n<script type=\"application\/ld+json\" class=\"yoast-schema-graph\">{\"@context\":\"https:\/\/schema.org\",\"@graph\":[{\"@type\":\"WebPage\",\"@id\":\"https:\/\/maxani.nl\/cleanserspray\/\",\"url\":\"https:\/\/maxani.nl\/cleanserspray\/\",\"name\":\"Bijsluiter Zure oordruppels - Maxani Animal Healthcare BV\",\"isPartOf\":{\"@id\":\"https:\/\/maxani.nl\/#website\"},\"datePublished\":\"2023-11-22T19:10:51+00:00\",\"dateModified\":\"2024-03-04T17:08:05+00:00\",\"description\":\"Zure oordruppels worden gebruikt bij honden en katten. Azijnzuur maakt het milieu in de externe gehoorgang zuurder.\",\"breadcrumb\":{\"@id\":\"https:\/\/maxani.nl\/cleanserspray\/#breadcrumb\"},\"inLanguage\":\"it-IT\",\"potentialAction\":[{\"@type\":\"ReadAction\",\"target\":[\"https:\/\/maxani.nl\/cleanserspray\/\"]}]},{\"@type\":\"BreadcrumbList\",\"@id\":\"https:\/\/maxani.nl\/cleanserspray\/#breadcrumb\",\"itemListElement\":[{\"@type\":\"ListItem\",\"position\":1,\"name\":\"Home\",\"item\":\"https:\/\/maxani.nl\/\"},{\"@type\":\"ListItem\",\"position\":2,\"name\":\"Cleanser Spray bijsluiter\"}]},{\"@type\":\"WebSite\",\"@id\":\"https:\/\/maxani.nl\/#website\",\"url\":\"https:\/\/maxani.nl\/\",\"name\":\"Maxani Animal Healthcare BV\",\"description\":\"Uw partner in veterinaire dermatologie\",\"potentialAction\":[{\"@type\":\"SearchAction\",\"target\":{\"@type\":\"EntryPoint\",\"urlTemplate\":\"https:\/\/maxani.nl\/?s={search_term_string}\"},\"query-input\":{\"@type\":\"PropertyValueSpecification\",\"valueRequired\":true,\"valueName\":\"search_term_string\"}}],\"inLanguage\":\"it-IT\"}]}<\/script>\n<!-- \/ Yoast SEO plugin. -->","yoast_head_json":{"title":"Bijsluiter Zure oordruppels - Maxani Animal Healthcare BV","description":"Zure oordruppels worden gebruikt bij honden en katten. Azijnzuur maakt het milieu in de externe gehoorgang zuurder.","robots":{"index":"index","follow":"follow","max-snippet":"max-snippet:-1","max-image-preview":"max-image-preview:large","max-video-preview":"max-video-preview:-1"},"canonical":"https:\/\/maxani.nl\/it\/cleanserspray\/","og_locale":"it_IT","og_type":"article","og_title":"Bijsluiter Zure oordruppels - Maxani Animal Healthcare BV","og_description":"Zure oordruppels worden gebruikt bij honden en katten. Azijnzuur maakt het milieu in de externe gehoorgang zuurder.","og_url":"https:\/\/maxani.nl\/it\/cleanserspray\/","og_site_name":"Maxani Animal Healthcare BV","article_modified_time":"2024-03-04T17:08:05+00:00","twitter_card":"summary_large_image","twitter_misc":{"Tempo di lettura stimato":"3 minuti"},"schema":{"@context":"https:\/\/schema.org","@graph":[{"@type":"WebPage","@id":"https:\/\/maxani.nl\/cleanserspray\/","url":"https:\/\/maxani.nl\/cleanserspray\/","name":"Bijsluiter Zure oordruppels - Maxani Animal Healthcare BV","isPartOf":{"@id":"https:\/\/maxani.nl\/#website"},"datePublished":"2023-11-22T19:10:51+00:00","dateModified":"2024-03-04T17:08:05+00:00","description":"Zure oordruppels worden gebruikt bij honden en katten. Azijnzuur maakt het milieu in de externe gehoorgang zuurder.","breadcrumb":{"@id":"https:\/\/maxani.nl\/cleanserspray\/#breadcrumb"},"inLanguage":"it-IT","potentialAction":[{"@type":"ReadAction","target":["https:\/\/maxani.nl\/cleanserspray\/"]}]},{"@type":"BreadcrumbList","@id":"https:\/\/maxani.nl\/cleanserspray\/#breadcrumb","itemListElement":[{"@type":"ListItem","position":1,"name":"Home","item":"https:\/\/maxani.nl\/"},{"@type":"ListItem","position":2,"name":"Cleanser Spray bijsluiter"}]},{"@type":"WebSite","@id":"https:\/\/maxani.nl\/#website","url":"https:\/\/maxani.nl\/","name":"Maxani Animal Healthcare BV","description":"Il vostro partner in dermatologia veterinaria","potentialAction":[{"@type":"SearchAction","target":{"@type":"EntryPoint","urlTemplate":"https:\/\/maxani.nl\/?s={search_term_string}"},"query-input":{"@type":"PropertyValueSpecification","valueRequired":true,"valueName":"search_term_string"}}],"inLanguage":"it-IT"}]}},"jetpack_sharing_enabled":true,"_links":{"self":[{"href":"https:\/\/maxani.nl\/it\/wp-json\/wp\/v2\/pages\/13455","targetHints":{"allow":["GET"]}}],"collection":[{"href":"https:\/\/maxani.nl\/it\/wp-json\/wp\/v2\/pages"}],"about":[{"href":"https:\/\/maxani.nl\/it\/wp-json\/wp\/v2\/types\/page"}],"author":[{"embeddable":true,"href":"https:\/\/maxani.nl\/it\/wp-json\/wp\/v2\/users\/1"}],"replies":[{"embeddable":true,"href":"https:\/\/maxani.nl\/it\/wp-json\/wp\/v2\/comments?post=13455"}],"version-history":[{"count":3,"href":"https:\/\/maxani.nl\/it\/wp-json\/wp\/v2\/pages\/13455\/revisions"}],"predecessor-version":[{"id":13980,"href":"https:\/\/maxani.nl\/it\/wp-json\/wp\/v2\/pages\/13455\/revisions\/13980"}],"wp:attachment":[{"href":"https:\/\/maxani.nl\/it\/wp-json\/wp\/v2\/media?parent=13455"}],"curies":[{"name":"wp","href":"https:\/\/api.w.org\/{rel}","templated":true}]}}