{"id":13179,"date":"2023-10-16T12:51:33","date_gmt":"2023-10-16T12:51:33","guid":{"rendered":"https:\/\/maxani.nl\/?page_id=13179"},"modified":"2023-10-17T12:51:11","modified_gmt":"2023-10-17T12:51:11","slug":"jeuk-bij-honden","status":"publish","type":"page","link":"https:\/\/maxani.nl\/it\/jeuk-bij-honden\/","title":{"rendered":"Jeuk bij honden"},"content":{"rendered":"<section class=\"section\" id=\"section_2123849163\">\n\t\t<div class=\"section-bg fill\" >\n\t\t\t<img loading=\"lazy\" decoding=\"async\" width=\"1718\" height=\"2560\" src=\"https:\/\/maxani.nl\/wp-content\/uploads\/2023\/07\/Achtergrond-voor-website-Maxani2-scaled.jpg\" class=\"bg attachment-original size-original\" alt=\"\" \/>\t\t\t\t\t\t\n\t\t\t\n\t<div class=\"is-border\"\n\t\tstyle=\"border-color:rgb(235, 235, 235);border-width:1px 0px 0px 0px;\">\n\t<\/div>\n\n\t\t<\/div>\n\n\t\t\n\n\t\t<div class=\"section-content relative\">\n\t\t\t\n\n<div class=\"row\"  id=\"row-882162197\">\n\n\n\t<div id=\"col-1752858416\" class=\"col medium-8 small-12 large-8\"  >\n\t\t\t\t<div class=\"col-inner\"  >\n\t\t\t\n\t\t\t\n\n\t<div id=\"gap-463989583\" class=\"gap-element clearfix\" style=\"display:block; height:auto;\">\n\t\t\n<style>\n#gap-463989583 {\n  padding-top: 15px;\n}\n<\/style>\n\t<\/div>\n\t\n\n\t<div id=\"text-3375377240\" class=\"text\">\n\t\t\n\n<h1 data-line-height=\"l\">Il mio cane ha prurito: cosa fare?<\/h1>\n\t\t\n<style>\n#text-3375377240 {\n  font-size: 1.3rem;\n}\n<\/style>\n\t<\/div>\n\t\n<p>Il prurito \u00e8 un problema comune nei cani, ma pu\u00f2 avere diverse cause. Se il cane si gratta continuamente la pelle, pu\u00f2 causare ulteriori danni alla cute. \u00c8 importante trattare il prurito e affrontare la causa sottostante per evitare che il cane danneggi ulteriormente la pelle grattandosi.<\/p>\n<h2>Cause del prurito<\/h2>\n<p>Le cause del prurito nel cane possono essere diverse. Tra queste potrebbero esserci allergie, parassiti o una malattia della pelle. A volte \u00e8 difficile determinare la causa esatta del prurito. Avete dubbi sulla causa? In tal caso, consultate un veterinario.<\/p>\n<h3>Allergie<\/h3>\n<p><strong><u>Allergie ambientali (atopia)<br \/><\/u><\/strong>L'atopia (dermatite atopica) \u00e8 causata da una reazione di ipersensibilit\u00e0 agli allergeni, come i pollini delle colture in fiore e\/o gli acari della polvere. L'atopia \u00e8 una forma comune di allergia nei cani e pu\u00f2 essere ereditaria e specifica della razza. Ci\u00f2 significa che alcune razze di cani sono pi\u00f9 inclini a sviluppare l'atopia rispetto ad altre.<\/p>\n<p><strong>Sintomi:<\/strong><\/p>\n<ul>\n<li>Prurito su: zampe, testa, ascelle e inguine<\/li>\n<li>Pelle arrossata e irritata<\/li>\n<\/ul>\n<p><strong>Cosa fare con l'atopia?<\/strong><\/p>\n<ul>\n<li>Sostenere la barriera cutanea<\/li>\n<li>Evitare gli allergeni<\/li>\n<li>Lavare con uno shampoo speciale per animali allergici (<a href=\"https:\/\/maxani.nl\/it\/productinformatie\/#AtopOat192125\"><span style=\"text-decoration: underline;\">Shampoo per la pelle AtopOat<\/span><\/a> e\/o <span style=\"text-decoration: underline;\"><a href=\"https:\/\/maxani.nl\/it\/productinformatie\/#atopoatmousse\">Mousse<\/a><\/span>)<\/li>\n<\/ul>\n<p>\u00a0<\/p>\n<p><strong><u>Il mio cane \u00e8 allergico alle pulci?<br \/><\/u><\/strong>L'allergia alle pulci comporta una reazione allergica alla saliva delle pulci. Quando le pulci mordono e si nutrono del sangue del cane, lasciano la saliva sulla pelle. Nei cani affetti da questa allergia, anche un solo morso di pulce pu\u00f2 causare prurito e irritazione cutanea.<\/p>\n<p><strong>Sintomi:<\/strong><\/p>\n<ul>\n<li>Graffi e morsi eccessivi, soprattutto intorno alla base della coda, al dorso e alle zampe posteriori.<\/li>\n<li>Eruzione cutanea e protuberanze rosse.<\/li>\n<li>Perdita di capelli e irritazione della pelle.<\/li>\n<li>Punti caldi (infiammazione improvvisa e dolorosa della pelle).<\/li>\n<\/ul>\n<p>\u00a0<\/p>\n<p><strong><u>Il mio cane ha un'allergia alimentare?<br \/><\/u><\/strong>L'allergia alimentare nei cani si verifica quando il corpo del cane reagisce a determinati nutrienti presenti nel cibo che mangia. La maggior parte dei cani e dei gatti reagisce ad alcune proteine come il pollo e il manzo. Questo pu\u00f2 portare a una serie di sintomi allergici, che vanno dal prurito e dai problemi cutanei al vomito e alla diarrea.<\/p>\n<p><strong>Sintomi:<\/strong><\/p>\n<ul>\n<li>Prurito: grattarsi, mordersi e leccarsi la pelle, soprattutto intorno al viso, alle orecchie, alle gambe e alla pancia.<\/li>\n<li>Irritazione cutanea: Pelle arrossata e irritata, eruzioni cutanee e perdita di capelli.<\/li>\n<li>Problemi gastrointestinali: Vomito, diarrea, flatulenza e dolore addominale.<\/li>\n<\/ul>\n<p><strong>Cosa fare in caso di possibile allergia alimentare?<\/strong><\/p>\n<ul>\n<li>Dieta composta (dieta di eliminazione): Fare questa dieta in consultazione con un veterinario o uno specialista<\/li>\n<li>Alimenti in cui la fonte proteica \u00e8 stata parzialmente scomposta<\/li>\n<li>Alimenti con fonti proteiche uniche o in cui il nutriente non \u00e8 presente nella dieta<\/li>\n<\/ul>\n\n\t\t<\/div>\n\t\t\t\t\t<\/div>\n\n\t\n\n\t<div id=\"col-291903605\" class=\"col medium-4 small-12 large-4\"  >\n\t\t\t\t<div class=\"col-inner\"  >\n\t\t\t\n\t\t\t\n\n\t<div class=\"img has-hover x md-x lg-x y md-y lg-y\" id=\"image_400606805\">\n\t\t\t\t\t\t\t\t<div class=\"img-inner dark\" >\n\t\t\t<img loading=\"lazy\" decoding=\"async\" width=\"600\" height=\"600\" src=\"https:\/\/maxani.nl\/wp-content\/uploads\/2023\/10\/Hond-met-jeuk.png\" class=\"attachment-large size-large\" alt=\"Jeuk bij hond\" srcset=\"https:\/\/maxani.nl\/wp-content\/uploads\/2023\/10\/Hond-met-jeuk.png 600w, https:\/\/maxani.nl\/wp-content\/uploads\/2023\/10\/Hond-met-jeuk-400x400.png 400w, https:\/\/maxani.nl\/wp-content\/uploads\/2023\/10\/Hond-met-jeuk-280x280.png 280w, https:\/\/maxani.nl\/wp-content\/uploads\/2023\/10\/Hond-met-jeuk-247x247.png 247w, https:\/\/maxani.nl\/wp-content\/uploads\/2023\/10\/Hond-met-jeuk-510x510.png 510w, https:\/\/maxani.nl\/wp-content\/uploads\/2023\/10\/Hond-met-jeuk-100x100.png 100w\" sizes=\"auto, (max-width: 600px) 100vw, 600px\" \/>\t\t\t\t\t\t\n\t\t\t\t\t<\/div>\n\t\t\t\t\t\t\t\t\n<style>\n#image_400606805 {\n  width: 100%;\n}\n<\/style>\n\t<\/div>\n\t\n\n\t<div class=\"img has-hover x md-x lg-x y md-y lg-y\" id=\"image_1807074233\">\n\t\t\t\t\t\t\t\t<div class=\"img-inner dark\" >\n\t\t\t<img loading=\"lazy\" decoding=\"async\" width=\"800\" height=\"800\" src=\"https:\/\/maxani.nl\/wp-content\/uploads\/2023\/07\/Maxani-AtopOat-shampoo-200-ml-800x800.png\" class=\"attachment-large size-large\" alt=\"\" srcset=\"https:\/\/maxani.nl\/wp-content\/uploads\/2023\/07\/Maxani-AtopOat-shampoo-200-ml-800x800.png 800w, https:\/\/maxani.nl\/wp-content\/uploads\/2023\/07\/Maxani-AtopOat-shampoo-200-ml-400x400.png 400w, https:\/\/maxani.nl\/wp-content\/uploads\/2023\/07\/Maxani-AtopOat-shampoo-200-ml-280x280.png 280w, https:\/\/maxani.nl\/wp-content\/uploads\/2023\/07\/Maxani-AtopOat-shampoo-200-ml-768x768.png 768w, https:\/\/maxani.nl\/wp-content\/uploads\/2023\/07\/Maxani-AtopOat-shampoo-200-ml-247x247.png 247w, https:\/\/maxani.nl\/wp-content\/uploads\/2023\/07\/Maxani-AtopOat-shampoo-200-ml-510x510.png 510w, https:\/\/maxani.nl\/wp-content\/uploads\/2023\/07\/Maxani-AtopOat-shampoo-200-ml-100x100.png 100w, https:\/\/maxani.nl\/wp-content\/uploads\/2023\/07\/Maxani-AtopOat-shampoo-200-ml.png 1080w\" sizes=\"auto, (max-width: 800px) 100vw, 800px\" \/>\t\t\t\t\t\t\n\t\t\t\t\t<\/div>\n\t\t\t\t\t\t\t\t\n<style>\n#image_1807074233 {\n  width: 100%;\n}\n<\/style>\n\t<\/div>\n\t\n\n\t<div class=\"img has-hover x md-x lg-x y md-y lg-y\" id=\"image_1267314321\">\n\t\t\t\t\t\t\t\t<div class=\"img-inner dark\" >\n\t\t\t<img loading=\"lazy\" decoding=\"async\" width=\"800\" height=\"800\" src=\"https:\/\/maxani.nl\/wp-content\/uploads\/2023\/07\/Maxani-AtopOat-mousse-800x800.png\" class=\"attachment-large size-large\" alt=\"\" srcset=\"https:\/\/maxani.nl\/wp-content\/uploads\/2023\/07\/Maxani-AtopOat-mousse-800x800.png 800w, https:\/\/maxani.nl\/wp-content\/uploads\/2023\/07\/Maxani-AtopOat-mousse-400x400.png 400w, https:\/\/maxani.nl\/wp-content\/uploads\/2023\/07\/Maxani-AtopOat-mousse-280x280.png 280w, https:\/\/maxani.nl\/wp-content\/uploads\/2023\/07\/Maxani-AtopOat-mousse-768x768.png 768w, https:\/\/maxani.nl\/wp-content\/uploads\/2023\/07\/Maxani-AtopOat-mousse-247x247.png 247w, https:\/\/maxani.nl\/wp-content\/uploads\/2023\/07\/Maxani-AtopOat-mousse-510x510.png 510w, https:\/\/maxani.nl\/wp-content\/uploads\/2023\/07\/Maxani-AtopOat-mousse-100x100.png 100w, https:\/\/maxani.nl\/wp-content\/uploads\/2023\/07\/Maxani-AtopOat-mousse.png 1080w\" sizes=\"auto, (max-width: 800px) 100vw, 800px\" \/>\t\t\t\t\t\t\n\t\t\t\t\t<\/div>\n\t\t\t\t\t\t\t\t\n<style>\n#image_1267314321 {\n  width: 100%;\n}\n<\/style>\n\t<\/div>\n\t\n\n\n\t\t<\/div>\n\t\t\t\t\t<\/div>\n\n\t\n\n<\/div>\n<div class=\"row\"  id=\"row-428679669\">\n\n\n\t<div id=\"col-1625795410\" class=\"col medium-4 small-12 large-4\"  >\n\t\t\t\t<div class=\"col-inner\"  >\n\t\t\t\n\t\t\t\n\n<p>Variet\u00e0 sensibili a<strong>r atopia<\/strong> sono:<\/p>\n<ol>\n<li>Boxer<\/li>\n<li>Bull Terrier<\/li>\n<li>Cairn Terrier<\/li>\n<li>Chow Chow<\/li>\n<li>Labradoodle<\/li>\n<li>Cocker Spaniel<\/li>\n<li>Bulldog francese<\/li>\n<li>Fox Terrier<\/li>\n<li>Pastore tedesco<\/li>\n<li>Golden Retriever<\/li>\n<li>Setter irlandese<\/li>\n<li>Labrador Retriever<\/li>\n<li>Barboncino<\/li>\n<li>Rhodesian Ridgeback<\/li>\n<li>Sharpei<\/li>\n<li>Vizsla<\/li>\n<li>Jack Russel<\/li>\n<li>Terrier bianco delle Highlands occidentali<\/li>\n<\/ol>\n\n\t\t<\/div>\n\t\t\t\t\t<\/div>\n\n\t\n\n\t<div id=\"col-1992847534\" class=\"col medium-4 small-12 large-4\"  >\n\t\t\t\t<div class=\"col-inner\"  >\n\t\t\t\n\t\t\t\n\n<p>Variet\u00e0 sensibili a <strong>allergia alimentare:<\/strong><\/p>\n<ol>\n<li>Labrador Retriever<\/li>\n<li>Golden Retriever<\/li>\n<li>Pastore tedesco<\/li>\n<li>Cocker Spaniel<\/li>\n<li>Bulldog<\/li>\n<li>Sharpei<\/li>\n<li>Dalmata<\/li>\n<li>Boxer<\/li>\n<li>Terrier bianco delle Highlands occidentali<\/li>\n<li>Lhasa Apso<\/li>\n<li>Shih Tzu<\/li>\n<li>Bichon Frise<\/li>\n<li>Yorkshire terrier<\/li>\n<li>Cane da montagna bernese<\/li>\n<li>Crestato cinese<\/li>\n<\/ol>\n\n\t\t<\/div>\n\t\t\t\t\t<\/div>\n\n\t\n\n\t<div id=\"col-2130659775\" class=\"col medium-4 small-12 large-4\"  >\n\t\t\t\t<div class=\"col-inner\"  >\n\t\t\t\n\t\t\t\n\n\n\t\t<\/div>\n\t\t\t\t\t<\/div>\n\n\t\n\n<\/div>\n<div class=\"row\"  id=\"row-1464818735\">\n\n\n\t<div id=\"col-1132675818\" class=\"col medium-8 small-12 large-8\"  >\n\t\t\t\t<div class=\"col-inner\"  >\n\t\t\t\n\t\t\t\n\n<h3>Parassiti<\/h3>\n<p>I parassiti che possono causare prurito nei cani sono:<\/p>\n<p><strong><u>Pulci<br \/><\/u><\/strong>Questi piccoli parassiti si nutrono del sangue del cane e lasciano una saliva irritante.<\/p>\n<p><strong>Cosa fare in caso di pulci? <br \/><\/strong>L'individuazione delle pulci sul cane pu\u00f2 essere facilmente effettuata utilizzando un pettine antipulci. Concentratevi in particolare sulle aree intorno alla base della coda e del collo, dove spesso si nascondono le pulci. Osservate i piccoli punti neri che si attaccano al pettine o alla pelliccia del cane, che potrebbero essere escrementi di pulci. Una volta individuate le pulci, \u00e8 consigliabile trattare il cane con un prodotto antipulci per combattere efficacemente i parassiti.<\/p>\n<p><strong><u>Zecca<br \/><\/u><\/strong>Le zecche succhiano il sangue e possono trasmettere brutte malattie. Il punto in cui la zecca morde pu\u00f2 prudere a causa dell'irritazione.<\/p>\n<p><strong>Cosa fare in caso di zecche? <br \/><\/strong>Trattare la puntura di zecca rimuovendola con cura. Pulire quindi la zona del morso con un disinfettante delicato e trattare le ferite con un prodotto per la cura delle ferite. <span style=\"text-decoration: underline;\"><a href=\"https:\/\/maxani.nl\/it\/productinformatie\/#Honinggel823000\">Miele-O3 gel<\/a><\/span> per evitare irritazioni.<\/p>\n<p><span style=\"text-decoration: underline;\"><strong>Acari<br \/><\/strong><\/span>Gli acari strisciano sul corpo e si nutrono di tessuti, fluidi o forfora.<\/p>\n<p><strong><em>Diversi tipi di acari:<\/em><\/strong><\/p>\n<ul>\n<li><strong>Demodex Canis<\/strong>Questi acari possono causare irritazioni cutanee, ma possono anche manifestarsi senza prurito.<\/li>\n<li><strong>Acaro della scabbia (Sarcoptions scabiei):<\/strong> Questo acaro provoca un intenso prurito ed \u00e8 altamente contagioso anche per gli esseri umani.<\/li>\n<li><strong>Acaro del pelo (Cheyletiella spp.):<\/strong> Questo acaro si trova nel mantello e pu\u00f2 causare arrossamenti, prurito e perdita di pelo.<\/li>\n<li><strong>Acaro autunnale (Neotrombicula<\/strong> <strong>Autumnalis):<\/strong> Questi acari preferiscono stare vicino all'ano, tra le dita dei piedi, nelle orecchie o sotto l'addome.<\/li>\n<li><strong>Acari dell'orecchio (Otodectes)<\/strong>Acari che si depositano nel condotto uditivo del cane e causano irritazione e prurito.<\/li>\n<\/ul>\n<p><strong>Cosa fare con gli acari?<br \/><\/strong>Sospettate che il vostro cane sia affetto da acari? Contattate il vostro veterinario per una diagnosi accurata e un trattamento mirato.<\/p>\n<h4>&nbsp;<\/h4>\n<h4>Altre cause di prurito:<\/h4>\n<p><strong><u>Lieviti (Malassezia)<br \/><\/u><\/strong>La Malassezia \u00e8 sempre presente sulla pelle. Quando la flora cutanea \u00e8 disturbata, la Malassezia pu\u00f2 colonizzare la pelle, con conseguente prurito e irritazione.<\/p>\n<p><strong>Cosa fare con la Malassezia?<br \/><\/strong>L'importante \u00e8 rimuovere la causa. E lavare il cane con uno shampoo speciale (Pyomax Skin Shampoo).<\/p>\n<p><strong><u>Infezioni batteriche<br \/><\/u><\/strong>Le infezioni batteriche si manifestano con arrossamento, gonfiore, prurito e talvolta formazione di pus. Il veterinario pu\u00f2 diagnosticare l'infezione e prescrivere un trattamento, che spesso consiste in una cura della pelle come salviette alla clorexidina, shampoo e\/o mousse per la pelle PyoMax e\/o spazzola Maxani.<\/p>\n<p><strong><u>Hotspot<br \/><\/u><\/strong>Una macchia creata dal grattarsi molto. Si tratta di una macchia rossa, umida e irritata che il cane gratta spesso. Il grattarsi fa s\u00ec che la macchia peggiori sempre di pi\u00f9. Una macchia pu\u00f2 avere molte cause, come un'allergia alimentare, gli acari o un'opacizzazione del pelo.<\/p>\n<p><strong>Cosa fare in un hotspot:<br \/><\/strong>Per prevenire i punti caldi, \u00e8 essenziale affrontare le cause sottostanti, come le cause di prurito sopra citate. Se il cane sviluppa un punto caldo, consultare immediatamente il veterinario per il trattamento, mantenere l'area pulita ed evitare di grattarsi e leccarsi per prevenire ulteriori irritazioni.<\/p>\n\n\t\t<\/div>\n\t\t\t\t\t<\/div>\n\n\t\n\n\t<div id=\"col-869950037\" class=\"col medium-4 small-12 large-4\"  >\n\t\t\t\t<div class=\"col-inner\"  >\n\t\t\t\n\t\t\t\n\n\t<div class=\"img has-hover x md-x lg-x y md-y lg-y\" id=\"image_180324263\">\n\t\t\t\t\t\t\t\t<div class=\"img-inner dark\" >\n\t\t\t<img loading=\"lazy\" decoding=\"async\" width=\"800\" height=\"800\" src=\"https:\/\/maxani.nl\/wp-content\/uploads\/2023\/07\/Maxani-Honey-O3-gel-50-ml-1-800x800.png\" class=\"attachment-large size-large\" alt=\"\" srcset=\"https:\/\/maxani.nl\/wp-content\/uploads\/2023\/07\/Maxani-Honey-O3-gel-50-ml-1-800x800.png 800w, https:\/\/maxani.nl\/wp-content\/uploads\/2023\/07\/Maxani-Honey-O3-gel-50-ml-1-400x400.png 400w, https:\/\/maxani.nl\/wp-content\/uploads\/2023\/07\/Maxani-Honey-O3-gel-50-ml-1-280x280.png 280w, https:\/\/maxani.nl\/wp-content\/uploads\/2023\/07\/Maxani-Honey-O3-gel-50-ml-1-768x768.png 768w, https:\/\/maxani.nl\/wp-content\/uploads\/2023\/07\/Maxani-Honey-O3-gel-50-ml-1-247x247.png 247w, https:\/\/maxani.nl\/wp-content\/uploads\/2023\/07\/Maxani-Honey-O3-gel-50-ml-1-510x510.png 510w, https:\/\/maxani.nl\/wp-content\/uploads\/2023\/07\/Maxani-Honey-O3-gel-50-ml-1-100x100.png 100w, https:\/\/maxani.nl\/wp-content\/uploads\/2023\/07\/Maxani-Honey-O3-gel-50-ml-1.png 1080w\" sizes=\"auto, (max-width: 800px) 100vw, 800px\" \/>\t\t\t\t\t\t\n\t\t\t\t\t<\/div>\n\t\t\t\t\t\t\t\t\n<style>\n#image_180324263 {\n  width: 100%;\n}\n<\/style>\n\t<\/div>\n\t\n\n\n\t\t<\/div>\n\t\t\t\t\t<\/div>\n\n\t\n\n<\/div>\n\n\t\t<\/div>\n\n\t\t\n<style>\n#section_2123849163 {\n  padding-top: 60px;\n  padding-bottom: 60px;\n  min-height: 300px;\n}\n<\/style>\n\t<\/section>","protected":false},"excerpt":{"rendered":"","protected":false},"author":1,"featured_media":13186,"parent":0,"menu_order":0,"comment_status":"closed","ping_status":"closed","template":"page-blank.php","meta":{"footnotes":""},"class_list":["post-13179","page","type-page","status-publish","has-post-thumbnail","hentry"],"yoast_head":"<!-- This site is optimized with the Yoast SEO plugin v27.1.1 - https:\/\/yoast.com\/product\/yoast-seo-wordpress\/ -->\n<title>Jeuk bij honden - Maxani Animal Healthcare BV<\/title>\n<meta name=\"description\" content=\"Jeuk is een veelvoorkomend probleem bij honden, maar het kan verschillende oorzaken hebben. Zie hier de mogelijke oorzaken\" \/>\n<meta name=\"robots\" content=\"index, follow, max-snippet:-1, max-image-preview:large, max-video-preview:-1\" \/>\n<link rel=\"canonical\" href=\"https:\/\/maxani.nl\/it\/jeuk-bij-honden\/\" \/>\n<meta property=\"og:locale\" content=\"it_IT\" \/>\n<meta property=\"og:type\" content=\"article\" \/>\n<meta property=\"og:title\" content=\"Jeuk bij honden - Maxani Animal Healthcare BV\" \/>\n<meta property=\"og:description\" content=\"Jeuk is een veelvoorkomend probleem bij honden, maar het kan verschillende oorzaken hebben. Zie hier de mogelijke oorzaken\" \/>\n<meta property=\"og:url\" content=\"https:\/\/maxani.nl\/it\/jeuk-bij-honden\/\" \/>\n<meta property=\"og:site_name\" content=\"Maxani Animal Healthcare BV\" \/>\n<meta property=\"article:modified_time\" content=\"2023-10-17T12:51:11+00:00\" \/>\n<meta property=\"og:image\" content=\"https:\/\/maxani.nl\/wp-content\/uploads\/2023\/10\/Hond-met-jeuk.png\" \/>\n\t<meta property=\"og:image:width\" content=\"600\" \/>\n\t<meta property=\"og:image:height\" content=\"600\" \/>\n\t<meta property=\"og:image:type\" content=\"image\/png\" \/>\n<meta name=\"twitter:card\" content=\"summary_large_image\" \/>\n<meta name=\"twitter:label1\" content=\"Tempo di lettura stimato\" \/>\n\t<meta name=\"twitter:data1\" content=\"6 minuti\" \/>\n<script type=\"application\/ld+json\" class=\"yoast-schema-graph\">{\"@context\":\"https:\/\/schema.org\",\"@graph\":[{\"@type\":\"WebPage\",\"@id\":\"https:\/\/maxani.nl\/jeuk-bij-honden\/\",\"url\":\"https:\/\/maxani.nl\/jeuk-bij-honden\/\",\"name\":\"Jeuk bij honden - Maxani Animal Healthcare BV\",\"isPartOf\":{\"@id\":\"https:\/\/maxani.nl\/#website\"},\"primaryImageOfPage\":{\"@id\":\"https:\/\/maxani.nl\/jeuk-bij-honden\/#primaryimage\"},\"image\":{\"@id\":\"https:\/\/maxani.nl\/jeuk-bij-honden\/#primaryimage\"},\"thumbnailUrl\":\"https:\/\/maxani.nl\/wp-content\/uploads\/2023\/10\/Hond-met-jeuk.png\",\"datePublished\":\"2023-10-16T12:51:33+00:00\",\"dateModified\":\"2023-10-17T12:51:11+00:00\",\"description\":\"Jeuk is een veelvoorkomend probleem bij honden, maar het kan verschillende oorzaken hebben. Zie hier de mogelijke oorzaken\",\"breadcrumb\":{\"@id\":\"https:\/\/maxani.nl\/jeuk-bij-honden\/#breadcrumb\"},\"inLanguage\":\"it-IT\",\"potentialAction\":[{\"@type\":\"ReadAction\",\"target\":[\"https:\/\/maxani.nl\/jeuk-bij-honden\/\"]}]},{\"@type\":\"ImageObject\",\"inLanguage\":\"it-IT\",\"@id\":\"https:\/\/maxani.nl\/jeuk-bij-honden\/#primaryimage\",\"url\":\"https:\/\/maxani.nl\/wp-content\/uploads\/2023\/10\/Hond-met-jeuk.png\",\"contentUrl\":\"https:\/\/maxani.nl\/wp-content\/uploads\/2023\/10\/Hond-met-jeuk.png\",\"width\":600,\"height\":600,\"caption\":\"Jeuk bij hond\"},{\"@type\":\"BreadcrumbList\",\"@id\":\"https:\/\/maxani.nl\/jeuk-bij-honden\/#breadcrumb\",\"itemListElement\":[{\"@type\":\"ListItem\",\"position\":1,\"name\":\"Home\",\"item\":\"https:\/\/maxani.nl\/\"},{\"@type\":\"ListItem\",\"position\":2,\"name\":\"Jeuk bij honden\"}]},{\"@type\":\"WebSite\",\"@id\":\"https:\/\/maxani.nl\/#website\",\"url\":\"https:\/\/maxani.nl\/\",\"name\":\"Maxani Animal Healthcare BV\",\"description\":\"Uw partner in veterinaire dermatologie\",\"potentialAction\":[{\"@type\":\"SearchAction\",\"target\":{\"@type\":\"EntryPoint\",\"urlTemplate\":\"https:\/\/maxani.nl\/?s={search_term_string}\"},\"query-input\":{\"@type\":\"PropertyValueSpecification\",\"valueRequired\":true,\"valueName\":\"search_term_string\"}}],\"inLanguage\":\"it-IT\"}]}<\/script>\n<!-- \/ Yoast SEO plugin. -->","yoast_head_json":{"title":"Jeuk bij honden - Maxani Animal Healthcare BV","description":"Jeuk is een veelvoorkomend probleem bij honden, maar het kan verschillende oorzaken hebben. Zie hier de mogelijke oorzaken","robots":{"index":"index","follow":"follow","max-snippet":"max-snippet:-1","max-image-preview":"max-image-preview:large","max-video-preview":"max-video-preview:-1"},"canonical":"https:\/\/maxani.nl\/it\/jeuk-bij-honden\/","og_locale":"it_IT","og_type":"article","og_title":"Jeuk bij honden - Maxani Animal Healthcare BV","og_description":"Jeuk is een veelvoorkomend probleem bij honden, maar het kan verschillende oorzaken hebben. Zie hier de mogelijke oorzaken","og_url":"https:\/\/maxani.nl\/it\/jeuk-bij-honden\/","og_site_name":"Maxani Animal Healthcare BV","article_modified_time":"2023-10-17T12:51:11+00:00","og_image":[{"width":600,"height":600,"url":"https:\/\/maxani.nl\/wp-content\/uploads\/2023\/10\/Hond-met-jeuk.png","type":"image\/png"}],"twitter_card":"summary_large_image","twitter_misc":{"Tempo di lettura stimato":"6 minuti"},"schema":{"@context":"https:\/\/schema.org","@graph":[{"@type":"WebPage","@id":"https:\/\/maxani.nl\/jeuk-bij-honden\/","url":"https:\/\/maxani.nl\/jeuk-bij-honden\/","name":"Jeuk bij honden - Maxani Animal Healthcare BV","isPartOf":{"@id":"https:\/\/maxani.nl\/#website"},"primaryImageOfPage":{"@id":"https:\/\/maxani.nl\/jeuk-bij-honden\/#primaryimage"},"image":{"@id":"https:\/\/maxani.nl\/jeuk-bij-honden\/#primaryimage"},"thumbnailUrl":"https:\/\/maxani.nl\/wp-content\/uploads\/2023\/10\/Hond-met-jeuk.png","datePublished":"2023-10-16T12:51:33+00:00","dateModified":"2023-10-17T12:51:11+00:00","description":"Jeuk is een veelvoorkomend probleem bij honden, maar het kan verschillende oorzaken hebben. Zie hier de mogelijke oorzaken","breadcrumb":{"@id":"https:\/\/maxani.nl\/jeuk-bij-honden\/#breadcrumb"},"inLanguage":"it-IT","potentialAction":[{"@type":"ReadAction","target":["https:\/\/maxani.nl\/jeuk-bij-honden\/"]}]},{"@type":"ImageObject","inLanguage":"it-IT","@id":"https:\/\/maxani.nl\/jeuk-bij-honden\/#primaryimage","url":"https:\/\/maxani.nl\/wp-content\/uploads\/2023\/10\/Hond-met-jeuk.png","contentUrl":"https:\/\/maxani.nl\/wp-content\/uploads\/2023\/10\/Hond-met-jeuk.png","width":600,"height":600,"caption":"Jeuk bij hond"},{"@type":"BreadcrumbList","@id":"https:\/\/maxani.nl\/jeuk-bij-honden\/#breadcrumb","itemListElement":[{"@type":"ListItem","position":1,"name":"Home","item":"https:\/\/maxani.nl\/"},{"@type":"ListItem","position":2,"name":"Jeuk bij honden"}]},{"@type":"WebSite","@id":"https:\/\/maxani.nl\/#website","url":"https:\/\/maxani.nl\/","name":"Maxani Animal Healthcare BV","description":"Il vostro partner in dermatologia veterinaria","potentialAction":[{"@type":"SearchAction","target":{"@type":"EntryPoint","urlTemplate":"https:\/\/maxani.nl\/?s={search_term_string}"},"query-input":{"@type":"PropertyValueSpecification","valueRequired":true,"valueName":"search_term_string"}}],"inLanguage":"it-IT"}]}},"jetpack_sharing_enabled":true,"_links":{"self":[{"href":"https:\/\/maxani.nl\/it\/wp-json\/wp\/v2\/pages\/13179","targetHints":{"allow":["GET"]}}],"collection":[{"href":"https:\/\/maxani.nl\/it\/wp-json\/wp\/v2\/pages"}],"about":[{"href":"https:\/\/maxani.nl\/it\/wp-json\/wp\/v2\/types\/page"}],"author":[{"embeddable":true,"href":"https:\/\/maxani.nl\/it\/wp-json\/wp\/v2\/users\/1"}],"replies":[{"embeddable":true,"href":"https:\/\/maxani.nl\/it\/wp-json\/wp\/v2\/comments?post=13179"}],"version-history":[{"count":13,"href":"https:\/\/maxani.nl\/it\/wp-json\/wp\/v2\/pages\/13179\/revisions"}],"predecessor-version":[{"id":13216,"href":"https:\/\/maxani.nl\/it\/wp-json\/wp\/v2\/pages\/13179\/revisions\/13216"}],"wp:featuredmedia":[{"embeddable":true,"href":"https:\/\/maxani.nl\/it\/wp-json\/wp\/v2\/media\/13186"}],"wp:attachment":[{"href":"https:\/\/maxani.nl\/it\/wp-json\/wp\/v2\/media?parent=13179"}],"curies":[{"name":"wp","href":"https:\/\/api.w.org\/{rel}","templated":true}]}}