{"id":12564,"date":"2023-07-16T12:32:25","date_gmt":"2023-07-16T12:32:25","guid":{"rendered":"https:\/\/maxani.nl\/?page_id=12564"},"modified":"2023-07-16T13:19:07","modified_gmt":"2023-07-16T13:19:07","slug":"pootjes","status":"publish","type":"page","link":"https:\/\/maxani.nl\/it\/pootjes\/","title":{"rendered":"Pootjes"},"content":{"rendered":"<section class=\"section\" id=\"section_1646101415\">\n\t\t<div class=\"section-bg fill\" >\n\t\t\t<img loading=\"lazy\" decoding=\"async\" width=\"1718\" height=\"2560\" src=\"https:\/\/maxani.nl\/wp-content\/uploads\/2023\/07\/Achtergrond-voor-website-Maxani2-scaled.jpg\" class=\"bg attachment-original size-original\" alt=\"\" \/>\t\t\t\t\t\t\n\t\t\t\n\t<div class=\"is-border\"\n\t\tstyle=\"border-color:rgb(235, 235, 235);border-width:1px 0px 0px 0px;\">\n\t<\/div>\n\n\t\t<\/div>\n\n\t\t\n\n\t\t<div class=\"section-content relative\">\n\t\t\t\n\n<div class=\"row\"  id=\"row-1476682841\">\n\n\n\t<div id=\"col-1058026378\" class=\"col medium-6 small-12 large-6\"  >\n\t\t\t\t<div class=\"col-inner\"  >\n\t\t\t\n\t\t\t\n\n<div class=\"pp-heading  pp-center\">\n<div class=\"pp-heading  pp-center\">\n<h1 class=\"heading-title\"><span class=\"title-text pp-primary-title\">Palle da footbruiser<\/span><\/h1>\n<\/div>\n<div class=\"pp-sub-heading\">\n<p>Le palline spray per piedi possono essere utilizzate come pediluvio purificante per pulire la pelle interessata delle zampe o delle suole. Ad esempio, in caso di lievi infezioni tra le dita dei piedi, cuticole infiammate, unghie strappate o spezzate e lievi irritazioni di suole e zampe. In caso di infiammazioni, ad esempio dovute a peli d'erba, le palline effervescenti possono essere d'aiuto, oltre a eventuali farmaci, anche per bagnare e pulire la zampa. Le palline premurose Foot Bruis sono un ottimo sostituto dei bagni con soda o Biotex. La combinazione unica di pulizia, condizionamento e idratazione contribuisce a una guarigione prospera.<\/p>\n<div class=\"pp-heading  pp-left\">\n<p class=\"heading-title\"><span class=\"title-text pp-primary-title\"><strong>Operazione:<\/strong> <\/span>La camomilla e la calendula hanno effetti antinfiammatori, nutrienti e lenitivi. L'effetto purificante del sale del Mar Morto allevia le irritazioni e le eruzioni cutanee. Il sale stimola inoltre la circolazione sanguigna, consentendo alla pelle di assorbire pi\u00f9 sostanze nutritive e ossigeno. Il bicarbonato di sodio rompe le proteine, eliminando i batteri e impedendo a quelli nuovi di attaccarsi. La vitamina E \u00e8 un antiossidante che rafforza la barriera cutanea e protegge dai danni alla pelle. L'equilibrio di idratazione della pelle \u00e8 mantenuto grazie all'aggiunta di olio di soia.<\/p>\n<\/div>\n<div class=\"pp-sub-heading\">\n<div class=\"fl-col fl-node-5daece82de943 fl-col-small\" data-node=\"5daece82de943\">\n<div class=\"fl-col-content fl-node-content\">\n<div class=\"fl-module fl-module-pp-heading fl-node-5daecc507c1b2\" data-node=\"5daecc507c1b2\">\n<div class=\"fl-module-content fl-node-content\">\n<div class=\"pp-heading-content\">\n<div class=\"pp-heading  pp-left\">\n<p class=\"heading-title\"><span class=\"title-text pp-primary-title\"><strong>Utilizzo:<\/strong> <\/span>Sciogliere 1 pallina in 1 o 2 litri di acqua tiepida. Immergere la zampa nel bagno per 5-10 minuti una o due volte al giorno. Quindi asciugare la zampa con un asciugamano pulito. Le palline per le contusioni ai piedi possono essere utilizzate con la frequenza e la durata necessarie.\u00a0<\/p>\n<\/div>\n<\/div>\n<\/div>\n<\/div>\n<\/div>\n<\/div>\n<div class=\"fl-col fl-node-5daeceb36fb02\" data-node=\"5daeceb36fb02\">\n<div class=\"fl-col-content fl-node-content\">\n<div class=\"fl-module fl-module-pp-heading fl-node-5daeceb36fa6b\" data-node=\"5daeceb36fa6b\">\n<div class=\"fl-module-content fl-node-content\">\n<div class=\"pp-heading-content\">\n<div class=\"pp-heading  pp-left\">\n<h3 class=\"heading-title\"><span class=\"title-text pp-primary-title\">Vitamina E<\/span><\/h3>\n<\/div>\n<div class=\"pp-sub-heading\">\n<p>La vitamina E \u00e8 contenuta in diversi prodotti Maxani perch\u00e9 svolge un ruolo importante nella protezione della pelle dagli agenti esterni. La vitamina E non pu\u00f2 essere prodotta dal corpo stesso ed \u00e8 quindi un'aggiunta essenziale ai prodotti. La vitamina E \u00e8 un antiossidante e, come la vitamina C e la vitamina B2, protegge il corpo dai radicali liberi. I radicali liberi sono sostanze aggressive che possono danneggiare i tessuti e le cellule. Possono essere creati da influenze esterne dannose. Un eccesso di radicali liberi nell'organismo pu\u00f2 causare l'interruzione di tutti i processi corporei. La vitamina E contribuisce a creare una forte barriera cutanea, per cui le zampe sono meno vulnerabili dopo il trattamento con le Foot Bruising Balls.\u00a0<\/p>\n<\/div>\n<\/div>\n<\/div>\n<\/div>\n<\/div>\n<\/div>\n<\/div>\n<\/div>\n<\/div>\n\n\t\t<\/div>\n\t\t\t\t\t<\/div>\n\n\t\n\n\t<div id=\"col-314720244\" class=\"col medium-1 small-12 large-1\"  >\n\t\t\t\t<div class=\"col-inner\"  >\n\t\t\t\n\t\t\t\n\n\n\t\t<\/div>\n\t\t\t\t\t<\/div>\n\n\t\n\n\t<div id=\"col-1253492808\" class=\"col medium-5 small-12 large-5\"  >\n\t\t\t\t<div class=\"col-inner\"  >\n\t\t\t\n\t\t\t\n\n\t<div class=\"img has-hover x md-x lg-x y md-y lg-y\" id=\"image_1952224218\">\n\t\t\t\t\t\t\t\t<div class=\"img-inner dark\" >\n\t\t\t<img loading=\"lazy\" decoding=\"async\" width=\"800\" height=\"800\" src=\"https:\/\/maxani.nl\/wp-content\/uploads\/2023\/07\/Maxani-voetbruisballetjes-800x800.png\" class=\"attachment-large size-large\" alt=\"\" srcset=\"https:\/\/maxani.nl\/wp-content\/uploads\/2023\/07\/Maxani-voetbruisballetjes-800x800.png 800w, https:\/\/maxani.nl\/wp-content\/uploads\/2023\/07\/Maxani-voetbruisballetjes-400x400.png 400w, https:\/\/maxani.nl\/wp-content\/uploads\/2023\/07\/Maxani-voetbruisballetjes-280x280.png 280w, https:\/\/maxani.nl\/wp-content\/uploads\/2023\/07\/Maxani-voetbruisballetjes-768x768.png 768w, https:\/\/maxani.nl\/wp-content\/uploads\/2023\/07\/Maxani-voetbruisballetjes-247x247.png 247w, https:\/\/maxani.nl\/wp-content\/uploads\/2023\/07\/Maxani-voetbruisballetjes-510x510.png 510w, https:\/\/maxani.nl\/wp-content\/uploads\/2023\/07\/Maxani-voetbruisballetjes-100x100.png 100w, https:\/\/maxani.nl\/wp-content\/uploads\/2023\/07\/Maxani-voetbruisballetjes.png 1080w\" sizes=\"auto, (max-width: 800px) 100vw, 800px\" \/>\t\t\t\t\t\t\n\t\t\t\t\t<\/div>\n\t\t\t\t\t\t\t\t\n<style>\n#image_1952224218 {\n  width: 100%;\n}\n<\/style>\n\t<\/div>\n\t\n\n\n\t\t<\/div>\n\t\t\t\t\t<\/div>\n\n\t\n\n<\/div>\n\n\t\t<\/div>\n\n\t\t\n<style>\n#section_1646101415 {\n  padding-top: 60px;\n  padding-bottom: 60px;\n  min-height: 300px;\n}\n<\/style>\n\t<\/section>","protected":false},"excerpt":{"rendered":"","protected":false},"author":1,"featured_media":0,"parent":0,"menu_order":0,"comment_status":"closed","ping_status":"closed","template":"page-blank.php","meta":{"footnotes":""},"class_list":["post-12564","page","type-page","status-publish","hentry"],"yoast_head":"<!-- This site is optimized with the Yoast SEO plugin v27.1.1 - https:\/\/yoast.com\/product\/yoast-seo-wordpress\/ -->\n<title>Pootjes - Maxani Animal Healthcare BV<\/title>\n<meta name=\"robots\" content=\"index, follow, max-snippet:-1, max-image-preview:large, max-video-preview:-1\" \/>\n<link rel=\"canonical\" href=\"https:\/\/maxani.nl\/it\/pootjes\/\" \/>\n<meta property=\"og:locale\" content=\"it_IT\" \/>\n<meta property=\"og:type\" content=\"article\" \/>\n<meta property=\"og:title\" content=\"Pootjes - Maxani Animal Healthcare BV\" \/>\n<meta property=\"og:url\" content=\"https:\/\/maxani.nl\/it\/pootjes\/\" \/>\n<meta property=\"og:site_name\" content=\"Maxani Animal Healthcare BV\" \/>\n<meta property=\"article:modified_time\" content=\"2023-07-16T13:19:07+00:00\" \/>\n<meta name=\"twitter:card\" content=\"summary_large_image\" \/>\n<script type=\"application\/ld+json\" class=\"yoast-schema-graph\">{\"@context\":\"https:\/\/schema.org\",\"@graph\":[{\"@type\":\"WebPage\",\"@id\":\"https:\/\/maxani.nl\/pootjes\/\",\"url\":\"https:\/\/maxani.nl\/pootjes\/\",\"name\":\"Pootjes - Maxani Animal Healthcare BV\",\"isPartOf\":{\"@id\":\"https:\/\/maxani.nl\/#website\"},\"datePublished\":\"2023-07-16T12:32:25+00:00\",\"dateModified\":\"2023-07-16T13:19:07+00:00\",\"breadcrumb\":{\"@id\":\"https:\/\/maxani.nl\/pootjes\/#breadcrumb\"},\"inLanguage\":\"it-IT\",\"potentialAction\":[{\"@type\":\"ReadAction\",\"target\":[\"https:\/\/maxani.nl\/pootjes\/\"]}]},{\"@type\":\"BreadcrumbList\",\"@id\":\"https:\/\/maxani.nl\/pootjes\/#breadcrumb\",\"itemListElement\":[{\"@type\":\"ListItem\",\"position\":1,\"name\":\"Home\",\"item\":\"https:\/\/maxani.nl\/\"},{\"@type\":\"ListItem\",\"position\":2,\"name\":\"Pootjes\"}]},{\"@type\":\"WebSite\",\"@id\":\"https:\/\/maxani.nl\/#website\",\"url\":\"https:\/\/maxani.nl\/\",\"name\":\"Maxani Animal Healthcare BV\",\"description\":\"Uw partner in veterinaire dermatologie\",\"potentialAction\":[{\"@type\":\"SearchAction\",\"target\":{\"@type\":\"EntryPoint\",\"urlTemplate\":\"https:\/\/maxani.nl\/?s={search_term_string}\"},\"query-input\":{\"@type\":\"PropertyValueSpecification\",\"valueRequired\":true,\"valueName\":\"search_term_string\"}}],\"inLanguage\":\"it-IT\"}]}<\/script>\n<!-- \/ Yoast SEO plugin. -->","yoast_head_json":{"title":"Pootjes - Maxani Animal Healthcare BV","robots":{"index":"index","follow":"follow","max-snippet":"max-snippet:-1","max-image-preview":"max-image-preview:large","max-video-preview":"max-video-preview:-1"},"canonical":"https:\/\/maxani.nl\/it\/pootjes\/","og_locale":"it_IT","og_type":"article","og_title":"Pootjes - Maxani Animal Healthcare BV","og_url":"https:\/\/maxani.nl\/it\/pootjes\/","og_site_name":"Maxani Animal Healthcare BV","article_modified_time":"2023-07-16T13:19:07+00:00","twitter_card":"summary_large_image","schema":{"@context":"https:\/\/schema.org","@graph":[{"@type":"WebPage","@id":"https:\/\/maxani.nl\/pootjes\/","url":"https:\/\/maxani.nl\/pootjes\/","name":"Pootjes - Maxani Animal Healthcare BV","isPartOf":{"@id":"https:\/\/maxani.nl\/#website"},"datePublished":"2023-07-16T12:32:25+00:00","dateModified":"2023-07-16T13:19:07+00:00","breadcrumb":{"@id":"https:\/\/maxani.nl\/pootjes\/#breadcrumb"},"inLanguage":"it-IT","potentialAction":[{"@type":"ReadAction","target":["https:\/\/maxani.nl\/pootjes\/"]}]},{"@type":"BreadcrumbList","@id":"https:\/\/maxani.nl\/pootjes\/#breadcrumb","itemListElement":[{"@type":"ListItem","position":1,"name":"Home","item":"https:\/\/maxani.nl\/"},{"@type":"ListItem","position":2,"name":"Pootjes"}]},{"@type":"WebSite","@id":"https:\/\/maxani.nl\/#website","url":"https:\/\/maxani.nl\/","name":"Maxani Animal Healthcare BV","description":"Il vostro partner in dermatologia veterinaria","potentialAction":[{"@type":"SearchAction","target":{"@type":"EntryPoint","urlTemplate":"https:\/\/maxani.nl\/?s={search_term_string}"},"query-input":{"@type":"PropertyValueSpecification","valueRequired":true,"valueName":"search_term_string"}}],"inLanguage":"it-IT"}]}},"jetpack_sharing_enabled":true,"_links":{"self":[{"href":"https:\/\/maxani.nl\/it\/wp-json\/wp\/v2\/pages\/12564","targetHints":{"allow":["GET"]}}],"collection":[{"href":"https:\/\/maxani.nl\/it\/wp-json\/wp\/v2\/pages"}],"about":[{"href":"https:\/\/maxani.nl\/it\/wp-json\/wp\/v2\/types\/page"}],"author":[{"embeddable":true,"href":"https:\/\/maxani.nl\/it\/wp-json\/wp\/v2\/users\/1"}],"replies":[{"embeddable":true,"href":"https:\/\/maxani.nl\/it\/wp-json\/wp\/v2\/comments?post=12564"}],"version-history":[{"count":2,"href":"https:\/\/maxani.nl\/it\/wp-json\/wp\/v2\/pages\/12564\/revisions"}],"predecessor-version":[{"id":12594,"href":"https:\/\/maxani.nl\/it\/wp-json\/wp\/v2\/pages\/12564\/revisions\/12594"}],"wp:attachment":[{"href":"https:\/\/maxani.nl\/it\/wp-json\/wp\/v2\/media?parent=12564"}],"curies":[{"name":"wp","href":"https:\/\/api.w.org\/{rel}","templated":true}]}}