{"id":12558,"date":"2023-07-16T12:30:29","date_gmt":"2023-07-16T12:30:29","guid":{"rendered":"https:\/\/maxani.nl\/?page_id=12558"},"modified":"2023-07-16T13:10:52","modified_gmt":"2023-07-16T13:10:52","slug":"wond-en-huidplooi","status":"publish","type":"page","link":"https:\/\/maxani.nl\/it\/wond-en-huidplooi\/","title":{"rendered":"Ferita e piega cutanea"},"content":{"rendered":"<section class=\"section\" id=\"section_362364083\">\n\t\t<div class=\"section-bg fill\" >\n\t\t\t<img loading=\"lazy\" decoding=\"async\" width=\"1718\" height=\"2560\" src=\"https:\/\/maxani.nl\/wp-content\/uploads\/2023\/07\/Achtergrond-voor-website-Maxani2-scaled.jpg\" class=\"bg attachment-original size-original\" alt=\"\" \/>\t\t\t\t\t\t\n\t\t\t\n\t<div class=\"is-border\"\n\t\tstyle=\"border-color:rgb(235, 235, 235);border-width:1px 0px 0px 0px;\">\n\t<\/div>\n\n\t\t<\/div>\n\n\t\t\n\n\t\t<div class=\"section-content relative\">\n\t\t\t\n\n<div class=\"row\"  id=\"row-1281106318\">\n\n\n\t<div id=\"col-1152110138\" class=\"col medium-6 small-12 large-6\"  >\n\t\t\t\t<div class=\"col-inner\"  >\n\t\t\t\n\t\t\t\n\n<div class=\"pp-heading  pp-center\">\n<h1 class=\"heading-title\"><span class=\"title-text pp-primary-title\">Ferita e piega cutanea<\/span><\/h1>\n<\/div>\n<div class=\"pp-sub-heading\">\n<p>La gamma Maxani per la cura delle ferite e delle pieghe cutanee \u00e8 composta da prodotti detergenti, antibatterici e lenitivi. Tutti i prodotti sono arricchiti con glicerina, una sostanza che fornisce idratazione e un ambiente umido alla ferita, accelerandone la guarigione. La guarigione in un ambiente umido stimola la proliferazione dei fibroblasti, che compongono gli elementi della nuova matrice extracellulare della pelle (collagene e fibre) per consentire la guarigione della ferita.\u00a0<\/p>\n<\/div>\n\n\t\t<\/div>\n\t\t\t\t\t<\/div>\n\n\t\n\n\t<div id=\"col-533566619\" class=\"col medium-6 small-12 large-6\"  >\n\t\t\t\t<div class=\"col-inner\"  >\n\t\t\t\n\t\t\t\n\n\n\t\t<\/div>\n\t\t\t\t\t<\/div>\n\n\t\n\n<\/div>\n<div class=\"text-center\"><div class=\"is-divider divider clearfix\" style=\"max-width:1100px;height:2px;\"><\/div><\/div>\n\n\t<div id=\"gap-527435141\" class=\"gap-element clearfix\" style=\"display:block; height:auto;\">\n\t\t\n<style>\n#gap-527435141 {\n  padding-top: 20px;\n}\n<\/style>\n\t<\/div>\n\t\n\n<div class=\"row\"  id=\"row-661569054\">\n\n\n\t<div id=\"col-318332134\" class=\"col medium-6 small-12 large-6\"  >\n\t\t\t\t<div class=\"col-inner\"  >\n\t\t\t\n\t\t\t\n\n<div class=\"pp-heading  pp-center\">\n<div class=\"pp-heading  pp-left\">\n<h2 class=\"heading-title\"><span class=\"title-text pp-primary-title\">Salviette alla clorexidina<\/span><\/h2>\n<\/div>\n<div class=\"pp-sub-heading\">\n<p>Le salviette alla clorexidina sono studiate per la pulizia e la cura delle aree difficili da raggiungere, come le pieghe cutanee. Le salviette sono prive di alcol e l'aggiunta di vitamina E, aloe vera e glicerina idrata e cura la pelle.<\/p>\n<p><strong>Utilizzo<\/strong>L'uso dipende dalla condizione, dalla gravit\u00e0 del disturbo e dallo scopo del trattamento. Si consiglia di pulire con le salviette almeno una o due volte al giorno in caso di infezione cutanea. Come mantenimento, le salviette possono essere utilizzate pi\u00f9 volte alla settimana. Strofinare con cura le salviette nelle pieghe della pelle. Non \u00e8 necessario risciacquare e la pelle si asciuga da sola.\u00a0<\/p>\n<p><strong>Caratteristiche principali<\/strong>: L'aloe vera e la vitamina E leniscono la pelle e contribuiscono alla sua capacit\u00e0 rigenerativa. La clorexidina agisce contro un ampio spettro di microrganismi indesiderati. L'acido benzoico ha un'attivit\u00e0 antibatterica, riduce il sebo e ha propriet\u00e0 cheratolitiche e antinfiammatorie.<\/p>\n<\/div>\n<\/div>\n\n\t\t<\/div>\n\t\t\t\t\t<\/div>\n\n\t\n\n\t<div id=\"col-800948519\" class=\"col medium-1 small-12 large-1\"  >\n\t\t\t\t<div class=\"col-inner\"  >\n\t\t\t\n\t\t\t\n\n\n\t\t<\/div>\n\t\t\t\t\t<\/div>\n\n\t\n\n\t<div id=\"col-468248248\" class=\"col medium-5 small-12 large-5\"  >\n\t\t\t\t<div class=\"col-inner\"  >\n\t\t\t\n\t\t\t\n\n\t<div class=\"img has-hover x md-x lg-x y md-y lg-y\" id=\"image_624835315\">\n\t\t\t\t\t\t\t\t<div class=\"img-inner dark\" >\n\t\t\t<img loading=\"lazy\" decoding=\"async\" width=\"800\" height=\"800\" src=\"https:\/\/maxani.nl\/wp-content\/uploads\/2023\/07\/Maxani-chloorhexidine-wipes-800x800.png\" class=\"attachment-large size-large\" alt=\"\" srcset=\"https:\/\/maxani.nl\/wp-content\/uploads\/2023\/07\/Maxani-chloorhexidine-wipes-800x800.png 800w, https:\/\/maxani.nl\/wp-content\/uploads\/2023\/07\/Maxani-chloorhexidine-wipes-400x400.png 400w, https:\/\/maxani.nl\/wp-content\/uploads\/2023\/07\/Maxani-chloorhexidine-wipes-280x280.png 280w, https:\/\/maxani.nl\/wp-content\/uploads\/2023\/07\/Maxani-chloorhexidine-wipes-768x768.png 768w, https:\/\/maxani.nl\/wp-content\/uploads\/2023\/07\/Maxani-chloorhexidine-wipes-247x247.png 247w, https:\/\/maxani.nl\/wp-content\/uploads\/2023\/07\/Maxani-chloorhexidine-wipes-510x510.png 510w, https:\/\/maxani.nl\/wp-content\/uploads\/2023\/07\/Maxani-chloorhexidine-wipes-100x100.png 100w, https:\/\/maxani.nl\/wp-content\/uploads\/2023\/07\/Maxani-chloorhexidine-wipes.png 1080w\" sizes=\"auto, (max-width: 800px) 100vw, 800px\" \/>\t\t\t\t\t\t\n\t\t\t\t\t<\/div>\n\t\t\t\t\t\t\t\t\n<style>\n#image_624835315 {\n  width: 100%;\n}\n<\/style>\n\t<\/div>\n\t\n\n\n\t\t<\/div>\n\t\t\t\t\t<\/div>\n\n\t\n\n<\/div>\n<div class=\"text-center\"><div class=\"is-divider divider clearfix\" style=\"max-width:1100px;height:2px;\"><\/div><\/div>\n\n\t<div id=\"gap-1067734390\" class=\"gap-element clearfix\" style=\"display:block; height:auto;\">\n\t\t\n<style>\n#gap-1067734390 {\n  padding-top: 20px;\n}\n<\/style>\n\t<\/div>\n\t\n\n<div class=\"row\"  id=\"row-815709609\">\n\n\n\t<div id=\"col-2031354293\" class=\"col medium-6 small-12 large-6\"  >\n\t\t\t\t<div class=\"col-inner\"  >\n\t\t\t\n\t\t\t\n\n<div class=\"pp-heading  pp-center\">\n<div class=\"pp-heading  pp-left\">\n<div class=\"pp-heading  pp-left\">\n<h2 class=\"heading-title\"><span class=\"title-text pp-primary-title\">Spray detergente<\/span><\/h2>\n<\/div>\n<div class=\"pp-sub-heading\">\n<p>Lo spray detergente pulisce e risciacqua la pelle e\/o la ferita, favorendo la capacit\u00e0 di guarigione della pelle. Detriti, proteine e grassi vengono sciolti e la pelle circostante viene curata e protetta. Lo sporco e i microrganismi vengono lavati via.<\/p>\n<p><strong>Utilizzo<\/strong>Spruzzare il detergente spray da 2 a 3 volte al giorno sulla zona da pulire, quindi attendere 5 minuti e, se necessario, applicare il gel al miele Maxani contro la pelle sensibile e\/o irritata o per una maggiore guarigione della ferita in caso di prurito lieve. Solo per uso esterno.<\/p>\n<p><strong>Caratteristiche principali<\/strong>: La clorexidina \u00e8 un bisbiguanide con attivit\u00e0 antimicrobica contro alcuni tipi di batteri e funghi. Abbassa l'acidit\u00e0 e danneggia la parete cellulare di questi microrganismi. La clorexidina svolge anche una leggera azione antisettica, prevenendo la contaminazione. Lo spray scioglie detriti, proteine e grassi e condiziona la pelle circostante.\u00a0<\/p>\n<\/div>\n<\/div>\n<\/div>\n\n\t\t<\/div>\n\t\t\t\t\t<\/div>\n\n\t\n\n\t<div id=\"col-190117363\" class=\"col medium-1 small-12 large-1\"  >\n\t\t\t\t<div class=\"col-inner\"  >\n\t\t\t\n\t\t\t\n\n\n\t\t<\/div>\n\t\t\t\t\t<\/div>\n\n\t\n\n\t<div id=\"col-1960460393\" class=\"col medium-5 small-12 large-5\"  >\n\t\t\t\t<div class=\"col-inner\"  >\n\t\t\t\n\t\t\t\n\n\t<div class=\"img has-hover x md-x lg-x y md-y lg-y\" id=\"image_548305534\">\n\t\t\t\t\t\t\t\t<div class=\"img-inner dark\" >\n\t\t\t<img loading=\"lazy\" decoding=\"async\" width=\"800\" height=\"800\" src=\"https:\/\/maxani.nl\/wp-content\/uploads\/2023\/07\/Maxani-cleanser-spray-250-ml-800x800.png\" class=\"attachment-large size-large\" alt=\"\" srcset=\"https:\/\/maxani.nl\/wp-content\/uploads\/2023\/07\/Maxani-cleanser-spray-250-ml-800x800.png 800w, https:\/\/maxani.nl\/wp-content\/uploads\/2023\/07\/Maxani-cleanser-spray-250-ml-400x400.png 400w, https:\/\/maxani.nl\/wp-content\/uploads\/2023\/07\/Maxani-cleanser-spray-250-ml-280x280.png 280w, https:\/\/maxani.nl\/wp-content\/uploads\/2023\/07\/Maxani-cleanser-spray-250-ml-768x768.png 768w, https:\/\/maxani.nl\/wp-content\/uploads\/2023\/07\/Maxani-cleanser-spray-250-ml-247x247.png 247w, https:\/\/maxani.nl\/wp-content\/uploads\/2023\/07\/Maxani-cleanser-spray-250-ml-510x510.png 510w, https:\/\/maxani.nl\/wp-content\/uploads\/2023\/07\/Maxani-cleanser-spray-250-ml-100x100.png 100w, https:\/\/maxani.nl\/wp-content\/uploads\/2023\/07\/Maxani-cleanser-spray-250-ml.png 1080w\" sizes=\"auto, (max-width: 800px) 100vw, 800px\" \/>\t\t\t\t\t\t\n\t\t\t\t\t<\/div>\n\t\t\t\t\t\t\t\t\n<style>\n#image_548305534 {\n  width: 100%;\n}\n<\/style>\n\t<\/div>\n\t\n\n\n\t\t<\/div>\n\t\t\t\t\t<\/div>\n\n\t\n\n<\/div>\n<div class=\"text-center\"><div class=\"is-divider divider clearfix\" style=\"max-width:1100px;height:2px;\"><\/div><\/div>\n\n\t<div id=\"gap-740587638\" class=\"gap-element clearfix\" style=\"display:block; height:auto;\">\n\t\t\n<style>\n#gap-740587638 {\n  padding-top: 20px;\n}\n<\/style>\n\t<\/div>\n\t\n\n<div class=\"row\"  id=\"row-994569553\">\n\n\n\t<div id=\"col-556616398\" class=\"col medium-6 small-12 large-6\"  >\n\t\t\t\t<div class=\"col-inner\"  >\n\t\t\t\n\t\t\t\n\n<div class=\"pp-heading  pp-center\">\n<div class=\"pp-heading  pp-left\">\n<div class=\"pp-heading  pp-left\">\n<div class=\"pp-heading  pp-left\">\n<h2 class=\"heading-title\"><span class=\"title-text pp-primary-title\">Gel al miele<\/span><\/h2>\n<\/div>\n<div class=\"pp-sub-heading\">\n<p>Il Gel al miele contiene 45% di miele puro e ha propriet\u00e0 antibatteriche e lenitive. Si usa per trattare la pelle danneggiata o ruvida. Il gel di miele \u00e8 un prodotto naturale e favorisce la capacit\u00e0 di guarigione della pelle.<\/p>\n<p><strong>Utilizzo<\/strong>: Applicare uno strato sottile sulla pelle interessata una o due volte al giorno e coprire con un bendaggio se necessario. Il gel aderisce bene alle ferite sia asciutte che umide. Se si utilizza una medicazione, il gel al miele e la medicazione devono essere cambiati ogni 24-48 ore. Lo spray detergente \u00e8 adatto per rimuovere i residui di gel al miele.<\/p>\n<p><strong>Caratteristiche principali<\/strong>: Il miele di montagna ozonizzato puro 45% ha propriet\u00e0 antibatteriche, antinfiammatorie e di promozione della granulazione dei tessuti. Il miele contiene l'enzima glucosio ossidasi. Una volta entrato in contatto con l'umidit\u00e0, converte il glucosio in perossido di idrogeno e acido gluconico. Il perossido di idrogeno \u00e8 letale per i batteri. L'acido gluconico crea un ambiente acido che non piace ai batteri e ai potenziali agenti patogeni. Il miele agisce anche come antiossidante e rimuove i radicali liberi. Il miele, combinato con la glicerina, crea un ambiente umido nella ferita, stimolando la crescita e la migrazione di nuove cellule. Un ambiente umido impedisce inoltre la formazione di croste e mantiene la ferita elastica.\u00a0<\/p>\n<\/div>\n<\/div>\n<\/div>\n<\/div>\n\n\t\t<\/div>\n\t\t\t\t\t<\/div>\n\n\t\n\n\t<div id=\"col-952948521\" class=\"col medium-1 small-12 large-1\"  >\n\t\t\t\t<div class=\"col-inner\"  >\n\t\t\t\n\t\t\t\n\n\n\t\t<\/div>\n\t\t\t\t\t<\/div>\n\n\t\n\n\t<div id=\"col-1850018278\" class=\"col medium-5 small-12 large-5\"  >\n\t\t\t\t<div class=\"col-inner\"  >\n\t\t\t\n\t\t\t\n\n\t<div class=\"img has-hover x md-x lg-x y md-y lg-y\" id=\"image_1482265104\">\n\t\t\t\t\t\t\t\t<div class=\"img-inner dark\" >\n\t\t\t<img loading=\"lazy\" decoding=\"async\" width=\"800\" height=\"800\" src=\"https:\/\/maxani.nl\/wp-content\/uploads\/2023\/07\/Maxani-Honey-O3-gel-50-ml-1-800x800.png\" class=\"attachment-large size-large\" alt=\"\" srcset=\"https:\/\/maxani.nl\/wp-content\/uploads\/2023\/07\/Maxani-Honey-O3-gel-50-ml-1-800x800.png 800w, https:\/\/maxani.nl\/wp-content\/uploads\/2023\/07\/Maxani-Honey-O3-gel-50-ml-1-400x400.png 400w, https:\/\/maxani.nl\/wp-content\/uploads\/2023\/07\/Maxani-Honey-O3-gel-50-ml-1-280x280.png 280w, https:\/\/maxani.nl\/wp-content\/uploads\/2023\/07\/Maxani-Honey-O3-gel-50-ml-1-768x768.png 768w, https:\/\/maxani.nl\/wp-content\/uploads\/2023\/07\/Maxani-Honey-O3-gel-50-ml-1-247x247.png 247w, https:\/\/maxani.nl\/wp-content\/uploads\/2023\/07\/Maxani-Honey-O3-gel-50-ml-1-510x510.png 510w, https:\/\/maxani.nl\/wp-content\/uploads\/2023\/07\/Maxani-Honey-O3-gel-50-ml-1-100x100.png 100w, https:\/\/maxani.nl\/wp-content\/uploads\/2023\/07\/Maxani-Honey-O3-gel-50-ml-1.png 1080w\" sizes=\"auto, (max-width: 800px) 100vw, 800px\" \/>\t\t\t\t\t\t\n\t\t\t\t\t<\/div>\n\t\t\t\t\t\t\t\t\n<style>\n#image_1482265104 {\n  width: 100%;\n}\n<\/style>\n\t<\/div>\n\t\n\n\n\t\t<\/div>\n\t\t\t\t\t<\/div>\n\n\t\n\n<\/div>\n\n\t\t<\/div>\n\n\t\t\n<style>\n#section_362364083 {\n  padding-top: 60px;\n  padding-bottom: 60px;\n  min-height: 300px;\n}\n<\/style>\n\t<\/section>","protected":false},"excerpt":{"rendered":"","protected":false},"author":1,"featured_media":0,"parent":0,"menu_order":0,"comment_status":"closed","ping_status":"closed","template":"page-blank.php","meta":{"footnotes":""},"class_list":["post-12558","page","type-page","status-publish","hentry"],"yoast_head":"<!-- This site is optimized with the Yoast SEO plugin v27.1.1 - https:\/\/yoast.com\/product\/yoast-seo-wordpress\/ -->\n<title>Wond en huidplooi - Maxani Animal Healthcare BV<\/title>\n<meta name=\"robots\" content=\"index, follow, max-snippet:-1, max-image-preview:large, max-video-preview:-1\" \/>\n<link rel=\"canonical\" href=\"https:\/\/maxani.nl\/it\/wond-en-huidplooi\/\" \/>\n<meta property=\"og:locale\" content=\"it_IT\" \/>\n<meta property=\"og:type\" content=\"article\" \/>\n<meta property=\"og:title\" content=\"Wond en huidplooi - Maxani Animal Healthcare BV\" \/>\n<meta property=\"og:url\" content=\"https:\/\/maxani.nl\/it\/wond-en-huidplooi\/\" \/>\n<meta property=\"og:site_name\" content=\"Maxani Animal Healthcare BV\" \/>\n<meta property=\"article:modified_time\" content=\"2023-07-16T13:10:52+00:00\" \/>\n<meta name=\"twitter:card\" content=\"summary_large_image\" \/>\n<script type=\"application\/ld+json\" class=\"yoast-schema-graph\">{\"@context\":\"https:\/\/schema.org\",\"@graph\":[{\"@type\":\"WebPage\",\"@id\":\"https:\/\/maxani.nl\/wond-en-huidplooi\/\",\"url\":\"https:\/\/maxani.nl\/wond-en-huidplooi\/\",\"name\":\"Wond en huidplooi - Maxani Animal Healthcare BV\",\"isPartOf\":{\"@id\":\"https:\/\/maxani.nl\/#website\"},\"datePublished\":\"2023-07-16T12:30:29+00:00\",\"dateModified\":\"2023-07-16T13:10:52+00:00\",\"breadcrumb\":{\"@id\":\"https:\/\/maxani.nl\/wond-en-huidplooi\/#breadcrumb\"},\"inLanguage\":\"it-IT\",\"potentialAction\":[{\"@type\":\"ReadAction\",\"target\":[\"https:\/\/maxani.nl\/wond-en-huidplooi\/\"]}]},{\"@type\":\"BreadcrumbList\",\"@id\":\"https:\/\/maxani.nl\/wond-en-huidplooi\/#breadcrumb\",\"itemListElement\":[{\"@type\":\"ListItem\",\"position\":1,\"name\":\"Home\",\"item\":\"https:\/\/maxani.nl\/\"},{\"@type\":\"ListItem\",\"position\":2,\"name\":\"Wond en huidplooi\"}]},{\"@type\":\"WebSite\",\"@id\":\"https:\/\/maxani.nl\/#website\",\"url\":\"https:\/\/maxani.nl\/\",\"name\":\"Maxani Animal Healthcare BV\",\"description\":\"Uw partner in veterinaire dermatologie\",\"potentialAction\":[{\"@type\":\"SearchAction\",\"target\":{\"@type\":\"EntryPoint\",\"urlTemplate\":\"https:\/\/maxani.nl\/?s={search_term_string}\"},\"query-input\":{\"@type\":\"PropertyValueSpecification\",\"valueRequired\":true,\"valueName\":\"search_term_string\"}}],\"inLanguage\":\"it-IT\"}]}<\/script>\n<!-- \/ Yoast SEO plugin. -->","yoast_head_json":{"title":"Wond en huidplooi - Maxani Animal Healthcare BV","robots":{"index":"index","follow":"follow","max-snippet":"max-snippet:-1","max-image-preview":"max-image-preview:large","max-video-preview":"max-video-preview:-1"},"canonical":"https:\/\/maxani.nl\/it\/wond-en-huidplooi\/","og_locale":"it_IT","og_type":"article","og_title":"Wond en huidplooi - Maxani Animal Healthcare BV","og_url":"https:\/\/maxani.nl\/it\/wond-en-huidplooi\/","og_site_name":"Maxani Animal Healthcare BV","article_modified_time":"2023-07-16T13:10:52+00:00","twitter_card":"summary_large_image","schema":{"@context":"https:\/\/schema.org","@graph":[{"@type":"WebPage","@id":"https:\/\/maxani.nl\/wond-en-huidplooi\/","url":"https:\/\/maxani.nl\/wond-en-huidplooi\/","name":"Wond en huidplooi - Maxani Animal Healthcare BV","isPartOf":{"@id":"https:\/\/maxani.nl\/#website"},"datePublished":"2023-07-16T12:30:29+00:00","dateModified":"2023-07-16T13:10:52+00:00","breadcrumb":{"@id":"https:\/\/maxani.nl\/wond-en-huidplooi\/#breadcrumb"},"inLanguage":"it-IT","potentialAction":[{"@type":"ReadAction","target":["https:\/\/maxani.nl\/wond-en-huidplooi\/"]}]},{"@type":"BreadcrumbList","@id":"https:\/\/maxani.nl\/wond-en-huidplooi\/#breadcrumb","itemListElement":[{"@type":"ListItem","position":1,"name":"Home","item":"https:\/\/maxani.nl\/"},{"@type":"ListItem","position":2,"name":"Wond en huidplooi"}]},{"@type":"WebSite","@id":"https:\/\/maxani.nl\/#website","url":"https:\/\/maxani.nl\/","name":"Maxani Animal Healthcare BV","description":"Il vostro partner in dermatologia veterinaria","potentialAction":[{"@type":"SearchAction","target":{"@type":"EntryPoint","urlTemplate":"https:\/\/maxani.nl\/?s={search_term_string}"},"query-input":{"@type":"PropertyValueSpecification","valueRequired":true,"valueName":"search_term_string"}}],"inLanguage":"it-IT"}]}},"jetpack_sharing_enabled":true,"_links":{"self":[{"href":"https:\/\/maxani.nl\/it\/wp-json\/wp\/v2\/pages\/12558","targetHints":{"allow":["GET"]}}],"collection":[{"href":"https:\/\/maxani.nl\/it\/wp-json\/wp\/v2\/pages"}],"about":[{"href":"https:\/\/maxani.nl\/it\/wp-json\/wp\/v2\/types\/page"}],"author":[{"embeddable":true,"href":"https:\/\/maxani.nl\/it\/wp-json\/wp\/v2\/users\/1"}],"replies":[{"embeddable":true,"href":"https:\/\/maxani.nl\/it\/wp-json\/wp\/v2\/comments?post=12558"}],"version-history":[{"count":3,"href":"https:\/\/maxani.nl\/it\/wp-json\/wp\/v2\/pages\/12558\/revisions"}],"predecessor-version":[{"id":12589,"href":"https:\/\/maxani.nl\/it\/wp-json\/wp\/v2\/pages\/12558\/revisions\/12589"}],"wp:attachment":[{"href":"https:\/\/maxani.nl\/it\/wp-json\/wp\/v2\/media?parent=12558"}],"curies":[{"name":"wp","href":"https:\/\/api.w.org\/{rel}","templated":true}]}}