{"id":11811,"date":"2023-07-07T17:32:57","date_gmt":"2023-07-07T17:32:57","guid":{"rendered":"https:\/\/maxani.nl\/?page_id=11811"},"modified":"2023-07-13T18:18:32","modified_gmt":"2023-07-13T18:18:32","slug":"wasinstructie","status":"publish","type":"page","link":"https:\/\/maxani.nl\/it\/wasinstructie\/","title":{"rendered":"Istruzioni per il lavaggio"},"content":{"rendered":"<section class=\"section\" id=\"section_679500668\">\n\t\t<div class=\"section-bg fill\" >\n\t\t\t<img loading=\"lazy\" decoding=\"async\" width=\"1718\" height=\"2560\" src=\"https:\/\/maxani.nl\/wp-content\/uploads\/2023\/07\/Achtergrond-voor-website-Maxani2-scaled.jpg\" class=\"bg attachment-original size-original\" alt=\"\" \/>\t\t\t\t\t\t\n\t\t\t\n\t<div class=\"is-border\"\n\t\tstyle=\"border-color:rgb(235, 235, 235);border-width:1px 0px 0px 0px;\">\n\t<\/div>\n\n\t\t<\/div>\n\n\t\t\n\n\t\t<div class=\"section-content relative\">\n\t\t\t\n\n<div class=\"row\"  id=\"row-1443976990\">\n\n\n\t<div id=\"col-1828541280\" class=\"col medium-8 small-12 large-8\"  >\n\t\t\t\t<div class=\"col-inner\"  >\n\t\t\t\n\t\t\t\n\n<div class=\"fl-col-group fl-node-5ee8dd3b1aa43\" data-node=\"5ee8dd3b1aa43\">\n<div class=\"fl-col fl-node-5ee8dd3b1aa97\" data-node=\"5ee8dd3b1aa97\">\n<div class=\"fl-col-content fl-node-content\">\n<div class=\"fl-module fl-module-heading fl-node-5ee8dd3b1aa10\" data-node=\"5ee8dd3b1aa10\">\n<div class=\"fl-module-content fl-node-content\">\n<h1 class=\"fl-heading\"><span class=\"fl-heading-text\">Istruzioni per il lavaggio<\/span><\/h1>\n<\/div>\n<\/div>\n<\/div>\n<\/div>\n<\/div>\n<div class=\"fl-col-group fl-node-5ee8d35d753f2\" data-node=\"5ee8d35d753f2\">\n<div class=\"fl-col fl-node-5ee8d35d7544c\" data-node=\"5ee8d35d7544c\">\n<div class=\"fl-col-content fl-node-content\">\n<div class=\"fl-module fl-module-heading fl-node-5ee8d35d7473c\" data-node=\"5ee8d35d7473c\">\n<div class=\"fl-module-content fl-node-content\">\n<h3 class=\"fl-heading\"><span class=\"fl-heading-text\">Come si fa a lavare nel modo giusto?<\/span><\/h3>\n<\/div>\n<\/div>\n<div class=\"fl-module fl-module-rich-text fl-node-5ee8d3ee5c685\" data-node=\"5ee8d3ee5c685\">\n<div class=\"fl-module-content fl-node-content\">\n<div class=\"fl-rich-text\">\n<p>Lo shampoo cutaneo ha propriet\u00e0 detergenti e terapeutiche. Per ottenere risultati ottimali, lo shampoo cutaneo deve essere utilizzato due volte. La prima volta per l'effetto detergente all'inizio di un trattamento o se l'animale \u00e8 molto sporco. La seconda volta subito dopo, con un tempo di ammollo di 10 minuti, per ripristinare la barriera cutanea, portare l'umidit\u00e0 nella pelle, rimediare alle infezioni cutanee e\/o sopprimere il prurito. Per un lavaggio ordinario, senza che l'animale abbia problemi di pelle, \u00e8 sufficiente un solo lavaggio, a meno che il cane non sia molto sporco.<\/p>\n<\/div>\n<\/div>\n<\/div>\n<div class=\"fl-module fl-module-heading fl-node-5ee8d4d654f2e\" data-node=\"5ee8d4d654f2e\">\n<div class=\"fl-module-content fl-node-content\">\n<h3 class=\"fl-heading\"><span class=\"fl-heading-text\">Consigli per un'esperienza di lavaggio piacevole:<\/span><\/h3>\n<\/div>\n<\/div>\n<div class=\"fl-module fl-module-rich-text fl-node-5ee8d4f0992b0\" data-node=\"5ee8d4f0992b0\">\n<div class=\"fl-module-content fl-node-content\">\n<div class=\"fl-rich-text\">\n<ul>\n<li>Iniziare fin da piccoli con un'acclimatazione positiva al lavaggio.<\/li>\n<li>Assicuratevi di essere rilassati.<\/li>\n<li>Spazzolare il pelo prima di ogni lavaggio.<\/li>\n<li>Il vostro cane non \u00e8 mai stato lavato prima? Per prima cosa abituate il cane all'area di lavaggio senza lavarlo effettivamente con l'acqua e premiatelo con affetto, giocando o dandogli dei bocconcini.<\/li>\n<li>Innanzitutto, lasciate che il cane si abitui all'acqua utilizzando una flanella o una spugna. Solo in seguito fatelo abituare al suono del soffione. Se il cane trova spaventoso il getto d'acqua, utilizzate una spugna e sciacquate versando l'acqua sull'animale (con un secchio o con la doccia).\u00a0<span style=\"text-decoration: underline;\"><a href=\"https:\/\/maxani.nl\/it\/mengfles\/\">flacone per shampoo di Maxani).<\/a><\/span><\/li>\n<li>Se il cane mostra paura o una reazione di spavento, non dategli affetto o conforto! In questo modo, infatti, il cane ha la conferma che il lavaggio \u00e8 davvero un evento spaventoso. Cercate di non reagire e di mantenere la calma. Piuttosto, distraete il cane giocando o dandogli qualcosa di carino. \u00a0<\/li>\n<li>Offrite al vostro cane un gustoso spuntino con, ad esempio, il Lickimat<sup>TM<\/sup>\u00a0Spruzzare o tramite un Kong contenente salsiccia congelata.<\/li>\n<li>Assicuratevi che l'animale non possa scivolare e, se necessario, utilizzate un tappetino di gomma o un asciugamano.<\/li>\n<\/ul>\n<\/div>\n<\/div>\n<\/div>\n<div class=\"fl-module fl-module-heading fl-node-5ee8d5ab9d640\" data-node=\"5ee8d5ab9d640\">\n<div class=\"fl-module-content fl-node-content\">\n<h3 class=\"fl-heading\"><span class=\"fl-heading-text\">Il lavaggio \u00e8 possibile in diversi luoghi e forme<\/span><\/h3>\n<\/div>\n<\/div>\n<div class=\"fl-module fl-module-rich-text fl-node-5ee8d5dc19c95\" data-node=\"5ee8d5dc19c95\">\n<div class=\"fl-module-content fl-node-content\">\n<div class=\"fl-rich-text\">\n<p>Quando fa caldo, \u00e8 facile lavare il cane all'aperto. Quando fa pi\u00f9 freddo, \u00e8 meglio lavarlo nella vasca da bagno o nella doccia. Se non \u00e8 possibile lavare il cane a casa, esistono negozi speciali per animali che dispongono di un lavaggio per cani dove \u00e8 possibile lavare il cane da soli. Se non riuscite a lavare il cane, ad esempio perch\u00e9 \u00e8 molto spaventato, potete farlo lavare da un toelettatore professionista.<\/p>\n<\/div>\n<\/div>\n<\/div>\n<div class=\"fl-module fl-module-heading fl-node-5ee8d60c3e516\" data-node=\"5ee8d60c3e516\">\n<div class=\"fl-module-content fl-node-content\">\n<h3 class=\"fl-heading\"><span class=\"fl-heading-text\">Con quale frequenza lavare?<\/span><\/h3>\n<\/div>\n<\/div>\n<div class=\"fl-module fl-module-rich-text fl-node-5ee8d631cf60b\" data-node=\"5ee8d631cf60b\">\n<div class=\"fl-module-content fl-node-content\">\n<div class=\"fl-rich-text\">\n<p>I cani con la pelle sana devono essere lavati solo se sono sporchi e\/o maleodoranti. \u00c8 inoltre consigliabile abituare i cuccioli a lavarsi fin da piccoli. I cani con problemi di pelle devono essere lavati pi\u00f9 spesso e regolarmente con lo shampoo giusto. La frequenza dipende dalla condizione, dalla gravit\u00e0 del disturbo e dallo scopo del trattamento. Per i problemi cutanei pi\u00f9 gravi, gli shampoo possono essere utilizzati ogni giorno. Ralph Mueller (dermatologo) sottolinea che \u00e8 risaputo che l'effetto di uno shampoo cutaneo dura al massimo 2 o 3 giorni. Seguite sempre i consigli del vostro veterinario. Per gli animali con problemi di pelle, quando si inizia il trattamento, si consiglia in genere di utilizzare lo shampoo speciale per la pelle almeno tre volte alla settimana per 2 o 3 settimane. Poi, in consultazione con il veterinario, si discute come e quando ridurre gradualmente la terapia con lo shampoo, passando a una frequenza di mantenimento di solito una volta alla settimana. \u00a0<\/p>\n<\/div>\n<\/div>\n<\/div>\n<\/div>\n<\/div>\n<\/div>\n\n\t\t<\/div>\n\t\t\t\t\t<\/div>\n\n\t\n\n\t<div id=\"col-1589147324\" class=\"col medium-4 small-12 large-4\"  >\n\t\t\t\t<div class=\"col-inner\"  >\n\t\t\t\n\t\t\t\n\n\n\t\t<\/div>\n\t\t\t\t\t<\/div>\n\n\t\n\n<\/div>\n<div class=\"row\"  id=\"row-1060682175\">\n\n\n\t<div id=\"col-19905268\" class=\"col small-12 large-12\"  >\n\t\t\t\t<div class=\"col-inner\"  >\n\t\t\t\n\t\t\t\n\n<div class=\"text-center\"><div class=\"is-divider divider clearfix\" style=\"max-width:1080px;height:2px;\"><\/div><\/div>\n\n\n\t\t<\/div>\n\t\t\t\t\t<\/div>\n\n\t\n\n<\/div>\n<div class=\"row\"  id=\"row-1261647813\">\n\n\n\t<div id=\"col-1128020083\" class=\"col medium-8 small-12 large-8\"  >\n\t\t\t\t<div class=\"col-inner\"  >\n\t\t\t\n\t\t\t\n\n<div class=\"fl-col-group fl-node-5ee8dd3b1aa43\" data-node=\"5ee8dd3b1aa43\">\n<div class=\"fl-col fl-node-5ee8dd3b1aa97\" data-node=\"5ee8dd3b1aa97\">\n<div class=\"fl-col-content fl-node-content\">\n<div class=\"fl-module fl-module-heading fl-node-5ee8dd3b1aa10\" data-node=\"5ee8dd3b1aa10\">\n<div class=\"fl-module-content fl-node-content\">\n<div class=\"pp-heading  pp-center\">\n<h1 class=\"heading-title\"><span class=\"title-text pp-primary-title\">Lavaggio<\/span><\/h1>\n<\/div>\n<div class=\"pp-sub-heading\">\n<p>Per molti proprietari di animali e veterinari, lavare gli animali \u00e8 una sfida. Per il bene dell'animale e della terapia dello shampoo, Maxani \u00e8 lieta di fornire maggiori informazioni su come lavare al meglio gli animali e su come funziona la terapia dello shampoo. Nel video qui sotto, mostriamo come si svolge un lavaggio. Avete domande sul lavaggio o sugli shampoo cutanei Maxani?<\/p>\n<\/div>\n<\/div>\n<\/div>\n<\/div>\n<\/div>\n<\/div>\n<a href=\"https:\/\/maxani.nl\/it\/wassen\/\" class=\"button primary\" >\n\t\t<span>Guarda il video delle istruzioni di lavaggio<\/span>\n\t<\/a>\n\n\n<a href=\"https:\/\/maxani.nl\/it\/contact\/\" class=\"button primary is-outline\" >\n\t\t<span>Contattateci<\/span>\n\t<\/a>\n\n\n\n\t\t<\/div>\n\t\t\t\t\t<\/div>\n\n\t\n\n\t<div id=\"col-2106611428\" class=\"col medium-4 small-12 large-4\"  >\n\t\t\t\t<div class=\"col-inner\"  >\n\t\t\t\n\t\t\t\n\n\n\t\t<\/div>\n\t\t\t\t\t<\/div>\n\n\t\n\n<\/div>\n<div class=\"row\"  id=\"row-534729557\">\n\n\n\t<div id=\"col-891021163\" class=\"col medium-8 small-12 large-8\"  >\n\t\t\t\t<div class=\"col-inner\"  >\n\t\t\t\n\t\t\t\n\n<div class=\"fl-col-group fl-node-5ee8dd3b1aa43\" data-node=\"5ee8dd3b1aa43\">\n<div class=\"fl-col fl-node-5ee8dd3b1aa97\" data-node=\"5ee8dd3b1aa97\">\n<div class=\"fl-col-content fl-node-content\">\n<div class=\"fl-module fl-module-heading fl-node-5ee8dd3b1aa10\" data-node=\"5ee8dd3b1aa10\">\n<div class=\"fl-module-content fl-node-content\">\n<div class=\"pp-heading  pp-center\">\n<div class=\"fl-module fl-module-heading fl-node-5ee8dd8911344\" data-node=\"5ee8dd8911344\">\n<div class=\"fl-module-content fl-node-content\">\n<h2 class=\"fl-heading\"><span class=\"fl-heading-text\">Istruzioni per il lavaggio<\/span><\/h2>\n<\/div>\n<\/div>\n<div class=\"fl-module fl-module-heading fl-node-5ee9d4fb90f7c\" data-node=\"5ee9d4fb90f7c\">\n<div class=\"fl-module-content fl-node-content\">\n<p class=\"fl-heading\"><span class=\"fl-heading-text\">(salvo diversa indicazione del veterinario)<\/span><\/p>\n<\/div>\n<\/div>\n<div class=\"fl-module fl-module-rich-text fl-node-5ee8de969ef98\" data-node=\"5ee8de969ef98\">\n<div class=\"fl-module-content fl-node-content\">\n<div class=\"fl-rich-text\">\n<p>Se l'animale viene lavato per la prima volta all'inizio del trattamento o se \u00e8 molto sporco, \u00e8 importante applicare lo shampoo due volte. La prima volta \u00e8 possibile risciacquare immediatamente lo shampoo, mentre la seconda volta bisogna lasciarlo in ammollo per 10 minuti.<\/p>\n<p>\u00a0<\/p>\n<ol>\n<li>Bagnare accuratamente il pelo e la pelle dell'animale con acqua tiepida.<br \/><hr \/><\/li>\n<li>Diluire lo shampoo per la pelle con acqua tiepida in rapporto 1:5 nel contenitore di raccolta.\u00a0<a href=\"https:\/\/maxani.nl\/it\/mengfles\/\"><strong>flacone per shampoo di Maxani<\/strong><\/a>. Versare lo shampoo per la pelle sul pelo dal collo alla base della coda. Massaggiare lo shampoo sulla pelle. Per ottenere risultati migliori, applicare lo shampoo cutaneo non diluito anche sulle aree interessate. Lavare bene la coda e le pieghe della pelle e anche tra le dita dei piedi. Per queste zone difficili da raggiungere e vulnerabili si pu\u00f2 usare una spugna morbida e pulita.<br \/><hr \/><\/li>\n<li>Passare direttamente al punto 4 se il cane \u00e8 stato lavato pi\u00f9 spesso nell'ultima settimana, oppure risciacquare.<br \/>risciacquare lo shampoo con acqua tiepida fino a quando l'acqua non diventa limpida e ripetere il passaggio 2.\u00a0<hr \/><\/li>\n<li>Lasciare agire lo shampoo per 10 minuti. Questo \u00e8 molto importante perch\u00e9 i principi attivi facciano effetto. I 10 minuti iniziano dopo il massaggio. Se necessario, utilizzare un timer per determinare il tempo.<br \/><hr \/><\/li>\n<li>Risciacquare di nuovo lo shampoo finch\u00e9 l'acqua non diventa trasparente.<br \/><hr \/><\/li>\n<li>Lasciare che l'animale si scuota e si asciughi. Quindi asciugare delicatamente l'animale con un asciugamano morbido. L'uso di un asciugacapelli (caldo) \u00e8 sconsigliato perch\u00e9 secca la pelle. In caso di pelo folto o che si asciuga con difficolt\u00e0, si raccomanda l'uso di uno speciale asciugacapelli per cani per evitare il soffocamento.<br \/><hr \/><\/li>\n<\/ol>\n<h4>Suggerimenti:<\/h4>\n<ul>\n<li>Tenere sempre l'erogatore vicino alla pelle.<\/li>\n<li>Se necessario, lavare la testa dell'animale con una spugna o una flanella.<\/li>\n<li>Evitare il contatto dello shampoo con gli occhi e il naso dell'animale. Se ci\u00f2 dovesse accadere, sciacquare immediatamente gli occhi e il naso con abbondante acqua pulita.<\/li>\n<li>Se lavate il vostro animale in una vasca da bagno o nel lavandino, \u00e8 importante che il tappo non sia inserito. Quando l'acqua entra nel bagno, diluisce lo shampoo e ne riduce l'efficacia.<\/li>\n<li>Assicuratevi di essere rilassati e date all'animale una ricompensa con qualcosa di gustoso, un po' di gioco o qualche attenzione in pi\u00f9.<\/li>\n<\/ul>\n<\/div>\n<\/div>\n<\/div>\n<\/div>\n<\/div>\n<\/div>\n<\/div>\n<\/div>\n<\/div>\n<a href=\"https:\/\/maxani.nl\/it\/wassen\/\" class=\"button primary\" >\n\t\t<span>Guarda il video delle istruzioni di lavaggio<\/span>\n\t<\/a>\n\n\n\n\t\t<\/div>\n\t\t\t\t\t<\/div>\n\n\t\n\n\t<div id=\"col-957038467\" class=\"col medium-4 small-12 large-4\"  >\n\t\t\t\t<div class=\"col-inner\"  >\n\t\t\t\n\t\t\t\n\n\n\t\t<\/div>\n\t\t\t\t\t<\/div>\n\n\t\n\n<\/div>\n\n\t\t<\/div>\n\n\t\t\n<style>\n#section_679500668 {\n  padding-top: 60px;\n  padding-bottom: 60px;\n  min-height: 300px;\n}\n<\/style>\n\t<\/section>","protected":false},"excerpt":{"rendered":"","protected":false},"author":1,"featured_media":0,"parent":0,"menu_order":0,"comment_status":"closed","ping_status":"closed","template":"page-blank.php","meta":{"footnotes":""},"class_list":["post-11811","page","type-page","status-publish","hentry"],"yoast_head":"<!-- This site is optimized with the Yoast SEO plugin v27.1.1 - https:\/\/yoast.com\/product\/yoast-seo-wordpress\/ -->\n<title>Wasinstructie - Maxani Animal Healthcare BV<\/title>\n<meta name=\"robots\" content=\"index, follow, max-snippet:-1, max-image-preview:large, max-video-preview:-1\" \/>\n<link rel=\"canonical\" href=\"https:\/\/maxani.nl\/it\/wasinstructie\/\" \/>\n<meta property=\"og:locale\" content=\"it_IT\" \/>\n<meta property=\"og:type\" content=\"article\" \/>\n<meta property=\"og:title\" content=\"Wasinstructie - Maxani Animal Healthcare BV\" \/>\n<meta property=\"og:url\" content=\"https:\/\/maxani.nl\/it\/wasinstructie\/\" \/>\n<meta property=\"og:site_name\" content=\"Maxani Animal Healthcare BV\" \/>\n<meta property=\"article:modified_time\" content=\"2023-07-13T18:18:32+00:00\" \/>\n<meta name=\"twitter:card\" content=\"summary_large_image\" \/>\n<script type=\"application\/ld+json\" class=\"yoast-schema-graph\">{\"@context\":\"https:\/\/schema.org\",\"@graph\":[{\"@type\":\"WebPage\",\"@id\":\"https:\/\/maxani.nl\/wasinstructie\/\",\"url\":\"https:\/\/maxani.nl\/wasinstructie\/\",\"name\":\"Wasinstructie - Maxani Animal Healthcare BV\",\"isPartOf\":{\"@id\":\"https:\/\/maxani.nl\/#website\"},\"datePublished\":\"2023-07-07T17:32:57+00:00\",\"dateModified\":\"2023-07-13T18:18:32+00:00\",\"breadcrumb\":{\"@id\":\"https:\/\/maxani.nl\/wasinstructie\/#breadcrumb\"},\"inLanguage\":\"it-IT\",\"potentialAction\":[{\"@type\":\"ReadAction\",\"target\":[\"https:\/\/maxani.nl\/wasinstructie\/\"]}]},{\"@type\":\"BreadcrumbList\",\"@id\":\"https:\/\/maxani.nl\/wasinstructie\/#breadcrumb\",\"itemListElement\":[{\"@type\":\"ListItem\",\"position\":1,\"name\":\"Home\",\"item\":\"https:\/\/maxani.nl\/\"},{\"@type\":\"ListItem\",\"position\":2,\"name\":\"Wasinstructie\"}]},{\"@type\":\"WebSite\",\"@id\":\"https:\/\/maxani.nl\/#website\",\"url\":\"https:\/\/maxani.nl\/\",\"name\":\"Maxani Animal Healthcare BV\",\"description\":\"Uw partner in veterinaire dermatologie\",\"potentialAction\":[{\"@type\":\"SearchAction\",\"target\":{\"@type\":\"EntryPoint\",\"urlTemplate\":\"https:\/\/maxani.nl\/?s={search_term_string}\"},\"query-input\":{\"@type\":\"PropertyValueSpecification\",\"valueRequired\":true,\"valueName\":\"search_term_string\"}}],\"inLanguage\":\"it-IT\"}]}<\/script>\n<!-- \/ Yoast SEO plugin. -->","yoast_head_json":{"title":"Wasinstructie - Maxani Animal Healthcare BV","robots":{"index":"index","follow":"follow","max-snippet":"max-snippet:-1","max-image-preview":"max-image-preview:large","max-video-preview":"max-video-preview:-1"},"canonical":"https:\/\/maxani.nl\/it\/wasinstructie\/","og_locale":"it_IT","og_type":"article","og_title":"Wasinstructie - Maxani Animal Healthcare BV","og_url":"https:\/\/maxani.nl\/it\/wasinstructie\/","og_site_name":"Maxani Animal Healthcare BV","article_modified_time":"2023-07-13T18:18:32+00:00","twitter_card":"summary_large_image","schema":{"@context":"https:\/\/schema.org","@graph":[{"@type":"WebPage","@id":"https:\/\/maxani.nl\/wasinstructie\/","url":"https:\/\/maxani.nl\/wasinstructie\/","name":"Wasinstructie - Maxani Animal Healthcare BV","isPartOf":{"@id":"https:\/\/maxani.nl\/#website"},"datePublished":"2023-07-07T17:32:57+00:00","dateModified":"2023-07-13T18:18:32+00:00","breadcrumb":{"@id":"https:\/\/maxani.nl\/wasinstructie\/#breadcrumb"},"inLanguage":"it-IT","potentialAction":[{"@type":"ReadAction","target":["https:\/\/maxani.nl\/wasinstructie\/"]}]},{"@type":"BreadcrumbList","@id":"https:\/\/maxani.nl\/wasinstructie\/#breadcrumb","itemListElement":[{"@type":"ListItem","position":1,"name":"Home","item":"https:\/\/maxani.nl\/"},{"@type":"ListItem","position":2,"name":"Wasinstructie"}]},{"@type":"WebSite","@id":"https:\/\/maxani.nl\/#website","url":"https:\/\/maxani.nl\/","name":"Maxani Animal Healthcare BV","description":"Il vostro partner in dermatologia veterinaria","potentialAction":[{"@type":"SearchAction","target":{"@type":"EntryPoint","urlTemplate":"https:\/\/maxani.nl\/?s={search_term_string}"},"query-input":{"@type":"PropertyValueSpecification","valueRequired":true,"valueName":"search_term_string"}}],"inLanguage":"it-IT"}]}},"jetpack_sharing_enabled":true,"_links":{"self":[{"href":"https:\/\/maxani.nl\/it\/wp-json\/wp\/v2\/pages\/11811","targetHints":{"allow":["GET"]}}],"collection":[{"href":"https:\/\/maxani.nl\/it\/wp-json\/wp\/v2\/pages"}],"about":[{"href":"https:\/\/maxani.nl\/it\/wp-json\/wp\/v2\/types\/page"}],"author":[{"embeddable":true,"href":"https:\/\/maxani.nl\/it\/wp-json\/wp\/v2\/users\/1"}],"replies":[{"embeddable":true,"href":"https:\/\/maxani.nl\/it\/wp-json\/wp\/v2\/comments?post=11811"}],"version-history":[{"count":4,"href":"https:\/\/maxani.nl\/it\/wp-json\/wp\/v2\/pages\/11811\/revisions"}],"predecessor-version":[{"id":12453,"href":"https:\/\/maxani.nl\/it\/wp-json\/wp\/v2\/pages\/11811\/revisions\/12453"}],"wp:attachment":[{"href":"https:\/\/maxani.nl\/it\/wp-json\/wp\/v2\/media?parent=11811"}],"curies":[{"name":"wp","href":"https:\/\/api.w.org\/{rel}","templated":true}]}}