{"id":11807,"date":"2023-07-07T17:30:57","date_gmt":"2023-07-07T17:30:57","guid":{"rendered":"https:\/\/maxani.nl\/?page_id=11807"},"modified":"2025-05-30T14:03:25","modified_gmt":"2025-05-30T14:03:25","slug":"unieke-formule","status":"publish","type":"page","link":"https:\/\/maxani.nl\/it\/unieke-formule\/","title":{"rendered":"Formula unica"},"content":{"rendered":"<section class=\"section\" id=\"section_1795286362\">\n\t\t<div class=\"section-bg fill\" >\n\t\t\t\t\t\t\t\t\t\n\t\t\t\n\t<div class=\"is-border\"\n\t\tstyle=\"border-color:rgb(235, 235, 235);border-width:1px 0px 0px 0px;\">\n\t<\/div>\n\n\t\t<\/div>\n\n\t\t\n\n\t\t<div class=\"section-content relative\">\n\t\t\t\n\n<div class=\"row\"  id=\"row-1839185215\">\n\n\n\t<div id=\"col-1826765010\" class=\"col medium-8 small-12 large-8\"  >\n\t\t\t\t<div class=\"col-inner\"  >\n\t\t\t\n\t\t\t\n\n\t<div id=\"text-1488337667\" class=\"text\">\n\t\t\n\n<h2 class=\"fl-heading\"><span class=\"fl-heading-text\">Formula unica<\/span><\/h2>\n\t\t\n<style>\n#text-1488337667 {\n  font-size: 1.4rem;\n}\n<\/style>\n\t<\/div>\n\t\n<div class=\"fl-col-group fl-node-5ee9e4992940a\" data-node=\"5ee9e4992940a\">\n<div class=\"fl-col fl-node-5ee9e49929456\" data-node=\"5ee9e49929456\">\n<div class=\"fl-col-content fl-node-content\">\n<div class=\"fl-module fl-module-heading fl-node-5ee9e499293d0\" data-node=\"5ee9e499293d0\">\n<div class=\"fl-module-content fl-node-content\">\n<h1 class=\"fl-heading\"><span style=\"color: #555555; font-size: 14.4px;\">Ogni shampoo cutaneo Maxani \u00e8 unico e personalizzato per le esigenze specifiche dell'animale domestico con problemi di pelle. Li chiamiamo shampoo cutanei perch\u00e9 contengono una combinazione unica di ingredienti che detergono e nutrono la pelle e il manto, come una lozione per il corpo. I nostri shampoo per la pelle sono ricchi di ingredienti attivi ed esclusivi. Tutti gli ingredienti sono sicuri e utilizziamo il meno possibile profumi, alcol e altre sostanze chimiche e fragranze irritanti. Ad esempio, utilizziamo Sinodor\u00ae, un ingrediente potente e rispettoso degli animali che elimina gli odori invece di mascherarli. In questo modo non sono necessari profumi o altre fragranze irritanti, il che \u00e8 molto piacevole per l'animale. I nostri shampoo per la pelle devono soddisfare elevati standard di qualit\u00e0 e, per garantirli, tutti gli shampoo per la pelle Maxani sono sviluppati e prodotti nei Paesi Bassi.\u00a0<\/span><\/h1>\n<\/div>\n<\/div>\n<\/div>\n<\/div>\n<\/div>\n\n\t\t<\/div>\n\t\t\t\t\t<\/div>\n\n\t\n\n\t<div id=\"col-880006741\" class=\"col medium-4 small-12 large-4\"  >\n\t\t\t\t<div class=\"col-inner\"  >\n\t\t\t\n\t\t\t\n\n\n\t\t<\/div>\n\t\t\t\t\t<\/div>\n\n\t\n\n<\/div>\n<div class=\"row\"  id=\"row-1730140853\">\n\n\n\t<div id=\"col-1219316132\" class=\"col medium-6 small-12 large-6\"  >\n\t\t\t\t<div class=\"col-inner\"  >\n\t\t\t\n\t\t\t\n\n\t<div class=\"img has-hover x md-x lg-x y md-y lg-y\" id=\"image_586949375\">\n\t\t\t\t\t\t\t\t<div class=\"img-inner dark\" >\n\t\t\t<img loading=\"lazy\" decoding=\"async\" width=\"749\" height=\"800\" src=\"https:\/\/maxani.nl\/wp-content\/uploads\/2023\/07\/illustraties-huid-met-watermerk-links-749x800.png\" class=\"attachment-large size-large\" alt=\"\" srcset=\"https:\/\/maxani.nl\/wp-content\/uploads\/2023\/07\/illustraties-huid-met-watermerk-links-749x800.png 749w, https:\/\/maxani.nl\/wp-content\/uploads\/2023\/07\/illustraties-huid-met-watermerk-links-375x400.png 375w, https:\/\/maxani.nl\/wp-content\/uploads\/2023\/07\/illustraties-huid-met-watermerk-links-768x820.png 768w, https:\/\/maxani.nl\/wp-content\/uploads\/2023\/07\/illustraties-huid-met-watermerk-links-1439x1536.png 1439w, https:\/\/maxani.nl\/wp-content\/uploads\/2023\/07\/illustraties-huid-met-watermerk-links-510x545.png 510w, https:\/\/maxani.nl\/wp-content\/uploads\/2023\/07\/illustraties-huid-met-watermerk-links.png 1698w\" sizes=\"auto, (max-width: 749px) 100vw, 749px\" \/>\t\t\t\t\t\t\n\t\t\t\t\t<\/div>\n\t\t\t\t\t\t\t\t\n<style>\n#image_586949375 {\n  width: 100%;\n}\n<\/style>\n\t<\/div>\n\t\n\n\n\t\t<\/div>\n\t\t\t\t\t<\/div>\n\n\t\n\n\t<div id=\"col-966183915\" class=\"col medium-6 small-12 large-6\"  >\n\t\t\t\t<div class=\"col-inner\"  >\n\t\t\t\n\t\t\t\n\n\t<div class=\"img has-hover x md-x lg-x y md-y lg-y\" id=\"image_1930350046\">\n\t\t\t\t\t\t\t\t<div class=\"img-inner dark\" >\n\t\t\t<img loading=\"lazy\" decoding=\"async\" width=\"566\" height=\"800\" src=\"https:\/\/maxani.nl\/wp-content\/uploads\/2023\/07\/illustraties-huid-met-watermerk-rechts-566x800.png\" class=\"attachment-large size-large\" alt=\"\" srcset=\"https:\/\/maxani.nl\/wp-content\/uploads\/2023\/07\/illustraties-huid-met-watermerk-rechts-566x800.png 566w, https:\/\/maxani.nl\/wp-content\/uploads\/2023\/07\/illustraties-huid-met-watermerk-rechts-283x400.png 283w, https:\/\/maxani.nl\/wp-content\/uploads\/2023\/07\/illustraties-huid-met-watermerk-rechts-768x1085.png 768w, https:\/\/maxani.nl\/wp-content\/uploads\/2023\/07\/illustraties-huid-met-watermerk-rechts-1087x1536.png 1087w, https:\/\/maxani.nl\/wp-content\/uploads\/2023\/07\/illustraties-huid-met-watermerk-rechts-510x721.png 510w, https:\/\/maxani.nl\/wp-content\/uploads\/2023\/07\/illustraties-huid-met-watermerk-rechts.png 1283w\" sizes=\"auto, (max-width: 566px) 100vw, 566px\" \/>\t\t\t\t\t\t\n\t\t\t\t\t<\/div>\n\t\t\t\t\t\t\t\t\n<style>\n#image_1930350046 {\n  width: 76%;\n}\n<\/style>\n\t<\/div>\n\t\n\n\n\t\t<\/div>\n\t\t\t\t\t<\/div>\n\n\t\n\n<\/div>\n<div class=\"row\"  id=\"row-1351511443\">\n\n\n\t<div id=\"col-1258694372\" class=\"col medium-8 small-12 large-8\"  >\n\t\t\t\t<div class=\"col-inner\"  >\n\t\t\t\n\t\t\t\n\n<div class=\"fl-col-group fl-node-5ee9e4992940a\" data-node=\"5ee9e4992940a\">\n<div class=\"fl-col fl-node-5ee9e49929456\" data-node=\"5ee9e49929456\">\n<div class=\"fl-col-content fl-node-content\">\n<div class=\"fl-module fl-module-heading fl-node-5ee9e499293d0\" data-node=\"5ee9e499293d0\">\n<div class=\"fl-module-content fl-node-content\">\n<p class=\"fl-heading\">Gli shampoo per la pelle Maxani affrontano aspetti importanti per ripristinare la barriera cutanea difettosa. Quando la barriera cutanea \u00e8 danneggiata, i cani possono sviluppare i sintomi pi\u00f9 rapidamente. Ci\u00f2 causa una maggiore esposizione ad allergeni, agenti patogeni e tossine. I microbi si attaccano pi\u00f9 facilmente alla pelle e si verifica una maggiore perdita di acqua epidermica (TEWL). Negli animali con problemi cutanei, soprattutto nella dermatite atopica, sono interessati quasi tutti gli aspetti della pelle. Lo spargimento pu\u00f2 essere accelerato o ritardato (desquamazione o meno), il sistema immunitario non funziona correttamente, la flora cutanea non \u00e8 in equilibrio e l'acidit\u00e0 della pelle \u00e8 pi\u00f9 elevata, per cui le infezioni cutanee secondarie sono in agguato. \u00c8 importante riparare questi aspetti colpiti e ci\u00f2 pu\u00f2 essere fatto soprattutto esternamente con gli shampoo per la pelle Maxani.<\/p>\n<\/div>\n<\/div>\n<\/div>\n<\/div>\n<\/div>\n\n\t\t<\/div>\n\t\t\t\t\t<\/div>\n\n\t\n\n\t<div id=\"col-458456068\" class=\"col medium-4 small-12 large-4\"  >\n\t\t\t\t<div class=\"col-inner\"  >\n\t\t\t\n\t\t\t\n\n\n\t\t<\/div>\n\t\t\t\t\t<\/div>\n\n\t\n\n<\/div>\n<div class=\"row\"  id=\"row-1312939272\">\n\n\n\t<div id=\"col-1523651119\" class=\"col medium-6 small-12 large-6\"  >\n\t\t\t\t<div class=\"col-inner\"  >\n\t\t\t\n\t\t\t\n\n<p>Gli shampoo per la pelle Maxani sono efficaci per la pulizia del pelo e della pelle senza seccare eccessivamente la cute. Gli shampoo per la pelle Maxani contengono combinazioni importanti di\u00a0<em>emollienti<\/em>\u00a0(ad esempio oli o lipidi) e umettanti (idratanti). In questo modo si rafforza, idrata e protegge la barriera cutanea dell'animale con problemi di pelle. Gli shampoo per la pelle Maxani sono quindi arricchiti con lipidi protettivi e riparatori della barriera cutanea derivati da SK-in\ufb02ux\u00ae V. Questo complesso unico di lipidi, composto da ceramidi, colesterolo e acidi grassi liberi, \u00e8 presente naturalmente anche nella pelle di cani e gatti. Il giusto rapporto di lipidi \u00e8 essenziale per un corretto assorbimento dei lipidi nella pelle. Una barriera cutanea danneggiata, ad esempio a causa di dermatite atopica o seborrea, si recupera pi\u00f9 rapidamente applicando ceramidi o acidi grassi direttamente per via topica. La fitosfingosina \u00e8 naturalmente presente nello strato corneo. L'aggiunta di fitosfingosina protegge la barriera cutanea e ha effetti antinfiammatori e antibatterici. La fitosfingosina \u00e8 necessaria per diversi processi cellulari, tra cui la differenziazione cellulare.<\/p>\n\n\t\t<\/div>\n\t\t\t\t\t<\/div>\n\n\t\n\n\t<div id=\"col-908709288\" class=\"col medium-6 small-12 large-6\"  >\n\t\t\t\t<div class=\"col-inner\"  >\n\t\t\t\n\t\t\t\n\n\t<div class=\"img has-hover x md-x lg-x y md-y lg-y\" id=\"image_2145628100\">\n\t\t\t\t\t\t\t\t<div class=\"img-inner dark\" >\n\t\t\t<img loading=\"lazy\" decoding=\"async\" width=\"996\" height=\"800\" src=\"https:\/\/maxani.nl\/wp-content\/uploads\/2023\/07\/illustraties-huid-Humectant-Emollient-met-watermerk-2048x1645-1-996x800.png\" class=\"attachment-large size-large\" alt=\"\" srcset=\"https:\/\/maxani.nl\/wp-content\/uploads\/2023\/07\/illustraties-huid-Humectant-Emollient-met-watermerk-2048x1645-1-996x800.png 996w, https:\/\/maxani.nl\/wp-content\/uploads\/2023\/07\/illustraties-huid-Humectant-Emollient-met-watermerk-2048x1645-1-498x400.png 498w, https:\/\/maxani.nl\/wp-content\/uploads\/2023\/07\/illustraties-huid-Humectant-Emollient-met-watermerk-2048x1645-1-768x617.png 768w, https:\/\/maxani.nl\/wp-content\/uploads\/2023\/07\/illustraties-huid-Humectant-Emollient-met-watermerk-2048x1645-1-1536x1234.png 1536w, https:\/\/maxani.nl\/wp-content\/uploads\/2023\/07\/illustraties-huid-Humectant-Emollient-met-watermerk-2048x1645-1-510x410.png 510w, https:\/\/maxani.nl\/wp-content\/uploads\/2023\/07\/illustraties-huid-Humectant-Emollient-met-watermerk-2048x1645-1.png 2048w\" sizes=\"auto, (max-width: 996px) 100vw, 996px\" \/>\t\t\t\t\t\t\n\t\t\t\t\t<\/div>\n\t\t\t\t\t\t\t\t\n<style>\n#image_2145628100 {\n  width: 100%;\n}\n<\/style>\n\t<\/div>\n\t\n\n\n\t\t<\/div>\n\t\t\t\t\t<\/div>\n\n\t\n\n<\/div>\n<div class=\"row\"  id=\"row-1539707792\">\n\n\n\t<div id=\"col-514019379\" class=\"col medium-8 small-12 large-8\"  >\n\t\t\t\t<div class=\"col-inner\"  >\n\t\t\t\n\t\t\t\n\n<div class=\"fl-col-group fl-node-5ee9e4992940a\" data-node=\"5ee9e4992940a\">\n<div class=\"fl-col fl-node-5ee9e49929456\" data-node=\"5ee9e49929456\">\n<div class=\"fl-col-content fl-node-content\">\n<div class=\"fl-module fl-module-heading fl-node-5ee9e499293d0\" data-node=\"5ee9e499293d0\">\n<div class=\"fl-module-content fl-node-content\">\n<p class=\"fl-heading\">Con una barriera cutanea indebolita, la pelle perde molta umidit\u00e0, causando secchezza e prurito. Tutti gli shampoo Maxani per la pelle contengono umettanti come l'acido ialuronico per ripristinare l'idratazione e l'elasticit\u00e0 della pelle. L'acido ialuronico e il miele, insieme al pantenolo, si prendono cura anche dei manti secchi e opachi. Il miele contribuisce a una buona micro\ufb02ora e aiuta a ridurre il prurito e la desquamazione, grazie alle vitamine e ai minerali che contiene. Inoltre, ogni shampoo per la pelle Maxani contiene ingredienti unici adatti alle esigenze specifiche dell'animale con problemi di pelle.<\/p>\n<\/div>\n<\/div>\n<\/div>\n<\/div>\n<\/div>\n\n\t\t<\/div>\n\t\t\t\t\t<\/div>\n\n\t\n\n\t<div id=\"col-1969727991\" class=\"col medium-4 small-12 large-4\"  >\n\t\t\t\t<div class=\"col-inner\"  >\n\t\t\t\n\t\t\t\n\n\n\t\t<\/div>\n\t\t\t\t\t<\/div>\n\n\t\n\n<\/div>\n\n\t\t<\/div>\n\n\t\t\n<style>\n#section_1795286362 {\n  padding-top: 60px;\n  padding-bottom: 60px;\n  min-height: 300px;\n}\n<\/style>\n\t<\/section>","protected":false},"excerpt":{"rendered":"","protected":false},"author":1,"featured_media":0,"parent":0,"menu_order":0,"comment_status":"closed","ping_status":"closed","template":"page-blank.php","meta":{"footnotes":""},"class_list":["post-11807","page","type-page","status-publish","hentry"],"yoast_head":"<!-- This site is optimized with the Yoast SEO plugin v27.1.1 - https:\/\/yoast.com\/product\/yoast-seo-wordpress\/ -->\n<title>Unieke formule - Maxani Animal Healthcare BV<\/title>\n<meta name=\"robots\" content=\"index, follow, max-snippet:-1, max-image-preview:large, max-video-preview:-1\" \/>\n<link rel=\"canonical\" href=\"https:\/\/maxani.nl\/it\/unieke-formule\/\" \/>\n<meta property=\"og:locale\" content=\"it_IT\" \/>\n<meta property=\"og:type\" content=\"article\" \/>\n<meta property=\"og:title\" content=\"Unieke formule - Maxani Animal Healthcare BV\" \/>\n<meta property=\"og:url\" content=\"https:\/\/maxani.nl\/it\/unieke-formule\/\" \/>\n<meta property=\"og:site_name\" content=\"Maxani Animal Healthcare BV\" \/>\n<meta property=\"article:modified_time\" content=\"2025-05-30T14:03:25+00:00\" \/>\n<meta name=\"twitter:card\" content=\"summary_large_image\" \/>\n<script type=\"application\/ld+json\" class=\"yoast-schema-graph\">{\"@context\":\"https:\/\/schema.org\",\"@graph\":[{\"@type\":\"WebPage\",\"@id\":\"https:\/\/maxani.nl\/unieke-formule\/\",\"url\":\"https:\/\/maxani.nl\/unieke-formule\/\",\"name\":\"Unieke formule - Maxani Animal Healthcare BV\",\"isPartOf\":{\"@id\":\"https:\/\/maxani.nl\/#website\"},\"datePublished\":\"2023-07-07T17:30:57+00:00\",\"dateModified\":\"2025-05-30T14:03:25+00:00\",\"breadcrumb\":{\"@id\":\"https:\/\/maxani.nl\/unieke-formule\/#breadcrumb\"},\"inLanguage\":\"it-IT\",\"potentialAction\":[{\"@type\":\"ReadAction\",\"target\":[\"https:\/\/maxani.nl\/unieke-formule\/\"]}]},{\"@type\":\"BreadcrumbList\",\"@id\":\"https:\/\/maxani.nl\/unieke-formule\/#breadcrumb\",\"itemListElement\":[{\"@type\":\"ListItem\",\"position\":1,\"name\":\"Home\",\"item\":\"https:\/\/maxani.nl\/\"},{\"@type\":\"ListItem\",\"position\":2,\"name\":\"Unieke formule\"}]},{\"@type\":\"WebSite\",\"@id\":\"https:\/\/maxani.nl\/#website\",\"url\":\"https:\/\/maxani.nl\/\",\"name\":\"Maxani Animal Healthcare BV\",\"description\":\"Uw partner in veterinaire dermatologie\",\"potentialAction\":[{\"@type\":\"SearchAction\",\"target\":{\"@type\":\"EntryPoint\",\"urlTemplate\":\"https:\/\/maxani.nl\/?s={search_term_string}\"},\"query-input\":{\"@type\":\"PropertyValueSpecification\",\"valueRequired\":true,\"valueName\":\"search_term_string\"}}],\"inLanguage\":\"it-IT\"}]}<\/script>\n<!-- \/ Yoast SEO plugin. -->","yoast_head_json":{"title":"Unieke formule - Maxani Animal Healthcare BV","robots":{"index":"index","follow":"follow","max-snippet":"max-snippet:-1","max-image-preview":"max-image-preview:large","max-video-preview":"max-video-preview:-1"},"canonical":"https:\/\/maxani.nl\/it\/unieke-formule\/","og_locale":"it_IT","og_type":"article","og_title":"Unieke formule - Maxani Animal Healthcare BV","og_url":"https:\/\/maxani.nl\/it\/unieke-formule\/","og_site_name":"Maxani Animal Healthcare BV","article_modified_time":"2025-05-30T14:03:25+00:00","twitter_card":"summary_large_image","schema":{"@context":"https:\/\/schema.org","@graph":[{"@type":"WebPage","@id":"https:\/\/maxani.nl\/unieke-formule\/","url":"https:\/\/maxani.nl\/unieke-formule\/","name":"Unieke formule - Maxani Animal Healthcare BV","isPartOf":{"@id":"https:\/\/maxani.nl\/#website"},"datePublished":"2023-07-07T17:30:57+00:00","dateModified":"2025-05-30T14:03:25+00:00","breadcrumb":{"@id":"https:\/\/maxani.nl\/unieke-formule\/#breadcrumb"},"inLanguage":"it-IT","potentialAction":[{"@type":"ReadAction","target":["https:\/\/maxani.nl\/unieke-formule\/"]}]},{"@type":"BreadcrumbList","@id":"https:\/\/maxani.nl\/unieke-formule\/#breadcrumb","itemListElement":[{"@type":"ListItem","position":1,"name":"Home","item":"https:\/\/maxani.nl\/"},{"@type":"ListItem","position":2,"name":"Unieke formule"}]},{"@type":"WebSite","@id":"https:\/\/maxani.nl\/#website","url":"https:\/\/maxani.nl\/","name":"Maxani Animal Healthcare BV","description":"Il vostro partner in dermatologia veterinaria","potentialAction":[{"@type":"SearchAction","target":{"@type":"EntryPoint","urlTemplate":"https:\/\/maxani.nl\/?s={search_term_string}"},"query-input":{"@type":"PropertyValueSpecification","valueRequired":true,"valueName":"search_term_string"}}],"inLanguage":"it-IT"}]}},"jetpack_sharing_enabled":true,"_links":{"self":[{"href":"https:\/\/maxani.nl\/it\/wp-json\/wp\/v2\/pages\/11807","targetHints":{"allow":["GET"]}}],"collection":[{"href":"https:\/\/maxani.nl\/it\/wp-json\/wp\/v2\/pages"}],"about":[{"href":"https:\/\/maxani.nl\/it\/wp-json\/wp\/v2\/types\/page"}],"author":[{"embeddable":true,"href":"https:\/\/maxani.nl\/it\/wp-json\/wp\/v2\/users\/1"}],"replies":[{"embeddable":true,"href":"https:\/\/maxani.nl\/it\/wp-json\/wp\/v2\/comments?post=11807"}],"version-history":[{"count":6,"href":"https:\/\/maxani.nl\/it\/wp-json\/wp\/v2\/pages\/11807\/revisions"}],"predecessor-version":[{"id":17195,"href":"https:\/\/maxani.nl\/it\/wp-json\/wp\/v2\/pages\/11807\/revisions\/17195"}],"wp:attachment":[{"href":"https:\/\/maxani.nl\/it\/wp-json\/wp\/v2\/media?parent=11807"}],"curies":[{"name":"wp","href":"https:\/\/api.w.org\/{rel}","templated":true}]}}