{"id":11797,"date":"2023-07-07T17:23:32","date_gmt":"2023-07-07T17:23:32","guid":{"rendered":"https:\/\/maxani.nl\/?page_id=11797"},"modified":"2025-05-29T11:15:25","modified_gmt":"2025-05-29T11:15:25","slug":"privacy-beleid","status":"publish","type":"page","link":"https:\/\/maxani.nl\/it\/privacy-beleid\/","title":{"rendered":"Informativa sulla privacy"},"content":{"rendered":"<section class=\"section\" id=\"section_544816935\">\n\t\t<div class=\"section-bg fill\" >\n\t\t\t\t\t\t\t\t\t\n\t\t\t\n\t<div class=\"is-border\"\n\t\tstyle=\"border-color:rgb(235, 235, 235);border-width:1px 0px 0px 0px;\">\n\t<\/div>\n\n\t\t<\/div>\n\n\t\t\n\n\t\t<div class=\"section-content relative\">\n\t\t\t\n\n<div class=\"row\"  id=\"row-1939242912\">\n\n\n\t<div id=\"col-1750078652\" class=\"col medium-8 small-12 large-8\"  >\n\t\t\t\t<div class=\"col-inner\"  >\n\t\t\t\n\t\t\t\n\n\t<div id=\"text-291558222\" class=\"text\">\n\t\t\n\n<h1>Informativa sulla privacy<\/h1>\n\t\t\n<style>\n#text-291558222 {\n  font-size: 1.4rem;\n}\n<\/style>\n\t<\/div>\n\t\n<p><em>Questa pagina \u00e8 stata modificata l'ultima volta il 25 luglio 2019.<\/em><\/p>\n<p>Siamo consapevoli della fiducia che riponete in noi. Pertanto, riteniamo che sia nostra responsabilit\u00e0 proteggere la vostra privacy. In questa pagina vi comunichiamo quali dati raccogliamo quando utilizzate il nostro sito web, perch\u00e9 li raccogliamo e come li utilizziamo per migliorare la vostra esperienza d'uso. In questo modo capirete esattamente come lavoriamo.<\/p>\n<p>Questa politica sulla privacy si applica ai servizi di Maxani Animal Healthcare BV. L'utente deve essere consapevole che Maxani Animal Healthcare BV non \u00e8 responsabile delle politiche sulla privacy di altri siti e fonti. Utilizzando questo sito web, l'utente dichiara di accettare l'informativa sulla privacy.<\/p>\n<p>Maxani Animal Healthcare BV rispetta la privacy di tutti gli utenti del suo sito e garantisce che le informazioni personali che ci vengono fornite siano trattate in modo confidenziale.<\/p>\n<p>\u00a0<\/p>\n<h4><strong>Utilizzo dei nostri servizi<\/strong><\/h4>\n<p>Quando vi registrate sul nostro sito web, vi chiediamo di fornire i vostri dati personali. Questi dati vengono utilizzati per l'esecuzione del servizio. I dati saranno memorizzati sui server sicuri di Maxani Animal Healthcare BV o su quelli di terzi. Non combineremo questi dati con altri dati personali in nostro possesso.<\/p>\n<p>\u00a0<\/p>\n<h4><strong>Comunicazioni<\/strong><\/h4>\n<p>Quando ci inviate un'e-mail o altri messaggi, possiamo conservarli. A volte vi chiederemo i vostri dati personali relativi alla situazione in questione. Questo ci consente di elaborare le vostre domande e rispondere alle vostre richieste. I dati vengono memorizzati sui server sicuri di Maxani Animal Healthcare BV o su quelli di terzi. Non combineremo questi dati con altri dati personali in nostro possesso.<\/p>\n<p>\u00a0<\/p>\n<h4><strong>Biscotti<\/strong><\/h4>\n<p>Raccogliamo dati a scopo di ricerca per comprendere meglio i nostri clienti, in modo da poter adattare i nostri servizi di conseguenza.<\/p>\n<p>Questo sito web utilizza i \"cookie\" (file di testo collocati sul vostro computer) per aiutare il sito web ad analizzare come gli utenti utilizzano il sito. Le informazioni generate dal cookie sull'utilizzo del sito web da parte dell'utente possono essere trasferite ai server sicuri di Maxani Animal Healthcare BV o a quelli di terzi. Utilizziamo queste informazioni per tracciare le modalit\u00e0 di utilizzo del sito web, per compilare rapporti sull'attivit\u00e0 del sito web e per offrire altri servizi relativi all'attivit\u00e0 del sito web e all'utilizzo di Internet.<\/p>\n<p>\u00a0<\/p>\n<h4><strong>Scopi<\/strong><\/h4>\n<p>Non raccogliamo n\u00e9 utilizziamo le informazioni per scopi diversi da quelli descritti nella presente informativa sulla privacy, a meno che non abbiamo ottenuto il vostro consenso preventivo.<\/p>\n<p>\u00a0<\/p>\n<h4><strong>Terze parti<\/strong><\/h4>\n<p>Le informazioni non vengono condivise con terzi. In alcuni casi, le informazioni possono essere condivise internamente. I nostri dipendenti sono tenuti a rispettare la riservatezza dei vostri dati.<\/p>\n<p>\u00a0<\/p>\n<h4><strong>Cambiamenti<\/strong><\/h4>\n<p>La presente informativa sulla privacy \u00e8 stata concepita per l'utilizzo e le funzionalit\u00e0 di questo sito. Eventuali adeguamenti e\/o modifiche al sito web possono comportare modifiche alla presente informativa sulla privacy. Si consiglia pertanto di consultare regolarmente la presente informativa sulla privacy.<\/p>\n<p>\u00a0<\/p>\n<h4><strong>Scelte per i dati personali<\/strong><\/h4>\n<p>Offriamo a tutti i visitatori l'opportunit\u00e0 di visualizzare, modificare o cancellare qualsiasi informazione personale attualmente fornitaci.<\/p>\n<p>\u00a0<\/p>\n<h4><strong>Personalizzazione\/disiscrizione del servizio di newsletter<\/strong><\/h4>\n<p>In fondo a ogni invio troverete l'opzione per modificare i vostri dati o annullare l'iscrizione alla newsletter.<\/p>\n<p>\u00a0<\/p>\n<h4><strong>Regolare\/annullare la comunicazione<\/strong><\/h4>\n<p>Se desiderate modificare i vostri dati o essere rimossi dai nostri archivi, contattateci. Vedere i dettagli di contatto qui sotto.<\/p>\n<p>\u00a0<\/p>\n<h4><strong>Disattivare i cookie<\/strong><\/h4>\n<p>La maggior parte dei browser \u00e8 impostata per accettare i cookie per impostazione predefinita, ma \u00e8 possibile reimpostare il browser in modo che rifiuti tutti i cookie o che indichi quando un cookie viene inviato. Tuttavia, alcune funzioni e servizi del nostro e di altri siti web potrebbero non funzionare correttamente se i cookie sono disabilitati nel vostro browser.<\/p>\n<p>\u00a0<\/p>\n<h4><strong>Domande e feedback<\/strong><\/h4>\n<p>Verifichiamo regolarmente la nostra conformit\u00e0 a questa politica sulla privacy. In caso di domande sulla presente informativa sulla privacy, vi preghiamo di contattarci:<\/p>\n<p>Maxani Animal Healthcare BV<br \/>Viale delle Allodole 14b<br \/>+31 (0)30 751 7067<br \/>info@maxani.nl<\/p>\n<p>\u00a0<\/p>\n\n\t\t<\/div>\n\t\t\t\t\t<\/div>\n\n\t\n\n<\/div>\n\n\t\t<\/div>\n\n\t\t\n<style>\n#section_544816935 {\n  padding-top: 60px;\n  padding-bottom: 60px;\n  min-height: 300px;\n}\n<\/style>\n\t<\/section>","protected":false},"excerpt":{"rendered":"","protected":false},"author":1,"featured_media":0,"parent":0,"menu_order":0,"comment_status":"closed","ping_status":"closed","template":"page-blank.php","meta":{"footnotes":""},"class_list":["post-11797","page","type-page","status-publish","hentry"],"yoast_head":"<!-- This site is optimized with the Yoast SEO plugin v27.1.1 - https:\/\/yoast.com\/product\/yoast-seo-wordpress\/ -->\n<title>Privacy beleid - Maxani Animal Healthcare BV<\/title>\n<meta name=\"robots\" content=\"index, follow, max-snippet:-1, max-image-preview:large, max-video-preview:-1\" \/>\n<link rel=\"canonical\" href=\"https:\/\/maxani.nl\/it\/privacy-beleid\/\" \/>\n<meta property=\"og:locale\" content=\"it_IT\" \/>\n<meta property=\"og:type\" content=\"article\" \/>\n<meta property=\"og:title\" content=\"Privacy beleid - Maxani Animal Healthcare BV\" \/>\n<meta property=\"og:url\" content=\"https:\/\/maxani.nl\/it\/privacy-beleid\/\" \/>\n<meta property=\"og:site_name\" content=\"Maxani Animal Healthcare BV\" \/>\n<meta property=\"article:modified_time\" content=\"2025-05-29T11:15:25+00:00\" \/>\n<meta name=\"twitter:card\" content=\"summary_large_image\" \/>\n<script type=\"application\/ld+json\" class=\"yoast-schema-graph\">{\"@context\":\"https:\/\/schema.org\",\"@graph\":[{\"@type\":\"WebPage\",\"@id\":\"https:\/\/maxani.nl\/privacy-beleid\/\",\"url\":\"https:\/\/maxani.nl\/privacy-beleid\/\",\"name\":\"Privacy beleid - Maxani Animal Healthcare BV\",\"isPartOf\":{\"@id\":\"https:\/\/maxani.nl\/#website\"},\"datePublished\":\"2023-07-07T17:23:32+00:00\",\"dateModified\":\"2025-05-29T11:15:25+00:00\",\"breadcrumb\":{\"@id\":\"https:\/\/maxani.nl\/privacy-beleid\/#breadcrumb\"},\"inLanguage\":\"it-IT\",\"potentialAction\":[{\"@type\":\"ReadAction\",\"target\":[\"https:\/\/maxani.nl\/privacy-beleid\/\"]}]},{\"@type\":\"BreadcrumbList\",\"@id\":\"https:\/\/maxani.nl\/privacy-beleid\/#breadcrumb\",\"itemListElement\":[{\"@type\":\"ListItem\",\"position\":1,\"name\":\"Home\",\"item\":\"https:\/\/maxani.nl\/\"},{\"@type\":\"ListItem\",\"position\":2,\"name\":\"Privacy beleid\"}]},{\"@type\":\"WebSite\",\"@id\":\"https:\/\/maxani.nl\/#website\",\"url\":\"https:\/\/maxani.nl\/\",\"name\":\"Maxani Animal Healthcare BV\",\"description\":\"Uw partner in veterinaire dermatologie\",\"potentialAction\":[{\"@type\":\"SearchAction\",\"target\":{\"@type\":\"EntryPoint\",\"urlTemplate\":\"https:\/\/maxani.nl\/?s={search_term_string}\"},\"query-input\":{\"@type\":\"PropertyValueSpecification\",\"valueRequired\":true,\"valueName\":\"search_term_string\"}}],\"inLanguage\":\"it-IT\"}]}<\/script>\n<!-- \/ Yoast SEO plugin. -->","yoast_head_json":{"title":"Privacy beleid - Maxani Animal Healthcare BV","robots":{"index":"index","follow":"follow","max-snippet":"max-snippet:-1","max-image-preview":"max-image-preview:large","max-video-preview":"max-video-preview:-1"},"canonical":"https:\/\/maxani.nl\/it\/privacy-beleid\/","og_locale":"it_IT","og_type":"article","og_title":"Privacy beleid - Maxani Animal Healthcare BV","og_url":"https:\/\/maxani.nl\/it\/privacy-beleid\/","og_site_name":"Maxani Animal Healthcare BV","article_modified_time":"2025-05-29T11:15:25+00:00","twitter_card":"summary_large_image","schema":{"@context":"https:\/\/schema.org","@graph":[{"@type":"WebPage","@id":"https:\/\/maxani.nl\/privacy-beleid\/","url":"https:\/\/maxani.nl\/privacy-beleid\/","name":"Privacy beleid - Maxani Animal Healthcare BV","isPartOf":{"@id":"https:\/\/maxani.nl\/#website"},"datePublished":"2023-07-07T17:23:32+00:00","dateModified":"2025-05-29T11:15:25+00:00","breadcrumb":{"@id":"https:\/\/maxani.nl\/privacy-beleid\/#breadcrumb"},"inLanguage":"it-IT","potentialAction":[{"@type":"ReadAction","target":["https:\/\/maxani.nl\/privacy-beleid\/"]}]},{"@type":"BreadcrumbList","@id":"https:\/\/maxani.nl\/privacy-beleid\/#breadcrumb","itemListElement":[{"@type":"ListItem","position":1,"name":"Home","item":"https:\/\/maxani.nl\/"},{"@type":"ListItem","position":2,"name":"Privacy beleid"}]},{"@type":"WebSite","@id":"https:\/\/maxani.nl\/#website","url":"https:\/\/maxani.nl\/","name":"Maxani Animal Healthcare BV","description":"Il vostro partner in dermatologia veterinaria","potentialAction":[{"@type":"SearchAction","target":{"@type":"EntryPoint","urlTemplate":"https:\/\/maxani.nl\/?s={search_term_string}"},"query-input":{"@type":"PropertyValueSpecification","valueRequired":true,"valueName":"search_term_string"}}],"inLanguage":"it-IT"}]}},"jetpack_sharing_enabled":true,"_links":{"self":[{"href":"https:\/\/maxani.nl\/it\/wp-json\/wp\/v2\/pages\/11797","targetHints":{"allow":["GET"]}}],"collection":[{"href":"https:\/\/maxani.nl\/it\/wp-json\/wp\/v2\/pages"}],"about":[{"href":"https:\/\/maxani.nl\/it\/wp-json\/wp\/v2\/types\/page"}],"author":[{"embeddable":true,"href":"https:\/\/maxani.nl\/it\/wp-json\/wp\/v2\/users\/1"}],"replies":[{"embeddable":true,"href":"https:\/\/maxani.nl\/it\/wp-json\/wp\/v2\/comments?post=11797"}],"version-history":[{"count":3,"href":"https:\/\/maxani.nl\/it\/wp-json\/wp\/v2\/pages\/11797\/revisions"}],"predecessor-version":[{"id":17192,"href":"https:\/\/maxani.nl\/it\/wp-json\/wp\/v2\/pages\/11797\/revisions\/17192"}],"wp:attachment":[{"href":"https:\/\/maxani.nl\/it\/wp-json\/wp\/v2\/media?parent=11797"}],"curies":[{"name":"wp","href":"https:\/\/api.w.org\/{rel}","templated":true}]}}