{"id":11787,"date":"2023-07-07T17:15:21","date_gmt":"2023-07-07T17:15:21","guid":{"rendered":"https:\/\/maxani.nl\/?page_id=11787"},"modified":"2025-05-19T16:00:41","modified_gmt":"2025-05-19T16:00:41","slug":"masivet-informatie-voor-dierenartsen","status":"publish","type":"page","link":"https:\/\/maxani.nl\/it\/masivet-informatie-voor-dierenartsen\/","title":{"rendered":"Informazioni su Masivet per i veterinari"},"content":{"rendered":"<section class=\"section\" id=\"section_675049966\">\n\t\t<div class=\"section-bg fill\" >\n\t\t\t\t\t\t\t\t\t\n\t\t\t\n\t<div class=\"is-border\"\n\t\tstyle=\"border-color:rgb(235, 235, 235);border-width:1px 0px 0px 0px;\">\n\t<\/div>\n\n\t\t<\/div>\n\n\t\t\n\n\t\t<div class=\"section-content relative\">\n\t\t\t\n\n<div class=\"row\"  id=\"row-1616604224\">\n\n\n\t<div id=\"col-1986924309\" class=\"col medium-8 small-12 large-8\"  >\n\t\t\t\t<div class=\"col-inner\"  >\n\t\t\t\n\t\t\t\n\n<div class=\"pp-heading  pp-center\">\u00a0<\/div>\n<div class=\"pp-sub-heading\">\n<h1><span style=\"font-size: 25.92px; color: #333333;\">Informazioni su Masivet\u00ae per i veterinari<\/span><\/h1>\n<div class=\"pp-sub-heading\">\n<p>Masivet\u00ae \u00e8 destinato al trattamento dei tumori dei mastociti inoperabili nei cani (grado 2 o 3) o come post-trattamento dopo l'asportazione (parziale) del tumore. Il farmaco \u00e8 un inibitore della tirosin-chinasi, simile a Palladia\u00ae. Masivet\u00ae agisce sul recettore KIT. Questo recettore tirosin-chinasico regola la crescita o la divisione cellulare di alcune cellule. Nel 15-40% dei tumori dei mastociti, il tumore insorge a causa di un danno al recettore KIT. Il recettore \u00e8 sempre \u201cacceso\u201d e quindi le cellule continuano a crescere e a dividersi. Masivet\u00ae spegne nuovamente il recettore KIT. La somministrazione avviene tramite compresse da 50 o 150 mg. Le compresse non devono essere spezzate.<\/p>\n<p>Prendere\u00a0<a href=\"https:\/\/maxani.nl\/it\/contact\/\">contatto telefonico<\/a>\u00a0contattate Maxani se siete un veterinario che desidera ordinare Masivet\u00ae per la prima volta o se desiderate maggiori informazioni su Masivet\u00ae. Se desiderate effettuare un ordine ripetuto, accedete alla sezione\u00a0<a href=\"https:\/\/maxani.nl\/it\/webshop\/\">negozio web<\/a>. Per i proprietari di animali domestici, questo prodotto \u00e8 disponibile solo tramite il veterinario. Ulteriori informazioni su Masivet\u00ae sono disponibili di seguito.<\/p>\n<p>Masivet\u00ae viene spedito e fatturato da AB Science in Francia. I tempi di consegna sono quindi di 4-5 giorni lavorativi. Un barattolo di Masivet\u00ae contiene 30 compresse.<\/p>\n<ul>\n<li>50 mg Masivet\u00ae, numero di registrazione: 100191<\/li>\n<li>150 mg Masivet\u00ae, numero di registrazione: 100198<\/li>\n<\/ul>\n<h4>\u00a0<\/h4>\n<h4>Come funziona Masivet\u00ae?<\/h4>\n<p>Masivet\u00ae contiene il principio attivo masitinib. Masitinib \u00e8 un inibitore della proteina tirosina chinasi (PTK) per il trattamento dei tumori dei mastociti che agisce su c-KIT. C-KIT \u00e8 un recettore per il fattore di crescita dei mastociti e si trova nella parete cellulare. C-KIT \u00e8 presente in tutti gli esseri umani e gli animali e svolge un ruolo importante nella normale fisiologia della cellula. C-KIT svolge un ruolo nella comunicazione, nello sviluppo, nella divisione e nella crescita delle cellule attraverso la fosforilazione delle proteine. Funziona come una sorta di interruttore on\/off per queste funzioni cellulari. Mutazioni nel gene c-KIT si trovano nel 20% dei tumori dei mastociti nei cani. C-KIT \u00e8 un proto\/oncogene che, se mutato, pu\u00f2 causare un aumento della proliferazione. Un'altra causa dei tumori dei mastociti \u00e8 che il c-KIT \u00e8 continuamente \u2018acceso\u2019, senza segnalare il legame con il fattore di crescita dei mastociti. Questo c-KIT sembra \u2018dipendente dall'ATP\u2019 e quindi continua a fosforilare le proteine e a trasmettere segnali di crescita e divisione nella cellula. Nella maggior parte dei casi, quindi, il test c-KIT non fornisce una risposta definitiva sul successo o meno del trattamento con Masivet\u00ae , poich\u00e9 ricerca una mutazione genica che \u00e8 la causa solo nel 20% dei tumori dei mastociti.<\/p>\n<\/div>\n<\/div>\n\n\t\t<\/div>\n\t\t\t\t\t<\/div>\n\n\t\n\n\t<div id=\"col-1591484965\" class=\"col medium-4 small-12 large-4\"  >\n\t\t\t\t<div class=\"col-inner\"  >\n\t\t\t\n\t\t\t\n\n\n\t\t<\/div>\n\t\t\t\t\t<\/div>\n\n\t\n\n<\/div>\n\n\t\t<\/div>\n\n\t\t\n<style>\n#section_675049966 {\n  padding-top: 60px;\n  padding-bottom: 60px;\n  min-height: 300px;\n}\n<\/style>\n\t<\/section>","protected":false},"excerpt":{"rendered":"","protected":false},"author":1,"featured_media":0,"parent":0,"menu_order":0,"comment_status":"closed","ping_status":"closed","template":"page-blank.php","meta":{"footnotes":""},"class_list":["post-11787","page","type-page","status-publish","hentry"],"yoast_head":"<!-- This site is optimized with the Yoast SEO plugin v27.1.1 - https:\/\/yoast.com\/product\/yoast-seo-wordpress\/ -->\n<title>Masivet informatie voor dierenartsen - Maxani Animal Healthcare BV<\/title>\n<meta name=\"robots\" content=\"index, follow, max-snippet:-1, max-image-preview:large, max-video-preview:-1\" \/>\n<link rel=\"canonical\" href=\"https:\/\/maxani.nl\/it\/masivet-informatie-voor-dierenartsen\/\" \/>\n<meta property=\"og:locale\" content=\"it_IT\" \/>\n<meta property=\"og:type\" content=\"article\" \/>\n<meta property=\"og:title\" content=\"Masivet informatie voor dierenartsen - Maxani Animal Healthcare BV\" \/>\n<meta property=\"og:url\" content=\"https:\/\/maxani.nl\/it\/masivet-informatie-voor-dierenartsen\/\" \/>\n<meta property=\"og:site_name\" content=\"Maxani Animal Healthcare BV\" \/>\n<meta property=\"article:modified_time\" content=\"2025-05-19T16:00:41+00:00\" \/>\n<meta name=\"twitter:card\" content=\"summary_large_image\" \/>\n<script type=\"application\/ld+json\" class=\"yoast-schema-graph\">{\"@context\":\"https:\/\/schema.org\",\"@graph\":[{\"@type\":\"WebPage\",\"@id\":\"https:\/\/maxani.nl\/masivet-informatie-voor-dierenartsen\/\",\"url\":\"https:\/\/maxani.nl\/masivet-informatie-voor-dierenartsen\/\",\"name\":\"Masivet informatie voor dierenartsen - Maxani Animal Healthcare BV\",\"isPartOf\":{\"@id\":\"https:\/\/maxani.nl\/#website\"},\"datePublished\":\"2023-07-07T17:15:21+00:00\",\"dateModified\":\"2025-05-19T16:00:41+00:00\",\"breadcrumb\":{\"@id\":\"https:\/\/maxani.nl\/masivet-informatie-voor-dierenartsen\/#breadcrumb\"},\"inLanguage\":\"it-IT\",\"potentialAction\":[{\"@type\":\"ReadAction\",\"target\":[\"https:\/\/maxani.nl\/masivet-informatie-voor-dierenartsen\/\"]}]},{\"@type\":\"BreadcrumbList\",\"@id\":\"https:\/\/maxani.nl\/masivet-informatie-voor-dierenartsen\/#breadcrumb\",\"itemListElement\":[{\"@type\":\"ListItem\",\"position\":1,\"name\":\"Home\",\"item\":\"https:\/\/maxani.nl\/\"},{\"@type\":\"ListItem\",\"position\":2,\"name\":\"Masivet informatie voor dierenartsen\"}]},{\"@type\":\"WebSite\",\"@id\":\"https:\/\/maxani.nl\/#website\",\"url\":\"https:\/\/maxani.nl\/\",\"name\":\"Maxani Animal Healthcare BV\",\"description\":\"Uw partner in veterinaire dermatologie\",\"potentialAction\":[{\"@type\":\"SearchAction\",\"target\":{\"@type\":\"EntryPoint\",\"urlTemplate\":\"https:\/\/maxani.nl\/?s={search_term_string}\"},\"query-input\":{\"@type\":\"PropertyValueSpecification\",\"valueRequired\":true,\"valueName\":\"search_term_string\"}}],\"inLanguage\":\"it-IT\"}]}<\/script>\n<!-- \/ Yoast SEO plugin. -->","yoast_head_json":{"title":"Masivet informatie voor dierenartsen - Maxani Animal Healthcare BV","robots":{"index":"index","follow":"follow","max-snippet":"max-snippet:-1","max-image-preview":"max-image-preview:large","max-video-preview":"max-video-preview:-1"},"canonical":"https:\/\/maxani.nl\/it\/masivet-informatie-voor-dierenartsen\/","og_locale":"it_IT","og_type":"article","og_title":"Masivet informatie voor dierenartsen - Maxani Animal Healthcare BV","og_url":"https:\/\/maxani.nl\/it\/masivet-informatie-voor-dierenartsen\/","og_site_name":"Maxani Animal Healthcare BV","article_modified_time":"2025-05-19T16:00:41+00:00","twitter_card":"summary_large_image","schema":{"@context":"https:\/\/schema.org","@graph":[{"@type":"WebPage","@id":"https:\/\/maxani.nl\/masivet-informatie-voor-dierenartsen\/","url":"https:\/\/maxani.nl\/masivet-informatie-voor-dierenartsen\/","name":"Masivet informatie voor dierenartsen - Maxani Animal Healthcare BV","isPartOf":{"@id":"https:\/\/maxani.nl\/#website"},"datePublished":"2023-07-07T17:15:21+00:00","dateModified":"2025-05-19T16:00:41+00:00","breadcrumb":{"@id":"https:\/\/maxani.nl\/masivet-informatie-voor-dierenartsen\/#breadcrumb"},"inLanguage":"it-IT","potentialAction":[{"@type":"ReadAction","target":["https:\/\/maxani.nl\/masivet-informatie-voor-dierenartsen\/"]}]},{"@type":"BreadcrumbList","@id":"https:\/\/maxani.nl\/masivet-informatie-voor-dierenartsen\/#breadcrumb","itemListElement":[{"@type":"ListItem","position":1,"name":"Home","item":"https:\/\/maxani.nl\/"},{"@type":"ListItem","position":2,"name":"Masivet informatie voor dierenartsen"}]},{"@type":"WebSite","@id":"https:\/\/maxani.nl\/#website","url":"https:\/\/maxani.nl\/","name":"Maxani Animal Healthcare BV","description":"Il vostro partner in dermatologia veterinaria","potentialAction":[{"@type":"SearchAction","target":{"@type":"EntryPoint","urlTemplate":"https:\/\/maxani.nl\/?s={search_term_string}"},"query-input":{"@type":"PropertyValueSpecification","valueRequired":true,"valueName":"search_term_string"}}],"inLanguage":"it-IT"}]}},"jetpack_sharing_enabled":true,"_links":{"self":[{"href":"https:\/\/maxani.nl\/it\/wp-json\/wp\/v2\/pages\/11787","targetHints":{"allow":["GET"]}}],"collection":[{"href":"https:\/\/maxani.nl\/it\/wp-json\/wp\/v2\/pages"}],"about":[{"href":"https:\/\/maxani.nl\/it\/wp-json\/wp\/v2\/types\/page"}],"author":[{"embeddable":true,"href":"https:\/\/maxani.nl\/it\/wp-json\/wp\/v2\/users\/1"}],"replies":[{"embeddable":true,"href":"https:\/\/maxani.nl\/it\/wp-json\/wp\/v2\/comments?post=11787"}],"version-history":[{"count":5,"href":"https:\/\/maxani.nl\/it\/wp-json\/wp\/v2\/pages\/11787\/revisions"}],"predecessor-version":[{"id":16949,"href":"https:\/\/maxani.nl\/it\/wp-json\/wp\/v2\/pages\/11787\/revisions\/16949"}],"wp:attachment":[{"href":"https:\/\/maxani.nl\/it\/wp-json\/wp\/v2\/media?parent=11787"}],"curies":[{"name":"wp","href":"https:\/\/api.w.org\/{rel}","templated":true}]}}